{"id":1973,"date":"2024-12-26T05:53:04","date_gmt":"2024-12-26T05:53:04","guid":{"rendered":"https:\/\/fmp-components.com\/?page_id=8"},"modified":"2024-12-26T07:47:18","modified_gmt":"2024-12-26T07:47:18","slug":"mower-gearboxes-replacement-of-comer-code-tl-312d","status":"publish","type":"product","link":"https:\/\/fmp-components.com\/tr\/product\/mower-gearboxes-replacement-of-comer-code-tl-312d\/","title":{"rendered":"Bi\u00e7me Makinesi \u015eanz\u0131manlar\u0131 \u2013 K\u00f6\u015fe Kodu TL-312D'nin De\u011fi\u015ftirilmesi"},"content":{"rendered":"<p><img loading=\"lazy\" decoding=\"async\" class=\"size-full wp-image-1974 aligncenter\" src=\"https:\/\/fmp-components.com\/wp-content\/uploads\/2024\/12\/Bi\u00e7me-Makinesi-Di\u015fli-Kutusu-TL-312D-Kodunun-De\u011fi\u015ftirilmesi.webp\" alt=\"Bi\u00e7me Makinesi \u015eanz\u0131manlar\u0131 \u2013 K\u00f6\u015fe Kodu TL-312D&#039;nin De\u011fi\u015ftirilmesi\" width=\"500\" height=\"500\" title=\"\" srcset=\"\" sizes=\"(max-width: 500px) 100vw, 500px\" data-srcset=\"\" \/><\/p>\n<h2>Bi\u00e7me Makinesi \u015eanz\u0131manlar\u0131 \u2013 K\u00f6\u015fe Kodu TL-312D'nin De\u011fi\u015ftirilmesi Teknik \u00d6zellikleri<\/h2>\n<table style=\"width: 100%;\" border=\"1\" width=\"100%\" cellspacing=\"0\" cellpadding=\"0\">\n<tbody>\n<tr>\n<th>Tan\u0131m<\/th>\n<td>Bi\u00e7me Makinesi \u015eanz\u0131manlar\u0131 \u2013 K\u00f6\u015fe Kodu TL-312D'nin De\u011fi\u015ftirilmesi<\/td>\n<\/tr>\n<tr>\n<th>Ba\u015fvuru<\/th>\n<td>Bi\u00e7me makineleri<\/td>\n<\/tr>\n<tr>\n<th>\u015eunlardan olu\u015fur:<\/th>\n<td>Vites kutusu<\/td>\n<\/tr>\n<tr>\n<th>Ya\u011fs\u0131z<\/th>\n<td>Teknik Bilgiler<\/td>\n<\/tr>\n<tr>\n<th><\/th>\n<td>Farkl\u0131 h\u0131zlardaki performansla ilgili herhangi bir sorunuz varsa l\u00fctfen bizimle ileti\u015fime ge\u00e7mekten \u00e7ekinmeyin.<\/td>\n<\/tr>\n<tr>\n<th><\/th>\n<td>\u0130lk kullan\u0131mda ya\u011f\u0131 50 \u00e7al\u0131\u015fma saatinden sonra de\u011fi\u015ftiriniz.<\/td>\n<\/tr>\n<tr>\n<th>Ya\u011f \u0130\u00e7erir<\/th>\n<td>HAYIR<\/td>\n<\/tr>\n<tr>\n<th>Maksimum Ya\u011f Kapasitesi<\/th>\n<td>1,5 litre<\/td>\n<\/tr>\n<tr>\n<th>Maksimum Ya\u011f De\u011fi\u015fim Aral\u0131\u011f\u0131<\/th>\n<td>500 saat<\/td>\n<\/tr>\n<tr>\n<th>Ya\u011f SAE Viskozite S\u0131n\u0131f\u0131<\/th>\n<td>80W-90<\/td>\n<\/tr>\n<tr>\n<th>Konut Malzemesi<\/th>\n<td>D\u00f6kme demir GG25<\/td>\n<\/tr>\n<tr>\n<th>A\u011f\u0131rl\u0131k<\/th>\n<td>27 kilo<\/td>\n<\/tr>\n<tr>\n<th>Vites D\u00fczenlemesi Art\u0131yor<\/th>\n<td>21-22<\/td>\n<\/tr>\n<tr>\n<th>Giri\u015f G\u00fcc\u00fc kW \/ HP Artan<\/th>\n<td>76,5 \/ 104 kW\/BG<\/td>\n<\/tr>\n<tr>\n<th>Giri\u015f Mili Artt\u0131r\u0131l\u0131yor<\/th>\n<td>X<\/td>\n<\/tr>\n<tr>\n<th>\u00c7\u0131k\u0131\u015f Torku DaNm Art\u0131yor<\/th>\n<td>42,7 daNm<\/td>\n<\/tr>\n<tr>\n<th>Oran Art\u0131yor<\/th>\n<td>1 : 1.6<\/td>\n<\/tr>\n<tr>\n<th>Oran Azaltma<\/th>\n<td>1.6 : 1<\/td>\n<\/tr>\n<tr>\n<th>\u015eaft X<\/th>\n<td>1 3\/8\u2033 (6) (A)<\/td>\n<\/tr>\n<tr>\n<th>\u015eaft Z<\/th>\n<td>33 h7 (B)<\/td>\n<\/tr>\n<\/tbody>\n<\/table>\n<h3>Bi\u00e7me Makinesi \u015eanz\u0131manlar\u0131n\u0131n Avantajlar\u0131<\/h3>\n<p>Bi\u00e7me makinesi \u015fanz\u0131manlar\u0131, \u00e7im bi\u00e7me makinelerinde trakt\u00f6r veya motordan gelen g\u00fcc\u00fc bi\u00e7me makinesi b\u0131\u00e7aklar\u0131na aktaran temel bile\u015fenlerdir. Bu \u015fanz\u0131manlar, bi\u00e7me makinelerinin verimli, etkili ve g\u00fcvenilir bir \u015fekilde \u00e7al\u0131\u015fmas\u0131n\u0131 sa\u011flamada \u00f6nemli bir rol oynar. Y\u00fcksek kaliteli bi\u00e7me makinesi \u015fanz\u0131manlar\u0131 kullanman\u0131n temel avantajlar\u0131ndan baz\u0131lar\u0131 \u015funlard\u0131r:<\/p>\n<h4>Verimli G\u00fc\u00e7 Aktar\u0131m\u0131<\/h4>\n<p>Bi\u00e7me makinesi \u015fanz\u0131manlar\u0131, trakt\u00f6r motorundan gelen g\u00fcc\u00fcn bi\u00e7me makinesi b\u0131\u00e7aklar\u0131na etkili bir \u015fekilde iletilmesini sa\u011flayacak \u015fekilde tasarlanm\u0131\u015ft\u0131r. Bu verimli g\u00fc\u00e7 aktar\u0131m\u0131, b\u0131\u00e7aklar i\u00e7in do\u011fru h\u0131z ve torku koruyarak optimum kesme performans\u0131 sa\u011flar. \u0130ster d\u00f6ner ister binicili bi\u00e7me makinesi olsun, verimli g\u00fc\u00e7 aktar\u0131m\u0131, b\u0131\u00e7aklar\u0131n \u00e7imleri e\u015fit \u015fekilde kesmesini sa\u011flayarak temiz ve e\u015fit bir sonu\u00e7 verir.<\/p>\n<h4>Dayan\u0131kl\u0131l\u0131k ve Uzun \u00d6m\u00fcr<\/h4>\n<p>Y\u00fcksek kaliteli bi\u00e7me makinesi \u015fanz\u0131manlar\u0131, zorlu \u00e7al\u0131\u015fma ko\u015fullar\u0131na ve a\u011f\u0131r hizmet kullan\u0131m\u0131na dayanacak \u015fekilde \u00fcretilmi\u015ftir. Y\u00fcksek kaliteli \u00e7elik ve al\u00fcminyum ala\u015f\u0131mlar\u0131 gibi dayan\u0131kl\u0131 malzemelerden \u00fcretilen \u015fanz\u0131manlar, a\u015f\u0131nmaya, korozyona ve \u0131s\u0131ya dayan\u0131kl\u0131d\u0131r. Bu sayede, bi\u00e7me makinesi \u015fanz\u0131manlar\u0131n\u0131n uzun s\u00fcreler boyunca sorunsuz ve g\u00fcvenilir bir \u015fekilde \u00e7al\u0131\u015fmaya devam etmesini sa\u011flayarak s\u0131k onar\u0131m veya de\u011fi\u015ftirme ihtiyac\u0131n\u0131 en aza indirir. Dayan\u0131kl\u0131l\u0131klar\u0131, zorlu tar\u0131m, peyzaj ve end\u00fcstriyel uygulamalarda optimum performans\u0131 korumak i\u00e7in \u00e7ok \u00f6nemlidir.<\/p>\n<h4>Azalt\u0131lm\u0131\u015f Bak\u0131m Gereksinimleri<\/h4>\n<p>Bi\u00e7me makinesi di\u015fli kutular\u0131, d\u00fc\u015f\u00fck bak\u0131m gerektiren \u00e7al\u0131\u015fma i\u00e7in tasarlanm\u0131\u015ft\u0131r. Uygun ya\u011flama ve dayan\u0131kl\u0131 yap\u0131 sayesinde, di\u011fer mekanik bile\u015fenlere k\u0131yasla daha az a\u015f\u0131nma ve y\u0131pranma ya\u015farlar. Bu da daha az ar\u0131zaya yol a\u00e7ar ve genel bak\u0131m maliyetlerini d\u00fc\u015f\u00fcr\u00fcr. Minimum bak\u0131m gerektiren bu di\u015fli kutular\u0131, bi\u00e7me makinesinin sorunsuz \u00e7al\u0131\u015fmas\u0131n\u0131 sa\u011flayarak daha fazla \u00e7al\u0131\u015fma s\u00fcresi ve verimlilik sa\u011flar.<\/p>\n<h4>Geli\u015fmi\u015f Kesme Performans\u0131<\/h4>\n<p>\u015eanz\u0131man, \u00e7im bi\u00e7me makinesi b\u0131\u00e7aklar\u0131n\u0131n do\u011fru h\u0131z ve torkta d\u00f6nmesini sa\u011flamada \u00f6nemli bir rol oynar ve bu, etkili bir kesim i\u00e7in olmazsa olmazd\u0131r. \u0130ster yo\u011fun \u00e7im, ister yabani ot veya engebeli araziyle u\u011fra\u015f\u0131yor olun, iyi tasarlanm\u0131\u015f bir \u00e7im bi\u00e7me makinesi \u015fanz\u0131man\u0131 tutarl\u0131 bir kesme performans\u0131 sa\u011flar. Bu, daha temiz ve daha d\u00fczg\u00fcn bir kesim sa\u011flayarak \u00e7im veya tarlan\u0131n esteti\u011fini art\u0131r\u0131rken ayn\u0131 zamanda ekipmana zarar gelmesini de \u00f6nler.<\/p>\n<h4>\u00c7ok Y\u00f6nl\u00fcl\u00fck ve \u00d6zelle\u015ftirme<\/h4>\n<p>Bi\u00e7me makinesi \u015fanz\u0131manlar\u0131 son derece \u00e7ok y\u00f6nl\u00fcd\u00fcr ve \u00e7e\u015fitli bi\u00e7me makinesi modellerine ve uygulamalar\u0131na uyarlanabilir. \u0130ster tek vitesli ister \u00e7ok vitesli bir \u015fanz\u0131mana, ister belirli kesim ihtiya\u00e7lar\u0131n\u0131z i\u00e7in \u00f6zelle\u015ftirilmi\u015f bir \u00e7\u00f6z\u00fcme ihtiyac\u0131n\u0131z olsun, bi\u00e7me makinesi \u015fanz\u0131manlar\u0131 esneklik sunar. FMP de dahil olmak \u00fczere bir\u00e7ok \u00fcretici, k\u00fc\u00e7\u00fck \u00e7im bak\u0131m i\u015flerinden b\u00fcy\u00fck tar\u0131m operasyonlar\u0131na kadar farkl\u0131 bi\u00e7me g\u00f6revlerinin performans gereksinimlerini kar\u015f\u0131lamak i\u00e7in \u00f6zel \u015fanz\u0131man se\u00e7enekleri sunar.<\/p>\n<h4>G\u00fcvenlik ve G\u00fcvenilirlik<\/h4>\n<p>Modern bi\u00e7me makinesi \u015fanz\u0131manlar\u0131, hem bi\u00e7me makinesini hem de operat\u00f6r\u00fc koruyan a\u015f\u0131r\u0131 y\u00fck kavramalar\u0131 veya devreden \u00e7\u0131karma mekanizmalar\u0131 gibi g\u00fcvenlik \u00f6zellikleriyle donat\u0131lm\u0131\u015ft\u0131r. Bu \u00f6zellikler, bi\u00e7me makinesi aniden kapan\u0131rsa veya devreden \u00e7\u0131karsa \u015fanz\u0131man\u0131n ve bi\u00e7me makinesi b\u0131\u00e7aklar\u0131n\u0131n hasar g\u00f6rmesini \u00f6nler. Ayr\u0131ca, kazalar\u0131 \u00f6nlemeye yard\u0131mc\u0131 olarak operat\u00f6r\u00fcn g\u00fcvenli\u011fini sa\u011flar ve \u00e7al\u0131\u015fma s\u0131ras\u0131nda mekanik ar\u0131za riskini azalt\u0131r.<\/p>\n<p>Bi\u00e7me makinesi di\u015fli kutular\u0131, \u00e7im ve tar\u0131m bi\u00e7me makinelerinin verimlili\u011fini, dayan\u0131kl\u0131l\u0131\u011f\u0131n\u0131 ve performans\u0131n\u0131 art\u0131ran hayati bile\u015fenlerdir. G\u00fcc\u00fc etkili bir \u015fekilde iletme, kesme performans\u0131n\u0131 iyile\u015ftirme ve bak\u0131m ihtiya\u00e7lar\u0131n\u0131 azaltma yetenekleri, onlar\u0131 y\u00fcksek kaliteli bi\u00e7me ekipmanlar\u0131n\u0131n bak\u0131m\u0131nda vazge\u00e7ilmez k\u0131lar. \u00c7e\u015fitli \u00f6zelle\u015ftirme se\u00e7enekleri, sa\u011flam yap\u0131s\u0131 ve uygun maliyetli \u00f6zellikleriyle bi\u00e7me makinesi di\u015fli kutular\u0131, hem ki\u015fisel hem de profesyonel uygulamalar i\u00e7in uzun vadeli de\u011fer sa\u011flar.<\/p>\n<p><img loading=\"lazy\" decoding=\"async\" class=\"alignnone wp-image-1951\" src=\"https:\/\/fmp-components.com\/wp-content\/uploads\/2024\/12\/Rotary-Mower-Gearbox-211.webp\" alt=\"D\u00f6ner Bi\u00e7me Makinesi \u015eanz\u0131man\" width=\"929\" height=\"697\" title=\"\" srcset=\"https:\/\/fmp-components.com\/wp-content\/uploads\/2024\/12\/Rotary-Mower-Gearbox-211.webp 929w, https:\/\/fmp-components.com\/wp-content\/uploads\/2024\/12\/Rotary-Mower-Gearbox-211-480x360.webp 480w\" sizes=\"(min-width: 0px) and (max-width: 480px) 480px, (min-width: 481px) 929px, 100vw\" \/><\/p>\n<h3>FMP Hakk\u0131nda<\/h3>\n<p>\u0130talya merkezli FMP, tar\u0131m makineleri i\u00e7in y\u00fcksek performansl\u0131 di\u015fli kutular\u0131 tasarlama, geli\u015ftirme ve \u00fcretme konusunda tan\u0131nm\u0131\u015f lider bir \u00fcreticidir. Hassas m\u00fchendislik, inovasyon ve sars\u0131lmaz g\u00fcvenilirli\u011fe odaklanarak, \u00e7im bi\u00e7me makinesi di\u015fli kutular\u0131 ve PTO \u015faftlar\u0131 gibi kritik bile\u015fenler de dahil olmak \u00fczere geni\u015f bir di\u015fli kutusu yelpazesi sunuyoruz. Misyonumuz, m\u00fc\u015fterilerimizin \u00f6zel ihtiya\u00e7lar\u0131n\u0131 kar\u015f\u0131layan hem bireysel \u00fcr\u00fcnler hem de tam entegre sistemler sunarak, tar\u0131m ve end\u00fcstriyel sekt\u00f6rlere \u00f6zel \u00e7\u00f6z\u00fcmler sunmakt\u0131r.<\/p>\n<p>FMP olarak, her m\u00fc\u015fterinin kendine \u00f6zg\u00fc gereksinimleri oldu\u011funun bilincindeyiz. Bu nedenle, \u00fcr\u00fcnlerimizi bu ihtiya\u00e7lara m\u00fckemmel \u015fekilde uyacak \u015fekilde \u00f6zelle\u015ftirme konusunda uzmanla\u015f\u0131yoruz. \u0130ster \u00f6zel bir \u015fanz\u0131man ister kapsaml\u0131 bir sistem ar\u0131yor olun, en etkili ve verimli \u00e7\u00f6z\u00fcm\u00fc geli\u015ftirmek i\u00e7in sizinle yak\u0131n i\u015f birli\u011fi i\u00e7indeyiz. M\u00fc\u015fteri memnuniyetine olan ba\u011fl\u0131l\u0131\u011f\u0131m\u0131z, h\u0131zl\u0131 ve profesyonel yan\u0131tlar\u0131m\u0131za ve uzman tavsiyelerimize yans\u0131yor ve her sorunun en \u00fcst d\u00fczeyde \u00f6zen ve hassasiyetle ele al\u0131nmas\u0131n\u0131 sa\u011fl\u0131yor.<\/p>\n<p>M\u00fc\u015fterilerimizle a\u00e7\u0131k ve s\u00fcrekli ileti\u015fim, \u00f6zellikle yeni \u00fcr\u00fcn geli\u015ftirmede kilit \u00f6neme sahiptir. \u00d6zverili ekibimiz, m\u00fc\u015fterilerimizin zorluklar\u0131n\u0131 anlamak ve en uygun \u00e7\u00f6z\u00fcmleri sa\u011flayacak de\u011ferli i\u00e7g\u00f6r\u00fcler sunmak i\u00e7in onlarla birlikte \u00e7al\u0131\u015f\u0131r. \u0130ster yeni \u00fcr\u00fcnler geli\u015ftiriyor ister mevcut sipari\u015fleri kar\u015f\u0131l\u0131yor olal\u0131m, y\u00fcksek kaliteli, hassas m\u00fchendislikle \u00fcretilmi\u015f \u00fcr\u00fcnleri h\u0131zl\u0131 ve verimli bir \u015fekilde sunmaya kararl\u0131y\u0131z.<\/p>\n<p>Kalite, yapt\u0131\u011f\u0131m\u0131z her \u015feyin temelidir. FMP'de \u00fcretim s\u00fcre\u00e7lerimiz y\u00fcksek standartlar, do\u011fruluk ve s\u0131f\u0131r hata ilkeleri \u00fczerine kuruludur. Her \u00fcr\u00fcn\u00fcn sekt\u00f6r standartlar\u0131n\u0131 kar\u015f\u0131lad\u0131\u011f\u0131ndan veya a\u015ft\u0131\u011f\u0131ndan emin olmak i\u00e7in s\u0131k\u0131 kalite kontrol \u00f6nlemleri uyguluyoruz. Kaliteye olan bu amans\u0131z odaklanmam\u0131z, d\u00fcr\u00fcstl\u00fck, ekip \u00e7al\u0131\u015fmas\u0131 ve azim gibi temel de\u011ferlerimizle birle\u015ferek, d\u00fcnya \u00e7ap\u0131nda yakla\u015f\u0131k 30 \u00fclkedeki m\u00fc\u015fterilerimizle g\u00fc\u00e7l\u00fc ve kal\u0131c\u0131 ili\u015fkiler kurmam\u0131za yard\u0131mc\u0131 olmu\u015ftur.<\/p>\n<p>FMP, k\u00fcresel ortakl\u0131klar kurmaya her zaman a\u00e7\u0131k olup, uzman tavsiyeleri ve \u00f6zelle\u015ftirilmi\u015f \u00e7\u00f6z\u00fcmler sunmaktan mutluluk duyar. Yakla\u015f\u0131m\u0131m\u0131z yaln\u0131zca \u00fcr\u00fcn sunman\u0131n \u00f6tesine ge\u00e7er; m\u00fc\u015fterilerimizle uzun vadeli ili\u015fkiler kurmaya ve her projede ba\u015far\u0131lar\u0131n\u0131 garantilemeye kendimizi adad\u0131k. \u0130ster yeni bir giri\u015fim i\u00e7in \u00e7\u00f6z\u00fcmlere, ister mevcut bir sistem i\u00e7in deste\u011fe ihtiyac\u0131n\u0131z olsun, FMP teknik zorluklar\u0131n\u0131z\u0131 ele almak ve s\u00fcrekli ba\u015far\u0131n\u0131z\u0131 g\u00fcvence alt\u0131na almak i\u00e7in burada.<\/p>\n<p><img loading=\"lazy\" decoding=\"async\" class=\"alignnone size-full wp-image-1861\" src=\"https:\/\/fmp-components.com\/wp-content\/uploads\/2024\/12\/Other-Agricultural-Gearboxes.webp\" sizes=\"(min-width: 0px) and (max-width: 480px) 480px, (min-width: 481px) and (max-width: 980px) 980px, (min-width: 981px) 1200px, 100vw\" srcset=\"https:\/\/fmp-components.com\/wp-content\/uploads\/2024\/12\/Other-Agricultural-Gearboxes.webp 1200w, https:\/\/fmp-components.com\/wp-content\/uploads\/2024\/12\/Other-Agricultural-Gearboxes-980x1143.webp 980w, https:\/\/fmp-components.com\/wp-content\/uploads\/2024\/12\/Other-Agricultural-Gearboxes-480x560.webp 480w\" alt=\"Altri-cambi-agricoli\" width=\"1200\" height=\"1400\" title=\"\"><\/p>\n<p>Yazar: CX<\/p>","protected":false},"excerpt":{"rendered":"<p>Mower Gearboxes \u2013 Replacement of Comer Code TL-312D Specification Description Mower Gearboxes &#8211; Replacement of Comer Code TL-312D Application Mowers Consists of Gearbox Without Oil Technical Information If you have any questions regarding performance at different speeds, please do not hesitate to contact us. When using for the first time, replace the oil after 50 [&hellip;]<\/p>","protected":false},"featured_media":1974,"comment_status":"open","ping_status":"closed","template":"","meta":{"_et_pb_use_builder":"","_et_pb_old_content":"","_et_gb_content_width":""},"product_brand":[],"product_cat":[52],"product_tag":[],"class_list":{"0":"post-1973","1":"product","2":"type-product","3":"status-publish","4":"has-post-thumbnail","6":"product_cat-lawn-mower-gearbox","8":"first","9":"instock","10":"shipping-taxable","11":"product-type-simple"},"_links":{"self":[{"href":"https:\/\/fmp-components.com\/tr\/wp-json\/wp\/v2\/product\/1973","targetHints":{"allow":["GET"]}}],"collection":[{"href":"https:\/\/fmp-components.com\/tr\/wp-json\/wp\/v2\/product"}],"about":[{"href":"https:\/\/fmp-components.com\/tr\/wp-json\/wp\/v2\/types\/product"}],"replies":[{"embeddable":true,"href":"https:\/\/fmp-components.com\/tr\/wp-json\/wp\/v2\/comments?post=1973"}],"wp:featuredmedia":[{"embeddable":true,"href":"https:\/\/fmp-components.com\/tr\/wp-json\/wp\/v2\/media\/1974"}],"wp:attachment":[{"href":"https:\/\/fmp-components.com\/tr\/wp-json\/wp\/v2\/media?parent=1973"}],"wp:term":[{"taxonomy":"product_brand","embeddable":true,"href":"https:\/\/fmp-components.com\/tr\/wp-json\/wp\/v2\/product_brand?post=1973"},{"taxonomy":"product_cat","embeddable":true,"href":"https:\/\/fmp-components.com\/tr\/wp-json\/wp\/v2\/product_cat?post=1973"},{"taxonomy":"product_tag","embeddable":true,"href":"https:\/\/fmp-components.com\/tr\/wp-json\/wp\/v2\/product_tag?post=1973"}],"curies":[{"name":"wp","href":"https:\/\/api.w.org\/{rel}","templated":true}]}}