{"id":1969,"date":"2024-12-26T05:22:40","date_gmt":"2024-12-26T05:22:40","guid":{"rendered":"https:\/\/fmp-components.com\/?page_id=8"},"modified":"2024-12-26T05:33:45","modified_gmt":"2024-12-26T05:33:45","slug":"mowers-gearboxes-replacement-of-comer-code-tl-311d","status":"publish","type":"product","link":"https:\/\/fmp-components.com\/tr\/product\/mowers-gearboxes-replacement-of-comer-code-tl-311d\/","title":{"rendered":"Bi\u00e7me Makineleri \u015eanz\u0131manlar\u0131 \u2013 TL-311D Kodlu K\u00f6\u015fe \u015eanz\u0131man\u0131n\u0131n De\u011fi\u015ftirilmesi"},"content":{"rendered":"<p><img loading=\"lazy\" decoding=\"async\" class=\"alignnone size-full wp-image-1971\" src=\"https:\/\/fmp-components.com\/wp-content\/uploads\/2024\/12\/Mowers-Gearboxes-\u2013-Replacement-of-Comer-Code-TL-311D.webp\" alt=\"Bi\u00e7me Makineleri \u015eanz\u0131manlar\u0131 \u2013 TL-311D Kodlu K\u00f6\u015fe \u015eanz\u0131man\u0131n\u0131n De\u011fi\u015ftirilmesi\" width=\"1000\" height=\"500\" title=\"\" srcset=\"https:\/\/fmp-components.com\/wp-content\/uploads\/2024\/12\/Mowers-Gearboxes-\u2013-Replacement-of-Comer-Code-TL-311D.webp 1000w, https:\/\/fmp-components.com\/wp-content\/uploads\/2024\/12\/Mowers-Gearboxes-\u2013-Replacement-of-Comer-Code-TL-311D-300x150.webp 300w, https:\/\/fmp-components.com\/wp-content\/uploads\/2024\/12\/Mowers-Gearboxes-\u2013-Replacement-of-Comer-Code-TL-311D-768x384.webp 768w, https:\/\/fmp-components.com\/wp-content\/uploads\/2024\/12\/Mowers-Gearboxes-\u2013-Replacement-of-Comer-Code-TL-311D-18x9.webp 18w, https:\/\/fmp-components.com\/wp-content\/uploads\/2024\/12\/Mowers-Gearboxes-\u2013-Replacement-of-Comer-Code-TL-311D-980x490.webp 980w, https:\/\/fmp-components.com\/wp-content\/uploads\/2024\/12\/Mowers-Gearboxes-\u2013-Replacement-of-Comer-Code-TL-311D-480x240.webp 480w, https:\/\/fmp-components.com\/wp-content\/uploads\/2024\/12\/Mowers-Gearboxes-\u2013-Replacement-of-Comer-Code-TL-311D-600x300.webp 600w\" sizes=\"(max-width: 1000px) 100vw, 1000px\" \/><\/p>\n<h2>Bi\u00e7me Makineleri \u015eanz\u0131manlar\u0131 \u2013 K\u00f6\u015fe Kodu TL-311D'nin De\u011fi\u015ftirilmesi Spesifikasyonu<\/h2>\n<table style=\"width: 100%;\" border=\"1\" width=\"100%\" cellspacing=\"0\" cellpadding=\"0\">\n<tbody>\n<tr>\n<th>Tan\u0131m<\/th>\n<td>Bi\u00e7me Makineleri \u015eanz\u0131manlar\u0131 \u2013 TL-311D Kodlu K\u00f6\u015fe \u015eanz\u0131man\u0131n\u0131n De\u011fi\u015ftirilmesi<\/td>\n<\/tr>\n<tr>\n<th>Ba\u015fvuru<\/th>\n<td>Bi\u00e7me makineleri<\/td>\n<\/tr>\n<tr>\n<th>\u015eunlardan olu\u015fur:<\/th>\n<td>Vites kutusu<\/td>\n<\/tr>\n<tr>\n<th>Ya\u011f\u0131 Ayr\u0131 Olarak Sipari\u015f Edin<\/th>\n<td>Teknik Bilgiler<\/td>\n<\/tr>\n<tr>\n<th><\/th>\n<td>T\u00fcm teknik veriler ISO 6335 ve ISO 281'e uygundur.<\/td>\n<\/tr>\n<tr>\n<th>Ya\u011f \u0130\u00e7erir<\/th>\n<td>HAYIR<\/td>\n<\/tr>\n<tr>\n<th>Maksimum Ya\u011f Kapasitesi<\/th>\n<td>1,2 litre<\/td>\n<\/tr>\n<tr>\n<th>Ya\u011f SAE Viskozite S\u0131n\u0131f\u0131<\/th>\n<td>80W-90<\/td>\n<\/tr>\n<tr>\n<th>A\u011f\u0131rl\u0131k<\/th>\n<td>23,5 kilo<\/td>\n<\/tr>\n<tr>\n<th>Vites D\u00fczenlemesi Art\u0131yor<\/th>\n<td>27-28<\/td>\n<\/tr>\n<tr>\n<th>Giri\u015f G\u00fcc\u00fc kW \/ HP Artan<\/th>\n<td>36,8 \/ 50 kW\/BG<\/td>\n<\/tr>\n<tr>\n<th>Giri\u015f Mili Artt\u0131r\u0131l\u0131yor<\/th>\n<td>X<\/td>\n<\/tr>\n<tr>\n<th>\u00c7\u0131k\u0131\u015f Torku DaNm Art\u0131yor<\/th>\n<td>21 daNm<\/td>\n<\/tr>\n<tr>\n<th>Oran Art\u0131yor<\/th>\n<td>1 : 3<\/td>\n<\/tr>\n<tr>\n<th>Oran Azaltma<\/th>\n<td>3 : 1<\/td>\n<\/tr>\n<tr>\n<th>\u015eaft X<\/th>\n<td>1 3\/8\u2033 (6) (A)<\/td>\n<\/tr>\n<tr>\n<th>Mil Y<\/th>\n<td>1 3\/8\u2033 (6) (A)<\/td>\n<\/tr>\n<tr>\n<th>\u015eaft Z<\/th>\n<td>33 (B)<\/td>\n<\/tr>\n<\/tbody>\n<\/table>\n<h2>Tar\u0131m \u00c7im Bi\u00e7me Makinesi \u015eanz\u0131man\u0131 i\u00e7in PTO \u015eaft\u0131<\/h2>\n<p>PTO (G\u00fc\u00e7 Aktarma Organ\u0131) \u015faft\u0131, trakt\u00f6r\u00fcn motorunu veya di\u011fer g\u00fc\u00e7 kaynaklar\u0131n\u0131 tar\u0131m \u00e7im bi\u00e7me makinesinin \u015fanz\u0131man\u0131na ba\u011flayan temel bir ba\u011flant\u0131d\u0131r. Bu bile\u015fen, mekanik g\u00fcc\u00fcn bi\u00e7me makinesinin kesme b\u0131\u00e7aklar\u0131na aktar\u0131lmas\u0131nda \u00f6nemli bir rol oynar ve verimli ve sorunsuz bir \u00e7al\u0131\u015fma sa\u011flar. FMP olarak, \u00e7im bi\u00e7me makinesi \u015fanz\u0131manlar\u0131yla sorunsuz \u00e7al\u0131\u015facak \u015fekilde tasarlanm\u0131\u015f, performans\u0131, g\u00fcvenilirli\u011fi ve uzun \u00f6m\u00fcrl\u00fcl\u00fc\u011f\u00fc en \u00fcst d\u00fczeye \u00e7\u0131karan geni\u015f bir yelpazede y\u00fcksek kaliteli PTO \u015faftlar\u0131 sa\u011flama konusunda uzmanla\u015f\u0131yoruz.<\/p>\n<h3>\u00c7im Bi\u00e7me Makinesi \u015eanz\u0131manlar\u0131 i\u00e7in FMP PTO \u015eaftlar\u0131n\u0131n Temel \u00d6zellikleri:<\/h3>\n<h4>Dayan\u0131kl\u0131l\u0131k ve G\u00fc\u00e7<\/h4>\n<p>FMP PTO \u015faftlar\u0131, a\u011f\u0131r tar\u0131m i\u015flerinin zorluklar\u0131na dayanacak \u015fekilde \u00fcretilmi\u015ftir. \u00c7elik de dahil olmak \u00fczere y\u00fcksek kaliteli malzemelerden \u00fcretilen bu \u015faftlar, uzun s\u00fcreli g\u00fcvenilirlik i\u00e7in tasarlanm\u0131\u015ft\u0131r. \u0130ster d\u00f6ner bi\u00e7me makineleri, ister \u00e7im bi\u00e7me makineleri veya di\u011fer tar\u0131m makinelerini kullan\u0131yor olun, PTO \u015faftlar\u0131m\u0131z zorlu ko\u015fullarda bile minimum a\u015f\u0131nma ve ola\u011fan\u00fcst\u00fc dayan\u0131kl\u0131l\u0131k sunar.<\/p>\n<h4>Y\u00fcksek Performans<\/h4>\n<p>FMP PTO \u015faftlar\u0131, optimum g\u00fc\u00e7 aktar\u0131m\u0131 sa\u011flayacak \u015fekilde tasarlanm\u0131\u015ft\u0131r ve bi\u00e7me makinesi b\u0131\u00e7aklar\u0131n\u0131n etkili kesim i\u00e7in ideal h\u0131z ve torkta d\u00f6nmesini sa\u011flar. Bu, zorlu ortamlarda bile tutarl\u0131 performans ve y\u00fcksek verimli bi\u00e7me sa\u011flar. \u0130ster yo\u011fun \u00e7imlerde ister engebeli arazilerde bi\u00e7in, FMP PTO \u015faftlar\u0131 \u00fcst\u00fcn kesim sonu\u00e7lar\u0131 elde etmenize yard\u0131mc\u0131 olur.<\/p>\n<h4>\u00d6zelle\u015ftirme Se\u00e7enekleri<\/h4>\n<p>Her operasyonun benzersiz oldu\u011funun fark\u0131nday\u0131z, bu nedenle ihtiya\u00e7lar\u0131n\u0131za g\u00f6re uyarlanabilen PTO \u015faftlar\u0131 sunuyoruz. Uzunluk, tork kapasitesi veya kaplin tipleri i\u00e7in ayarlamalar gerekip gerekmedi\u011fine bak\u0131lmaks\u0131z\u0131n, FMP, PTO \u015faft\u0131n\u0131n makinenize m\u00fckemmel uyum sa\u011flamas\u0131n\u0131 ve en \u00fcst d\u00fczey performans ve g\u00fcvenilirlik sunmas\u0131n\u0131 sa\u011flamak i\u00e7in m\u00fc\u015fterileriyle yak\u0131n bir \u015fekilde \u00e7al\u0131\u015f\u0131r.<\/p>\n<h4>G\u00fcvenlik ve Kullan\u0131m Kolayl\u0131\u011f\u0131<\/h4>\n<p>Tar\u0131m ekipmanlar\u0131 s\u00f6z konusu oldu\u011funda g\u00fcvenlik bir \u00f6nceliktir ve FMP PTO \u015faftlar\u0131, entegre g\u00fcvenlik \u00f6zellikleriyle tasarlanm\u0131\u015ft\u0131r. Bunlar aras\u0131nda, \u015faft devreden \u00e7\u0131kt\u0131\u011f\u0131nda hasar\u0131 \u00f6nleyen a\u015f\u0131r\u0131 y\u00fck kavramalar\u0131 ve devreden \u00e7\u0131karma mekanizmalar\u0131 bulunur. Ayr\u0131ca, PTO \u015faftlar\u0131m\u0131z\u0131n montaj\u0131 ve bak\u0131m\u0131 kolayd\u0131r ve operat\u00f6rlere rahatl\u0131k ve g\u00f6n\u00fcl rahatl\u0131\u011f\u0131 sunar.<\/p>\n<h4>\u00c7ok y\u00f6nl\u00fcl\u00fck<\/h4>\n<p>FMP PTO \u015faftlar\u0131 \u00e7ok y\u00f6nl\u00fcd\u00fcr ve \u00e7ok \u00e7e\u015fitli \u00e7im bi\u00e7me makinesi \u015fanz\u0131manlar\u0131 ve di\u011fer tar\u0131m makineleriyle uyumludur. \u0130ster standart bir PTO \u015faft\u0131na ister \u00f6zel tasar\u0131m bir \u00e7\u00f6z\u00fcme ihtiyac\u0131n\u0131z olsun, k\u00fc\u00e7\u00fck \u00e7iftliklerden b\u00fcy\u00fck end\u00fcstriyel kullan\u0131mlara kadar her \u00f6l\u00e7ekteki i\u015fletmeye uygun \u00fcr\u00fcnler sunuyoruz.<\/p>\n<h4>Maliyet Etkin<\/h4>\n<p>Dayan\u0131kl\u0131 ve y\u00fcksek performansl\u0131 PTO \u015faftlar\u0131 sunan FMP, bak\u0131m maliyetlerini ve ar\u0131za s\u00fcrelerini azaltmaya yard\u0131mc\u0131 olur. PTO \u015faftlar\u0131m\u0131z, uzun \u00f6m\u00fcrl\u00fc performans i\u00e7in tasarlanm\u0131\u015ft\u0131r ve ekipman\u0131n\u0131z\u0131n sorunsuz ve verimli \u00e7al\u0131\u015fmas\u0131n\u0131 sa\u011flayarak onar\u0131m ve de\u011fi\u015ftirme masraflar\u0131ndan tasarruf sa\u011flar. Ayr\u0131ca, rekabet\u00e7i fiyatlar\u0131m\u0131z yat\u0131r\u0131m\u0131n\u0131z i\u00e7in m\u00fckemmel bir de\u011fer sunar.<\/p>\n<h3>\u00c7im Bi\u00e7me Makinenizin \u015eanz\u0131man\u0131nda Neden FMP PTO Millerini Se\u00e7melisiniz?<\/h3>\n<ul>\n<li><strong>Kalite G\u00fcvencesi:<\/strong> FMP olarak, \u00fcretti\u011fimiz her \u00fcr\u00fcnde en y\u00fcksek kalite standartlar\u0131n\u0131 koruyoruz ve b\u00f6ylece PTO \u015faft\u0131n\u0131z\u0131n en iyi performans\u0131 g\u00f6stermesini ve daha uzun \u00f6m\u00fcrl\u00fc olmas\u0131n\u0131 sa\u011fl\u0131yoruz.<\/li>\n<li><strong>\u00d6zelle\u015ftirme ve Destek:<\/strong> Makinelerinizin ve operasyonlar\u0131n\u0131z\u0131n \u00f6zel ihtiya\u00e7lar\u0131n\u0131 kar\u015f\u0131lamak i\u00e7in uzman dan\u0131\u015fmanl\u0131\u011f\u0131 ve \u00f6zel \u00e7\u00f6z\u00fcmler sunarak tam olarak ihtiyac\u0131n\u0131z olan\u0131 elde etmenizi sa\u011fl\u0131yoruz.<\/li>\n<li><strong>K\u00fcresel Eri\u015fim:<\/strong> Yakla\u015f\u0131k 30 \u00fclkede m\u00fc\u015fterisi bulunan FMP, tar\u0131m sekt\u00f6r\u00fcne y\u00fcksek performansl\u0131, g\u00fcvenilir bile\u015fenler sunma konusunda g\u00fc\u00e7l\u00fc bir itibar olu\u015fturmu\u015ftur.<\/li>\n<\/ul>\n<p>Tar\u0131msal \u00e7im bi\u00e7me makinenizin \u015fanz\u0131man\u0131 i\u00e7in \u00f6zelle\u015ftirilmi\u015f PTO \u015faftlar\u0131 hakk\u0131nda daha fazla bilgi edinmek veya bilgi almak i\u00e7in bug\u00fcn FMP ile ileti\u015fime ge\u00e7in. Makineleriniz i\u00e7in en iyi \u00e7\u00f6z\u00fcmleri sunmaya ve operasyonlar\u0131n\u0131z\u0131n verimlili\u011fini ve g\u00fcvenilirli\u011fini sa\u011flamaya kendimizi adad\u0131k.<\/p>\n<p><img loading=\"lazy\" decoding=\"async\" class=\"alignnone size-full wp-image-1873\" src=\"https:\/\/fmp-components.com\/wp-content\/uploads\/2024\/12\/PTO-Shaft-for-Rotary-Mower-Gearboxes-15.webp\" sizes=\"(min-width: 0px) and (max-width: 480px) 480px, (min-width: 481px) and (max-width: 980px) 980px, (min-width: 981px) 1000px, 100vw\" srcset=\"https:\/\/fmp-components.com\/wp-content\/uploads\/2024\/12\/PTO-Shaft-for-Rotary-Mower-Gearboxes-15.webp 1000w, https:\/\/fmp-components.com\/wp-content\/uploads\/2024\/12\/PTO-Shaft-for-Rotary-Mower-Gearboxes-15-980x980.webp 980w, https:\/\/fmp-components.com\/wp-content\/uploads\/2024\/12\/PTO-Shaft-for-Rotary-Mower-Gearboxes-15-480x480.webp 480w\" alt=\"D\u00f6ner Bi\u00e7me Makinesi \u015eanz\u0131manlar\u0131 i\u00e7in PTO \u015eaft\u0131-15\" width=\"1000\" height=\"1000\" title=\"\"><\/p>\n<h3>FMP Hakk\u0131nda<\/h3>\n<p>\u0130talya merkezli FMP, tar\u0131m makineleri i\u00e7in y\u00fcksek performansl\u0131 di\u015fli kutular\u0131n\u0131n tasar\u0131m\u0131, geli\u015ftirilmesi ve \u00fcretiminde uzmanla\u015fm\u0131\u015f lider bir \u00fcreticidir. Kalite, inovasyon ve g\u00fcvenilirli\u011fe b\u00fcy\u00fck \u00f6nem vererek hassas m\u00fchendislik \u00e7\u00f6z\u00fcmleri sunmaya kendimizi adad\u0131k. Geni\u015f \u00fcr\u00fcn portf\u00f6y\u00fcm\u00fcz, \u00e7im bi\u00e7me makinesi di\u015fli kutular\u0131 gibi \u00e7ok \u00e7e\u015fitli di\u015fli kutular\u0131 ve PTO \u015faftlar\u0131 gibi temel bile\u015fenleri i\u00e7erir. FMP'nin misyonu, hem bireysel \u00fcr\u00fcnler hem de tam entegre sistemler sunarak tar\u0131m ve sanayi sekt\u00f6rlerinin \u00f6zel ihtiya\u00e7lar\u0131n\u0131 kar\u015f\u0131layan \u00f6zelle\u015ftirilmi\u015f \u00e7\u00f6z\u00fcmler sunmakt\u0131r.<\/p>\n<p>FMP olarak, her m\u00fc\u015fterinin kendine \u00f6zg\u00fc gereksinimleri oldu\u011funun bilincindeyiz. Bu nedenle g\u00fcc\u00fcm\u00fcz, bu ihtiya\u00e7lara m\u00fckemmel \u015fekilde uyan \u00f6zel \u00fcr\u00fcnler sunma becerimizde yat\u0131yor. \u0130ster \u00f6zel bir \u015fanz\u0131mana ister komple bir sisteme ihtiyac\u0131n\u0131z olsun, en etkili ve verimli \u00e7\u00f6z\u00fcm\u00fc sa\u011flamak i\u00e7in sizinle yak\u0131n bir \u015fekilde \u00e7al\u0131\u015f\u0131yoruz. M\u00fc\u015fteri memnuniyetine olan ba\u011fl\u0131l\u0131\u011f\u0131m\u0131z, h\u0131zl\u0131 ve profesyonel yan\u0131tlar\u0131m\u0131z ve uzman tavsiyelerimizle ortaya \u00e7\u0131k\u0131yor ve her sorunun \u00f6zenle ve hassasiyetle ele al\u0131nmas\u0131n\u0131 sa\u011fl\u0131yoruz.<\/p>\n<p>M\u00fc\u015fterilerimizle, \u00f6zellikle yeni \u00fcr\u00fcn geli\u015ftirme konusunda a\u00e7\u0131k ve s\u00fcrekli ileti\u015fime inan\u0131yoruz. \u00d6zverili ekibimiz, m\u00fc\u015fterilerimizin \u00f6zel zorluklar\u0131n\u0131 anlamak i\u00e7in onlarla yak\u0131n i\u015f birli\u011fi i\u00e7inde \u00e7al\u0131\u015f\u0131r ve en uygun \u00e7\u00f6z\u00fcmleri olu\u015fturmak i\u00e7in de\u011ferli i\u00e7g\u00f6r\u00fcler ve tavsiyeler sunar. Yeni \u00fcr\u00fcn geli\u015ftirmeden mevcut sipari\u015fleri kar\u015f\u0131lamaya kadar, y\u00fcksek kaliteli \u00fcr\u00fcnleri h\u0131zl\u0131 ve hassas bir \u015fekilde sunmaya kararl\u0131y\u0131z.<\/p>\n<p>FMP'nin faaliyetlerinin merkezinde kaliteye s\u00fcrekli bir odaklanma yer al\u0131r. \u00dcretim s\u00fcre\u00e7lerimiz y\u00fcksek standartlar, hassasiyet ve s\u0131f\u0131r hata gibi kat\u0131 ilkelere ba\u011fl\u0131d\u0131r. Her \u00fcr\u00fcn\u00fcn sekt\u00f6r standartlar\u0131n\u0131 a\u015fmas\u0131n\u0131 sa\u011flamak i\u00e7in s\u0131k\u0131 kalite kontrol \u00f6nlemleri uyguluyoruz. Kaliteye olan bu sars\u0131lmaz ba\u011fl\u0131l\u0131\u011f\u0131m\u0131z, d\u00fcr\u00fcstl\u00fck, ekip \u00e7al\u0131\u015fmas\u0131 ve azim de\u011ferlerimizle birle\u015ferek, d\u00fcnya \u00e7ap\u0131nda yakla\u015f\u0131k 30 \u00fclkedeki m\u00fc\u015fterilerimizle kal\u0131c\u0131 ve anlaml\u0131 ortakl\u0131klar kurmam\u0131z\u0131 sa\u011flam\u0131\u015ft\u0131r.<\/p>\n<p>FMP, k\u00fcresel ortakl\u0131klara her zaman a\u00e7\u0131k olup uzman tavsiyeleri ve \u00f6zelle\u015ftirilmi\u015f \u00e7\u00f6z\u00fcmler sunmaya haz\u0131rd\u0131r. M\u00fc\u015fterilerimizle uzun vadeli ili\u015fkiler kurmaya ve her projede ba\u015far\u0131lar\u0131n\u0131 ve memnuniyetlerini garanti alt\u0131na almaya inan\u0131yoruz. \u0130ster yeni bir proje i\u00e7in \u00e7\u00f6z\u00fcmlere, ister mevcut bir sistem i\u00e7in deste\u011fe ihtiyac\u0131n\u0131z olsun, FMP teknik sorunlar\u0131n\u0131z\u0131 \u00e7\u00f6zmeye ve s\u00fcrekli ba\u015far\u0131n\u0131z\u0131 sa\u011flamaya kendini adam\u0131\u015ft\u0131r.<\/p>\n<p><img loading=\"lazy\" decoding=\"async\" class=\"alignnone size-full wp-image-1861\" src=\"https:\/\/fmp-components.com\/wp-content\/uploads\/2024\/12\/Other-Agricultural-Gearboxes.webp\" sizes=\"(min-width: 0px) and (max-width: 480px) 480px, (min-width: 481px) and (max-width: 980px) 980px, (min-width: 981px) 1200px, 100vw\" srcset=\"https:\/\/fmp-components.com\/wp-content\/uploads\/2024\/12\/Other-Agricultural-Gearboxes.webp 1200w, https:\/\/fmp-components.com\/wp-content\/uploads\/2024\/12\/Other-Agricultural-Gearboxes-980x1143.webp 980w, https:\/\/fmp-components.com\/wp-content\/uploads\/2024\/12\/Other-Agricultural-Gearboxes-480x560.webp 480w\" alt=\"Altri-cambi-agricoli\" width=\"1200\" height=\"1400\" title=\"\"><\/p>\n<p>Yazar: CX<\/p>","protected":false},"excerpt":{"rendered":"<p>Mowers Gearboxes \u2013 Replacement of Comer Code TL-311D Specification Description Mowers Gearboxes &#8211; Replacement of Comer Code TL-311D Application Mowers Consists of Gearbox Order Oil Separately Technical Information All technical data corresponds to ISO 6335 and ISO 281. Contains Oil No Max. Oil Capacity 1.2 l Oil SAE Viscosity Grade 80W-90 Weight 23.5 kg Gear [&hellip;]<\/p>","protected":false},"featured_media":1972,"comment_status":"open","ping_status":"closed","template":"","meta":{"_et_pb_use_builder":"","_et_pb_old_content":"","_et_gb_content_width":""},"product_brand":[],"product_cat":[52],"product_tag":[],"class_list":{"0":"post-1969","1":"product","2":"type-product","3":"status-publish","4":"has-post-thumbnail","6":"product_cat-lawn-mower-gearbox","8":"first","9":"instock","10":"shipping-taxable","11":"product-type-simple"},"_links":{"self":[{"href":"https:\/\/fmp-components.com\/tr\/wp-json\/wp\/v2\/product\/1969","targetHints":{"allow":["GET"]}}],"collection":[{"href":"https:\/\/fmp-components.com\/tr\/wp-json\/wp\/v2\/product"}],"about":[{"href":"https:\/\/fmp-components.com\/tr\/wp-json\/wp\/v2\/types\/product"}],"replies":[{"embeddable":true,"href":"https:\/\/fmp-components.com\/tr\/wp-json\/wp\/v2\/comments?post=1969"}],"wp:featuredmedia":[{"embeddable":true,"href":"https:\/\/fmp-components.com\/tr\/wp-json\/wp\/v2\/media\/1972"}],"wp:attachment":[{"href":"https:\/\/fmp-components.com\/tr\/wp-json\/wp\/v2\/media?parent=1969"}],"wp:term":[{"taxonomy":"product_brand","embeddable":true,"href":"https:\/\/fmp-components.com\/tr\/wp-json\/wp\/v2\/product_brand?post=1969"},{"taxonomy":"product_cat","embeddable":true,"href":"https:\/\/fmp-components.com\/tr\/wp-json\/wp\/v2\/product_cat?post=1969"},{"taxonomy":"product_tag","embeddable":true,"href":"https:\/\/fmp-components.com\/tr\/wp-json\/wp\/v2\/product_tag?post=1969"}],"curies":[{"name":"wp","href":"https:\/\/api.w.org\/{rel}","templated":true}]}}