{"id":1966,"date":"2024-12-26T03:59:58","date_gmt":"2024-12-26T03:59:58","guid":{"rendered":"https:\/\/fmp-components.com\/?page_id=8"},"modified":"2026-03-16T08:00:26","modified_gmt":"2026-03-16T08:00:26","slug":"lmowers-gearboxes-replacement-of-comer-code-t-269a","status":"publish","type":"product","link":"https:\/\/fmp-components.com\/tr\/product\/lmowers-gearboxes-replacement-of-comer-code-t-269a\/","title":{"rendered":"\u00c7im Bi\u00e7me Makineleri \u015eanz\u0131manlar\u0131 \u2013 Comer T-269A Kodunun De\u011fi\u015ftirilmesi"},"content":{"rendered":"<p><img loading=\"lazy\" decoding=\"async\" class=\"size-full wp-image-1968 aligncenter\" src=\"https:\/\/fmp-components.com\/wp-content\/uploads\/2024\/12\/Lawn-Mower-Gearbox-3.webp\" alt=\"\u00c7im Bi\u00e7me Makinesi \u015eanz\u0131man\u0131\" width=\"500\" height=\"500\" title=\"\" srcset=\"https:\/\/fmp-components.com\/wp-content\/uploads\/2024\/12\/Lawn-Mower-Gearbox-3.webp 500w, https:\/\/fmp-components.com\/wp-content\/uploads\/2024\/12\/Lawn-Mower-Gearbox-3-480x480.webp 480w\" sizes=\"(min-width: 0px) and (max-width: 480px) 480px, (min-width: 481px) 500px, 100vw\" \/><\/p>\n<h2>\u00c7im Bi\u00e7me Makineleri \u015eanz\u0131manlar\u0131 \u2013 Comer Kod T-269A Spesifikasyonunun De\u011fi\u015ftirilmesi<\/h2>\n<table style=\"width: 100%; height: 506px;\" border=\"1\" width=\"100%\" cellspacing=\"0\" cellpadding=\"0\">\n<tbody>\n<tr style=\"height: 23px;\">\n<th style=\"height: 23px;\">Tan\u0131m<\/th>\n<td style=\"height: 23px;\">Bi\u00e7me Makineleri \u015eanz\u0131manlar\u0131 \u2013 K\u00f6\u015fe Kodu T-269A'n\u0131n De\u011fi\u015ftirilmesi<\/td>\n<\/tr>\n<tr style=\"height: 23px;\">\n<th style=\"height: 23px;\">Ba\u015fvuru<\/th>\n<td style=\"height: 23px;\">\u00c7e\u015fitli (tar\u0131msal) uygulamalar, Bi\u00e7me makineleri<\/td>\n<\/tr>\n<tr style=\"height: 23px;\">\n<th style=\"height: 23px;\">\u015eunlardan olu\u015fur:<\/th>\n<td style=\"height: 23px;\">Vites kutusu<\/p>\n<p>Ya\u011f\u0131 Ayr\u0131 Olarak Sipari\u015f Edin<\/td>\n<\/tr>\n<tr style=\"height: 23px;\">\n<th style=\"height: 23px;\">Teknik Bilgiler<\/th>\n<td style=\"height: 23px;\">T\u00fcm teknik veriler ISO 6335 ve ISO 281'e uygundur.<\/td>\n<\/tr>\n<tr style=\"height: 23px;\">\n<th style=\"height: 23px;\">Maksimum \u00c7\u0131k\u0131\u015f Torku<\/th>\n<td style=\"height: 23px;\">161,1 daNm<\/td>\n<\/tr>\n<tr style=\"height: 23px;\">\n<th style=\"height: 23px;\">Ya\u011f \u0130\u00e7erir<\/th>\n<td style=\"height: 23px;\">HAYIR<\/td>\n<\/tr>\n<tr style=\"height: 23px;\">\n<th style=\"height: 23px;\">Maksimum Ya\u011f Kapasitesi<\/th>\n<td style=\"height: 23px;\">3,25 litre<\/td>\n<\/tr>\n<tr style=\"height: 23px;\">\n<th style=\"height: 23px;\">Ya\u011f SAE Viskozite S\u0131n\u0131f\u0131<\/th>\n<td style=\"height: 23px;\">80W-90<\/td>\n<\/tr>\n<tr style=\"height: 23px;\">\n<th style=\"height: 23px;\">A\u011f\u0131rl\u0131k<\/th>\n<td style=\"height: 23px;\">48 kilo<\/td>\n<\/tr>\n<tr style=\"height: 23px;\">\n<th style=\"height: 23px;\">Vites D\u00fczenlemesi Art\u0131yor<\/th>\n<td style=\"height: 23px;\">25 &#8211; 26 &#8211; 27 &#8211; 28<\/td>\n<\/tr>\n<tr style=\"height: 23px;\">\n<th style=\"height: 23px;\">Di\u015fli D\u00fczenlemesi Azaltma<\/th>\n<td style=\"height: 23px;\">5 &#8211; 6<\/td>\n<\/tr>\n<tr style=\"height: 23px;\">\n<th style=\"height: 23px;\">Giri\u015f G\u00fcc\u00fc kW \/ HP Artan<\/th>\n<td style=\"height: 23px;\">77,3 \/ 105 kW\/HP<\/td>\n<\/tr>\n<tr style=\"height: 23px;\">\n<th style=\"height: 23px;\">Giri\u015f Mili Artt\u0131r\u0131l\u0131yor<\/th>\n<td style=\"height: 23px;\">X \u2013 Y<\/td>\n<\/tr>\n<tr style=\"height: 23px;\">\n<th style=\"height: 23px;\">Giri\u015f Mili Azaltma<\/th>\n<td style=\"height: 23px;\">Z<\/td>\n<\/tr>\n<tr style=\"height: 23px;\">\n<th style=\"height: 23px;\">Giri\u015f G\u00fcc\u00fc KW \/ HP Azaltma<\/th>\n<td style=\"height: 23px;\">66,2 \/ 90 kW\/BG<\/td>\n<\/tr>\n<tr style=\"height: 23px;\">\n<th style=\"height: 23px;\">\u00c7\u0131k\u0131\u015f Torku DaNm Art\u0131yor<\/th>\n<td style=\"height: 23px;\">93,2 daNm<\/td>\n<\/tr>\n<tr style=\"height: 23px;\">\n<th style=\"height: 23px;\">Oran Art\u0131yor<\/th>\n<td style=\"height: 23px;\">1 : 1.42<\/td>\n<\/tr>\n<tr style=\"height: 23px;\">\n<th style=\"height: 23px;\">Oran Azaltma<\/th>\n<td style=\"height: 23px;\">1.42 : 1<\/td>\n<\/tr>\n<tr style=\"height: 23px;\">\n<th style=\"height: 23px;\">\u015eaft X<\/th>\n<td style=\"height: 23px;\">1 3\/8\u2033 (6) (B)<\/td>\n<\/tr>\n<tr style=\"height: 23px;\">\n<th style=\"height: 23px;\">Mil Y<\/th>\n<td style=\"height: 23px;\">1 3\/8\u2033 (6) (A)<\/td>\n<\/tr>\n<tr style=\"height: 23px;\">\n<th style=\"height: 23px;\">\u015eaft Z<\/th>\n<td style=\"height: 23px;\">1 3\/8\u2033 (6) (C)<\/td>\n<\/tr>\n<\/tbody>\n<\/table>\n<h3>\u00c7im Bi\u00e7me Makinenizin \u015eanz\u0131man\u0131nda Neden FMP PTO Millerini Se\u00e7melisiniz?<\/h3>\n<p><strong>Tavizsiz Kalite G\u00fcvencesi:<\/strong><br \/>\nFMP'de kalite en b\u00fcy\u00fck \u00f6nceli\u011fimizdir. S\u0131k\u0131 \u00fcretim standartlar\u0131na ba\u011fl\u0131 kalarak, \u00fcretti\u011fimiz her PTO \u015faft\u0131n\u0131n en zorlu ko\u015fullarda bile uzun \u00f6m\u00fcrl\u00fc ve optimum performans g\u00f6sterecek \u015fekilde \u00fcretilmesini sa\u011fl\u0131yoruz. PTO \u015faftlar\u0131m\u0131z, dayan\u0131kl\u0131l\u0131klar\u0131n\u0131, sa\u011flaml\u0131klar\u0131n\u0131 ve uzun vadeli g\u00fcvenilirliklerini garanti alt\u0131na almak i\u00e7in titiz testlerden ge\u00e7irilir ve bu da onlar\u0131 \u00e7im bi\u00e7me makinenizin \u015fanz\u0131man\u0131n\u0131n sorunsuz ve verimli \u00e7al\u0131\u015fmas\u0131n\u0131 sa\u011flamak i\u00e7in ideal bir se\u00e7im haline getirir.<\/p>\n<p><strong>Ki\u015fiye \u00d6zel \u00c7\u00f6z\u00fcmler ve Uzman Deste\u011fi:<\/strong><br \/>\nHer tar\u0131m makinesinin kendine \u00f6zg\u00fc gereksinimleri oldu\u011funun fark\u0131nday\u0131z. Bu nedenle, operasyonunuzun \u00f6zel ihtiya\u00e7lar\u0131n\u0131 kar\u015f\u0131lamak \u00fczere tasarlanm\u0131\u015f, \u00f6zelle\u015ftirilebilir PTO \u015faftlar\u0131 sunuyoruz. \u0130ster d\u00f6ner bi\u00e7me makinesi, ister kar temizleme makinesi veya di\u011fer tar\u0131m ekipmanlar\u0131 i\u00e7in bir PTO \u015faft\u0131na ihtiyac\u0131n\u0131z olsun, uzman ekibimiz ki\u015fiselle\u015ftirilmi\u015f tavsiyeler ve \u00e7\u00f6z\u00fcmler sunmaya haz\u0131rd\u0131r. Sundu\u011fumuz PTO \u015faftlar\u0131n\u0131n makinenizle m\u00fckemmel uyum sa\u011flayarak performans\u0131n\u0131 ve verimlili\u011fini art\u0131rmas\u0131n\u0131 sa\u011flamak i\u00e7in sizinle yak\u0131n bir \u015fekilde \u00e7al\u0131\u015f\u0131yoruz.<\/p>\n<p><strong>K\u00fcresel Eri\u015fim ve Kan\u0131tlanm\u0131\u015f G\u00fcvenilirlik:<\/strong><br \/>\nD\u00fcnya \u00e7ap\u0131nda yakla\u015f\u0131k 30 \u00fclkede b\u00fcy\u00fcyen bir m\u00fc\u015fteri taban\u0131na sahip olan FMP, tar\u0131m sekt\u00f6r\u00fcne y\u00fcksek kaliteli ve g\u00fcvenilir bile\u015fenler sunma konusunda itibar kazanm\u0131\u015ft\u0131r. PTO \u015faftlar\u0131m\u0131z, dayan\u0131kl\u0131l\u0131klar\u0131, kullan\u0131m kolayl\u0131klar\u0131 ve tutarl\u0131 performanslar\u0131 nedeniyle d\u00fcnya \u00e7ap\u0131ndaki \u00e7ift\u00e7iler, peyzaj mimarlar\u0131 ve end\u00fcstriyel operat\u00f6rler taraf\u0131ndan g\u00fcvenilmektedir. \u0130ster Kuzey Amerika'da, ister Avrupa'da veya daha uzak bir yerde olun, makinelerinizin ihtiya\u00e7lar\u0131n\u0131 kar\u015f\u0131layan birinci s\u0131n\u0131f \u00fcr\u00fcnler sunmak i\u00e7in FMP'ye g\u00fcvenebilirsiniz.<\/p>\n<p><strong>Kapsaml\u0131 M\u00fc\u015fteri Hizmetleri:<\/strong><br \/>\nFMP'nin m\u00fc\u015fteri memnuniyetine olan ba\u011fl\u0131l\u0131\u011f\u0131, yaln\u0131zca \u00fcr\u00fcn sa\u011flaman\u0131n \u00f6tesine ge\u00e7er. Ekipman\u0131n\u0131z\u0131n kullan\u0131m \u00f6mr\u00fc boyunca s\u00fcrekli destek sunmaya kendimizi adad\u0131k. M\u00fc\u015fteri hizmetleri ekibimiz sorular\u0131n\u0131z\u0131 yan\u0131tlamak, teknik destek sa\u011flamak ve PTO \u015faft\u0131n\u0131z\u0131n en iyi \u015fekilde \u00e7al\u0131\u015fmas\u0131n\u0131 sa\u011flamak i\u00e7in hizmetinizdedir. Sat\u0131\u015f \u00f6ncesi dan\u0131\u015fmanl\u0131ktan sat\u0131\u015f sonras\u0131 bak\u0131m tavsiyelerine kadar, s\u00fcrecin her a\u015famas\u0131nda size yard\u0131mc\u0131 olmak i\u00e7in buraday\u0131z.<\/p>\n<p>Tar\u0131msal \u00e7im bi\u00e7me makinenizin \u015fanz\u0131man\u0131 i\u00e7in \u00f6zelle\u015ftirilmi\u015f PTO \u015faftlar\u0131 hakk\u0131nda daha fazla bilgi edinmek veya bilgi almak i\u00e7in bug\u00fcn FMP ile ileti\u015fime ge\u00e7in. Ekibimiz, makineleriniz i\u00e7in en iyi \u00e7\u00f6z\u00fcmlerle size yard\u0131mc\u0131 olmaktan ve operasyonlar\u0131n\u0131zda maksimum verimlilik ve g\u00fcvenilirlik elde etmenizi sa\u011flamaktan mutluluk duyacakt\u0131r. FMP, ekipmanlar\u0131n\u0131za uzun y\u0131llar g\u00fc\u00e7 sa\u011flamada g\u00fcvenilir orta\u011f\u0131n\u0131z olsun.<\/p>\n<table border=\"1\" width=\"100%\" cellspacing=\"0\" cellpadding=\"0\">\n<tbody>\n<tr>\n<td width=\"110\"><img loading=\"lazy\" decoding=\"async\" class=\"alignnone size-full wp-image-1872\" src=\"https:\/\/fmp-components.com\/wp-content\/uploads\/2024\/12\/PTO-Shaft-for-Rotary-Mower-Gearboxes-16.webp\" sizes=\"(min-width: 0px) and (max-width: 480px) 480px, (min-width: 481px) and (max-width: 980px) 980px, (min-width: 981px) 1000px, 100vw\" srcset=\"https:\/\/fmp-components.com\/wp-content\/uploads\/2024\/12\/PTO-Shaft-for-Rotary-Mower-Gearboxes-16.webp 1000w, https:\/\/fmp-components.com\/wp-content\/uploads\/2024\/12\/PTO-Shaft-for-Rotary-Mower-Gearboxes-16-980x980.webp 980w, https:\/\/fmp-components.com\/wp-content\/uploads\/2024\/12\/PTO-Shaft-for-Rotary-Mower-Gearboxes-16-480x480.webp 480w\" alt=\"D\u00f6ner Bi\u00e7me Makinesi \u015eanz\u0131manlar\u0131 i\u00e7in PTO \u015eaft\u0131-16\" width=\"1000\" height=\"1000\" title=\"\"><\/td>\n<td width=\"98\"><img loading=\"lazy\" decoding=\"async\" class=\"alignnone size-full wp-image-1873\" src=\"https:\/\/fmp-components.com\/wp-content\/uploads\/2024\/12\/PTO-Shaft-for-Rotary-Mower-Gearboxes-15.webp\" sizes=\"(min-width: 0px) and (max-width: 480px) 480px, (min-width: 481px) and (max-width: 980px) 980px, (min-width: 981px) 1000px, 100vw\" srcset=\"https:\/\/fmp-components.com\/wp-content\/uploads\/2024\/12\/PTO-Shaft-for-Rotary-Mower-Gearboxes-15.webp 1000w, https:\/\/fmp-components.com\/wp-content\/uploads\/2024\/12\/PTO-Shaft-for-Rotary-Mower-Gearboxes-15-980x980.webp 980w, https:\/\/fmp-components.com\/wp-content\/uploads\/2024\/12\/PTO-Shaft-for-Rotary-Mower-Gearboxes-15-480x480.webp 480w\" alt=\"D\u00f6ner Bi\u00e7me Makinesi \u015eanz\u0131manlar\u0131 i\u00e7in PTO \u015eaft\u0131-15\" width=\"1000\" height=\"1000\" title=\"\"><\/td>\n<\/tr>\n<\/tbody>\n<\/table>\n<h3>FMP Hakk\u0131nda<\/h3>\n<p>Merkezi \u0130talya'da bulunan FMP, tar\u0131m makineleri i\u00e7in y\u00fcksek performansl\u0131 di\u015fli kutular\u0131n\u0131n tasar\u0131m\u0131, geli\u015ftirilmesi ve \u00fcretiminde uzmanla\u015fm\u0131\u015f lider bir \u00fcreticidir. Kalite, inovasyon ve g\u00fcvenilirli\u011fe odaklanarak hassas m\u00fchendislik \u00e7\u00f6z\u00fcmleri sunmaya kendimizi adad\u0131k. \u00dcr\u00fcn portf\u00f6y\u00fcm\u00fczde, \u00e7im bi\u00e7me makinesi di\u015fli kutular\u0131 gibi geni\u015f bir di\u015fli kutusu yelpazesinin yan\u0131 s\u0131ra PTO \u015faftlar\u0131 gibi temel bile\u015fenler de bulunmaktad\u0131r. Misyonumuz, ister bireysel \u00fcr\u00fcnler ister tamamen entegre sistemler arac\u0131l\u0131\u011f\u0131yla, tar\u0131m ve end\u00fcstriyel sekt\u00f6rlerin \u00f6zel ihtiya\u00e7lar\u0131n\u0131 kar\u015f\u0131layan \u00f6zel \u00e7\u00f6z\u00fcmler sunmakt\u0131r.<\/p>\n<p>FMP olarak, her m\u00fc\u015fterinin kendine \u00f6zg\u00fc ihtiya\u00e7lar\u0131 oldu\u011funun bilincindeyiz. Bu nedenle g\u00fcc\u00fcm\u00fcz, \u00fcr\u00fcnlerimizi bu ihtiya\u00e7lara m\u00fckemmel \u015fekilde uyacak \u015fekilde \u00f6zelle\u015ftirebilme becerimizde yat\u0131yor. \u0130ster \u00f6zel bir di\u015fli kutusu ister komple bir sistem ar\u0131yor olun, en etkili ve verimli \u00e7\u00f6z\u00fcm\u00fc sunmak i\u00e7in sizinle yak\u0131n bir \u015fekilde \u00e7al\u0131\u015f\u0131yoruz. M\u00fc\u015fteri memnuniyetine olan ba\u011fl\u0131l\u0131\u011f\u0131m\u0131z, h\u0131zl\u0131 ve profesyonel yan\u0131tlar\u0131m\u0131z ve uzman tavsiyelerimizle yans\u0131t\u0131l\u0131yor ve her sorunun \u00f6zenle ve hassasiyetle ele al\u0131nmas\u0131n\u0131 sa\u011fl\u0131yor.<\/p>\n<p>M\u00fc\u015fterilerimizle, \u00f6zellikle yeni \u00fcr\u00fcn geli\u015ftirme konusunda a\u00e7\u0131k ileti\u015fime \u00f6nem veriyoruz. \u00d6zverili ekibimiz, m\u00fc\u015fterilerimizin zorluklar\u0131n\u0131 anlamak ve en uygun \u00e7\u00f6z\u00fcmleri olu\u015fturmak i\u00e7in de\u011ferli bilgiler sunmak \u00fczere onlarla yak\u0131n i\u015f birli\u011fi i\u00e7inde \u00e7al\u0131\u015f\u0131r. Yeni \u00fcr\u00fcn geli\u015ftirmeden mevcut sipari\u015fleri kar\u015f\u0131lamaya kadar, y\u00fcksek kaliteli \u00fcr\u00fcnleri h\u0131zl\u0131 ve do\u011fru bir \u015fekilde teslim etmeye kararl\u0131y\u0131z.<\/p>\n<p>Kalite, FMP'de yapt\u0131\u011f\u0131m\u0131z her \u015feyin temel ta\u015f\u0131d\u0131r. \u00dcretim s\u00fcrecimiz, y\u00fcksek standartlar, hassasiyet ve s\u0131f\u0131r hata ilkeleriyle y\u00f6nlendirilir. Teslim etti\u011fimiz her \u00fcr\u00fcn\u00fcn sekt\u00f6r standartlar\u0131n\u0131 a\u015ft\u0131\u011f\u0131ndan emin olmak i\u00e7in s\u0131k\u0131 kalite kontrol \u00f6nlemlerine ba\u011fl\u0131 kal\u0131yoruz. Kaliteye olan bu amans\u0131z odaklanmam\u0131z, d\u00fcr\u00fcstl\u00fck, ekip \u00e7al\u0131\u015fmas\u0131 ve azim de\u011ferlerimizle birle\u015ferek, d\u00fcnya \u00e7ap\u0131nda yakla\u015f\u0131k 30 \u00fclkedeki m\u00fc\u015fterilerimizle g\u00fc\u00e7l\u00fc ve kal\u0131c\u0131 ortakl\u0131klar kurmam\u0131z\u0131 sa\u011flam\u0131\u015ft\u0131r.<\/p>\n<p>FMP, k\u00fcresel i\u015f birli\u011fine her zaman a\u00e7\u0131k olup uzman tavsiyeleri ve ki\u015fiye \u00f6zel \u00e7\u00f6z\u00fcmler sunmaya isteklidir. Yakla\u015f\u0131m\u0131m\u0131z yaln\u0131zca \u00fcr\u00fcn sunmakla s\u0131n\u0131rl\u0131 de\u011fildir; kar\u015f\u0131l\u0131kl\u0131 ba\u015far\u0131ya yol a\u00e7an uzun vadeli ortakl\u0131klar kurmakla da ilgilidir. \u0130ster yeni bir proje i\u00e7in \u00e7\u00f6z\u00fcmlere ister mevcut sistemleriniz i\u00e7in deste\u011fe ihtiyac\u0131n\u0131z olsun, FMP teknik sorunlar\u0131n\u0131z\u0131 \u00e7\u00f6zmeye ve uzun vadeli ba\u015far\u0131ya ula\u015fman\u0131za yard\u0131mc\u0131 olmaya kendini adam\u0131\u015ft\u0131r.<\/p>\n<p><img loading=\"lazy\" decoding=\"async\" class=\"alignnone size-full wp-image-1861\" src=\"https:\/\/fmp-components.com\/wp-content\/uploads\/2024\/12\/Other-Agricultural-Gearboxes.webp\" sizes=\"(min-width: 0px) and (max-width: 480px) 480px, (min-width: 481px) and (max-width: 980px) 980px, (min-width: 981px) 1200px, 100vw\" srcset=\"https:\/\/fmp-components.com\/wp-content\/uploads\/2024\/12\/Other-Agricultural-Gearboxes.webp 1200w, https:\/\/fmp-components.com\/wp-content\/uploads\/2024\/12\/Other-Agricultural-Gearboxes-980x1143.webp 980w, https:\/\/fmp-components.com\/wp-content\/uploads\/2024\/12\/Other-Agricultural-Gearboxes-480x560.webp 480w\" alt=\"Altri-cambi-agricoli\" width=\"1200\" height=\"1400\" title=\"\"><\/p>\n<p>Yazar: CX<\/p>","protected":false},"excerpt":{"rendered":"<p>Lawn Mowers Gearboxes \u2013 Replacement of Comer Code T-269A Specification Description Mowers Gearboxes &#8211; Replacement of Comer Code T-269A Application Various (agricultural) applications, Mowers Consists of Gearbox Order Oil Separately Technical Information All technical data corresponds to ISO 6335 and ISO 281. Max. Output Torque 161.1 daNm Contains Oil No Max. Oil Capacity 3.25 l [&hellip;]<\/p>","protected":false},"featured_media":1968,"comment_status":"open","ping_status":"closed","template":"","meta":{"_et_pb_use_builder":"","_et_pb_old_content":"","_et_gb_content_width":""},"product_brand":[],"product_cat":[52],"product_tag":[],"class_list":{"0":"post-1966","1":"product","2":"type-product","3":"status-publish","4":"has-post-thumbnail","6":"product_cat-lawn-mower-gearbox","8":"first","9":"instock","10":"shipping-taxable","11":"product-type-simple"},"_links":{"self":[{"href":"https:\/\/fmp-components.com\/tr\/wp-json\/wp\/v2\/product\/1966","targetHints":{"allow":["GET"]}}],"collection":[{"href":"https:\/\/fmp-components.com\/tr\/wp-json\/wp\/v2\/product"}],"about":[{"href":"https:\/\/fmp-components.com\/tr\/wp-json\/wp\/v2\/types\/product"}],"replies":[{"embeddable":true,"href":"https:\/\/fmp-components.com\/tr\/wp-json\/wp\/v2\/comments?post=1966"}],"wp:featuredmedia":[{"embeddable":true,"href":"https:\/\/fmp-components.com\/tr\/wp-json\/wp\/v2\/media\/1968"}],"wp:attachment":[{"href":"https:\/\/fmp-components.com\/tr\/wp-json\/wp\/v2\/media?parent=1966"}],"wp:term":[{"taxonomy":"product_brand","embeddable":true,"href":"https:\/\/fmp-components.com\/tr\/wp-json\/wp\/v2\/product_brand?post=1966"},{"taxonomy":"product_cat","embeddable":true,"href":"https:\/\/fmp-components.com\/tr\/wp-json\/wp\/v2\/product_cat?post=1966"},{"taxonomy":"product_tag","embeddable":true,"href":"https:\/\/fmp-components.com\/tr\/wp-json\/wp\/v2\/product_tag?post=1966"}],"curies":[{"name":"wp","href":"https:\/\/api.w.org\/{rel}","templated":true}]}}