{"id":1956,"date":"2024-12-26T03:32:54","date_gmt":"2024-12-26T03:32:54","guid":{"rendered":"https:\/\/fmp-components.com\/?page_id=8"},"modified":"2024-12-26T03:46:48","modified_gmt":"2024-12-26T03:46:48","slug":"agricultural-lawnmower-gearbox-fmp-lf205","status":"publish","type":"product","link":"https:\/\/fmp-components.com\/tr\/product\/agricultural-lawnmower-gearbox-fmp-lf205\/","title":{"rendered":"Tar\u0131m \u00c7im Bi\u00e7me Makinesi \u015eanz\u0131man FMP-LF205"},"content":{"rendered":"<h2>Tar\u0131m \u00c7im Bi\u00e7me Makinesi \u015eanz\u0131man \u00d6zellikleri:<\/h2>\n<p><img loading=\"lazy\" decoding=\"async\" class=\"alignnone size-full wp-image-1959\" src=\"https:\/\/fmp-components.com\/wp-content\/uploads\/2024\/12\/FMP_agricultural-gearbox-1.webp\" alt=\"FMP_tar\u0131msal-di\u015fli-kutusu-1\" width=\"1000\" height=\"500\" title=\"\" srcset=\"https:\/\/fmp-components.com\/wp-content\/uploads\/2024\/12\/FMP_agricultural-gearbox-1.webp 1000w, https:\/\/fmp-components.com\/wp-content\/uploads\/2024\/12\/FMP_agricultural-gearbox-1-980x490.webp 980w, https:\/\/fmp-components.com\/wp-content\/uploads\/2024\/12\/FMP_agricultural-gearbox-1-480x240.webp 480w\" sizes=\"(min-width: 0px) and (max-width: 480px) 480px, (min-width: 481px) and (max-width: 980px) 980px, (min-width: 981px) 1000px, 100vw\" \/><\/p>\n<table style=\"width: 100.31%; height: 347px;\" border=\"1\">\n<tbody>\n<tr>\n<td style=\"width: 30.4957%;\"><strong>\u00d6\u011eE<\/strong><\/td>\n<td style=\"width: 68.8578%;\">FMP-LF205<\/td>\n<\/tr>\n<tr>\n<td style=\"width: 30.4957%;\"><strong>Oran<\/strong><\/td>\n<td style=\"width: 68.8578%;\">1:1.93\/1:1.46<\/td>\n<\/tr>\n<tr>\n<td style=\"width: 30.4957%;\"><strong>Di\u015fler<\/strong><\/td>\n<td style=\"width: 68.8578%;\">23\/12 22\/15<\/td>\n<\/tr>\n<tr>\n<td style=\"width: 30.4957%;\"><strong>Mod\u00fcl<\/strong><\/td>\n<td style=\"width: 68.8578%;\">5.0 \/ 5.0<\/td>\n<\/tr>\n<tr>\n<td style=\"width: 30.4957%;\"><strong>G\u00fc\u00e7 (HP)<\/strong><\/td>\n<td style=\"width: 68.8578%;\">30<\/td>\n<\/tr>\n<tr>\n<td style=\"width: 30.4957%;\"><strong>Anma Giri\u015fi<\/strong><\/td>\n<td style=\"width: 68.8578%;\">540 devir\/dakika<\/td>\n<\/tr>\n<tr>\n<td style=\"width: 30.4957%;\"><strong>Giri\u015f\/\u00c7\u0131k\u0131\u015f A\u00e7\u0131klamas\u0131<\/strong><\/td>\n<td style=\"width: 68.8578%;\">1-3\/8 Z6 Optik Eksen<\/p>\n<p>Konik Spline<\/td>\n<\/tr>\n<tr>\n<td style=\"width: 30.4957%;\"><strong>A\u011f\u0131rl\u0131k (KB)<\/strong><\/td>\n<td style=\"width: 68.8578%;\">19kg<\/td>\n<\/tr>\n<\/tbody>\n<\/table>\n<h2>A\u015fa\u011f\u0131daki Marka ve Modellere Uygundur<\/h2>\n<p>K\u00f6\u015fe Bi\u00e7me Makinas\u0131n\u0131n De\u011fi\u015ftirilmesi: LF-205-J<\/p>\n<div class=\"rNotes\"><strong>\u00c7apraz Referanslar:<\/strong><\/div>\n<p><strong>Yerine ge\u00e7er:<\/strong>\u00a0K\u00d6\u015eE<strong><br \/>\n<\/strong>U9.135.808.10, U9.205.808.00, U913580810, 9.135.029.00, 913502900<\/p>\n<h3>Tar\u0131m \u00c7im Bi\u00e7me Makinesi \u015eanz\u0131man\u0131n\u0131n \u00d6zellikleri<\/h3>\n<p>Tar\u0131msal \u00e7im bi\u00e7me makinesi di\u015fli kutular\u0131, d\u00f6ner bi\u00e7me makinelerinin \u00e7im, yabani ot ve di\u011fer bitkileri etkili bir \u015fekilde kesmesini sa\u011flayan temel bile\u015fenlerdir. Bu di\u015fli kutular\u0131, tar\u0131msal uygulamalar\u0131n zorlu gereksinimlerini kar\u015f\u0131layacak ve sorunsuz ve verimli bir \u00e7al\u0131\u015fma sa\u011flayacak \u015fekilde tasarlanm\u0131\u015ft\u0131r. Tar\u0131msal \u00e7im bi\u00e7me makinesi di\u015fli kutular\u0131n\u0131n temel \u00f6zellikleri a\u015fa\u011f\u0131dad\u0131r:<\/p>\n<h4>Verimli G\u00fc\u00e7 Aktar\u0131m\u0131<\/h4>\n<p>Bir \u00e7im bi\u00e7me makinesindeki \u015fanz\u0131man, g\u00fcc\u00fcn trakt\u00f6r motorundan bi\u00e7me makinesinin b\u0131\u00e7aklar\u0131na aktar\u0131lmas\u0131nda kritik bir rol oynar. B\u0131\u00e7aklar\u0131n optimum h\u0131z ve torkta d\u00f6nmesini sa\u011flayarak yo\u011fun veya uzun \u00e7imlerde bile verimli bir kesim sa\u011flar. Do\u011fru g\u00fc\u00e7 aktar\u0131m\u0131, tutarl\u0131 bir kesme performans\u0131n\u0131n korunmas\u0131na yard\u0131mc\u0131 olur, motor \u00fczerindeki y\u00fck\u00fc azalt\u0131r ve genel verimlili\u011fi art\u0131r\u0131r.<\/p>\n<h4>Dayan\u0131kl\u0131 Yap\u0131<\/h4>\n<p>Tar\u0131msal \u00e7im bi\u00e7me makinesi \u015fanz\u0131manlar\u0131, zorlu ortamlarda a\u011f\u0131r hizmet kullan\u0131m\u0131na dayanacak \u015fekilde \u00fcretilmi\u015ftir. D\u00f6kme demir veya al\u00fcminyum ala\u015f\u0131mlar\u0131 gibi y\u00fcksek kaliteli malzemelerden \u00fcretilen bu \u015fanz\u0131manlar, a\u015f\u0131nmaya, korozyona ve darbeye dayan\u0131kl\u0131d\u0131r. Sa\u011flam yap\u0131s\u0131, \u015fanz\u0131man\u0131n uzun s\u00fcreli s\u00fcrekli \u00e7al\u0131\u015fman\u0131n getirdi\u011fi stres ve y\u00fck\u00fc kald\u0131rabilmesini sa\u011flayarak g\u00fcvenilirli\u011fini ve \u00f6mr\u00fcn\u00fc art\u0131r\u0131r.<\/p>\n<h4>P\u00fcr\u00fczs\u00fcz \u00c7al\u0131\u015fma ve Azalt\u0131lm\u0131\u015f Titre\u015fim<\/h4>\n<p>\u0130yi tasarlanm\u0131\u015f bir \u00e7im bi\u00e7me makinesi \u015fanz\u0131man\u0131, titre\u015fimi ve mekanik stresi en aza indirerek sorunsuz bir \u00e7al\u0131\u015fma sa\u011flar. Bu, hassas m\u00fchendislik ve y\u00fcksek kaliteli rulmanlar, di\u015fliler ve ya\u011flama kullan\u0131m\u0131yla sa\u011flan\u0131r. Sorunsuz \u00e7al\u0131\u015fma, \u015fanz\u0131man\u0131n \u00f6mr\u00fcn\u00fc uzatman\u0131n yan\u0131 s\u0131ra b\u0131\u00e7aklar ve motor gibi \u00e7im bi\u00e7me makinesinin di\u011fer bile\u015fenlerindeki a\u015f\u0131nma ve y\u0131pranmay\u0131 da azalt\u0131r.<\/p>\n<h4>Bi\u00e7me G\u00f6revlerinde \u00c7ok Y\u00f6nl\u00fcl\u00fck<\/h4>\n<p>\u00c7im bi\u00e7me makinesi \u015fanz\u0131manlar\u0131 \u00e7ok y\u00f6nl\u00fcd\u00fcr ve \u00e7e\u015fitli bi\u00e7me gereksinimlerini kar\u015f\u0131layacak \u015fekilde tasarlanabilir. Baz\u0131 \u015fanz\u0131manlar, bitki t\u00fcr\u00fcne veya araziye ba\u011fl\u0131 olarak farkl\u0131 kesme modlar\u0131na olanak tan\u0131yan ayarlanabilir h\u0131zlar sunar. \u00c7ok h\u0131zl\u0131 \u015fanz\u0131manlar, \u00e7im bi\u00e7mekten yabani otlar ve k\u00fc\u00e7\u00fck \u00e7al\u0131lar gibi daha sert bitkilerle m\u00fccadeleye kadar \u00e7e\u015fitli g\u00f6revlerin \u00fcstesinden gelmek i\u00e7in genellikle tercih edilir.<\/p>\n<h4>Belirli \u0130htiya\u00e7lara G\u00f6re \u00d6zelle\u015ftirme<\/h4>\n<p>FMP de dahil olmak \u00fczere bir\u00e7ok \u00fcretici, m\u00fc\u015fterilerin \u00f6zel ihtiya\u00e7lar\u0131n\u0131 kar\u015f\u0131lamak \u00fczere tasarlanm\u0131\u015f, \u00f6zel \u00fcretim \u00e7im bi\u00e7me makinesi \u015fanz\u0131manlar\u0131 sunmaktad\u0131r. \u0130ster kesme y\u00fcksekli\u011fini ayarlamak, ister daha zorlu g\u00f6revler i\u00e7in daha fazla tork sa\u011flamak, ister \u015fanz\u0131man\u0131 daha b\u00fcy\u00fck bir bi\u00e7me makinesi sistemine entegre etmek olsun, \u00f6zel \u00e7\u00f6z\u00fcmler \u015fanz\u0131man\u0131n t\u00fcm bi\u00e7me makinesi kurulumuyla verimli bir \u015fekilde \u00e7al\u0131\u015fmas\u0131n\u0131 sa\u011flar.<\/p>\n<p>Tar\u0131msal \u00e7im bi\u00e7me makinesi \u015fanz\u0131manlar\u0131, zorlu ko\u015fullar alt\u0131nda g\u00fcvenilir, verimli ve uzun \u00f6m\u00fcrl\u00fc performans sunmak \u00fczere tasarlanm\u0131\u015ft\u0131r. Dayan\u0131kl\u0131l\u0131klar\u0131, \u00e7ok y\u00f6nl\u00fcl\u00fckleri ve d\u00fc\u015f\u00fck bak\u0131m ihtiya\u00e7lar\u0131, geni\u015f \u00e7im ve bitki alanlar\u0131n\u0131 korumak i\u00e7in g\u00fcvenilir ekipmanlara ihtiya\u00e7 duyan \u00e7ift\u00e7iler, peyzaj mimarlar\u0131 ve bah\u00e7e bak\u0131m profesyonelleri i\u00e7in onlar\u0131 vazge\u00e7ilmez k\u0131lmaktad\u0131r.<\/p>\n<p><img loading=\"lazy\" decoding=\"async\" class=\"alignnone wp-image-1961\" src=\"https:\/\/fmp-components.com\/wp-content\/uploads\/2024\/12\/Lawn-Mower-Gearbox-1.webp\" alt=\"\u00c7im Bi\u00e7me Makinesi \u015eanz\u0131man\u0131\" width=\"943\" height=\"630\" title=\"\" srcset=\"https:\/\/fmp-components.com\/wp-content\/uploads\/2024\/12\/Lawn-Mower-Gearbox-1.webp 943w, https:\/\/fmp-components.com\/wp-content\/uploads\/2024\/12\/Lawn-Mower-Gearbox-1-480x321.webp 480w\" sizes=\"(min-width: 0px) and (max-width: 480px) 480px, (min-width: 481px) 943px, 100vw\" \/><\/p>\n<h3>FMP Hakk\u0131nda<\/h3>\n<p>FMP, tar\u0131m makineleri i\u00e7in di\u015fli kutusu tasar\u0131m\u0131 ve \u00fcretiminde uzmanla\u015fm\u0131\u015f, \u0130talya merkezli lider bir di\u015fli kutusu \u00fcreticisidir. Kalite ve hassasiyete b\u00fcy\u00fck \u00f6nem vererek, \u00e7im bi\u00e7me makinesi di\u015fli kutular\u0131 ve PTO \u015faftlar\u0131 gibi tamamlay\u0131c\u0131 \u00fcr\u00fcnler de dahil olmak \u00fczere geni\u015f bir di\u015fli kutusu yelpazesi sunuyoruz. Amac\u0131m\u0131z, hem bireysel \u00fcr\u00fcnler hem de komple sistemlerle m\u00fc\u015fterilerimizin benzersiz ihtiya\u00e7lar\u0131n\u0131 kar\u015f\u0131layarak, tar\u0131m ve end\u00fcstriyel pazarlar i\u00e7in \u00f6zel \u00e7\u00f6z\u00fcmler sunmakt\u0131r.<\/p>\n<p>FMP olarak, her m\u00fc\u015fterinin kendine \u00f6zg\u00fc ihtiya\u00e7lar\u0131 oldu\u011funun bilincindeyiz ve bu ihtiya\u00e7lar\u0131 kar\u015f\u0131layacak \u00e7\u00f6z\u00fcmleri \u00f6zelle\u015ftirebilme yetene\u011fimizle gurur duyuyoruz. \u0130ster belirli bir \u015fanz\u0131man ister tamamen entegre bir \u00e7\u00f6z\u00fcm ar\u0131yor olun, en etkili \u00fcr\u00fcnleri geli\u015ftirmek i\u00e7in sizinle yak\u0131n bir \u015fekilde \u00e7al\u0131\u015f\u0131yoruz. M\u00fc\u015fteri memnuniyetine olan ba\u011fl\u0131l\u0131\u011f\u0131m\u0131z, her m\u00fc\u015fterinin en iyi tavsiye ve deste\u011fi almas\u0131n\u0131 sa\u011flayarak, sorulara h\u0131zl\u0131 ve profesyonel yan\u0131tlar\u0131m\u0131zda a\u00e7\u0131k\u00e7a g\u00f6r\u00fclmektedir.<\/p>\n<p>M\u00fc\u015fterilerimizle, \u00f6zellikle yeni \u00fcr\u00fcn geli\u015ftirme konusunda a\u00e7\u0131k ve s\u00fcrekli ileti\u015fime inan\u0131yoruz. Uzman ekibimiz, m\u00fc\u015fterilerimizin zorluklar\u0131n\u0131 anlamak ve en etkili \u00e7\u00f6z\u00fcmleri olu\u015fturmak i\u00e7in de\u011ferli katk\u0131larda bulunmak \u00fczere onlarla etkile\u015fime ge\u00e7iyor. \u0130ster yeni bir proje ister mevcut bir sipari\u015f olsun, en y\u00fcksek kalitede \u00fcr\u00fcnleri h\u0131zl\u0131 ve verimli bir \u015fekilde sunmaya kendimizi adad\u0131k.<\/p>\n<p>Kalite, yapt\u0131\u011f\u0131m\u0131z her \u015feyin merkezinde yer al\u0131r. \u00dcretim stratejimiz, \"y\u00fcksek standartlar, y\u00fcksek hassasiyet ve s\u0131f\u0131r hata\" ilkesi \u00fczerine kuruludur. Teslim etti\u011fimiz her \u00fcr\u00fcn\u00fcn en y\u00fcksek sekt\u00f6r standartlar\u0131n\u0131 kar\u015f\u0131lad\u0131\u011f\u0131ndan emin olmak i\u00e7in s\u0131k\u0131 kalite kontrol prosed\u00fcrlerine ba\u011fl\u0131 kal\u0131yoruz. Kaliteye odaklanmam\u0131z, ekip \u00e7al\u0131\u015fmas\u0131, d\u00fcr\u00fcstl\u00fck ve azim taahh\u00fcd\u00fcm\u00fczle birlikte, yakla\u015f\u0131k 30 \u00fclkedeki m\u00fc\u015fterilerimizle kal\u0131c\u0131 ortakl\u0131klar kurmam\u0131za yard\u0131mc\u0131 oldu.<\/p>\n<p>D\u00fcnyan\u0131n d\u00f6rt bir yan\u0131ndaki m\u00fc\u015fterilerimizi bizimle i\u015f birli\u011fi yapmaya davet ediyor ve uzman tavsiyeleri ve \u00f6zelle\u015ftirilmi\u015f \u00e7\u00f6z\u00fcmler sunmaya her zaman haz\u0131r\u0131z. FMP olarak, teknik zorluklar\u0131n\u0131z\u0131 \u00e7\u00f6zmeye ve ba\u015far\u0131n\u0131z\u0131 desteklemeye kararl\u0131y\u0131z. Hizmetimiz sadece \u00fcr\u00fcn sa\u011flamakla ilgili de\u011fil; ortak ba\u015far\u0131ya yol a\u00e7an ili\u015fkiler kurmakla da ilgilidir.<\/p>\n<p><img loading=\"lazy\" decoding=\"async\" class=\"alignnone size-full wp-image-1861\" src=\"https:\/\/fmp-components.com\/wp-content\/uploads\/2024\/12\/Other-Agricultural-Gearboxes.webp\" sizes=\"(min-width: 0px) and (max-width: 480px) 480px, (min-width: 481px) and (max-width: 980px) 980px, (min-width: 981px) 1200px, 100vw\" srcset=\"https:\/\/fmp-components.com\/wp-content\/uploads\/2024\/12\/Other-Agricultural-Gearboxes.webp 1200w, https:\/\/fmp-components.com\/wp-content\/uploads\/2024\/12\/Other-Agricultural-Gearboxes-980x1143.webp 980w, https:\/\/fmp-components.com\/wp-content\/uploads\/2024\/12\/Other-Agricultural-Gearboxes-480x560.webp 480w\" alt=\"Altri-cambi-agricoli\" width=\"1200\" height=\"1400\" title=\"\"><\/p>\n<p>Yazar: CX<\/p>","protected":false},"excerpt":{"rendered":"<p>Agricultural Lawnmower Gearbox Specifications: ITEM FMP-LF205 Ratio 1:1.93\/1:1.46 Teeth 23\/12 22\/15 Module 5.0 \/ 5.0 Power(HP) 30 Rated Input 540rpm Input\/Output Description 1-3\/8 Z6 Optic Axis Taper Spline Weight(N.W) 19KG Fits the Following Makes and Models Replacement of Comer FINISHING MOWER: LF-205-J Cross References: Replaces:\u00a0COMER U9.135.808.10, U9.205.808.00 , U913580810 , 9.135.029.00 , 913502900 Features of [&hellip;]<\/p>","protected":false},"featured_media":1960,"comment_status":"open","ping_status":"closed","template":"","meta":{"_et_pb_use_builder":"","_et_pb_old_content":"","_et_gb_content_width":""},"product_brand":[],"product_cat":[52],"product_tag":[],"class_list":{"0":"post-1956","1":"product","2":"type-product","3":"status-publish","4":"has-post-thumbnail","6":"product_cat-lawn-mower-gearbox","8":"first","9":"instock","10":"shipping-taxable","11":"product-type-simple"},"_links":{"self":[{"href":"https:\/\/fmp-components.com\/tr\/wp-json\/wp\/v2\/product\/1956","targetHints":{"allow":["GET"]}}],"collection":[{"href":"https:\/\/fmp-components.com\/tr\/wp-json\/wp\/v2\/product"}],"about":[{"href":"https:\/\/fmp-components.com\/tr\/wp-json\/wp\/v2\/types\/product"}],"replies":[{"embeddable":true,"href":"https:\/\/fmp-components.com\/tr\/wp-json\/wp\/v2\/comments?post=1956"}],"wp:featuredmedia":[{"embeddable":true,"href":"https:\/\/fmp-components.com\/tr\/wp-json\/wp\/v2\/media\/1960"}],"wp:attachment":[{"href":"https:\/\/fmp-components.com\/tr\/wp-json\/wp\/v2\/media?parent=1956"}],"wp:term":[{"taxonomy":"product_brand","embeddable":true,"href":"https:\/\/fmp-components.com\/tr\/wp-json\/wp\/v2\/product_brand?post=1956"},{"taxonomy":"product_cat","embeddable":true,"href":"https:\/\/fmp-components.com\/tr\/wp-json\/wp\/v2\/product_cat?post=1956"},{"taxonomy":"product_tag","embeddable":true,"href":"https:\/\/fmp-components.com\/tr\/wp-json\/wp\/v2\/product_tag?post=1956"}],"curies":[{"name":"wp","href":"https:\/\/api.w.org\/{rel}","templated":true}]}}