{"id":1952,"date":"2024-12-26T02:38:39","date_gmt":"2024-12-26T02:38:39","guid":{"rendered":"https:\/\/fmp-components.com\/?page_id=8"},"modified":"2024-12-26T02:54:44","modified_gmt":"2024-12-26T02:54:44","slug":"rotary-mower-gearbox-replacement-of-comer-code-t-305j","status":"publish","type":"product","link":"https:\/\/fmp-components.com\/tr\/product\/rotary-mower-gearbox-replacement-of-comer-code-t-305j\/","title":{"rendered":"D\u00f6ner Bi\u00e7me Makinesi \u015eanz\u0131man Kutusu \u2013 K\u00f6\u015fe Kodu T-305J'nin De\u011fi\u015ftirilmesi"},"content":{"rendered":"<p><img loading=\"lazy\" decoding=\"async\" class=\"size-full wp-image-1955 aligncenter\" src=\"https:\/\/fmp-components.com\/wp-content\/uploads\/2024\/12\/rotary-mower-gearbox-t305j.webp\" alt=\"d\u00f6ner bi\u00e7me makinesi-\u015fanz\u0131man-t305j\" width=\"300\" height=\"300\" title=\"\" srcset=\"https:\/\/fmp-components.com\/wp-content\/uploads\/2024\/12\/rotary-mower-gearbox-t305j.webp 300w, https:\/\/fmp-components.com\/wp-content\/uploads\/2024\/12\/rotary-mower-gearbox-t305j-150x150.webp 150w, https:\/\/fmp-components.com\/wp-content\/uploads\/2024\/12\/rotary-mower-gearbox-t305j-12x12.webp 12w, https:\/\/fmp-components.com\/wp-content\/uploads\/2024\/12\/rotary-mower-gearbox-t305j-100x100.webp 100w\" sizes=\"(max-width: 300px) 100vw, 300px\" \/><\/p>\n<h2>T-305J D\u00f6ner Bi\u00e7me Makinesi \u015eanz\u0131man\u0131n\u0131n \u00d6zellikleri<\/h2>\n<p><img loading=\"lazy\" decoding=\"async\" class=\"alignnone wp-image-1954\" src=\"https:\/\/fmp-components.com\/wp-content\/uploads\/2024\/12\/rotary-mower-gearbox-specifications-t305j.webp\" alt=\"d\u00f6ner bi\u00e7me makinesi-di\u015fli kutusu-\u00f6zellikleri-t305j\" width=\"932\" height=\"785\" title=\"\" srcset=\"https:\/\/fmp-components.com\/wp-content\/uploads\/2024\/12\/rotary-mower-gearbox-specifications-t305j.webp 932w, https:\/\/fmp-components.com\/wp-content\/uploads\/2024\/12\/rotary-mower-gearbox-specifications-t305j-480x404.webp 480w\" sizes=\"(min-width: 0px) and (max-width: 480px) 480px, (min-width: 481px) 932px, 100vw\" \/><\/p>\n<table style=\"width: 101.273%; height: 159px;\" border=\"1\">\n<tbody>\n<tr>\n<td rowspan=\"2\"><strong>Ben<\/strong><\/td>\n<td rowspan=\"2\"><strong>N<sub>1<\/sub>[dev\/dak]<\/strong><\/td>\n<td rowspan=\"2\"><strong>P<sub>1<\/sub>[kW]<\/strong><\/td>\n<td rowspan=\"2\"><strong>M<sub>2<\/sub>[Nm]<\/strong><\/td>\n<td colspan=\"3\"><strong>\u015eaft Tipi<\/strong><\/td>\n<td rowspan=\"2\"><strong>Giri\u015f<\/strong><\/td>\n<\/tr>\n<tr>\n<td><strong>X<\/strong><\/td>\n<td><strong>Y<\/strong><\/td>\n<td><strong>Z<\/strong><\/td>\n<\/tr>\n<tr>\n<td>1.35<\/td>\n<td>540<\/td>\n<td>183.8<\/td>\n<td>2335<\/td>\n<td>\u201d 3\/4 Z20<\/td>\n<td>1\u201d 3\/4 Z20<\/td>\n<td>\u201d 3\/4 Z20<\/td>\n<td>X<\/td>\n<\/tr>\n<tr>\n<td>1.20<\/td>\n<td>1000<\/td>\n<td>183.8<\/td>\n<td>2043<\/td>\n<td>\u201d 3\/4 Z20<\/td>\n<td>\u201d 3\/4 Z20<\/td>\n<td>\u201d 3\/4 Z20<\/td>\n<td>X<\/td>\n<\/tr>\n<tr>\n<td>1.35<\/td>\n<td>1000<\/td>\n<td>183.8<\/td>\n<td>2298<\/td>\n<td>\u201d 3\/4 Z20<\/td>\n<td>\u201d 3\/4 Z20<\/td>\n<td>\u201d 3\/4 Z20<\/td>\n<td>X<\/td>\n<\/tr>\n<\/tbody>\n<\/table>\n<h3>D\u00f6ner Bi\u00e7me Makinesi \u015eanz\u0131man\u0131n\u0131n \u00d6zellikleri<\/h3>\n<h4>1. Verimli G\u00fc\u00e7 Aktar\u0131m\u0131<\/h4>\n<p>\u015eanz\u0131man, trakt\u00f6r motorundan bi\u00e7me makinesinin b\u0131\u00e7aklar\u0131na g\u00fc\u00e7 aktar\u0131m\u0131nda merkezi bir rol oynar. Bu verimli \u015fanz\u0131man, b\u0131\u00e7aklar\u0131n optimum h\u0131z ve torkta d\u00f6nmesini sa\u011flayarak bi\u00e7me makinesinin \u00e7im ve di\u011fer bitkileri sorunsuz bir \u015fekilde bi\u00e7mesini sa\u011flar. \u015eanz\u0131man\u0131n tutarl\u0131 g\u00fc\u00e7 aktar\u0131m\u0131n\u0131 s\u00fcrd\u00fcrme yetene\u011fi, yo\u011fun \u00e7im veya engebeli arazi gibi zorlu ko\u015fullarda bile verimli bi\u00e7me sa\u011flar.<\/p>\n<h4>2. Dayan\u0131kl\u0131l\u0131k ve Uzun \u00d6m\u00fcr<\/h4>\n<p>D\u00f6ner bi\u00e7me makinesi di\u015fli kutular\u0131, a\u011f\u0131r hizmet tipi kullan\u0131ma ve zorlu ko\u015fullara dayanacak \u015fekilde tasarlanm\u0131\u015ft\u0131r. D\u00f6kme demir, \u00e7elik veya al\u00fcminyum ala\u015f\u0131mlar\u0131 gibi y\u00fcksek kaliteli malzemelerden \u00fcretilen bu di\u015fli kutular\u0131, a\u015f\u0131nma, korozyon ve yorgunlu\u011fa kar\u015f\u0131 diren\u00e7 sa\u011flar. Bu sa\u011flam yap\u0131, di\u015fli kutusunun uzun s\u00fcreler boyunca etkili bir \u015fekilde \u00e7al\u0131\u015fmas\u0131n\u0131 sa\u011flayarak s\u0131k onar\u0131m veya de\u011fi\u015ftirme ihtiyac\u0131n\u0131 azalt\u0131r ve uzun s\u00fcreli, g\u00fcvenilir kullan\u0131m i\u00e7in uygun hale getirir.<\/p>\n<h4>3. Azalt\u0131lm\u0131\u015f Bak\u0131m Gereksinimleri<\/h4>\n<p>Dayan\u0131kl\u0131 tasar\u0131mlar\u0131 ve verimli dahili bile\u015fenleri sayesinde d\u00f6ner bi\u00e7me makinesi di\u015fli kutular\u0131, di\u011fer bi\u00e7me makinesi tahriklerine k\u0131yasla daha az bak\u0131m gerektirir. Kaliteli malzeme ve ya\u011flama kullan\u0131m\u0131, s\u00fcrt\u00fcnme ve a\u015f\u0131nmay\u0131 en aza indirmeye yard\u0131mc\u0131 olur ve bu da onar\u0131m ve de\u011fi\u015ftirme s\u0131kl\u0131\u011f\u0131n\u0131 azalt\u0131r. Bu, bi\u00e7me makinesi i\u00e7in daha d\u00fc\u015f\u00fck i\u015fletme maliyetleri ve daha uzun \u00e7al\u0131\u015fma s\u00fcresi sa\u011flayarak, hem k\u00fc\u00e7\u00fck hem de b\u00fcy\u00fck \u00f6l\u00e7ekli i\u015fletmeler i\u00e7in daha ekonomik bir se\u00e7enek haline getirir.<\/p>\n<h4>4. Geli\u015fmi\u015f Kesme Performans\u0131<\/h4>\n<p>Hassas tasar\u0131ml\u0131 \u015fanz\u0131man, bi\u00e7me makinesi b\u0131\u00e7aklar\u0131n\u0131n do\u011fru h\u0131z ve torkta \u00e7al\u0131\u015fmas\u0131n\u0131 sa\u011flayarak her seferinde temiz ve e\u015fit bir kesim sa\u011flar. \u0130ster \u00e7im, ister yabani ot veya k\u00fc\u00e7\u00fck \u00e7al\u0131lar olsun, \u015fanz\u0131man, bi\u00e7me makinesinin yo\u011fun bitki \u00f6rt\u00fcs\u00fc ve engebeli zeminle daha etkili bir \u015fekilde ba\u015fa \u00e7\u0131kmas\u0131n\u0131 sa\u011flar. Bu istikrarl\u0131 kesme performans\u0131, \u00f6zellikle y\u00fcksek kaliteli sonu\u00e7lar\u0131n \u00f6ncelikli oldu\u011fu peyzaj ve tar\u0131m i\u015fleri i\u00e7in faydal\u0131d\u0131r.<\/p>\n<h4>5. \u00c7ok Y\u00f6nl\u00fcl\u00fck ve \u00d6zelle\u015ftirme<\/h4>\n<p>D\u00f6ner bi\u00e7me makinesi \u015fanz\u0131manlar\u0131, farkl\u0131 uygulamalara uyum sa\u011flamak i\u00e7in tek h\u0131zl\u0131 veya \u00e7ok h\u0131zl\u0131 modeller gibi \u00e7e\u015fitli konfig\u00fcrasyonlarda gelir. FMP de dahil olmak \u00fczere bir\u00e7ok \u00fcretici, \u015fanz\u0131man\u0131n kesme y\u00fcksekli\u011fini ayarlama veya zorlu bi\u00e7me ko\u015fullar\u0131 i\u00e7in ek tork sa\u011flama gibi belirli g\u00f6revlere g\u00f6re uyarlanmas\u0131na olanak tan\u0131yan \u00f6zelle\u015ftirme se\u00e7enekleri sunar. Bu esneklik, \u015fanz\u0131man\u0131 tar\u0131mdan belediye peyzaj\u0131na kadar \u00e7ok \u00e7e\u015fitli sekt\u00f6rler i\u00e7in uygun hale getirir.<\/p>\n<p>D\u00f6ner bi\u00e7me makinesi \u015fanz\u0131man\u0131, bi\u00e7me ekipmanlar\u0131n\u0131n performans\u0131n\u0131, g\u00fcvenilirli\u011fini ve maliyet etkinli\u011fini b\u00fcy\u00fck \u00f6l\u00e7\u00fcde art\u0131ran \u00f6nemli bir bile\u015fendir. G\u00fcc\u00fc verimli bir \u015fekilde aktararak, bak\u0131m gereksinimlerini azaltarak ve kesme performans\u0131n\u0131 iyile\u015ftirerek, bu \u015fanz\u0131manlar tar\u0131msal, end\u00fcstriyel ve peyzaj uygulamalar\u0131nda optimum \u00e7al\u0131\u015fma sa\u011flar. \u0130ster rutin \u00e7im bak\u0131m\u0131 ister zorlu tar\u0131msal i\u015fler i\u00e7in kullan\u0131ls\u0131n, y\u00fcksek kaliteli bir d\u00f6ner bi\u00e7me makinesi \u015fanz\u0131man\u0131, sorunsuz ve verimli bir bi\u00e7me i\u015flemi sa\u011flamak i\u00e7in \u00e7ok \u00f6nemlidir.<\/p>\n<p><img loading=\"lazy\" decoding=\"async\" class=\"alignnone  wp-image-1951\" src=\"https:\/\/fmp-components.com\/wp-content\/uploads\/2024\/12\/Rotary-Mower-Gearbox-211.webp\" alt=\"D\u00f6ner Bi\u00e7me Makinesi \u015eanz\u0131man\" width=\"923\" height=\"692\" title=\"\" srcset=\"https:\/\/fmp-components.com\/wp-content\/uploads\/2024\/12\/Rotary-Mower-Gearbox-211.webp 923w, https:\/\/fmp-components.com\/wp-content\/uploads\/2024\/12\/Rotary-Mower-Gearbox-211-480x360.webp 480w\" sizes=\"(min-width: 0px) and (max-width: 480px) 480px, (min-width: 481px) 923px, 100vw\" \/><\/p>\n<h3>FMP Hakk\u0131nda<\/h3>\n<p>\u0130talya merkezli FMP, y\u00fcksek kaliteli red\u00fckt\u00f6r, red\u00fckt\u00f6r ve m\u00fchendislik makinelerinin tasar\u0131m\u0131, geli\u015ftirilmesi ve \u00fcretiminde lider bir yenilik\u00e7idir. Yetenek geli\u015ftirmeye, s\u00fcrekli inovasyona ve m\u00fckemmellik sunmaya g\u00fc\u00e7l\u00fc bir \u015fekilde odaklanan FMP, makine m\u00fchendisli\u011fi sekt\u00f6r\u00fcnde hem yerel hem de k\u00fcresel \u00e7apta tan\u0131nan \u00f6nemli bir isim haline gelmi\u015ftir.<\/p>\n<p><strong>Geni\u015f \u00dcr\u00fcn Yelpazesi<\/strong><\/p>\n<p>FMP, a\u015fa\u011f\u0131dakiler de dahil olmak \u00fczere \u00e7e\u015fitli hassas m\u00fchendislik \u00fcr\u00fcnleri portf\u00f6y\u00fc sunmaktad\u0131r:<\/p>\n<ul>\n<li>Spiral Konik Red\u00fckt\u00f6rler<\/li>\n<li>Mahmuzlu Red\u00fckt\u00f6rler<\/li>\n<li>Sonsuz Di\u015fli Kutular\u0131<\/li>\n<li>Silindirik Red\u00fckt\u00f6rler<\/li>\n<li>Y\u00fcksek Bas\u0131n\u00e7l\u0131 D\u00f6k\u00fcm Vana G\u00f6vdeleri ve Muhafazalar\u0131<\/li>\n<\/ul>\n<p>Bu \u00fcr\u00fcnlerin her biri, geni\u015f yelpazedeki end\u00fcstriyel uygulamalarda en y\u00fcksek performans ve g\u00fcvenilirlik standartlar\u0131n\u0131 kar\u015f\u0131layacak \u015fekilde titizlikle tasarlanm\u0131\u015ft\u0131r.<\/p>\n<p><strong>End\u00fcstriler Aras\u0131 Geni\u015f Uygulamalar<\/strong><\/p>\n<p>FMP \u00fcr\u00fcnleri, hem end\u00fcstriyel hem de tar\u0131msal ihtiya\u00e7lar i\u00e7in \u00e7ok y\u00f6nl\u00fc \u00e7\u00f6z\u00fcmler sunarak \u00e7e\u015fitli sekt\u00f6rlere hizmet vermektedir. Ba\u015fl\u0131ca uygulama alanlar\u0131 \u015funlard\u0131r:<\/p>\n<ul>\n<li><strong>Tar\u0131m:<\/strong> FMP red\u00fckt\u00f6rleri d\u00f6ner bi\u00e7me makineleri, kar temizleme makineleri, g\u00fcbre serpme makineleri ve tah\u0131l konvey\u00f6rleri gibi makinelerde kullan\u0131l\u0131r.<\/li>\n<li><strong>End\u00fcstriyel Ekipmanlar:<\/strong> FMP'nin di\u015fli kutular\u0131 ve bile\u015fenleri ayr\u0131ca petrol \u00e7\u0131karma, denizcilik uygulamalar\u0131 ve hidrolik m\u00fchendislik projeleri gibi sekt\u00f6rlerdeki makinelere destek sa\u011fl\u0131yor.<\/li>\n<\/ul>\n<p>Bu geni\u015f uygulama yelpazesi, FMP'nin farkl\u0131 sekt\u00f6rlerde verimlili\u011fi ve \u00fcretkenli\u011fi art\u0131ran \u00f6zel \u00e7\u00f6z\u00fcmler sunma becerisini g\u00f6stermektedir.<\/p>\n<p><strong>Geli\u015fmi\u015f \u00dcretim Yetenekleri<\/strong><\/p>\n<p>FMP'nin \u00fcretim s\u00fcreci, son teknoloji ve hassas i\u015f\u00e7ili\u011fi bir araya getirir. Her \u00fcr\u00fcn, bir dizi titiz ad\u0131mdan ge\u00e7erek \u00fcretilir:<\/p>\n<ul>\n<li><strong>\u00dcr\u00fcn Tasar\u0131m\u0131:<\/strong> \u015eanz\u0131man tiplerinin, malzemelerinin ve boyutlar\u0131n\u0131n se\u00e7imi de dahil olmak \u00fczere \u00f6zel spesifikasyonlar geli\u015ftirilir.<\/li>\n<li><strong>Malzeme Se\u00e7imi:<\/strong> FMP, dayan\u0131kl\u0131l\u0131k ve optimum performans sa\u011flamak i\u00e7in d\u00f6kme demir ve al\u00fcminyum ala\u015f\u0131mlar\u0131 gibi y\u00fcksek kaliteli malzemeler kullan\u0131r.<\/li>\n<li><strong>Hassas \u0130\u015fleme:<\/strong> Tornalama ve frezeleme gibi son teknoloji teknikler kullan\u0131larak y\u00fcksek do\u011frulukta par\u00e7alar \u00fcretiliyor.<\/li>\n<li><strong>Toplant\u0131:<\/strong> Di\u015fliler, yataklar ve miller gibi bile\u015fenler, uygun hizalama ve ya\u011flamay\u0131 sa\u011flamak i\u00e7in g\u00f6vdeye titizlikle monte edilmi\u015ftir.<\/li>\n<li><strong>Is\u0131l \u0130\u015flem:<\/strong> \u015eanz\u0131manlar, mukavemet ve a\u015f\u0131nma direncini art\u0131rmak i\u00e7in \u0131s\u0131l i\u015fleme tabi tutularak uzun \u00f6m\u00fcrl\u00fc dayan\u0131kl\u0131l\u0131k sa\u011flanmaktad\u0131r.<\/li>\n<li><strong>Y\u00fczey \u0130\u015flem:<\/strong> Red\u00fckt\u00f6rlerin esteti\u011fini ve korozyon direncini art\u0131rmak i\u00e7in parlatma ve toz boya gibi i\u015flemler uygulanmaktad\u0131r.<\/li>\n<li><strong>Kalite Kontrol:<\/strong> FMP, her \u00fcr\u00fcn\u00fcn gerekli performans kriterlerini kar\u015f\u0131lad\u0131\u011f\u0131ndan emin olmak i\u00e7in kapsaml\u0131 denetimler ve testler ger\u00e7ekle\u015ftirerek s\u0131k\u0131 kalite kontrol standartlar\u0131na uymaktad\u0131r.<\/li>\n<\/ul>\n<p><strong>Sekt\u00f6r \u0130tibar\u0131<\/strong><\/p>\n<p>FMP'nin kalite, inovasyon ve m\u00fc\u015fteri memnuniyetine olan ba\u011fl\u0131l\u0131\u011f\u0131, ona \u00fcretim sekt\u00f6r\u00fcnde g\u00fcvenilir bir ortak olarak sa\u011flam bir itibar kazand\u0131rm\u0131\u015ft\u0131r. \u015eirketin yakla\u015f\u0131m\u0131, ileri teknolojiyi yetenekli i\u015f\u00e7ilikle birle\u015ftirerek m\u00fc\u015fterilerine uzun vadeli de\u011fer sunmaktad\u0131r. FMP, g\u00fcvenilirlik ve m\u00fckemmelli\u011fe odaklanmaya devam ederken inovasyonun s\u0131n\u0131rlar\u0131n\u0131 zorlamaya devam etmektedir.<\/p>\n<p><strong>Bizimle Ortak Olun<\/strong><\/p>\n<p>FMP, k\u00fcresel m\u00fc\u015fteriler ve i\u015f ortaklar\u0131yla i\u015f birli\u011fi f\u0131rsatlar\u0131na her zaman a\u00e7\u0131kt\u0131r. \u0130ster y\u00fcksek kaliteli \u00fcr\u00fcnler ister \u00f6zelle\u015ftirilmi\u015f \u00e7\u00f6z\u00fcmler ar\u0131yor olun, \u00f6zel ihtiya\u00e7lar\u0131n\u0131z\u0131 kar\u015f\u0131lamak i\u00e7in gereken uzmanl\u0131\u011f\u0131 ve hizmeti sunmaya kararl\u0131y\u0131z. Daha fazla bilgi edinmek veya potansiyel i\u015f ortakl\u0131klar\u0131n\u0131 ke\u015ffetmek i\u00e7in l\u00fctfen telefon veya e-posta yoluyla bizimle ileti\u015fime ge\u00e7in. \u0130htiya\u00e7lar\u0131n\u0131za \u00f6zel, y\u00fcksek performansl\u0131 \u00e7\u00f6z\u00fcmler sunmak i\u00e7in sizinle birlikte \u00e7al\u0131\u015fmaktan mutluluk duyar\u0131z.<\/p>\n<p><img loading=\"lazy\" decoding=\"async\" class=\"alignnone size-full wp-image-1861\" src=\"https:\/\/fmp-components.com\/wp-content\/uploads\/2024\/12\/Other-Agricultural-Gearboxes.webp\" alt=\"Di\u011fer Tar\u0131msal \u015eanz\u0131manlar\" width=\"1200\" height=\"1400\" title=\"\" srcset=\"https:\/\/fmp-components.com\/wp-content\/uploads\/2024\/12\/Other-Agricultural-Gearboxes.webp 1200w, https:\/\/fmp-components.com\/wp-content\/uploads\/2024\/12\/Other-Agricultural-Gearboxes-980x1143.webp 980w, https:\/\/fmp-components.com\/wp-content\/uploads\/2024\/12\/Other-Agricultural-Gearboxes-480x560.webp 480w\" sizes=\"(min-width: 0px) and (max-width: 480px) 480px, (min-width: 481px) and (max-width: 980px) 980px, (min-width: 981px) 1200px, 100vw\" \/><\/p>\n<p>Yazar: CX<\/p>","protected":false},"excerpt":{"rendered":"<p>Specifications of\u00a0Rotary Mower Gearbox\u00a0T-305J i N1[rpm] P1[kW] M2[Nm] Shaft Type Input X Y Z 1.35 540 183.8 2335 &#8221; 3\/4 Z20 1&#8221; 3\/4 Z20 &#8221; 3\/4 Z20 X 1.20 1000 183.8 2043 &#8221; 3\/4 Z20 &#8221; 3\/4 Z20 &#8221; 3\/4 Z20 X 1.35 1000 183.8 2298 &#8221; 3\/4 Z20 &#8221; 3\/4 Z20 &#8221; 3\/4 Z20 [&hellip;]<\/p>","protected":false},"featured_media":1955,"comment_status":"open","ping_status":"closed","template":"","meta":{"_et_pb_use_builder":"","_et_pb_old_content":"","_et_gb_content_width":""},"product_brand":[],"product_cat":[51],"product_tag":[],"class_list":{"0":"post-1952","1":"product","2":"type-product","3":"status-publish","4":"has-post-thumbnail","6":"product_cat-rotary-mower-gearbox","8":"first","9":"instock","10":"shipping-taxable","11":"product-type-simple"},"_links":{"self":[{"href":"https:\/\/fmp-components.com\/tr\/wp-json\/wp\/v2\/product\/1952","targetHints":{"allow":["GET"]}}],"collection":[{"href":"https:\/\/fmp-components.com\/tr\/wp-json\/wp\/v2\/product"}],"about":[{"href":"https:\/\/fmp-components.com\/tr\/wp-json\/wp\/v2\/types\/product"}],"replies":[{"embeddable":true,"href":"https:\/\/fmp-components.com\/tr\/wp-json\/wp\/v2\/comments?post=1952"}],"wp:featuredmedia":[{"embeddable":true,"href":"https:\/\/fmp-components.com\/tr\/wp-json\/wp\/v2\/media\/1955"}],"wp:attachment":[{"href":"https:\/\/fmp-components.com\/tr\/wp-json\/wp\/v2\/media?parent=1952"}],"wp:term":[{"taxonomy":"product_brand","embeddable":true,"href":"https:\/\/fmp-components.com\/tr\/wp-json\/wp\/v2\/product_brand?post=1952"},{"taxonomy":"product_cat","embeddable":true,"href":"https:\/\/fmp-components.com\/tr\/wp-json\/wp\/v2\/product_cat?post=1952"},{"taxonomy":"product_tag","embeddable":true,"href":"https:\/\/fmp-components.com\/tr\/wp-json\/wp\/v2\/product_tag?post=1952"}],"curies":[{"name":"wp","href":"https:\/\/api.w.org\/{rel}","templated":true}]}}