{"id":1948,"date":"2024-12-26T02:24:20","date_gmt":"2024-12-26T02:24:20","guid":{"rendered":"https:\/\/fmp-components.com\/?page_id=8"},"modified":"2024-12-26T02:37:43","modified_gmt":"2024-12-26T02:37:43","slug":"rotary-mowers-gearboxes-replacement-of-comer-code-t-25j","status":"publish","type":"product","link":"https:\/\/fmp-components.com\/tr\/product\/rotary-mowers-gearboxes-replacement-of-comer-code-t-25j\/","title":{"rendered":"D\u00f6ner Bi\u00e7me Makinesi \u015eanz\u0131manlar\u0131 \u2013 K\u00f6\u015fe Kodu T-25J'nin De\u011fi\u015ftirilmesi"},"content":{"rendered":"<p><img loading=\"lazy\" decoding=\"async\" class=\"size-full wp-image-1949 aligncenter\" src=\"https:\/\/fmp-components.com\/wp-content\/uploads\/2024\/12\/Rotary-Mower-Gearbox24.webp\" alt=\"D\u00f6ner Bi\u00e7me Makinesi \u015eanz\u0131man\u0131\" width=\"500\" height=\"500\" title=\"\" srcset=\"https:\/\/fmp-components.com\/wp-content\/uploads\/2024\/12\/Rotary-Mower-Gearbox24.webp 500w, https:\/\/fmp-components.com\/wp-content\/uploads\/2024\/12\/Rotary-Mower-Gearbox24-480x480.webp 480w\" sizes=\"(min-width: 0px) and (max-width: 480px) 480px, (min-width: 481px) 500px, 100vw\" \/><\/p>\n<h2>D\u00f6ner Bi\u00e7me Makineleri \u015eanz\u0131manlar\u0131 - K\u00f6\u015fe Kodu T-25J'nin De\u011fi\u015ftirilmesi Teknik \u00d6zellikleri<\/h2>\n<table style=\"width: 100%;\" border=\"1\" width=\"100%\" cellspacing=\"0\" cellpadding=\"0\">\n<tbody>\n<tr>\n<th>Tan\u0131m<\/th>\n<td>D\u00f6ner Bi\u00e7me Makineleri \u015eanz\u0131manlar\u0131 \u2013 Comer T-25J h\u0131z artt\u0131r\u0131c\u0131n\u0131n de\u011fi\u015ftirilmesi<\/td>\n<\/tr>\n<tr>\n<th>Ba\u015fvuru<\/th>\n<td>\u00c7e\u015fitli (tar\u0131msal) uygulamalar, Bi\u00e7me makineleri, Kimyasal g\u00fcbre serpme makineleri, \u015eerit testereler<\/td>\n<\/tr>\n<tr>\n<th>\u015eunlardan olu\u015fur:<\/th>\n<td>Vites kutusu<\/td>\n<\/tr>\n<tr>\n<th>Ya\u011fs\u0131z<\/th>\n<td>Teknik Bilgiler<\/td>\n<\/tr>\n<tr>\n<th>Maksimum \u00c7\u0131k\u0131\u015f Torku<\/th>\n<td>22,7 daNm<\/td>\n<\/tr>\n<tr>\n<th>Ya\u011f \u0130\u00e7erir<\/th>\n<td>HAYIR<\/td>\n<\/tr>\n<tr>\n<th>Maksimum Ya\u011f Kapasitesi<\/th>\n<td>0,35 litre<\/td>\n<\/tr>\n<tr>\n<th>Maksimum Ya\u011f De\u011fi\u015fim Aral\u0131\u011f\u0131<\/th>\n<td>500 saat<\/td>\n<\/tr>\n<tr>\n<th>Ya\u011f SAE Viskozite S\u0131n\u0131f\u0131<\/th>\n<td>80W-90<\/td>\n<\/tr>\n<tr>\n<th>Konut Malzemesi<\/th>\n<td>Al\u00fcminyum<\/td>\n<\/tr>\n<tr>\n<th>A\u011f\u0131rl\u0131k<\/th>\n<td>4,1 kg<\/td>\n<\/tr>\n<tr>\n<th>Di\u015fli D\u00fczenlemesi Azaltma<\/th>\n<td>3 &#8211; 4<\/td>\n<\/tr>\n<tr>\n<th>Giri\u015f G\u00fcc\u00fc kW \/ HP Artan<\/th>\n<td>11 \/ 15 kW\/BG<\/td>\n<\/tr>\n<tr>\n<th>Giri\u015f Mili Artt\u0131r\u0131l\u0131yor<\/th>\n<td>X<\/td>\n<\/tr>\n<tr>\n<th>Giri\u015f Mili Azaltma<\/th>\n<td>Z<\/td>\n<\/tr>\n<tr>\n<th>Giri\u015f G\u00fcc\u00fc KW \/ HP Azaltma<\/th>\n<td>7 \/ 9,5 kW\/BG<\/td>\n<\/tr>\n<tr>\n<th>\u00c7\u0131k\u0131\u015f Torku DaNm Art\u0131yor<\/th>\n<td>9,9 daNm<\/td>\n<\/tr>\n<tr>\n<th>Oran Art\u0131yor<\/th>\n<td>1 : 1.9<\/td>\n<\/tr>\n<tr>\n<th>Oran Azaltma<\/th>\n<td>1.9 : 1<\/td>\n<\/tr>\n<tr>\n<th>\u015eaft X<\/th>\n<td>1 3\/8\u2033 (6) (A)<\/td>\n<\/tr>\n<tr>\n<th>\u015eaft Z<\/th>\n<td>22 (D)<\/td>\n<\/tr>\n<\/tbody>\n<\/table>\n<h2>D\u00f6ner Bi\u00e7me Makinesi \u015eanz\u0131manlar\u0131n\u0131n Avantajlar\u0131<\/h2>\n<p>D\u00f6ner bi\u00e7me makinesi di\u015fli kutular\u0131, peyzaj, tar\u0131m ve bah\u00e7e bak\u0131m\u0131nda kullan\u0131lan bi\u00e7me ekipmanlar\u0131n\u0131n performans\u0131n\u0131 ve g\u00fcvenilirli\u011fini \u00f6nemli \u00f6l\u00e7\u00fcde art\u0131ran temel bile\u015fenlerdir. G\u00fcc\u00fc verimli bir \u015fekilde aktararak, dayan\u0131kl\u0131l\u0131\u011f\u0131 art\u0131rarak ve bak\u0131m\u0131 azaltarak, bu di\u015fli kutular\u0131 \u00e7e\u015fitli bi\u00e7me uygulamalar\u0131 i\u00e7in onlar\u0131 vazge\u00e7ilmez k\u0131lan bir\u00e7ok \u00f6nemli avantaj sunar.<\/p>\n<p><strong>Verimli G\u00fc\u00e7 Aktar\u0131m\u0131<\/strong><\/p>\n<p>D\u00f6ner bi\u00e7me makinesi \u015fanz\u0131man\u0131, trakt\u00f6r motorundan gelen g\u00fcc\u00fc bi\u00e7me makinesi b\u0131\u00e7aklar\u0131na d\u00f6n\u00fc\u015ft\u00fcrmede hayati bir rol oynar. Bu, b\u0131\u00e7aklar\u0131n optimum h\u0131z ve torkta d\u00f6nmesini sa\u011flayarak zorlu ko\u015fullarda bile tutarl\u0131 ve etkili \u00e7im bi\u00e7me sa\u011flar. \u0130ster b\u00fcy\u00fck \u00f6l\u00e7ekli tar\u0131msal faaliyetlerde ister peyzaj i\u015flerinde kullan\u0131ls\u0131n, verimli g\u00fc\u00e7 aktar\u0131m\u0131 performans ve \u00fcretkenli\u011fi korumak i\u00e7in hayati \u00f6nem ta\u015f\u0131r.<\/p>\n<p><strong>Dayan\u0131kl\u0131l\u0131k ve Uzun \u00d6m\u00fcr<\/strong><\/p>\n<p>A\u011f\u0131r hizmet tipi kullan\u0131ma ve zorlu ortamlara dayan\u0131kl\u0131 olarak \u00fcretilen d\u00f6ner bi\u00e7me makinesi di\u015fli kutular\u0131, genellikle d\u00f6kme demir veya al\u00fcminyum ala\u015f\u0131mlar\u0131 gibi y\u00fcksek kaliteli malzemelerden \u00fcretilir. Sa\u011flam yap\u0131lar\u0131, a\u015f\u0131nmaya, korozyona ve strese kar\u015f\u0131 diren\u00e7li olmalar\u0131n\u0131 sa\u011flayarak minimum ar\u0131za ile uzun \u00f6m\u00fcrl\u00fc \u00e7al\u0131\u015fma sa\u011flar. Bu di\u015fli kutular\u0131n\u0131n dayan\u0131kl\u0131l\u0131\u011f\u0131, s\u0131k onar\u0131m veya de\u011fi\u015ftirme ihtiyac\u0131n\u0131 en aza indirerek uzun vadeli maliyetleri d\u00fc\u015f\u00fcr\u00fcr ve operasyonel verimlili\u011fi art\u0131r\u0131r.<\/p>\n<p><strong>Azalt\u0131lm\u0131\u015f Bak\u0131m ve \u0130\u015fletme Maliyetleri<\/strong><\/p>\n<p>D\u00f6ner bi\u00e7me makinesi di\u015fli kutular\u0131, bak\u0131m s\u0131kl\u0131\u011f\u0131n\u0131 azaltarak verimlilik sa\u011flayacak \u015fekilde tasarlanm\u0131\u015ft\u0131r. Sa\u011flam tasar\u0131mlar\u0131 ve di\u015fliler ve yataklar gibi dahili bile\u015fenlerin uygun \u015fekilde ya\u011flanmas\u0131, s\u00fcrt\u00fcnmeyi, a\u015f\u0131nmay\u0131 ve a\u015f\u0131r\u0131 \u0131s\u0131nmay\u0131 azaltmaya yard\u0131mc\u0131 olur. Bu, daha az mekanik ar\u0131za, daha d\u00fc\u015f\u00fck onar\u0131m maliyetleri ve bi\u00e7me i\u015flemlerinde daha fazla kesinti anlam\u0131na gelir. Sonu\u00e7 olarak, i\u015fletmeler bak\u0131m maliyetlerinden tasarruf edebilir ve ekipmanlar\u0131n\u0131n genel \u00f6mr\u00fcn\u00fc uzatabilirler.<\/p>\n<p><strong>Geli\u015fmi\u015f Kesme Performans\u0131<\/strong><\/p>\n<p>\u015eanz\u0131man, bi\u00e7me makinesi b\u0131\u00e7aklar\u0131n\u0131n do\u011fru h\u0131z ve torku almas\u0131n\u0131 sa\u011flayarak temiz ve tutarl\u0131 bir kesim sa\u011flar. \u00c7im t\u00fcr\u00fc veya arazi ne olursa olsun, iyi tasarlanm\u0131\u015f bir \u015fanz\u0131man kesme verimlili\u011fini art\u0131r\u0131r. Bu, d\u00f6ner bi\u00e7me makinelerinin daha kal\u0131n, daha yo\u011fun bitki \u00f6rt\u00fcs\u00fc ve engebeli arazilerle daha etkili bir \u015fekilde ba\u015fa \u00e7\u0131kmas\u0131n\u0131 sa\u011flayarak, genel \u00e7im bak\u0131m\u0131ndan engebeli, a\u015f\u0131r\u0131 b\u00fcy\u00fcm\u00fc\u015f alanlara kadar \u00e7e\u015fitli bi\u00e7me i\u015fleri i\u00e7in ideal hale getirir.<\/p>\n<p><strong>\u00c7ok Y\u00f6nl\u00fcl\u00fck ve \u00d6zelle\u015ftirme<\/strong><\/p>\n<p>D\u00f6ner bi\u00e7me makinesi di\u015fli kutular\u0131, tek h\u0131zl\u0131 ve \u00e7ok h\u0131zl\u0131 modeller dahil olmak \u00fczere farkl\u0131 konfig\u00fcrasyonlarda gelir ve geni\u015f bir uygulama yelpazesi i\u00e7in esneklik sa\u011flar. FMP de dahil olmak \u00fczere bir\u00e7ok \u00fcretici, kesme y\u00fcksekli\u011fini ayarlama veya daha zorlu bi\u00e7me ko\u015fullar\u0131 i\u00e7in ekstra tork ekleme gibi belirli operasyonel ihtiya\u00e7lar\u0131 kar\u015f\u0131lamak i\u00e7in \u00f6zelle\u015ftirilebilir \u00e7\u00f6z\u00fcmler sunar. Bu \u00e7ok y\u00f6nl\u00fcl\u00fck, d\u00f6ner bi\u00e7me makinesi di\u015fli kutular\u0131n\u0131n tar\u0131mdan belediye peyzaj\u0131na kadar bir\u00e7ok sekt\u00f6re hizmet vermesini sa\u011flayarak her uygulaman\u0131n do\u011fru performansla kar\u015f\u0131lanmas\u0131n\u0131 sa\u011flar.<\/p>\n<p><strong>G\u00fcvenlik \u00d6zellikleri<\/strong><\/p>\n<p>G\u00fcvenlik, bi\u00e7me ekipmanlar\u0131nda kritik bir husustur ve bir\u00e7ok d\u00f6ner bi\u00e7me makinesinin \u015fanz\u0131man\u0131 geli\u015fmi\u015f g\u00fcvenlik \u00f6zellikleriyle donat\u0131lm\u0131\u015ft\u0131r. Bunlar aras\u0131nda, motor kapal\u0131yken \u015fanz\u0131man\u0131 ve b\u0131\u00e7aklar\u0131 hasardan koruyan a\u015f\u0131r\u0131 y\u00fck kavramalar\u0131 ve devreden \u00e7\u0131karma mekanizmalar\u0131 bulunur. Bu \u00f6zellikler ayr\u0131ca, \u00e7al\u0131\u015fma s\u0131ras\u0131nda mekanik ar\u0131za ve kaza riskini azaltarak operat\u00f6r g\u00fcvenli\u011fini de art\u0131r\u0131r.<\/p>\n<p><strong>Kompakt ve Kurulumu Kolay<\/strong><\/p>\n<p>D\u00f6ner bi\u00e7me makinesi di\u015fli kutular\u0131n\u0131n kompakt tasar\u0131m\u0131, \u00e7e\u015fitli bi\u00e7me makinesi ve makine tiplerine kolayca monte edilmelerini sa\u011flar. Farkl\u0131 sistemlere kolayca entegre edilebilmeleri, onlar\u0131 hem OEM \u00fcreticileri hem de son kullan\u0131c\u0131lar i\u00e7in m\u00fckemmel bir se\u00e7im haline getirir. Verimli tasar\u0131m, g\u00fc\u00e7 aktar\u0131m\u0131n\u0131 en \u00fcst d\u00fczeye \u00e7\u0131kar\u0131rken alan gereksinimlerini en aza indirerek, bu di\u015fli kutular\u0131n\u0131n farkl\u0131 ekipman tipleri i\u00e7in \u00e7ok y\u00f6nl\u00fc ve kullan\u0131\u015fl\u0131 olmas\u0131n\u0131 sa\u011flar.<\/p>\n<p>\u00d6zetle, d\u00f6ner bi\u00e7me makinesi di\u015fli kutular\u0131, bi\u00e7me ekipmanlar\u0131n\u0131n verimlili\u011fini, dayan\u0131kl\u0131l\u0131\u011f\u0131n\u0131 ve maliyet etkinli\u011fini art\u0131rmada \u00f6nemli bir rol oynar. G\u00fcc\u00fc verimli bir \u015fekilde iletme, bak\u0131m ihtiya\u00e7lar\u0131n\u0131 azaltma ve kesme performans\u0131n\u0131 iyile\u015ftirme yetenekleri, onlar\u0131 tar\u0131m, sanayi ve peyzaj uygulamalar\u0131nda kullan\u0131lan modern d\u00f6ner bi\u00e7me makinelerinde vazge\u00e7ilmez bir bile\u015fen haline getirir. \u0130ster geni\u015f tarlalar\u0131n ister kentsel peyzajlar\u0131n bak\u0131m\u0131n\u0131 yap\u0131yor olun, do\u011fru di\u015fli kutusu, bi\u00e7me makinenizin optimum performans g\u00f6stermesini sa\u011flayarak ar\u0131za s\u00fcresini azalt\u0131r ve \u00fcretkenli\u011fi art\u0131r\u0131r.<\/p>\n<p><img loading=\"lazy\" decoding=\"async\" class=\"alignnone size-full wp-image-1951\" src=\"https:\/\/fmp-components.com\/wp-content\/uploads\/2024\/12\/Rotary-Mower-Gearbox-211.webp\" alt=\"D\u00f6ner Bi\u00e7me Makinesi-Di\u015fli Kutusu-\" width=\"800\" height=\"600\" title=\"\" srcset=\"https:\/\/fmp-components.com\/wp-content\/uploads\/2024\/12\/Rotary-Mower-Gearbox-211.webp 800w, https:\/\/fmp-components.com\/wp-content\/uploads\/2024\/12\/Rotary-Mower-Gearbox-211-480x360.webp 480w\" sizes=\"(min-width: 0px) and (max-width: 480px) 480px, (min-width: 481px) 800px, 100vw\" \/><\/p>\n<h3>FMP Hakk\u0131nda<\/h3>\n<p>\u0130talya merkezli FMP, di\u015fli kutular\u0131, red\u00fckt\u00f6rler ve m\u00fchendislik makinelerinin ara\u015ft\u0131rma, geli\u015ftirme ve \u00fcretiminde \u00f6nde gelen bir liderdir. Kalite, inovasyon ve s\u00fcrekli iyile\u015ftirmeye g\u00fc\u00e7l\u00fc bir \u015fekilde odaklanan FMP, makine m\u00fchendisli\u011fi sekt\u00f6r\u00fcnde m\u00fckemmellik konusunda \u00fcn kazanm\u0131\u015ft\u0131r. \u015eirketin yetenek geli\u015ftirme ve teknolojik ilerlemeye olan ba\u011fl\u0131l\u0131\u011f\u0131, hem yerel hem de uluslararas\u0131 alanda tan\u0131nmas\u0131n\u0131 sa\u011flam\u0131\u015f ve onu \u00e7e\u015fitli sekt\u00f6rlerde g\u00fcvenilir bir ortak haline getirmi\u015ftir.<\/p>\n<p>FMP'nin \u00fcr\u00fcn portf\u00f6y\u00fcnde spiral konik di\u015fli kutular\u0131, mahmuzlu di\u015fli kutular\u0131, sonsuz di\u015fli kutular\u0131, silindirik di\u015fli kutular\u0131 ve y\u00fcksek bas\u0131n\u00e7l\u0131 d\u00f6k\u00fcm vana g\u00f6vdeleri ve muhafazalar\u0131 gibi geni\u015f bir yelpazede y\u00fcksek performansl\u0131 di\u015fli kutular\u0131 bulunmaktad\u0131r. Her \u00fcr\u00fcn, hem end\u00fcstriyel hem de tar\u0131msal uygulamalar\u0131n gereksinimlerini kar\u015f\u0131layacak \u015fekilde titizlikle tasarlanm\u0131\u015f olup, uzun s\u00fcreli g\u00fcvenilirlik ve \u00fcst\u00fcn performans sa\u011flamaktad\u0131r.<\/p>\n<p>FMP'nin di\u015fli kutular\u0131 ve bile\u015fenleri, tar\u0131m, petrol \u00e7\u0131karma, deniz sistemleri ve hidrolik m\u00fchendisli\u011fi gibi \u00e7e\u015fitli end\u00fcstrilerde uygulama bulmaktad\u0131r. Tar\u0131mda FMP, d\u00f6ner bi\u00e7me makineleri, kar temizleme makineleri, g\u00fcbre serpme makineleri ve tah\u0131l konvey\u00f6rleri gibi kritik ekipmanlar\u0131n arkas\u0131ndaki g\u00fcc\u00fc sa\u011flar. Bu \u00e7ok y\u00f6nl\u00fcl\u00fck, FMP'nin farkl\u0131 sekt\u00f6rlerde verimlili\u011fi optimize eden \u00f6zel \u00e7\u00f6z\u00fcmler sunma becerisinin alt\u0131n\u0131 \u00e7izmektedir.<\/p>\n<p>\u015eirketin \u00fcretim s\u00fcreci, son teknoloji ve s\u0131k\u0131 kalite kontrol standartlar\u0131na dayanmaktad\u0131r. \u0130lk tasar\u0131mdan son montaja kadar FMP, her \u00fcr\u00fcn\u00fcn d\u00f6kme demir ve al\u00fcminyum ala\u015f\u0131mlar\u0131 gibi birinci s\u0131n\u0131f malzemeler kullan\u0131larak \u00fcretilmesini sa\u011flar. Geli\u015fmi\u015f i\u015fleme teknikleri ve kapsaml\u0131 denetimler, hassasiyet, dayan\u0131kl\u0131l\u0131k ve tutarl\u0131 performans\u0131 garanti eder. FMP'nin \u00fcretimin her a\u015famas\u0131nda m\u00fckemmelli\u011fe olan ba\u011fl\u0131l\u0131\u011f\u0131, \u00fcr\u00fcnlerinin en y\u00fcksek end\u00fcstri standartlar\u0131n\u0131 kar\u015f\u0131lamaya devam etmesini sa\u011flar.<\/p>\n<p>FMP, i\u015f ve m\u00fc\u015fteri memnuniyetine y\u00f6nelik ileri g\u00f6r\u00fc\u015fl\u00fc bir yakla\u015f\u0131mla hareket etmektedir. \u015eirket, m\u00fc\u015fterilerinin benzersiz ihtiya\u00e7lar\u0131n\u0131 kar\u015f\u0131lamak \u00fczere tasarlanm\u0131\u015f \u00f6zelle\u015ftirilmi\u015f \u00e7\u00f6z\u00fcmler sunarak k\u00fcresel ortakl\u0131klar aray\u0131\u015f\u0131ndad\u0131r. FMP'nin \u00fcr\u00fcnleri hakk\u0131nda daha fazla bilgi edinmek veya i\u015f birli\u011fi f\u0131rsatlar\u0131n\u0131 ke\u015ffetmek i\u00e7in, ilgilenen ortaklar telefon veya e-posta yoluyla \u015firketle do\u011frudan ileti\u015fime ge\u00e7ebilir ve bu sayede FMP'nin ola\u011fan\u00fcst\u00fc hizmet ve y\u00fcksek kaliteli \u00e7\u00f6z\u00fcmler sunma konusundaki kararl\u0131l\u0131\u011f\u0131n\u0131 peki\u015ftirebilir.<\/p>\n<p><img loading=\"lazy\" decoding=\"async\" class=\"alignnone size-full wp-image-1861\" src=\"https:\/\/fmp-components.com\/wp-content\/uploads\/2024\/12\/Other-Agricultural-Gearboxes.webp\" alt=\"Di\u011fer Tar\u0131msal \u015eanz\u0131manlar\" width=\"1200\" height=\"1400\" title=\"\" srcset=\"https:\/\/fmp-components.com\/wp-content\/uploads\/2024\/12\/Other-Agricultural-Gearboxes.webp 1200w, https:\/\/fmp-components.com\/wp-content\/uploads\/2024\/12\/Other-Agricultural-Gearboxes-980x1143.webp 980w, https:\/\/fmp-components.com\/wp-content\/uploads\/2024\/12\/Other-Agricultural-Gearboxes-480x560.webp 480w\" sizes=\"(min-width: 0px) and (max-width: 480px) 480px, (min-width: 481px) and (max-width: 980px) 980px, (min-width: 981px) 1200px, 100vw\" \/><\/p>\n<p>Yazar: CX<\/p>","protected":false},"excerpt":{"rendered":"<p>D\u00f6ner \u00c7im Bi\u00e7me Makineleri \u015eanz\u0131manlar\u0131 \u2013 Comer T-25J Kodunun De\u011fi\u015ftirilmesi Teknik \u00d6zellikler A\u00e7\u0131klama D\u00f6ner \u00c7im Bi\u00e7me Makineleri \u015eanz\u0131manlar\u0131 \u2013 Comer T-25J h\u0131z art\u0131r\u0131c\u0131 \u015fanz\u0131man\u0131n de\u011fi\u015ftirilmesi Uygulama \u00c7e\u015fitli (tar\u0131msal) uygulamalar, \u00c7im bi\u00e7me makineleri, Kimyasal g\u00fcbre serpme makineleri, \u015eerit testereler \u0130\u00e7eri\u011fi Ya\u011fs\u0131z \u015eanz\u0131man Teknik Bilgiler Maks. \u00c7\u0131k\u0131\u015f Torku 22,7 daNm Ya\u011f \u0130\u00e7erir Hay\u0131r Maks. Ya\u011f Kapasitesi 0,35 l Maks. Ya\u011f De\u011fi\u015fim Aral\u0131\u011f\u0131 [\u2026]<\/p>","protected":false},"featured_media":1949,"comment_status":"open","ping_status":"closed","template":"","meta":{"_et_pb_use_builder":"","_et_pb_old_content":"","_et_gb_content_width":""},"product_brand":[],"product_cat":[51],"product_tag":[],"class_list":{"0":"post-1948","1":"product","2":"type-product","3":"status-publish","4":"has-post-thumbnail","6":"product_cat-rotary-mower-gearbox","8":"first","9":"instock","10":"shipping-taxable","11":"product-type-simple"},"_links":{"self":[{"href":"https:\/\/fmp-components.com\/tr\/wp-json\/wp\/v2\/product\/1948","targetHints":{"allow":["GET"]}}],"collection":[{"href":"https:\/\/fmp-components.com\/tr\/wp-json\/wp\/v2\/product"}],"about":[{"href":"https:\/\/fmp-components.com\/tr\/wp-json\/wp\/v2\/types\/product"}],"replies":[{"embeddable":true,"href":"https:\/\/fmp-components.com\/tr\/wp-json\/wp\/v2\/comments?post=1948"}],"wp:featuredmedia":[{"embeddable":true,"href":"https:\/\/fmp-components.com\/tr\/wp-json\/wp\/v2\/media\/1949"}],"wp:attachment":[{"href":"https:\/\/fmp-components.com\/tr\/wp-json\/wp\/v2\/media?parent=1948"}],"wp:term":[{"taxonomy":"product_brand","embeddable":true,"href":"https:\/\/fmp-components.com\/tr\/wp-json\/wp\/v2\/product_brand?post=1948"},{"taxonomy":"product_cat","embeddable":true,"href":"https:\/\/fmp-components.com\/tr\/wp-json\/wp\/v2\/product_cat?post=1948"},{"taxonomy":"product_tag","embeddable":true,"href":"https:\/\/fmp-components.com\/tr\/wp-json\/wp\/v2\/product_tag?post=1948"}],"curies":[{"name":"wp","href":"https:\/\/api.w.org\/{rel}","templated":true}]}}