{"id":1943,"date":"2024-12-26T02:18:14","date_gmt":"2024-12-26T02:18:14","guid":{"rendered":"https:\/\/fmp-components.com\/?page_id=8"},"modified":"2024-12-26T02:21:11","modified_gmt":"2024-12-26T02:21:11","slug":"rotary-mower-gearbox-replacement-of-comer-code-tf-285b","status":"publish","type":"product","link":"https:\/\/fmp-components.com\/tr\/product\/rotary-mower-gearbox-replacement-of-comer-code-tf-285b\/","title":{"rendered":"D\u00f6ner Bi\u00e7me Makinesi \u015eanz\u0131man Kutusu \u2013 K\u00f6\u015fe Kodu TF-285B'nin De\u011fi\u015ftirilmesi"},"content":{"rendered":"<p><img loading=\"lazy\" decoding=\"async\" class=\"size-full wp-image-1946 aligncenter\" src=\"https:\/\/fmp-components.com\/wp-content\/uploads\/2024\/12\/rotary-mower-gearbox-tf285b.webp\" alt=\"d\u00f6ner bi\u00e7me makinesi \u015fanz\u0131man\u0131\" width=\"300\" height=\"300\" title=\"\" srcset=\"https:\/\/fmp-components.com\/wp-content\/uploads\/2024\/12\/rotary-mower-gearbox-tf285b.webp 300w, https:\/\/fmp-components.com\/wp-content\/uploads\/2024\/12\/rotary-mower-gearbox-tf285b-150x150.webp 150w, https:\/\/fmp-components.com\/wp-content\/uploads\/2024\/12\/rotary-mower-gearbox-tf285b-12x12.webp 12w, https:\/\/fmp-components.com\/wp-content\/uploads\/2024\/12\/rotary-mower-gearbox-tf285b-100x100.webp 100w\" sizes=\"(max-width: 300px) 100vw, 300px\" \/><\/p>\n<h2>D\u00f6ner Bi\u00e7me Makinesi \u015eanz\u0131man TF-285B \u00d6zellikleri<\/h2>\n<p><img loading=\"lazy\" decoding=\"async\" class=\"alignnone size-full wp-image-1944\" src=\"https:\/\/fmp-components.com\/wp-content\/uploads\/2024\/12\/rotary-mower-gearbox-specifications-tf285b.webp\" alt=\"d\u00f6ner bi\u00e7me makinesi \u015fanz\u0131man\u0131\" width=\"851\" height=\"449\" title=\"\" srcset=\"https:\/\/fmp-components.com\/wp-content\/uploads\/2024\/12\/rotary-mower-gearbox-specifications-tf285b.webp 851w, https:\/\/fmp-components.com\/wp-content\/uploads\/2024\/12\/rotary-mower-gearbox-specifications-tf285b-480x253.webp 480w\" sizes=\"(min-width: 0px) and (max-width: 480px) 480px, (min-width: 481px) 851px, 100vw\" \/><\/p>\n<table style=\"width: 91.8919%; height: 108px;\" border=\"1\">\n<tbody>\n<tr>\n<td rowspan=\"2\"><strong>Ben<\/strong><\/td>\n<td rowspan=\"2\"><strong>N<sub>1<\/sub>[dev\/dak]<\/strong><\/td>\n<td rowspan=\"2\"><strong>P<sub>1<\/sub>[kW]<\/strong><\/td>\n<td rowspan=\"2\"><strong>M<sub>2<\/sub>[Nm]<\/strong><\/td>\n<td colspan=\"3\"><strong>\u015eaft Tipi<\/strong><\/td>\n<td rowspan=\"2\"><strong>Giri\u015f<\/strong><\/td>\n<\/tr>\n<tr>\n<td><strong>X<\/strong><\/td>\n<td><strong>Y<\/strong><\/td>\n<td><strong>Z<\/strong><\/td>\n<\/tr>\n<tr>\n<td>1.86<\/td>\n<td>1000<\/td>\n<td>91.9<\/td>\n<td>709<\/td>\n<td>1\u201d 3\/8 Z21<\/td>\n<td>1\u201d 3\/4 Z20<\/td>\n<td>Hub ba\u011flant\u0131s\u0131<\/td>\n<td>Y<\/td>\n<\/tr>\n<\/tbody>\n<\/table>\n<h2>D\u00f6ner Bi\u00e7me Makinesi \u015eanz\u0131man\u0131n\u0131n Avantajlar\u0131<\/h2>\n<p>Y\u00fcksek kaliteli bir \u015fanz\u0131manla donat\u0131lm\u0131\u015f d\u00f6ner bi\u00e7me makineleri, peyzaj, tar\u0131m ve bah\u00e7e bak\u0131m\u0131 i\u00e7in vazge\u00e7ilmez bir ara\u00e7 haline getiren say\u0131s\u0131z avantaj sunar. Bu avantajlar, \u015fanz\u0131man\u0131n g\u00fcc\u00fc verimli bir \u015fekilde aktarma, a\u015f\u0131nmay\u0131 azaltma ve bi\u00e7me makinesinin genel performans\u0131n\u0131 art\u0131rma becerisinden kaynaklan\u0131r. D\u00f6ner bi\u00e7me makinesi \u015fanz\u0131man\u0131 kullanman\u0131n baz\u0131 temel faydalar\u0131 \u015funlard\u0131r:<\/p>\n<ol>\n<li><strong>Verimli G\u00fc\u00e7 Aktar\u0131m\u0131<\/strong><br \/>\nD\u00f6ner bi\u00e7me makinesi \u015fanz\u0131man\u0131, g\u00fcc\u00fcn trakt\u00f6r motorundan bi\u00e7me makinesi b\u0131\u00e7aklar\u0131na aktar\u0131lmas\u0131nda \u00f6nemli bir rol oynar. Bu verimli \u015fanz\u0131man, b\u0131\u00e7aklar\u0131n optimum h\u0131z ve torkta d\u00f6nmesini sa\u011flayarak bi\u00e7me makinesinin zorlu ko\u015fullarda bile \u00e7imleri etkili bir \u015fekilde bi\u00e7mesini sa\u011flar. Bu, \u00f6zellikle tutarl\u0131l\u0131k ve verimlili\u011fin \u00f6nemli oldu\u011fu b\u00fcy\u00fck \u00f6l\u00e7ekli operasyonlar i\u00e7in \u00f6nemlidir.<\/li>\n<li><strong>Dayan\u0131kl\u0131l\u0131k ve Uzun \u00d6m\u00fcr<\/strong><br \/>\nD\u00f6ner bi\u00e7me makinesi di\u015fli kutular\u0131, a\u011f\u0131r hizmet tipi kullan\u0131ma ve zorlu ko\u015fullara dayanacak \u015fekilde tasarlanm\u0131\u015ft\u0131r. Genellikle d\u00f6kme demir veya al\u00fcminyum ala\u015f\u0131mlar\u0131 gibi y\u00fcksek kaliteli malzemelerden \u00fcretilen sa\u011flam yap\u0131lar\u0131 sayesinde bu di\u015fli kutular\u0131, a\u015f\u0131nmaya, korozyona ve strese kar\u015f\u0131 dayan\u0131kl\u0131d\u0131r. Bu dayan\u0131kl\u0131l\u0131k, di\u015fli kutusunun uzun s\u00fcre sorunsuz \u00e7al\u0131\u015fmas\u0131n\u0131 sa\u011flayarak s\u0131k onar\u0131m veya de\u011fi\u015ftirme ihtiyac\u0131n\u0131 azalt\u0131r.<\/li>\n<li><strong>Azalt\u0131lm\u0131\u015f Bak\u0131m ve \u0130\u015fletme Maliyetleri<\/strong><br \/>\nSa\u011flam tasar\u0131mlar\u0131 ve verimli g\u00fc\u00e7 aktar\u0131mlar\u0131 sayesinde d\u00f6ner bi\u00e7me makinesi di\u015fli kutular\u0131, di\u011fer bi\u00e7me makinesi tahrik t\u00fcrlerine g\u00f6re daha az bak\u0131m gerektirir. Di\u015fliler ve yataklar gibi dahili bile\u015fenlerin uygun \u015fekilde ya\u011flanmas\u0131, s\u00fcrt\u00fcnmeyi, a\u015f\u0131nmay\u0131 ve a\u015f\u0131r\u0131 \u0131s\u0131nmay\u0131 en aza indirmeye yard\u0131mc\u0131 olur, bu da i\u015fletme maliyetlerinin d\u00fc\u015fmesine ve daha az bak\u0131m m\u00fcdahalesine yol a\u00e7ar. Bu, daha fazla \u00e7al\u0131\u015fma s\u00fcresi ve onar\u0131mlar i\u00e7in daha az kesinti anlam\u0131na gelir.<\/li>\n<li><strong>Geli\u015fmi\u015f Kesme Performans\u0131<\/strong><br \/>\n\u0130yi tasarlanm\u0131\u015f bir \u015fanz\u0131man, bi\u00e7me makinesi b\u0131\u00e7aklar\u0131n\u0131n do\u011fru h\u0131z ve torka ula\u015fmas\u0131n\u0131 sa\u011flayarak temiz ve tutarl\u0131 bir kesim sa\u011flar. \u0130ster \u00e7im, ister yabani ot veya k\u00fc\u00e7\u00fck \u00e7al\u0131lar olsun, \u015fanz\u0131man, bi\u00e7me makinesinin zorlu ko\u015fullarda bile \u00fcst\u00fcn kesme performans\u0131 sunmas\u0131n\u0131 sa\u011flar. \u015eanz\u0131man, \u00e7im bi\u00e7me makinesinin kal\u0131n, yo\u011fun bitki \u00f6rt\u00fcs\u00fc ve engebeli arazilerde daha etkili bir \u015fekilde \u00e7al\u0131\u015fmas\u0131na yard\u0131mc\u0131 olur.<\/li>\n<li><strong>\u00c7ok Y\u00f6nl\u00fcl\u00fck ve \u00d6zelle\u015ftirme<\/strong><br \/>\nD\u00f6ner bi\u00e7me makinesi di\u015fli kutular\u0131, tek h\u0131zl\u0131 veya \u00e7ok h\u0131zl\u0131 modeller gibi \u00e7e\u015fitli konfig\u00fcrasyonlarda gelir ve farkl\u0131 uygulamalarda esneklik sa\u011flar. FMP de dahil olmak \u00fczere bir\u00e7ok \u00fcretici, kesme y\u00fcksekli\u011fini ayarlama veya zorlu bi\u00e7me g\u00f6revleri i\u00e7in ek tork sa\u011flama gibi belirli performans gereksinimlerini kar\u015f\u0131lamak i\u00e7in \u00f6zelle\u015ftirilmi\u015f \u00e7\u00f6z\u00fcmler sunar. Bu \u00e7ok y\u00f6nl\u00fcl\u00fck, di\u015fli kutular\u0131n\u0131n tar\u0131mdan belediye peyzaj\u0131na kadar \u00e7ok \u00e7e\u015fitli sekt\u00f6rlere hizmet vermesini sa\u011flar.<\/li>\n<li><strong>G\u00fcvenlik \u00d6zellikleri<\/strong><br \/>\nBir\u00e7ok d\u00f6ner bi\u00e7me makinesinin \u015fanz\u0131man\u0131, motor kapal\u0131yken \u015fanz\u0131man\u0131n ve bi\u00e7me makinesi b\u0131\u00e7aklar\u0131n\u0131n hasar g\u00f6rmesini \u00f6nleyen a\u015f\u0131r\u0131 y\u00fck kavramalar\u0131 veya devreden \u00e7\u0131karma mekanizmalar\u0131 gibi g\u00fcvenlik \u00f6zellikleriyle donat\u0131lm\u0131\u015ft\u0131r. Bu \u00f6zellikler ayr\u0131ca operat\u00f6r\u00fc kazalardan korumaya ve mekanik ar\u0131za riskini azaltmaya yard\u0131mc\u0131 olur.<\/li>\n<li><strong>Kompakt ve Kurulumu Kolay<\/strong><br \/>\nD\u00f6ner bi\u00e7me makinesi di\u015fli kutular\u0131 genellikle kompakt olacak ve \u00e7e\u015fitli bi\u00e7me makinesi ve makine tiplerine kolayca monte edilebilecek \u015fekilde tasarlanm\u0131\u015ft\u0131r. Tasar\u0131mlar\u0131, g\u00fc\u00e7 aktar\u0131m\u0131 a\u00e7\u0131s\u0131ndan verimli olmalar\u0131n\u0131n yan\u0131 s\u0131ra farkl\u0131 sistemlere kolayca entegre olmalar\u0131n\u0131 da sa\u011flayarak, hem OEM \u00fcreticileri hem de son kullan\u0131c\u0131lar i\u00e7in m\u00fckemmel bir se\u00e7imdir.<\/li>\n<\/ol>\n<p>Sonu\u00e7 olarak, d\u00f6ner bi\u00e7me makinesi di\u015fli kutusu, bi\u00e7me ekipman\u0131n\u0131n performans\u0131n\u0131, g\u00fcvenilirli\u011fini ve maliyet etkinli\u011fini art\u0131ran hayati bir bile\u015fendir. G\u00fcc\u00fc verimli bir \u015fekilde aktarma, bak\u0131m ihtiyac\u0131n\u0131 azaltma ve kesme performans\u0131n\u0131 iyile\u015ftirme yetene\u011fi, onu tar\u0131m, sanayi ve peyzaj uygulamalar\u0131nda kullan\u0131lan modern d\u00f6ner bi\u00e7me makinelerinin vazge\u00e7ilmez bir par\u00e7as\u0131 haline getirir.<\/p>\n<p><img loading=\"lazy\" decoding=\"async\" class=\"alignnone size-full wp-image-1940\" src=\"https:\/\/fmp-components.com\/wp-content\/uploads\/2024\/12\/Rotary-Mower-Gearbox23.webp\" alt=\"D\u00f6ner Bi\u00e7me Makinesi \u015eanz\u0131man\u0131\" width=\"1000\" height=\"1000\" title=\"\" srcset=\"https:\/\/fmp-components.com\/wp-content\/uploads\/2024\/12\/Rotary-Mower-Gearbox23.webp 1000w, https:\/\/fmp-components.com\/wp-content\/uploads\/2024\/12\/Rotary-Mower-Gearbox23-980x980.webp 980w, https:\/\/fmp-components.com\/wp-content\/uploads\/2024\/12\/Rotary-Mower-Gearbox23-480x480.webp 480w\" sizes=\"(min-width: 0px) and (max-width: 480px) 480px, (min-width: 481px) and (max-width: 980px) 980px, (min-width: 981px) 1000px, 100vw\" \/><\/p>\n<h3>FMP Hakk\u0131nda<\/h3>\n<p>\u0130talya merkezli FMP, di\u015fli kutular\u0131, red\u00fckt\u00f6rler ve m\u00fchendislik makinelerinin ara\u015ft\u0131rma, geli\u015ftirme ve \u00fcretiminde lider bir yenilik\u00e7idir. Kalite, s\u00fcrekli iyile\u015ftirme ve yetenek geli\u015ftirme konusundaki kararl\u0131l\u0131\u011f\u0131yla tan\u0131nan FMP, hem yerel hem de uluslararas\u0131 alanda takdir g\u00f6rm\u00fc\u015ft\u00fcr. Makine m\u00fchendisli\u011fi sekt\u00f6r\u00fcnde g\u00fc\u00e7l\u00fc bir \u00fcne sahip olan \u015firket, \u00e7e\u015fitli sekt\u00f6rlerde g\u00fcvenilir bir i\u015f orta\u011f\u0131d\u0131r.<\/p>\n<p>FMP, spiral konik di\u015fli red\u00fckt\u00f6rler, mahmuzlu red\u00fckt\u00f6rler, sonsuz di\u015fli red\u00fckt\u00f6rler, silindirik red\u00fckt\u00f6rler ve y\u00fcksek bas\u0131n\u00e7l\u0131 d\u00f6k\u00fcm vana g\u00f6vdeleri ve muhafazalar\u0131 dahil olmak \u00fczere geni\u015f bir y\u00fcksek performansl\u0131 \u00fcr\u00fcn yelpazesi sunmaktad\u0131r. Bu \u00fcr\u00fcnler, end\u00fcstriyel ve tar\u0131msal uygulamalar\u0131n \u00e7e\u015fitli ihtiya\u00e7lar\u0131n\u0131 kar\u015f\u0131lamak \u00fczere hassasiyetle tasarlanm\u0131\u015f olup g\u00fcvenilirlik ve dayan\u0131kl\u0131l\u0131k sa\u011flar.<\/p>\n<p>\u015eirketin di\u015fli kutular\u0131 ve bile\u015fenleri, tar\u0131m, petrol \u00e7\u0131karma, deniz sistemleri ve hidrolik m\u00fchendisli\u011fi gibi bir\u00e7ok sekt\u00f6re hizmet vermektedir. Tar\u0131mda FMP, d\u00f6ner bi\u00e7me makineleri, kar temizleme makineleri, g\u00fcbre serpme makineleri ve tah\u0131l konvey\u00f6rleri gibi hayati \u00f6nem ta\u015f\u0131yan makinelere g\u00fc\u00e7 sa\u011flamaktad\u0131r. Bu geni\u015f uygulama yelpazesi, FMP'nin \u00e7ok y\u00f6nl\u00fcl\u00fc\u011f\u00fcn\u00fc ve sekt\u00f6rler genelinde operasyonel verimlili\u011fi art\u0131ran \u00e7\u00f6z\u00fcmler sunma yetene\u011fini vurgulamaktad\u0131r.<\/p>\n<p>FMP'nin \u00fcretim s\u00fcreci, geli\u015fmi\u015f teknikler ve titiz kalite kontrol standartlar\u0131 \u00fczerine kuruludur. \u00dcr\u00fcn tasar\u0131m\u0131ndan son montaja kadar her par\u00e7a, d\u00f6kme demir ve al\u00fcminyum ala\u015f\u0131mlar\u0131 gibi birinci s\u0131n\u0131f malzemeler kullan\u0131larak \u00fcretilir. Hassas i\u015fleme y\u00f6ntemleri y\u00fcksek do\u011fruluk sa\u011flarken, kapsaml\u0131 denetimler g\u00fcvenilirlik ve uzun vadeli performans\u0131 garanti eder. FMP'nin kalite, hizalama ve a\u015f\u0131nma direncine odaklanmas\u0131, \u00fcr\u00fcnlerinin en y\u00fcksek standartlar\u0131 kar\u015f\u0131lamaya devam etmesini sa\u011flar.<\/p>\n<p>\u0130leri g\u00f6r\u00fc\u015fl\u00fc bir \u015firket olarak FMP, m\u00fc\u015fteri memnuniyetine ve s\u00fcrekli inovasyona kendini adam\u0131\u015ft\u0131r. \u015eirket, m\u00fc\u015fteri ihtiya\u00e7lar\u0131na g\u00f6re \u00f6zelle\u015ftirilmi\u015f \u00e7\u00f6z\u00fcmler sunarak k\u00fcresel ortakl\u0131klara a\u00e7\u0131kt\u0131r. FMP'nin \u00fcr\u00fcnleri hakk\u0131nda daha fazla bilgi edinmek veya i\u015f birli\u011fi f\u0131rsatlar\u0131n\u0131 ke\u015ffetmek i\u00e7in, potansiyel i\u015f ortaklar\u0131 telefon veya e-posta yoluyla \u015firketle kolayca ileti\u015fime ge\u00e7ebilir ve bu da FMP'nin ola\u011fan\u00fcst\u00fc hizmet ve y\u00fcksek kaliteli \u00e7\u00f6z\u00fcmlere olan ba\u011fl\u0131l\u0131\u011f\u0131n\u0131 peki\u015ftirir.<\/p>\n<p><img loading=\"lazy\" decoding=\"async\" class=\"alignnone size-full wp-image-1861\" src=\"https:\/\/fmp-components.com\/wp-content\/uploads\/2024\/12\/Other-Agricultural-Gearboxes.webp\" alt=\"Di\u011fer Tar\u0131msal \u015eanz\u0131manlar\" width=\"1200\" height=\"1400\" title=\"\" srcset=\"https:\/\/fmp-components.com\/wp-content\/uploads\/2024\/12\/Other-Agricultural-Gearboxes.webp 1200w, https:\/\/fmp-components.com\/wp-content\/uploads\/2024\/12\/Other-Agricultural-Gearboxes-980x1143.webp 980w, https:\/\/fmp-components.com\/wp-content\/uploads\/2024\/12\/Other-Agricultural-Gearboxes-480x560.webp 480w\" sizes=\"(min-width: 0px) and (max-width: 480px) 480px, (min-width: 481px) and (max-width: 980px) 980px, (min-width: 981px) 1200px, 100vw\" \/><\/p>\n<p>Yazar: CX<\/p>\n<p>&nbsp;<\/p>","protected":false},"excerpt":{"rendered":"<p>Rotary Mower Gearbox\u00a0TF-285B Specifications i N1[rpm] P1[kW] M2[Nm] Shaft Type Input X Y Z 1.86 1000 91.9 709 1&#8221; 3\/8 Z21 1&#8221; 3\/4 Z20 Hub connection Y Advantages of Rotary Mower Gearbox Rotary mowers equipped with a high-quality gearbox offer numerous advantages, making them an essential tool for landscaping, agriculture, and grounds maintenance. These advantages [&hellip;]<\/p>","protected":false},"featured_media":1946,"comment_status":"open","ping_status":"closed","template":"","meta":{"_et_pb_use_builder":"","_et_pb_old_content":"","_et_gb_content_width":""},"product_brand":[],"product_cat":[51],"product_tag":[],"class_list":{"0":"post-1943","1":"product","2":"type-product","3":"status-publish","4":"has-post-thumbnail","6":"product_cat-rotary-mower-gearbox","8":"first","9":"instock","10":"shipping-taxable","11":"product-type-simple"},"_links":{"self":[{"href":"https:\/\/fmp-components.com\/tr\/wp-json\/wp\/v2\/product\/1943","targetHints":{"allow":["GET"]}}],"collection":[{"href":"https:\/\/fmp-components.com\/tr\/wp-json\/wp\/v2\/product"}],"about":[{"href":"https:\/\/fmp-components.com\/tr\/wp-json\/wp\/v2\/types\/product"}],"replies":[{"embeddable":true,"href":"https:\/\/fmp-components.com\/tr\/wp-json\/wp\/v2\/comments?post=1943"}],"wp:featuredmedia":[{"embeddable":true,"href":"https:\/\/fmp-components.com\/tr\/wp-json\/wp\/v2\/media\/1946"}],"wp:attachment":[{"href":"https:\/\/fmp-components.com\/tr\/wp-json\/wp\/v2\/media?parent=1943"}],"wp:term":[{"taxonomy":"product_brand","embeddable":true,"href":"https:\/\/fmp-components.com\/tr\/wp-json\/wp\/v2\/product_brand?post=1943"},{"taxonomy":"product_cat","embeddable":true,"href":"https:\/\/fmp-components.com\/tr\/wp-json\/wp\/v2\/product_cat?post=1943"},{"taxonomy":"product_tag","embeddable":true,"href":"https:\/\/fmp-components.com\/tr\/wp-json\/wp\/v2\/product_tag?post=1943"}],"curies":[{"name":"wp","href":"https:\/\/api.w.org\/{rel}","templated":true}]}}