{"id":1938,"date":"2024-12-26T02:05:01","date_gmt":"2024-12-26T02:05:01","guid":{"rendered":"https:\/\/fmp-components.com\/?page_id=8"},"modified":"2024-12-26T02:18:02","modified_gmt":"2024-12-26T02:18:02","slug":"rotary-mower-gearbox-replacement-of-comer-code-tf-26a","status":"publish","type":"product","link":"https:\/\/fmp-components.com\/tr\/product\/rotary-mower-gearbox-replacement-of-comer-code-tf-26a\/","title":{"rendered":"D\u00f6ner Bi\u00e7me Makinesi \u015eanz\u0131man Kutusu \u2013 K\u00f6\u015fe Kodu TF-26A'n\u0131n De\u011fi\u015ftirilmesi"},"content":{"rendered":"<p><img loading=\"lazy\" decoding=\"async\" class=\"size-full wp-image-1942 aligncenter\" src=\"https:\/\/fmp-components.com\/wp-content\/uploads\/2024\/12\/rotary-mower-gearbox-tf26a-1.webp\" alt=\"d\u00f6ner bi\u00e7me makinesi-\u015fanz\u0131man-tf26a-1\" width=\"300\" height=\"300\" title=\"\" srcset=\"https:\/\/fmp-components.com\/wp-content\/uploads\/2024\/12\/rotary-mower-gearbox-tf26a-1.webp 300w, https:\/\/fmp-components.com\/wp-content\/uploads\/2024\/12\/rotary-mower-gearbox-tf26a-1-150x150.webp 150w, https:\/\/fmp-components.com\/wp-content\/uploads\/2024\/12\/rotary-mower-gearbox-tf26a-1-12x12.webp 12w, https:\/\/fmp-components.com\/wp-content\/uploads\/2024\/12\/rotary-mower-gearbox-tf26a-1-100x100.webp 100w\" sizes=\"(max-width: 300px) 100vw, 300px\" \/><\/p>\n<h2>D\u00f6ner Bi\u00e7me Makinesi \u015eanz\u0131man TF-26A \u00d6zellikleri<\/h2>\n<p><img loading=\"lazy\" decoding=\"async\" class=\"alignnone size-full wp-image-1939\" src=\"https:\/\/fmp-components.com\/wp-content\/uploads\/2024\/12\/rotary-mower-gearbox-specifications-tf26a.webp\" alt=\"d\u00f6ner bi\u00e7me makinesi-di\u015fli kutusu-\u00f6zellikleri-tf26a\" width=\"867\" height=\"449\" title=\"\" srcset=\"https:\/\/fmp-components.com\/wp-content\/uploads\/2024\/12\/rotary-mower-gearbox-specifications-tf26a.webp 867w, https:\/\/fmp-components.com\/wp-content\/uploads\/2024\/12\/rotary-mower-gearbox-specifications-tf26a-480x249.webp 480w\" sizes=\"(min-width: 0px) and (max-width: 480px) 480px, (min-width: 481px) 867px, 100vw\" \/><\/p>\n<table style=\"width: 100%;\" border=\"1\" width=\"100%\" cellspacing=\"0\" cellpadding=\"0\">\n<tbody>\n<tr>\n<td rowspan=\"2\"><strong>Ben<\/strong><\/td>\n<td rowspan=\"2\"><strong>N<sub>1<\/sub>[dev\/dak]<\/strong><\/td>\n<td rowspan=\"2\"><strong>P<sub>1<\/sub>[kW]<\/strong><\/td>\n<td rowspan=\"2\"><strong>M<sub>2<\/sub>[Nm]<\/strong><\/td>\n<td colspan=\"3\"><strong>\u015eaft Tipi<\/strong><\/td>\n<td rowspan=\"2\"><strong>Giri\u015f<\/strong><\/td>\n<\/tr>\n<tr>\n<td><strong>X<\/strong><\/td>\n<td><strong>Y<\/strong><\/td>\n<td><strong>Z<\/strong><\/td>\n<\/tr>\n<tr>\n<td>1.84<\/td>\n<td>540<\/td>\n<td>66.0<\/td>\n<td>615<\/td>\n<td>1\u201d 3\/8 Z6<\/td>\n<td>1\u201d 3\/8 Z6<\/td>\n<td>Hub ba\u011flant\u0131s\u0131<\/td>\n<td>Y<\/td>\n<\/tr>\n<tr>\n<td>1.47<\/td>\n<td>540<\/td>\n<td>66.0<\/td>\n<td>770<\/td>\n<td>1\u201d 3\/8 Z6<\/td>\n<td>1\u201d 3\/8 Z6<\/td>\n<td>Hub ba\u011flant\u0131s\u0131<\/td>\n<td>Y<\/td>\n<\/tr>\n<\/tbody>\n<\/table>\n<h3>D\u00f6ner Bi\u00e7me Makinesi \u015eanz\u0131man\u0131n\u0131n \u00d6zellikleri<\/h3>\n<p>\u015eanz\u0131man, d\u00f6ner bi\u00e7me makinesinin verimli ve etkili bir \u015fekilde \u00e7al\u0131\u015fmas\u0131n\u0131 sa\u011flayan hayati bir bile\u015fendir. D\u00f6ner bi\u00e7me makineleri, \u00e7im, yabani ot ve \u00e7al\u0131lar\u0131 kolayca bi\u00e7ebilme kabiliyetleri nedeniyle peyzaj mimarlar\u0131, bah\u00e7\u0131vanlar ve tar\u0131m alanlar\u0131nda yayg\u0131n olarak kullan\u0131l\u0131r. Y\u00fcksek kaliteli bir d\u00f6ner bi\u00e7me makinesi \u015fanz\u0131man\u0131, bi\u00e7me makinesinin genel performans\u0131n\u0131, dayan\u0131kl\u0131l\u0131\u011f\u0131n\u0131 ve uzun \u00f6m\u00fcrl\u00fcl\u00fc\u011f\u00fcn\u00fc art\u0131rarak, \u00e7e\u015fitli ko\u015fullarda sorunsuz \u00e7al\u0131\u015fmas\u0131 i\u00e7in olmazsa olmazd\u0131r.<\/p>\n<p>D\u00f6ner bi\u00e7me makinesinin \u015fanz\u0131man\u0131n\u0131n temel \u00f6zelliklerinden biri \u015fudur: <strong>dayan\u0131kl\u0131 g\u00f6vde<\/strong>Genellikle d\u00f6kme demir veya al\u00fcminyum ala\u015f\u0131mlar\u0131 gibi g\u00fc\u00e7l\u00fc malzemelerden yap\u0131l\u0131r. Muhafaza, i\u00e7 bile\u015fenleri kir, nem ve d\u00f6k\u00fcnt\u00fc gibi zorlu \u00e7evresel etkenlerden korur. Bu sa\u011flam yap\u0131, di\u015fli kutusunun sa\u011flam kalmas\u0131n\u0131 ve tarlalarda veya engebeli arazilerde a\u011f\u0131r bi\u00e7me i\u015fleri de dahil olmak \u00fczere zorlu ko\u015fullarda g\u00fcvenilir bir \u015fekilde \u00e7al\u0131\u015fmas\u0131n\u0131 sa\u011flar.<\/p>\n<p>Bir di\u011fer \u00f6nemli \u00f6zellik ise <strong>yataklar<\/strong> \u015eanz\u0131man i\u00e7indeki d\u00f6nen \u015faft\u0131 ve di\u015flileri destekleyen rulmanlar. Rulmanlar s\u00fcrt\u00fcnmeyi azaltarak i\u00e7 bile\u015fenlerin sorunsuz ve verimli bir \u015fekilde d\u00f6nmesini sa\u011flar. Ayr\u0131ca a\u015f\u0131nma ve y\u0131pranmay\u0131 en aza indirerek \u015fanz\u0131man\u0131n s\u0131k s\u0131k onar\u0131m gerektirmeden uzun s\u00fcre \u00e7al\u0131\u015fmas\u0131n\u0131 sa\u011flar. Rulmanlar\u0131n do\u011fru \u015fekilde ya\u011flanmas\u0131, a\u015f\u0131r\u0131 \u0131s\u0131nmay\u0131 \u00f6nlemek ve optimum performans\u0131 korumak i\u00e7in \u00e7ok \u00f6nemlidir. Bu nedenle bir\u00e7ok \u015fanz\u0131man, t\u00fcm hareketli par\u00e7alar\u0131n iyi ya\u011flanmas\u0131n\u0131 sa\u011flayan entegre bir ya\u011flama sistemiyle birlikte gelir.<\/p>\n<p>The <strong>foklar<\/strong> \u015eanz\u0131mandaki contalar, kir, \u00e7im k\u0131rp\u0131nt\u0131lar\u0131 ve su gibi kirleticilerin \u015fanz\u0131mana girmesini \u00f6nlemede \u00f6nemli bir rol oynar. Bu contalar, \u015fanz\u0131man i\u00e7indeki ya\u011flaman\u0131n b\u00fct\u00fcnl\u00fc\u011f\u00fcn\u00fc korumaya ve i\u00e7 di\u015flileri hasardan korumaya yard\u0131mc\u0131 olur. Uygun s\u0131zd\u0131rmazl\u0131k sa\u011flanmazsa, d\u00f6k\u00fcnt\u00fcler \u015fanz\u0131mana girebilir ve bile\u015fenlerde ciddi hasara yol a\u00e7arak maliyetli onar\u0131mlara ve duru\u015flara neden olabilir. Bu nedenle contalar, \u015fanz\u0131man\u0131n verimlili\u011fini korur ve \u00e7im bi\u00e7me makinesinin genel \u00f6mr\u00fcn\u00fc uzat\u0131r.<\/p>\n<p>Baz\u0131 geli\u015fmi\u015f d\u00f6ner bi\u00e7me makinesi di\u015fli kutular\u0131 ek \u00f6zelliklerle birlikte gelir <strong>ayarlanabilir vitesler gibi \u00f6zellikler<\/strong> Operat\u00f6rlerin kesme y\u00fcksekli\u011fini de\u011fi\u015ftirmesine olanak tan\u0131yan bu \u00f6zellik, \u00f6zellikle \u00e7im bi\u00e7me i\u015fleminden daha yo\u011fun bitki \u00f6rt\u00fcs\u00fcn\u00fc kesmeye ge\u00e7i\u015f gibi de\u011fi\u015fken bi\u00e7me ko\u015fullar\u0131nda faydal\u0131d\u0131r. Y\u00fcksekli\u011fin ayarlanabilmesi, daha temiz ve daha verimli bir kesim sa\u011flayarak operat\u00f6re bi\u00e7me i\u015flemi \u00fczerinde daha fazla kontrol sa\u011flar. Ayr\u0131ca, baz\u0131 di\u015fli kutular\u0131 ayr\u0131ca <strong>debriyaj mekanizmas\u0131<\/strong> Bi\u00e7me makinesi kullan\u0131lmad\u0131\u011f\u0131nda b\u0131\u00e7aklar\u0131 devre d\u0131\u015f\u0131 b\u0131rakan bu sistem, b\u0131\u00e7aklar\u0131n gereksiz yere a\u015f\u0131nmas\u0131n\u0131 \u00f6nlemeye yard\u0131mc\u0131 olur ve bi\u00e7me makinesi bo\u015ftayken hasar riskini azalt\u0131r.<\/p>\n<p>TF-26A d\u00f6ner bi\u00e7me makinesi \u015fanz\u0131man\u0131na ek olarak, \u00f6zel uygulamalar i\u00e7in tasarlanm\u0131\u015f \u00e7e\u015fitli tar\u0131m \u015fanz\u0131manlar\u0131 da sunuyoruz. \u0130ster a\u011f\u0131r hizmet tipi end\u00fcstriyel kullan\u0131m ister daha hafif g\u00f6revler i\u00e7in olsun, \u015fanz\u0131man yelpazemiz her kullan\u0131c\u0131n\u0131n bi\u00e7me makinesi ve operasyonel ihtiya\u00e7lar\u0131na uygun do\u011fru \u015fanz\u0131man\u0131 bulmas\u0131n\u0131 sa\u011flar.<\/p>\n<p>\u00d6zetle, verimli \u00e7al\u0131\u015fma sa\u011flamak, a\u015f\u0131nma ve y\u0131pranmay\u0131 en aza indirmek ve bi\u00e7me makinesinin \u00f6mr\u00fcn\u00fc uzatmak i\u00e7in y\u00fcksek kaliteli bir d\u00f6ner bi\u00e7me makinesi \u015fanz\u0131man\u0131 olmazsa olmazd\u0131r. Dayan\u0131kl\u0131 g\u00f6vde, verimli rulmanlar, koruyucu contalar, ayarlanabilir di\u015fliler ve debriyaj mekanizmalar\u0131 gibi \u00f6zellikleriyle bu \u015fanz\u0131manlar, d\u00f6ner bi\u00e7me makinelerinin \u00e7e\u015fitli ortamlarda sorunsuz ve g\u00fcvenilir performans g\u00f6stermesine katk\u0131da bulunur.<\/p>\n<p><img loading=\"lazy\" decoding=\"async\" class=\"alignnone size-full wp-image-1940\" src=\"https:\/\/fmp-components.com\/wp-content\/uploads\/2024\/12\/Rotary-Mower-Gearbox23.webp\" alt=\"D\u00f6ner Bi\u00e7me Makinesi \u015eanz\u0131man\u0131\" width=\"1000\" height=\"1000\" title=\"\" srcset=\"https:\/\/fmp-components.com\/wp-content\/uploads\/2024\/12\/Rotary-Mower-Gearbox23.webp 1000w, https:\/\/fmp-components.com\/wp-content\/uploads\/2024\/12\/Rotary-Mower-Gearbox23-980x980.webp 980w, https:\/\/fmp-components.com\/wp-content\/uploads\/2024\/12\/Rotary-Mower-Gearbox23-480x480.webp 480w\" sizes=\"(min-width: 0px) and (max-width: 480px) 480px, (min-width: 481px) and (max-width: 980px) 980px, (min-width: 981px) 1000px, 100vw\" \/><\/p>\n<h3>Sat\u0131l\u0131k PTO \u015eaftlar\u0131<\/h3>\n<p>FMP olarak, d\u00f6ner bi\u00e7me makinesi \u015fanz\u0131manlar\u0131 da dahil olmak \u00fczere tar\u0131m di\u015fli kutular\u0131yla kullan\u0131m i\u00e7in \u00f6zel olarak tasarlanm\u0131\u015f, y\u00fcksek kaliteli PTO (G\u00fc\u00e7 Aktarma Organ\u0131) \u015faftlar\u0131ndan olu\u015fan kapsaml\u0131 bir \u00fcr\u00fcn yelpazesi sunuyoruz. PTO \u015faft\u0131, trakt\u00f6r motorundan tar\u0131m makinelerine mekanik g\u00fc\u00e7 aktar\u0131m\u0131nda hayati bir rol oynar. Uygulaman\u0131n \u00f6zel gereksinimlerine ba\u011fl\u0131 olarak 540 ila 1.000 RPM aras\u0131nda de\u011fi\u015fen h\u0131zlarda \u00e7al\u0131\u015f\u0131r.<\/p>\n<p>PTO \u015faftlar\u0131m\u0131z, dayan\u0131kl\u0131l\u0131k ve verimlilik g\u00f6z \u00f6n\u00fcnde bulundurularak tasarlanm\u0131\u015ft\u0131r ve sa\u011flam bir yap\u0131ya ve \u015fanz\u0131mana kusursuz bir \u015fekilde ba\u011flanmak i\u00e7in her iki ucunda bulunan boyunduruklara sahiptir. Bu \u015faftlar, makinenizin g\u00fc\u00e7 ihtiya\u00e7lar\u0131na g\u00f6re do\u011fru se\u00e7ene\u011fi se\u00e7menize olanak tan\u0131yan \u00e7e\u015fitli tork de\u011ferlerinde mevcuttur. \u0130ster hafif ister a\u011f\u0131r hizmet tipi ekipmanla \u00e7al\u0131\u015f\u0131yor olun, optimum performans sa\u011flamak \u00fczere tasarlanm\u0131\u015f PTO \u015faftlar\u0131 sunuyoruz.<\/p>\n<p>FMP, geni\u015f standart PTO \u015faft\u0131 yelpazemize ek olarak, makinelerinizin \u00f6zel ihtiya\u00e7lar\u0131n\u0131 kar\u015f\u0131lamak i\u00e7in \u00f6zelle\u015ftirilmi\u015f \u00e7\u00f6z\u00fcmler de sunar. Uzunluk, tork veya di\u011fer \u00f6zelliklerde ayarlamalara ihtiyac\u0131n\u0131z varsa, ihtiya\u00e7lar\u0131n\u0131za tam olarak uygun PTO \u015faftlar\u0131 tasarlay\u0131p \u00fcretebiliriz.<\/p>\n<p>Sorunsuz g\u00fc\u00e7 aktar\u0131m\u0131 ve uzun \u00f6m\u00fcrl\u00fc \u00e7al\u0131\u015fma sa\u011flayan y\u00fcksek performansl\u0131 PTO \u015faftlar\u0131 ar\u0131yorsan\u0131z, bizimle ileti\u015fime ge\u00e7mekten \u00e7ekinmeyin. Daha fazla bilgi edinmek veya \u00f6zel PTO \u015faft\u0131 ihtiya\u00e7lar\u0131n\u0131z\u0131 g\u00f6r\u00fc\u015fmek i\u00e7in bug\u00fcn bize ula\u015f\u0131n!<\/p>\n<p><img loading=\"lazy\" decoding=\"async\" class=\"alignnone wp-image-1941\" src=\"https:\/\/fmp-components.com\/wp-content\/uploads\/2024\/12\/rotary-mower-gearbox-and-pto-drive-shaft.webp\" alt=\"D\u00f6ner Bi\u00e7me Makinesi \u015eanz\u0131man\u0131\" width=\"873\" height=\"641\" title=\"\" srcset=\"https:\/\/fmp-components.com\/wp-content\/uploads\/2024\/12\/rotary-mower-gearbox-and-pto-drive-shaft.webp 873w, https:\/\/fmp-components.com\/wp-content\/uploads\/2024\/12\/rotary-mower-gearbox-and-pto-drive-shaft-480x353.webp 480w\" sizes=\"(min-width: 0px) and (max-width: 480px) 480px, (min-width: 481px) 873px, 100vw\" \/><\/p>\n<h3>FMP Hakk\u0131nda<\/h3>\n<p>\u0130talya merkezli FMP, di\u015fli kutular\u0131, red\u00fckt\u00f6rler ve m\u00fchendislik makinelerinin ara\u015ft\u0131rma, geli\u015ftirme ve \u00fcretiminde sayg\u0131n bir liderdir. \u0130novasyon, kalite ve yetenek geli\u015ftirmeye odaklanmas\u0131yla bilinen FMP, makine m\u00fchendisli\u011fi sekt\u00f6r\u00fcnde \u00f6nemli bir oyuncu olarak kendini kan\u0131tlam\u0131\u015ft\u0131r. S\u00fcrekli geli\u015fim ve m\u00fckemmelli\u011fe olan ba\u011fl\u0131l\u0131\u011f\u0131yla hem yurt i\u00e7inde hem de yurt d\u0131\u015f\u0131nda tan\u0131nan \u015firket, \u00e7ok \u00e7e\u015fitli sekt\u00f6rlerde g\u00fcvenilir bir i\u015f orta\u011f\u0131 haline gelmi\u015ftir.<\/p>\n<p>FMP, spiral konik di\u015fli red\u00fckt\u00f6rler, mahmuzlu red\u00fckt\u00f6rler, sonsuz di\u015fli red\u00fckt\u00f6rler, silindirik red\u00fckt\u00f6rler ve y\u00fcksek bas\u0131n\u00e7l\u0131 d\u00f6k\u00fcm vana g\u00f6vdeleri ve muhafazalar\u0131 dahil olmak \u00fczere geni\u015f bir y\u00fcksek performansl\u0131 \u00fcr\u00fcn yelpazesi sunmaktad\u0131r. Bu \u00fcr\u00fcnler, \u00e7e\u015fitli uygulamalar\u0131n benzersiz ihtiya\u00e7lar\u0131n\u0131 kar\u015f\u0131lamak \u00fczere hassasiyetle tasarlanm\u0131\u015ft\u0131r. \u0130ster a\u011f\u0131r hizmet tipi end\u00fcstriyel makineler ister \u00f6zel tar\u0131m ekipmanlar\u0131 i\u00e7in olsun, FMP'nin red\u00fckt\u00f6rleri g\u00fcvenilir performans ve dayan\u0131kl\u0131l\u0131k sunar.<\/p>\n<p>\u015eirketin di\u015fli kutular\u0131 ve bile\u015fenleri, tar\u0131m, petrol \u00e7\u0131karma, deniz sistemleri ve hidrolik m\u00fchendisli\u011fi gibi bir\u00e7ok sekt\u00f6rde yayg\u0131n olarak kullan\u0131lmaktad\u0131r. Tar\u0131m sekt\u00f6r\u00fcnde FMP \u00fcr\u00fcnleri, d\u00f6ner bi\u00e7me makineleri, kar temizleme makineleri, g\u00fcbre serpme makineleri ve tah\u0131l konvey\u00f6rleri gibi temel makinelere g\u00fc\u00e7 sa\u011flar. Bu \u00e7ok y\u00f6nl\u00fcl\u00fck, FMP'nin verimlili\u011fi ve \u00fcretkenli\u011fi art\u0131ran y\u00fcksek kaliteli \u00e7\u00f6z\u00fcmlerle \u00e7e\u015fitli sekt\u00f6rlere hizmet verme yetene\u011fini g\u00f6stermektedir.<\/p>\n<p>FMP'nin ileri \u00fcretim m\u00fckemmelli\u011fine olan ba\u011fl\u0131l\u0131\u011f\u0131, titiz \u00fcretim s\u00fcre\u00e7lerine yans\u0131r. \u0130lk tasar\u0131m a\u015famas\u0131ndan son montaja kadar her \u00fcr\u00fcn, en y\u00fcksek kalite standartlar\u0131n\u0131 kar\u015f\u0131layacak \u015fekilde \u00fcretilir. \u015eirket, dayan\u0131kl\u0131l\u0131k ve optimum performans sa\u011flamak i\u00e7in yaln\u0131zca d\u00f6kme demir ve al\u00fcminyum ala\u015f\u0131mlar\u0131 gibi y\u00fcksek kaliteli malzemeler kullan\u0131r. Her bir par\u00e7an\u0131n hassas bir \u015fekilde \u00fcretilmesi i\u00e7in tornalama ve frezeleme gibi hassas i\u015fleme teknikleri kullan\u0131l\u0131r. FMP'nin kalite kontrol s\u00fcre\u00e7leri, hizalama, ya\u011flama ve uzun vadeli a\u015f\u0131nma direncine dikkat edilerek her \u00fcr\u00fcn\u00fcn g\u00fcvenilir bir \u015fekilde performans g\u00f6stermesini sa\u011flar.<\/p>\n<p>M\u00fc\u015fteri memnuniyetine ve inovasyona de\u011fer veren bir \u015firket olarak FMP, y\u00fcksek performansl\u0131 \u00fcr\u00fcnler sunma konusundaki g\u00fc\u00e7l\u00fc itibar\u0131n\u0131 geli\u015ftirmeye devam ediyor. \u015eirket, k\u00fcresel ortakl\u0131klara ve i\u015f birliklerine a\u00e7\u0131k olup, m\u00fc\u015fterilerinin \u00f6zel ihtiya\u00e7lar\u0131n\u0131 kar\u015f\u0131lamak i\u00e7in \u00f6zelle\u015ftirilmi\u015f \u00e7\u00f6z\u00fcmler sunuyor. Daha fazla bilgi edinmek veya potansiyel i\u015f birliklerini g\u00f6r\u00fc\u015fmek i\u00e7in m\u00fc\u015fteriler, FMP ile telefon veya e-posta yoluyla kolayca ileti\u015fime ge\u00e7ebilir ve \u015firketin ola\u011fan\u00fcst\u00fc hizmet ve y\u00fcksek kaliteli \u00e7\u00f6z\u00fcmlere olan ba\u011fl\u0131l\u0131\u011f\u0131n\u0131 peki\u015ftirebilir.<\/p>\n<p><img loading=\"lazy\" decoding=\"async\" class=\"alignnone size-full wp-image-1861\" src=\"https:\/\/fmp-components.com\/wp-content\/uploads\/2024\/12\/Other-Agricultural-Gearboxes.webp\" alt=\"Di\u011fer Tar\u0131msal \u015eanz\u0131manlar\" width=\"1200\" height=\"1400\" title=\"\" srcset=\"https:\/\/fmp-components.com\/wp-content\/uploads\/2024\/12\/Other-Agricultural-Gearboxes.webp 1200w, https:\/\/fmp-components.com\/wp-content\/uploads\/2024\/12\/Other-Agricultural-Gearboxes-980x1143.webp 980w, https:\/\/fmp-components.com\/wp-content\/uploads\/2024\/12\/Other-Agricultural-Gearboxes-480x560.webp 480w\" sizes=\"(min-width: 0px) and (max-width: 480px) 480px, (min-width: 481px) and (max-width: 980px) 980px, (min-width: 981px) 1200px, 100vw\" \/><\/p>\n<p>Yazar: CX<\/p>","protected":false},"excerpt":{"rendered":"<p>Rotary Mower Gearbox TF-26A\u00a0Specifications i N1[rpm] P1[kW] M2[Nm] Shaft Type Input X Y Z 1.84 540 66.0 615 1&#8221; 3\/8 Z6 1&#8221; 3\/8 Z6 Hub connection Y 1.47 540 66.0 770 1&#8221; 3\/8 Z6 1&#8221; 3\/8 Z6 Hub connection Y Features of Rotary Mower Gearbox The gearbox is a vital component of a rotary mower, [&hellip;]<\/p>","protected":false},"featured_media":1942,"comment_status":"open","ping_status":"closed","template":"","meta":{"_et_pb_use_builder":"","_et_pb_old_content":"","_et_gb_content_width":""},"product_brand":[],"product_cat":[51],"product_tag":[],"class_list":{"0":"post-1938","1":"product","2":"type-product","3":"status-publish","4":"has-post-thumbnail","6":"product_cat-rotary-mower-gearbox","8":"first","9":"instock","10":"shipping-taxable","11":"product-type-simple"},"_links":{"self":[{"href":"https:\/\/fmp-components.com\/tr\/wp-json\/wp\/v2\/product\/1938","targetHints":{"allow":["GET"]}}],"collection":[{"href":"https:\/\/fmp-components.com\/tr\/wp-json\/wp\/v2\/product"}],"about":[{"href":"https:\/\/fmp-components.com\/tr\/wp-json\/wp\/v2\/types\/product"}],"replies":[{"embeddable":true,"href":"https:\/\/fmp-components.com\/tr\/wp-json\/wp\/v2\/comments?post=1938"}],"wp:featuredmedia":[{"embeddable":true,"href":"https:\/\/fmp-components.com\/tr\/wp-json\/wp\/v2\/media\/1942"}],"wp:attachment":[{"href":"https:\/\/fmp-components.com\/tr\/wp-json\/wp\/v2\/media?parent=1938"}],"wp:term":[{"taxonomy":"product_brand","embeddable":true,"href":"https:\/\/fmp-components.com\/tr\/wp-json\/wp\/v2\/product_brand?post=1938"},{"taxonomy":"product_cat","embeddable":true,"href":"https:\/\/fmp-components.com\/tr\/wp-json\/wp\/v2\/product_cat?post=1938"},{"taxonomy":"product_tag","embeddable":true,"href":"https:\/\/fmp-components.com\/tr\/wp-json\/wp\/v2\/product_tag?post=1938"}],"curies":[{"name":"wp","href":"https:\/\/api.w.org\/{rel}","templated":true}]}}