{"id":1930,"date":"2024-12-26T01:36:50","date_gmt":"2024-12-26T01:36:50","guid":{"rendered":"https:\/\/fmp-components.com\/?page_id=8"},"modified":"2024-12-26T01:43:53","modified_gmt":"2024-12-26T01:43:53","slug":"rotary-mower-gearbox-replacement-of-comer-code-lf-125j","status":"publish","type":"product","link":"https:\/\/fmp-components.com\/tr\/product\/rotary-mower-gearbox-replacement-of-comer-code-lf-125j\/","title":{"rendered":"D\u00f6ner Bi\u00e7me Makinesi \u015eanz\u0131man Kutusu \u2013 K\u00f6\u015fe Kodu LF-125J'nin De\u011fi\u015ftirilmesi"},"content":{"rendered":"<p><img loading=\"lazy\" decoding=\"async\" class=\"size-full wp-image-1934 aligncenter\" src=\"https:\/\/fmp-components.com\/wp-content\/uploads\/2024\/12\/rotary-mower-gearbox-lf125j.webp\" alt=\"d\u00f6ner bi\u00e7me makinesi-\u015fanz\u0131man-lf125j\" width=\"300\" height=\"300\" title=\"\" srcset=\"https:\/\/fmp-components.com\/wp-content\/uploads\/2024\/12\/rotary-mower-gearbox-lf125j.webp 300w, https:\/\/fmp-components.com\/wp-content\/uploads\/2024\/12\/rotary-mower-gearbox-lf125j-150x150.webp 150w, https:\/\/fmp-components.com\/wp-content\/uploads\/2024\/12\/rotary-mower-gearbox-lf125j-12x12.webp 12w, https:\/\/fmp-components.com\/wp-content\/uploads\/2024\/12\/rotary-mower-gearbox-lf125j-100x100.webp 100w\" sizes=\"(max-width: 300px) 100vw, 300px\" \/><\/p>\n<h2>D\u00f6ner Bi\u00e7me Makinesi \u015eanz\u0131man LF-125J \u00d6zellikleri<\/h2>\n<p><img loading=\"lazy\" decoding=\"async\" class=\"alignnone size-full wp-image-1933\" src=\"https:\/\/fmp-components.com\/wp-content\/uploads\/2024\/12\/rotary-mower-gearbox-specifications-lf125j.webp\" alt=\"d\u00f6ner bi\u00e7me makinesi-di\u015fli kutusu-\u00f6zellikleri-lf125j\" width=\"963\" height=\"505\" title=\"\" srcset=\"https:\/\/fmp-components.com\/wp-content\/uploads\/2024\/12\/rotary-mower-gearbox-specifications-lf125j.webp 963w, https:\/\/fmp-components.com\/wp-content\/uploads\/2024\/12\/rotary-mower-gearbox-specifications-lf125j-480x252.webp 480w\" sizes=\"(min-width: 0px) and (max-width: 480px) 480px, (min-width: 481px) 963px, 100vw\" \/><\/p>\n<table style=\"width: 100%;\" border=\"1\" width=\"100%\" cellspacing=\"0\" cellpadding=\"0\">\n<tbody>\n<tr>\n<td rowspan=\"2\"><strong>Ben<\/strong><\/td>\n<td rowspan=\"2\"><strong>N<sub>1<\/sub>[dev\/dak]<\/strong><\/td>\n<td rowspan=\"2\"><strong>P<sub>1<\/sub>[kW]<\/strong><\/td>\n<td rowspan=\"2\"><strong>M<sub>2<\/sub>[Nm]<\/strong><\/td>\n<td colspan=\"2\"><strong>\u015eaft Tipi<\/strong><\/td>\n<td rowspan=\"2\"><strong>Giri\u015f<\/strong><\/td>\n<\/tr>\n<tr>\n<td><strong>X<\/strong><\/td>\n<td><strong>Z<\/strong><\/td>\n<\/tr>\n<tr>\n<td>1.77<\/td>\n<td>540<\/td>\n<td>93.0<\/td>\n<td>901<\/td>\n<td>1\u201d 3\/4 Z20<\/td>\n<td>Hub ba\u011flant\u0131s\u0131<\/td>\n<td>X<\/td>\n<\/tr>\n<tr>\n<td>1.00<\/td>\n<td>1000<\/td>\n<td>93.0<\/td>\n<td>861<\/td>\n<td>1\u201d 3\/4 Z20<\/td>\n<td>Hub ba\u011flant\u0131s\u0131<\/td>\n<td>X<\/td>\n<\/tr>\n<\/tbody>\n<\/table>\n<article class=\"w-full scroll-mb-[var(--thread-trailing-height,150px)] text-token-text-primary focus-visible:outline-2 focus-visible:outline-offset-[-4px]\" dir=\"auto\" data-testid=\"conversation-turn-72\" data-scroll-anchor=\"false\">\n<div class=\"m-auto text-base py-[18px] px-3 md:px-4 w-full md:px-5 lg:px-4 xl:px-5\">\n<div class=\"mx-auto flex flex-1 gap-4 text-base md:gap-5 lg:gap-6 md:max-w-3xl lg:max-w-[40rem] xl:max-w-[48rem]\">\n<div class=\"group\/conversation-turn relative flex w-full min-w-0 flex-col\">\n<div class=\"flex-col gap-1 md:gap-3\">\n<div class=\"flex max-w-full flex-col flex-grow\">\n<div class=\"min-h-8 text-message flex w-full flex-col items-end gap-2 whitespace-normal break-words text-start [.text-message+&amp;]:mt-5\" dir=\"auto\" data-message-author-role=\"user\" data-message-id=\"aaa204bc-fa4c-4e19-9198-f71b801ccd6f\">\n<div class=\"flex w-full flex-col gap-1 empty:hidden items-end rtl:items-start\">\n<div class=\"relative max-w-[var(--user-chat-width,70%)] rounded-3xl bg-token-message-surface px-5 py-2.5\">\n<h3 class=\"whitespace-pre-wrap\">D\u00f6ner Bi\u00e7me Makinesi \u015eanz\u0131man\u0131n\u0131n \u00d6zellikleri<\/h3>\n<div class=\"absolute bottom-0 right-full top-0 -mr-3.5 hidden pr-5 pt-1 [.group\\\/conversation-turn:hover_&amp;]:block\">D\u00f6ner bi\u00e7me makinesi \u015fanz\u0131manlar\u0131, \u00e7im bak\u0131m\u0131 ve tar\u0131m ekipmanlar\u0131nda hayati \u00f6nem ta\u015f\u0131yan bile\u015fenlerdir ve trakt\u00f6rden bi\u00e7me makinesi b\u0131\u00e7aklar\u0131na g\u00fc\u00e7 aktar\u0131m\u0131nda kilit rol oynarlar. Bu \u015fanz\u0131manlar, zorlu bi\u00e7me ko\u015fullar\u0131n\u0131n gereksinimlerini kar\u015f\u0131layacak \u015fekilde tasarlanm\u0131\u015ft\u0131r ve verimlilik ve dayan\u0131kl\u0131l\u0131k sa\u011flar. D\u00f6ner bi\u00e7me makinesi \u015fanz\u0131man\u0131n\u0131n baz\u0131 temel \u00f6zellikleri \u015funlard\u0131r:<\/div>\n<\/div>\n<\/div>\n<\/div>\n<\/div>\n<\/div>\n<\/div>\n<\/div>\n<\/div>\n<\/article>\n<ol>\n<li><strong>G\u00fc\u00e7 Aktar\u0131m\u0131<\/strong><br \/>\nD\u00f6ner bi\u00e7me makinesi \u015fanz\u0131man\u0131n\u0131n temel i\u015flevi, trakt\u00f6r\u00fcn PTO \u015faft\u0131ndan gelen g\u00fcc\u00fc bi\u00e7me makinesinin b\u0131\u00e7aklar\u0131na iletmektir. \u015eanz\u0131man, trakt\u00f6r\u00fcn motor g\u00fcc\u00fcn\u00fc, b\u0131\u00e7aklar\u0131n \u00e7im ve bitki \u00f6rt\u00fcs\u00fcn\u00fc etkili bir \u015fekilde kesmesi i\u00e7in gereken tork ve h\u0131za d\u00f6n\u00fc\u015ft\u00fcr\u00fcr.<\/li>\n<li><strong>Dayan\u0131kl\u0131 Yap\u0131<\/strong><br \/>\nD\u00f6ner bi\u00e7me makinesi di\u015fli kutular\u0131, a\u011f\u0131r y\u00fcklere ve zorlu \u00e7al\u0131\u015fma ko\u015fullar\u0131na dayanacak \u015fekilde d\u00f6kme demir veya al\u00fcminyum ala\u015f\u0131mlar\u0131 gibi y\u00fcksek mukavemetli malzemelerden \u00fcretilmi\u015ftir. G\u00f6vde, zorlu ortamlarda \u00e7al\u0131\u015fma s\u0131ras\u0131nda i\u00e7 bile\u015fenlerin hasar g\u00f6rmesini \u00f6nlemek i\u00e7in genellikle sa\u011flam ve g\u00fc\u00e7lendirilmi\u015f yap\u0131dad\u0131r.<\/li>\n<li><strong>Sertle\u015ftirilmi\u015f Di\u015fliler<\/strong><br \/>\nD\u00f6ner bi\u00e7me makinesinin di\u015fli kutusundaki di\u015fliler, dayan\u0131kl\u0131l\u0131klar\u0131n\u0131 ve a\u015f\u0131nma diren\u00e7lerini art\u0131rmak i\u00e7in genellikle \u0131s\u0131l i\u015flemden ge\u00e7irilir ve sertle\u015ftirilir. Bu di\u015fliler, sorunsuz g\u00fc\u00e7 aktar\u0131m\u0131 sa\u011flar ve bi\u00e7me makinesi b\u0131\u00e7aklar\u0131n\u0131 kal\u0131n \u00e7im, yabani ot ve di\u011fer zorlu bitki \u00f6rt\u00fcs\u00fcnde \u00e7al\u0131\u015ft\u0131rmak i\u00e7in gereken y\u00fcksek torku kar\u015f\u0131layabilir.<\/li>\n<li><strong>Ya\u011flama i\u00e7in M\u00fch\u00fcrl\u00fc<\/strong><br \/>\nD\u00f6ner bi\u00e7me makinelerinin di\u015fli kutular\u0131, ya\u011f\u0131n d\u0131\u015far\u0131 s\u0131zmas\u0131n\u0131 \u00f6nleyen ve kir, su ve kal\u0131nt\u0131lar\u0131n di\u015fli kutusuna girmesini engelleyen ya\u011f ke\u00e7eleriyle donat\u0131lm\u0131\u015ft\u0131r. S\u00fcrt\u00fcnmeyi azaltmak, a\u015f\u0131r\u0131 \u0131s\u0131nmay\u0131 \u00f6nlemek ve di\u015fli kutusunun \u00f6mr\u00fcn\u00fc uzatmak i\u00e7in do\u011fru ya\u011flama \u015fartt\u0131r.<\/li>\n<li><strong>Kompakt Tasar\u0131m<\/strong><br \/>\nBu di\u015fli kutular\u0131 genellikle kompakt ve hafif olacak \u015fekilde tasarlanm\u0131\u015ft\u0131r, bu da kurulumlar\u0131n\u0131 ve bak\u0131mlar\u0131n\u0131 kolayla\u015ft\u0131r\u0131r. Yerden tasarruf sa\u011flayan tasar\u0131mlar\u0131, genel sistem a\u011f\u0131rl\u0131\u011f\u0131n\u0131 y\u00f6netilebilir tutarken optimum g\u00fc\u00e7 aktar\u0131m\u0131 sa\u011flar.<\/li>\n<li><strong>Ayarlanabilir H\u0131z ve Tork<\/strong><br \/>\nBir\u00e7ok d\u00f6ner bi\u00e7me makinesinin \u015fanz\u0131man\u0131nda, bi\u00e7me makinesi b\u0131\u00e7aklar\u0131n\u0131n h\u0131z\u0131n\u0131 ve torkunu ayarlama \u00f6zelli\u011fi bulunur. Bu esneklik, operat\u00f6rlerin \u00e7im, \u00e7al\u0131 veya daha zorlu bitki \u00f6rt\u00fcs\u00fc gibi \u00f6zel kesim gereksinimlerine g\u00f6re bi\u00e7me makinesinin performans\u0131n\u0131 hassas bir \u015fekilde ayarlamalar\u0131na olanak tan\u0131r.<\/li>\n<\/ol>\n<p>Bu \u00f6zellikler bir araya geldi\u011finde d\u00f6ner bi\u00e7me makinesinin \u015fanz\u0131man\u0131, \u00f6zellikle zorlu tar\u0131m ve peyzaj uygulamalar\u0131nda g\u00fcvenilir, verimli ve g\u00fcvenli bi\u00e7me performans\u0131 sa\u011flayan ekipman\u0131n \u00f6nemli bir par\u00e7as\u0131 haline gelir.<\/p>\n<p><img loading=\"lazy\" decoding=\"async\" class=\"alignnone size-full wp-image-1936\" src=\"https:\/\/fmp-components.com\/wp-content\/uploads\/2024\/12\/rotary-mower-gearbox-lf125j-21.webp\" alt=\"d\u00f6ner bi\u00e7me makinesi-\u015fanz\u0131man-lf125j\" width=\"900\" height=\"307\" title=\"\" srcset=\"https:\/\/fmp-components.com\/wp-content\/uploads\/2024\/12\/rotary-mower-gearbox-lf125j-21.webp 900w, https:\/\/fmp-components.com\/wp-content\/uploads\/2024\/12\/rotary-mower-gearbox-lf125j-21-480x164.webp 480w\" sizes=\"(min-width: 0px) and (max-width: 480px) 480px, (min-width: 481px) 900px, 100vw\" \/><\/p>\n<h3>D\u00f6ner Bi\u00e7me Makinesi \u015eanz\u0131manlar\u0131 i\u00e7in PTO \u015eaftlar\u0131<\/h3>\n<p>PTO (G\u00fc\u00e7 Aktarma Organ\u0131) \u015faftlar\u0131, trakt\u00f6r\u00fcn motorundan d\u00f6ner bi\u00e7me makinesinin \u015fanz\u0131man\u0131na g\u00fc\u00e7 iletmek ve bi\u00e7me makinesi b\u0131\u00e7aklar\u0131n\u0131n \u00e7al\u0131\u015fmas\u0131n\u0131 sa\u011flamak i\u00e7in gereklidir. D\u00f6ner bi\u00e7me makinesi \u015fanz\u0131man\u0131 i\u00e7in PTO \u015faft\u0131 se\u00e7erken ve kullan\u0131rken g\u00f6z \u00f6n\u00fcnde bulundurulmas\u0131 gereken temel fakt\u00f6rler \u015funlard\u0131r:<\/p>\n<p><strong>1. Uzunluk:<\/strong><br \/>\nD\u00f6ner bi\u00e7me makineniz i\u00e7in do\u011fru mili se\u00e7erken, PTO milinin uzunlu\u011fu \u00e7ok \u00f6nemli bir husustur. Trakt\u00f6r\u00fcn PTO \u00e7\u0131k\u0131\u015f\u0131 ile bi\u00e7me makinesinin \u015fanz\u0131man giri\u015f mili aras\u0131ndaki mesafeye uygun olmal\u0131d\u0131r. PTO mili \u00e7ok uzun veya k\u0131saysa, g\u00fc\u00e7 aktar\u0131m\u0131nda verimsizli\u011fe veya bile\u015fenlerde hasara neden olabilir. Do\u011fru uzunlu\u011fu se\u00e7mek i\u00e7in do\u011fru \u00f6l\u00e7\u00fcmler yap\u0131ld\u0131\u011f\u0131ndan emin olun.<\/p>\n<p><strong>2. Kapasite:<\/strong><br \/>\nPTO \u015faftlar\u0131, genellikle beygir g\u00fcc\u00fc (BG) cinsinden \u00f6l\u00e7\u00fclen farkl\u0131 g\u00fc\u00e7 kapasitelerinde gelir. D\u00f6ner bi\u00e7me makinesinin \u015fanz\u0131man\u0131n\u0131n ihtiya\u00e7 duydu\u011fu g\u00fc\u00e7 ve torka uygun bir PTO \u015faft\u0131 se\u00e7mek \u00e7ok \u00f6nemlidir. Kapasite, trakt\u00f6r\u00fcn motor g\u00fcc\u00fc ve bi\u00e7me makinesinin \u015fanz\u0131man \u00f6zellikleriyle uyumlu olmal\u0131d\u0131r. Yetersiz kapasiteye sahip bir PTO \u015faft\u0131 se\u00e7mek, a\u015f\u0131r\u0131 a\u015f\u0131nmaya, mekanik ar\u0131zaya veya ekipman hasar\u0131na neden olabilir.<\/p>\n<p><strong>3. G\u00fcvenlik:<\/strong><br \/>\nPTO \u015faftlar\u0131yla \u00e7al\u0131\u015f\u0131rken g\u00fcvenlik her zaman \u00f6ncelikli olmal\u0131d\u0131r. D\u00f6ner bi\u00e7me makinesi veya \u015fanz\u0131manda herhangi bir bak\u0131m, onar\u0131m veya ayar yapmadan \u00f6nce, trakt\u00f6r\u00fcn kapal\u0131 ve PTO \u015faft\u0131n\u0131n ba\u011flant\u0131s\u0131n\u0131n kesilmi\u015f oldu\u011fundan emin olun. PTO \u015faftlar\u0131 y\u00fcksek h\u0131zlarda d\u00f6ner ve yanl\u0131\u015f kullan\u0131m durumunda ciddi yaralanmalara neden olabilir. Riski en aza indirmek i\u00e7in daima g\u00fcvenlik protokollerine uyun ve uygun koruyucu ekipman kullan\u0131n.<\/p>\n<p><strong>4. Kalite:<\/strong><br \/>\nPTO \u015faft\u0131n\u0131n kalitesi, performans\u0131n\u0131 ve dayan\u0131kl\u0131l\u0131\u011f\u0131n\u0131 do\u011frudan etkiler. Y\u00fcksek kaliteli bir PTO \u015faft\u0131, a\u015f\u0131nmaya, korozyona ve d\u00fczenli mekanik strese dayanacak \u015fekilde y\u00fcksek mukavemetli \u00e7elik gibi dayan\u0131kl\u0131 malzemeler kullan\u0131larak \u00fcretilir. Bir PTO \u015faft\u0131 se\u00e7erken, zorlu tar\u0131m ko\u015fullar\u0131nda uzun \u00f6m\u00fcrl\u00fc ve g\u00fcvenilir performans sa\u011flamak i\u00e7in hassas bir \u015fekilde tasarland\u0131\u011f\u0131ndan emin olun.<\/p>\n<p><strong>5. Uyumluluk:<\/strong><br \/>\nPTO \u015faft\u0131n\u0131n hem trakt\u00f6r hem de d\u00f6ner bi\u00e7me makinesi \u015fanz\u0131man\u0131yla tam uyumlu oldu\u011fundan emin olmak hayati \u00f6nem ta\u015f\u0131r. Uyumluluk, \u015faft\u0131n her iki ucundaki di\u015fli boyutunu, di\u015fli say\u0131s\u0131n\u0131 ve ba\u011flant\u0131 tipini kontrol etmeyi i\u00e7erir. Uyumsuz bir PTO \u015faft\u0131 kullan\u0131m\u0131, verimsizli\u011fe, \u00e7al\u0131\u015fma sorunlar\u0131na veya hem PTO hem de \u015fanz\u0131man bile\u015fenlerinde hasara yol a\u00e7abilir.<\/p>\n<p><img loading=\"lazy\" decoding=\"async\" class=\"alignnone size-full wp-image-1937\" src=\"https:\/\/fmp-components.com\/wp-content\/uploads\/2024\/12\/rotary-mower-gearbox-and-pto-shaft1.webp\" alt=\"d\u00f6ner bi\u00e7me makinesi-\u015fanz\u0131man-lf125j\" width=\"800\" height=\"509\" title=\"\" srcset=\"https:\/\/fmp-components.com\/wp-content\/uploads\/2024\/12\/rotary-mower-gearbox-and-pto-shaft1.webp 800w, https:\/\/fmp-components.com\/wp-content\/uploads\/2024\/12\/rotary-mower-gearbox-and-pto-shaft1-480x305.webp 480w\" sizes=\"(min-width: 0px) and (max-width: 480px) 480px, (min-width: 481px) 800px, 100vw\" \/><\/p>\n<h3>FMP Hakk\u0131nda<\/h3>\n<p>FMP, \u00e7e\u015fitli d\u00f6ner bi\u00e7me makinesi \u015fanz\u0131manlar\u0131na uygun kapsaml\u0131 bir PT O \u015faft\u0131 yelpazesi sunar. \u0130ster standart bir PTO \u015faft\u0131na ister \u00f6zel bir \u00e7\u00f6z\u00fcme ihtiyac\u0131n\u0131z olsun, FMP g\u00fcvenilir performans sa\u011flayan y\u00fcksek kaliteli \u00fcr\u00fcnler sunar. Daha fazla bilgi edinmek veya sipari\u015f vermek i\u00e7in uzman deste\u011fi almak \u00fczere do\u011frudan bizimle ileti\u015fime ge\u00e7in.<\/p>\n<p>\u0130talya merkezli FMP, di\u015fli kutular\u0131, red\u00fckt\u00f6rler ve m\u00fchendislik makinelerinin ara\u015ft\u0131rma, geli\u015ftirme ve \u00fcretiminde tan\u0131nm\u0131\u015f bir liderdir. \u015eirket, yenilik\u00e7i yakla\u015f\u0131m\u0131, y\u00fcksek kalite standartlar\u0131 ve yetenek yeti\u015ftirme konusundaki kararl\u0131l\u0131\u011f\u0131yla takdir toplam\u0131\u015f ve makine m\u00fchendisli\u011fi sekt\u00f6r\u00fcnde kilit bir oyuncu konumuna gelmi\u015ftir. FMP'nin s\u00fcrekli geli\u015fim ve m\u00fckemmelli\u011fe odaklanmas\u0131, hem yurt i\u00e7inde hem de yurt d\u0131\u015f\u0131nda g\u00fc\u00e7l\u00fc itibar\u0131na katk\u0131da bulunmu\u015ftur.<\/p>\n<p>\u015eirket, spiral konik di\u015fli red\u00fckt\u00f6rler, mahmuzlu red\u00fckt\u00f6rler, sonsuz di\u015fli red\u00fckt\u00f6rler, silindirik red\u00fckt\u00f6rler ve y\u00fcksek bas\u0131n\u00e7l\u0131 d\u00f6k\u00fcm vana g\u00f6vdeleri ve muhafazalar\u0131 dahil olmak \u00fczere geni\u015f bir \u00fcr\u00fcn yelpazesi sunmaktad\u0131r. Bu \u00fcr\u00fcnler, \u00e7e\u015fitli end\u00fcstriyel uygulamalarda optimum performans ve g\u00fcvenilirlik sa\u011flamak i\u00e7in hassasiyetle tasarlanm\u0131\u015ft\u0131r. FMP'nin red\u00fckt\u00f6rleri ve bile\u015fenleri, her m\u00fc\u015fterinin \u00f6zel taleplerini kar\u015f\u0131layacak \u015fekilde tasarlanarak hem a\u011f\u0131r hizmet tipi end\u00fcstriyel operasyonlarda hem de \u00f6zel makinelerde verimlilik ve dayan\u0131kl\u0131l\u0131k sa\u011flar.<\/p>\n<p>FMP \u00fcr\u00fcnleri geni\u015f bir end\u00fcstri yelpazesine hizmet vermektedir. Tar\u0131mda d\u00f6ner bi\u00e7me makineleri, kar temizleme makineleri, g\u00fcbre serpme makineleri ve tah\u0131l konvey\u00f6rleri gibi ekipmanlarda kullan\u0131l\u0131rlar. Ayr\u0131ca, FMP'nin di\u015fli kutular\u0131 ve bile\u015fenleri, petrol \u00e7\u0131karma, denizcilik sistemleri ve hidrolik m\u00fchendisli\u011findeki makineleri destekleyerek, end\u00fcstriler genelinde uyarlanabilirliklerini ve \u00e7ok y\u00f6nl\u00fc uygulamalar\u0131n\u0131 g\u00f6stermektedir.<\/p>\n<p>\u015eirket, geli\u015fmi\u015f \u00fcretim kabiliyetleriyle gurur duymaktad\u0131r. Her \u00fcr\u00fcn, her uygulama i\u00e7in \u00f6zel spesifikasyonlar\u0131n geli\u015ftirildi\u011fi tasar\u0131m a\u015famas\u0131ndan ba\u015flayarak titiz bir \u00fcretim s\u00fcrecinden ge\u00e7mektedir. Dayan\u0131kl\u0131l\u0131k ve performans i\u00e7in d\u00f6kme demir ve al\u00fcminyum ala\u015f\u0131mlar\u0131 gibi y\u00fcksek kaliteli malzemeler se\u00e7ilmektedir. Tornalama ve frezeleme gibi hassas i\u015fleme teknikleri, her bile\u015fenin hassasiyetini garanti alt\u0131na al\u0131rken, montaj s\u00fcreci do\u011fru hizalama ve ya\u011flamay\u0131 garanti eder. Her \u00fcr\u00fcn\u00fcn stabilitesini, g\u00fcvenilirli\u011fini ve uzun \u00f6m\u00fcrl\u00fcl\u00fc\u011f\u00fcn\u00fc sa\u011flamak i\u00e7in titiz kalite kontrol prosed\u00fcrleri uygulanmaktad\u0131r.<\/p>\n<p>FMP'nin kaliteye, inovasyona ve m\u00fc\u015fteri memnuniyetine olan ba\u011fl\u0131l\u0131\u011f\u0131, \u00fcretim sekt\u00f6r\u00fcnde sayg\u0131n bir lider olarak konumunu sa\u011flamla\u015ft\u0131rm\u0131\u015ft\u0131r. \u015eirketin i\u015f\u00e7ili\u011fi ve ileri teknoloji kullan\u0131m\u0131, kal\u0131c\u0131 de\u011fer sunmas\u0131n\u0131 garanti alt\u0131na almaktad\u0131r. FMP, d\u00fcnya \u00e7ap\u0131ndaki m\u00fc\u015fterilerinin benzersiz ihtiya\u00e7lar\u0131n\u0131 kar\u015f\u0131lamak i\u00e7in \u00f6zelle\u015ftirilmi\u015f \u00e7\u00f6z\u00fcmler sunarak k\u00fcresel ortakl\u0131klara ve i\u015f birliklerine her zaman a\u00e7\u0131kt\u0131r. Daha fazla bilgi i\u00e7in, potansiyel i\u015f ortaklar\u0131 telefon veya e-posta yoluyla kolayca ula\u015fabilir ve FMP'nin ola\u011fan\u00fcst\u00fc m\u00fc\u015fteri hizmetleri ve y\u00fcksek performansl\u0131 \u00fcr\u00fcnler sunma taahh\u00fcd\u00fcn\u00fc bir kez daha teyit edebilirler.<\/p>\n<p><img loading=\"lazy\" decoding=\"async\" class=\"alignnone size-full wp-image-1861\" src=\"https:\/\/fmp-components.com\/wp-content\/uploads\/2024\/12\/Other-Agricultural-Gearboxes.webp\" alt=\"Di\u011fer Tar\u0131msal \u015eanz\u0131manlar\" width=\"1200\" height=\"1400\" title=\"\" srcset=\"https:\/\/fmp-components.com\/wp-content\/uploads\/2024\/12\/Other-Agricultural-Gearboxes.webp 1200w, https:\/\/fmp-components.com\/wp-content\/uploads\/2024\/12\/Other-Agricultural-Gearboxes-980x1143.webp 980w, https:\/\/fmp-components.com\/wp-content\/uploads\/2024\/12\/Other-Agricultural-Gearboxes-480x560.webp 480w\" sizes=\"(min-width: 0px) and (max-width: 480px) 480px, (min-width: 481px) and (max-width: 980px) 980px, (min-width: 981px) 1200px, 100vw\" \/><\/p>\n<p>Yazar: CX<\/p>","protected":false},"excerpt":{"rendered":"<p>Rotary Mower Gearbox LF-125J Specifications i N1[rpm] P1[kW] M2[Nm] Shaft Type Input X Z 1.77 540 93.0 901 1&#8221; 3\/4 Z20 Hub connection X 1.00 1000 93.0 861 1&#8221; 3\/4 Z20 Hub connection X Features of Rotary Mower Gearbox Rotary mower gearboxes are vital components in lawn care and agricultural equipment, playing a key role [&hellip;]<\/p>","protected":false},"featured_media":1934,"comment_status":"open","ping_status":"closed","template":"","meta":{"_et_pb_use_builder":"","_et_pb_old_content":"","_et_gb_content_width":""},"product_brand":[],"product_cat":[51],"product_tag":[],"class_list":{"0":"post-1930","1":"product","2":"type-product","3":"status-publish","4":"has-post-thumbnail","6":"product_cat-rotary-mower-gearbox","8":"first","9":"instock","10":"shipping-taxable","11":"product-type-simple"},"_links":{"self":[{"href":"https:\/\/fmp-components.com\/tr\/wp-json\/wp\/v2\/product\/1930","targetHints":{"allow":["GET"]}}],"collection":[{"href":"https:\/\/fmp-components.com\/tr\/wp-json\/wp\/v2\/product"}],"about":[{"href":"https:\/\/fmp-components.com\/tr\/wp-json\/wp\/v2\/types\/product"}],"replies":[{"embeddable":true,"href":"https:\/\/fmp-components.com\/tr\/wp-json\/wp\/v2\/comments?post=1930"}],"wp:featuredmedia":[{"embeddable":true,"href":"https:\/\/fmp-components.com\/tr\/wp-json\/wp\/v2\/media\/1934"}],"wp:attachment":[{"href":"https:\/\/fmp-components.com\/tr\/wp-json\/wp\/v2\/media?parent=1930"}],"wp:term":[{"taxonomy":"product_brand","embeddable":true,"href":"https:\/\/fmp-components.com\/tr\/wp-json\/wp\/v2\/product_brand?post=1930"},{"taxonomy":"product_cat","embeddable":true,"href":"https:\/\/fmp-components.com\/tr\/wp-json\/wp\/v2\/product_cat?post=1930"},{"taxonomy":"product_tag","embeddable":true,"href":"https:\/\/fmp-components.com\/tr\/wp-json\/wp\/v2\/product_tag?post=1930"}],"curies":[{"name":"wp","href":"https:\/\/api.w.org\/{rel}","templated":true}]}}