{"id":1923,"date":"2024-12-26T01:15:34","date_gmt":"2024-12-26T01:15:34","guid":{"rendered":"https:\/\/fmp-components.com\/?page_id=8"},"modified":"2024-12-26T01:23:05","modified_gmt":"2024-12-26T01:23:05","slug":"rotary-mower-gearbox-replacement-of-comer-code-lf227j","status":"publish","type":"product","link":"https:\/\/fmp-components.com\/tr\/product\/rotary-mower-gearbox-replacement-of-comer-code-lf227j\/","title":{"rendered":"D\u00f6ner Bi\u00e7me Makinesi \u015eanz\u0131man Kutusu \u2013 K\u00f6\u015fe Kodu LF227J'nin De\u011fi\u015ftirilmesi"},"content":{"rendered":"<p><img loading=\"lazy\" decoding=\"async\" class=\"alignnone  wp-image-1931\" src=\"https:\/\/fmp-components.com\/wp-content\/uploads\/2024\/12\/LF-227J-Rotary-Mowers-Gearboxes-3.webp\" alt=\"LF-227J D\u00f6ner Bi\u00e7me Makineleri Di\u015fli Kutular\u0131\" width=\"902\" height=\"451\" title=\"\"><\/p>\n<h2>LF-227J D\u00f6ner Bi\u00e7me Makinesi \u015eanz\u0131man\u0131n\u0131n \u00d6zellikleri<\/h2>\n<p><img loading=\"lazy\" decoding=\"async\" class=\"alignnone size-full wp-image-1924\" src=\"https:\/\/fmp-components.com\/wp-content\/uploads\/2024\/12\/LF-227J-Rotary-Mowers-Gearboxes-1.webp\" alt=\"LF-227J D\u00f6ner Bi\u00e7me Makineleri Di\u015fli Kutular\u0131\" width=\"923\" height=\"734\" title=\"\" srcset=\"https:\/\/fmp-components.com\/wp-content\/uploads\/2024\/12\/LF-227J-Rotary-Mowers-Gearboxes-1.webp 923w, https:\/\/fmp-components.com\/wp-content\/uploads\/2024\/12\/LF-227J-Rotary-Mowers-Gearboxes-1-480x382.webp 480w\" sizes=\"(min-width: 0px) and (max-width: 480px) 480px, (min-width: 481px) 923px, 100vw\" \/><\/p>\n<table border=\"1\" cellspacing=\"0\" cellpadding=\"0\">\n<tbody>\n<tr>\n<td>\u00dcr\u00fcn<\/td>\n<td>D\u00f6ner Bi\u00e7me Makinesi \u015eanz\u0131manlar\u0131 \u2013 K\u00f6\u015fe \u015eanz\u0131man LF-227J'nin De\u011fi\u015ftirilmesi<\/td>\n<\/tr>\n<tr>\n<td>Ba\u015fvuru<\/td>\n<td>Bi\u00e7me makineleri<\/td>\n<\/tr>\n<tr>\n<td>Teknik bilgiler<\/td>\n<td>\n<ul>\n<li class=\"kh-16zd49f\">T\u00fcm red\u00fckt\u00f6rler ya\u011fs\u0131z olarak teslim edilir.<\/li>\n<li class=\"kh-16zd49f\">\u00d6ncelikle 50-70 \u00e7al\u0131\u015fma saatinin ard\u0131ndan ya\u011f de\u011fi\u015fimi, ard\u0131ndan 500-700 \u00e7al\u0131\u015fma saatinin ard\u0131ndan veya en az\u0131ndan y\u0131lda bir kez ya\u011f de\u011fi\u015fimi yap\u0131lmal\u0131d\u0131r.<\/li>\n<\/ul>\n<\/td>\n<\/tr>\n<tr>\n<td>Maksimum giri\u015f g\u00fcc\u00fc<\/td>\n<td>55 kW<\/td>\n<\/tr>\n<tr>\n<td>Ya\u011f i\u00e7erir<\/td>\n<td>HAYIR<\/td>\n<\/tr>\n<tr>\n<td>Maksimum ya\u011f kapasitesi<\/td>\n<td>0,8 litre<\/td>\n<\/tr>\n<tr>\n<td>Maksimum ya\u011f de\u011fi\u015fim aral\u0131\u011f\u0131<\/td>\n<td>\n<div class=\"kh-pkx4zo\">500 saat<\/div>\n<\/td>\n<\/tr>\n<tr>\n<td>Ya\u011f SAE viskozite derecesi<\/td>\n<td>80W-90<\/td>\n<\/tr>\n<tr>\n<td>Konut malzemesi<\/td>\n<td>\n<div class=\"kh-pkx4zo\">D\u00f6kme demir GGG40<\/div>\n<\/td>\n<\/tr>\n<tr>\n<td>A\u011f\u0131rl\u0131k<\/td>\n<td>37 kilo<\/td>\n<\/tr>\n<tr>\n<td>Di\u015fli d\u00fczenlemesi Artan<\/td>\n<td>3<\/td>\n<\/tr>\n<tr>\n<td>Di\u015fli oran\u0131<\/td>\n<td>1: 1.83<\/td>\n<\/tr>\n<tr>\n<td>Giri\u015f g\u00fcc\u00fc kW \/ HP Artan<\/td>\n<td>55 \/ 75 kW\/BG<\/td>\n<\/tr>\n<tr>\n<td>Giri\u015f mili Art\u0131yor<\/td>\n<td>X<\/td>\n<\/tr>\n<tr>\n<td>\u00c7\u0131k\u0131\u015f Torku DaNm Art\u0131yor<\/td>\n<td>51,7 daNm<\/td>\n<\/tr>\n<tr>\n<td>Oran Art\u0131yor<\/td>\n<td>\n<div class=\"kh-pkx4zo\">1: 1.83<\/div>\n<\/td>\n<\/tr>\n<tr>\n<td>Oran Azaltma<\/td>\n<td>\n<div class=\"kh-pkx4zo\">\n<div class=\"kh-pkx4zo\">1.83: 1<\/div>\n<\/div>\n<\/td>\n<\/tr>\n<tr>\n<td>\u015eaft X<\/td>\n<td>\n<div class=\"kh-pkx4zo\">1 3\/8&#8243; (6)<\/div>\n<\/td>\n<\/tr>\n<tr>\n<td>\u015eaft Z<\/td>\n<td>\n<div class=\"kh-pkx4zo\">ASA Z15 DP 8\/16<\/div>\n<\/td>\n<\/tr>\n<\/tbody>\n<\/table>\n<article class=\"w-full scroll-mb-[var(--thread-trailing-height,150px)] text-token-text-primary focus-visible:outline-2 focus-visible:outline-offset-[-4px]\" dir=\"auto\" data-testid=\"conversation-turn-64\" data-scroll-anchor=\"false\">\n<div class=\"m-auto text-base py-[18px] px-3 md:px-4 w-full md:px-5 lg:px-4 xl:px-5\">\n<div class=\"mx-auto flex flex-1 gap-4 text-base md:gap-5 lg:gap-6 md:max-w-3xl lg:max-w-[40rem] xl:max-w-[48rem]\">\n<div class=\"group\/conversation-turn relative flex w-full min-w-0 flex-col\">\n<div class=\"flex-col gap-1 md:gap-3\">\n<div class=\"flex max-w-full flex-col flex-grow\">\n<div class=\"min-h-8 text-message flex w-full flex-col items-end gap-2 whitespace-normal break-words text-start [.text-message+&amp;]:mt-5\" dir=\"auto\" data-message-author-role=\"user\" data-message-id=\"aaa2950e-0cfd-4509-aebd-d9a1f96d58e2\">\n<div class=\"flex w-full flex-col gap-1 empty:hidden items-end rtl:items-start\">\n<div class=\"relative max-w-[var(--user-chat-width,70%)] rounded-3xl bg-token-message-surface px-5 py-2.5\"><\/div>\n<\/div>\n<\/div>\n<\/div>\n<\/div>\n<\/div>\n<\/div>\n<\/div>\n<\/article>\n<article class=\"w-full scroll-mb-[var(--thread-trailing-height,150px)] text-token-text-primary focus-visible:outline-2 focus-visible:outline-offset-[-4px]\" dir=\"auto\" data-testid=\"conversation-turn-65\" data-scroll-anchor=\"true\">\n<div class=\"m-auto text-base py-[18px] px-3 md:px-4 w-full md:px-5 lg:px-4 xl:px-5\">\n<div class=\"mx-auto flex flex-1 gap-4 text-base md:gap-5 lg:gap-6 md:max-w-3xl lg:max-w-[40rem] xl:max-w-[48rem]\">\n<div class=\"flex-shrink-0 flex flex-col relative items-end\">\n<div>\n<div class=\"pt-0\">\n<div class=\"gizmo-bot-avatar flex h-8 w-8 items-center justify-center overflow-hidden rounded-full\">\n<div class=\"relative p-1 rounded-sm flex items-center justify-center bg-token-main-surface-primary text-token-text-primary h-8 w-8\">\n<h2>LF-227J D\u00f6ner Bi\u00e7me Makinesi \u015eanz\u0131man\u0131n\u0131n Par\u00e7alar\u0131<\/h2>\n<\/div>\n<\/div>\n<\/div>\n<\/div>\n<\/div>\n<div class=\"group\/conversation-turn relative flex w-full min-w-0 flex-col agent-turn\">\n<div class=\"flex-col gap-1 md:gap-3\">\n<div class=\"flex max-w-full flex-col flex-grow\">\n<div class=\"min-h-8 text-message flex w-full flex-col items-end gap-2 whitespace-normal break-words text-start [.text-message+&amp;]:mt-5\" dir=\"auto\" data-message-author-role=\"assistant\" data-message-id=\"265b0b87-0dc5-4499-8ae3-29eb8c5567e5\" data-message-model-slug=\"gpt-4o\">\n<div class=\"flex w-full flex-col gap-1 empty:hidden first:pt-[3px]\">\n<div class=\"markdown prose w-full break-words dark:prose-invert light\">\n<p>LF-227J d\u00f6ner bi\u00e7me makinesi \u015fanz\u0131man\u0131, g\u00fcvenilir ve verimli performans sunmak i\u00e7in birlikte \u00e7al\u0131\u015fan birka\u00e7 temel bile\u015fenle tasarlanm\u0131\u015ft\u0131r. Her bir par\u00e7a, \u015fanz\u0131man\u0131n zorlu ko\u015fullar alt\u0131nda sorunsuz \u00e7al\u0131\u015fmas\u0131n\u0131 sa\u011flamada kritik bir rol oynar ve bi\u00e7me makinesi b\u0131\u00e7aklar\u0131na optimum kesme performans\u0131 i\u00e7in gerekli g\u00fc\u00e7 ve torku sa\u011flar.<\/p>\n<p>\u015eanz\u0131man\u0131n kalbinde <strong>giri\u015f mili<\/strong>Motordan veya motordan gelen g\u00fcc\u00fc \u015fanz\u0131mana aktarmaktan sorumlu olan \u015faft, trakt\u00f6r\u00fcn PTO (G\u00fc\u00e7 Aktarma Organ\u0131) sistemine do\u011frudan ba\u011flan\u0131r ve t\u00fcm bi\u00e7me sistemini \u00e7al\u0131\u015ft\u0131ran g\u00fc\u00e7 aktar\u0131m\u0131n\u0131n ba\u015flang\u0131\u00e7 \u200b\u200bnoktas\u0131 g\u00f6revi g\u00f6r\u00fcr.<\/p>\n<p>The <strong>di\u015fliler<\/strong> LF-227J \u015fanz\u0131man\u0131n\u0131n i\u00e7inde, g\u00fc\u00e7 giri\u015fini bi\u00e7me makinesi b\u0131\u00e7aklar\u0131n\u0131 \u00e7al\u0131\u015ft\u0131rmak i\u00e7in gereken uygun h\u0131z ve torka d\u00f6n\u00fc\u015ft\u00fcrmek i\u00e7in gerekli olan bile\u015fenler bulunur. \u015eanz\u0131man, a\u011f\u0131r y\u00fckleri kald\u0131racak \u015fekilde tasarlanm\u0131\u015f sertle\u015ftirilmi\u015f di\u015flilerle donat\u0131lm\u0131\u015ft\u0131r ve zorlu ko\u015fullarda bile verimli g\u00fc\u00e7 aktar\u0131m\u0131 sa\u011flar. Bu di\u015fliler, uzun y\u0131llar y\u00fcksek performans ve dayan\u0131kl\u0131l\u0131k sa\u011flamak i\u00e7in hassas bir \u015fekilde i\u015flenmi\u015ftir.<\/p>\n<p><strong>Rulmanlar<\/strong> D\u00f6ner bi\u00e7me makinesi \u015fanz\u0131man\u0131ndaki bir di\u011fer \u00f6nemli bile\u015fendir. \u015eanz\u0131man\u0131n d\u00f6nen par\u00e7alar\u0131n\u0131 destekler ve hareketli par\u00e7alar aras\u0131ndaki s\u00fcrt\u00fcnmeyi en aza indirirler. Rulmanlar, s\u00fcrt\u00fcnmeyi azaltarak a\u015f\u0131r\u0131 a\u015f\u0131nmay\u0131 \u00f6nlemeye, \u015fanz\u0131man\u0131n \u00f6mr\u00fcn\u00fc uzatmaya ve sorunsuz ve verimli bir \u00e7al\u0131\u015fma sa\u011flamaya yard\u0131mc\u0131 olur.<\/p>\n<p>Bir <strong>ya\u011f ke\u00e7esi<\/strong> \u015eanz\u0131man\u0131n b\u00fct\u00fcnl\u00fc\u011f\u00fcn\u00fcn korunmas\u0131nda hayati bir rol oynar. Ya\u011f\u0131n d\u0131\u015far\u0131 s\u0131zmas\u0131n\u0131 ve \u015fanz\u0131mana kir, pislik ve nemin girmesini \u00f6nler. Ya\u011f ke\u00e7esi, i\u00e7 bile\u015fenlerin yeterli ya\u011fda kalmas\u0131n\u0131 sa\u011flayarak hasar\u0131 \u00f6nlemeye yard\u0131mc\u0131 olur ve \u015fanz\u0131man\u0131n genel performans\u0131n\u0131 art\u0131r\u0131r.<\/p>\n<p>The <strong>konut<\/strong> LF-227J \u015fanz\u0131man\u0131n sa\u011flam d\u00f6kme demir yap\u0131s\u0131, i\u00e7 par\u00e7alara kritik destek ve koruma sa\u011flar. Bu dayan\u0131kl\u0131 muhafaza, hassas bile\u015fenleri toz ve su gibi d\u0131\u015f etkenlerden korur ve zorlu \u00e7al\u0131\u015fma ko\u015fullar\u0131nda bile \u015fanz\u0131man\u0131n yap\u0131sal b\u00fct\u00fcnl\u00fc\u011f\u00fcn\u00fcn korunmas\u0131na yard\u0131mc\u0131 olur.<\/p>\n<p>The <strong>\u00e7\u0131k\u0131\u015f mili<\/strong> \u015eanz\u0131mandan gelen g\u00fcc\u00fc bi\u00e7me makinesinin kesme b\u0131\u00e7aklar\u0131na aktarmaktan sorumludur. \u015eanz\u0131man taraf\u0131ndan \u00fcretilen d\u00f6nme g\u00fcc\u00fcn\u00fc, \u00e7im veya di\u011fer bitkileri verimli bir \u015fekilde kesmek i\u00e7in gerekli olan y\u00fcksek h\u0131zl\u0131 d\u00f6n\u00fc\u015fe d\u00f6n\u00fc\u015ft\u00fcr\u00fcr.<\/p>\n<p>Son olarak, <strong>ya\u011flama sistemi<\/strong> \u015eanz\u0131man\u0131n t\u00fcm i\u00e7 bile\u015fenlerinin d\u00fczg\u00fcn ya\u011flanmas\u0131n\u0131 sa\u011flar. Bu sistem s\u00fcrt\u00fcnmeyi azalt\u0131r, a\u015f\u0131r\u0131 a\u015f\u0131nmay\u0131 \u00f6nler ve \u015fanz\u0131man\u0131n sorunsuz \u00e7al\u0131\u015fmas\u0131n\u0131 sa\u011flar. \u015eanz\u0131man\u0131n \u00f6mr\u00fcn\u00fc uzatmak ve verimli \u00e7al\u0131\u015fmas\u0131n\u0131 sa\u011flamak i\u00e7in d\u00fczenli ya\u011flama bak\u0131m\u0131 \u015fartt\u0131r.<\/p>\n<p>\u00d6zetle, LF-227J d\u00f6ner bi\u00e7me makinesi \u015fanz\u0131man\u0131, her par\u00e7as\u0131 belirli bir i\u015flevi yerine getirmek \u00fczere \u00f6zenle tasarlanm\u0131\u015f, y\u00fcksek m\u00fchendislik \u00fcr\u00fcn\u00fc bir ekipmand\u0131r. \u015eanz\u0131man\u0131n en iyi \u015fekilde \u00e7al\u0131\u015fmas\u0131n\u0131 ve zorlu tar\u0131msal i\u015flerde g\u00fcvenilir bir \u015fekilde \u00e7al\u0131\u015fmaya devam etmesini sa\u011flamak i\u00e7in ya\u011flama kontrolleri, yatak muayeneleri ve di\u015fli durum de\u011ferlendirmeleri de dahil olmak \u00fczere d\u00fczenli bak\u0131m \u015fartt\u0131r.<\/p>\n<\/div>\n<\/div>\n<\/div>\n<\/div>\n<\/div>\n<\/div>\n<\/div>\n<\/div>\n<\/article>\n<table style=\"width: 100%; height: 284px;\" border=\"1\" width=\"100%\" cellspacing=\"0\" cellpadding=\"0\">\n<tbody>\n<tr style=\"height: 284px;\">\n<td style=\"width: 49.784%; height: 284px;\" width=\"110\"><img loading=\"lazy\" decoding=\"async\" class=\"alignnone size-full wp-image-1925\" src=\"https:\/\/fmp-components.com\/wp-content\/uploads\/2024\/12\/Rotary-Mower-Gearbox-LF-227J-2.webp\" alt=\"D\u00f6ner Bi\u00e7me Makinesi \u015eanz\u0131man\" width=\"2560\" height=\"1920\" title=\"\" srcset=\"https:\/\/fmp-components.com\/wp-content\/uploads\/2024\/12\/Rotary-Mower-Gearbox-LF-227J-2.webp 2560w, https:\/\/fmp-components.com\/wp-content\/uploads\/2024\/12\/Rotary-Mower-Gearbox-LF-227J-2-1280x960.webp 1280w, https:\/\/fmp-components.com\/wp-content\/uploads\/2024\/12\/Rotary-Mower-Gearbox-LF-227J-2-980x735.webp 980w, https:\/\/fmp-components.com\/wp-content\/uploads\/2024\/12\/Rotary-Mower-Gearbox-LF-227J-2-480x360.webp 480w\" sizes=\"(min-width: 0px) and (max-width: 480px) 480px, (min-width: 481px) and (max-width: 980px) 980px, (min-width: 981px) and (max-width: 1280px) 1280px, (min-width: 1281px) 2560px, 100vw\" \/><\/td>\n<td style=\"width: 50%; height: 284px;\" width=\"98\"><img loading=\"lazy\" decoding=\"async\" class=\"alignnone size-full wp-image-1927\" src=\"https:\/\/fmp-components.com\/wp-content\/uploads\/2024\/12\/Rotary-Mower-Gearbox-LF-227J-1.webp\" alt=\"D\u00f6ner Bi\u00e7me Makinesi \u015eanz\u0131man\" width=\"2560\" height=\"1920\" title=\"\" srcset=\"https:\/\/fmp-components.com\/wp-content\/uploads\/2024\/12\/Rotary-Mower-Gearbox-LF-227J-1.webp 2560w, https:\/\/fmp-components.com\/wp-content\/uploads\/2024\/12\/Rotary-Mower-Gearbox-LF-227J-1-1280x960.webp 1280w, https:\/\/fmp-components.com\/wp-content\/uploads\/2024\/12\/Rotary-Mower-Gearbox-LF-227J-1-980x735.webp 980w, https:\/\/fmp-components.com\/wp-content\/uploads\/2024\/12\/Rotary-Mower-Gearbox-LF-227J-1-480x360.webp 480w\" sizes=\"(min-width: 0px) and (max-width: 480px) 480px, (min-width: 481px) and (max-width: 980px) 980px, (min-width: 981px) and (max-width: 1280px) 1280px, (min-width: 1281px) 2560px, 100vw\" \/><\/td>\n<\/tr>\n<\/tbody>\n<\/table>\n<h3><\/h3>\n<h3>D\u00f6ner Bi\u00e7me Makinesi \u015eanz\u0131man\u0131 i\u00e7in Tar\u0131msal PTO \u015eaft\u0131<\/h3>\n<p>Tar\u0131msal PTO (G\u00fc\u00e7 Aktarma Organ\u0131) \u015faft\u0131, g\u00fcc\u00fcn trakt\u00f6r motorundan d\u00f6ner bi\u00e7me makinesinin \u015fanz\u0131man\u0131na aktar\u0131lmas\u0131nda hayati bir rol oynar. Bu ba\u011flant\u0131, bi\u00e7me makinesi b\u0131\u00e7aklar\u0131n\u0131n d\u00f6nmesini ve \u00e7imleri etkili bir \u015fekilde kesmesini sa\u011flayarak, b\u00fcy\u00fck \u00f6l\u00e7ekli arazi bak\u0131m\u0131nda vazge\u00e7ilmez bir bile\u015fen haline getirir. Do\u011fru se\u00e7ilmi\u015f ve bak\u0131m\u0131 yap\u0131lm\u0131\u015f bir PTO \u015faft\u0131, \u015fanz\u0131man\u0131n verimli \u00e7al\u0131\u015fmas\u0131n\u0131 sa\u011flayarak \u00f6mr\u00fcn\u00fcn uzamas\u0131na ve genel performans\u0131n\u0131n iyile\u015ftirilmesine yard\u0131mc\u0131 olur.<\/p>\n<p>PTO \u015faft\u0131, trakt\u00f6r\u00fcn PTO'suna ba\u011flan\u0131r ve g\u00fcc\u00fc d\u00f6ner bi\u00e7me makinesine iletir. Bu, trakt\u00f6r motorunun bi\u00e7me makinesinin \u015fanz\u0131man\u0131n\u0131 \u00e7al\u0131\u015ft\u0131rmas\u0131n\u0131 ve \u015fanz\u0131man\u0131n da b\u0131\u00e7aklara g\u00fc\u00e7 vermesini sa\u011flar. PTO \u015faft\u0131n\u0131n temel amac\u0131, enerji transferini kolayla\u015ft\u0131rarak bi\u00e7me makinesinin tam kapasitede \u00e7al\u0131\u015fmas\u0131n\u0131 ve bi\u00e7me g\u00f6revlerini verimli bir \u015fekilde yerine getirmesini sa\u011flamakt\u0131r.<\/p>\n<p>\u0130\u015flevsel olarak, PTO mili, trakt\u00f6r\u00fcn PTO'suna ba\u011flanan yivli bir u\u00e7tan ve di\u011fer ucunda bi\u00e7me makinesinin \u015fanz\u0131man\u0131na ba\u011flanan bir \u00e7ataldan olu\u015fur. Trakt\u00f6r motoru d\u00f6nd\u00fck\u00e7e, \u015fanz\u0131man\u0131 d\u00f6nd\u00fcren ve bi\u00e7me makinesinin b\u0131\u00e7aklar\u0131n\u0131 \u00e7al\u0131\u015ft\u0131ran PTO milini \u00e7al\u0131\u015ft\u0131r\u0131r. Bu kusursuz g\u00fc\u00e7 aktar\u0131m\u0131, \u00f6zellikle geni\u015f arazilerde, p\u00fcr\u00fczs\u00fcz ve kesintisiz bir bi\u00e7me i\u00e7in olmazsa olmazd\u0131r.<\/p>\n<p>Her biri belirli uygulamalar i\u00e7in tasarlanm\u0131\u015f farkl\u0131 PTO \u015faft\u0131 tipleri mevcuttur. 540 RPM PTO \u015faft\u0131 genellikle daha k\u00fc\u00e7\u00fck ve hafif ekipmanlar i\u00e7in kullan\u0131l\u0131rken, 1000 RPM PTO \u015faft\u0131 daha b\u00fcy\u00fck ve daha g\u00fc\u00e7l\u00fc makineler i\u00e7in daha uygundur. Ayr\u0131ca, \u00e7ift h\u0131zl\u0131 PTO \u015faft\u0131 esneklik sunarak ekipman\u0131n ihtiya\u00e7lar\u0131na ba\u011fl\u0131 olarak hem 540 hem de 1000 RPM h\u0131zlar\u0131nda \u00e7al\u0131\u015fmas\u0131n\u0131 sa\u011flar.<\/p>\n<p>PTO \u015faft\u0131n\u0131n uzun \u00f6m\u00fcrl\u00fc ve verimli olmas\u0131 i\u00e7in d\u00fczenli bak\u0131m \u00e7ok \u00f6nemlidir. Boyunduruk u\u00e7lar\u0131n\u0131n ve ba\u011flant\u0131 par\u00e7alar\u0131n\u0131n uygun \u015fekilde ya\u011flanmas\u0131, a\u015f\u0131nma ve y\u0131pranmay\u0131 azaltmaya yard\u0131mc\u0131 olurken, \u015faft\u0131n temiz ve kal\u0131nt\u0131lardan ar\u0131nd\u0131r\u0131lm\u0131\u015f olmas\u0131 kir ve korozyondan kaynaklanan hasar\u0131 \u00f6nler. A\u015f\u0131nma veya hasar belirtileri i\u00e7in rutin kontroller de \u00f6nemlidir, \u00e7\u00fcnk\u00fc a\u015f\u0131nm\u0131\u015f par\u00e7alar\u0131n zaman\u0131nda de\u011fi\u015ftirilmesi maliyetli onar\u0131mlar\u0131 \u00f6nleyebilir. Bu bak\u0131m ad\u0131mlar\u0131 izlendi\u011finde, PTO \u015faft\u0131 optimum performans g\u00f6stererek d\u00f6ner bi\u00e7me makinesi di\u015fli kutusunun genel g\u00fcvenilirli\u011fine katk\u0131da bulunabilir.<\/p>\n<h3><img loading=\"lazy\" decoding=\"async\" class=\"alignnone size-full wp-image-1929\" src=\"https:\/\/fmp-components.com\/wp-content\/uploads\/2024\/12\/LF-227J-Rotary-Mowers-Gearboxes-21.webp\" alt=\"LF-227J D\u00f6ner Bi\u00e7me Makineleri Di\u015fli Kutular\u0131\" width=\"980\" height=\"490\" title=\"\" srcset=\"https:\/\/fmp-components.com\/wp-content\/uploads\/2024\/12\/LF-227J-Rotary-Mowers-Gearboxes-21.webp 980w, https:\/\/fmp-components.com\/wp-content\/uploads\/2024\/12\/LF-227J-Rotary-Mowers-Gearboxes-21-480x240.webp 480w\" sizes=\"(min-width: 0px) and (max-width: 480px) 480px, (min-width: 481px) 980px, 100vw\" \/>FMP Hakk\u0131nda<\/h3>\n<p>\u0130talya merkezli FMP, di\u015fli kutular\u0131, red\u00fckt\u00f6rler ve m\u00fchendislik makinelerinin ara\u015ft\u0131rma, geli\u015ftirme ve \u00fcretiminde tan\u0131nm\u0131\u015f bir liderdir. \u0130novasyon, kalite ve yetenek geli\u015ftirmeye olan kararl\u0131 ba\u011fl\u0131l\u0131\u011f\u0131yla FMP, makine m\u00fchendisli\u011fi sekt\u00f6r\u00fcnde \u00f6nemli bir oyuncu olarak yerini alm\u0131\u015ft\u0131r. \u015eirketin s\u00fcrekli m\u00fckemmellik aray\u0131\u015f\u0131, hem yurt i\u00e7i hem de yurt d\u0131\u015f\u0131 pazarlarda g\u00fc\u00e7l\u00fc bir itibar kazanmas\u0131na yard\u0131mc\u0131 olmu\u015f ve bu alanda g\u00fcvenilir bir isim haline gelmesini sa\u011flam\u0131\u015ft\u0131r.<\/p>\n<p>FMP, \u00e7e\u015fitli end\u00fcstrilerin farkl\u0131 ihtiya\u00e7lar\u0131n\u0131 kar\u015f\u0131lamak \u00fczere tasarlanm\u0131\u015f, geni\u015f bir yelpazede y\u00fcksek performansl\u0131 \u00fcr\u00fcnler sunmaktad\u0131r. \u00dcr\u00fcn portf\u00f6y\u00fcnde spiral konik di\u015fli kutular\u0131, mahmuzlu di\u015fli kutular\u0131, sonsuz di\u015fli kutular\u0131, silindirik di\u015fli kutular\u0131 ve y\u00fcksek bas\u0131n\u00e7l\u0131 d\u00f6k\u00fcm vana g\u00f6vdeleri ve muhafazalar\u0131 yer almaktad\u0131r. Her \u00fcr\u00fcn, a\u011f\u0131r hizmet tipi end\u00fcstriyel uygulamalar\u0131n yan\u0131 s\u0131ra daha \u00f6zel kullan\u0131m alanlar\u0131nda da optimum sonu\u00e7lar sa\u011flayarak, g\u00fcvenilir ve verimli performans sunmak \u00fczere titizlikle tasarlanm\u0131\u015ft\u0131r.<\/p>\n<p>FMP \u00fcr\u00fcnlerinin \u00e7ok y\u00f6nl\u00fcl\u00fc\u011f\u00fc, geni\u015f bir end\u00fcstri yelpazesine hizmet vermelerini sa\u011flar. Tar\u0131mda, di\u015fli kutular\u0131 d\u00f6ner bi\u00e7me makineleri, kar temizleme makineleri, g\u00fcbre serpme makineleri ve tah\u0131l konvey\u00f6rleri gibi temel makinelere g\u00fc\u00e7 sa\u011flar. FMP, tar\u0131m\u0131n yan\u0131 s\u0131ra, petrol \u00e7\u0131karma, denizcilik uygulamalar\u0131 ve hidrolik m\u00fchendisli\u011finde kullan\u0131lan end\u00fcstriyel makineler i\u00e7in de bile\u015fenler sa\u011flar. Bu geni\u015f uygulama yelpazesi, FMP \u00fcr\u00fcnlerinin \u00e7e\u015fitli alanlardaki uyarlanabilirli\u011fini ve g\u00fcvenilirli\u011fini ortaya koymaktad\u0131r.<\/p>\n<p>FMP'nin geli\u015fmi\u015f \u00fcretim s\u00fcre\u00e7leri, kaliteye olan ba\u011fl\u0131l\u0131\u011f\u0131n\u0131 yans\u0131t\u0131r. Tasar\u0131mdan son montaja kadar her \u00fcr\u00fcn titizlikle detayland\u0131r\u0131l\u0131r. Dayan\u0131kl\u0131l\u0131\u011f\u0131 garanti alt\u0131na almak i\u00e7in yaln\u0131zca d\u00f6kme demir ve al\u00fcminyum ala\u015f\u0131mlar\u0131 gibi y\u00fcksek kaliteli malzemeler se\u00e7ilir. Tornalama ve frezeleme gibi geli\u015fmi\u015f i\u015fleme teknikleri, par\u00e7alar\u0131n hassas bir \u015fekilde \u00fcretilmesinde kullan\u0131l\u0131r. Montaj s\u00fcreci, sorunsuz \u00e7al\u0131\u015fma i\u00e7in do\u011fru hizalama ve ya\u011flamay\u0131 sa\u011flarken, \u0131s\u0131l i\u015flemler ve y\u00fczey kaplamalar\u0131 mukavemeti, a\u015f\u0131nma direncini ve g\u00f6r\u00fcn\u00fcm\u00fc art\u0131r\u0131r. S\u0131k\u0131 kalite kontrol prosed\u00fcrleri, her \u00fcr\u00fcn\u00fcn en y\u00fcksek performans standartlar\u0131n\u0131 kar\u015f\u0131lamas\u0131n\u0131 garanti eder.<\/p>\n<p>FMP'nin \u00fcst\u00fcn \u00fcr\u00fcnler ve ola\u011fan\u00fcst\u00fc hizmet sunma konusundaki kararl\u0131l\u0131\u011f\u0131, imalat sekt\u00f6r\u00fcnde kendisine y\u0131ld\u0131z gibi bir \u00fcn kazand\u0131rm\u0131\u015ft\u0131r. \u0130\u015f\u00e7ilik ve m\u00fc\u015fteri memnuniyetine odaklanan \u015firket, pazardaki konumunu g\u00fc\u00e7lendirmeye ve b\u00fcy\u00fcmeye devam etmektedir. FMP, d\u00fcnya \u00e7ap\u0131ndaki m\u00fc\u015fterilerinin benzersiz ihtiya\u00e7lar\u0131n\u0131 kar\u015f\u0131lamak i\u00e7in \u00f6zel \u00e7\u00f6z\u00fcmler sunan k\u00fcresel ortakl\u0131klar\u0131 aktif olarak memnuniyetle kar\u015f\u0131lamaktad\u0131r. Potansiyel ortaklar, \u015firketin m\u00fckemmellik ve m\u00fc\u015fteri odakl\u0131 \u00e7\u00f6z\u00fcmlere olan ba\u011fl\u0131l\u0131\u011f\u0131n\u0131 bir kez daha teyit ederek, daha fazla bilgi i\u00e7in FMP ile kolayca ileti\u015fime ge\u00e7ebilirler.<\/p>\n<p><img loading=\"lazy\" decoding=\"async\" class=\"alignnone size-full wp-image-1861\" src=\"https:\/\/fmp-components.com\/wp-content\/uploads\/2024\/12\/Other-Agricultural-Gearboxes.webp\" sizes=\"(min-width: 0px) and (max-width: 480px) 480px, (min-width: 481px) and (max-width: 980px) 980px, (min-width: 981px) 1200px, 100vw\" srcset=\"https:\/\/fmp-components.com\/wp-content\/uploads\/2024\/12\/Other-Agricultural-Gearboxes.webp 1200w, https:\/\/fmp-components.com\/wp-content\/uploads\/2024\/12\/Other-Agricultural-Gearboxes-980x1143.webp 980w, https:\/\/fmp-components.com\/wp-content\/uploads\/2024\/12\/Other-Agricultural-Gearboxes-480x560.webp 480w\" alt=\"Di\u011fer Tar\u0131msal \u015eanz\u0131manlar\" width=\"1200\" height=\"1400\" title=\"\"><\/p>\n<p>Yazar\uff1a CX<\/p>","protected":false},"excerpt":{"rendered":"<p>Specification of\u00a0Rotary Mower Gearbox LF-227J Product Rotary Mowers Gearboxes \u2013 Replacement of Comer Gearbox LF-227J Application Mowers Technical information All gearboxes are supplied without oil. First, the oil change after 50-70 operating hours, then after 500-700 operating hours or at least once a year. Max. input power 55 kW Contains oil No Max. oil capacity [&hellip;]<\/p>","protected":false},"featured_media":1928,"comment_status":"open","ping_status":"closed","template":"","meta":{"_et_pb_use_builder":"","_et_pb_old_content":"","_et_gb_content_width":""},"product_brand":[],"product_cat":[51],"product_tag":[],"class_list":{"0":"post-1923","1":"product","2":"type-product","3":"status-publish","4":"has-post-thumbnail","6":"product_cat-rotary-mower-gearbox","8":"first","9":"instock","10":"shipping-taxable","11":"product-type-simple"},"_links":{"self":[{"href":"https:\/\/fmp-components.com\/tr\/wp-json\/wp\/v2\/product\/1923","targetHints":{"allow":["GET"]}}],"collection":[{"href":"https:\/\/fmp-components.com\/tr\/wp-json\/wp\/v2\/product"}],"about":[{"href":"https:\/\/fmp-components.com\/tr\/wp-json\/wp\/v2\/types\/product"}],"replies":[{"embeddable":true,"href":"https:\/\/fmp-components.com\/tr\/wp-json\/wp\/v2\/comments?post=1923"}],"wp:featuredmedia":[{"embeddable":true,"href":"https:\/\/fmp-components.com\/tr\/wp-json\/wp\/v2\/media\/1928"}],"wp:attachment":[{"href":"https:\/\/fmp-components.com\/tr\/wp-json\/wp\/v2\/media?parent=1923"}],"wp:term":[{"taxonomy":"product_brand","embeddable":true,"href":"https:\/\/fmp-components.com\/tr\/wp-json\/wp\/v2\/product_brand?post=1923"},{"taxonomy":"product_cat","embeddable":true,"href":"https:\/\/fmp-components.com\/tr\/wp-json\/wp\/v2\/product_cat?post=1923"},{"taxonomy":"product_tag","embeddable":true,"href":"https:\/\/fmp-components.com\/tr\/wp-json\/wp\/v2\/product_tag?post=1923"}],"curies":[{"name":"wp","href":"https:\/\/api.w.org\/{rel}","templated":true}]}}