{"id":1900,"date":"2024-12-24T08:58:11","date_gmt":"2024-12-24T08:58:11","guid":{"rendered":"https:\/\/fmp-components.com\/?page_id=8"},"modified":"2024-12-24T09:04:04","modified_gmt":"2024-12-24T09:04:04","slug":"rotary-mower-gearboxes-replacement-of-comer-code-lf-199a","status":"publish","type":"product","link":"https:\/\/fmp-components.com\/tr\/product\/rotary-mower-gearboxes-replacement-of-comer-code-lf-199a\/","title":{"rendered":"D\u00f6ner Bi\u00e7me Makinesi \u015eanz\u0131manlar\u0131 \u2013 K\u00f6\u015fe Kodu LF-199A'n\u0131n De\u011fi\u015ftirilmesi"},"content":{"rendered":"<p><img loading=\"lazy\" decoding=\"async\" class=\"size-full wp-image-1905 aligncenter\" src=\"https:\/\/fmp-components.com\/wp-content\/uploads\/2024\/12\/Rotary-Mower-Gearboxes-Replacement-of-Comer-Code-LF-199A.webp\" alt=\"D\u00f6ner Bi\u00e7me Makinesi Di\u015fli Kutular\u0131 K\u00f6\u015fe De\u011fi\u015fimi Kodu LF-199A\" width=\"600\" height=\"600\" title=\"\" srcset=\"https:\/\/fmp-components.com\/wp-content\/uploads\/2024\/12\/Rotary-Mower-Gearboxes-Replacement-of-Comer-Code-LF-199A.webp 600w, https:\/\/fmp-components.com\/wp-content\/uploads\/2024\/12\/Rotary-Mower-Gearboxes-Replacement-of-Comer-Code-LF-199A-480x480.webp 480w\" sizes=\"(min-width: 0px) and (max-width: 480px) 480px, (min-width: 481px) 600px, 100vw\" \/><\/p>\n<h2>LF-199A D\u00f6ner Bi\u00e7me Makinesi \u015eanz\u0131man\u0131n\u0131n \u00d6zellikleri\u00a0<img loading=\"lazy\" decoding=\"async\" class=\"alignnone size-full wp-image-1904\" src=\"https:\/\/fmp-components.com\/wp-content\/uploads\/2024\/12\/Specifications-of-Rotary-Mower-Gearbox-LF-199A.webp\" alt=\"D\u00f6ner Bi\u00e7me Makinesi \u015eanz\u0131man\u0131n\u0131n \u00d6zellikleri-LF-199A\" width=\"1311\" height=\"879\" title=\"\" srcset=\"https:\/\/fmp-components.com\/wp-content\/uploads\/2024\/12\/Specifications-of-Rotary-Mower-Gearbox-LF-199A.webp 1311w, https:\/\/fmp-components.com\/wp-content\/uploads\/2024\/12\/Specifications-of-Rotary-Mower-Gearbox-LF-199A-1280x858.webp 1280w, https:\/\/fmp-components.com\/wp-content\/uploads\/2024\/12\/Specifications-of-Rotary-Mower-Gearbox-LF-199A-980x657.webp 980w, https:\/\/fmp-components.com\/wp-content\/uploads\/2024\/12\/Specifications-of-Rotary-Mower-Gearbox-LF-199A-480x322.webp 480w\" sizes=\"(min-width: 0px) and (max-width: 480px) 480px, (min-width: 481px) and (max-width: 980px) 980px, (min-width: 981px) and (max-width: 1280px) 1280px, (min-width: 1281px) 1311px, 100vw\" \/><\/h2>\n<p><img loading=\"lazy\" decoding=\"async\" class=\"alignnone size-full wp-image-1903\" src=\"https:\/\/fmp-components.com\/wp-content\/uploads\/2024\/12\/Specifications-of-Rotary-Mower-Gearbox-LF-199A-1.webp\" alt=\"D\u00f6ner Bi\u00e7me Makinesi \u015eanz\u0131man\u0131n\u0131n \u00d6zellikleri-LF-199A-1\" width=\"1333\" height=\"506\" title=\"\" srcset=\"https:\/\/fmp-components.com\/wp-content\/uploads\/2024\/12\/Specifications-of-Rotary-Mower-Gearbox-LF-199A-1.webp 1333w, https:\/\/fmp-components.com\/wp-content\/uploads\/2024\/12\/Specifications-of-Rotary-Mower-Gearbox-LF-199A-1-1280x486.webp 1280w, https:\/\/fmp-components.com\/wp-content\/uploads\/2024\/12\/Specifications-of-Rotary-Mower-Gearbox-LF-199A-1-980x372.webp 980w, https:\/\/fmp-components.com\/wp-content\/uploads\/2024\/12\/Specifications-of-Rotary-Mower-Gearbox-LF-199A-1-480x182.webp 480w\" sizes=\"(min-width: 0px) and (max-width: 480px) 480px, (min-width: 481px) and (max-width: 980px) 980px, (min-width: 981px) and (max-width: 1280px) 1280px, (min-width: 1281px) 1333px, 100vw\" \/><\/p>\n<table border=\"1\" cellspacing=\"0\" cellpadding=\"0\">\n<tbody>\n<tr>\n<td>Modeli:<\/td>\n<td>D\u00f6ner Bi\u00e7me Makinesi \u015eanz\u0131man Kutusu LF-199A K\u00f6\u015fe \u015eanz\u0131manlar\u0131n\u0131n De\u011fi\u015ftirilmesi<\/td>\n<\/tr>\n<tr>\n<td>Uygulama t\u00fcr\u00fc:<\/td>\n<td>H\u0131z artt\u0131r\u0131c\u0131 \u00fcnite<\/td>\n<\/tr>\n<tr>\n<td>Giri\u015f g\u00fc\u00e7 oran\u0131:<\/td>\n<td>\u00a045Cv-33Kw (540RPM)<\/td>\n<\/tr>\n<tr>\n<td>Oran:<\/td>\n<td>3,00<\/td>\n<\/tr>\n<tr>\n<td>\u00c7\u0131kt\u0131lar:<\/td>\n<td>2<\/td>\n<\/tr>\n<tr>\n<td>Rotasyon:<\/td>\n<td>D\u00f6n\u00fc\u015f, hareket halindeki bile\u015fenlerin (mil, kasnak veya zincir di\u015flisi) \"i\u00e7ine\" bak\u0131larak saat y\u00f6n\u00fcnde veya saat y\u00f6n\u00fcn\u00fcn tersine olarak tan\u0131mlan\u0131r ve di\u015fli kutusu bile\u015fenin arkas\u0131ndad\u0131r.<\/td>\n<\/tr>\n<tr>\n<td>\u015eaftlar\u0131n D\u00f6nmesi:<\/td>\n<td>\u00a0M\u00fcmk\u00fcn olan rotasyonu kontrol etmek i\u00e7in veri sayfas\u0131n\u0131 indirin.<\/td>\n<\/tr>\n<tr>\n<td>Malzeme:<\/td>\n<td>\u00a0D\u00f6kme demir<\/td>\n<\/tr>\n<tr>\n<td>Kuru a\u011f\u0131rl\u0131k:<\/td>\n<td>\u00a027,5 kg<\/td>\n<\/tr>\n<tr>\n<td>Ya\u011flay\u0131c\u0131 olmadan tedarik edilir<\/td>\n<td>\u2022 Red\u00fckt\u00f6r \u00dcnitesi i\u00e7in Mevcuttur (L\u00fctfen Teknik Departman\u0131m\u0131za Sorun)<\/p>\n<p>\u2022 Farkl\u0131 \u015eaft D\u00f6n\u00fc\u015fleri Mevcuttur (L\u00fctfen Teknik Departman\u0131m\u0131za Sorun)<\/td>\n<\/tr>\n<\/tbody>\n<\/table>\n<h3>LF-199A D\u00f6ner Bi\u00e7me Makinesi \u015eanz\u0131man\u0131n\u0131n \u00d6zellikleri<\/h3>\n<p>LF-199A D\u00f6ner Bi\u00e7me Makinesi \u015eanz\u0131man\u0131, d\u00f6ner bi\u00e7me makineleri i\u00e7in \u00f6zel olarak tasarlanm\u0131\u015f, y\u00fcksek performansl\u0131 ve a\u011f\u0131r hizmet tipi bir \u015fanz\u0131mand\u0131r. Zorlu tar\u0131msal ve end\u00fcstriyel i\u015flere dayanacak \u015fekilde tasarlanan bu \u015fanz\u0131man, verimli bi\u00e7me i\u015flemleri i\u00e7in g\u00fcvenilir g\u00fc\u00e7 aktar\u0131m\u0131 sa\u011flar. LF-199A, do\u011frudan tahrikli bir \u015fanz\u0131mand\u0131r; yani g\u00fcc\u00fc do\u011frudan motordan b\u0131\u00e7aklara aktararak kay\u0131\u015f veya zincir ihtiyac\u0131n\u0131 ortadan kald\u0131r\u0131r. Bu, verimlili\u011fi art\u0131rman\u0131n yan\u0131 s\u0131ra g\u00fcr\u00fclt\u00fc ve titre\u015fimi azaltarak daha ak\u0131c\u0131 ve sessiz bir \u00e7al\u0131\u015fma sa\u011flar.<\/p>\n<p>Y\u00fcksek kaliteli malzemelerden \u00fcretilen LF-199A \u015fanz\u0131man, dayan\u0131kl\u0131l\u0131k, g\u00fcvenilirlik ve kullan\u0131m kolayl\u0131\u011f\u0131 sa\u011flayarak hem ticari hem de konut uygulamalar\u0131 i\u00e7in idealdir. LF-199A'y\u0131 d\u00f6ner bi\u00e7me makinesi sahipleri i\u00e7in pop\u00fcler bir se\u00e7enek haline getiren baz\u0131 temel \u00f6zellikler \u015funlard\u0131r:<\/p>\n<h4>Temel \u00d6zellikler:<\/h4>\n<ol>\n<li>Tek H\u0131zl\u0131 Tasar\u0131m: LF-199A, sabit h\u0131zda tutarl\u0131 ve g\u00fcvenilir \u00e7al\u0131\u015fma sa\u011flayan tek h\u0131zl\u0131 bir tasar\u0131ma sahiptir. Bu, kurulum ve \u00e7al\u0131\u015ft\u0131rmay\u0131 basitle\u015ftirerek \u00e7o\u011fu d\u00f6ner bi\u00e7me makinesi i\u00e7in kolay bir se\u00e7enek haline getirir.<\/li>\n<li>Y\u00fcksek Tork Kapasitesi: Y\u00fcksek tork performans\u0131 i\u00e7in tasarlanan LF-199A, g\u00fcc\u00fc motordan bi\u00e7me makinesi b\u0131\u00e7aklar\u0131na verimli bir \u015fekilde iletebilir. Bu kapasite, \u015fanz\u0131man\u0131n zorlu ko\u015fullarda bile verimlilikten \u00f6d\u00fcn vermeden zorlu bi\u00e7me g\u00f6revlerinin \u00fcstesinden gelmesini sa\u011flar.<\/li>\n<li>Dayan\u0131kl\u0131 Yap\u0131: D\u00f6kme demir veya al\u00fcminyum ala\u015f\u0131mlar\u0131 gibi birinci s\u0131n\u0131f malzemelerden \u00fcretilen LF-199A, uzun \u00f6m\u00fcrl\u00fc olacak \u015fekilde \u00fcretilmi\u015ftir. Sa\u011flam yap\u0131s\u0131, d\u00fczenli kullan\u0131m\u0131n getirdi\u011fi a\u015f\u0131nma ve y\u0131pranmaya dayanmas\u0131n\u0131 sa\u011flayarak zorlu ortamlarda uzun \u00f6m\u00fcrl\u00fc performans sunar.<\/li>\n<li>Kolay Kurulum: LF-199A, kolay kurulum d\u00fc\u015f\u00fcn\u00fclerek tasarlanm\u0131\u015ft\u0131r. Kullan\u0131c\u0131 dostu montaj se\u00e7enekleri, h\u0131zl\u0131 kurulum sa\u011flayarak ar\u0131za s\u00fcresini ve bak\u0131m maliyetlerini azalt\u0131r. Bu \u00f6zellik, ekipmanlar\u0131n\u0131n sorunsuz \u00e7al\u0131\u015fmas\u0131n\u0131 sa\u011flamak isteyen ticari operat\u00f6rler i\u00e7in \u00f6zellikle faydal\u0131d\u0131r.<\/li>\n<li>Sorunsuz ve Sessiz \u00c7al\u0131\u015fma: LF-199A \u015fanz\u0131man\u0131n \u00f6ne \u00e7\u0131kan \u00f6zelliklerinden biri sorunsuz \u00e7al\u0131\u015fmas\u0131d\u0131r. G\u00fcr\u00fclt\u00fc ve titre\u015fimi en aza indirecek \u015fekilde tasarlanan \u015fanz\u0131man, \u00f6zellikle g\u00fcr\u00fclt\u00fcye duyarl\u0131 ortamlarda avantajl\u0131 olan daha sessiz ve konforlu bir \u00e7im bi\u00e7me deneyimi sunar.<\/li>\n<li>\u00d6zelle\u015ftirilebilir Di\u015fli Oranlar\u0131 ve Tork Kapasiteleri: LF-199A \u015fanz\u0131man, farkl\u0131 di\u015fli oranlar\u0131 ve tork kapasiteleri de dahil olmak \u00fczere \u00e7e\u015fitli konfig\u00fcrasyonlarda sunulmaktad\u0131r. Bu \u00f6zelle\u015ftirme, \u015fanz\u0131man\u0131n farkl\u0131 d\u00f6ner bi\u00e7me makinelerinin \u00f6zel ihtiya\u00e7lar\u0131na g\u00f6re uyarlanabilmesini sa\u011flayarak, onu \u00e7ok \u00e7e\u015fitli uygulamalar i\u00e7in \u00e7ok y\u00f6nl\u00fc bir se\u00e7enek haline getirir.<\/li>\n<li>Daha Az Bak\u0131m ve Daha Uzun Kullan\u0131m \u00d6mr\u00fc: Do\u011frudan tahrikli tasar\u0131m ve y\u00fcksek kaliteli malzemeler, hareketli par\u00e7alardaki a\u015f\u0131nmay\u0131 azaltarak \u015fanz\u0131man\u0131n kullan\u0131m \u00f6mr\u00fcn\u00fc uzat\u0131r. Bu da daha az bak\u0131m gereksinimi ve daha d\u00fc\u015f\u00fck genel i\u015fletme maliyetleri anlam\u0131na gelir.<\/li>\n<li>\u00c7e\u015fitli Uygulamalar \u0130\u00e7in \u00c7ok Y\u00f6nl\u00fcl\u00fck: LF-199A'y\u0131 ister ticari, ister end\u00fcstriyel veya konut ortam\u0131nda kullan\u0131n, \u00e7ok y\u00f6nl\u00fcl\u00fc\u011f\u00fc onu \u00e7e\u015fitli d\u00f6ner bi\u00e7me makinesi tipleri i\u00e7in ideal bir \u00e7\u00f6z\u00fcm haline getirir. Sa\u011flam tasar\u0131m\u0131, hem b\u00fcy\u00fck \u00f6l\u00e7ekli operasyonlar hem de daha k\u00fc\u00e7\u00fck konut bi\u00e7me makineleri i\u00e7in uygundur.<\/li>\n<\/ol>\n<p>Sonu\u00e7 olarak, LF-199A D\u00f6ner Bi\u00e7me Makinesi \u015eanz\u0131man\u0131, m\u00fckemmel g\u00fc\u00e7 aktar\u0131m\u0131, sorunsuz \u00e7al\u0131\u015fma ve \u00e7ok y\u00f6nl\u00fcl\u00fck sunan dayan\u0131kl\u0131, verimli ve bak\u0131m\u0131 kolay bir \u015fanz\u0131mand\u0131r. \u00d6zelle\u015ftirilebilir \u00f6zellikleri ve sa\u011flam yap\u0131s\u0131yla, d\u00f6ner bi\u00e7me makinesinden g\u00fcvenilir performans arayan herkes i\u00e7in ideal bir se\u00e7imdir.<\/p>\n<p><img loading=\"lazy\" decoding=\"async\" class=\"alignnone size-full wp-image-1907\" src=\"https:\/\/fmp-components.com\/wp-content\/uploads\/2024\/12\/Rotary-Mower-Gearbox16.webp\" alt=\"D\u00f6ner Bi\u00e7me Makinesi \u015eanz\u0131man\u0131\" width=\"1278\" height=\"471\" title=\"\" srcset=\"https:\/\/fmp-components.com\/wp-content\/uploads\/2024\/12\/Rotary-Mower-Gearbox16.webp 1278w, https:\/\/fmp-components.com\/wp-content\/uploads\/2024\/12\/Rotary-Mower-Gearbox16-980x361.webp 980w, https:\/\/fmp-components.com\/wp-content\/uploads\/2024\/12\/Rotary-Mower-Gearbox16-480x177.webp 480w\" sizes=\"(min-width: 0px) and (max-width: 480px) 480px, (min-width: 481px) and (max-width: 980px) 980px, (min-width: 981px) 1278px, 100vw\" \/><\/p>\n<h3>D\u00f6ner Bi\u00e7me Makinesi \u015eanz\u0131manlar\u0131n\u0131n Uygulamalar\u0131<\/h3>\n<p>D\u00f6ner bi\u00e7me makinesi di\u015fli kutular\u0131, makinelere verimli bir \u015fekilde g\u00fc\u00e7 sa\u011flamak i\u00e7in gerekli tork ve h\u0131z\u0131 sa\u011flayarak \u00e7e\u015fitli tar\u0131m ve end\u00fcstriyel ekipmanlarda kritik bir rol oynar. Bu di\u015fli kutular\u0131, d\u00f6ner bi\u00e7me makinelerindeki kesme b\u0131\u00e7aklar\u0131n\u0131 \u00e7al\u0131\u015ft\u0131rmak ve a\u011f\u0131r i\u015flerde optimum performans sa\u011flamak i\u00e7in olmazsa olmazd\u0131r. D\u00f6ner bi\u00e7me makinesi di\u015fli kutular\u0131n\u0131n yayg\u0131n olarak kullan\u0131ld\u0131\u011f\u0131 baz\u0131 temel uygulamalar \u015funlard\u0131r:<\/p>\n<h4>1. \u00c7im Bi\u00e7me Makineleri:<\/h4>\n<p>D\u00f6ner bi\u00e7me makinesi di\u015fli kutular\u0131, \u00e7im bi\u00e7me makinelerinde b\u0131\u00e7aklar\u0131 tahrik etmek ve \u00e7imleri d\u00fczg\u00fcn ve verimli bir \u015fekilde bi\u00e7melerini sa\u011flamak i\u00e7in yayg\u0131n olarak kullan\u0131l\u0131r. Bu di\u015fli kutular\u0131, do\u011fru miktarda tork ve h\u0131z sa\u011flayarak minimum titre\u015fim ve g\u00fcr\u00fclt\u00fcyle temiz ve p\u00fcr\u00fczs\u00fcz bir kesim sa\u011flamak \u00fczere tasarlanm\u0131\u015ft\u0131r.<\/p>\n<h4>2. Tar\u0131m Ekipmanlar\u0131:<\/h4>\n<p>D\u00f6ner bi\u00e7me makinesi di\u015fli kutular\u0131, saman bi\u00e7me makineleri, diskli bi\u00e7me makineleri ve di\u011fer mahsul bi\u00e7me makineleri gibi tar\u0131m ekipmanlar\u0131nda \u00f6nemli bir bile\u015fendir. Saman, ot ve di\u011fer mahsulleri bi\u00e7mek i\u00e7in b\u0131\u00e7aklara g\u00fc\u00e7 vererek, tar\u0131m faaliyetleri i\u00e7in olmazsa olmaz olan tutarl\u0131 ve verimli bir kesim sa\u011flarlar.<\/p>\n<h4>3. Peyzaj Ekipmanlar\u0131:<\/h4>\n<p>\u00c7al\u0131 bi\u00e7me makineleri, \u00e7it budama makineleri ve bah\u00e7e bi\u00e7me makineleri gibi peyzaj ekipmanlar\u0131nda, d\u00f6ner bi\u00e7me makinesi di\u015fli kutular\u0131, kesme b\u0131\u00e7aklar\u0131n\u0131 \u00e7al\u0131\u015ft\u0131rmak i\u00e7in gereken g\u00fcc\u00fc sa\u011flar. Bu di\u015fli kutular\u0131, hassas kesim ve budama sa\u011flayarak \u00e7imlerin, bah\u00e7elerin ve peyzaj alanlar\u0131n\u0131n bak\u0131m\u0131na yard\u0131mc\u0131 olur ve bu sayede profesyonel peyzaj mimarlar\u0131 ve ev sahipleri i\u00e7in de\u011ferli bir ara\u00e7t\u0131r.<\/p>\n<h4>4. \u00c7ay\u0131r Bi\u00e7me Makineleri:<\/h4>\n<p>\u00d6ncelikle yo\u011fun bitki \u00f6rt\u00fcs\u00fcn\u00fc temizlemek i\u00e7in kullan\u0131lan bi\u00e7me makineleri, \u00e7im, yabani ot ve di\u011fer bitki materyallerini par\u00e7alayan bi\u00e7me makinelerine g\u00fc\u00e7 sa\u011flamak i\u00e7in d\u00f6ner bi\u00e7me makinesi di\u015fli kutular\u0131na g\u00fcvenir. Di\u015fli kutusu, zorlu ve a\u015f\u0131r\u0131 b\u00fcy\u00fcm\u00fc\u015f alanlar\u0131n \u00fcstesinden gelmek i\u00e7in yeterli torkun sa\u011flanmas\u0131n\u0131 garanti eder.<\/p>\n<h4>5. G\u00fcbre Serpme Makineleri:<\/h4>\n<p>Baz\u0131 g\u00fcbre serpme makineleri, serpme mekanizmas\u0131na g\u00fc\u00e7 sa\u011flamak i\u00e7in d\u00f6ner bi\u00e7me di\u015fli kutular\u0131 kullan\u0131r ve bu sayede g\u00fcbrelerin geni\u015f alanlara e\u015fit ve tutarl\u0131 bir \u015fekilde da\u011f\u0131t\u0131lmas\u0131n\u0131 sa\u011flar. Di\u015fli kutusu, serpme makinesinin hareketini kontrol etmek i\u00e7in gerekli torku sa\u011flayarak hassasiyet ve verimlilik sa\u011flar.<\/p>\n<h4>6. Yem Kar\u0131\u015ft\u0131r\u0131c\u0131lar\u0131:<\/h4>\n<p>Yem karma makinelerinde, kar\u0131\u015ft\u0131rma b\u0131\u00e7aklar\u0131na g\u00fc\u00e7 sa\u011flamak ve hayvan yemi bile\u015fenlerinin homojen bir \u015fekilde kar\u0131\u015ft\u0131r\u0131lmas\u0131na yard\u0131mc\u0131 olmak i\u00e7in d\u00f6ner bi\u00e7me makinesi di\u015fli kutular\u0131 kullan\u0131l\u0131r. Di\u015fli kutusu, kar\u0131\u015ft\u0131rma b\u0131\u00e7aklar\u0131n\u0131n uygun h\u0131z ve torkta d\u00f6nmesini sa\u011flayarak yem kar\u0131\u015f\u0131m\u0131n\u0131n k\u0131vam\u0131n\u0131 art\u0131r\u0131r.<\/p>\n<h4>7. Direk \u00c7ukuru Kaz\u0131c\u0131lar\u0131:<\/h4>\n<p>D\u00f6ner bi\u00e7me makinesi di\u015fli kutular\u0131, \u00e7it, dikim veya di\u011fer uygulamalar i\u00e7in delik a\u00e7an burgular\u0131 \u00e7al\u0131\u015ft\u0131ran kaz\u0131c\u0131 kaz\u0131c\u0131lar\u0131nda da kullan\u0131l\u0131r. Di\u015fli kutusunun y\u00fcksek tork kapasitesi, burgular\u0131n zorlu topraklara verimli bir \u015fekilde n\u00fcfuz etmesini sa\u011flar.<\/p>\n<h4>8. D\u00f6ner T\u0131rm\u0131klar:<\/h4>\n<p>Topra\u011f\u0131 ekime haz\u0131rlamak i\u00e7in kullan\u0131lan d\u00f6ner bi\u00e7me makinelerinde, d\u00f6ner bi\u00e7me makinesi di\u015fli kutular\u0131, toprak i\u015fleme b\u0131\u00e7aklar\u0131na g\u00fc\u00e7 vererek topra\u011f\u0131n etkili bir \u015fekilde i\u015flenmesini sa\u011flar. Bu di\u015fli kutular\u0131, toprak i\u015fleme b\u0131\u00e7aklar\u0131n\u0131n topra\u011f\u0131 par\u00e7alamak ve organik maddeleri kar\u0131\u015ft\u0131rmak i\u00e7in gerekli h\u0131z ve torkta d\u00f6nmesine yard\u0131mc\u0131 olur.<\/p>\n<h4>9. Kar S\u00fcp\u00fcr\u00fcc\u00fcler:<\/h4>\n<p>Baz\u0131 kar temizleme ekipmanlar\u0131, \u00f6rne\u011fin <strong>kar temizleme makineleri<\/strong>, yollardan, otoparklardan ve kald\u0131r\u0131mlardan kar\u0131 temizleyen d\u00f6ner f\u0131r\u00e7alara veya burgulara g\u00fc\u00e7 sa\u011flamak i\u00e7in d\u00f6ner bi\u00e7me makinesi di\u015fli kutular\u0131n\u0131 kullan\u0131r. Di\u015fli kutusu, so\u011fuk ve zorlu ko\u015fullarda kar\u0131n verimli bir \u015fekilde ta\u015f\u0131nmas\u0131 i\u00e7in yeterli g\u00fcc\u00fcn iletilmesini sa\u011flar.<\/p>\n<p>D\u00f6ner bi\u00e7me makinesi di\u015fli kutular\u0131, \u00e7ok \u00e7e\u015fitli tar\u0131m, peyzaj ve end\u00fcstriyel ekipmanlardaki kesme ve d\u00f6nd\u00fcrme mekanizmalar\u0131na g\u00fc\u00e7 sa\u011flayan \u00e7ok y\u00f6nl\u00fc bile\u015fenlerdir. \u00c7im bi\u00e7me makinelerinden yem kar\u0131\u015ft\u0131r\u0131c\u0131lar\u0131na ve harman bi\u00e7me makinelerine kadar bu di\u015fli kutular\u0131, zorlu ortamlarda g\u00fcvenilir ve verimli performans sa\u011flamak i\u00e7in gerekli torku ve h\u0131z\u0131 sa\u011flar. Sa\u011flam tasar\u0131mlar\u0131 ve g\u00fcc\u00fc etkili bir \u015fekilde iletme yetenekleri, onlar\u0131 hem ticari hem de konut uygulamalar\u0131nda kullan\u0131lan ekipmanlar\u0131n \u00f6nemli bir par\u00e7as\u0131 haline getirir.<\/p>\n<p><img loading=\"lazy\" decoding=\"async\" class=\"alignnone size-full wp-image-1906\" src=\"https:\/\/fmp-components.com\/wp-content\/uploads\/2024\/12\/Rotary-Mower-Gearbox17.webp\" alt=\"D\u00f6ner Bi\u00e7me Makinesi \u015eanz\u0131man\u0131\" width=\"1280\" height=\"463\" title=\"\" srcset=\"https:\/\/fmp-components.com\/wp-content\/uploads\/2024\/12\/Rotary-Mower-Gearbox17.webp 1280w, https:\/\/fmp-components.com\/wp-content\/uploads\/2024\/12\/Rotary-Mower-Gearbox17-980x354.webp 980w, https:\/\/fmp-components.com\/wp-content\/uploads\/2024\/12\/Rotary-Mower-Gearbox17-480x174.webp 480w\" sizes=\"(min-width: 0px) and (max-width: 480px) 480px, (min-width: 481px) and (max-width: 980px) 980px, (min-width: 981px) 1280px, 100vw\" \/><\/p>\n<h3><strong>FMP Hakk\u0131nda<\/strong><\/h3>\n<p>\u0130talya merkezli FMP, di\u015fli kutular\u0131, red\u00fckt\u00f6rler ve m\u00fchendislik makinelerinin ara\u015ft\u0131rma, geli\u015ftirme ve \u00fcretiminde k\u00f6kl\u00fc bir liderdir. \u015eirket, inovasyon, kalite ve yetenek geli\u015ftirme konusundaki kararl\u0131l\u0131\u011f\u0131yla itibar\u0131n\u0131 olu\u015fturmu\u015f ve kendisini bu alanda kilit bir oyuncu olarak konumland\u0131rm\u0131\u015ft\u0131r.<\/p>\n<p><strong>Kapsaml\u0131 \u00dcr\u00fcn Portf\u00f6y\u00fc<\/strong><\/p>\n<p>FMP'nin geni\u015f \u00fcr\u00fcn yelpazesi \u015funlar\u0131 i\u00e7erir:<\/p>\n<ul>\n<li>Spiral Konik Red\u00fckt\u00f6rler<\/li>\n<li>Mahmuzlu Red\u00fckt\u00f6rler<\/li>\n<li>Sonsuz Di\u015fli Kutular\u0131<\/li>\n<li>Silindirik Red\u00fckt\u00f6rler<\/li>\n<li>Y\u00fcksek Bas\u0131n\u00e7l\u0131 D\u00f6k\u00fcm Vana G\u00f6vdeleri ve Muhafazalar\u0131<\/li>\n<\/ul>\n<p><strong>End\u00fcstriler Aras\u0131 Geni\u015f Uygulamalar<\/strong><\/p>\n<p>FMP'nin \u00fcr\u00fcnleri \u00e7ok y\u00f6nl\u00fcd\u00fcr ve a\u015fa\u011f\u0131dakiler gibi \u00e7ok \u00e7e\u015fitli end\u00fcstrilere hizmet eder:<\/p>\n<ul>\n<li><strong>Tar\u0131m<\/strong>: D\u00f6ner bi\u00e7me makineleri, kar temizleme makineleri, g\u00fcbre serpme makineleri ve tah\u0131l konvey\u00f6rleri.<\/li>\n<li><strong>End\u00fcstriyel Ekipman<\/strong>: Petrol \u00e7\u0131karmada kullan\u0131lan makineler, denizcilik uygulamalar\u0131 ve m\u00fchendislik projelerinde kullan\u0131lan hidrolik bile\u015fenler.<\/li>\n<\/ul>\n<p><strong>Geli\u015fmi\u015f \u00dcretim M\u00fckemmelli\u011fi<\/strong><\/p>\n<p>FMP, g\u00fcvenilir ve y\u00fcksek kaliteli \u00fcr\u00fcnler \u00fcretmeyi garantileyen g\u00fc\u00e7l\u00fc teknik ve Ar-Ge kabiliyetleriyle gurur duymaktad\u0131r. \u00dcretim s\u00fcre\u00e7leri \u015funlar\u0131 i\u00e7erir:<\/p>\n<ul>\n<li><strong>\u00dcr\u00fcn Tasar\u0131m\u0131<\/strong>: \u015eanz\u0131man tipi, malzemesi ve boyutlar\u0131 gibi \u00f6zel spesifikasyonlar geli\u015ftirilir.<\/li>\n<li><strong>Malzeme Se\u00e7imi<\/strong>:Optimum performans i\u00e7in d\u00f6kme demir ve al\u00fcminyum ala\u015f\u0131mlar\u0131 gibi y\u00fcksek kaliteli malzemeler se\u00e7ilir.<\/li>\n<li><strong>Hassas \u0130\u015fleme<\/strong>: Hassas par\u00e7a \u00fcretimi i\u00e7in tornalama ve frezeleme gibi ileri teknikler kullan\u0131lmaktad\u0131r.<\/li>\n<li><strong>Toplant\u0131<\/strong>:Di\u015fliler, yataklar ve miller titizlikle monte edilerek, do\u011fru hizalama ve ya\u011flama sa\u011flan\u0131r.<\/li>\n<li><strong>Is\u0131l \u0130\u015flem<\/strong>: \u015eanz\u0131manlar mukavemet ve a\u015f\u0131nma direncini art\u0131rmak i\u00e7in i\u015flenir.<\/li>\n<li><strong>Y\u00fczey \u0130\u015flem<\/strong>: Parlatma ve toz boya hem g\u00f6r\u00fcn\u00fcm\u00fc hem de korozyon direncini iyile\u015ftirir.<\/li>\n<li><strong>Kalite Kontrol<\/strong>: Titiz bir inceleme ve test s\u00fcreci, her \u00fcr\u00fcn\u00fcn istikrar ve do\u011fruluk a\u00e7\u0131s\u0131ndan performans standartlar\u0131n\u0131 kar\u015f\u0131lamas\u0131n\u0131 sa\u011flar.<\/li>\n<\/ul>\n<p><strong>Sekt\u00f6r \u0130tibar\u0131<\/strong><\/p>\n<p>FMP'nin kaliteye, inovasyona ve m\u00fc\u015fteri memnuniyetine olan ba\u011fl\u0131l\u0131\u011f\u0131, sekt\u00f6rde lider bir \u00fcretici olarak itibar\u0131n\u0131 sa\u011flamla\u015ft\u0131rm\u0131\u015ft\u0131r. \u015eirketin i\u015f\u00e7ilik ve ileri teknolojiye odaklanmas\u0131, kal\u0131c\u0131 de\u011fer sunma taahh\u00fcd\u00fcn\u00fc desteklemektedir.<\/p>\n<p><strong>Bizimle Ortak Olun<\/strong><\/p>\n<p>FMP, k\u00fcresel ortakl\u0131klara ve i\u015f birliklerine a\u00e7\u0131kt\u0131r. \u00dcr\u00fcn ve hizmetlerimiz hakk\u0131nda daha fazla bilgi i\u00e7in telefon veya e-posta yoluyla bizimle ileti\u015fime ge\u00e7mekten \u00e7ekinmeyin. M\u00fc\u015fterilerimizin benzersiz ihtiya\u00e7lar\u0131n\u0131 kar\u015f\u0131lamak i\u00e7in \u00f6zel \u00e7\u00f6z\u00fcmler sunmaya kendimizi adad\u0131k.<\/p>\n<p><img loading=\"lazy\" decoding=\"async\" class=\"alignnone size-full wp-image-1861\" src=\"https:\/\/fmp-components.com\/wp-content\/uploads\/2024\/12\/Other-Agricultural-Gearboxes.webp\" alt=\"Di\u011fer Tar\u0131msal \u015eanz\u0131manlar\" width=\"1200\" height=\"1400\" title=\"\" srcset=\"https:\/\/fmp-components.com\/wp-content\/uploads\/2024\/12\/Other-Agricultural-Gearboxes.webp 1200w, https:\/\/fmp-components.com\/wp-content\/uploads\/2024\/12\/Other-Agricultural-Gearboxes-980x1143.webp 980w, https:\/\/fmp-components.com\/wp-content\/uploads\/2024\/12\/Other-Agricultural-Gearboxes-480x560.webp 480w\" sizes=\"(min-width: 0px) and (max-width: 480px) 480px, (min-width: 481px) and (max-width: 980px) 980px, (min-width: 981px) 1200px, 100vw\" \/><\/p>\n<p>Yazar\uff1a CX<\/p>","protected":false},"excerpt":{"rendered":"<p>Specifications of\u00a0Rotary Mower Gearbox LF-199A\u00a0 Model: Rotary Mower Gearbox Replacement of Comer Gearboxes LF-199A Type of application: Speed increasing unit Input power rate: \u00a045Cv-33Kw (540RPM) Ratio: 3,00 Outputs: 2 Rotation: The rotation is defined as either clocwise or counter-clockwise by looking &#8220;into&#8221; the components in motion ( shaft, pulley, or sprocket), with the gearbox behind [&hellip;]<\/p>","protected":false},"featured_media":1905,"comment_status":"open","ping_status":"closed","template":"","meta":{"_et_pb_use_builder":"","_et_pb_old_content":"","_et_gb_content_width":""},"product_brand":[],"product_cat":[51],"product_tag":[],"class_list":{"0":"post-1900","1":"product","2":"type-product","3":"status-publish","4":"has-post-thumbnail","6":"product_cat-rotary-mower-gearbox","8":"first","9":"instock","10":"shipping-taxable","11":"product-type-simple"},"_links":{"self":[{"href":"https:\/\/fmp-components.com\/tr\/wp-json\/wp\/v2\/product\/1900","targetHints":{"allow":["GET"]}}],"collection":[{"href":"https:\/\/fmp-components.com\/tr\/wp-json\/wp\/v2\/product"}],"about":[{"href":"https:\/\/fmp-components.com\/tr\/wp-json\/wp\/v2\/types\/product"}],"replies":[{"embeddable":true,"href":"https:\/\/fmp-components.com\/tr\/wp-json\/wp\/v2\/comments?post=1900"}],"wp:featuredmedia":[{"embeddable":true,"href":"https:\/\/fmp-components.com\/tr\/wp-json\/wp\/v2\/media\/1905"}],"wp:attachment":[{"href":"https:\/\/fmp-components.com\/tr\/wp-json\/wp\/v2\/media?parent=1900"}],"wp:term":[{"taxonomy":"product_brand","embeddable":true,"href":"https:\/\/fmp-components.com\/tr\/wp-json\/wp\/v2\/product_brand?post=1900"},{"taxonomy":"product_cat","embeddable":true,"href":"https:\/\/fmp-components.com\/tr\/wp-json\/wp\/v2\/product_cat?post=1900"},{"taxonomy":"product_tag","embeddable":true,"href":"https:\/\/fmp-components.com\/tr\/wp-json\/wp\/v2\/product_tag?post=1900"}],"curies":[{"name":"wp","href":"https:\/\/api.w.org\/{rel}","templated":true}]}}