{"id":1859,"date":"2024-12-24T07:46:32","date_gmt":"2024-12-24T07:46:32","guid":{"rendered":"https:\/\/fmp-components.com\/?page_id=8"},"modified":"2024-12-24T07:59:12","modified_gmt":"2024-12-24T07:59:12","slug":"rotary-mower-gearboxes-replacement-of-comer-code-lf-151a-13","status":"publish","type":"product","link":"https:\/\/fmp-components.com\/tr\/product\/rotary-mower-gearboxes-replacement-of-comer-code-lf-151a-13\/","title":{"rendered":"D\u00f6ner Bi\u00e7me Makinesi \u015eanz\u0131manlar\u0131 \u2013 K\u00f6\u015fe Kodu LF-151A 1:3'\u00fcn De\u011fi\u015ftirilmesi"},"content":{"rendered":"<p><img loading=\"lazy\" decoding=\"async\" class=\"size-full wp-image-1865 aligncenter\" src=\"https:\/\/fmp-components.com\/wp-content\/uploads\/2024\/12\/Rotary-Mower-Gearboxes-Replacement-of-Comer-Gearbox-LF-151A.webp\" alt=\"D\u00f6ner Bi\u00e7me Makinesi \u015eanz\u0131man\u01313\" width=\"600\" height=\"600\" title=\"\" srcset=\"https:\/\/fmp-components.com\/wp-content\/uploads\/2024\/12\/Rotary-Mower-Gearboxes-Replacement-of-Comer-Gearbox-LF-151A.webp 600w, https:\/\/fmp-components.com\/wp-content\/uploads\/2024\/12\/Rotary-Mower-Gearboxes-Replacement-of-Comer-Gearbox-LF-151A-480x480.webp 480w\" sizes=\"(min-width: 0px) and (max-width: 480px) 480px, (min-width: 481px) 600px, 100vw\" \/><\/p>\n<h2>D\u00f6ner Bi\u00e7me Makinesi \u015eanz\u0131man LF-151A (1:3) \u00d6zellikleri<\/h2>\n<p><img loading=\"lazy\" decoding=\"async\" class=\"alignnone size-full wp-image-1863\" src=\"https:\/\/fmp-components.com\/wp-content\/uploads\/2024\/12\/Rotary-Mower-Gearboxes-\u2013-Replacement-of-Comer-Code-LF-151A.webp\" alt=\"D\u00f6ner Bi\u00e7me Makinesi \u015eanz\u0131manlar\u0131 \u2013 K\u00f6\u015fe Kodu LF-151A&#039;n\u0131n De\u011fi\u015ftirilmesi\" width=\"1291\" height=\"356\" title=\"\" srcset=\"https:\/\/fmp-components.com\/wp-content\/uploads\/2024\/12\/Rotary-Mower-Gearboxes-\u2013-Replacement-of-Comer-Code-LF-151A.webp 1291w, https:\/\/fmp-components.com\/wp-content\/uploads\/2024\/12\/Rotary-Mower-Gearboxes-\u2013-Replacement-of-Comer-Code-LF-151A-300x83.webp 300w, https:\/\/fmp-components.com\/wp-content\/uploads\/2024\/12\/Rotary-Mower-Gearboxes-\u2013-Replacement-of-Comer-Code-LF-151A-1024x282.webp 1024w, https:\/\/fmp-components.com\/wp-content\/uploads\/2024\/12\/Rotary-Mower-Gearboxes-\u2013-Replacement-of-Comer-Code-LF-151A-768x212.webp 768w, https:\/\/fmp-components.com\/wp-content\/uploads\/2024\/12\/Rotary-Mower-Gearboxes-\u2013-Replacement-of-Comer-Code-LF-151A-18x5.webp 18w, https:\/\/fmp-components.com\/wp-content\/uploads\/2024\/12\/Rotary-Mower-Gearboxes-\u2013-Replacement-of-Comer-Code-LF-151A-1080x298.webp 1080w, https:\/\/fmp-components.com\/wp-content\/uploads\/2024\/12\/Rotary-Mower-Gearboxes-\u2013-Replacement-of-Comer-Code-LF-151A-1280x353.webp 1280w, https:\/\/fmp-components.com\/wp-content\/uploads\/2024\/12\/Rotary-Mower-Gearboxes-\u2013-Replacement-of-Comer-Code-LF-151A-980x270.webp 980w, https:\/\/fmp-components.com\/wp-content\/uploads\/2024\/12\/Rotary-Mower-Gearboxes-\u2013-Replacement-of-Comer-Code-LF-151A-480x132.webp 480w, https:\/\/fmp-components.com\/wp-content\/uploads\/2024\/12\/Rotary-Mower-Gearboxes-\u2013-Replacement-of-Comer-Code-LF-151A-600x165.webp 600w\" sizes=\"(max-width: 1291px) 100vw, 1291px\" \/><\/p>\n<table class=\"kh-1xzm1su\" border=\"1\" cellspacing=\"0\" cellpadding=\"0\" data-intent=\"lists-product-attributes\" data-test-id=\"attributes-list\">\n<tbody class=\"kh-1ago99h\">\n<tr id=\"alexis#custom#item-id\" class=\"kh-bwvum6\" data-test-id=\"attribute-row\">\n<th class=\"kh-10oizfy\">\u00dcr\u00fcn A\u00e7\u0131klamas\u0131<\/th>\n<td class=\"kh-1f5nhat\">\n<div class=\"kh-pkx4zo\">D\u00f6ner Bi\u00e7me Makinesi \u015eanz\u0131manlar\u0131 \u2013 K\u00f6\u015fe \u015eanz\u0131man\u0131n\u0131n De\u011fi\u015ftirilmesi LF-151A 1:3<\/div>\n<\/td>\n<\/tr>\n<tr id=\"attProductDetails\" class=\"kh-bwvum6\" data-test-id=\"attribute-row\">\n<th class=\"kh-10oizfy\">\u00dcr\u00fcn detaylar\u0131<\/th>\n<td class=\"kh-1f5nhat\">\n<ul>\n<li class=\"kh-16zd49f\">T\u00fcm red\u00fckt\u00f6rler ya\u011fs\u0131z olarak teslim edilir.<\/li>\n<li class=\"kh-16zd49f\">\u00d6ncelikle 50-70 \u00e7al\u0131\u015fma saatinin ard\u0131ndan ya\u011f de\u011fi\u015fimi, ard\u0131ndan 500-700 \u00e7al\u0131\u015fma saatinin ard\u0131ndan veya en az\u0131ndan y\u0131lda bir kez ya\u011f de\u011fi\u015fimi yap\u0131lmal\u0131d\u0131r.<\/li>\n<li class=\"kh-16zd49f\">Farkl\u0131 RPM'deki g\u00fc\u00e7 i\u00e7in bizimle ileti\u015fime ge\u00e7in.<\/li>\n<\/ul>\n<\/td>\n<\/tr>\n<tr id=\"attApplicationRange\" class=\"kh-bwvum6\" data-test-id=\"attribute-row\">\n<th class=\"kh-10oizfy\">Uygulama aral\u0131\u011f\u0131<\/th>\n<td class=\"kh-1f5nhat\">\n<div class=\"kh-pkx4zo\">Bi\u00e7me makineleri<\/div>\n<\/td>\n<\/tr>\n<tr id=\"attConsistsOf\" class=\"kh-bwvum6\" data-test-id=\"attribute-row\">\n<th class=\"kh-10oizfy\">\u015eunlardan olu\u015fur:<\/th>\n<td class=\"kh-1f5nhat\">\n<ul>\n<li class=\"kh-16zd49f\">Vites kutusu<\/li>\n<li class=\"kh-16zd49f\">Ya\u011fs\u0131z<\/li>\n<\/ul>\n<\/td>\n<\/tr>\n<tr id=\"taContainsOil\" class=\"kh-bwvum6\" data-test-id=\"attribute-row\">\n<th class=\"kh-10oizfy\">Ya\u011f i\u00e7erir<\/th>\n<td class=\"kh-1f5nhat\">\n<div class=\"kh-pkx4zo\">HAYIR<\/div>\n<\/td>\n<\/tr>\n<tr id=\"taMaxOilCapacityL\" class=\"kh-bwvum6\" data-test-id=\"attribute-row\">\n<th class=\"kh-10oizfy\">Maksimum ya\u011f kapasitesi<\/th>\n<td class=\"kh-1f5nhat\">\n<div class=\"kh-pkx4zo\">1,3 litre<\/div>\n<\/td>\n<\/tr>\n<tr id=\"taMaxOilChangeIntervalH\" class=\"kh-bwvum6\" data-test-id=\"attribute-row\">\n<th class=\"kh-10oizfy\">Maksimum ya\u011f de\u011fi\u015fim aral\u0131\u011f\u0131<\/th>\n<td class=\"kh-1f5nhat\">\n<div class=\"kh-pkx4zo\">500 saat<\/div>\n<\/td>\n<\/tr>\n<tr id=\"taOilSAEViscosityGrade\" class=\"kh-bwvum6\" data-test-id=\"attribute-row\">\n<th class=\"kh-10oizfy\">Ya\u011f SAE viskozite derecesi<\/th>\n<td class=\"kh-1f5nhat\">\n<div class=\"kh-pkx4zo\">80W-90<\/div>\n<\/td>\n<\/tr>\n<tr id=\"taHousingMaterial_16\" class=\"kh-bwvum6\" data-test-id=\"attribute-row\">\n<th class=\"kh-10oizfy\">Konut malzemesi<\/th>\n<td class=\"kh-1f5nhat\">\n<div class=\"kh-pkx4zo\">D\u00f6kme demir GG25<\/div>\n<\/td>\n<\/tr>\n<tr id=\"taWeightKg_75\" class=\"kh-bwvum6\" data-test-id=\"attribute-row\">\n<th class=\"kh-10oizfy\">A\u011f\u0131rl\u0131k<\/th>\n<td class=\"kh-1f5nhat\">\n<div class=\"kh-pkx4zo\">21,5 kilo<\/div>\n<\/td>\n<\/tr>\n<tr id=\"taGearArrangementInc\" class=\"kh-bwvum6\" data-test-id=\"attribute-row\">\n<th class=\"kh-10oizfy\">Di\u015fli d\u00fczenlemesi Artan<\/th>\n<td class=\"kh-1f5nhat\">\n<div class=\"kh-pkx4zo\">21 &#8211; 22<\/div>\n<\/td>\n<\/tr>\n<tr id=\"taInputPowerKwHpInc\" class=\"kh-bwvum6\" data-test-id=\"attribute-row\">\n<th class=\"kh-10oizfy\">Giri\u015f g\u00fcc\u00fc kW \/ HP Artan<\/th>\n<td class=\"kh-1f5nhat\">\n<div class=\"kh-pkx4zo\">33,1 \/ 45 kW\/BG<\/div>\n<\/td>\n<\/tr>\n<tr id=\"taInputShaftIncreasi\" class=\"kh-bwvum6\" data-test-id=\"attribute-row\">\n<th class=\"kh-10oizfy\">Giri\u015f mili Art\u0131yor<\/th>\n<td class=\"kh-1f5nhat\">\n<div class=\"kh-pkx4zo\">Y<\/div>\n<\/td>\n<\/tr>\n<tr id=\"taNSOutputTorqueDaNm_1\" class=\"kh-bwvum6\" data-test-id=\"attribute-row\">\n<th class=\"kh-10oizfy\">\u00c7\u0131k\u0131\u015f Torku DaNm Art\u0131yor<\/th>\n<td class=\"kh-1f5nhat\">\n<div class=\"kh-pkx4zo\">18,9 daNm<\/div>\n<\/td>\n<\/tr>\n<tr id=\"taRatioIncreasing\" class=\"kh-bwvum6\" data-test-id=\"attribute-row\">\n<th class=\"kh-10oizfy\">Oran Art\u0131yor<\/th>\n<td class=\"kh-1f5nhat\">\n<div class=\"kh-pkx4zo\">1: 3<\/div>\n<\/td>\n<\/tr>\n<tr id=\"taRatioReducing\" class=\"kh-bwvum6\" data-test-id=\"attribute-row\">\n<th class=\"kh-10oizfy\">Oran Azaltma<\/th>\n<td class=\"kh-1f5nhat\">\n<div class=\"kh-pkx4zo\">3: 1<\/div>\n<\/td>\n<\/tr>\n<tr id=\"taShaftY\" class=\"kh-bwvum6\" data-test-id=\"attribute-row\">\n<th class=\"kh-10oizfy\">Mil Y<\/th>\n<td class=\"kh-1f5nhat\">\n<div class=\"kh-pkx4zo\">1 3\/8\u2033 (6) (A)<\/div>\n<\/td>\n<\/tr>\n<tr id=\"taShaftZ\" class=\"kh-bwvum6\" data-test-id=\"attribute-row\">\n<th class=\"kh-10oizfy\">\u015eaft Z<\/th>\n<td class=\"kh-1f5nhat\">\n<div class=\"kh-pkx4zo\">35 (B)<\/div>\n<\/td>\n<\/tr>\n<\/tbody>\n<\/table>\n<h3>D\u00f6ner Bi\u00e7me Makinesi \u015eanz\u0131man\u0131n\u0131n LF-151A (1:3) Avantajlar\u0131<\/h3>\n<p>LF-151A d\u00f6ner bi\u00e7me makinesi \u015fanz\u0131man\u0131, sundu\u011fu \u00e7e\u015fitli avantajlar sayesinde \u00e7e\u015fitli uygulamalarda d\u00f6ner bi\u00e7me makineleri i\u00e7in tercih edilen bir se\u00e7enektir. Ba\u015fl\u0131ca avantajlar\u0131 \u015funlard\u0131r:<\/p>\n<h4>1. Y\u00fcksek Verimlilik<\/h4>\n<p>LF-151A \u015fanz\u0131man, trakt\u00f6rden bi\u00e7me makinesine g\u00fcc\u00fc etkili bir \u015fekilde ileterek y\u00fcksek performans sa\u011flar. Bu verimlilik, geni\u015f alanlar\u0131 bi\u00e7mek i\u00e7in gereken zaman ve enerjiyi azaltarak \u00fcretkenli\u011fi art\u0131r\u0131r.<\/p>\n<h4>2. Sorunsuz \u00c7al\u0131\u015fma<\/h4>\n<p>Denge i\u00e7in tasarlanan LF-151A, minimum titre\u015fimle sorunsuz bir \u00e7im bi\u00e7me i\u015flemi sa\u011flar. Bu, operat\u00f6r\u00fcn konforunu art\u0131r\u0131r ve tutarl\u0131 bir kesim deneyimi sunar.<\/p>\n<h4>3. Geli\u015fmi\u015f Dayan\u0131kl\u0131l\u0131k<\/h4>\n<p>Y\u00fcksek kaliteli malzemeler ve hassas m\u00fchendislikle \u00fcretilen LF-151A, ola\u011fan\u00fcst\u00fc dayan\u0131kl\u0131d\u0131r. Sa\u011flam tasar\u0131m\u0131, zorlu saha ko\u015fullar\u0131na dayanmas\u0131n\u0131 sa\u011flayarak s\u0131k s\u0131k de\u011fi\u015ftirme veya onar\u0131m ihtiyac\u0131n\u0131 azalt\u0131r.<\/p>\n<h4>4. D\u00fc\u015f\u00fck Bak\u0131m Gereksinimleri<\/h4>\n<p>LF-151A'n\u0131n bak\u0131m\u0131 kolayd\u0131r, minimum ya\u011flama gerektirir ve temel bile\u015fenlere kolay eri\u015fim sa\u011flar. Bu basitlik, ar\u0131za s\u00fcresini azalt\u0131r ve sorunsuz bak\u0131m sa\u011flar.<\/p>\n<h4>5. Sessiz Performans<\/h4>\n<p>D\u00fc\u015f\u00fck g\u00fcr\u00fclt\u00fc seviyeleriyle \u00e7al\u0131\u015fan LF-151A, konut alanlar\u0131, okullar ve hastaneler gibi g\u00fcr\u00fclt\u00fcye duyarl\u0131 ortamlar i\u00e7in idealdir ve daha keyifli bir deneyim sa\u011flar.<\/p>\n<h4>6. \u00c7ok Y\u00f6nl\u00fcl\u00fck<\/h4>\n<p>Bu \u015fanz\u0131man \u00e7ok y\u00f6nl\u00fcd\u00fcr ve \u00e7e\u015fitli bi\u00e7me makinesi tipleriyle uyumludur. Farkl\u0131 arazilere ve tarla boyutlar\u0131na iyi uyum sa\u011flayarak \u00e7e\u015fitli uygulamalar i\u00e7in uygundur.<\/p>\n<h4>7. Azalt\u0131lm\u0131\u015f A\u015f\u0131nma ve Y\u0131pranma<\/h4>\n<p>LF-151A, b\u0131\u00e7aklar ve kesici kenarlar gibi bi\u00e7me makinesi bile\u015fenlerindeki a\u015f\u0131nma ve y\u0131pranmay\u0131 en aza indirerek kullan\u0131m \u00f6m\u00fcrlerini uzat\u0131r ve tutarl\u0131 bir kesim kalitesi sa\u011flar.<\/p>\n<p>LF-151A d\u00f6ner bi\u00e7me makinesi \u015fanz\u0131man\u0131, d\u00f6ner bi\u00e7me makinelerinin performans\u0131n\u0131, g\u00fcvenilirli\u011fini ve \u00f6mr\u00fcn\u00fc art\u0131ran temel bir bile\u015fendir. Verimlili\u011fi, dayan\u0131kl\u0131l\u0131\u011f\u0131 ve bak\u0131m kolayl\u0131\u011f\u0131, onu \u00e7e\u015fitli ortamlarda optimum bi\u00e7me sonu\u00e7lar\u0131 elde etmek i\u00e7in de\u011ferli bir yat\u0131r\u0131m haline getirir.<\/p>\n<p><img loading=\"lazy\" decoding=\"async\" class=\"alignnone size-full wp-image-1868\" src=\"https:\/\/fmp-components.com\/wp-content\/uploads\/2024\/12\/Rotary-Mower-Gearbox4.webp\" alt=\"D\u00f6ner Bi\u00e7me Makinesi \u015eanz\u0131man4\" width=\"1278\" height=\"483\" title=\"\" srcset=\"https:\/\/fmp-components.com\/wp-content\/uploads\/2024\/12\/Rotary-Mower-Gearbox4.webp 1278w, https:\/\/fmp-components.com\/wp-content\/uploads\/2024\/12\/Rotary-Mower-Gearbox4-980x370.webp 980w, https:\/\/fmp-components.com\/wp-content\/uploads\/2024\/12\/Rotary-Mower-Gearbox4-480x181.webp 480w\" sizes=\"(min-width: 0px) and (max-width: 480px) 480px, (min-width: 481px) and (max-width: 980px) 980px, (min-width: 981px) 1278px, 100vw\" \/><\/p>\n<h3>D\u00f6ner Bi\u00e7me Makinesi \u015eanz\u0131man LF-151A'n\u0131n Uygulamalar\u0131 (1:3)<\/h3>\n<p>LF-151A d\u00f6ner bi\u00e7me makinesi \u015fanz\u0131man\u0131, \u00e7ok \u00e7e\u015fitli uygulamalar i\u00e7in tasarlanm\u0131\u015f \u00e7ok y\u00f6nl\u00fc ve g\u00fcvenilir bir bile\u015fendir. Ba\u015fl\u0131ca kullan\u0131m alanlar\u0131ndan baz\u0131lar\u0131 \u015funlard\u0131r:<\/p>\n<h4>1. \u00c7im Bi\u00e7me Makineleri<\/h4>\n<p>Hem konut hem de ticari \u00e7im bi\u00e7me makineleri i\u00e7in ideal olan LF-151A, hassasiyet ve verimlilik sunarak geni\u015f tarlalar\u0131n veya ye\u015fil alanlar\u0131n bak\u0131m\u0131 i\u00e7in m\u00fckemmel bir se\u00e7imdir.<\/p>\n<h4>2. Trakt\u00f6re Monte Edilen Bi\u00e7me Makineleri<\/h4>\n<p>LF-151A, trakt\u00f6rlere monte edilmeye \u00e7ok uygundur ve bu \u00f6zelli\u011fi sayesinde tarlalar, meyve bah\u00e7eleri ve \u00fcz\u00fcm ba\u011flar\u0131 gibi geni\u015f alanlar\u0131n kolayl\u0131kla bi\u00e7ilmesi i\u00e7in m\u00fckemmel bir se\u00e7imdir.<\/p>\n<h4>3. Tar\u0131msal Bak\u0131m<\/h4>\n<p>Bu \u015fanz\u0131man, kaba bi\u00e7me makineleri ve d\u00f6ner kesicilerle uyumludur ve bu sayede tar\u0131m alanlar\u0131n\u0131n, meralar\u0131n ve di\u011fer b\u00fcy\u00fck \u00f6l\u00e7ekli tar\u0131m alanlar\u0131n\u0131n bak\u0131m\u0131 i\u00e7in idealdir.<\/p>\n<h4>4. Kamusal Alanlar<\/h4>\n<p>G\u00fcr\u00fclt\u00fc azaltma \u00f6zelli\u011fiyle LF-151A, daha sessiz \u00e7al\u0131\u015fman\u0131n \u00f6nemli oldu\u011fu okul, hastane ve park gibi kamusal alanlarda kullan\u0131m i\u00e7in m\u00fckemmeldir.<\/p>\n<h4>5. Peyzaj G\u00f6revleri<\/h4>\n<p>LF-151A, \u00e7it budama, \u00e7al\u0131 temizleme ve \u00e7al\u0131 kesme gibi \u00e7e\u015fitli peyzaj ihtiya\u00e7lar\u0131 i\u00e7in \u00e7ok y\u00f6nl\u00fc bir se\u00e7imdir ve farkl\u0131 arazilerde g\u00fcvenilir performans sa\u011flar.<\/p>\n<p>LF-151A d\u00f6ner bi\u00e7me makinesi \u015fanz\u0131man\u0131, \u00e7e\u015fitli uygulamalardaki bi\u00e7me makinelerinin verimlili\u011fini, g\u00fcvenilirli\u011fini ve dayan\u0131kl\u0131l\u0131\u011f\u0131n\u0131 art\u0131rmak i\u00e7in uygun, g\u00fcvenilir ve \u00e7ok y\u00f6nl\u00fc bir bile\u015fendir. \u0130ster konut, ister tar\u0131m veya kamusal kullan\u0131m i\u00e7in olsun, m\u00fckemmel performans ve uzun \u00f6m\u00fcrl\u00fc sonu\u00e7lar sa\u011flar.<\/p>\n<p><img loading=\"lazy\" decoding=\"async\" class=\"alignnone size-full wp-image-1869\" src=\"https:\/\/fmp-components.com\/wp-content\/uploads\/2024\/12\/Rotary-Mower-Gearbox-LF-151A-Applications-1.webp\" alt=\"D\u00f6ner Bi\u00e7me Makinesi \u015eanz\u0131man Kutusu LF-151A Uygulamalar\u0131 1\" width=\"2560\" height=\"1472\" title=\"\" srcset=\"https:\/\/fmp-components.com\/wp-content\/uploads\/2024\/12\/Rotary-Mower-Gearbox-LF-151A-Applications-1.webp 2560w, https:\/\/fmp-components.com\/wp-content\/uploads\/2024\/12\/Rotary-Mower-Gearbox-LF-151A-Applications-1-1280x736.webp 1280w, https:\/\/fmp-components.com\/wp-content\/uploads\/2024\/12\/Rotary-Mower-Gearbox-LF-151A-Applications-1-980x564.webp 980w, https:\/\/fmp-components.com\/wp-content\/uploads\/2024\/12\/Rotary-Mower-Gearbox-LF-151A-Applications-1-480x276.webp 480w\" sizes=\"(min-width: 0px) and (max-width: 480px) 480px, (min-width: 481px) and (max-width: 980px) 980px, (min-width: 981px) and (max-width: 1280px) 1280px, (min-width: 1281px) 2560px, 100vw\" \/><\/p>\n<h3>FMP Hakk\u0131nda<\/h3>\n<p>\u0130talya merkezli FMP, di\u015fli kutular\u0131, red\u00fckt\u00f6rler ve m\u00fchendislik makinelerinin ara\u015ft\u0131rma, geli\u015ftirme ve \u00fcretiminde uzmanla\u015fm\u0131\u015f tan\u0131nm\u0131\u015f bir \u015firkettir. Yetenekleri geli\u015ftirme ve inovasyonu te\u015fvik etme konusundaki g\u00fc\u00e7l\u00fc ba\u011fl\u0131l\u0131\u011f\u0131yla FMP, alan\u0131nda lider konuma gelmi\u015ftir.<\/p>\n<h3>\u00c7e\u015fitli \u00dcr\u00fcn Portf\u00f6y\u00fc<\/h3>\n<p>\u015eirketin \u00fcr\u00fcn yelpazesinde \u015funlar yer almaktad\u0131r:<\/p>\n<ul>\n<li><strong>Spiral Konik Red\u00fckt\u00f6rler<\/strong><\/li>\n<li><strong>Mahmuzlu Red\u00fckt\u00f6rler<\/strong><\/li>\n<li><strong>Sonsuz Di\u015fli Kutular\u0131<\/strong><\/li>\n<li><strong>Silindirik Red\u00fckt\u00f6rler<\/strong><\/li>\n<li><strong>Y\u00fcksek Bas\u0131n\u00e7l\u0131 D\u00f6k\u00fcm Vana G\u00f6vdeleri ve Muhafazalar\u0131<\/strong><\/li>\n<\/ul>\n<h3>Geni\u015f Kapsaml\u0131 Uygulamalar<\/h3>\n<p>FMP \u00fcr\u00fcnleri son derece \u00e7ok y\u00f6nl\u00fcd\u00fcr ve a\u015fa\u011f\u0131dakiler de dahil olmak \u00fczere \u00e7ok say\u0131da sekt\u00f6re hizmet eder:<\/p>\n<ul>\n<li><strong>Tar\u0131m<\/strong>: D\u00f6ner bi\u00e7me makinelerinde, kar temizleme makinelerinde, g\u00fcbre serpme makinelerinde ve tah\u0131l ta\u015f\u0131ma makinelerinde kullan\u0131l\u0131r.<\/li>\n<li><strong>End\u00fcstriyel Ekipman<\/strong>: Petrol \u00e7\u0131karma, denizcilik uygulamalar\u0131 i\u00e7in destek makineleri ve m\u00fchendislik projeleri i\u00e7in hidrolik bile\u015fenler.<\/li>\n<\/ul>\n<h3>Geli\u015fmi\u015f \u00dcretim Prosesleri<\/h3>\n<p>FMP, sa\u011flam teknik ve Ar-Ge kabiliyetleriyle gurur duyuyor ve titiz bir \u00fcretim s\u00fcreciyle g\u00fcvenilir, y\u00fcksek kaliteli \u00fcr\u00fcnler \u00fcretiyor:<\/p>\n<ol>\n<li><strong>\u00dcr\u00fcn Tasar\u0131m\u0131<\/strong>: \u015eanz\u0131man tipi, malzemesi ve boyutlar\u0131 dahil olmak \u00fczere \u00f6zel \u00f6zellikler geli\u015ftirilir.<\/li>\n<li><strong>Malzeme Haz\u0131rl\u0131\u011f\u0131<\/strong>:D\u00f6kme demir ve al\u00fcminyum ala\u015f\u0131mlar\u0131 gibi y\u00fcksek kaliteli malzemeler se\u00e7ilip haz\u0131rlan\u0131r.<\/li>\n<li><strong>Hassas \u0130\u015fleme<\/strong>:Di\u015fli milleri ve g\u00f6vdeleri gibi par\u00e7alar tornalama ve frezeleme gibi ileri tekniklerle i\u015flenmektedir.<\/li>\n<li><strong>Toplant\u0131<\/strong>:Di\u015fliler, yataklar ve miller g\u00f6vdeye monte edilerek hassas hizalama ve uygun ya\u011flama sa\u011flan\u0131r.<\/li>\n<li><strong>Is\u0131l \u0130\u015flem<\/strong>: \u015eanz\u0131manlar, mukavemet ve a\u015f\u0131nma direncini art\u0131rmak i\u00e7in \u0131s\u0131l i\u015fleme tabi tutulur.<\/li>\n<li><strong>Y\u00fczey \u0130\u015flem<\/strong>: Parlatma ve toz boya gibi i\u015flemler g\u00f6r\u00fcn\u00fcm\u00fc ve korozyon direncini iyile\u015ftirir.<\/li>\n<li><strong>Kalite Kontrol<\/strong>: Titiz denetimler ve testler, istikrar\u0131, do\u011frulu\u011fu ve performans standartlar\u0131na uyumu garanti alt\u0131na al\u0131r.<\/li>\n<\/ol>\n<h3>Sekt\u00f6r \u0130tibar\u0131<\/h3>\n<p>FMP'nin kaliteye, inovasyona ve m\u00fc\u015fteri memnuniyetine olan ba\u011fl\u0131l\u0131\u011f\u0131, ona \u00fcretim sekt\u00f6r\u00fcnde y\u0131ld\u0131z gibi bir \u00fcn kazand\u0131rm\u0131\u015ft\u0131r. \u015eirket, i\u015f\u00e7ilik, ileri teknoloji ve kal\u0131c\u0131 de\u011fer sunma odakl\u0131 bir felsefeye ba\u011fl\u0131 kalmaktad\u0131r.<\/p>\n<h3>Bizimle Ortak Olun<\/h3>\n<p>FMP, k\u00fcresel m\u00fc\u015fteriler ve i\u015f ortaklar\u0131yla i\u015f birli\u011fi f\u0131rsatlar\u0131n\u0131 memnuniyetle kar\u015f\u0131lamaktad\u0131r. \u00dcr\u00fcn ve hizmetlerimiz hakk\u0131nda bilgi almak i\u00e7in l\u00fctfen telefon veya e-posta yoluyla bizimle ileti\u015fime ge\u00e7in. \u0130htiya\u00e7lar\u0131n\u0131za uygun, size \u00f6zel \u00e7\u00f6z\u00fcmler sunmaya kararl\u0131y\u0131z.<\/p>\n<p><img loading=\"lazy\" decoding=\"async\" class=\"alignnone size-full wp-image-1861\" src=\"https:\/\/fmp-components.com\/wp-content\/uploads\/2024\/12\/Other-Agricultural-Gearboxes.webp\" alt=\"Di\u011fer Tar\u0131msal \u015eanz\u0131manlar\" width=\"1200\" height=\"1400\" title=\"\" srcset=\"https:\/\/fmp-components.com\/wp-content\/uploads\/2024\/12\/Other-Agricultural-Gearboxes.webp 1200w, https:\/\/fmp-components.com\/wp-content\/uploads\/2024\/12\/Other-Agricultural-Gearboxes-980x1143.webp 980w, https:\/\/fmp-components.com\/wp-content\/uploads\/2024\/12\/Other-Agricultural-Gearboxes-480x560.webp 480w\" sizes=\"(min-width: 0px) and (max-width: 480px) 480px, (min-width: 481px) and (max-width: 980px) 980px, (min-width: 981px) 1200px, 100vw\" \/><\/p>\n<p>Yazar: CX<\/p>","protected":false},"excerpt":{"rendered":"<p>Specifications of Rotary Mower Gearbox LF-151A (1:3) Product Description Rotary Mower Gearboxes &#8211; Replacement of Comer Gearbox LF-151A 1:3 Product details All gearboxes are supplied without oil. First, the oil change after 50-70 operating hours, then after 500-700 operating hours or at least once a year. Contact us for power at a different RPM. Application [&hellip;]<\/p>","protected":false},"featured_media":1864,"comment_status":"open","ping_status":"closed","template":"","meta":{"_et_pb_use_builder":"","_et_pb_old_content":"","_et_gb_content_width":""},"product_brand":[],"product_cat":[51],"product_tag":[],"class_list":{"0":"post-1859","1":"product","2":"type-product","3":"status-publish","4":"has-post-thumbnail","6":"product_cat-rotary-mower-gearbox","8":"first","9":"instock","10":"shipping-taxable","11":"product-type-simple"},"_links":{"self":[{"href":"https:\/\/fmp-components.com\/tr\/wp-json\/wp\/v2\/product\/1859","targetHints":{"allow":["GET"]}}],"collection":[{"href":"https:\/\/fmp-components.com\/tr\/wp-json\/wp\/v2\/product"}],"about":[{"href":"https:\/\/fmp-components.com\/tr\/wp-json\/wp\/v2\/types\/product"}],"replies":[{"embeddable":true,"href":"https:\/\/fmp-components.com\/tr\/wp-json\/wp\/v2\/comments?post=1859"}],"wp:featuredmedia":[{"embeddable":true,"href":"https:\/\/fmp-components.com\/tr\/wp-json\/wp\/v2\/media\/1864"}],"wp:attachment":[{"href":"https:\/\/fmp-components.com\/tr\/wp-json\/wp\/v2\/media?parent=1859"}],"wp:term":[{"taxonomy":"product_brand","embeddable":true,"href":"https:\/\/fmp-components.com\/tr\/wp-json\/wp\/v2\/product_brand?post=1859"},{"taxonomy":"product_cat","embeddable":true,"href":"https:\/\/fmp-components.com\/tr\/wp-json\/wp\/v2\/product_cat?post=1859"},{"taxonomy":"product_tag","embeddable":true,"href":"https:\/\/fmp-components.com\/tr\/wp-json\/wp\/v2\/product_tag?post=1859"}],"curies":[{"name":"wp","href":"https:\/\/api.w.org\/{rel}","templated":true}]}}