{"id":1853,"date":"2024-12-24T07:33:41","date_gmt":"2024-12-24T07:33:41","guid":{"rendered":"https:\/\/fmp-components.com\/?page_id=8"},"modified":"2025-05-07T14:12:19","modified_gmt":"2025-05-07T14:12:19","slug":"rotary-mower-gearboxes-replacement-of-comer-code-lf-211j","status":"publish","type":"product","link":"https:\/\/fmp-components.com\/tr\/product\/rotary-mower-gearboxes-replacement-of-comer-code-lf-211j\/","title":{"rendered":"D\u00f6ner Bi\u00e7me Makinesi \u015eanz\u0131manlar\u0131 \u2013 K\u00f6\u015fe Kodu LF-211J'nin De\u011fi\u015ftirilmesi"},"content":{"rendered":"<p><img loading=\"lazy\" decoding=\"async\" class=\"alignnone size-full wp-image-1856\" src=\"https:\/\/fmp-components.com\/wp-content\/uploads\/2024\/12\/Rotary-Mower-Gearbox2.webp\" alt=\"D\u00f6ner Bi\u00e7me Makinesi \u015eanz\u0131man\u0131\" width=\"1261\" height=\"655\" title=\"\" srcset=\"https:\/\/fmp-components.com\/wp-content\/uploads\/2024\/12\/Rotary-Mower-Gearbox2.webp 1261w, https:\/\/fmp-components.com\/wp-content\/uploads\/2024\/12\/Rotary-Mower-Gearbox2-980x509.webp 980w, https:\/\/fmp-components.com\/wp-content\/uploads\/2024\/12\/Rotary-Mower-Gearbox2-480x249.webp 480w\" sizes=\"(min-width: 0px) and (max-width: 480px) 480px, (min-width: 481px) and (max-width: 980px) 980px, (min-width: 981px) 1261px, 100vw\" \/><\/p>\n<p><img loading=\"lazy\" decoding=\"async\" class=\"alignnone size-full wp-image-1854\" src=\"https:\/\/fmp-components.com\/wp-content\/uploads\/2024\/12\/Specifications-of-Rotary-Mower-Gearbox-LF-211J.webp\" alt=\"D\u00f6ner Bi\u00e7me Makinesi \u015eanz\u0131man\u0131n\u0131n \u00d6zellikleri-LF-211J\" width=\"1000\" height=\"590\" title=\"\" srcset=\"https:\/\/fmp-components.com\/wp-content\/uploads\/2024\/12\/Specifications-of-Rotary-Mower-Gearbox-LF-211J.webp 1000w, https:\/\/fmp-components.com\/wp-content\/uploads\/2024\/12\/Specifications-of-Rotary-Mower-Gearbox-LF-211J-980x578.webp 980w, https:\/\/fmp-components.com\/wp-content\/uploads\/2024\/12\/Specifications-of-Rotary-Mower-Gearbox-LF-211J-480x283.webp 480w\" sizes=\"(min-width: 0px) and (max-width: 480px) 480px, (min-width: 481px) and (max-width: 980px) 980px, (min-width: 981px) 1000px, 100vw\" \/><\/p>\n<h2>\u00dcr\u00fcn \u00d6zellikleri<\/h2>\n<table class=\"kh-1xzm1su\" style=\"width: 100.272%; height: 542px;\" border=\"1\" cellspacing=\"0\" cellpadding=\"0\" data-intent=\"lists-product-attributes\" data-test-id=\"attributes-list\">\n<tbody class=\"kh-1ago99h\">\n<tr id=\"alexis#custom#item-id\" class=\"kh-bwvum6\" style=\"height: 23px;\" data-test-id=\"attribute-row\">\n<th class=\"kh-10oizfy\" style=\"width: 23.4341%; height: 23px;\">\u00dcr\u00fcn A\u00e7\u0131klamas\u0131<\/th>\n<td class=\"kh-1f5nhat\" style=\"width: 76.3499%; height: 23px;\">\n<div class=\"kh-pkx4zo\"><a href=\"https:\/\/fmp-components.com\/tr\/product-category\/agricultural-gearbox\/rotary-mower-gearbox\/\">D\u00f6ner Bi\u00e7me Makinesi \u015eanz\u0131manlar\u0131<\/a> \u2013 LF-211J K\u00f6\u015fe \u015eanz\u0131man\u0131n\u0131n De\u011fi\u015ftirilmesi<\/div>\n<\/td>\n<\/tr>\n<tr id=\"attProductDetails\" class=\"kh-bwvum6\" style=\"height: 99px;\" data-test-id=\"attribute-row\">\n<th class=\"kh-10oizfy\" style=\"width: 23.4341%; height: 99px;\">\u00dcr\u00fcn detaylar\u0131<\/th>\n<td class=\"kh-1f5nhat\" style=\"width: 76.3499%; height: 99px;\">\n<ul>\n<li class=\"kh-16zd49f\">T\u00fcm red\u00fckt\u00f6rler ya\u011fs\u0131z olarak teslim edilir.<\/li>\n<li class=\"kh-16zd49f\">\u00d6ncelikle 50-70 \u00e7al\u0131\u015fma saatinin ard\u0131ndan ya\u011f de\u011fi\u015fimi, ard\u0131ndan 500-700 \u00e7al\u0131\u015fma saatinin ard\u0131ndan veya en az\u0131ndan y\u0131lda bir kez ya\u011f de\u011fi\u015fimi yap\u0131lmal\u0131d\u0131r.<\/li>\n<li class=\"kh-16zd49f\">Farkl\u0131 RPM'deki g\u00fc\u00e7 i\u00e7in bizimle ileti\u015fime ge\u00e7in.<\/li>\n<\/ul>\n<\/td>\n<\/tr>\n<tr id=\"attApplicationRange\" class=\"kh-bwvum6\" style=\"height: 23px;\" data-test-id=\"attribute-row\">\n<th class=\"kh-10oizfy\" style=\"width: 23.4341%; height: 23px;\">Uygulama aral\u0131\u011f\u0131<\/th>\n<td class=\"kh-1f5nhat\" style=\"width: 76.3499%; height: 23px;\">\n<div class=\"kh-pkx4zo\">Bi\u00e7me makineleri<\/div>\n<\/td>\n<\/tr>\n<tr id=\"attConsistsOf\" class=\"kh-bwvum6\" style=\"height: 75px;\" data-test-id=\"attribute-row\">\n<th class=\"kh-10oizfy\" style=\"width: 23.4341%; height: 75px;\">\u015eunlardan olu\u015fur:<\/th>\n<td class=\"kh-1f5nhat\" style=\"width: 76.3499%; height: 75px;\">\n<ul>\n<li class=\"kh-16zd49f\">Vites kutusu<\/li>\n<li class=\"kh-16zd49f\">Ya\u011fs\u0131z<\/li>\n<\/ul>\n<\/td>\n<\/tr>\n<tr id=\"taContainsOil\" class=\"kh-bwvum6\" style=\"height: 23px;\" data-test-id=\"attribute-row\">\n<th class=\"kh-10oizfy\" style=\"width: 23.4341%; height: 23px;\">Ya\u011f i\u00e7erir<\/th>\n<td class=\"kh-1f5nhat\" style=\"width: 76.3499%; height: 23px;\">\n<div class=\"kh-pkx4zo\">HAYIR<\/div>\n<\/td>\n<\/tr>\n<tr id=\"taMaxOilCapacityL\" class=\"kh-bwvum6\" style=\"height: 23px;\" data-test-id=\"attribute-row\">\n<th class=\"kh-10oizfy\" style=\"width: 23.4341%; height: 23px;\">Maksimum ya\u011f kapasitesi<\/th>\n<td class=\"kh-1f5nhat\" style=\"width: 76.3499%; height: 23px;\">\n<div class=\"kh-pkx4zo\">0,8 litre<\/div>\n<\/td>\n<\/tr>\n<tr id=\"taMaxOilChangeIntervalH\" class=\"kh-bwvum6\" style=\"height: 23px;\" data-test-id=\"attribute-row\">\n<th class=\"kh-10oizfy\" style=\"width: 23.4341%; height: 23px;\">Maksimum ya\u011f de\u011fi\u015fim aral\u0131\u011f\u0131<\/th>\n<td class=\"kh-1f5nhat\" style=\"width: 76.3499%; height: 23px;\">\n<div class=\"kh-pkx4zo\">500 saat<\/div>\n<\/td>\n<\/tr>\n<tr id=\"taOilSAEViscosityGrade\" class=\"kh-bwvum6\" style=\"height: 23px;\" data-test-id=\"attribute-row\">\n<th class=\"kh-10oizfy\" style=\"width: 23.4341%; height: 23px;\">Ya\u011f SAE viskozite derecesi<\/th>\n<td class=\"kh-1f5nhat\" style=\"width: 76.3499%; height: 23px;\">\n<div class=\"kh-pkx4zo\">80W-90<\/div>\n<\/td>\n<\/tr>\n<tr id=\"taHousingMaterial_16\" class=\"kh-bwvum6\" style=\"height: 23px;\" data-test-id=\"attribute-row\">\n<th class=\"kh-10oizfy\" style=\"width: 23.4341%; height: 23px;\">Konut malzemesi<\/th>\n<td class=\"kh-1f5nhat\" style=\"width: 76.3499%; height: 23px;\">\n<div class=\"kh-pkx4zo\"><a href=\"https:\/\/fmp-components.com\/tr\/cast-iron\/\">D\u00f6kme demir<\/a> GGG40<\/div>\n<\/td>\n<\/tr>\n<tr id=\"taWeightKg_75\" class=\"kh-bwvum6\" style=\"height: 23px;\" data-test-id=\"attribute-row\">\n<th class=\"kh-10oizfy\" style=\"width: 23.4341%; height: 23px;\">A\u011f\u0131rl\u0131k<\/th>\n<td class=\"kh-1f5nhat\" style=\"width: 76.3499%; height: 23px;\">\n<div class=\"kh-pkx4zo\">14 kilo<\/div>\n<\/td>\n<\/tr>\n<tr id=\"taGearArrangementInc\" class=\"kh-bwvum6\" style=\"height: 23px;\" data-test-id=\"attribute-row\">\n<th class=\"kh-10oizfy\" style=\"width: 23.4341%; height: 23px;\">Di\u015fli d\u00fczenlemesi Artan<\/th>\n<td class=\"kh-1f5nhat\" style=\"width: 76.3499%; height: 23px;\">\n<div class=\"kh-pkx4zo\">3<\/div>\n<\/td>\n<\/tr>\n<tr id=\"taInputPowerKwHpInc\" class=\"kh-bwvum6\" style=\"height: 23px;\" data-test-id=\"attribute-row\">\n<th class=\"kh-10oizfy\" style=\"width: 23.4341%; height: 23px;\">Giri\u015f g\u00fcc\u00fc kW \/ HP Artan<\/th>\n<td class=\"kh-1f5nhat\" style=\"width: 76.3499%; height: 23px;\">\n<div class=\"kh-pkx4zo\">14,7 \/ 20 kW\/BG<\/div>\n<\/td>\n<\/tr>\n<tr id=\"taInputShaftIncreasi\" class=\"kh-bwvum6\" style=\"height: 23px;\" data-test-id=\"attribute-row\">\n<th class=\"kh-10oizfy\" style=\"width: 23.4341%; height: 23px;\">Giri\u015f mili Art\u0131yor<\/th>\n<td class=\"kh-1f5nhat\" style=\"width: 76.3499%; height: 23px;\">\n<div class=\"kh-pkx4zo\">X<\/div>\n<\/td>\n<\/tr>\n<tr id=\"taNSOutputTorqueDaNm_1\" class=\"kh-bwvum6\" style=\"height: 23px;\" data-test-id=\"attribute-row\">\n<th class=\"kh-10oizfy\" style=\"width: 23.4341%; height: 23px;\">\u00c7\u0131k\u0131\u015f Torku DaNm Art\u0131yor<\/th>\n<td class=\"kh-1f5nhat\" style=\"width: 76.3499%; height: 23px;\">\n<div class=\"kh-pkx4zo\">8,9 daNm<\/div>\n<\/td>\n<\/tr>\n<tr id=\"taRatioIncreasing\" class=\"kh-bwvum6\" style=\"height: 23px;\" data-test-id=\"attribute-row\">\n<th class=\"kh-10oizfy\" style=\"width: 23.4341%; height: 23px;\">Oran Art\u0131yor<\/th>\n<td class=\"kh-1f5nhat\" style=\"width: 76.3499%; height: 23px;\">\n<div class=\"kh-pkx4zo\">1: 2.83<\/div>\n<\/td>\n<\/tr>\n<tr id=\"taRatioReducing\" class=\"kh-bwvum6\" style=\"height: 23px;\" data-test-id=\"attribute-row\">\n<th class=\"kh-10oizfy\" style=\"width: 23.4341%; height: 23px;\">Oran Azaltma<\/th>\n<td class=\"kh-1f5nhat\" style=\"width: 76.3499%; height: 23px;\">\n<div class=\"kh-pkx4zo\">2.83 : 1<\/div>\n<\/td>\n<\/tr>\n<tr id=\"taShaftX\" class=\"kh-bwvum6\" style=\"height: 23px;\" data-test-id=\"attribute-row\">\n<th class=\"kh-10oizfy\" style=\"width: 23.4341%; height: 23px;\">\u015eaft X<\/th>\n<td class=\"kh-1f5nhat\" style=\"width: 76.3499%; height: 23px;\">\n<div class=\"kh-pkx4zo\">1 3\/8&#8243; (6)<\/div>\n<\/td>\n<\/tr>\n<tr id=\"taShaftZ\" class=\"kh-bwvum6\" style=\"height: 23px;\" data-test-id=\"attribute-row\">\n<th class=\"kh-10oizfy\" style=\"width: 23.4341%; height: 23px;\">\u015eaft Z<\/th>\n<td class=\"kh-1f5nhat\" style=\"width: 76.3499%; height: 23px;\">\n<div class=\"kh-pkx4zo\">33 h7<\/div>\n<\/td>\n<\/tr>\n<\/tbody>\n<\/table>\n<h2>LF-211J D\u00f6ner Bi\u00e7me Makinesi \u015eanz\u0131man\u0131n\u0131n \u00d6zellikleri<\/h2>\n<p>LF-211J, tar\u0131m ve end\u00fcstriyel uygulamalar i\u00e7in tasarlanm\u0131\u015f, d\u00f6ner bi\u00e7me makineleri i\u00e7in g\u00fcvenilir ve verimli g\u00fc\u00e7 aktar\u0131m\u0131 sa\u011flayan y\u00fcksek performansl\u0131 bir d\u00f6ner bi\u00e7me makinesi \u015fanz\u0131man\u0131d\u0131r. Temel \u00f6zellikleri \u015funlard\u0131r:<\/p>\n<ul>\n<li><strong>Di\u015fli Oran\u0131<\/strong>: \u015eanz\u0131man\u0131n di\u015fli oran\u0131 1:2.83't\u00fcr, yani \u00e7\u0131k\u0131\u015f h\u0131z\u0131 giri\u015f h\u0131z\u0131n\u0131n yakla\u015f\u0131k 2.83 kat\u0131d\u0131r.<\/li>\n<li><strong>G\u00fc\u00e7 Kapasitesi<\/strong>: Maksimum 14,7 kW (20 HP) giri\u015f g\u00fcc\u00fcn\u00fc kald\u0131rabilir ve maksimum 8,9 daNm \u00e7\u0131k\u0131\u015f torku sa\u011flar.<\/li>\n<li><strong>Yap\u0131<\/strong>: G\u00f6vde, dayan\u0131kl\u0131l\u0131\u011f\u0131 ve sa\u011flaml\u0131\u011f\u0131yla bilinen GGG40 d\u00f6k\u00fcm demirden \u00fcretilmi\u015ftir, uzun \u00f6m\u00fcrl\u00fcd\u00fcr ve a\u015f\u0131nmaya kar\u015f\u0131 diren\u00e7lidir.<\/li>\n<li><strong>Ya\u011f Kapasitesi ve Bak\u0131m\u0131<\/strong>: \u015eanz\u0131man\u0131n maksimum ya\u011f kapasitesi 0,8 litre olup SAE 80W-90 di\u015fli ya\u011f\u0131 kullan\u0131lmaktad\u0131r. \u0130lk ya\u011f de\u011fi\u015fiminin 50-70 \u00e7al\u0131\u015fma saatinden sonra, ard\u0131ndan her 500-700 \u00e7al\u0131\u015fma saatinde veya y\u0131lda en az bir kez yap\u0131lmas\u0131 \u00f6nerilir.<\/li>\n<li><strong>A\u011f\u0131rl\u0131k<\/strong>: \u00dcnite yakla\u015f\u0131k 14 kg a\u011f\u0131rl\u0131\u011f\u0131nda oldu\u011fundan, ta\u015f\u0131nmas\u0131 ve montaj\u0131 nispeten kolayd\u0131r.<\/li>\n<li><strong>\u015eaft \u00d6zellikleri<\/strong>: Giri\u015f mili, 1 3\/8\u2033 (6 di\u015fli) ba\u011flant\u0131ya uyum sa\u011flayacak \u015fekilde tasarlanm\u0131\u015ft\u0131r, \u00e7\u0131k\u0131\u015f mili ise 33 mm \u00e7ap\u0131ndad\u0131r ve standart d\u00f6ner bi\u00e7me makinesi bile\u015fenleriyle uyumlulu\u011fu garanti alt\u0131na al\u0131r.<\/li>\n<\/ul>\n<p>Bu \u00f6zellikler, LF-211J \u015fanz\u0131man\u0131n\u0131 \u00e7e\u015fitli tar\u0131msal ortamlarda d\u00f6ner bi\u00e7me makinelerinin performans\u0131n\u0131 ve verimlili\u011fini art\u0131rmak i\u00e7in g\u00fcvenilir bir se\u00e7im haline getirir.<\/p>\n<p><img loading=\"lazy\" decoding=\"async\" class=\"alignnone size-full wp-image-1855\" src=\"https:\/\/fmp-components.com\/wp-content\/uploads\/2024\/12\/PTO-Shaft-for-Rotary-Mower-Gearbox-35.webp\" alt=\"D\u00f6ner Bi\u00e7me Makinesi \u015eanz\u0131man\u0131n\u0131n PTO \u015eaft\u0131\" width=\"2200\" height=\"1100\" title=\"\" srcset=\"https:\/\/fmp-components.com\/wp-content\/uploads\/2024\/12\/PTO-Shaft-for-Rotary-Mower-Gearbox-35.webp 2200w, https:\/\/fmp-components.com\/wp-content\/uploads\/2024\/12\/PTO-Shaft-for-Rotary-Mower-Gearbox-35-1280x640.webp 1280w, https:\/\/fmp-components.com\/wp-content\/uploads\/2024\/12\/PTO-Shaft-for-Rotary-Mower-Gearbox-35-980x490.webp 980w, https:\/\/fmp-components.com\/wp-content\/uploads\/2024\/12\/PTO-Shaft-for-Rotary-Mower-Gearbox-35-480x240.webp 480w\" sizes=\"(min-width: 0px) and (max-width: 480px) 480px, (min-width: 481px) and (max-width: 980px) 980px, (min-width: 981px) and (max-width: 1280px) 1280px, (min-width: 1281px) 2200px, 100vw\" \/><\/p>\n<h3>D\u00f6ner Bi\u00e7me Makinesinin Di\u015fli Kutusu Nas\u0131l \u00c7\u0131kar\u0131l\u0131r<\/h3>\n<p>D\u00f6ner bi\u00e7me makinesinin \u015fanz\u0131man\u0131n\u0131 s\u00f6kmek, dikkatli ve sistematik bir \u015fekilde yap\u0131l\u0131rsa basit bir i\u015flemdir. G\u00fcvenlik ve verimlili\u011fi sa\u011flamak i\u00e7in a\u015fa\u011f\u0131daki ad\u0131mlar\u0131 izleyin:<\/p>\n<h4>1. G\u00fc\u00e7 Kayna\u011f\u0131n\u0131 Kesin<\/h4>\n<p>Ba\u015flamadan \u00f6nce, herhangi bir kazara \u00e7al\u0131\u015fmay\u0131 \u00f6nlemek i\u00e7in \u00e7im bi\u00e7me makinesinin g\u00fc\u00e7 kayna\u011f\u0131n\u0131 kesin. Bu, motoru kapatmak, g\u00fc\u00e7 kablosunu \u00e7\u0131karmak veya ak\u00fcy\u00fc \u00e7\u0131karmak anlam\u0131na gelebilir.<\/p>\n<h4>2. Kesme B\u0131\u00e7aklar\u0131n\u0131 \u00c7\u0131kar\u0131n<\/h4>\n<p>\u015eanz\u0131mana eri\u015fmek i\u00e7in bi\u00e7me makinesinin g\u00f6vdesinden kesme b\u0131\u00e7aklar\u0131n\u0131 ay\u0131r\u0131n. Bi\u00e7me makinesinin sabit oldu\u011fundan emin olun ve b\u0131\u00e7aklar\u0131 g\u00fcvenli bir \u015fekilde \u00e7\u0131karmak i\u00e7in uygun aletleri kullan\u0131n.<\/p>\n<h4>3. \u015eanz\u0131man Montaj C\u0131vatalar\u0131n\u0131 Gev\u015fetin<\/h4>\n<p>\u015eanz\u0131man\u0131 bi\u00e7me makinesinin g\u00f6vdesine sabitleyen montaj c\u0131vatalar\u0131n\u0131 belirleyin. Bir anahtar veya lokma kullanarak bu c\u0131vatalar\u0131 gev\u015fetin ve \u00e7\u0131kar\u0131n.<\/p>\n<h4>4. Giri\u015f ve \u00c7\u0131k\u0131\u015f \u015eaftlar\u0131n\u0131 \u00c7\u0131kar\u0131n<\/h4>\n<p>\u015eanz\u0131mana ba\u011fl\u0131 giri\u015f ve \u00e7\u0131k\u0131\u015f millerini ay\u0131r\u0131n. Kaplinleri, pimleri veya di\u011fer ba\u011flant\u0131lar\u0131 \u00e7\u0131karman\u0131z gerekebilir. Daha kolay yeniden montaj i\u00e7in millerin nas\u0131l ba\u011fland\u0131\u011f\u0131na dikkat edin.<\/p>\n<h4>5. \u015eanz\u0131man\u0131 G\u00fcverteden \u00c7\u0131kar\u0131n<\/h4>\n<p>\u015eanz\u0131man\u0131 \u00e7im bi\u00e7me makinesinin g\u00f6vdesinden dikkatlice kald\u0131r\u0131n. \u015eanz\u0131man\u0131n boyutuna ve a\u011f\u0131rl\u0131\u011f\u0131na ba\u011fl\u0131 olarak, g\u00fcvenli kullan\u0131m i\u00e7in ba\u015fka bir ki\u015finin yard\u0131m\u0131 gerekebilir.<\/p>\n<h4>6. \u015eanz\u0131man\u0131 inceleyin<\/h4>\n<p>\u015eanz\u0131manda a\u015f\u0131nm\u0131\u015f di\u015fliler, hasarl\u0131 contalar veya ar\u0131zal\u0131 rulmanlar gibi a\u015f\u0131nma veya hasar belirtileri olup olmad\u0131\u011f\u0131n\u0131 kontrol edin. Bu ad\u0131m, \u015fanz\u0131man\u0131n onar\u0131labilir olup olmad\u0131\u011f\u0131n\u0131 veya de\u011fi\u015ftirilmesi gerekip gerekmedi\u011fini belirlemek i\u00e7in \u00e7ok \u00f6nemlidir.<\/p>\n<h4>7. \u015eanz\u0131man\u0131 Onar\u0131n veya De\u011fi\u015ftirin<\/h4>\n<p>\u015eanz\u0131manda hasar varsa, onar\u0131m veya de\u011fi\u015ftirme i\u00e7in \u00fcreticinin talimatlar\u0131n\u0131 izleyin. Yeniden takmadan \u00f6nce t\u00fcm bile\u015fenlerin d\u00fczg\u00fcn \u00e7al\u0131\u015f\u0131r durumda oldu\u011fundan emin olun.<\/p>\n<h4>8. \u015eanz\u0131man\u0131 yeniden tak\u0131n<\/h4>\n<p>Yeniden y\u00fcklemek i\u00e7in, \u00e7\u0131karma ad\u0131mlar\u0131n\u0131 tersten izleyin:<\/p>\n<ul>\n<li>\u015eanz\u0131man\u0131 bi\u00e7me makinesinin tablas\u0131na yerle\u015ftirin.<\/li>\n<li>Montaj c\u0131vatalar\u0131n\u0131 sabitleyin ve \u00fcreticinin \u00f6nerdi\u011fi tork de\u011ferlerine g\u00f6re s\u0131k\u0131n.<\/li>\n<li>Giri\u015f ve \u00e7\u0131k\u0131\u015f millerini yeniden ba\u011flay\u0131n ve t\u00fcm ba\u011flant\u0131lar\u0131n ve ba\u011flant\u0131lar\u0131n d\u00fczg\u00fcn hizaland\u0131\u011f\u0131ndan emin olun.<\/li>\n<li>Kesici b\u0131\u00e7aklar\u0131 g\u00fcvenli bir \u015fekilde yeniden tak\u0131n.<\/li>\n<\/ul>\n<h4>9. Bi\u00e7me Makinesini Test Edin<\/h4>\n<p>Yeniden takt\u0131ktan sonra, \u015fanz\u0131man\u0131n d\u00fczg\u00fcn \u00e7al\u0131\u015ft\u0131\u011f\u0131ndan ve ola\u011fand\u0131\u015f\u0131 ses veya titre\u015fim olmad\u0131\u011f\u0131ndan emin olmak i\u00e7in bi\u00e7me makinesini test edin.<\/p>\n<h3>G\u00fcvenlik \u0130pu\u00e7lar\u0131<\/h3>\n<ul>\n<li>\u0130\u015flem s\u0131ras\u0131nda mutlaka koruyucu eldiven ve g\u00fcvenlik g\u00f6zl\u00fc\u011f\u00fc tak\u0131n.<\/li>\n<li>Bi\u00e7me makinesinin devrilmesini \u00f6nlemek i\u00e7in sabit destekler kullan\u0131n.<\/li>\n<li>Uyumluluk ve g\u00fcvenli\u011fi sa\u011flamak i\u00e7in bi\u00e7me makinenizin kullan\u0131m k\u0131lavuzundaki \u00f6zel talimatlar\u0131 izleyin.<\/li>\n<\/ul>\n<p>Bu ad\u0131mlar\u0131 dikkatlice takip ederek ve g\u00fcvenlik \u00f6nlemlerine uyarak, d\u00f6ner bi\u00e7me makinesinin di\u015fli kutusunu gerekti\u011fi gibi ba\u015far\u0131yla \u00e7\u0131karabilir, inceleyebilir, de\u011fi\u015ftirebilir veya onarabilirsiniz.<\/p>\n<p><img loading=\"lazy\" decoding=\"async\" class=\"alignnone size-full wp-image-1857\" src=\"https:\/\/fmp-components.com\/wp-content\/uploads\/2024\/12\/Rotary-Mower-Gearbox1.webp\" alt=\"D\u00f6ner Bi\u00e7me Makinesi \u015eanz\u0131man\u0131\" width=\"1275\" height=\"428\" title=\"\" srcset=\"https:\/\/fmp-components.com\/wp-content\/uploads\/2024\/12\/Rotary-Mower-Gearbox1.webp 1275w, https:\/\/fmp-components.com\/wp-content\/uploads\/2024\/12\/Rotary-Mower-Gearbox1-980x329.webp 980w, https:\/\/fmp-components.com\/wp-content\/uploads\/2024\/12\/Rotary-Mower-Gearbox1-480x161.webp 480w\" sizes=\"(min-width: 0px) and (max-width: 480px) 480px, (min-width: 481px) and (max-width: 980px) 980px, (min-width: 981px) 1275px, 100vw\" \/><\/p>\n<h3>FMP Hakk\u0131nda<\/h3>\n<p>FMP, \u00e7e\u015fitli di\u015fli kutular\u0131, red\u00fckt\u00f6rler ve m\u00fchendislik makinelerinin ara\u015ft\u0131rma, geli\u015ftirme ve \u00fcretiminde uzmanla\u015fm\u0131\u015f, \u0130talya merkezli \u00f6nde gelen bir \u015firkettir. \u015eirket ayr\u0131ca, alan\u0131nda inovasyon ve m\u00fckemmelli\u011fi te\u015fvik etmek i\u00e7in teknik yetenekleri geli\u015ftirmeye de kendini adam\u0131\u015ft\u0131r. FMP'nin \u00fcr\u00fcn portf\u00f6y\u00fcnde spiral konik di\u015fli kutular\u0131, d\u00fcz di\u015fli kutular\u0131, <a href=\"https:\/\/fmp-components.com\/tr\/worm-gearbox\/\">sonsuz di\u015fli kutular\u0131<\/a>, silindirik red\u00fckt\u00f6rler, ayr\u0131ca y\u00fcksek bas\u0131n\u00e7l\u0131 d\u00f6k\u00fcm vana g\u00f6vdeleri ve g\u00f6vdeleri.<\/p>\n<h4>Geni\u015f Uygulamalar<\/h4>\n<p>FMP \u00fcr\u00fcnleri a\u015fa\u011f\u0131dakiler de dahil olmak \u00fczere \u00e7e\u015fitli uygulamalarda yayg\u0131n olarak kullan\u0131lmaktad\u0131r:<\/p>\n<ul>\n<li>D\u00f6ner bi\u00e7me makineleri, kar temizleme makineleri, g\u00fcbre serpme makineleri ve tah\u0131l konvey\u00f6rleri gibi tar\u0131m makineleri.<\/li>\n<li>End\u00fcstriyel ekipmanlar, petrol \u00e7\u0131karma makineleri, deniz end\u00fcstriyel cihazlar\u0131 ve m\u00fchendislik projeleri i\u00e7in hidrolik bile\u015fenler.<\/li>\n<\/ul>\n<h4>\u0130leri \u00dcretim ve Teknoloji<\/h4>\n<p>FMP, modern end\u00fcstrilerin taleplerini kar\u015f\u0131layan g\u00fcvenilir ve y\u00fcksek kaliteli \u00fcr\u00fcnler sa\u011flayan g\u00fc\u00e7l\u00fc teknik ve Ar-Ge kabiliyetleriyle gurur duymaktad\u0131r. \u015eirket, a\u015fa\u011f\u0131dakileri i\u00e7eren titiz ve sofistike bir \u00fcretim s\u00fcreci benimsemektedir:<\/p>\n<ol>\n<li><strong>\u00dcr\u00fcn Tasar\u0131m\u0131<\/strong>:M\u00fc\u015fteri ihtiya\u00e7lar\u0131na uygun \u00f6zelle\u015ftirilmi\u015f \u00f6zellikler, malzemeler ve boyutlar geli\u015ftirmek.<\/li>\n<li><strong>Malzeme Haz\u0131rl\u0131\u011f\u0131<\/strong>:D\u00f6kme demir veya al\u00fcminyum ala\u015f\u0131mlar\u0131 gibi birinci s\u0131n\u0131f malzemeler kullan\u0131larak.<\/li>\n<li><strong>Hassas \u0130\u015fleme<\/strong>:Di\u015fliler ve g\u00f6vdeler gibi temel bile\u015fenleri \u00fcretmek i\u00e7in geli\u015fmi\u015f tornalama, frezeleme ve di\u011fer i\u015fleme tekniklerini kullanma.<\/li>\n<li><strong>Toplant\u0131<\/strong>: Di\u015flilerin, yataklar\u0131n ve millerin hassas hizalama, kalibrasyon ve uygun ya\u011flama ile g\u00f6vdeye montaj\u0131.<\/li>\n<li><strong>\u0130\u015flem \u0130\u015flemi<\/strong>: Mukavemet ve a\u015f\u0131nma direncini artt\u0131rmak i\u00e7in \u0131s\u0131l i\u015flem yap\u0131lmas\u0131.<\/li>\n<li><strong>Y\u00fczey \u0130\u015flem<\/strong>: G\u00f6r\u00fcn\u00fcm\u00fc ve korozyon direncini art\u0131rmak i\u00e7in cilalama, toz boya ve di\u011fer y\u00fczey i\u015flemlerinin uygulanmas\u0131.<\/li>\n<li><strong>Kalite Kontrol<\/strong>: Stabiliteyi, g\u00fcvenli\u011fi ve tutarl\u0131 kaliteyi sa\u011flamak i\u00e7in boyutlar, do\u011fruluk, g\u00fcr\u00fclt\u00fc ve titre\u015fim a\u00e7\u0131s\u0131ndan s\u0131k\u0131 denetimler ve testler uygulamak.<\/li>\n<\/ol>\n<h4>Sekt\u00f6r \u0130tibar\u0131<\/h4>\n<p>FMP'nin kaliteye, inovasyona ve m\u00fc\u015fteri memnuniyetine olan ba\u011fl\u0131l\u0131\u011f\u0131, ona imalat sekt\u00f6r\u00fcnde se\u00e7kin bir itibar kazand\u0131rm\u0131\u015ft\u0131r. \u015eirket, g\u00fcvenilirli\u011fi, i\u015f\u00e7ili\u011fi ve m\u00fckemmelli\u011fi vurgulayan benzersiz bir i\u015f felsefesine ba\u011fl\u0131 kalmaktad\u0131r.<\/p>\n<p>D\u00fcnya \u00e7ap\u0131ndaki m\u00fc\u015fterilerimizden ve i\u015f ortaklar\u0131m\u0131zdan gelen talepleri ve i\u015f birli\u011fi f\u0131rsatlar\u0131n\u0131 memnuniyetle kar\u015f\u0131l\u0131yoruz. \u00dcr\u00fcn ve hizmetlerimiz hakk\u0131nda daha fazla bilgi edinmek i\u00e7in l\u00fctfen telefon veya e-posta yoluyla bizimle ileti\u015fime ge\u00e7mekten \u00e7ekinmeyin.<\/p>\n<p><img loading=\"lazy\" decoding=\"async\" class=\"alignnone size-full wp-image-1861\" src=\"https:\/\/fmp-components.com\/wp-content\/uploads\/2024\/12\/Other-Agricultural-Gearboxes.webp\" alt=\"Di\u011fer Tar\u0131msal \u015eanz\u0131manlar\" width=\"1200\" height=\"1400\" title=\"\" srcset=\"https:\/\/fmp-components.com\/wp-content\/uploads\/2024\/12\/Other-Agricultural-Gearboxes.webp 1200w, https:\/\/fmp-components.com\/wp-content\/uploads\/2024\/12\/Other-Agricultural-Gearboxes-980x1143.webp 980w, https:\/\/fmp-components.com\/wp-content\/uploads\/2024\/12\/Other-Agricultural-Gearboxes-480x560.webp 480w\" sizes=\"(min-width: 0px) and (max-width: 480px) 480px, (min-width: 481px) and (max-width: 980px) 980px, (min-width: 981px) 1200px, 100vw\" \/><\/p>\n<p>Yazar: CX<\/p>","protected":false},"excerpt":{"rendered":"<p>Product Specification Product Description Rotary Mower Gearboxes &#8211; Replacement of Comer Gearbox LF-211J Product details All gearboxes are supplied without oil. First, the oil change after 50-70 operating hours, then after 500-700 operating hours or at least once a year. Contact us for power at a different RPM. Application range Mowers Consists of Gearbox Without [&hellip;]<\/p>","protected":false},"featured_media":1858,"comment_status":"open","ping_status":"closed","template":"","meta":{"_et_pb_use_builder":"","_et_pb_old_content":"","_et_gb_content_width":""},"product_brand":[],"product_cat":[51],"product_tag":[],"class_list":{"0":"post-1853","1":"product","2":"type-product","3":"status-publish","4":"has-post-thumbnail","6":"product_cat-rotary-mower-gearbox","8":"first","9":"instock","10":"shipping-taxable","11":"product-type-simple"},"_links":{"self":[{"href":"https:\/\/fmp-components.com\/tr\/wp-json\/wp\/v2\/product\/1853","targetHints":{"allow":["GET"]}}],"collection":[{"href":"https:\/\/fmp-components.com\/tr\/wp-json\/wp\/v2\/product"}],"about":[{"href":"https:\/\/fmp-components.com\/tr\/wp-json\/wp\/v2\/types\/product"}],"replies":[{"embeddable":true,"href":"https:\/\/fmp-components.com\/tr\/wp-json\/wp\/v2\/comments?post=1853"}],"wp:featuredmedia":[{"embeddable":true,"href":"https:\/\/fmp-components.com\/tr\/wp-json\/wp\/v2\/media\/1858"}],"wp:attachment":[{"href":"https:\/\/fmp-components.com\/tr\/wp-json\/wp\/v2\/media?parent=1853"}],"wp:term":[{"taxonomy":"product_brand","embeddable":true,"href":"https:\/\/fmp-components.com\/tr\/wp-json\/wp\/v2\/product_brand?post=1853"},{"taxonomy":"product_cat","embeddable":true,"href":"https:\/\/fmp-components.com\/tr\/wp-json\/wp\/v2\/product_cat?post=1853"},{"taxonomy":"product_tag","embeddable":true,"href":"https:\/\/fmp-components.com\/tr\/wp-json\/wp\/v2\/product_tag?post=1853"}],"curies":[{"name":"wp","href":"https:\/\/api.w.org\/{rel}","templated":true}]}}