{"id":1845,"date":"2024-12-24T06:38:50","date_gmt":"2024-12-24T06:38:50","guid":{"rendered":"https:\/\/fmp-components.com\/?page_id=8"},"modified":"2024-12-24T06:52:40","modified_gmt":"2024-12-24T06:52:40","slug":"post-hole-digger-gearbox-replacement-of-comer-code-t-22f","status":"publish","type":"product","link":"https:\/\/fmp-components.com\/tr\/product\/post-hole-digger-gearbox-replacement-of-comer-code-t-22f\/","title":{"rendered":"Direk \u00c7ukuru Kaz\u0131c\u0131 \u015eanz\u0131man \u2013 K\u00f6\u015fe Kodu T-22F'nin De\u011fi\u015ftirilmesi"},"content":{"rendered":"<p>Comer Code T-22F'nin yerine \u00f6zel olarak tasarlanm\u0131\u015f Direk \u00c7ukuru Kaz\u0131c\u0131 \u015eanz\u0131man\u0131m\u0131z. Bu y\u00fcksek performansl\u0131 \u015fanz\u0131man, \u00e7e\u015fitli delme uygulamalar\u0131n\u0131n gereksinimlerini kar\u015f\u0131layacak \u015fekilde tasarlanm\u0131\u015f olup verimlilik ve g\u00fcvenilirlik sa\u011flar.<\/p>\n<h3>Temel \u00d6zellikler:<\/h3>\n<ul>\n<li><strong>Y\u00fcksek Tork Yetene\u011fi<\/strong>: Bu \u015fanz\u0131man, y\u00fcksek tork \u00e7\u0131k\u0131\u015flar\u0131n\u0131 idare edecek \u015fekilde tasarlanm\u0131\u015ft\u0131r ve zorlu toprak ko\u015fullar\u0131nda optimum delme performans\u0131 i\u00e7in g\u00fcc\u00fc trakt\u00f6rden burguya etkili bir \u015fekilde aktar\u0131r.<\/li>\n<li><strong>Dayan\u0131kl\u0131 Yap\u0131<\/strong>: Birinci s\u0131n\u0131f malzemelerden \u00fcretilen \u015fanz\u0131man\u0131m\u0131z, ola\u011fan\u00fcst\u00fc dayan\u0131kl\u0131l\u0131k ve a\u015f\u0131nma direnci sunarak, zorlu kullan\u0131m ko\u015fullar\u0131nda bile uzun bir kullan\u0131m \u00f6mr\u00fc sa\u011flar.<\/li>\n<li><strong>Hassas M\u00fchendislik<\/strong>:Her \u00fcnite, enerji kayb\u0131n\u0131 en aza indirerek ve genel verimlili\u011fi art\u0131rarak, sorunsuz \u00e7al\u0131\u015fma ve hassas performans garanti etmek i\u00e7in titizlikle i\u015flenmi\u015ftir.<\/li>\n<li><strong>Kompakt Tasar\u0131m<\/strong>: Kompakt boyutu kolay kurulum ve \u00e7e\u015fitli kaz\u0131k deli\u011fi kaz\u0131c\u0131 kurulumlar\u0131yla uyumluluk sa\u011flayarak farkl\u0131 uygulamalar i\u00e7in \u00e7ok y\u00f6nl\u00fc bir se\u00e7imdir.<\/li>\n<li><strong>\u00c7ok Y\u00f6nl\u00fc Uyumluluk<\/strong>:Bir dizi trakt\u00f6r ve kaz\u0131 aletine uyacak \u015fekilde tasarlanan bu \u015fanz\u0131man, tar\u0131m, peyzaj ve in\u015faat projeleri i\u00e7in uygundur.<\/li>\n<li><strong>Etkili S\u0131zd\u0131rmazl\u0131k Sistemi<\/strong>: Entegre contalar, di\u015fli kutusuna kir ve nemin girmesini \u00f6nleyerek ya\u011flamay\u0131 korur ve i\u00e7 bile\u015fenlerin \u00f6mr\u00fcn\u00fc uzat\u0131r.<\/li>\n<li><strong>D\u00fc\u015f\u00fck Bak\u0131m Gereksinimleri<\/strong>Dayan\u0131kl\u0131l\u0131k i\u00e7in tasarlanan bu \u015fanz\u0131man, minimum bak\u0131m gerektirir ve kullan\u0131c\u0131lar\u0131n s\u0131k s\u0131k kesintiye u\u011framadan i\u015flerine odaklanmalar\u0131n\u0131 sa\u011flar.<\/li>\n<\/ul>\n<p>Comer Code T-22F'nin yerine kullan\u0131lmak \u00fczere tasarlanan Direk Deli\u011fi Kaz\u0131c\u0131 \u015eanz\u0131man\u0131m\u0131z, sa\u011flam yap\u0131s\u0131yla hassas m\u00fchendisli\u011fi bir araya getirerek t\u00fcm delme ihtiya\u00e7lar\u0131n\u0131z i\u00e7in m\u00fckemmel bir \u00e7\u00f6z\u00fcm sunar. Daha fazla bilgi edinmek veya sipari\u015f vermek i\u00e7in l\u00fctfen bug\u00fcn bizimle ileti\u015fime ge\u00e7in!<\/p>\n<h2>\u00dcr\u00fcn \u00d6zellikleri:<\/h2>\n<table style=\"width: 100%;\" border=\"1\" width=\"100%\" cellspacing=\"0\" cellpadding=\"0\">\n<tbody>\n<tr>\n<th>Tan\u0131m<\/th>\n<td>Direk \u00c7ukuru Kaz\u0131c\u0131 \u015eanz\u0131man \u2013 Comer Code T-22F H\u0131z D\u00fc\u015f\u00fcr\u00fcc\u00fcn\u00fcn De\u011fi\u015ftirilmesi<\/td>\n<\/tr>\n<tr>\n<th>Ba\u015fvuru<\/th>\n<td>\u00c7e\u015fitli (tar\u0131msal) uygulamalar, \u00c7ok s\u0131ral\u0131 d\u00f6ner frezeler, Delik delme makinesi<\/td>\n<\/tr>\n<tr>\n<th>\u015eunlardan olu\u015fur:<\/th>\n<td>Vites kutusu<\/td>\n<\/tr>\n<tr>\n<th>Ya\u011fs\u0131z<\/th>\n<td>Teknik Bilgiler<\/td>\n<\/tr>\n<tr>\n<th>Ya\u011f \u0130\u00e7erir<\/th>\n<td>HAYIR<\/td>\n<\/tr>\n<tr>\n<th>Kapasite ve Ya\u011f Tipi<\/th>\n<td>3.3 GL-5 80W-90 l<\/td>\n<\/tr>\n<tr>\n<th>Vites D\u00fczenlemesi Art\u0131yor<\/th>\n<td>23 &#8211; 24<\/td>\n<\/tr>\n<tr>\n<th>Di\u015fli D\u00fczenlemesi Azaltma<\/th>\n<td>3 &#8211; 4<\/td>\n<\/tr>\n<tr>\n<th>Giri\u015f G\u00fcc\u00fc kW \/ HP Artan<\/th>\n<td>72,1 \/ 98 kW\/BG<\/td>\n<\/tr>\n<tr>\n<th>Giri\u015f<\/th>\n<td>540 dev\/dak<\/td>\n<\/tr>\n<tr>\n<th>Giri\u015f Mili Artt\u0131r\u0131l\u0131yor<\/th>\n<td>Y<\/td>\n<\/tr>\n<tr>\n<th>Giri\u015f Mili Azaltma<\/th>\n<td>Z<\/td>\n<\/tr>\n<tr>\n<th>Malzeme Muhafazas\u0131<\/th>\n<td>D\u00f6kme demir GG25<\/td>\n<\/tr>\n<tr>\n<th>Giri\u015f G\u00fcc\u00fc KW \/ HP Azaltma<\/th>\n<td>60,4 \/ 82 kW\/BG<\/td>\n<\/tr>\n<tr>\n<th>\u00c7\u0131k\u0131\u015f Torku DaNm<\/th>\n<td>199,5 daNm<\/td>\n<\/tr>\n<tr>\n<th>\u00c7\u0131k\u0131\u015f Torku DaNm Art\u0131yor<\/th>\n<td>64 daNm<\/td>\n<\/tr>\n<tr>\n<th>Ya\u011f De\u011fi\u015fim Aral\u0131\u011f\u0131<\/th>\n<td>500 saat<\/td>\n<\/tr>\n<tr>\n<th>Oran Art\u0131yor<\/th>\n<td>1 : 1.93<\/td>\n<\/tr>\n<tr>\n<th>Oran Azaltma<\/th>\n<td>1.93 : 1<\/td>\n<\/tr>\n<tr>\n<th>Mil Y<\/th>\n<td>1 3\/8\u2033 (6) (B)<\/td>\n<\/tr>\n<tr>\n<th>\u015eaft Z<\/th>\n<td>1 3\/8\u2033 (6) (D)<\/td>\n<\/tr>\n<tr>\n<th>A\u011f\u0131rl\u0131k<\/th>\n<td>29 kilo<\/td>\n<\/tr>\n<\/tbody>\n<\/table>\n<h2>FMP Hakk\u0131nda<\/h2>\n<p>Merkezi \u0130talya'da bulunan FMP, \u00e7ok \u00e7e\u015fitli red\u00fckt\u00f6r, red\u00fckt\u00f6r ve m\u00fchendislik makinelerinin ara\u015ft\u0131rma, geli\u015ftirme ve \u00fcretiminde lider bir yenilik\u00e7idir. M\u00fckemmellik ve inovasyona olan ba\u011fl\u0131l\u0131\u011f\u0131m\u0131z, a\u015fa\u011f\u0131dakileri i\u00e7eren kapsaml\u0131 bir \u00fcr\u00fcn yelpazesi olu\u015fturmam\u0131z\u0131 sa\u011flam\u0131\u015ft\u0131r:<\/p>\n<ul>\n<li><strong>Spiral Konik Red\u00fckt\u00f6rler<\/strong><\/li>\n<li><strong>D\u00fcz \u015eanz\u0131manlar<\/strong><\/li>\n<li><strong>Sonsuz Di\u015fli Kutular\u0131<\/strong><\/li>\n<li><strong>Silindirik Red\u00fckt\u00f6rler<\/strong><\/li>\n<li><strong>Y\u00fcksek Bas\u0131n\u00e7l\u0131 D\u00f6k\u00fcm Vana G\u00f6vdeleri ve Muhafazalar\u0131<\/strong><\/li>\n<\/ul>\n<p>\u00dcr\u00fcnlerimiz, tar\u0131m, in\u015faat ve denizcilik gibi bir\u00e7ok sekt\u00f6rdeki \u00e7e\u015fitli uygulamalar i\u00e7in tasarlanm\u0131\u015ft\u0131r. Tar\u0131msal bi\u00e7me makinelerinde, kar k\u00fcreme makinelerinde, g\u00fcbre serpme makinelerinde, tah\u0131l konvey\u00f6rlerinde, end\u00fcstriyel makinelerde, petrol \u00e7\u0131karma ekipmanlar\u0131nda ve hidrolik sistemlerde yayg\u0131n olarak kullan\u0131l\u0131rlar.<\/p>\n<p>FMP olarak, g\u00fc\u00e7l\u00fc teknik uzmanl\u0131\u011f\u0131m\u0131z ve ara\u015ft\u0131rma yeteneklerimizle gurur duyuyoruz. G\u00fcvenilir ve y\u00fcksek kaliteli \u00fcr\u00fcnler \u00fcretme taahh\u00fcd\u00fcm\u00fcz, bizi imalat sekt\u00f6r\u00fcnde g\u00fcvenilir bir isim haline getirmi\u015ftir. Yenilik\u00e7ili\u011fi, kaliteyi ve m\u00fc\u015fteri memnuniyetini \u00f6n planda tutan \u00f6zg\u00fcn bir i\u015f felsefesini benimsiyor, b\u00f6ylece m\u00fc\u015fterilerimizin de\u011fi\u015fen ihtiya\u00e7lar\u0131na etkili bir \u015fekilde yan\u0131t verebiliyoruz.<\/p>\n<p><img loading=\"lazy\" decoding=\"async\" class=\"alignnone wp-image-1840\" src=\"https:\/\/fmp-components.com\/wp-content\/uploads\/2024\/12\/Post-Hole-Digger-Gearbox-6.webp\" alt=\"Direk-Delik-Kaz\u0131c\u0131-Di\u015fli Kutusu\" width=\"884\" height=\"582\" title=\"\" srcset=\"https:\/\/fmp-components.com\/wp-content\/uploads\/2024\/12\/Post-Hole-Digger-Gearbox-6.webp 884w, https:\/\/fmp-components.com\/wp-content\/uploads\/2024\/12\/Post-Hole-Digger-Gearbox-6-480x316.webp 480w\" sizes=\"(min-width: 0px) and (max-width: 480px) 480px, (min-width: 481px) 884px, 100vw\" \/><\/p>\n<h3>Tar\u0131msal Red\u00fckt\u00f6rlerin \u00dcretim S\u00fcreci<\/h3>\n<p>Tar\u0131msal di\u015fli kutular\u0131n\u0131n \u00fcretimi, her biri en y\u00fcksek kalite ve performans\u0131 sa\u011flamay\u0131 ama\u00e7layan birka\u00e7 temel ad\u0131m\u0131 kapsayan ayr\u0131nt\u0131l\u0131 bir s\u00fcre\u00e7tir:<\/p>\n<p><strong>\u00dcr\u00fcn Tasar\u0131m\u0131<\/strong><br \/>\n\u0130lk a\u015famada, spesifik uygulama ihtiya\u00e7lar\u0131na g\u00f6re spesifikasyonlar\u0131 tan\u0131mlamaya, malzemeleri se\u00e7meye ve boyutlar\u0131 belirlemeye odaklan\u0131yoruz. Tasar\u0131m ekibimiz, m\u00fc\u015fterilerimizin ihtiya\u00e7lar\u0131n\u0131 anlamak ve en son teknolojik geli\u015fmeleri entegre etmek i\u00e7in m\u00fc\u015fterilerimizle yak\u0131n i\u015f birli\u011fi i\u00e7inde \u00e7al\u0131\u015f\u0131r.<\/p>\n<p><strong>Hammadde Haz\u0131rl\u0131\u011f\u0131<\/strong><br \/>\nBa\u015fta d\u00f6kme demir ve al\u00fcminyum ala\u015f\u0131m\u0131 olmak \u00fczere temel malzemeleri titizlikle tedarik ediyor ve s\u0131k\u0131 kalite standartlar\u0131m\u0131z\u0131 kar\u015f\u0131lad\u0131klar\u0131ndan emin oluyoruz. \u00dcr\u00fcnlerimizde optimum performans\u0131 garantilemek i\u00e7in her parti kapsaml\u0131 bir denetimden ge\u00e7iyor.<\/p>\n<p><strong>Hassas \u0130\u015fleme<\/strong><br \/>\nHammaddeler, ola\u011fan\u00fcst\u00fc hassasiyette di\u015fliler, miller ve g\u00f6vdeler olu\u015fturmak i\u00e7in tornalama ve frezeleme gibi hassas i\u015fleme operasyonlar\u0131na tabi tutulur. Geli\u015fmi\u015f makinelerimiz ve uzman teknisyenlerimiz, her bir bile\u015fenin en y\u00fcksek standartlarda \u00fcretilmesini sa\u011flar.<\/p>\n<p><strong>Toplant\u0131<\/strong><br \/>\nMontaj a\u015famas\u0131nda, di\u015fliler, yataklar ve miller gibi bile\u015fenler g\u00f6vde i\u00e7erisinde dikkatlice monte edilir. Bu s\u00fcre\u00e7, titiz hassas kontroller ve kalibrasyonlar\u0131n yan\u0131 s\u0131ra, sorunsuz ve verimli bir \u00e7al\u0131\u015fma sa\u011flamak i\u00e7in uygun ya\u011flay\u0131c\u0131lar\u0131n uygulanmas\u0131n\u0131 i\u00e7erir.<\/p>\n<p><strong>\u0130\u015flem \u0130\u015flemi<\/strong><br \/>\nMukavemet ve a\u015f\u0131nma direncini art\u0131rmak i\u00e7in red\u00fckt\u00f6rlerimiz ileri \u0131s\u0131l i\u015flem s\u00fcre\u00e7lerinden ge\u00e7er. Bu kritik ad\u0131m, \u00fcr\u00fcnlerimizin zorlu uygulamalar\u0131n taleplerine dayanabilmesini sa\u011flar.<\/p>\n<p><strong>Y\u00fczey \u0130\u015flem<\/strong><br \/>\n\u015eanz\u0131manlar\u0131m\u0131z\u0131n hem estetik g\u00f6r\u00fcn\u00fcm\u00fcn\u00fc hem de korozyon direncini art\u0131rmak i\u00e7in parlatma ve toz boya gibi y\u00fczey i\u015flemleri uyguluyoruz. Bu i\u015flemler sadece dayan\u0131kl\u0131l\u0131\u011f\u0131 art\u0131rmakla kalm\u0131yor, ayn\u0131 zamanda \u00fcr\u00fcnlerimizin \u00e7e\u015fitli ortamlardaki kullan\u0131m \u00f6mr\u00fcn\u00fc de uzat\u0131yor.<\/p>\n<p><strong>Kalite Kontrol<\/strong><br \/>\n\u00dcretimin her a\u015famas\u0131nda kapsaml\u0131 denetimler ger\u00e7ekle\u015ftirilerek boyutlar, hassasiyet, g\u00fcr\u00fclt\u00fc ve titre\u015fim \u00f6l\u00e7\u00fcmleri yap\u0131l\u0131r. Bu titiz kalite kontrol s\u00fcreci, di\u015fli kutular\u0131m\u0131z\u0131n s\u0131k\u0131 g\u00fcvenlik ve performans standartlar\u0131n\u0131 kar\u015f\u0131lamas\u0131n\u0131 garanti eder.<\/p>\n<p>Genel olarak, FMP'de tar\u0131msal di\u015fli kutusu \u00fcretimi, yetenekli i\u015f\u00e7ilik, ileri \u00fcretim teknolojisi ve kapsaml\u0131 bir kalite kontrol sistemi gerektiren karma\u015f\u0131k bir s\u00fcre\u00e7tir. Titiz yakla\u015f\u0131m\u0131m\u0131z, m\u00fc\u015fterilerimizin bekledi\u011fi y\u00fcksek standartlar\u0131 s\u00fcrekli olarak kar\u015f\u0131layan, ola\u011fan\u00fcst\u00fc performans ve g\u00fcvenilirlik sa\u011flayan di\u015fli kutular\u0131 sunmam\u0131z\u0131 sa\u011flar.<\/p>\n<p>Yazar: CX<\/p>","protected":false},"excerpt":{"rendered":"<p>Our Post Hole Digger Gearbox, specifically designed as a replacement for the Comer Code T-22F. This high-performance gearbox is engineered to meet the demands of various drilling applications, ensuring efficiency and reliability. Key Features: High Torque Capability: This gearbox is built to handle high torque outputs, effectively transferring power from the tractor to the auger [&hellip;]<\/p>","protected":false},"featured_media":1846,"comment_status":"open","ping_status":"closed","template":"","meta":{"_et_pb_use_builder":"","_et_pb_old_content":"","_et_gb_content_width":""},"product_brand":[],"product_cat":[50],"product_tag":[],"class_list":{"0":"post-1845","1":"product","2":"type-product","3":"status-publish","4":"has-post-thumbnail","6":"product_cat-post-hole-digger-gearbox","8":"first","9":"instock","10":"shipping-taxable","11":"product-type-simple"},"_links":{"self":[{"href":"https:\/\/fmp-components.com\/tr\/wp-json\/wp\/v2\/product\/1845","targetHints":{"allow":["GET"]}}],"collection":[{"href":"https:\/\/fmp-components.com\/tr\/wp-json\/wp\/v2\/product"}],"about":[{"href":"https:\/\/fmp-components.com\/tr\/wp-json\/wp\/v2\/types\/product"}],"replies":[{"embeddable":true,"href":"https:\/\/fmp-components.com\/tr\/wp-json\/wp\/v2\/comments?post=1845"}],"wp:featuredmedia":[{"embeddable":true,"href":"https:\/\/fmp-components.com\/tr\/wp-json\/wp\/v2\/media\/1846"}],"wp:attachment":[{"href":"https:\/\/fmp-components.com\/tr\/wp-json\/wp\/v2\/media?parent=1845"}],"wp:term":[{"taxonomy":"product_brand","embeddable":true,"href":"https:\/\/fmp-components.com\/tr\/wp-json\/wp\/v2\/product_brand?post=1845"},{"taxonomy":"product_cat","embeddable":true,"href":"https:\/\/fmp-components.com\/tr\/wp-json\/wp\/v2\/product_cat?post=1845"},{"taxonomy":"product_tag","embeddable":true,"href":"https:\/\/fmp-components.com\/tr\/wp-json\/wp\/v2\/product_tag?post=1845"}],"curies":[{"name":"wp","href":"https:\/\/api.w.org\/{rel}","templated":true}]}}