{"id":1843,"date":"2024-12-24T06:35:24","date_gmt":"2024-12-24T06:35:24","guid":{"rendered":"https:\/\/fmp-components.com\/?page_id=8"},"modified":"2024-12-24T06:51:56","modified_gmt":"2024-12-24T06:51:56","slug":"post-hole-digger-gearbox-replacement-of-comer-code-t-290f","status":"publish","type":"product","link":"https:\/\/fmp-components.com\/tr\/product\/post-hole-digger-gearbox-replacement-of-comer-code-t-290f\/","title":{"rendered":"Direk \u00c7ukuru Kaz\u0131c\u0131 \u015eanz\u0131man \u2013 K\u00f6\u015fe Kodu T-290F'nin De\u011fi\u015ftirilmesi"},"content":{"rendered":"<p>Comer Code T-290F'nin yerine \u00f6zel olarak tasarlanm\u0131\u015f Direk Delme Makinesi \u015eanz\u0131man\u0131m\u0131z, \u00e7e\u015fitli delme uygulamalar\u0131 i\u00e7in ola\u011fan\u00fcst\u00fc performans ve dayan\u0131kl\u0131l\u0131k sa\u011flar.<\/p>\n<h3>Temel \u00d6zellikler:<\/h3>\n<ul>\n<li><strong>Y\u00fcksek Tork \u00c7\u0131k\u0131\u015f\u0131<\/strong>: Ola\u011fan\u00fcst\u00fc tork sa\u011flamak \u00fczere tasarlanan bu \u015fanz\u0131man, g\u00fcc\u00fc trakt\u00f6rden helezona etkili bir \u015fekilde aktar\u0131r ve bu sayede zorlu toprak ko\u015fullar\u0131 i\u00e7in idealdir.<\/li>\n<li><strong>Sa\u011flam Yap\u0131<\/strong>:Y\u00fcksek kaliteli malzemelerle \u00fcretilen \u015fanz\u0131man\u0131m\u0131z \u00fcst\u00fcn mukavemet ve a\u015f\u0131nma direnci sunarak uzun \u00f6m\u00fcrl\u00fc bir kullan\u0131m \u00f6mr\u00fc sa\u011flar.<\/li>\n<li><strong>Hassas \u0130\u015fleme<\/strong>: Her \u00fcnite, kullan\u0131m s\u0131ras\u0131nda enerji kayb\u0131n\u0131 en aza indirerek, sorunsuz \u00e7al\u0131\u015fma ve optimum performans garanti edecek \u015fekilde hassas bir \u015fekilde \u00fcretilmi\u015ftir.<\/li>\n<li><strong>Kompakt Tasar\u0131m<\/strong>: Kompakt boyutlar\u0131 sayesinde ekstra hacim katmadan \u00e7e\u015fitli kaz\u0131k \u00e7akma sistemleriyle kolay kurulum ve uyumluluk sa\u011flar.<\/li>\n<li><strong>\u00c7ok Y\u00f6nl\u00fc Uyumluluk<\/strong>: \u00c7e\u015fitli trakt\u00f6rlere ve kaz\u0131 ekipmanlar\u0131na uyacak \u015fekilde tasarlanm\u0131\u015ft\u0131r, bu sayede \u00e7ok say\u0131da tar\u0131m ve in\u015faat uygulamas\u0131 i\u00e7in uygundur.<\/li>\n<li><strong>Etkili S\u0131zd\u0131rmazl\u0131k Sistemi<\/strong>: Entegre contalar, kirleticilerin di\u015fli kutusuna girmesini \u00f6nleyerek ya\u011flaman\u0131n korunmas\u0131na ve i\u00e7 bile\u015fenlerin \u00f6mr\u00fcn\u00fcn art\u0131r\u0131lmas\u0131na yard\u0131mc\u0131 olur.<\/li>\n<li><strong>D\u00fc\u015f\u00fck Bak\u0131m Gereksinimleri<\/strong>Dayan\u0131kl\u0131l\u0131k i\u00e7in tasarlanan bu \u015fanz\u0131man, minimum bak\u0131m gerektirir ve kullan\u0131c\u0131lar\u0131n s\u0131k s\u0131k kesinti ya\u015famadan i\u015flerine odaklanmalar\u0131n\u0131 sa\u011flar.<\/li>\n<\/ul>\n<p>Comer Code T-290F'nin yerine ge\u00e7en Direk \u00c7ukuru Kaz\u0131c\u0131 \u015eanz\u0131man\u0131m\u0131z, y\u00fcksek performans ve g\u00fcvenilirlik sunmak \u00fczere tasarlanm\u0131\u015ft\u0131r. Sa\u011flam tasar\u0131m\u0131 ve hassas m\u00fchendisli\u011fiyle t\u00fcm delme ihtiya\u00e7lar\u0131n\u0131z i\u00e7in ideal \u00e7\u00f6z\u00fcmd\u00fcr. Daha fazla bilgi edinmek veya sipari\u015f vermek i\u00e7in l\u00fctfen bug\u00fcn bizimle ileti\u015fime ge\u00e7in!<\/p>\n<h2>\u00dcr\u00fcn \u00d6zellikleri:<\/h2>\n<table style=\"width: 100%;\" border=\"1\" width=\"100%\" cellspacing=\"0\" cellpadding=\"0\">\n<tbody>\n<tr>\n<th>Tan\u0131m<\/th>\n<td>Direk \u00c7ukuru Kaz\u0131c\u0131 \u015eanz\u0131man \u2013 K\u00f6\u015fe Kodu T-290F'nin De\u011fi\u015ftirilmesi<\/td>\n<\/tr>\n<tr>\n<th>Ba\u015fvuru<\/th>\n<td>\u00c7e\u015fitli (tar\u0131msal) uygulamalar<\/td>\n<\/tr>\n<tr>\n<th>\u015eunlardan olu\u015fur:<\/th>\n<td>Vites kutusu<\/td>\n<\/tr>\n<tr>\n<th>Ya\u011fs\u0131z<\/th>\n<td>Teknik Bilgiler<\/td>\n<\/tr>\n<tr>\n<th>Maksimum Giri\u015f G\u00fcc\u00fc<\/th>\n<td>66,2 kW<\/td>\n<\/tr>\n<tr>\n<th>Maksimum \u00c7\u0131k\u0131\u015f Torku<\/th>\n<td>1135 nm<\/td>\n<\/tr>\n<tr>\n<th>Ya\u011f \u0130\u00e7erir<\/th>\n<td>HAYIR<\/td>\n<\/tr>\n<tr>\n<th>Maksimum Ya\u011f Kapasitesi<\/th>\n<td>2,3 litre<\/td>\n<\/tr>\n<tr>\n<th>Maksimum Ya\u011f De\u011fi\u015fim Aral\u0131\u011f\u0131<\/th>\n<td>500 saat<\/td>\n<\/tr>\n<tr>\n<th>Ya\u011f SAE Viskozite S\u0131n\u0131f\u0131<\/th>\n<td>80W-90<\/td>\n<\/tr>\n<tr>\n<th>Konut Malzemesi<\/th>\n<td>D\u00f6kme demir GG25<\/td>\n<\/tr>\n<tr>\n<th>A\u011f\u0131rl\u0131k<\/th>\n<td>30 kilo<\/td>\n<\/tr>\n<tr>\n<th>Vites D\u00fczenlemesi<\/th>\n<td>5 &#8211; 6<\/td>\n<\/tr>\n<tr>\n<th>Oran<\/th>\n<td>1: 1<\/td>\n<\/tr>\n<tr>\n<th>Giri\u015f Mili<\/th>\n<td>Z<\/td>\n<\/tr>\n<tr>\n<th>\u015eaft X<\/th>\n<td>1 3\/8\u2033 (6) (A)<\/td>\n<\/tr>\n<tr>\n<th>Mil Y<\/th>\n<td>1 3\/8\u2033 (6) (A)<\/td>\n<\/tr>\n<tr>\n<th>\u015eaft Z<\/th>\n<td>1 3\/8\u2033 (6) (B)<\/td>\n<\/tr>\n<\/tbody>\n<\/table>\n<h2>FMP Hakk\u0131nda<\/h2>\n<p>\u0130talya merkezli FMP, \u00e7ok \u00e7e\u015fitli red\u00fckt\u00f6r, red\u00fckt\u00f6r ve m\u00fchendislik makinelerinin ara\u015ft\u0131rma, geli\u015ftirme ve \u00fcretiminde liderdir. \u0130novasyon ve m\u00fckemmelli\u011fe olan ba\u011fl\u0131l\u0131\u011f\u0131m\u0131zla, a\u015fa\u011f\u0131dakileri i\u00e7eren geni\u015f bir \u00fcr\u00fcn yelpazesi sunuyoruz:<\/p>\n<ul>\n<li><strong>Spiral Konik Red\u00fckt\u00f6rler<\/strong><\/li>\n<li><strong>D\u00fcz \u015eanz\u0131manlar<\/strong><\/li>\n<li><strong>Sonsuz Di\u015fli Kutular\u0131<\/strong><\/li>\n<li><strong>Silindirik Red\u00fckt\u00f6rler<\/strong><\/li>\n<li><strong>Y\u00fcksek Bas\u0131n\u00e7l\u0131 D\u00f6k\u00fcm Vana G\u00f6vdeleri ve Muhafazalar\u0131<\/strong><\/li>\n<\/ul>\n<p>\u00dcr\u00fcnlerimiz, tar\u0131m, in\u015faat ve denizcilik gibi sekt\u00f6rlere hizmet veren \u00e7ok \u00e7e\u015fitli uygulamalar i\u00e7in tasarlanm\u0131\u015ft\u0131r. Genellikle tar\u0131m bi\u00e7me makinelerinde, kar k\u00fcreme makinelerinde, g\u00fcbre serpme makinelerinde, tah\u0131l konvey\u00f6rlerinde, end\u00fcstriyel makinelerde, petrol \u00e7\u0131karma ekipmanlar\u0131nda ve hidrolik sistemlerde kullan\u0131l\u0131rlar.<\/p>\n<p>FMP olarak, g\u00fc\u00e7l\u00fc teknik ve ara\u015ft\u0131rma yeteneklerimizle gurur duyuyoruz. G\u00fcvenilir ve y\u00fcksek kaliteli \u00fcr\u00fcnler \u00fcretme konusundaki sars\u0131lmaz \u00f6zverimiz, bizi imalat sekt\u00f6r\u00fcnde sayg\u0131n bir isim haline getirmi\u015ftir. \u0130novasyon, kalite ve m\u00fc\u015fteri memnuniyetini \u00f6n planda tutan benzersiz bir i\u015f felsefesini benimsiyor, b\u00f6ylece m\u00fc\u015fterilerimizin de\u011fi\u015fen ihtiya\u00e7lar\u0131na uyum sa\u011fl\u0131yoruz.<\/p>\n<p><img loading=\"lazy\" decoding=\"async\" class=\"alignnone wp-image-1840\" src=\"https:\/\/fmp-components.com\/wp-content\/uploads\/2024\/12\/Post-Hole-Digger-Gearbox-6.webp\" alt=\"Direk-Delik-Kaz\u0131c\u0131-Di\u015fli Kutusu\" width=\"884\" height=\"582\" title=\"\" srcset=\"https:\/\/fmp-components.com\/wp-content\/uploads\/2024\/12\/Post-Hole-Digger-Gearbox-6.webp 884w, https:\/\/fmp-components.com\/wp-content\/uploads\/2024\/12\/Post-Hole-Digger-Gearbox-6-480x316.webp 480w\" sizes=\"(min-width: 0px) and (max-width: 480px) 480px, (min-width: 481px) 884px, 100vw\" \/><\/p>\n<h3>Tar\u0131msal Red\u00fckt\u00f6rlerin \u00dcretim S\u00fcreci<\/h3>\n<p>Tar\u0131msal \u015fanz\u0131manlar\u0131n \u00fcretimi, her biri en y\u00fcksek kalite ve performans\u0131 garanti alt\u0131na almak \u00fczere tasarlanm\u0131\u015f, birka\u00e7 kritik ad\u0131m\u0131 i\u00e7eren titiz bir s\u00fcre\u00e7tir:<\/p>\n<p><strong>\u00dcr\u00fcn Tasar\u0131m\u0131<\/strong><br \/>\n\u0130lk a\u015fama, spesifikasyonlar\u0131n tan\u0131mlanmas\u0131na, malzemelerin se\u00e7ilmesine ve belirli uygulama gereksinimlerine g\u00f6re uyarlanm\u0131\u015f boyutlar\u0131n belirlenmesine odaklan\u0131r. Tasar\u0131m ekibimiz, m\u00fc\u015fterilerimizin ihtiya\u00e7lar\u0131n\u0131 anlamak ve en son teknolojik geli\u015fmeleri projeye dahil etmek i\u00e7in m\u00fc\u015fterilerimizle yak\u0131n i\u015f birli\u011fi i\u00e7inde \u00e7al\u0131\u015f\u0131r.<\/p>\n<p><strong>Hammadde Haz\u0131rl\u0131\u011f\u0131<\/strong><br \/>\nBa\u015fta d\u00f6kme demir ve al\u00fcminyum ala\u015f\u0131m\u0131 olmak \u00fczere temel malzemelerimizi titizlikle tedarik ediyor ve titiz kalite standartlar\u0131m\u0131z\u0131 kar\u015f\u0131lad\u0131klar\u0131ndan emin oluyoruz. \u00dcr\u00fcnlerimizde optimum performans\u0131 garantilemek i\u00e7in her parti, kullan\u0131mdan \u00f6nce kapsaml\u0131 bir \u015fekilde denetlenir.<\/p>\n<p><strong>Hassas \u0130\u015fleme<\/strong><br \/>\nHammaddeler, ola\u011fan\u00fcst\u00fc hassasiyette di\u015fliler, miller ve g\u00f6vdeler olu\u015fturmak i\u00e7in tornalama ve frezeleme gibi hassas i\u015fleme i\u015flemlerinden ge\u00e7irilir. Son teknoloji makinelerimiz ve uzman teknisyenlerimiz, her bir bile\u015fenin m\u00fckemmel bir \u015fekilde i\u015flenmesini sa\u011flar.<\/p>\n<p><strong>Toplant\u0131<\/strong><br \/>\nMontaj s\u0131ras\u0131nda di\u015fliler, yataklar ve miller gibi bile\u015fenler g\u00f6vde i\u00e7inde titizlikle bir araya getirilir. Bu a\u015fama, sorunsuz ve verimli bir \u00e7al\u0131\u015fma sa\u011flamak i\u00e7in uygun ya\u011flay\u0131c\u0131lar\u0131n uygulanmas\u0131n\u0131n yan\u0131 s\u0131ra, titiz hassas kontroller ve kalibrasyonlar\u0131 i\u00e7erir.<\/p>\n<p><strong>\u0130\u015flem \u0130\u015flemi<\/strong><br \/>\nMukavemet ve a\u015f\u0131nma direncini art\u0131rmak i\u00e7in di\u015fli kutular\u0131 ileri \u0131s\u0131l i\u015flem s\u00fcre\u00e7lerine tabi tutulur. Bu kritik ad\u0131m, \u00fcr\u00fcnlerimizin zorlu uygulamalar\u0131n zorluklar\u0131na dayanabilmesini sa\u011flar.<\/p>\n<p><strong>Y\u00fczey \u0130\u015flem<\/strong><br \/>\nRed\u00fckt\u00f6rlerimizin hem estetik g\u00f6r\u00fcn\u00fcm\u00fcn\u00fc hem de korozyon direncini art\u0131ran cilalama ve toz boya gibi y\u00fczey i\u015flemleri uyguluyoruz. Bu, sadece dayan\u0131kl\u0131l\u0131\u011f\u0131 art\u0131rmakla kalm\u0131yor, ayn\u0131 zamanda \u00fcr\u00fcnlerimizin \u00e7e\u015fitli ortamlardaki kullan\u0131m \u00f6mr\u00fcn\u00fc de uzat\u0131yor.<\/p>\n<p><strong>Kalite Kontrol<\/strong><br \/>\n\u00dcretimin her a\u015famas\u0131nda kapsaml\u0131 denetimler ger\u00e7ekle\u015ftirilerek boyutlar, hassasiyet, g\u00fcr\u00fclt\u00fc ve titre\u015fim \u00f6l\u00e7\u00fcmleri yap\u0131l\u0131r. Bu titiz kalite kontrol s\u00fcreci, di\u015fli kutular\u0131m\u0131z\u0131n s\u0131k\u0131 g\u00fcvenlik ve performans standartlar\u0131n\u0131 kar\u015f\u0131lamas\u0131n\u0131 garanti eder.<\/p>\n<p>Genel olarak, FMP'de tar\u0131msal di\u015fli kutusu \u00fcretimi, yetenekli i\u015f\u00e7ilik, geli\u015fmi\u015f \u00fcretim teknolojisi ve kapsaml\u0131 bir kalite kontrol sistemi gerektiren karma\u015f\u0131k bir s\u00fcre\u00e7tir. Titiz yakla\u015f\u0131m\u0131m\u0131z, m\u00fc\u015fterilerimizin bekledi\u011fi y\u00fcksek standartlar\u0131 kar\u015f\u0131layan, ola\u011fan\u00fcst\u00fc performans ve g\u00fcvenilirlik sa\u011flayan di\u015fli kutular\u0131 sunmam\u0131z\u0131 sa\u011flar.<\/p>\n<p>Yazar: CX<\/p>","protected":false},"excerpt":{"rendered":"<p>Our Post Hole Digger Gearbox, designed specifically as a replacement for the Comer Code T-290F. This gearbox ensures outstanding performance and durability for various drilling applications. Key Features: High Torque Output: Engineered to provide exceptional torque, this gearbox effectively transfers power from the tractor to the auger, making it ideal for tough soil conditions. Robust [&hellip;]<\/p>","protected":false},"featured_media":1844,"comment_status":"open","ping_status":"closed","template":"","meta":{"_et_pb_use_builder":"","_et_pb_old_content":"","_et_gb_content_width":""},"product_brand":[],"product_cat":[15],"product_tag":[],"class_list":{"0":"post-1843","1":"product","2":"type-product","3":"status-publish","4":"has-post-thumbnail","6":"product_cat-uncategorized","8":"first","9":"instock","10":"shipping-taxable","11":"product-type-simple"},"_links":{"self":[{"href":"https:\/\/fmp-components.com\/tr\/wp-json\/wp\/v2\/product\/1843","targetHints":{"allow":["GET"]}}],"collection":[{"href":"https:\/\/fmp-components.com\/tr\/wp-json\/wp\/v2\/product"}],"about":[{"href":"https:\/\/fmp-components.com\/tr\/wp-json\/wp\/v2\/types\/product"}],"replies":[{"embeddable":true,"href":"https:\/\/fmp-components.com\/tr\/wp-json\/wp\/v2\/comments?post=1843"}],"wp:featuredmedia":[{"embeddable":true,"href":"https:\/\/fmp-components.com\/tr\/wp-json\/wp\/v2\/media\/1844"}],"wp:attachment":[{"href":"https:\/\/fmp-components.com\/tr\/wp-json\/wp\/v2\/media?parent=1843"}],"wp:term":[{"taxonomy":"product_brand","embeddable":true,"href":"https:\/\/fmp-components.com\/tr\/wp-json\/wp\/v2\/product_brand?post=1843"},{"taxonomy":"product_cat","embeddable":true,"href":"https:\/\/fmp-components.com\/tr\/wp-json\/wp\/v2\/product_cat?post=1843"},{"taxonomy":"product_tag","embeddable":true,"href":"https:\/\/fmp-components.com\/tr\/wp-json\/wp\/v2\/product_tag?post=1843"}],"curies":[{"name":"wp","href":"https:\/\/api.w.org\/{rel}","templated":true}]}}