{"id":1841,"date":"2024-12-24T06:24:49","date_gmt":"2024-12-24T06:24:49","guid":{"rendered":"https:\/\/fmp-components.com\/?page_id=8"},"modified":"2024-12-24T06:51:07","modified_gmt":"2024-12-24T06:51:07","slug":"post-hole-diggers-gearboxes-replacement-of-comer-code-t-278a-11","status":"publish","type":"product","link":"https:\/\/fmp-components.com\/tr\/product\/post-hole-diggers-gearboxes-replacement-of-comer-code-t-278a-11\/","title":{"rendered":"Direk \u00c7ukuru Kaz\u0131c\u0131 \u015eanz\u0131manlar\u0131 \u2013 K\u00f6\u015fe Kodu T-278A 1:1 Oran\u0131nda De\u011fi\u015ftirilmesi"},"content":{"rendered":"<p>Comer Code T-278A 1:1'in do\u011frudan yerine kullan\u0131lmak \u00fczere tasarlanm\u0131\u015f Direk Delme Makinesi \u015eanz\u0131man\u0131m\u0131z. Bu \u015fanz\u0131man, \u00e7e\u015fitli delme uygulamalar\u0131nda ola\u011fan\u00fcst\u00fc performans ve g\u00fcvenilirlik sa\u011flayacak \u015fekilde tasarlanm\u0131\u015ft\u0131r.<\/p>\n<h3>Temel \u00d6zellikler:<\/h3>\n<ul>\n<li><strong>Y\u00fcksek Tork Kapasitesi<\/strong>: Zorlu delme g\u00f6revlerinin \u00fcstesinden gelebilme, trakt\u00f6rden burguya verimli g\u00fc\u00e7 aktar\u0131m\u0131 sa\u011flama.<\/li>\n<li><strong>Dayan\u0131kl\u0131 Yap\u0131<\/strong>:Y\u00fcksek kaliteli malzemelerden \u00fcretilen \u015fanz\u0131man\u0131m\u0131z \u00fcst\u00fcn mukavemet ve a\u015f\u0131nma direnci sunarak uzun bir kullan\u0131m \u00f6mr\u00fc sa\u011flar.<\/li>\n<li><strong>Hassas M\u00fchendislik<\/strong>: Her bir \u015fanz\u0131man, kullan\u0131m s\u0131ras\u0131nda enerji kayb\u0131n\u0131 azaltarak, sorunsuz \u00e7al\u0131\u015fma ve optimum performans sa\u011flamak i\u00e7in hassas bir \u015fekilde i\u015flenmi\u015ftir.<\/li>\n<li><strong>Kompakt Tasar\u0131m<\/strong>: Kompakt form fakt\u00f6r\u00fc, ek bir hacim yaratmadan mevcut kaz\u0131c\u0131 kurulumlar\u0131yla kolay kurulum ve entegrasyona olanak tan\u0131r.<\/li>\n<li><strong>\u00c7ok Y\u00f6nl\u00fc Uyumluluk<\/strong>: \u00c7e\u015fitli trakt\u00f6r ve kaz\u0131 aletlerine uyacak \u015fekilde tasarlanm\u0131\u015ft\u0131r, bu sayede \u00e7e\u015fitli tar\u0131m ve in\u015faat uygulamalar\u0131 i\u00e7in uygundur.<\/li>\n<li><strong>Etkili S\u0131zd\u0131rmazl\u0131k<\/strong>: Entegre contalar, di\u015fli kutusuna kir ve nemin girmesini \u00f6nleyerek ya\u011flamay\u0131 korur ve i\u00e7 bile\u015fenlerin \u00f6mr\u00fcn\u00fc uzat\u0131r.<\/li>\n<li><strong>D\u00fc\u015f\u00fck Bak\u0131m<\/strong>Dayan\u0131kl\u0131l\u0131k i\u00e7in tasarlanan bu \u015fanz\u0131man, minimum bak\u0131m gerektirir ve kullan\u0131c\u0131lar\u0131n s\u0131k s\u0131k kesintiye u\u011framadan i\u015flerine odaklanmalar\u0131n\u0131 sa\u011flar.<\/li>\n<\/ul>\n<h2>\u00dcr\u00fcn \u00d6zellikleri:<\/h2>\n<table style=\"width: 100%;\" border=\"1\" width=\"100%\" cellspacing=\"0\" cellpadding=\"0\">\n<tbody>\n<tr>\n<th>Tan\u0131m<\/th>\n<td>Direk \u00c7ukuru Kaz\u0131c\u0131 \u015eanz\u0131manlar\u0131 \u2013 K\u00f6\u015fe Kodu T-278A 1:1 Oran\u0131nda De\u011fi\u015ftirilmesi<\/td>\n<\/tr>\n<tr>\n<th>Ba\u015fvuru<\/th>\n<td>\u00c7e\u015fitli (tar\u0131msal) uygulamalar<\/td>\n<\/tr>\n<tr>\n<th>\u015eunlardan olu\u015fur:<\/th>\n<td>Vites kutusu<\/td>\n<\/tr>\n<tr>\n<th>Ya\u011fs\u0131z<\/th>\n<td>Teknik Bilgiler<\/td>\n<\/tr>\n<tr>\n<th>Maksimum Giri\u015f G\u00fcc\u00fc<\/th>\n<td>40,5 kW<\/td>\n<\/tr>\n<tr>\n<th>Maksimum \u00c7\u0131k\u0131\u015f Torku<\/th>\n<td>693 nm<\/td>\n<\/tr>\n<tr>\n<th>Ya\u011f \u0130\u00e7erir<\/th>\n<td>HAYIR<\/td>\n<\/tr>\n<tr>\n<th>Maksimum Ya\u011f Kapasitesi<\/th>\n<td>1,7 litre<\/td>\n<\/tr>\n<tr>\n<th>Maksimum Ya\u011f De\u011fi\u015fim Aral\u0131\u011f\u0131<\/th>\n<td>500 saat<\/td>\n<\/tr>\n<tr>\n<th>Ya\u011f SAE Viskozite S\u0131n\u0131f\u0131<\/th>\n<td>80W-90<\/td>\n<\/tr>\n<tr>\n<th>Konut Malzemesi<\/th>\n<td>D\u00f6kme demir GG25<\/td>\n<\/tr>\n<tr>\n<th>A\u011f\u0131rl\u0131k<\/th>\n<td>23,5 kilo<\/td>\n<\/tr>\n<tr>\n<th>Vites D\u00fczenlemesi<\/th>\n<td>1 &#8211; 2<\/td>\n<\/tr>\n<tr>\n<th>Oran<\/th>\n<td>1 : 1<\/td>\n<\/tr>\n<tr>\n<th>Giri\u015f Mili<\/th>\n<td>Z<\/td>\n<\/tr>\n<tr>\n<th>\u015eaft X<\/th>\n<td>1 3\/8\u2033 (6) (A)<\/td>\n<\/tr>\n<tr>\n<th>\u015eaft Z<\/th>\n<td>1 3\/8\u2033 (6) (B)<\/td>\n<\/tr>\n<\/tbody>\n<\/table>\n<h2>FMP Hakk\u0131nda<\/h2>\n<p>\u0130talya'da bulunan FMP, \u00e7e\u015fitli red\u00fckt\u00f6r, red\u00fckt\u00f6r ve m\u00fchendislik makinelerinin ara\u015ft\u0131rma, geli\u015ftirme ve \u00fcretiminde uzmanla\u015fm\u0131\u015ft\u0131r. Geni\u015f \u00fcr\u00fcn yelpazemiz \u015funlar\u0131 i\u00e7erir:<\/p>\n<ul>\n<li><strong>Spiral Konik Red\u00fckt\u00f6rler<\/strong><\/li>\n<li><strong>D\u00fcz \u015eanz\u0131manlar<\/strong><\/li>\n<li><strong>Sonsuz Di\u015fli Kutular\u0131<\/strong><\/li>\n<li><strong>Silindirik Red\u00fckt\u00f6rler<\/strong><\/li>\n<li><strong>Y\u00fcksek Bas\u0131n\u00e7l\u0131 D\u00f6k\u00fcm Vana G\u00f6vdeleri ve Muhafazalar\u0131<\/strong><\/li>\n<\/ul>\n<p>Bu \u00fcr\u00fcnler, tar\u0131m bi\u00e7me makineleri, kar k\u00fcreme makineleri, g\u00fcbre serpme makineleri, tah\u0131l konvey\u00f6rleri, end\u00fcstriyel makineler, petrol \u00e7\u0131karma ekipmanlar\u0131, denizcilik end\u00fcstrisi bile\u015fenleri ve m\u00fchendislik i\u00e7in hidrolik sistemler dahil olmak \u00fczere \u00e7e\u015fitli uygulamalar i\u00e7in tasarlanm\u0131\u015ft\u0131r.<\/p>\n<p>FMP olarak, g\u00fc\u00e7l\u00fc teknik ve ara\u015ft\u0131rma yeteneklerimizle gurur duyuyoruz. G\u00fcvenilir ve y\u00fcksek kaliteli \u00fcr\u00fcnler \u00fcretmeye olan ba\u011fl\u0131l\u0131\u011f\u0131m\u0131z, bizi imalat sekt\u00f6r\u00fcnde sayg\u0131n bir lider haline getirmi\u015ftir. \u0130novasyon, kalite ve m\u00fc\u015fteri memnuniyetini \u00f6n planda tutan benzersiz bir i\u015f felsefesine ba\u011fl\u0131 kalarak, m\u00fc\u015fterilerimizin de\u011fi\u015fen ihtiya\u00e7lar\u0131n\u0131 etkili bir \u015fekilde kar\u015f\u0131l\u0131yoruz.<\/p>\n<p><img loading=\"lazy\" decoding=\"async\" class=\"alignnone wp-image-1840\" src=\"https:\/\/fmp-components.com\/wp-content\/uploads\/2024\/12\/Post-Hole-Digger-Gearbox-6.webp\" alt=\"Direk-Delik-Kaz\u0131c\u0131-Di\u015fli Kutusu\" width=\"884\" height=\"582\" title=\"\" srcset=\"https:\/\/fmp-components.com\/wp-content\/uploads\/2024\/12\/Post-Hole-Digger-Gearbox-6.webp 884w, https:\/\/fmp-components.com\/wp-content\/uploads\/2024\/12\/Post-Hole-Digger-Gearbox-6-480x316.webp 480w\" sizes=\"(min-width: 0px) and (max-width: 480px) 480px, (min-width: 481px) 884px, 100vw\" \/><\/p>\n<h3>Tar\u0131msal Red\u00fckt\u00f6rlerin \u00dcretim S\u00fcreci<\/h3>\n<p>Tar\u0131msal di\u015fli kutular\u0131n\u0131n \u00fcretimi, birka\u00e7 kritik ad\u0131m\u0131 i\u00e7eren detayl\u0131 bir s\u00fcre\u00e7tir:<\/p>\n<p><strong>\u00dcr\u00fcn Tasar\u0131m\u0131<\/strong><br \/>\n\u0130lk a\u015famada, belirli uygulama ihtiya\u00e7lar\u0131na g\u00f6re uyarlanm\u0131\u015f teknik \u00f6zellikler, malzemeler ve boyutlar se\u00e7ilir.<\/p>\n<p><strong>Hammadde Haz\u0131rl\u0131\u011f\u0131<\/strong><br \/>\n\u00d6ncelikle d\u00f6kme demir ve al\u00fcminyum ala\u015f\u0131m\u0131 olmak \u00fczere temel malzemeleri tedarik ediyor ve bunlar\u0131n s\u0131k\u0131 kalite standartlar\u0131m\u0131z\u0131 kar\u015f\u0131lad\u0131\u011f\u0131ndan emin oluyoruz.<\/p>\n<p><strong>Hassas \u0130\u015fleme<\/strong><br \/>\nHammaddeler, ola\u011fan\u00fcst\u00fc hassasiyette di\u015fliler, miller ve g\u00f6vdeler olu\u015fturmak i\u00e7in tornalama ve frezeleme gibi hassas i\u015fleme operasyonlar\u0131ndan ge\u00e7irilir.<\/p>\n<p><strong>Toplant\u0131<\/strong><br \/>\nDi\u015fliler, yataklar ve miller gibi bile\u015fenler g\u00f6vde i\u00e7erisinde dikkatlice monte edilir. Bu a\u015famada, hassas kontroller ve kalibrasyonlar yap\u0131l\u0131r ve optimum \u00e7al\u0131\u015fma i\u00e7in uygun ya\u011flay\u0131c\u0131lar uygulan\u0131r.<\/p>\n<p><strong>\u0130\u015flem \u0130\u015flemi<\/strong><br \/>\n\u015eanz\u0131manlar, mukavemet ve a\u015f\u0131nma direncini art\u0131rmak i\u00e7in \u0131s\u0131l i\u015fleme tabi tutulur ve uzun \u00f6m\u00fcrl\u00fc performans sa\u011flan\u0131r.<\/p>\n<p><strong>Y\u00fczey \u0130\u015flem<\/strong><br \/>\n\u015eanz\u0131manlar\u0131n hem estetik g\u00f6r\u00fcn\u00fcm\u00fcn\u00fc hem de korozyon direncini art\u0131rmak i\u00e7in parlatma ve toz boya gibi y\u00fczey i\u015flemleri kullan\u0131yoruz.<\/p>\n<p><strong>Kalite Kontrol<\/strong><br \/>\nBoyutlar\u0131, hassasiyeti, g\u00fcr\u00fclt\u00fcy\u00fc ve titre\u015fimi \u00f6l\u00e7mek i\u00e7in kapsaml\u0131 denetimler yap\u0131l\u0131r ve di\u015fli kutular\u0131m\u0131z\u0131n s\u0131k\u0131 g\u00fcvenlik ve performans standartlar\u0131n\u0131 kar\u015f\u0131lamas\u0131 sa\u011flan\u0131r.<\/p>\n<p>Genel olarak, tar\u0131msal di\u015fli kutusu \u00fcretimi, yetenekli i\u015f\u00e7ilik, geli\u015fmi\u015f \u00fcretim teknolojisi ve kapsaml\u0131 bir kalite kontrol sistemi gerektiren karma\u015f\u0131k bir s\u00fcre\u00e7tir. Bu titiz yakla\u015f\u0131m, di\u015fli kutular\u0131m\u0131z\u0131n ola\u011fan\u00fcst\u00fc performans ve g\u00fcvenilirlik sunmas\u0131n\u0131 garanti eder.<\/p>\n<p>Yazar: CX<\/p>","protected":false},"excerpt":{"rendered":"<p>Our Post Hole Diggers Gearbox, designed as a direct replacement for the Comer Code T-278A 1:1. This gearbox is engineered to deliver exceptional performance and reliability in various drilling applications. Key Features: High Torque Capacity: Capable of handling demanding drilling tasks, ensuring efficient power transfer from the tractor to the auger. Durable Construction: Made from [&hellip;]<\/p>","protected":false},"featured_media":1842,"comment_status":"open","ping_status":"closed","template":"","meta":{"_et_pb_use_builder":"","_et_pb_old_content":"","_et_gb_content_width":""},"product_brand":[],"product_cat":[50],"product_tag":[],"class_list":{"0":"post-1841","1":"product","2":"type-product","3":"status-publish","4":"has-post-thumbnail","6":"product_cat-post-hole-digger-gearbox","8":"first","9":"instock","10":"shipping-taxable","11":"product-type-simple"},"_links":{"self":[{"href":"https:\/\/fmp-components.com\/tr\/wp-json\/wp\/v2\/product\/1841","targetHints":{"allow":["GET"]}}],"collection":[{"href":"https:\/\/fmp-components.com\/tr\/wp-json\/wp\/v2\/product"}],"about":[{"href":"https:\/\/fmp-components.com\/tr\/wp-json\/wp\/v2\/types\/product"}],"replies":[{"embeddable":true,"href":"https:\/\/fmp-components.com\/tr\/wp-json\/wp\/v2\/comments?post=1841"}],"wp:featuredmedia":[{"embeddable":true,"href":"https:\/\/fmp-components.com\/tr\/wp-json\/wp\/v2\/media\/1842"}],"wp:attachment":[{"href":"https:\/\/fmp-components.com\/tr\/wp-json\/wp\/v2\/media?parent=1841"}],"wp:term":[{"taxonomy":"product_brand","embeddable":true,"href":"https:\/\/fmp-components.com\/tr\/wp-json\/wp\/v2\/product_brand?post=1841"},{"taxonomy":"product_cat","embeddable":true,"href":"https:\/\/fmp-components.com\/tr\/wp-json\/wp\/v2\/product_cat?post=1841"},{"taxonomy":"product_tag","embeddable":true,"href":"https:\/\/fmp-components.com\/tr\/wp-json\/wp\/v2\/product_tag?post=1841"}],"curies":[{"name":"wp","href":"https:\/\/api.w.org\/{rel}","templated":true}]}}