{"id":1831,"date":"2024-12-24T05:44:59","date_gmt":"2024-12-24T05:44:59","guid":{"rendered":"https:\/\/fmp-components.com\/?page_id=8"},"modified":"2024-12-24T06:47:52","modified_gmt":"2024-12-24T06:47:52","slug":"75-hp-heavy-duty-post-hole-digger-gearbox-for-3-point-post-hole-digger","status":"publish","type":"product","link":"https:\/\/fmp-components.com\/tr\/product\/75-hp-heavy-duty-post-hole-digger-gearbox-for-3-point-post-hole-digger\/","title":{"rendered":"3 Noktal\u0131 Direk Deli\u011fi Kaz\u0131c\u0131 i\u00e7in 75 HP A\u011f\u0131r Hizmet Tipi Direk Deli\u011fi Kaz\u0131c\u0131 \u015eanz\u0131man\u0131"},"content":{"rendered":"<p><img loading=\"lazy\" decoding=\"async\" class=\"size-full wp-image-1838 aligncenter\" src=\"https:\/\/fmp-components.com\/wp-content\/uploads\/2024\/12\/Heavy-Duty-Post-Hole-Digger-Gearbox-Parts-2.webp\" alt=\"A\u011f\u0131r Hizmet Tipi Direk \u00c7ukuru Kaz\u0131c\u0131 \u015eanz\u0131man Par\u00e7alar\u0131\" width=\"600\" height=\"600\" title=\"\" srcset=\"https:\/\/fmp-components.com\/wp-content\/uploads\/2024\/12\/Heavy-Duty-Post-Hole-Digger-Gearbox-Parts-2.webp 600w, https:\/\/fmp-components.com\/wp-content\/uploads\/2024\/12\/Heavy-Duty-Post-Hole-Digger-Gearbox-Parts-2-480x480.webp 480w\" sizes=\"(min-width: 0px) and (max-width: 480px) 480px, (min-width: 481px) 600px, 100vw\" \/><\/p>\n<h2>75 HP A\u011f\u0131r Hizmet Tipi Direk \u00c7ukuru Kaz\u0131c\u0131 \u015eanz\u0131man Boyutlar\u0131<\/h2>\n<p><img loading=\"lazy\" decoding=\"async\" class=\"alignnone size-full wp-image-1832\" src=\"https:\/\/fmp-components.com\/wp-content\/uploads\/2024\/12\/Post-Hole-Digger-Gearbox-1.webp\" alt=\"Direk-Delik-Kaz\u0131c\u0131-Di\u015fli Kutusu\" width=\"1012\" height=\"872\" title=\"\" srcset=\"https:\/\/fmp-components.com\/wp-content\/uploads\/2024\/12\/Post-Hole-Digger-Gearbox-1.webp 1012w, https:\/\/fmp-components.com\/wp-content\/uploads\/2024\/12\/Post-Hole-Digger-Gearbox-1-980x844.webp 980w, https:\/\/fmp-components.com\/wp-content\/uploads\/2024\/12\/Post-Hole-Digger-Gearbox-1-480x414.webp 480w\" sizes=\"(min-width: 0px) and (max-width: 480px) 480px, (min-width: 481px) and (max-width: 980px) 980px, (min-width: 981px) 1012px, 100vw\" \/><\/p>\n<h2>\u00dcr\u00fcn \u00d6zellikleri:<\/h2>\n<div><span class=\"Apple-style-span\">Bu direk deli\u011fi kaz\u0131c\u0131 \u015fanz\u0131man\u0131, bir\u00e7ok direk deli\u011fi kaz\u0131c\u0131 ata\u015fman\u0131nda kullan\u0131lan 75 beygir g\u00fcc\u00fcnde, dik a\u00e7\u0131l\u0131 bir \u015fanz\u0131mand\u0131r. Bu a\u011f\u0131r hizmet tipi direk deli\u011fi kaz\u0131c\u0131 \u015fanz\u0131man\u0131, bir\u00e7ok \u00fcreticinin do\u011frudan yerine kullan\u0131labilir. Tam olarak uydu\u011fundan emin olmak i\u00e7in \u00f6l\u00e7\u00fclerini kontrol edin.<\/span><\/div>\n<p>\u2013 75 HP Derecelendirmesi<\/p>\n<p>\u2013 Muhaf\u0131zlar Dahil<\/p>\n<p>\u2013 3:1 Oran\u0131<\/p>\n<p>\u2013 1-1\/4\u2033 Yuvarlak Giri\u015f \u015eaft\u0131 3\/8\u2033 montaj deli\u011fi ile<\/p>\n<p>\u2013 Vida montaj\u0131 i\u00e7in \u00e7ift 1\/2\u2033 delikli 2\u2033 Yuvarlak \u00c7\u0131k\u0131\u015f Mili<\/p>\n<p>\u2013 7\/8\u2033 Montaj Pimi, 7-1\/2\u2033 Uzunluk<\/p>\n<p>\u2013 Montaj kulaklar\u0131 5-3\/8\u2033 i\u00e7eride ve 6-5\/8\u2033 d\u0131\u015far\u0131da.<\/p>\n<p>\u2013 Dayan\u0131kl\u0131 siyah boya<\/p>\n<p>\u2013 75 lbs<\/p>\n<p>\u2013 Ya\u011fs\u0131z G\u00f6nderilir (80W-90 Di\u015fli Ya\u011f\u0131)<\/p>\n<p><img loading=\"lazy\" decoding=\"async\" class=\"alignnone size-full wp-image-1836\" src=\"https:\/\/fmp-components.com\/wp-content\/uploads\/2024\/12\/Post-Hole-Digger-Gearbox-3.webp\" alt=\"Direk-Delik-Kaz\u0131c\u0131-Di\u015fli Kutusu\" width=\"1278\" height=\"752\" title=\"\" srcset=\"https:\/\/fmp-components.com\/wp-content\/uploads\/2024\/12\/Post-Hole-Digger-Gearbox-3.webp 1278w, https:\/\/fmp-components.com\/wp-content\/uploads\/2024\/12\/Post-Hole-Digger-Gearbox-3-980x577.webp 980w, https:\/\/fmp-components.com\/wp-content\/uploads\/2024\/12\/Post-Hole-Digger-Gearbox-3-480x282.webp 480w\" sizes=\"(min-width: 0px) and (max-width: 480px) 480px, (min-width: 481px) and (max-width: 980px) 980px, (min-width: 981px) 1278px, 100vw\" \/><\/p>\n<h2>75 HP A\u011f\u0131r Hizmet Tipi Direk \u00c7ukuru Kaz\u0131c\u0131 \u015eanz\u0131man Par\u00e7alar\u0131<\/h2>\n<p>75 HP A\u011f\u0131r Hizmet Tipi Direk \u00c7ukuru Kaz\u0131c\u0131 \u015eanz\u0131man, zorlu toprak ko\u015fullar\u0131nda delme i\u00e7in y\u00fcksek tork gereksinimlerini kar\u015f\u0131lamak \u00fczere tasarlanm\u0131\u015f sa\u011flam bir bile\u015fendir. Bu \u015fanz\u0131man\u0131n ana par\u00e7alar\u0131 a\u015fa\u011f\u0131dad\u0131r:<\/p>\n<p>\u015eanz\u0131man Muhafazas\u0131: \u015eanz\u0131man muhafazas\u0131, i\u00e7 bile\u015fenler i\u00e7in koruma ve yap\u0131sal destek sa\u011flar. Genellikle d\u00f6kme demir veya \u00e7elik gibi dayan\u0131kl\u0131 malzemelerden \u00fcretilen bu muhafaza, a\u011f\u0131r delme i\u015flemlerinin zorluklar\u0131na dayanacak \u015fekilde tasarlanm\u0131\u015ft\u0131r.<\/p>\n<p>Giri\u015f Mili: Trakt\u00f6r\u00fcn PTO (G\u00fc\u00e7 Aktarma Organ\u0131) miline ba\u011flanan giri\u015f mili, trakt\u00f6r\u00fcn motorundan gelen d\u00f6nme g\u00fcc\u00fcn\u00fc \u015fanz\u0131mana aktar\u0131r. \u015eanz\u0131man i\u00e7in birincil tahrik g\u00f6revi g\u00f6rerek delme i\u015flemini ba\u015flat\u0131r.<\/p>\n<p>Di\u015fliler: \u015eanz\u0131man\u0131n i\u00e7inde, bir dizi di\u015fli, tork ve h\u0131z\u0131 ayarlarken g\u00fcc\u00fc giri\u015f milinden \u00e7\u0131k\u0131\u015f miline iletir. Bu di\u015fliler, \u00e7e\u015fitli toprak tiplerinde etkili delme i\u00e7in gerekli tork art\u0131\u015f\u0131n\u0131 sa\u011flamak \u00fczere titizlikle tasarlanm\u0131\u015ft\u0131r.<\/p>\n<p>\u00c7\u0131k\u0131\u015f Mili: \u00c7\u0131k\u0131\u015f mili, di\u015flilerden ald\u0131\u011f\u0131 g\u00fcc\u00fc sondaj burgusuna iletir. Bu mil, burguyu d\u00f6nd\u00fcrerek, istenen derinlik ve \u00e7apta dikim \u00e7ukurlar\u0131n\u0131n olu\u015fturulmas\u0131n\u0131 kolayla\u015ft\u0131r\u0131r.<\/p>\n<p>Rulmanlar: Rulmanlar, \u015fanz\u0131man i\u00e7indeki milleri ve di\u015flileri destekleyerek minimum s\u00fcrt\u00fcnmeyle sorunsuz bir d\u00f6n\u00fc\u015f sa\u011flar. Y\u00fcksek kaliteli rulmanlar, \u00f6zellikle s\u00fcrekli \u00e7al\u0131\u015fma s\u0131ras\u0131nda a\u011f\u0131r y\u00fckler alt\u0131nda \u015fanz\u0131man\u0131n hem verimlili\u011fini hem de uzun \u00f6m\u00fcrl\u00fcl\u00fc\u011f\u00fcn\u00fc korumak i\u00e7in \u00e7ok \u00f6nemlidir.<\/p>\n<p>Contalar: Contalar, di\u015fli kutusu muhafazas\u0131na ve ya\u011flama sistemine kir, nem ve di\u011fer kirleticilerin girmesini \u00f6nlemek i\u00e7in olmazsa olmazd\u0131r. Bu contalar, di\u015fli kutusunun b\u00fct\u00fcnl\u00fc\u011f\u00fcn\u00fc koruyarak, i\u00e7 bile\u015fenlerin erken a\u015f\u0131nmas\u0131n\u0131 veya hasar g\u00f6rmesini \u00f6nlemeye yard\u0131mc\u0131 olur.<\/p>\n<p><img loading=\"lazy\" decoding=\"async\" class=\"alignnone size-full wp-image-1837\" src=\"https:\/\/fmp-components.com\/wp-content\/uploads\/2024\/12\/Post-Hole-Digger-Gearbox-48.webp\" alt=\"Direk-Delik-Kaz\u0131c\u0131-Di\u015fli Kutusu\" width=\"2560\" height=\"1920\" title=\"\" srcset=\"https:\/\/fmp-components.com\/wp-content\/uploads\/2024\/12\/Post-Hole-Digger-Gearbox-48.webp 2560w, https:\/\/fmp-components.com\/wp-content\/uploads\/2024\/12\/Post-Hole-Digger-Gearbox-48-1280x960.webp 1280w, https:\/\/fmp-components.com\/wp-content\/uploads\/2024\/12\/Post-Hole-Digger-Gearbox-48-980x735.webp 980w, https:\/\/fmp-components.com\/wp-content\/uploads\/2024\/12\/Post-Hole-Digger-Gearbox-48-480x360.webp 480w\" sizes=\"(min-width: 0px) and (max-width: 480px) 480px, (min-width: 481px) and (max-width: 980px) 980px, (min-width: 981px) and (max-width: 1280px) 1280px, (min-width: 1281px) 2560px, 100vw\" \/><\/p>\n<h2>75 HP A\u011f\u0131r Hizmet Tipi Direk \u00c7ukuru Kaz\u0131c\u0131 \u015eanz\u0131man\u0131n\u0131n \u00d6zellikleri<\/h2>\n<p>75 HP A\u011f\u0131r Hizmet Tipi Direk Delme Makinesi \u015eanz\u0131man Kutusu, zorlu delme uygulamalar\u0131nda optimum performans ve dayan\u0131kl\u0131l\u0131k i\u00e7in tasarlanm\u0131\u015ft\u0131r. Temel \u00f6zellikleri \u015funlard\u0131r:<\/p>\n<h3>1. Y\u00fcksek Tork Kapasitesi<\/h3>\n<p>Y\u00fcksek tork taleplerini kar\u015f\u0131layacak \u015fekilde tasarlanan bu \u015fanz\u0131man, zorlu toprak ko\u015fullar\u0131nda delme i\u00e7in g\u00fcc\u00fc verimli bir \u015fekilde aktararak etkili bir \u00e7al\u0131\u015fma sa\u011flar.<\/p>\n<h3>2. Sa\u011flam Yap\u0131<\/h3>\n<p>D\u00f6kme demir veya \u00e7elik gibi dayan\u0131kl\u0131 malzemelerden \u00fcretilen \u015fanz\u0131man g\u00f6vdesi, m\u00fckemmel yap\u0131sal b\u00fct\u00fcnl\u00fck ve a\u015f\u0131nma ve y\u0131pranmaya kar\u015f\u0131 diren\u00e7 sa\u011flar.<\/p>\n<h3>3. Hassas Di\u015fliler<\/h3>\n<p>\u015eanz\u0131man, torku ve h\u0131z\u0131 optimize eden hassas bir \u015fekilde tasarlanm\u0131\u015f di\u015flilere sahiptir ve farkl\u0131 toprak tiplerine uyum sa\u011flarken verimli delmeye olanak tan\u0131r.<\/p>\n<h3>4. Verimli G\u00fc\u00e7 Transferi<\/h3>\n<p>Trakt\u00f6r\u00fcn PTO'suna ba\u011flanan g\u00fcvenilir giri\u015f mili ile \u015fanz\u0131man, trakt\u00f6r motorundan gelen g\u00fcc\u00fcn d\u00fczg\u00fcn bir \u015fekilde aktar\u0131lmas\u0131n\u0131 kolayla\u015ft\u0131rarak genel performans\u0131 art\u0131r\u0131r.<\/p>\n<h3>5. Geli\u015fmi\u015f Uzun \u00d6m\u00fcr<\/h3>\n<p>Y\u00fcksek kaliteli rulmanlar s\u00fcrt\u00fcnmeyi ve a\u015f\u0131nmay\u0131 en aza indirerek, s\u00fcrekli a\u011f\u0131r y\u00fckler alt\u0131nda bile \u015fanz\u0131man\u0131n uzun \u00f6m\u00fcrl\u00fc olmas\u0131na katk\u0131da bulunur.<\/p>\n<h3>6. Etkili S\u0131zd\u0131rmazl\u0131k Sistemi<\/h3>\n<p>\u0130\u00e7 bile\u015fenleri kir ve nemden korumak i\u00e7in contalar entegre edilmi\u015ftir, bu sayede ya\u011flaman\u0131n korunmas\u0131na ve erken hasar\u0131n \u00f6nlenmesine yard\u0131mc\u0131 olunur.<\/p>\n<h3>7. \u00c7ok Y\u00f6nl\u00fc Uygulama<\/h3>\n<p>\u00c7e\u015fitli toprak ko\u015fullar\u0131na uygun olan bu \u015fanz\u0131man, tar\u0131m, peyzaj ve in\u015faat uygulamalar\u0131 i\u00e7in idealdir ve bu da onu direk \u00e7ukuru kazma i\u00e7in \u00e7ok y\u00f6nl\u00fc bir se\u00e7im haline getirir.<\/p>\n<h3>8. Kolay Bak\u0131m<\/h3>\n<p>Tasar\u0131m, kullan\u0131c\u0131lar\u0131n bile\u015fenlere kolayca eri\u015fip inceleme ve bak\u0131m yapabilmelerini sa\u011flayarak kolay bak\u0131m imk\u00e2n\u0131 sa\u011fl\u0131yor.<\/p>\n<p>Bu \u00f6zellikler, 75 HP A\u011f\u0131r Hizmet Tipi Direk Delme Makinesi \u015eanz\u0131man\u0131n\u0131, verimli ve dayan\u0131kl\u0131 delme \u00e7\u00f6z\u00fcmlerine ihtiya\u00e7 duyan profesyoneller i\u00e7in g\u00fcvenilir bir se\u00e7im haline getirir.<\/p>\n<p><img loading=\"lazy\" decoding=\"async\" class=\"alignnone size-full wp-image-1839\" src=\"https:\/\/fmp-components.com\/wp-content\/uploads\/2024\/12\/Post-Hole-Digger-Gearbox-5.webp\" alt=\"A\u011f\u0131r Hizmet Tipi Direk \u00c7ukuru Kaz\u0131c\u0131 \u015eanz\u0131man Par\u00e7alar\u0131\" width=\"1282\" height=\"642\" title=\"\" srcset=\"https:\/\/fmp-components.com\/wp-content\/uploads\/2024\/12\/Post-Hole-Digger-Gearbox-5.webp 1282w, https:\/\/fmp-components.com\/wp-content\/uploads\/2024\/12\/Post-Hole-Digger-Gearbox-5-1280x641.webp 1280w, https:\/\/fmp-components.com\/wp-content\/uploads\/2024\/12\/Post-Hole-Digger-Gearbox-5-980x491.webp 980w, https:\/\/fmp-components.com\/wp-content\/uploads\/2024\/12\/Post-Hole-Digger-Gearbox-5-480x240.webp 480w\" sizes=\"(min-width: 0px) and (max-width: 480px) 480px, (min-width: 481px) and (max-width: 980px) 980px, (min-width: 981px) and (max-width: 1280px) 1280px, (min-width: 1281px) 1282px, 100vw\" \/><\/p>\n<h2>FMP Hakk\u0131nda<\/h2>\n<p>\u0130talya merkezli FMP, geni\u015f bir yelpazede red\u00fckt\u00f6r, red\u00fckt\u00f6r ve m\u00fchendislik makinelerinin ara\u015ft\u0131rma, geli\u015ftirme ve \u00fcretimine odaklanm\u0131\u015ft\u0131r. \u00dcr\u00fcn portf\u00f6y\u00fcm\u00fcz \u015funlar\u0131 i\u00e7erir:<\/p>\n<ul>\n<li><strong>Spiral Konik Red\u00fckt\u00f6rler<\/strong><\/li>\n<li><strong>D\u00fcz \u015eanz\u0131manlar<\/strong><\/li>\n<li><strong>Sonsuz Di\u015fli Kutular\u0131<\/strong><\/li>\n<li><strong>Silindirik Red\u00fckt\u00f6rler<\/strong><\/li>\n<li><strong>Y\u00fcksek Bas\u0131n\u00e7l\u0131 D\u00f6k\u00fcm Vana G\u00f6vdeleri ve Muhafazalar\u0131<\/strong><\/li>\n<\/ul>\n<p>Bu \u00fcr\u00fcnler, tar\u0131m bi\u00e7me makineleri, kar k\u00fcreme makineleri, g\u00fcbre serpme makineleri, tah\u0131l konvey\u00f6rleri, end\u00fcstriyel ekipmanlar, petrol \u00e7\u0131karma makineleri, denizcilik end\u00fcstrisi ekipmanlar\u0131 ve m\u00fchendislik i\u00e7in hidrolik bile\u015fenler dahil olmak \u00fczere \u00e7e\u015fitli uygulamalara hitap etmektedir.<\/p>\n<p>FMP olarak, g\u00fc\u00e7l\u00fc teknik ve ara\u015ft\u0131rma yeteneklerimizle gurur duyuyoruz. G\u00fcvenilir ve y\u00fcksek kaliteli \u00fcr\u00fcnler \u00fcretme konusundaki kararl\u0131l\u0131\u011f\u0131m\u0131z, bize imalat sekt\u00f6r\u00fcnde m\u00fckemmel bir itibar kazand\u0131rd\u0131. Yenilik\u00e7ili\u011fi, kaliteyi ve m\u00fc\u015fteri memnuniyetini \u00f6n planda tutan benzersiz bir i\u015f felsefesini benimsiyor ve m\u00fc\u015fterilerimizin de\u011fi\u015fen ihtiya\u00e7lar\u0131n\u0131 kar\u015f\u0131l\u0131yoruz.<\/p>\n<p><img loading=\"lazy\" decoding=\"async\" class=\"alignnone wp-image-1840\" src=\"https:\/\/fmp-components.com\/wp-content\/uploads\/2024\/12\/Post-Hole-Digger-Gearbox-6.webp\" alt=\"Direk-Delik-Kaz\u0131c\u0131-Di\u015fli Kutusu\" width=\"884\" height=\"582\" title=\"\" srcset=\"https:\/\/fmp-components.com\/wp-content\/uploads\/2024\/12\/Post-Hole-Digger-Gearbox-6.webp 884w, https:\/\/fmp-components.com\/wp-content\/uploads\/2024\/12\/Post-Hole-Digger-Gearbox-6-480x316.webp 480w\" sizes=\"(min-width: 0px) and (max-width: 480px) 480px, (min-width: 481px) 884px, 100vw\" \/><\/p>\n<h3>Tar\u0131msal Red\u00fckt\u00f6rlerin \u00dcretim S\u00fcreci<\/h3>\n<p>Tar\u0131msal di\u015fli kutular\u0131n\u0131n \u00fcretim s\u00fcreci karma\u015f\u0131kt\u0131r ve birka\u00e7 \u00f6nemli ad\u0131m\u0131 i\u00e7erir:<\/p>\n<ol>\n<li><strong>\u00dcr\u00fcn Tasar\u0131m\u0131<\/strong>:Bu ilk a\u015fama, di\u015fli kutusunun belirli uygulama gereksinimlerini kar\u015f\u0131layacak \u015fekilde teknik \u00f6zelliklerinin, malzemelerinin ve boyutlar\u0131n\u0131n se\u00e7ilmesini i\u00e7erir.<\/li>\n<li><strong>Hammadde Haz\u0131rl\u0131\u011f\u0131<\/strong>:A\u011f\u0131rl\u0131kl\u0131 olarak d\u00f6kme demir veya al\u00fcminyum ala\u015f\u0131m\u0131 olmak \u00fczere temel malzemeleri haz\u0131rl\u0131yor ve bunlar\u0131n s\u0131k\u0131 kalite standartlar\u0131m\u0131z\u0131 kar\u015f\u0131lad\u0131\u011f\u0131ndan emin oluyoruz.<\/li>\n<li><strong>Hassas \u0130\u015fleme<\/strong>: Hammaddeler, y\u00fcksek do\u011frulukta di\u015fliler, miller ve g\u00f6vdeler \u00fcretmek i\u00e7in tornalama, frezeleme ve di\u011fer i\u015flemleri i\u00e7eren hassas i\u015fleme tabi tutulur.<\/li>\n<li><strong>Toplant\u0131<\/strong>: Di\u015fliler, yataklar ve miller gibi bile\u015fenler g\u00f6vde i\u00e7erisinde titizlikle monte edilir. Bu a\u015famada, hassasiyet kontrol\u00fc ve kalibrasyonu yapar ve sorunsuz \u00e7al\u0131\u015fmas\u0131n\u0131 sa\u011flamak i\u00e7in uygun ya\u011flay\u0131c\u0131lar\u0131 uygular\u0131z.<\/li>\n<li><strong>\u0130\u015flem \u0130\u015flemi<\/strong>: \u015eanz\u0131manlar\u0131m\u0131z \u0131s\u0131l i\u015fleme tabi tutularak mukavemetleri ve a\u015f\u0131nma diren\u00e7leri art\u0131r\u0131l\u0131r ve uzun \u00f6m\u00fcrl\u00fc performans sa\u011flarlar.<\/li>\n<li><strong>Y\u00fczey \u0130\u015flem<\/strong>: \u015eanz\u0131manlar\u0131n hem estetik g\u00f6r\u00fcn\u00fcm\u00fcn\u00fc hem de korozyon direncini art\u0131rmak i\u00e7in parlatma ve toz boya gibi y\u00fczey i\u015flemlerini uyguluyoruz.<\/li>\n<li><strong>Kalite Kontrol<\/strong>: \u015eanz\u0131manlar\u0131m\u0131z\u0131n g\u00fcvenlik ve performans standartlar\u0131n\u0131 kar\u015f\u0131lad\u0131\u011f\u0131ndan emin olmak i\u00e7in boyutlar, hassasiyet, g\u00fcr\u00fclt\u00fc ve titre\u015fim \u00f6l\u00e7\u00fclerek s\u0131k\u0131 kalite kontrolleri yap\u0131l\u0131r.<\/li>\n<\/ol>\n<p>Genel olarak, tar\u0131m di\u015fli kutular\u0131n\u0131n \u00fcretimi, yetenekli zanaatkarlar, geli\u015fmi\u015f \u00fcretim ekipmanlar\u0131 ve kapsaml\u0131 bir kalite kontrol sistemi gerektiren karma\u015f\u0131k bir s\u00fcre\u00e7tir. Bu titiz yakla\u015f\u0131m, di\u015fli kutular\u0131m\u0131z\u0131n ola\u011fan\u00fcst\u00fc performans ve g\u00fcvenilirlik sunmas\u0131n\u0131 sa\u011flar.<\/p>\n<p>Yazar: CX<\/p>","protected":false},"excerpt":{"rendered":"<p>75 HP Heavy Duty Post Hole Digger Gearbox Dimensions Product Specifications: This post hole digger gearbox is a 75 horsepower, right angle gearbox used on many post hole digger attachments. This heavy duty post hole digger gearbox is a direct replacement for a number of manufacturers. Just check the measurements on yours to make sure [&hellip;]<\/p>","protected":false},"featured_media":1833,"comment_status":"open","ping_status":"closed","template":"","meta":{"_et_pb_use_builder":"","_et_pb_old_content":"","_et_gb_content_width":""},"product_brand":[],"product_cat":[50],"product_tag":[],"class_list":{"0":"post-1831","1":"product","2":"type-product","3":"status-publish","4":"has-post-thumbnail","6":"product_cat-post-hole-digger-gearbox","8":"first","9":"instock","10":"shipping-taxable","11":"product-type-simple"},"_links":{"self":[{"href":"https:\/\/fmp-components.com\/tr\/wp-json\/wp\/v2\/product\/1831","targetHints":{"allow":["GET"]}}],"collection":[{"href":"https:\/\/fmp-components.com\/tr\/wp-json\/wp\/v2\/product"}],"about":[{"href":"https:\/\/fmp-components.com\/tr\/wp-json\/wp\/v2\/types\/product"}],"replies":[{"embeddable":true,"href":"https:\/\/fmp-components.com\/tr\/wp-json\/wp\/v2\/comments?post=1831"}],"wp:featuredmedia":[{"embeddable":true,"href":"https:\/\/fmp-components.com\/tr\/wp-json\/wp\/v2\/media\/1833"}],"wp:attachment":[{"href":"https:\/\/fmp-components.com\/tr\/wp-json\/wp\/v2\/media?parent=1831"}],"wp:term":[{"taxonomy":"product_brand","embeddable":true,"href":"https:\/\/fmp-components.com\/tr\/wp-json\/wp\/v2\/product_brand?post=1831"},{"taxonomy":"product_cat","embeddable":true,"href":"https:\/\/fmp-components.com\/tr\/wp-json\/wp\/v2\/product_cat?post=1831"},{"taxonomy":"product_tag","embeddable":true,"href":"https:\/\/fmp-components.com\/tr\/wp-json\/wp\/v2\/product_tag?post=1831"}],"curies":[{"name":"wp","href":"https:\/\/api.w.org\/{rel}","templated":true}]}}