{"id":1717,"date":"2024-12-23T07:03:08","date_gmt":"2024-12-23T07:03:08","guid":{"rendered":"https:\/\/fmp-components.com\/product\/factory-price-long-stroke-hydraulic-cylinder-for-dump-trailer\/"},"modified":"2025-03-18T01:47:42","modified_gmt":"2025-03-18T01:47:42","slug":"factory-price-long-stroke-hydraulic-cylinder-for-dump-trailer","status":"publish","type":"product","link":"https:\/\/fmp-components.com\/tr\/product\/factory-price-long-stroke-hydraulic-cylinder-for-dump-trailer\/","title":{"rendered":"Damperli R\u00f6mork \u0130\u00e7in Fabrika Fiyat\u0131na Uzun Stroklu Hidrolik Silindir"},"content":{"rendered":"<p>Fabrika Fiyat\u0131 Uzun Stroklu Hidrolik Silindir, damperli r\u00f6morklar i\u00e7in \u00fcst\u00fcn performans ve dayan\u0131kl\u0131l\u0131k sa\u011flamak \u00fczere tasarlanm\u0131\u015f y\u00fcksek kaliteli bir \u00fcr\u00fcnd\u00fcr. Bu hidrolik silindir, \u00f6zellikle damperli r\u00f6morklar i\u00e7in tasarlanm\u0131\u015ft\u0131r ve verimli ve g\u00fcvenilir r\u00f6mork \u00e7al\u0131\u015fmas\u0131 i\u00e7in vazge\u00e7ilmez bir bile\u015fendir.<\/p>\n<p>Bu hidrolik silindirin en \u00f6nemli \u00f6zelliklerinden biri uzun strok kapasitesidir. Uzun strok uzunlu\u011fu sayesinde daha geni\u015f bir hareket aral\u0131\u011f\u0131na olanak tan\u0131r ve damperli r\u00f6morkun y\u00fckleri kolayl\u0131kla kald\u0131r\u0131p indirmesini sa\u011flar. Bu da in\u015faat, tar\u0131m ve ta\u015f\u0131mac\u0131l\u0131k gibi \u00e7e\u015fitli uygulamalarda verimlili\u011fin ve etkinli\u011fin artmas\u0131 anlam\u0131na gelir.<\/p>\n<p><img decoding=\"async\" src=\"https:\/\/hzpt.com\/wp-content\/uploads\/2023\/11\/Inverted-Telescopic-Cylinder-15.webp\" alt=\"\" title=\"\"><\/p>\n<p>Hidrolik silindir, dayan\u0131kl\u0131l\u0131\u011f\u0131n\u0131 ve a\u015f\u0131nmaya kar\u015f\u0131 direncini garanti eden birinci s\u0131n\u0131f malzemeler kullan\u0131larak \u00fcretilmi\u015ftir. A\u011f\u0131r hizmet uygulamalar\u0131nda s\u0131kl\u0131kla kar\u015f\u0131la\u015f\u0131lan zorlu ko\u015fullara dayanacak \u015fekilde tasarlanm\u0131\u015ft\u0131r. Sa\u011flam yap\u0131s\u0131yla bu hidrolik silindir, uzun vadeli g\u00fcvenilirlik ve performans sunarak ar\u0131za s\u00fcrelerini ve bak\u0131m maliyetlerini en aza indirir.<\/p>\n<p>Ayr\u0131ca, Fabrika Fiyat\u0131 Uzun Strok Hidrolik Silindir, damperli r\u00f6morklar i\u00e7in geli\u015fmi\u015f hidrolik teknolojisiyle donat\u0131lm\u0131\u015ft\u0131r. Kald\u0131rma ve indirme i\u015flemi s\u0131ras\u0131nda hassas kontrol sa\u011flayan, sorunsuz ve hassas \u00e7al\u0131\u015fma sunan y\u00fcksek kaliteli bir hidrolik sisteme sahiptir. Bu, y\u00fcklerin g\u00fcvenli ve verimli bir \u015fekilde ta\u015f\u0131nmas\u0131n\u0131 sa\u011flayarak genel verimlili\u011fi art\u0131r\u0131r.<\/p>\n<p>Ayr\u0131ca, bu hidrolik silindir kolay kurulum ve \u00e7e\u015fitli damperli r\u00f6mork modelleriyle uyumluluk i\u00e7in tasarlanm\u0131\u015ft\u0131r. Gerekli t\u00fcm montaj donan\u0131m\u0131 ve ba\u011flant\u0131 par\u00e7alar\u0131yla birlikte gelir, bu da kurulum s\u00fcrecini h\u0131zl\u0131 ve sorunsuz hale getirir.<\/p>\n<p>Sonu\u00e7 olarak, Fabrika Fiyatl\u0131 Uzun Stroklu Hidrolik Silindir, damperli r\u00f6morklar i\u00e7in m\u00fckemmel fiyat-performans oran\u0131 sunan g\u00fcvenilir ve y\u00fcksek performansl\u0131 bir \u00fcr\u00fcnd\u00fcr. Uzun strok kapasitesi, dayan\u0131kl\u0131 yap\u0131s\u0131, geli\u015fmi\u015f hidrolik teknolojisi ve kolay montaj\u0131, onu damperli r\u00f6mork uygulamalar\u0131 i\u00e7in ideal bir se\u00e7im haline getirir. \u0130n\u015faat, tar\u0131m veya ta\u015f\u0131mac\u0131l\u0131k sekt\u00f6r\u00fcnde olsan\u0131z da, bu hidrolik silindir damperli r\u00f6morkunuzun performans\u0131n\u0131 ve verimlili\u011fini kesinlikle art\u0131racakt\u0131r. Damperli r\u00f6morklar i\u00e7in \u00f6zel olarak tasarlanm\u0131\u015f, yepyeni, fabrika fiyatl\u0131 Uzun Stroklu Hidrolik Silindirimizin en son teknolojisini ve ola\u011fan\u00fcst\u00fc kalitesini ke\u015ffedin. Bu hidrolik silindir, g\u00fcvenilirlik ve g\u00f6n\u00fcl rahatl\u0131\u011f\u0131 sa\u011flayan 1 y\u0131ll\u0131k garantiyle desteklenmektedir. \u00dcretim tesisleri, makine tamir at\u00f6lyeleri, \u00e7iftlikler, enerji ve madencilik ve makine fabrikalar\u0131 dahil olmak \u00fczere \u00e7ok \u00e7e\u015fitli sekt\u00f6rler i\u00e7in uygundur. 40 kg a\u011f\u0131rl\u0131\u011f\u0131ndaki bu \u00fcr\u00fcn, \u00e7\u0131k\u0131\u015f muayene videolar\u0131 ve makine test raporlar\u0131yla birlikte gelir. 2025 y\u0131l\u0131 i\u00e7in yeni bir \u00fcr\u00fcn olarak, rulmanlar ve piston silindiri gibi temel bile\u015fenler i\u00e7in 1 y\u0131ll\u0131k garanti sunmaktad\u0131r. Piston silindir yap\u0131s\u0131 hidrolik g\u00fc\u00e7le \u00e7al\u0131\u015f\u0131r ve sa\u011flam \u00e7elikten \u00fcretilmi\u015ftir.<\/p>\n<p><img decoding=\"async\" src=\"https:\/\/hzpt.com\/wp-content\/uploads\/2023\/11\/Inverted-Telescopic-Cylinder-6.webp\" alt=\"\" title=\"\"><\/p>\n<h2>Uzun Stroklu Hidrolik Silindirin \u00d6zellikleri<\/h2>\n<p>Uzun Stroklu Hidrolik Silindir, hidrolik enerjiyle \u00e7al\u0131\u015fan standart bir piston silindir yap\u0131s\u0131d\u0131r. Bu \u00fcr\u00fcn\u00fcn temel \u00f6zellikleri \u015funlard\u0131r:<\/p>\n<p>1. G\u00f6vde Malzemesi: Dayan\u0131kl\u0131 \u00e7elikten \u00fcretilmi\u015ftir, uzun \u00f6m\u00fcrl\u00fc performans sa\u011flar.<\/p>\n<p>2. Maksimum \u0130tme Kuvveti: Maksimum 3000'lik bir itme kuvveti uygulayabilir.<\/p>\n<p>3. Tip: \u00dcst\u00fcn operasyonel verimlilik sa\u011flayan ters teleskopik bir silindirdir.<\/p>\n<p>4. Ba\u011flant\u0131 Noktalar\u0131: \u00c7ok y\u00f6nl\u00fc ba\u011flant\u0131 i\u00e7in G\/SAE\/NPT\/M ba\u011flant\u0131 noktalar\u0131yla donat\u0131lm\u0131\u015ft\u0131r.<\/p>\n<p>5. Maksimum \u00c7ekme Kapasitesi: Maksimum 20 ton \u00e7ekme kapasitesine sahiptir.<\/p>\n<h2>Uzun Stroklu Hidrolik Silindirin Uygulamalar\u0131<\/h2>\n<p>Bu hidrolik silindir, a\u015fa\u011f\u0131dakiler de dahil olmak \u00fczere \u00e7e\u015fitli sekt\u00f6rlerde ve uygulamalarda kullan\u0131labilir:<\/p>\n<p>1. \u00dcretim tesisleri: \u00c7e\u015fitli \u00fcretim s\u00fcre\u00e7lerinde de\u011ferlidir.<\/p>\n<p>2. Makine Tamir At\u00f6lyeleri: A\u011f\u0131r makinelerin tamiri i\u00e7in olmazsa olmazd\u0131r.<\/p>\n<p>3. \u00c7iftlikler: Tar\u0131m makinelerinin kullan\u0131m\u0131 i\u00e7in idealdir.<\/p>\n<p>4. Enerji ve Madencilik: A\u011f\u0131r hizmet tipi enerji ve madencilik operasyonlar\u0131 i\u00e7in m\u00fckemmeldir.<\/p>\n<p>5. Makine Fabrikas\u0131: Makine imalat\u0131 i\u00e7in hayati bir bile\u015fen.<\/p>\n<p><img decoding=\"async\" src=\"https:\/\/hzpt.com\/wp-content\/uploads\/2023\/11\/Inverted-Telescopic-Cylinder-Applications.webp\" alt=\"Ters Teleskopik Silindir Uygulamalar\u0131\" title=\"\"><\/p>\n<h2>Uzun Stroklu Hidrolik Silindirin \u00c7al\u0131\u015fma Prensibi ve Bak\u0131m\u0131<\/h2>\n<p>Uzun stroklu hidrolik silindir, hidrolik g\u00fc\u00e7 prensibine g\u00f6re \u00e7al\u0131\u015f\u0131r. Silindire hidrolik s\u0131v\u0131 verilir ve bu da \u00e7\u0131k\u0131\u015f kuvveti olu\u015fturur. Optimum i\u015flevselli\u011fi sa\u011flamak i\u00e7in d\u00fczenli kontrol, temizlik, ya\u011flama ve onar\u0131m gereklidir. \u00d6zel bak\u0131m noktalar\u0131 \u015funlard\u0131r:<\/p>\n<p>1. D\u00fczenli Kontrol: Olas\u0131 hasarlar\u0131 \u00f6nlemek i\u00e7in s\u0131k s\u0131k kontrol yap\u0131lmas\u0131 gereklidir.<\/p>\n<p>2. Temizlik: D\u00fczenli temizlik, kir ve d\u00f6k\u00fcnt\u00fclerin birikmesini \u00f6nler.<\/p>\n<p>3. Ya\u011flama: D\u00fczenli ya\u011flama, sorunsuz \u00e7al\u0131\u015fmay\u0131 sa\u011flar.<\/p>\n<p>4. Onar\u0131mlar: Daha fazla hasar\u0131 \u00f6nlemek i\u00e7in gerekli onar\u0131mlar\u0131 derhal yap\u0131n.<\/p>\n<p>5. Conta De\u011fi\u015fimi: S\u0131z\u0131nt\u0131lar\u0131 \u00f6nlemek i\u00e7in contalar\u0131n d\u00fczenli olarak de\u011fi\u015ftirilmesi \u00f6nemlidir.<\/p>\n<p><img decoding=\"async\" src=\"https:\/\/hzpt.com\/wp-content\/uploads\/2023\/11\/Inverted-Telescopic-Cylinder-Manufacturers.webp\" alt=\"HZPT Hidrolik Makine Fabrikas\u0131\" title=\"\"><\/p>\n<h3>\u00d6zellikler<\/h3>\n<ul>\n<li>Ters teleskopik silindir, silindir g\u00f6vdesi i\u00e7inde ileri geri hareket eden tek veya \u00e7ift etkili bir pistondan olu\u015fur.<\/li>\n<li>Piston kolu pistona ba\u011fl\u0131d\u0131r ve silindir g\u00f6vdesinin alt\u0131ndan d\u0131\u015far\u0131 do\u011fru uzan\u0131r.<\/li>\n<li>\u00c7ap\u0131 daha k\u00fc\u00e7\u00fck olan \u00e7e\u015fitli silindir kademeleri ters \u00e7evrilerek daha b\u00fcy\u00fck \u00e7apl\u0131 silindir g\u00f6vdesine monte edilir.<\/li>\n<li>Piston tamamen geri \u00e7ekildi\u011finde, daha k\u00fc\u00e7\u00fck \u00e7apl\u0131 silindirler daha b\u00fcy\u00fck \u00e7apl\u0131 silindir g\u00f6vdesinin i\u00e7ine yerle\u015ftirilir.<\/li>\n<li>Silindir, kompakt bir tasar\u0131ma sahiptir ve alan\u0131n s\u0131n\u0131rl\u0131 oldu\u011fu uygulamalar i\u00e7in uygundur.<\/li>\n<\/ul>\n<h3>Avantajlar\u0131<\/h3>\n<ul>\n<li>Ters teleskopik silindir, di\u011fer hidrolik silindir t\u00fcrlerine k\u0131yasla daha uzun bir strok uzunlu\u011funa sahiptir.<\/li>\n<li>Daha k\u00fc\u00e7\u00fck \u00e7apl\u0131 silindirlerin i\u00e7 i\u00e7e ge\u00e7mi\u015f tasar\u0131m\u0131, silindir tamamen uzat\u0131ld\u0131\u011f\u0131nda toplam uzunlu\u011funu azalt\u0131r.<\/li>\n<li>Silindir y\u00fcksek y\u00fck ta\u015f\u0131ma kapasitesine sahiptir ve b\u00fcy\u00fck bir \u00e7\u0131k\u0131\u015f kuvveti \u00fcretebilir.<\/li>\n<li>Silindirin tasar\u0131m\u0131, piston koluna ve silindir g\u00f6vdesine gelebilecek hasar riskini azalt\u0131r.<\/li>\n<li>Bu tip silindirlerin montaj\u0131 ve bak\u0131m\u0131 kolayd\u0131r.<\/li>\n<\/ul>\n<h3>Uygulamalar<\/h3>\n<p>Ters teleskopik silindir, \u00e7e\u015fitli end\u00fcstrilerde geni\u015f bir uygulama yelpazesine sahiptir. Genellikle damperli r\u00f6morklarda, r\u00f6mork yata\u011f\u0131n\u0131 kald\u0131rmak ve indirmek i\u00e7in kullan\u0131l\u0131r. Fabrika Fiyat\u0131 Uzun Stroklu Hidrolik Silindir, y\u00fcksek y\u00fck ta\u015f\u0131ma kapasitesi ve uzun strok uzunlu\u011fu nedeniyle \u00fcreticiler aras\u0131nda pop\u00fcler bir tercihtir. Ters teleskopik silindirler ayr\u0131ca tar\u0131m ekipmanlar\u0131nda, in\u015faat makinelerinde ve malzeme ta\u015f\u0131ma ekipmanlar\u0131nda da kullan\u0131l\u0131r. Kompakt bir tasar\u0131mda b\u00fcy\u00fck \u00e7\u0131k\u0131\u015f kuvveti ve uzun strok uzunlu\u011funun gerekli oldu\u011fu uygulamalar i\u00e7in uygundurlar.<\/p>\n<h3>FMP \u2013 Hidrolik Silindir Hakk\u0131nda<\/h3>\n<p>FMP olarak, y\u00fcksek kaliteli in\u015faat makinesi par\u00e7alar\u0131 ve komple makinelerin sat\u0131\u015f ve servisinde uzmanla\u015f\u0131yoruz. Hidrolik Silindirimiz en pop\u00fcler \u00fcr\u00fcnlerimizden biri ve bunun hakl\u0131 bir nedeni var. \u0130\u015fte FMP Hidrolik Silindirinin in\u015faat makinesi ihtiya\u00e7lar\u0131n\u0131z i\u00e7in en iyi se\u00e7im olmas\u0131n\u0131n be\u015f nedeni:<\/p>\n<p>1. <strong>En Kaliteli Malzemeler<\/strong>:Hidrolik Silindirimiz dayan\u0131kl\u0131 ve g\u00fcvenilir malzemelerden \u00fcretilmi\u015ftir, uzun \u00f6m\u00fcrl\u00fc performans ve minimum bak\u0131m gereksinimi sa\u011flar.<\/p>\n<p>2. <strong>\u00d6zelle\u015ftirilebilir Se\u00e7enekler<\/strong>: \u00d6zel ihtiya\u00e7lar\u0131n\u0131z\u0131 kar\u015f\u0131lamak i\u00e7in ayarlanabilir \u00e7atal tipi silindirlerin yan\u0131 s\u0131ra di\u011fer \u00f6zelle\u015ftirilebilir se\u00e7enekler de sunuyoruz. \u0130n\u015faat makinesi par\u00e7alar\u0131 konusundaki uzmanl\u0131\u011f\u0131m\u0131zla, ekipman\u0131n\u0131z i\u00e7in en iyi \u00e7\u00f6z\u00fcm\u00fc bulmak \u00fczere sizinle birlikte \u00e7al\u0131\u015fabiliriz.<\/p>\n<p>3. <strong>Uzman Ekip<\/strong>Deneyimli ve yetenekli sat\u0131\u015f ekibimiz, in\u015faat makineleri sekt\u00f6r\u00fcndeki en son trendler ve m\u00fc\u015fteri ihtiya\u00e7lar\u0131 konusunda bilgilidir. \u0130\u015fletmeniz i\u00e7in en iyi karar\u0131 vermenize yard\u0131mc\u0131 olmak \u00fczere profesyonel \u00fcr\u00fcn dan\u0131\u015fmanl\u0131\u011f\u0131 ve ak\u0131ll\u0131 sat\u0131n alma \u00f6nerileri sunabilirler.<\/p>\n<p>4. <strong>Verimli Lojistik<\/strong>M\u00fc\u015fterilerimizin ihtiya\u00e7 duyduklar\u0131 par\u00e7alar\u0131 zaman\u0131nda ve do\u011fru bir \u015fekilde almas\u0131n\u0131 sa\u011flamak i\u00e7in verimli bir lojistik da\u011f\u0131t\u0131m sistemimiz var. Bu, in\u015faat makineleriniz i\u00e7in minimum ar\u0131za s\u00fcresi ve i\u015fletmeniz i\u00e7in sorunsuz bir \u00e7al\u0131\u015fma anlam\u0131na gelir.<\/p>\n<p>5. <strong>S\u0131k\u0131 Kalite Kontrol\u00fc<\/strong>: Yurt i\u00e7inde ve yurt d\u0131\u015f\u0131nda bir\u00e7ok y\u00fcksek kaliteli tedarik\u00e7iyle uzun vadeli ve istikrarl\u0131 i\u015fbirli\u011fi ili\u015fkileri kuruyor, Hidrolik Silindirimiz de dahil olmak \u00fczere tedarik etti\u011fimiz t\u00fcm par\u00e7alar\u0131n s\u0131k\u0131 kalite standartlar\u0131n\u0131 kar\u015f\u0131lamas\u0131n\u0131 sa\u011fl\u0131yoruz.<\/p>\n<p>FMP Hidrolik Silindirleri ile in\u015faat makinelerinizin kalitesine ve g\u00fcvenilirli\u011fine g\u00fcvenebilirsiniz. \u00dcr\u00fcnlerimiz hakk\u0131nda daha fazla bilgi edinmek ve i\u015f ihtiya\u00e7lar\u0131n\u0131z i\u00e7in en iyi \u00e7\u00f6z\u00fcmleri bulman\u0131za nas\u0131l yard\u0131mc\u0131 olabilece\u011fimizi \u00f6\u011frenmek i\u00e7in bug\u00fcn bizimle ileti\u015fime ge\u00e7in.<\/p>\n<p><img decoding=\"async\" src=\"https:\/\/fmp-components.com\/wp-content\/uploads\/2024\/12\/Adjustable-Clevis-Type-Cylinders-6.webp\" alt=\"Ayarlanabilir \u00c7atal Tipi Silindir\" width=\"853\" title=\"\"><br \/>\nYazar:CX<\/p>","protected":false},"excerpt":{"rendered":"<p>The Factory Price Long Stroke Hydraulic Cylinder For Dump Trailer is a high-quality product that is designed to provide superior performance and durability. This hydraulic cylinder is specifically engineered for dump trailers, making it an essential component for efficient and reliable trailer operation. One of the key features of this hydraulic cylinder is its long [&hellip;]<\/p>","protected":false},"featured_media":1718,"comment_status":"closed","ping_status":"closed","template":"","meta":{"_et_pb_use_builder":"","_et_pb_old_content":"","_et_gb_content_width":""},"product_brand":[],"product_cat":[45],"product_tag":[34,48],"class_list":{"0":"post-1717","1":"product","2":"type-product","3":"status-publish","4":"has-post-thumbnail","6":"product_cat-inverted-telescopic-cylinder","7":"product_tag-hydraulic-cylinder","8":"product_tag-inverted-telescopic-cylinder","10":"first","11":"instock","12":"product-type-simple"},"_links":{"self":[{"href":"https:\/\/fmp-components.com\/tr\/wp-json\/wp\/v2\/product\/1717","targetHints":{"allow":["GET"]}}],"collection":[{"href":"https:\/\/fmp-components.com\/tr\/wp-json\/wp\/v2\/product"}],"about":[{"href":"https:\/\/fmp-components.com\/tr\/wp-json\/wp\/v2\/types\/product"}],"replies":[{"embeddable":true,"href":"https:\/\/fmp-components.com\/tr\/wp-json\/wp\/v2\/comments?post=1717"}],"wp:featuredmedia":[{"embeddable":true,"href":"https:\/\/fmp-components.com\/tr\/wp-json\/wp\/v2\/media\/1718"}],"wp:attachment":[{"href":"https:\/\/fmp-components.com\/tr\/wp-json\/wp\/v2\/media?parent=1717"}],"wp:term":[{"taxonomy":"product_brand","embeddable":true,"href":"https:\/\/fmp-components.com\/tr\/wp-json\/wp\/v2\/product_brand?post=1717"},{"taxonomy":"product_cat","embeddable":true,"href":"https:\/\/fmp-components.com\/tr\/wp-json\/wp\/v2\/product_cat?post=1717"},{"taxonomy":"product_tag","embeddable":true,"href":"https:\/\/fmp-components.com\/tr\/wp-json\/wp\/v2\/product_tag?post=1717"}],"curies":[{"name":"wp","href":"https:\/\/api.w.org\/{rel}","templated":true}]}}