{"id":1715,"date":"2024-12-23T07:01:59","date_gmt":"2024-12-23T07:01:59","guid":{"rendered":"https:\/\/fmp-components.com\/product\/excellent-quality-trailer-long-stroke-cylinder-hydraulic-for-trailer\/"},"modified":"2025-03-11T05:49:43","modified_gmt":"2025-03-11T05:49:43","slug":"excellent-quality-trailer-long-stroke-cylinder-hydraulic-for-trailer","status":"publish","type":"product","link":"https:\/\/fmp-components.com\/tr\/product\/excellent-quality-trailer-long-stroke-cylinder-hydraulic-for-trailer\/","title":{"rendered":"R\u00f6morklar i\u00e7in M\u00fckemmel Kalitede Uzun Stroklu Hidrolik Silindir"},"content":{"rendered":"<p>R\u00f6morklar i\u00e7in M\u00fckemmel Kalitede Uzun Stroklu Hidrolik Silindir, her r\u00f6mork sahibi i\u00e7in olmazsa olmazd\u0131r. Bu hidrolik silindir, \u00fcst\u00fcn kalite ve dayan\u0131kl\u0131l\u0131\u011f\u0131yla a\u011f\u0131r hizmet uygulamalar\u0131 i\u00e7in m\u00fckemmel bir se\u00e7imdir.<\/p>\n<p>Y\u00fcksek kaliteli malzemelerden \u00fcretilen bu hidrolik silindir, g\u00fcnl\u00fck kullan\u0131m\u0131n zorluklar\u0131na dayanacak \u015fekilde tasarlanm\u0131\u015ft\u0131r. Uzun stroklu tasar\u0131m\u0131 ola\u011fan\u00fcst\u00fc performans sa\u011flarken, sa\u011flam yap\u0131s\u0131 uzun \u00f6m\u00fcr ve g\u00fcvenilirlik sa\u011flar.<\/p>\n<p>Geli\u015fmi\u015f \u00f6zellikleriyle, M\u00fckemmel Kalite R\u00f6mork Uzun Stroklu Hidrolik Silindir, ola\u011fan\u00fcst\u00fc performans ve verimlilik sunar. Kurulumu ve bak\u0131m\u0131 kolayd\u0131r, bu da onu hem yeni ba\u015flayanlar hem de deneyimli r\u00f6mork sahipleri i\u00e7in ideal bir se\u00e7im haline getirir.<\/p>\n<p>\u0130ster a\u011f\u0131r ekipman, ister hayvan veya ba\u015fka bir y\u00fck ta\u015f\u0131yor olun, bu hidrolik silindir, i\u015fi do\u011fru \u015fekilde yapman\u0131z i\u00e7in gereken g\u00fcc\u00fc ve g\u00fcvenilirli\u011fi sunar. \u00d6yleyse neden bekleyesiniz? Bug\u00fcn R\u00f6morklar i\u00e7in M\u00fckemmel Kalitede Uzun Stroklu Silindir Hidrolik Silindir'e yat\u0131r\u0131m yap\u0131n ve en \u00fcst d\u00fczey performans ve kaliteyi deneyimleyin! En yeni hidrolik teknolojisiyle tan\u0131\u015f\u0131n: r\u00f6morklar i\u00e7in en \u00fcst d\u00fczey, uzun stroklu silindir hidroli\u011fimiz. 2023 y\u0131l\u0131nda piyasaya s\u00fcr\u00fclmesi planlanan bu yepyeni \u00fcr\u00fcn, benzersiz dayan\u0131kl\u0131l\u0131k ve verimlilik sunar. \u00dcretim tesislerinde, makine tamir at\u00f6lyelerinde, \u00e7iftliklerde, enerji ve madencilik sekt\u00f6rlerinde kullan\u0131m i\u00e7in ideal olan hidrolik silindirimiz, sorunsuz \u00e7al\u0131\u015fma ve uzun hizmet \u00f6mr\u00fc sunar. Bu birinci s\u0131n\u0131f \u00fcr\u00fcn, yatak ve piston silindiri de dahil olmak \u00fczere temel bile\u015fenler i\u00e7in 1 y\u0131l garantilidir.<\/p>\n<p><img decoding=\"async\" src=\"https:\/\/hzpt.com\/wp-content\/uploads\/2023\/11\/Inverted-Telescopic-Cylinder-22.webp\" alt=\"\" title=\"\"><\/p>\n<h2>R\u00f6morklar i\u00e7in Uzun Stroklu Hidrolik Silindirlerimizin \u00d6zellikleri<\/h2>\n<p>R\u00f6morklar i\u00e7in uzun stroklu silindir hidroli\u011fi, a\u015fa\u011f\u0131daki temel \u00f6zelliklere sahip olarak tasarlanm\u0131\u015f standart, piston silindir tipi bir hidrolik sistemdir:<\/p>\n<ol>\n<li>Maksimum g\u00fc\u00e7 ve dayan\u0131kl\u0131l\u0131k i\u00e7in sa\u011flam \u00e7elik g\u00f6vde malzemesi<\/li>\n<li>Verimli \u00e7al\u0131\u015fma i\u00e7in hidrolik g\u00fc\u00e7ten yararlan\u0131r<\/li>\n<li>Maksimum 3000 itme ve 20 ton \u00e7ekme g\u00fcc\u00fcne sahiptir<\/li>\n<li>2-6 in\u00e7 aras\u0131nda de\u011fi\u015fen \u00e7e\u015fitli delik boyutlar\u0131 ve 1,125-4 in\u00e7 \u00e7ubuk boyutu<\/li>\n<li>6-48 in\u00e7 aras\u0131 strok boyutu ve 0,5-2 in\u00e7 aras\u0131 pin boyutu<\/li>\n<\/ol>\n<h2>R\u00f6morklar i\u00e7in Uzun Stroklu Silindir Hidrolik Uygulamalar\u0131m\u0131z<\/h2>\n<p>Uzun stroklu hidrolik silindirimiz a\u015fa\u011f\u0131dakiler gibi \u00e7ok \u00e7e\u015fitli uygulamalar i\u00e7in uygundur:<\/p>\n<ol>\n<li>\u00c7e\u015fitli prosesler i\u00e7in \u00e7e\u015fitli makinelerde kullan\u0131labilece\u011fi \u00fcretim tesisleri<\/li>\n<li>A\u011f\u0131r makinelerin onar\u0131m\u0131 ve bak\u0131m\u0131 i\u00e7in makine tamir at\u00f6lyeleri<\/li>\n<li>A\u011f\u0131r hizmet tipi tar\u0131m ekipmanlar\u0131nda kullan\u0131labilece\u011fi \u00e7iftlikler<\/li>\n<li>A\u011f\u0131r y\u00fckleri destekleyebilen ve zorlu ko\u015fullara dayan\u0131kl\u0131 enerji ve madencilik sekt\u00f6rleri<\/li>\n<li>Makine imalat\u0131 ve fabrikas\u0131, di\u011fer makinelerin \u00fcretiminde kullan\u0131labilir<\/li>\n<\/ol>\n<p><img decoding=\"async\" src=\"https:\/\/hzpt.com\/wp-content\/uploads\/2023\/11\/Inverted-Telescopic-Cylinder-Applications.webp\" alt=\"Uzun Stroklu Silindir Hidrolik Uygulamalar\u0131\" title=\"\"><\/p>\n<h2>R\u00f6morklar i\u00e7in Uzun Stroklu Silindir Hidrolik Sisteminin \u00c7al\u0131\u015fma Prensibi ve Bak\u0131m\u0131<\/h2>\n<p>R\u00f6morklar i\u00e7in Uzun Stroklu Silindir Hidrolik Sistemi, hidrolik s\u0131v\u0131 bas\u0131nc\u0131n\u0131 y\u00fckleri hareket ettirebilecek bir kuvvete d\u00f6n\u00fc\u015ft\u00fcrerek \u00e7al\u0131\u015f\u0131r. Hidrolik s\u0131v\u0131, piston \u00e7ubu\u011funu uzatan ve bir kuvvet olu\u015fturan silindire pompalan\u0131r. Bu kuvvet, y\u00fckleri kald\u0131rmak, itmek veya \u00e7ekmek i\u00e7in kullan\u0131labilir.<\/p>\n<p>Hidrolik silindirin bak\u0131m\u0131 \u015funlar\u0131 i\u00e7erir:<\/p>\n<ol>\n<li>Herhangi bir a\u015f\u0131nma, y\u0131pranma veya hasar belirtisi olup olmad\u0131\u011f\u0131n\u0131 kontrol etmek i\u00e7in d\u00fczenli muayene<\/li>\n<li>\u00c7al\u0131\u015fmas\u0131n\u0131 etkileyebilecek kir veya kal\u0131nt\u0131lar\u0131 temizlemek i\u00e7in silindiri temizleyin<\/li>\n<li>S\u00fcrt\u00fcnmeyi azaltmak ve a\u015f\u0131nma ve y\u0131pranmay\u0131 \u00f6nlemek i\u00e7in hareketli par\u00e7alar\u0131n ya\u011flanmas\u0131<\/li>\n<li>Silindirin en iyi durumda tutulmas\u0131 i\u00e7in d\u00fczenli denetimler ve onar\u0131mlar<\/li>\n<li>S\u0131z\u0131nt\u0131lar\u0131 \u00f6nlemek i\u00e7in contalar\u0131n gerekti\u011fi gibi de\u011fi\u015ftirilmesi<\/li>\n<\/ol>\n<h2>Ters Teleskopik Silindir<\/h2>\n<p>Ters teleskopik silindir, r\u00f6morklar da dahil olmak \u00fczere \u00e7e\u015fitli uygulamalarda yayg\u0131n olarak kullan\u0131lan bir hidrolik silindir t\u00fcr\u00fcd\u00fcr. \u00d6zellikle uzun strok kabiliyeti a\u00e7\u0131s\u0131ndan m\u00fckemmel kalite ve performans sa\u011flamak \u00fczere tasarlanm\u0131\u015ft\u0131r. Bu silindir t\u00fcr\u00fc, benzersiz bir yap\u0131ya sahiptir ve do\u011frusal kuvvet ve hareket \u00fcretmek i\u00e7in hidrolik bas\u0131n\u00e7 prensibiyle \u00e7al\u0131\u015f\u0131r.<\/p>\n<p>\u0130\u015fte R\u00f6mork i\u00e7in M\u00fckemmel Kalite R\u00f6mork Uzun Stroklu Hidrolik Silindirinin baz\u0131 temel \u00f6zellikleri ve avantajlar\u0131:<\/p>\n<ol>\n<li><strong>Geli\u015fmi\u015f Tasar\u0131m:<\/strong> Ters teleskopik silindir, \u00fcst\u00fcn performans sa\u011flayan sofistike bir tasar\u0131ma sahiptir. Yap\u0131s\u0131, birbirine geri \u00e7ekilen birden fazla kademe veya b\u00f6l\u00fcmden olu\u015fur ve bu da strok uzunlu\u011funun artmas\u0131n\u0131 sa\u011flar.<\/li>\n<li><strong>Uzun Vuru\u015f Yetenekleri:<\/strong> Bu silindir, uzun menzil veya hareket gerektiren uygulamalar i\u00e7in kritik \u00f6neme sahip etkileyici bir strok uzunlu\u011fu sunar. Uzun strok kapasitesiyle geli\u015fmi\u015f esneklik ve i\u015flevsellik sa\u011flayarak r\u00f6morklar ve benzeri ekipmanlar i\u00e7in idealdir.<\/li>\n<li><strong>Hidrolik G\u00fc\u00e7:<\/strong> Silindir, kuvvet ve hareket \u00fcretmek i\u00e7in hidrolik g\u00fc\u00e7ten yararlan\u0131r. Genellikle ya\u011f gibi bir hidrolik s\u0131v\u0131n\u0131n uygulad\u0131\u011f\u0131 bas\u0131nc\u0131 kullanarak piston \u00e7ubu\u011funu do\u011frusal bir y\u00f6nde hareket ettirir. Bu mekanizma, p\u00fcr\u00fczs\u00fcz ve kontroll\u00fc bir hareket sa\u011flayarak hassas ve verimli bir \u00e7al\u0131\u015fma sa\u011flar.<\/li>\n<li><strong>M\u00fckemmel Kalite:<\/strong> R\u00f6morklar i\u00e7in M\u00fckemmel Kalitede Uzun Stroklu Hidrolik Silindir, y\u00fcksek kaliteli malzemeler ve hassas \u00fcretim s\u00fcre\u00e7leri kullan\u0131larak \u00fcretilmi\u015ftir. Bu sayede zorlu \u00e7al\u0131\u015fma ko\u015fullar\u0131nda bile dayan\u0131kl\u0131l\u0131k, g\u00fcvenilirlik ve uzun \u00f6m\u00fcr sa\u011flar. A\u011f\u0131r y\u00fcklere, titre\u015fimlere ve zorlu ortamlara dayanacak \u015fekilde tasarlanm\u0131\u015ft\u0131r.<\/li>\n<li><strong>Uygulama \u00c7ok Y\u00f6nl\u00fcl\u00fc\u011f\u00fc:<\/strong> Bu tip silindirler, nakliye, in\u015faat veya tar\u0131m ama\u00e7l\u0131 kullan\u0131lan r\u00f6morklar gibi uzun strok uzunluklar\u0131 gerektiren \u00e7e\u015fitli uygulamalarda yayg\u0131n olarak kullan\u0131l\u0131r. Farkl\u0131 g\u00f6revleri verimli ve etkili bir \u015fekilde yerine getirmek i\u00e7in gerekli g\u00fc\u00e7 ve performans\u0131 sa\u011flar.<\/li>\n<\/ol>\n<p>Sonu\u00e7 olarak, ters teleskopik silindir, \u00f6zellikle de R\u00f6morklar i\u00e7in M\u00fckemmel Kalite Uzun Stroklu Hidrolik Silindir, ola\u011fan\u00fcst\u00fc performans ve \u00e7ok y\u00f6nl\u00fcl\u00fck sunar. Geli\u015fmi\u015f tasar\u0131m\u0131, uzun strok kapasitesi, hidrolik g\u00fcc\u00fc, m\u00fckemmel kalitesi ve uygulama \u00e7ok y\u00f6nl\u00fcl\u00fc\u011f\u00fc, onu \u00e7e\u015fitli r\u00f6mork g\u00f6revleri i\u00e7in g\u00fcvenilir ve verimli bir se\u00e7im haline getirir. \u0130ster mal ta\u015f\u0131mac\u0131l\u0131\u011f\u0131, ister in\u015faat projeleri veya tar\u0131msal faaliyetler olsun, bu silindir optimum performans i\u00e7in gerekli kuvveti ve hareketi sa\u011flar.<\/p>\n<h3>FMP \u2013 Hidrolik Silindir Hakk\u0131nda<\/h3>\n<p>FMP olarak, y\u00fcksek kaliteli in\u015faat makinesi par\u00e7alar\u0131 ve komple makinelerin sat\u0131\u015f ve servisinde uzmanla\u015f\u0131yoruz. Hidrolik Silindirimiz en pop\u00fcler \u00fcr\u00fcnlerimizden biri ve bunun hakl\u0131 bir nedeni var. \u0130\u015fte FMP Hidrolik Silindirinin in\u015faat makinesi ihtiya\u00e7lar\u0131n\u0131z i\u00e7in en iyi se\u00e7im olmas\u0131n\u0131n be\u015f nedeni:<\/p>\n<p>1. <strong>En Kaliteli Malzemeler<\/strong>:Hidrolik Silindirimiz dayan\u0131kl\u0131 ve g\u00fcvenilir malzemelerden \u00fcretilmi\u015ftir, uzun \u00f6m\u00fcrl\u00fc performans ve minimum bak\u0131m gereksinimi sa\u011flar.<\/p>\n<p>2. <strong>\u00d6zelle\u015ftirilebilir Se\u00e7enekler<\/strong>: \u00d6zel ihtiya\u00e7lar\u0131n\u0131z\u0131 kar\u015f\u0131lamak i\u00e7in ayarlanabilir \u00e7atal tipi silindirlerin yan\u0131 s\u0131ra di\u011fer \u00f6zelle\u015ftirilebilir se\u00e7enekler de sunuyoruz. \u0130n\u015faat makinesi par\u00e7alar\u0131 konusundaki uzmanl\u0131\u011f\u0131m\u0131zla, ekipman\u0131n\u0131z i\u00e7in en iyi \u00e7\u00f6z\u00fcm\u00fc bulmak \u00fczere sizinle birlikte \u00e7al\u0131\u015fabiliriz.<\/p>\n<p>3. <strong>Uzman Ekip<\/strong>Deneyimli ve yetenekli sat\u0131\u015f ekibimiz, in\u015faat makineleri sekt\u00f6r\u00fcndeki en son trendler ve m\u00fc\u015fteri ihtiya\u00e7lar\u0131 konusunda bilgilidir. \u0130\u015fletmeniz i\u00e7in en iyi karar\u0131 vermenize yard\u0131mc\u0131 olmak \u00fczere profesyonel \u00fcr\u00fcn dan\u0131\u015fmanl\u0131\u011f\u0131 ve ak\u0131ll\u0131 sat\u0131n alma \u00f6nerileri sunabilirler.<\/p>\n<p>4. <strong>Verimli Lojistik<\/strong>M\u00fc\u015fterilerimizin ihtiya\u00e7 duyduklar\u0131 par\u00e7alar\u0131 zaman\u0131nda ve do\u011fru bir \u015fekilde almas\u0131n\u0131 sa\u011flamak i\u00e7in verimli bir lojistik da\u011f\u0131t\u0131m sistemimiz var. Bu, in\u015faat makineleriniz i\u00e7in minimum ar\u0131za s\u00fcresi ve i\u015fletmeniz i\u00e7in sorunsuz bir \u00e7al\u0131\u015fma anlam\u0131na gelir.<\/p>\n<p>5. <strong>S\u0131k\u0131 Kalite Kontrol\u00fc<\/strong>: Yurt i\u00e7inde ve yurt d\u0131\u015f\u0131nda bir\u00e7ok y\u00fcksek kaliteli tedarik\u00e7iyle uzun vadeli ve istikrarl\u0131 i\u015fbirli\u011fi ili\u015fkileri kuruyor, Hidrolik Silindirimiz de dahil olmak \u00fczere tedarik etti\u011fimiz t\u00fcm par\u00e7alar\u0131n s\u0131k\u0131 kalite standartlar\u0131n\u0131 kar\u015f\u0131lamas\u0131n\u0131 sa\u011fl\u0131yoruz.<\/p>\n<p>FMP Hidrolik Silindirleri ile in\u015faat makinelerinizin kalitesine ve g\u00fcvenilirli\u011fine g\u00fcvenebilirsiniz. \u00dcr\u00fcnlerimiz hakk\u0131nda daha fazla bilgi edinmek ve i\u015f ihtiya\u00e7lar\u0131n\u0131z i\u00e7in en iyi \u00e7\u00f6z\u00fcmleri bulman\u0131za nas\u0131l yard\u0131mc\u0131 olabilece\u011fimizi \u00f6\u011frenmek i\u00e7in bug\u00fcn bizimle ileti\u015fime ge\u00e7in.<\/p>\n<p><img decoding=\"async\" src=\"https:\/\/fmp-components.com\/wp-content\/uploads\/2024\/12\/Adjustable-Clevis-Type-Cylinders-6.webp\" alt=\"Ayarlanabilir \u00c7atal Tipi Silindir\" width=\"853\" title=\"\"><br \/>\nYazar:CX<\/p>","protected":false},"excerpt":{"rendered":"<p>The Excellent Quality Trailer Long Stroke Cylinder Hydraulic for Trailer is a must-have for any trailer owner. This hydraulic cylinder boasts superior quality and durability, making it the perfect choice for heavy-duty applications. Crafted from high-quality materials, this hydraulic cylinder is designed to withstand the rigors of daily use. Its long stroke design provides exceptional [&hellip;]<\/p>","protected":false},"featured_media":1716,"comment_status":"closed","ping_status":"closed","template":"","meta":{"_et_pb_use_builder":"","_et_pb_old_content":"","_et_gb_content_width":""},"product_brand":[],"product_cat":[45],"product_tag":[34,48],"class_list":{"0":"post-1715","1":"product","2":"type-product","3":"status-publish","4":"has-post-thumbnail","6":"product_cat-inverted-telescopic-cylinder","7":"product_tag-hydraulic-cylinder","8":"product_tag-inverted-telescopic-cylinder","10":"first","11":"instock","12":"product-type-simple"},"_links":{"self":[{"href":"https:\/\/fmp-components.com\/tr\/wp-json\/wp\/v2\/product\/1715","targetHints":{"allow":["GET"]}}],"collection":[{"href":"https:\/\/fmp-components.com\/tr\/wp-json\/wp\/v2\/product"}],"about":[{"href":"https:\/\/fmp-components.com\/tr\/wp-json\/wp\/v2\/types\/product"}],"replies":[{"embeddable":true,"href":"https:\/\/fmp-components.com\/tr\/wp-json\/wp\/v2\/comments?post=1715"}],"wp:featuredmedia":[{"embeddable":true,"href":"https:\/\/fmp-components.com\/tr\/wp-json\/wp\/v2\/media\/1716"}],"wp:attachment":[{"href":"https:\/\/fmp-components.com\/tr\/wp-json\/wp\/v2\/media?parent=1715"}],"wp:term":[{"taxonomy":"product_brand","embeddable":true,"href":"https:\/\/fmp-components.com\/tr\/wp-json\/wp\/v2\/product_brand?post=1715"},{"taxonomy":"product_cat","embeddable":true,"href":"https:\/\/fmp-components.com\/tr\/wp-json\/wp\/v2\/product_cat?post=1715"},{"taxonomy":"product_tag","embeddable":true,"href":"https:\/\/fmp-components.com\/tr\/wp-json\/wp\/v2\/product_tag?post=1715"}],"curies":[{"name":"wp","href":"https:\/\/api.w.org\/{rel}","templated":true}]}}