{"id":1711,"date":"2024-12-23T07:01:59","date_gmt":"2024-12-23T07:01:59","guid":{"rendered":"https:\/\/fmp-components.com\/product\/factory-direct-supply-long-stroke-customized-telescopic-hydraulic-cylinder\/"},"modified":"2025-05-10T12:32:13","modified_gmt":"2025-05-10T12:32:13","slug":"factory-direct-supply-long-stroke-customized-telescopic-hydraulic-cylinder","status":"publish","type":"product","link":"https:\/\/fmp-components.com\/tr\/product\/factory-direct-supply-long-stroke-customized-telescopic-hydraulic-cylinder\/","title":{"rendered":"Fabrika Do\u011frudan Tedarik Uzun Stroklu \u00d6zelle\u015ftirilmi\u015f Teleskopik Hidrolik Silindir"},"content":{"rendered":"<h2>Fabrikam\u0131zdan Do\u011frudan Tedarik Edilen Uzun Stroklu \u00d6zelle\u015ftirilmi\u015f Teleskopik Hidrolik Silindirimizi Tan\u0131t\u0131yoruz<\/h2>\n<p>Yepyeni hidrolik silindirimiz, \u00fcretim tesisleri, makine tamir at\u00f6lyeleri, \u00e7iftlikler, enerji ve madencilik, makine imalat\u0131 ve makine fabrikalar\u0131 gibi \u00e7e\u015fitli sekt\u00f6rlerde kullan\u0131m i\u00e7in ideal, son teknoloji \u00fcr\u00fcn\u00fcd\u00fcr. 40 kg a\u011f\u0131rl\u0131\u011f\u0131ndaki bu hidrolik silindir, maksimum 3000 itme ve 20 ton \u00e7ekme g\u00fcc\u00fcne sahiptir. Ters teleskopik silindir tipindedir ve standart G\/SAE\/NPT\/M ba\u011flant\u0131 noktalar\u0131na sahiptir. Silindir ISO9001:2000 sertifikal\u0131d\u0131r ve \u015f\u0131k siyah renktedir.<\/p>\n<p><img decoding=\"async\" src=\"https:\/\/hzpt.com\/wp-content\/uploads\/2023\/11\/Inverted-Telescopic-Cylinder-11.webp\" alt=\"Ters Teleskopik Silindir\" title=\"\"><\/p>\n<h2>Hidrolik Silindirimizin Dikkat \u00c7eken \u00d6zellikleri<\/h2>\n<p>Uzun Stroklu \u00d6zelle\u015ftirilmi\u015f Teleskopik Hidrolik Silindirimiz, onu di\u011ferlerinden ay\u0131ran bir\u00e7ok benzersiz \u00f6zelli\u011fe sahiptir:<\/p>\n<ul>\n<li>Standart Yap\u0131: G\u00fcvenilir ve verimli performans sa\u011flayan standart Piston Silindir yap\u0131s\u0131na sahiptir.<\/li>\n<li>Y\u00fcksek Kaliteli \u00c7ekirdek Bile\u015fenleri: Silindir, Rulman ve Piston Silindiri gibi \u00fcst\u00fcn kaliteli \u00e7ekirdek bile\u015fenleriyle donat\u0131lm\u0131\u015ft\u0131r.<\/li>\n<li>Dayan\u0131kl\u0131 G\u00f6vde Malzemesi: Sa\u011flam \u00e7elikten \u00fcretilen hidrolik silindir, uzun \u00f6m\u00fcrl\u00fc dayan\u0131kl\u0131l\u0131k vaat ediyor.<\/li>\n<li>\u00d6zelle\u015ftirilebilir Boyut: Delik boyutu 2-6 in\u00e7, \u00e7ubuk boyutu 1,125-4 in\u00e7, strok boyutu 6-48 in\u00e7 ve pim boyutu 0,5-2 in\u00e7 aras\u0131nda de\u011fi\u015ferek \u00f6zel gereksinimlere g\u00f6re \u00f6zelle\u015ftirmeye olanak tan\u0131r.<\/li>\n<li>Bir Y\u0131ll\u0131k Garanti: \u00dcr\u00fcnlerimizin kalitesinin arkas\u0131nday\u0131z ve hem \u00fcr\u00fcne hem de temel bile\u015fenlere bir y\u0131ll\u0131k garanti sunuyoruz.<\/li>\n<\/ul>\n<h2>Hidrolik Silindirimizin Uygulamalar\u0131<\/h2>\n<p>Teleskopik Hidrolik Silindirimiz \u00e7ok y\u00f6nl\u00fcd\u00fcr ve \u00e7e\u015fitli end\u00fcstrilerde uygulama alan\u0131 bulur:<\/p>\n<ul>\n<li>\u00dcretim Tesisleri: \u00dcretim s\u00fcre\u00e7lerinde a\u011f\u0131r i\u015f makinelerinin kullan\u0131ld\u0131\u011f\u0131 yerler.<\/li>\n<li>Makine Tamir At\u00f6lyeleri: \u00c7e\u015fitli makinelerin onar\u0131m\u0131 ve bak\u0131m\u0131 i\u00e7in vazge\u00e7ilmezdir.<\/li>\n<li>\u00c7iftlikler: Tar\u0131m faaliyetlerinin verimli bir \u015fekilde y\u00fcr\u00fct\u00fclmesi i\u00e7in tar\u0131m makinelerinde kullan\u0131l\u0131r.<\/li>\n<li>Enerji ve Madencilik: Kaynaklar\u0131n \u00e7\u0131kar\u0131lmas\u0131nda ve i\u015flenmesinde \u00f6nemli rol oynar.<\/li>\n<li>Makine \u0130malat\u0131: \u00c7e\u015fitli makinelerin \u00fcretiminin ayr\u0131lmaz bir par\u00e7as\u0131d\u0131r.<\/li>\n<\/ul>\n<p><img decoding=\"async\" src=\"https:\/\/hzpt.com\/wp-content\/uploads\/2023\/11\/Inverted-Telescopic-Cylinder-Applications.webp\" alt=\"Ters Teleskopik Silindir Uygulamalar\u0131\" title=\"\"><\/p>\n<h2>Hidrolik Silindirimizin \u00c7al\u0131\u015fma Prensibi ve Bak\u0131m\u0131<\/h2>\n<p>Hidrolik silindirimiz, hidrolik s\u0131v\u0131 giri\u015f ve \u00e7\u0131k\u0131\u015f kuvveti prensibiyle \u00e7al\u0131\u015f\u0131r. Hidrolik s\u0131v\u0131 bas\u0131n\u00e7land\u0131r\u0131l\u0131r ve bas\u0131n\u00e7, bir piston ve silindir yard\u0131m\u0131yla do\u011frusal harekete d\u00f6n\u00fc\u015ft\u00fcr\u00fcl\u00fcr. S\u0131v\u0131n\u0131n uygulad\u0131\u011f\u0131 kuvvet, pistonu hareket ettirir ve piston da ona ba\u011fl\u0131 y\u00fck\u00fc hareket ettirir. Hidrolik silindirimizin performans\u0131n\u0131 ve uzun \u00f6m\u00fcrl\u00fcl\u00fc\u011f\u00fcn\u00fc korumak i\u00e7in baz\u0131 temel bak\u0131m ad\u0131mlar\u0131 \u015funlard\u0131r:<\/p>\n<ul>\n<li>D\u00fczenli Kontrol: Silindiri herhangi bir s\u0131z\u0131nt\u0131 veya hasar a\u00e7\u0131s\u0131ndan d\u00fczenli olarak kontrol etti\u011finizden emin olun.<\/li>\n<li>Temizlik: T\u0131kan\u0131kl\u0131klar\u0131 veya contalar\u0131n hasar g\u00f6rmesini \u00f6nlemek i\u00e7in silindiri kir ve kal\u0131nt\u0131lardan temiz tutun.<\/li>\n<li>Ya\u011flama: Hareketli par\u00e7alar\u0131n d\u00fczg\u00fcn \u00e7al\u0131\u015fmas\u0131n\u0131 sa\u011flamak i\u00e7in d\u00fczenli olarak ya\u011flay\u0131n.<\/li>\n<li>D\u00fczenli Kontroller ve Onar\u0131mlar: Herhangi bir a\u015f\u0131nma ve y\u0131pranma olup olmad\u0131\u011f\u0131n\u0131 d\u00fczenli olarak kontrol edin ve gerekti\u011finde par\u00e7alar\u0131 onar\u0131n veya de\u011fi\u015ftirin.<\/li>\n<li>Conta De\u011fi\u015fimi: S\u0131z\u0131nt\u0131y\u0131 \u00f6nlemek ve bas\u0131nc\u0131 korumak i\u00e7in contalar\u0131 d\u00fczenli aral\u0131klarla de\u011fi\u015ftirin.<\/li>\n<li>Operat\u00f6r K\u0131lavuzunu \u0130zleyin: G\u00fcvenli ve verimli bir kullan\u0131m i\u00e7in operat\u00f6r k\u0131lavuzunda belirtilen talimatlara ve y\u00f6nergelere her zaman uyun.<\/li>\n<\/ul>\n<p><img decoding=\"async\" class=\"aligncenter\" src=\"https:\/\/hzpt.com\/wp-content\/uploads\/2023\/11\/Inverted-Telescopic-Cylinder-25.webp\" alt=\"Ters Teleskopik Silindir \u00dcreticisi\" title=\"\"><\/p>\n<h2>Ters Teleskopik Silindir<\/h2>\n<p>Ters teleskopik silindir olarak da bilinen ters teleskopik silindir, normal teleskopik silindire k\u0131yasla ters y\u00f6nde \u00e7al\u0131\u015fan bir hidrolik silindir t\u00fcr\u00fcd\u00fcr. Alan k\u0131s\u0131tlamalar\u0131n\u0131n veya \u00f6zel operasyonel gereksinimlerin farkl\u0131 bir konfig\u00fcrasyon gerektirdi\u011fi \u00e7e\u015fitli end\u00fcstriyel uygulamalarda yayg\u0131n olarak kullan\u0131l\u0131r.<\/p>\n<p>Ters teleskopik silindirlerin baz\u0131 temel \u00f6zellikleri ve faydalar\u0131 \u015funlard\u0131r:<\/p>\n<ul>\n<li><strong>Fabrika Do\u011frudan Tedarik:<\/strong> Ters teleskopik silindirler do\u011frudan \u00fcreticilerden temin edilebilir, b\u00f6ylece g\u00fcvenilir bir tedarik zinciri sa\u011flan\u0131r ve gereksiz arac\u0131lar ortadan kald\u0131r\u0131l\u0131r.<\/li>\n<li><strong>Uzun Vuru\u015f:<\/strong> Bu silindirler, geleneksel do\u011frusal akt\u00fcat\u00f6rlere k\u0131yasla daha uzun bir strok uzunlu\u011fu sa\u011flayacak \u015fekilde tasarlanm\u0131\u015ft\u0131r. Bu sayede \u00e7e\u015fitli uygulamalarda daha geni\u015f bir hareket aral\u0131\u011f\u0131 ve esneklik sa\u011flan\u0131r.<\/li>\n<li><strong>\u00d6zelle\u015ftirilmi\u015f Tasar\u0131m:<\/strong> Ters teleskopik silindirler, boyut, y\u00fck kapasitesi ve montaj se\u00e7enekleri gibi \u00f6zel gereksinimleri kar\u015f\u0131layacak \u015fekilde \u00f6zelle\u015ftirilebilir. Bu, belirli bir sistem veya makine i\u00e7inde optimum performans ve entegrasyon sa\u011flar.<\/li>\n<li><strong>Teleskopik Tasar\u0131m:<\/strong> Silindir, bir teleskopa benzer \u015fekilde birbirinin i\u00e7ine giren veya geni\u015fleyen birden fazla kademe veya b\u00f6l\u00fcmden olu\u015fur. Bu tasar\u0131m, gerekti\u011finde kompakt bir geri \u00e7ekilme ve daha geni\u015f bir eri\u015fim sa\u011flar.<\/li>\n<li><strong>Hidrolik \u00c7al\u0131\u015fma:<\/strong> Ters teleskopik silindirler, \u00e7al\u0131\u015fma i\u00e7in gerekli kuvveti \u00fcretmek \u00fczere hidrolik s\u0131v\u0131 kullan\u0131r. Bu hidrolik sistem, p\u00fcr\u00fczs\u00fcz ve kontroll\u00fc hareket sa\u011flayarak hassas konumland\u0131rma ve verimli performans sa\u011flar.<\/li>\n<\/ul>\n<p>Ters teleskopik silindirlerin \u00f6nemli bir uygulamas\u0131, forklift veya vin\u00e7 gibi malzeme ta\u015f\u0131ma ekipmanlar\u0131 alan\u0131ndad\u0131r. Bu silindirler, gerekli kald\u0131rma ve indirme kapasitelerini sa\u011flayabilirken, ters konfig\u00fcrasyonlar\u0131 dar alanlarda daha iyi g\u00f6r\u00fc\u015f ve manevra kabiliyeti sa\u011flar.<\/p>\n<p>Bir di\u011fer uygulama alan\u0131 ise tar\u0131m sekt\u00f6r\u00fcd\u00fcr; ters teleskopik silindirler, \u00f6n y\u00fckleyiciler veya saman balya makineleri gibi makinelerde kullan\u0131l\u0131r. Bu silindirlerin uzun stro\u011fu ve \u00f6zel tasar\u0131m\u0131, a\u011f\u0131r y\u00fcklerin verimli bir \u015fekilde kald\u0131r\u0131lmas\u0131n\u0131, itilmesini veya \u00e7ekilmesini sa\u011flayarak \u00e7iftlikte verimlili\u011fin artmas\u0131na katk\u0131da bulunur.<\/p>\n<p>Sonu\u00e7 olarak, ters teleskopik silindir, tasar\u0131m esnekli\u011fi, strok uzunlu\u011fu ve \u00f6zelle\u015ftirme se\u00e7enekleri a\u00e7\u0131s\u0131ndan benzersiz avantajlar sunan \u00e7ok y\u00f6nl\u00fc bir hidrolik bile\u015fendir. Fabrikadan do\u011frudan tedarik edilmesi, uzun strok kapasitesi ve \u00f6zelle\u015ftirilmi\u015f \u00f6zellikleri, onu \u00e7e\u015fitli end\u00fcstriyel uygulamalar i\u00e7in g\u00fcvenilir ve verimli bir se\u00e7enek haline getirir. \u0130ster malzeme ta\u015f\u0131ma ekipmanlar\u0131nda ister tar\u0131m makinelerinde kullan\u0131ls\u0131n, ters teleskopik silindir operasyonel performans\u0131 art\u0131r\u0131r ve karma\u015f\u0131k sistemlerin sorunsuz \u00e7al\u0131\u015fmas\u0131na katk\u0131da bulunur.<\/p>\n<h3>FMP \u2013 Hidrolik Silindir Hakk\u0131nda<\/h3>\n<p>FMP olarak, y\u00fcksek kaliteli in\u015faat makinesi par\u00e7alar\u0131 ve komple makinelerin sat\u0131\u015f ve servisinde uzmanla\u015f\u0131yoruz. Hidrolik Silindirimiz en pop\u00fcler \u00fcr\u00fcnlerimizden biri ve bunun hakl\u0131 bir nedeni var. \u0130\u015fte FMP Hidrolik Silindirinin in\u015faat makinesi ihtiya\u00e7lar\u0131n\u0131z i\u00e7in en iyi se\u00e7im olmas\u0131n\u0131n be\u015f nedeni:<\/p>\n<p>1. <strong>En Kaliteli Malzemeler<\/strong>:Hidrolik Silindirimiz dayan\u0131kl\u0131 ve g\u00fcvenilir malzemelerden \u00fcretilmi\u015ftir, uzun \u00f6m\u00fcrl\u00fc performans ve minimum bak\u0131m gereksinimi sa\u011flar.<\/p>\n<p>2. <strong>\u00d6zelle\u015ftirilebilir Se\u00e7enekler<\/strong>: \u00d6zel ihtiya\u00e7lar\u0131n\u0131z\u0131 kar\u015f\u0131lamak i\u00e7in ayarlanabilir \u00e7atal tipi silindirlerin yan\u0131 s\u0131ra di\u011fer \u00f6zelle\u015ftirilebilir se\u00e7enekler de sunuyoruz. \u0130n\u015faat makinesi par\u00e7alar\u0131 konusundaki uzmanl\u0131\u011f\u0131m\u0131zla, ekipman\u0131n\u0131z i\u00e7in en iyi \u00e7\u00f6z\u00fcm\u00fc bulmak \u00fczere sizinle birlikte \u00e7al\u0131\u015fabiliriz.<\/p>\n<p>3. <strong>Uzman Ekip<\/strong>Deneyimli ve yetenekli sat\u0131\u015f ekibimiz, in\u015faat makineleri sekt\u00f6r\u00fcndeki en son trendler ve m\u00fc\u015fteri ihtiya\u00e7lar\u0131 konusunda bilgilidir. \u0130\u015fletmeniz i\u00e7in en iyi karar\u0131 vermenize yard\u0131mc\u0131 olmak \u00fczere profesyonel \u00fcr\u00fcn dan\u0131\u015fmanl\u0131\u011f\u0131 ve ak\u0131ll\u0131 sat\u0131n alma \u00f6nerileri sunabilirler.<\/p>\n<p>4. <strong>Verimli Lojistik<\/strong>M\u00fc\u015fterilerimizin ihtiya\u00e7 duyduklar\u0131 par\u00e7alar\u0131 zaman\u0131nda ve do\u011fru bir \u015fekilde almas\u0131n\u0131 sa\u011flamak i\u00e7in verimli bir lojistik da\u011f\u0131t\u0131m sistemimiz var. Bu, in\u015faat makineleriniz i\u00e7in minimum ar\u0131za s\u00fcresi ve i\u015fletmeniz i\u00e7in sorunsuz bir \u00e7al\u0131\u015fma anlam\u0131na gelir.<\/p>\n<p>5. <strong>S\u0131k\u0131 Kalite Kontrol\u00fc<\/strong>: Yurt i\u00e7inde ve yurt d\u0131\u015f\u0131nda bir\u00e7ok y\u00fcksek kaliteli tedarik\u00e7iyle uzun vadeli ve istikrarl\u0131 i\u015fbirli\u011fi ili\u015fkileri kuruyor, Hidrolik Silindirimiz de dahil olmak \u00fczere tedarik etti\u011fimiz t\u00fcm par\u00e7alar\u0131n s\u0131k\u0131 kalite standartlar\u0131n\u0131 kar\u015f\u0131lamas\u0131n\u0131 sa\u011fl\u0131yoruz.<\/p>\n<p>FMP Hidrolik Silindirleri ile in\u015faat makinelerinizin kalitesine ve g\u00fcvenilirli\u011fine g\u00fcvenebilirsiniz. \u00dcr\u00fcnlerimiz hakk\u0131nda daha fazla bilgi edinmek ve i\u015f ihtiya\u00e7lar\u0131n\u0131z i\u00e7in en iyi \u00e7\u00f6z\u00fcmleri bulman\u0131za nas\u0131l yard\u0131mc\u0131 olabilece\u011fimizi \u00f6\u011frenmek i\u00e7in bug\u00fcn bizimle ileti\u015fime ge\u00e7in.<\/p>\n<p><img decoding=\"async\" class=\"aligncenter\" src=\"https:\/\/fmp-components.com\/wp-content\/uploads\/2024\/12\/Adjustable-Clevis-Type-Cylinders-6.webp\" alt=\"Ayarlanabilir \u00c7atal Tipi Silindir\" width=\"853\" title=\"\"><br \/>\nYazar:CX<\/p>","protected":false},"excerpt":{"rendered":"<p>Introducing Our Factory Direct Supply Long Stroke Customized Telescopic Hydraulic Cylinder Our brand-new hydraulic cylinder is a state-of-the-art product that is ideal for use across various industries, such as manufacturing plants, machinery repair shops, farms, energy &amp; mining, machinery manufacturing, and machinery factories. With a weight of 40kg, this hydraulic cylinder features a maximum thrust [&hellip;]<\/p>","protected":false},"featured_media":1712,"comment_status":"closed","ping_status":"closed","template":"","meta":{"_et_pb_use_builder":"","_et_pb_old_content":"","_et_gb_content_width":""},"product_brand":[],"product_cat":[45],"product_tag":[34,48],"class_list":{"0":"post-1711","1":"product","2":"type-product","3":"status-publish","4":"has-post-thumbnail","6":"product_cat-inverted-telescopic-cylinder","7":"product_tag-hydraulic-cylinder","8":"product_tag-inverted-telescopic-cylinder","10":"first","11":"instock","12":"product-type-simple"},"_links":{"self":[{"href":"https:\/\/fmp-components.com\/tr\/wp-json\/wp\/v2\/product\/1711","targetHints":{"allow":["GET"]}}],"collection":[{"href":"https:\/\/fmp-components.com\/tr\/wp-json\/wp\/v2\/product"}],"about":[{"href":"https:\/\/fmp-components.com\/tr\/wp-json\/wp\/v2\/types\/product"}],"replies":[{"embeddable":true,"href":"https:\/\/fmp-components.com\/tr\/wp-json\/wp\/v2\/comments?post=1711"}],"wp:featuredmedia":[{"embeddable":true,"href":"https:\/\/fmp-components.com\/tr\/wp-json\/wp\/v2\/media\/1712"}],"wp:attachment":[{"href":"https:\/\/fmp-components.com\/tr\/wp-json\/wp\/v2\/media?parent=1711"}],"wp:term":[{"taxonomy":"product_brand","embeddable":true,"href":"https:\/\/fmp-components.com\/tr\/wp-json\/wp\/v2\/product_brand?post=1711"},{"taxonomy":"product_cat","embeddable":true,"href":"https:\/\/fmp-components.com\/tr\/wp-json\/wp\/v2\/product_cat?post=1711"},{"taxonomy":"product_tag","embeddable":true,"href":"https:\/\/fmp-components.com\/tr\/wp-json\/wp\/v2\/product_tag?post=1711"}],"curies":[{"name":"wp","href":"https:\/\/api.w.org\/{rel}","templated":true}]}}