{"id":1709,"date":"2024-12-23T07:01:59","date_gmt":"2024-12-23T07:01:59","guid":{"rendered":"https:\/\/fmp-components.com\/product\/professional-craftsmanship-customized-mini-hydraulic-cylinder-for-dump-truck\/"},"modified":"2025-05-10T13:00:55","modified_gmt":"2025-05-10T13:00:55","slug":"professional-craftsmanship-customized-mini-hydraulic-cylinder-for-dump-truck","status":"publish","type":"product","link":"https:\/\/fmp-components.com\/tr\/product\/professional-craftsmanship-customized-mini-hydraulic-cylinder-for-dump-truck\/","title":{"rendered":"Damperli Kamyon \u0130\u00e7in Profesyonel \u0130\u015f\u00e7ilik \u00d6zel Mini Hidrolik Silindir"},"content":{"rendered":"<h2>Damperli Kamyonlar i\u00e7in Profesyonel \u0130\u015f\u00e7ilik \u00d6zel Mini Hidrolik Silindir<\/h2>\n<p>Damperli Kamyonlar i\u00e7in Profesyonel \u0130\u015f\u00e7ilik ve \u00d6zelle\u015ftirilmi\u015f Mini Hidrolik Silindirimizle tan\u0131\u015f\u0131n. Bu yeni ve yenilik\u00e7i tasar\u0131ml\u0131 hidrolik silindir, \u00fcretim tesisleri, makine tamir at\u00f6lyeleri, \u00e7iftlikler, enerji ve madencilik, makine imalat\u0131 ve makine fabrikalar\u0131 dahil olmak \u00fczere \u00e7e\u015fitli sekt\u00f6rler i\u00e7in idealdir. Ekipman yakla\u015f\u0131k 43 kg a\u011f\u0131rl\u0131\u011f\u0131ndad\u0131r ve 1 y\u0131l garantilidir. Temel bile\u015fenleri, en y\u00fcksek profesyonellik standartlar\u0131yla \u00fcretilmi\u015f Rulman ve Piston Silindiridir.<\/p>\n<h2>Mini Hidrolik Silindirin \u00d6zellikleri<\/h2>\n<p>Mini Hidrolik Silindirimiz, onu di\u011ferlerinden ay\u0131ran birka\u00e7 \u00f6nemli \u00f6zelli\u011fe sahip standart bir Piston Silindir yap\u0131s\u0131d\u0131r:<\/p>\n<p><img decoding=\"async\" class=\"aligncenter\" src=\"https:\/\/hzpt.com\/wp-content\/uploads\/2023\/11\/Inverted-Telescopic-Cylinder-18.webp\" alt=\"Ters Teleskopik Silindir\" title=\"\"><\/p>\n<ol>\n<li>\n<ol>\n<li><b>G\u00fc\u00e7:<\/b> Hidrolik g\u00fc\u00e7le \u00e7al\u0131\u015ft\u0131\u011f\u0131 i\u00e7in verimli performans sa\u011flar.<\/li>\n<li><b>G\u00f6vde Malzemesi:<\/b> Silindirin g\u00f6vdesi y\u00fcksek kaliteli \u00e7elikten \u00fcretilmi\u015f olup, dayan\u0131kl\u0131l\u0131k ve uzun \u00f6m\u00fcrl\u00fc kullan\u0131m sa\u011flar.<\/li>\n<li><b>Maksimum \u0130ti\u015f:<\/b> 3000'lik maksimum itme g\u00fcc\u00fcne sahip olup, a\u011f\u0131r g\u00f6revler i\u00e7in yeterli g\u00fcc\u00fc sa\u011flar.<\/li>\n<li><b>Tip:<\/b> Kompakt tasar\u0131m\u0131 ve y\u00fcksek verimlili\u011fi ile bilinen Ters Teleskopik Silindirdir.<\/li>\n<li><b>Limanlar:<\/b> Silindirimiz birden fazla port se\u00e7ene\u011fiyle gelir \u2013 G, SAE, NPT, M.<\/li>\n<\/ol>\n<\/li>\n<\/ol>\n<h2>Mini Hidrolik Silindirin Uygulamalar\u0131<\/h2>\n<p>Mini Hidrolik Silindir \u00e7ok y\u00f6nl\u00fcd\u00fcr ve \u00e7e\u015fitli uygulamalarda kullan\u0131labilir:<\/p>\n<ol>\n<li>\u00dcretim Tesisleri: A\u011f\u0131r makine operasyonlar\u0131 ve \u00fcretim hatlar\u0131 i\u00e7in.<\/li>\n<li>Makine Tamir At\u00f6lyeleri: A\u011f\u0131r i\u015f makinelerinin tamiri ve yenilenmesi i\u00e7in.<\/li>\n<li>\u00c7iftlikler: Tar\u0131m makine ve ekipmanlar\u0131n\u0131n i\u015fletilmesi i\u00e7in.<\/li>\n<li>Enerji ve Madencilik: \u00c7\u0131karma ve enerji \u00fcretim s\u00fcre\u00e7leri i\u00e7in.<\/li>\n<li>Makine \u0130malat\u0131 ve Makine Fabrikas\u0131: Makine par\u00e7alar\u0131n\u0131n \u00fcretimi ve montaj\u0131 i\u00e7in.<\/li>\n<\/ol>\n<p><img decoding=\"async\" src=\"https:\/\/hzpt.com\/wp-content\/uploads\/2023\/11\/Inverted-Telescopic-Cylinder-Applications.webp\" alt=\"Ters Teleskopik Silindir Uygulamalar\u0131\" title=\"\"><\/p>\n<h2>Mini Hidrolik Silindirin \u00c7al\u0131\u015fma Prensibi ve Bak\u0131m\u0131<\/h2>\n<p>Mini Hidrolik Silindir, ak\u0131\u015fkanlar mekani\u011fi prensibine g\u00f6re \u00e7al\u0131\u015f\u0131r. Pistondan bir \u00e7\u0131k\u0131\u015f kuvveti \u00fcretmek i\u00e7in hidrolik ak\u0131\u015fkan giri\u015fini kullan\u0131r. Bu kuvvet daha sonra \u00e7e\u015fitli uygulamalarda i\u015f yapmak i\u00e7in kullan\u0131l\u0131r. Mini Hidrolik Silindirin uzun \u00f6m\u00fcrl\u00fc olmas\u0131 ve optimum performans g\u00f6stermesi i\u00e7in d\u00fczenli bak\u0131m \u00e7ok \u00f6nemlidir. Bu bak\u0131m, d\u00fczenli muayene, temizlik, ya\u011flama, d\u00fczenli kontrol ve onar\u0131mlar, conta de\u011fi\u015fimi ve kullan\u0131m k\u0131lavuzu talimatlar\u0131na uyulmas\u0131n\u0131 i\u00e7erir.<\/p>\n<p><img decoding=\"async\" class=\"aligncenter\" src=\"https:\/\/hzpt.com\/wp-content\/uploads\/2023\/11\/Inverted-Telescopic-Cylinder-15.webp\" alt=\"Ters Teleskopik Silindir\" title=\"\"><\/p>\n<h2>Ters Teleskopik Silindir<\/h2>\n<p>Damperli kamyonlar i\u00e7in profesyonel i\u015f\u00e7ilikle \u00f6zelle\u015ftirilmi\u015f mini hidrolik silindir olan ters teleskopik silindir, damperli kamyonlar\u0131n verimli \u00e7al\u0131\u015fmas\u0131nda \u00f6nemli bir rol oynayan yenilik\u00e7i bir hidrolik sistem bile\u015fenidir. Benzersiz tasar\u0131m\u0131 ve i\u015flevselli\u011fiyle bu silindir, geli\u015fmi\u015f performans ve dayan\u0131kl\u0131l\u0131k sunarak \u00e7e\u015fitli a\u011f\u0131r hizmet uygulamalar\u0131 i\u00e7in tercih edilen bir se\u00e7enek haline gelir.<\/p>\n<h3>1. Ters Teleskopik Silindire Giri\u015f<\/h3>\n<p>\u00c7ok kademeli hidrolik silindir veya \u00e7ift etkili teleskopik silindir olarak da bilinen ters teleskopik silindir, damperli kamyon operasyonlar\u0131 i\u00e7in kompakt ve g\u00fcvenilir bir \u00e7\u00f6z\u00fcm sunmak \u00fczere \u00f6zel olarak tasarlanm\u0131\u015ft\u0131r. Geleneksel tek kademeli silindirlerin aksine, bu silindir birbirinin i\u00e7ine yerle\u015ftirilmi\u015f birden fazla kademeden olu\u015fur ve bu da alandan \u00f6d\u00fcn vermeden daha uzun bir strok uzunlu\u011fu sa\u011flar.<\/p>\n<p>Bu tip silindirler, damperli kamyonlarda damperli kasay\u0131 veya konteyneri kald\u0131r\u0131p indirmek i\u00e7in yayg\u0131n olarak kullan\u0131l\u0131r. Kompakt boyutunu korurken y\u00fcksek bir kuvvet \u00e7\u0131k\u0131\u015f\u0131 sa\u011flayabildi\u011finden, a\u011f\u0131r hizmet tipi kald\u0131rma ve bo\u015faltma uygulamalar\u0131 i\u00e7in idealdir.<\/p>\n<h3>2. Tasar\u0131m ve \u0130\u015flevsellik<\/h3>\n<p>Ters teleskopik silindir, her biri bir \u00f6ncekinin i\u00e7inde kayan bir dizi a\u015famadan olu\u015fur. A\u015famalar, silindirin hareketini kontrol etmek i\u00e7in uzay\u0131p geri \u00e7ekilen bir piston \u00e7ubu\u011fu ile birbirine ba\u011fl\u0131d\u0131r. En d\u0131\u015ftaki a\u015fama genellikle \u00e7ap olarak en b\u00fcy\u00fck olan\u0131d\u0131r, i\u00e7teki a\u015famalar ise giderek k\u00fc\u00e7\u00fcl\u00fcr.<\/p>\n<p>Silindir uzat\u0131ld\u0131\u011f\u0131nda, hidrolik s\u0131v\u0131 giri\u015f portundan silindire girerek pistona bas\u0131n\u00e7 uygular. Bu bas\u0131n\u00e7, pistonun ve ba\u011fl\u0131 kademelerin d\u0131\u015far\u0131 do\u011fru hareket etmesine ve silindirin toplam uzunlu\u011funun uzamas\u0131na neden olur. Tersine, silindir geri \u00e7ekildi\u011finde ise hidrolik s\u0131v\u0131 \u00e7\u0131k\u0131\u015f portundan silindirden sal\u0131n\u0131r ve pistonun geri \u00e7ekilmesine ve kademelerin tekrar birbirine \u00e7\u00f6kmesine olanak tan\u0131r.<\/p>\n<p>Bu benzersiz tasar\u0131m, ters teleskopik silindirin, kompakt boyutunu korurken geleneksel tek kademeli silindirlere k\u0131yasla daha uzun bir strok uzunlu\u011fu sunmas\u0131n\u0131 sa\u011flar. Ayr\u0131ca, kademeli teleskopik d\u00fczenleme, geli\u015fmi\u015f stabilite ve yan y\u00fcklere kar\u015f\u0131 diren\u00e7 sunarak zorlu ko\u015fullarda bile sorunsuz ve verimli bir \u00e7al\u0131\u015fma sa\u011flar.<\/p>\n<h3>3. Faydalar\u0131 ve Uygulamalar\u0131<\/h3>\n<p>Ters teleskopik silindir, onu damperli kamyon uygulamalar\u0131 i\u00e7in tercih edilen bir se\u00e7enek haline getiren bir\u00e7ok avantaj sunar:<\/p>\n<ul>\n<li><strong>Y\u00fcksek Kuvvet \u00c7\u0131k\u0131\u015f\u0131:<\/strong> \u00c7ok kademeli tasar\u0131m\u0131 sayesinde bu silindir y\u00fcksek kuvvet \u00e7\u0131k\u0131\u015f\u0131 sa\u011flayabilir ve bu sayede a\u011f\u0131r kald\u0131rma ve bo\u015faltma g\u00f6revleri i\u00e7in uygundur.<\/li>\n<li><strong>Kompakt Boyut:<\/strong> A\u015famalar\u0131n i\u00e7 i\u00e7e d\u00fczenlenmesi, silindirin a\u015f\u0131r\u0131 yer kaplamadan daha uzun strok uzunlu\u011funa sahip olmas\u0131n\u0131 sa\u011flar ve bu da onu s\u0131n\u0131rl\u0131 montaj alan\u0131na sahip ara\u00e7lar i\u00e7in ideal hale getirir.<\/li>\n<li><strong>Geli\u015ftirilmi\u015f Kararl\u0131l\u0131k:<\/strong> Teleskopik tasar\u0131m, geli\u015fmi\u015f denge ve yanal y\u00fcklere kar\u015f\u0131 diren\u00e7 sa\u011flayarak, p\u00fcr\u00fczs\u00fcz ve hassas bir \u00e7al\u0131\u015fma sa\u011flar.<\/li>\n<li><strong>Dayan\u0131kl\u0131 ve G\u00fcvenilir:<\/strong> Profesyonel i\u015f\u00e7ilikle \u00fcretilen bu silindir, zorlu ko\u015fullara ve yo\u011fun kullan\u0131ma dayanacak \u015fekilde tasarlanm\u0131\u015ft\u0131r ve uzun \u00f6m\u00fcrl\u00fc performans sunar.<\/li>\n<\/ul>\n<p>Ters teleskopik silindir, damperli kamyonlar\u0131n yan\u0131 s\u0131ra malzeme ta\u015f\u0131ma ekipmanlar\u0131, tar\u0131m makineleri ve in\u015faat ekipmanlar\u0131 da dahil olmak \u00fczere \u00e7e\u015fitli di\u011fer end\u00fcstriyel uygulamalarda da kullan\u0131lmaktad\u0131r.<\/p>\n<p>Sonu\u00e7 olarak, ters teleskopik silindir, geli\u015fmi\u015f performans ve dayan\u0131kl\u0131l\u0131k sunan \u00e7ok y\u00f6nl\u00fc ve verimli bir hidrolik sistem bile\u015fenidir. Benzersiz tasar\u0131m\u0131 ve i\u015flevselli\u011fi, onu damperli kamyon operasyonlar\u0131 ve di\u011fer a\u011f\u0131r hizmet uygulamalar\u0131 i\u00e7in m\u00fckemmel bir se\u00e7im haline getirir. Profesyonel i\u015f\u00e7ilik ve \u00f6zelle\u015ftirilmi\u015f yakla\u015f\u0131mla bu silindir, zorlu ortamlarda optimum performans ve g\u00fcvenilirlik sa\u011flar.<\/p>\n<h3>FMP \u2013 Hidrolik Silindir Hakk\u0131nda<\/h3>\n<p>FMP olarak, y\u00fcksek kaliteli in\u015faat makinesi par\u00e7alar\u0131 ve komple makinelerin sat\u0131\u015f ve servisinde uzmanla\u015f\u0131yoruz. Hidrolik Silindirimiz en pop\u00fcler \u00fcr\u00fcnlerimizden biri ve bunun hakl\u0131 bir nedeni var. \u0130\u015fte FMP Hidrolik Silindirinin in\u015faat makinesi ihtiya\u00e7lar\u0131n\u0131z i\u00e7in en iyi se\u00e7im olmas\u0131n\u0131n be\u015f nedeni:<\/p>\n<p>1. <strong>En Kaliteli Malzemeler<\/strong>:Hidrolik Silindirimiz dayan\u0131kl\u0131 ve g\u00fcvenilir malzemelerden \u00fcretilmi\u015ftir, uzun \u00f6m\u00fcrl\u00fc performans ve minimum bak\u0131m gereksinimi sa\u011flar.<\/p>\n<p>2. <strong>\u00d6zelle\u015ftirilebilir Se\u00e7enekler<\/strong>: \u00d6zel ihtiya\u00e7lar\u0131n\u0131z\u0131 kar\u015f\u0131lamak i\u00e7in ayarlanabilir \u00e7atal tipi silindirlerin yan\u0131 s\u0131ra di\u011fer \u00f6zelle\u015ftirilebilir se\u00e7enekler de sunuyoruz. \u0130n\u015faat makinesi par\u00e7alar\u0131 konusundaki uzmanl\u0131\u011f\u0131m\u0131zla, ekipman\u0131n\u0131z i\u00e7in en iyi \u00e7\u00f6z\u00fcm\u00fc bulmak \u00fczere sizinle birlikte \u00e7al\u0131\u015fabiliriz.<\/p>\n<p>3. <strong>Uzman Ekip<\/strong>Deneyimli ve yetenekli sat\u0131\u015f ekibimiz, in\u015faat makineleri sekt\u00f6r\u00fcndeki en son trendler ve m\u00fc\u015fteri ihtiya\u00e7lar\u0131 konusunda bilgilidir. \u0130\u015fletmeniz i\u00e7in en iyi karar\u0131 vermenize yard\u0131mc\u0131 olmak \u00fczere profesyonel \u00fcr\u00fcn dan\u0131\u015fmanl\u0131\u011f\u0131 ve ak\u0131ll\u0131 sat\u0131n alma \u00f6nerileri sunabilirler.<\/p>\n<p>4. <strong>Verimli Lojistik<\/strong>M\u00fc\u015fterilerimizin ihtiya\u00e7 duyduklar\u0131 par\u00e7alar\u0131 zaman\u0131nda ve do\u011fru bir \u015fekilde almas\u0131n\u0131 sa\u011flamak i\u00e7in verimli bir lojistik da\u011f\u0131t\u0131m sistemimiz var. Bu, in\u015faat makineleriniz i\u00e7in minimum ar\u0131za s\u00fcresi ve i\u015fletmeniz i\u00e7in sorunsuz bir \u00e7al\u0131\u015fma anlam\u0131na gelir.<\/p>\n<p>5. <strong>S\u0131k\u0131 Kalite Kontrol\u00fc<\/strong>: Yurt i\u00e7inde ve yurt d\u0131\u015f\u0131nda bir\u00e7ok y\u00fcksek kaliteli tedarik\u00e7iyle uzun vadeli ve istikrarl\u0131 i\u015fbirli\u011fi ili\u015fkileri kuruyor, Hidrolik Silindirimiz de dahil olmak \u00fczere tedarik etti\u011fimiz t\u00fcm par\u00e7alar\u0131n s\u0131k\u0131 kalite standartlar\u0131n\u0131 kar\u015f\u0131lamas\u0131n\u0131 sa\u011fl\u0131yoruz.<\/p>\n<p>FMP Hidrolik Silindirleri ile in\u015faat makinelerinizin kalitesine ve g\u00fcvenilirli\u011fine g\u00fcvenebilirsiniz. \u00dcr\u00fcnlerimiz hakk\u0131nda daha fazla bilgi edinmek ve i\u015f ihtiya\u00e7lar\u0131n\u0131z i\u00e7in en iyi \u00e7\u00f6z\u00fcmleri bulman\u0131za nas\u0131l yard\u0131mc\u0131 olabilece\u011fimizi \u00f6\u011frenmek i\u00e7in bug\u00fcn bizimle ileti\u015fime ge\u00e7in.<\/p>\n<p><img decoding=\"async\" class=\"aligncenter\" src=\"https:\/\/fmp-components.com\/wp-content\/uploads\/2024\/12\/Adjustable-Clevis-Type-Cylinders-6.webp\" alt=\"Ayarlanabilir \u00c7atal Tipi Silindir\" width=\"853\" title=\"\"><br \/>\nYazar:CX<\/p>","protected":false},"excerpt":{"rendered":"<p>Professional Craftsmanship Customized Mini Hydraulic Cylinder for Dump Trucks Introducing our top-of-the-line Professional Craftsmanship Customized Mini Hydraulic Cylinder for Dump Trucks. This new and innovatively designed hydraulic cylinder is ideal for various industries including manufacturing plants, machinery repair shops, farms, energy and mining, machinery manufacturing, and machinery factories. The equipment weighs approximately 43 KG and [&hellip;]<\/p>","protected":false},"featured_media":1710,"comment_status":"closed","ping_status":"closed","template":"","meta":{"_et_pb_use_builder":"","_et_pb_old_content":"","_et_gb_content_width":""},"product_brand":[],"product_cat":[45],"product_tag":[34,48],"class_list":{"0":"post-1709","1":"product","2":"type-product","3":"status-publish","4":"has-post-thumbnail","6":"product_cat-inverted-telescopic-cylinder","7":"product_tag-hydraulic-cylinder","8":"product_tag-inverted-telescopic-cylinder","10":"first","11":"instock","12":"product-type-simple"},"_links":{"self":[{"href":"https:\/\/fmp-components.com\/tr\/wp-json\/wp\/v2\/product\/1709","targetHints":{"allow":["GET"]}}],"collection":[{"href":"https:\/\/fmp-components.com\/tr\/wp-json\/wp\/v2\/product"}],"about":[{"href":"https:\/\/fmp-components.com\/tr\/wp-json\/wp\/v2\/types\/product"}],"replies":[{"embeddable":true,"href":"https:\/\/fmp-components.com\/tr\/wp-json\/wp\/v2\/comments?post=1709"}],"wp:featuredmedia":[{"embeddable":true,"href":"https:\/\/fmp-components.com\/tr\/wp-json\/wp\/v2\/media\/1710"}],"wp:attachment":[{"href":"https:\/\/fmp-components.com\/tr\/wp-json\/wp\/v2\/media?parent=1709"}],"wp:term":[{"taxonomy":"product_brand","embeddable":true,"href":"https:\/\/fmp-components.com\/tr\/wp-json\/wp\/v2\/product_brand?post=1709"},{"taxonomy":"product_cat","embeddable":true,"href":"https:\/\/fmp-components.com\/tr\/wp-json\/wp\/v2\/product_cat?post=1709"},{"taxonomy":"product_tag","embeddable":true,"href":"https:\/\/fmp-components.com\/tr\/wp-json\/wp\/v2\/product_tag?post=1709"}],"curies":[{"name":"wp","href":"https:\/\/api.w.org\/{rel}","templated":true}]}}