{"id":1701,"date":"2024-12-23T07:01:59","date_gmt":"2024-12-23T07:01:59","guid":{"rendered":"https:\/\/fmp-components.com\/product\/factory-customized-trailer-hydraulic-cylinder-for-dump-truck\/"},"modified":"2025-03-11T06:06:40","modified_gmt":"2025-03-11T06:06:40","slug":"factory-customized-trailer-hydraulic-cylinder-for-dump-truck","status":"publish","type":"product","link":"https:\/\/fmp-components.com\/tr\/product\/factory-customized-trailer-hydraulic-cylinder-for-dump-truck\/","title":{"rendered":"Damperli Kamyon i\u00e7in Fabrika \u00d6zelle\u015ftirilmi\u015f R\u00f6mork Hidrolik Silindiri"},"content":{"rendered":"<h2>Damperli Kamyon i\u00e7in Fabrika \u00d6zel \u00dcretim R\u00f6mork Hidrolik Silindirini Tan\u0131t\u0131yoruz:<\/h2>\n<p>Damperli Kamyonlar i\u00e7in Fabrika \u00d6zel \u00dcretim R\u00f6mork Hidrolik Silindiri, damperli kamyonlar i\u00e7in \u00f6zel olarak tasarlanm\u0131\u015f, y\u00fcksek kaliteli ve verimli bir hidrolik bile\u015fendir. Geli\u015fmi\u015f \u00f6zellikleri ve sa\u011flam yap\u0131s\u0131yla bu hidrolik silindir, bo\u015faltma i\u015flemi s\u0131ras\u0131nda damperli kamyonlar\u0131n sorunsuz \u00e7al\u0131\u015fmas\u0131nda hayati bir rol oynar.<\/p>\n<p>Temel \u00d6zellikler:<br \/>\n1. \u00d6zelle\u015ftirme: Fabrikada \u00d6zelle\u015ftirilmi\u015f R\u00f6mork Hidrolik Silindiri, farkl\u0131 damperli kamyon model ve boyutlar\u0131n\u0131n \u00f6zel gereksinimlerini kar\u015f\u0131layacak \u015fekilde \u00f6zel olarak \u00fcretilebilir. Bu, m\u00fckemmel uyum ve optimum performans sa\u011flar.<br \/>\n2. Dayan\u0131kl\u0131l\u0131k: Hassas m\u00fchendislik ve y\u00fcksek kaliteli malzemelerle \u00fcretilen bu hidrolik silindir, a\u011f\u0131r y\u00fckler, zorlu ortamlar ve uzun s\u00fcreli kullan\u0131ma dayanacak \u015fekilde \u00fcretilmi\u015ftir.<br \/>\n3. G\u00fc\u00e7 ve Verimlilik: Hidrolik silindir, ola\u011fan\u00fcst\u00fc kald\u0131rma g\u00fcc\u00fc sa\u011flayarak damperli kamyonlar\u0131n a\u011f\u0131r y\u00fckleri zahmetsizce kald\u0131r\u0131p e\u011fmesini ve verimli bir \u015fekilde bo\u015faltmas\u0131n\u0131 sa\u011flar. Bu, verimlili\u011fi art\u0131r\u0131r ve ar\u0131za s\u00fcresini azalt\u0131r.<br \/>\n4. G\u00fcvenlik: Bas\u0131n\u00e7 tahliye valfleri ve a\u015f\u0131r\u0131 y\u00fck korumas\u0131 gibi g\u00fcvenilir g\u00fcvenlik mekanizmalar\u0131yla donat\u0131lan hidrolik silindir, \u00e7al\u0131\u015fma s\u0131ras\u0131nda hem operat\u00f6rlerin hem de \u00e7evredeki ortam\u0131n g\u00fcvenli\u011fini sa\u011flar.<br \/>\n5. Kolay Bak\u0131m: Fabrika \u00d6zelle\u015ftirilmi\u015f R\u00f6mork Hidrolik Silindiri, kolay bak\u0131m ve servis i\u00e7in tasarlanm\u0131\u015ft\u0131r, b\u00f6ylece duru\u015f s\u00fcresi en aza indirilir ve i\u015fletme maliyetleri d\u00fc\u015f\u00fcr\u00fcl\u00fcr.<\/p>\n<p>\u0130ster in\u015faat, ister madencilik veya s\u0131k s\u0131k malzeme bo\u015falt\u0131m\u0131 gerektiren di\u011fer sekt\u00f6rlerde kullan\u0131ls\u0131n, Damperli Kamyonlar i\u00e7in Fabrika \u00d6zel R\u00f6mork Hidrolik Silindiri g\u00fcvenilir ve vazge\u00e7ilmez bir bile\u015fendir. Damperli kamyonlar\u0131n performans\u0131n\u0131 ve verimlili\u011fini art\u0131rarak, onlar\u0131 her t\u00fcrl\u00fc a\u011f\u0131r hizmet operasyonu i\u00e7in vazge\u00e7ilmez bir ara\u00e7 haline getirir.<\/p>\n<p>Damperli Kamyon i\u00e7in Fabrika \u00d6zelle\u015ftirilmi\u015f R\u00f6mork Hidrolik Silindirini se\u00e7in ve kusursuz performans\u0131n\u0131n, dayan\u0131kl\u0131l\u0131\u011f\u0131n\u0131n ve verimlili\u011finin faydalar\u0131n\u0131 deneyimleyin.<\/p>\n<h2>Damperli Kamyon i\u00e7in Fabrika \u00d6zelle\u015ftirilmi\u015f R\u00f6mork Hidrolik Silindiri<\/h2>\n<p>Damperli Kamyon i\u00e7in Fabrika \u00d6zel \u00dcretim Treyler Hidrolik Silindiri ile tan\u0131\u015f\u0131n. Bu yepyeni \u00fcr\u00fcn, imalat, onar\u0131m, tar\u0131m, enerji ve madencilik makineleri ihtiya\u00e7lar\u0131n\u0131z i\u00e7in \u00f6zel olarak \u00fcretilmi\u015ftir. 1 y\u0131ll\u0131k garantiyle, bu hidrolik silindirin ola\u011fan\u00fcst\u00fc performans sunaca\u011f\u0131ndan emin olabilirsiniz. Bu \u00fcr\u00fcn\u00fcn yataklar ve piston silindiri gibi temel bile\u015fenleri de 1 y\u0131l garanti kapsam\u0131ndad\u0131r. \u00c7elikten yap\u0131lm\u0131\u015f bu sa\u011flam hidrolik silindir, standart piston silindiri tipi olarak tasarlanm\u0131\u015ft\u0131r ve hidrolik g\u00fc\u00e7 kullan\u0131r. Ters teleskopik silindirlerle donat\u0131lm\u0131\u015f olup, maksimum 3000 ton itme ve 20 ton \u00e7ekme g\u00fcc\u00fc sa\u011flayabilir. ISO9001:2000 sertifikal\u0131 bu hidrolik silindir, delik \u00e7ap\u0131, rot \u00e7ap\u0131, strok \u00e7ap\u0131, pim \u00e7ap\u0131 ve renk a\u00e7\u0131s\u0131ndan \u00f6zelle\u015ftirilebilir.<\/p>\n<h2>\u00d6zelle\u015ftirilmi\u015f R\u00f6mork Hidrolik Silindirinin \u00d6zellikleri<\/h2>\n<p><img decoding=\"async\" src=\"https:\/\/hzpt.com\/wp-content\/uploads\/2023\/11\/Inverted-Telescopic-Cylinder-4.webp\" alt=\"\" title=\"\"><\/p>\n<ol>\n<li>Hidrolik g\u00fc\u00e7: Bu hidrolik silindir, g\u00fcvenilir performans ve tutarl\u0131l\u0131k sa\u011flayan hidrolik g\u00fc\u00e7 kullan\u0131r.<\/li>\n<li>\u00c7elik G\u00f6vde Malzemesi: G\u00f6vde malzemesi \u00e7eliktir, dayan\u0131kl\u0131l\u0131k ve sa\u011flaml\u0131k sa\u011flar.<\/li>\n<li>Maksimum \u0130ti\u015f ve \u00c7eki\u015f: Maksimum 3000 ton iti\u015f ve 20 ton \u00e7ekme g\u00fcc\u00fc sa\u011flayarak operasyonlar i\u00e7in yeterli g\u00fcc\u00fc sa\u011flar.<\/li>\n<li>ISO9001:2000 Sertifikas\u0131: Bu \u00fcr\u00fcn ISO9001:2000 sertifikas\u0131na sahiptir ve m\u00fc\u015fterilere kalitesini ve g\u00fcvenilirli\u011fini garanti eder.<\/li>\n<li>\u00d6zelle\u015ftirilebilir: Bu hidrolik silindir, \u00f6zel gereksinimleri kar\u015f\u0131lamak i\u00e7in delik boyutu, \u00e7ubuk boyutu, strok boyutu, pim boyutu ve renk a\u00e7\u0131s\u0131ndan \u00f6zelle\u015ftirilebilir.<\/li>\n<\/ol>\n<h2>\u00d6zelle\u015ftirilmi\u015f R\u00f6mork Hidrolik Silindirinin Uygulamalar\u0131<\/h2>\n<ol>\n<li>\u00dcretim Tesisleri: Bu hidrolik silindir \u00fcretim tesislerinde kullan\u0131ma uygundur.<\/li>\n<li>Makine Tamir At\u00f6lyeleri: Makine tamir at\u00f6lyelerinde \u00e7e\u015fitli tamir ve bak\u0131m faaliyetleri i\u00e7in kullan\u0131labilir.<\/li>\n<li>\u00c7iftlikler: Bu hidrolik silindir \u00e7iftliklerde \u00e7e\u015fitli tar\u0131m faaliyetleri i\u00e7in kullan\u0131labilir.<\/li>\n<li>Enerji ve Madencilik: Enerji ve madencilik sekt\u00f6r\u00fcnde \u00e7e\u015fitli a\u011f\u0131r hizmet operasyonlar\u0131nda kullan\u0131labilir.<\/li>\n<li>Makine \u0130malat\u0131: Bu hidrolik silindir makine imalat\u0131nda da kullan\u0131ma uygundur.<\/li>\n<\/ol>\n<p><img decoding=\"async\" src=\"https:\/\/hzpt.com\/wp-content\/uploads\/2023\/11\/Inverted-Telescopic-Cylinder-Applications.webp\" alt=\"Hidrolik Silindir Uygulamalar\u0131\" title=\"\"><\/p>\n<h2>\u00d6zelle\u015ftirilmi\u015f R\u00f6mork Hidrolik Silindirinin \u00c7al\u0131\u015fma Prensibi<\/h2>\n<ol>\n<li>Yap\u0131land\u0131rma: Hidrolik silindir, hidrolik s\u0131v\u0131 ile doldurulmu\u015f bir piston ve silindirden olu\u015fur.<\/li>\n<li>Hidrolik S\u0131v\u0131 Giri\u015fi: Hidrolik s\u0131v\u0131, bir pompa taraf\u0131ndan silindire hareket ettirilir, bu da bas\u0131n\u00e7 olu\u015fturur ve pistonu hareket ettirir.<\/li>\n<li>\u00c7\u0131k\u0131\u015f Kuvveti: Pistonun bu hareketi, istenilen i\u015flemi ger\u00e7ekle\u015ftirmek i\u00e7in kullan\u0131lan \u00e7\u0131k\u0131\u015f kuvvetini sa\u011flar.<\/li>\n<li>Bak\u0131m Y\u00f6ntemleri: D\u00fczenli kontrol, temizlik, ya\u011flama, d\u00fczenli kontrol ve onar\u0131mlar, conta de\u011fi\u015fimi, operat\u00f6r k\u0131lavuzuna uyulmas\u0131 bu hidrolik silindir i\u00e7in temel bak\u0131m y\u00f6ntemleridir.<\/li>\n<\/ol>\n<p><img decoding=\"async\" src=\"https:\/\/hzpt.com\/wp-content\/uploads\/2023\/11\/Inverted-Telescopic-Cylinder-22.webp\" alt=\"\" title=\"\"><\/p>\n<h2>Ters Teleskopik Silindir<\/h2>\n<p>Damperli Kamyonlar i\u00e7in Fabrika \u00d6zel \u00dcretim R\u00f6mork Hidrolik Silindiri, damperli kamyonlarda kullan\u0131lmak \u00fczere \u00f6zel olarak tasarlanm\u0131\u015f bir t\u00fcr ters teleskopik silindirdir. Bu yenilik\u00e7i hidrolik silindir, in\u015faat sekt\u00f6r\u00fcnde yayg\u0131n olarak kullan\u0131lmakta olup, a\u011f\u0131r y\u00fckler i\u00e7in ola\u011fan\u00fcst\u00fc kald\u0131rma g\u00fcc\u00fc ve denge sa\u011flar. Bu yaz\u0131da, bu ola\u011fan\u00fcst\u00fc hidrolik silindirin \u00f6zelliklerini ve \u00e7al\u0131\u015fma prensiplerini inceleyece\u011fiz.<\/p>\n<h3>\u00d6zellikler:<\/h3>\n<p>1. \u00c7ok A\u015famal\u0131 Tasar\u0131m:<\/p>\n<p>Damperli Kamyon i\u00e7in Fabrika \u00d6zel \u00dcretim R\u00f6mork Hidrolik Silindiri, daha fazla kald\u0131rma kapasitesi ve strok uzunlu\u011fu sa\u011flayan \u00e7ok kademeli bir tasar\u0131ma sahiptir. Bu silindir, optimum kald\u0131rma performans\u0131 sa\u011flamak i\u00e7in uzay\u0131p k\u0131salan birden fazla teleskopik kademeden olu\u015fur. Her kademe, a\u011f\u0131r y\u00fcklere dayanacak ve sorunsuz \u00e7al\u0131\u015fma sa\u011flayacak \u015fekilde \u00f6zenle tasarlanm\u0131\u015ft\u0131r.<\/p>\n<p>2. Ters Yap\u0131land\u0131rma:<\/p>\n<p>Geleneksel hidrolik silindirlerin aksine, ters teleskopik silindir, piston kolu a\u015fa\u011f\u0131ya do\u011fru uzanacak \u015fekilde tasarlanm\u0131\u015ft\u0131r. Bu ters konfig\u00fcrasyon, geli\u015fmi\u015f stabilite, daha az bak\u0131m ihtiyac\u0131 ve geli\u015fmi\u015f g\u00fcvenlik gibi \u00e7e\u015fitli avantajlar sunar. Piston kolu alt tarafa yerle\u015ftirildi\u011finde, silindir bo\u015faltma i\u015flemi s\u0131ras\u0131nda olu\u015fan yanal y\u00fcklere ve kuvvetlere daha iyi diren\u00e7 g\u00f6sterebilir.<\/p>\n<p>3. Fabrika \u00d6zelle\u015ftirmesi:<\/p>\n<p>Damperli Kamyon i\u00e7in Fabrika \u00d6zel \u00dcretim Treyler Hidrolik Silindiri, damperli kamyon uygulamalar\u0131n\u0131n \u00f6zel gereksinimlerini kar\u015f\u0131lamak \u00fczere tasarlanm\u0131\u015ft\u0131r. Silindir, kamyonun hidrolik sistemiyle kusursuz bir entegrasyon sa\u011flamak i\u00e7in boyutlar, montaj se\u00e7enekleri ve malzemeler a\u00e7\u0131s\u0131ndan \u00f6zelle\u015ftirilebilir. Bu \u00f6zelle\u015ftirme \u00f6zelli\u011fi, damperli kamyonlar\u0131n zorlu \u00e7al\u0131\u015fma ko\u015fullar\u0131nda silindirin optimum performans ve uzun \u00f6m\u00fcrl\u00fc olmas\u0131n\u0131 sa\u011flar.<\/p>\n<h3>\u00c7al\u0131\u015fma Prensipleri:<\/h3>\n<p>Damperli kamyonun y\u00fck\u00fcn\u00fc bo\u015faltmas\u0131 gerekti\u011finde, hidrolik sistem Fabrika \u00d6zel Treyler Hidrolik Silindirini devreye sokar. \u0130\u015fte silindirin \u00e7al\u0131\u015fma prensiplerinin ad\u0131m ad\u0131m a\u00e7\u0131klamas\u0131:<\/p>\n<p>1. Uzatma A\u015famas\u0131:<\/p>\n<p>Hidrolik s\u0131v\u0131 silindire pompaland\u0131\u011f\u0131nda, \u00f6nce en k\u00fc\u00e7\u00fck kademenin haznesine girer. Bas\u0131n\u00e7 artar ve piston d\u0131\u015far\u0131 do\u011fru hareket eder. Bu uzatma kademesi, silindirin uzunlu\u011funun kademeli olarak artmas\u0131n\u0131 sa\u011flayarak ilk kald\u0131rma kuvvetini sa\u011flar.<\/p>\n<p>2. S\u0131ral\u0131 A\u015famalar:<\/p>\n<p>En k\u00fc\u00e7\u00fck kademe tamamen a\u00e7\u0131ld\u0131\u011f\u0131nda, hidrolik s\u0131v\u0131 bir sonraki b\u00fcy\u00fck kademeye akmaya devam eder. Bu ard\u0131\u015f\u0131k s\u00fcre\u00e7, silindirin her kademesi i\u00e7in tekrarlan\u0131r ve s\u0131v\u0131 kademeli olarak her b\u00f6lmeyi doldurarak pistonu daha da ileri ta\u015f\u0131r. Ters teleskopik silindirin ard\u0131\u015f\u0131k kademeleri, kompakt bir tasar\u0131m korurken kald\u0131rma kapasitesinde \u00f6nemli bir art\u0131\u015f sa\u011flar.<\/p>\n<p>3. Geri \u00c7ekme A\u015famas\u0131:<\/p>\n<p>Silindirin geri \u00e7ekilme zaman\u0131 geldi\u011finde, hidrolik sistem s\u0131v\u0131 ak\u0131\u015f\u0131n\u0131 tersine \u00e7evirir. Sistem en b\u00fcy\u00fck kademeden geri \u00e7ekilmeye ba\u015flar, hazneleri kademeli olarak bo\u015falt\u0131r ve pistonun geri \u00e7ekilmesini sa\u011flar. Kademelerin s\u0131rayla geri \u00e7ekilmesi, damperli kamyonun kasas\u0131n\u0131n kontroll\u00fc ve d\u00fczg\u00fcn bir \u015fekilde inmesini sa\u011flar.<\/p>\n<p>Damperli Kamyonlar i\u00e7in Fabrika \u00d6zel \u00dcretim Treyler Hidrolik Silindiri, a\u011f\u0131r hizmet tipi kamyonlarda verimli bo\u015faltma operasyonlar\u0131 sa\u011flayan hayati bir bile\u015fendir. Yenilik\u00e7i tasar\u0131m\u0131, fabrika \u00f6zelle\u015ftirmesiyle birle\u015ferek optimum performans ve dayan\u0131kl\u0131l\u0131k sa\u011flar. \u0130ster k\u00fc\u00e7\u00fck bir \u015fantiye ister b\u00fcy\u00fck \u00f6l\u00e7ekli bir madencilik operasyonu olsun, bu hidrolik silindir zorlu y\u00fckleri idare etmek i\u00e7in gereken g\u00fcc\u00fc ve g\u00fcvenilirli\u011fi sa\u011flar.<\/p>\n<h3>FMP Hakk\u0131nda<\/h3>\n<p>FMP, Hidrolik Silindir \u00fcretimi ve sat\u0131\u015f\u0131 konusunda uzmanla\u015fm\u0131\u015f bir \u015firkettir. Merkezimiz \u0130talya'da olup, in\u015faat makineleri sekt\u00f6r\u00fcnde uzun y\u0131llara dayanan deneyime ve \u00f6zverili bir profesyonel ekibe sahibiz. Y\u00fcksek kaliteli ve g\u00fcvenilir Hidrolik Silindirlerin yan\u0131 s\u0131ra, geni\u015f bir in\u015faat makinesi par\u00e7alar\u0131 yelpazesi ve komple makine \u00e7\u00f6z\u00fcmleri sunuyoruz.<\/p>\n<p>FMP'yi se\u00e7meniz i\u00e7in 5 neden:<\/p>\n<ol>\n<li>Geni\u015f \u00dcr\u00fcn Yelpazesi: Ayarlanabilir \u00e7atal tipi silindirler, teleskopik silindirler, kaynakl\u0131 silindirler ve daha fazlas\u0131 dahil olmak \u00fczere \u00e7e\u015fitli Hidrolik Silindir tipleri sunuyoruz. Geni\u015f \u00fcr\u00fcn yelpazemiz, m\u00fc\u015fterilerimizin \u00f6zel ihtiya\u00e7lar\u0131n\u0131 kar\u015f\u0131layabilmemizi sa\u011flar.<\/li>\n<li>En Kaliteli Bile\u015fenler: T\u00fcm Hidrolik Silindirlerimiz, dayan\u0131kl\u0131l\u0131k ve performans sa\u011flamak i\u00e7in en kaliteli bile\u015fenler kullan\u0131larak \u00fcretilmektedir. S\u0131k\u0131 kalite standartlar\u0131n\u0131 korumak i\u00e7in y\u00fcksek kaliteli tedarik\u00e7ilerle yak\u0131n bir \u015fekilde \u00e7al\u0131\u015f\u0131yoruz.<\/li>\n<li>Uzman Sat\u0131\u015f Ekibi: \u0130n\u015faat makineleri sekt\u00f6r\u00fcnde deneyimli sat\u0131\u015f ekibimiz, m\u00fc\u015fterilerimizin de\u011fi\u015fen ihtiya\u00e7lar\u0131n\u0131 anl\u0131yor ve profesyonel \u00fcr\u00fcn dan\u0131\u015fmanl\u0131\u011f\u0131 hizmeti sunarak ak\u0131ll\u0131 sat\u0131n alma \u00f6nerilerinde bulunuyor.<\/li>\n<li>Verimli Lojistik: M\u00fc\u015fterilerimize gerekli par\u00e7alar\u0131n zaman\u0131nda ve do\u011fru bir \u015fekilde teslim edilmesini sa\u011flamak i\u00e7in verimli bir lojistik da\u011f\u0131t\u0131m sistemimiz mevcuttur. Projelerinizin zaman \u00e7izelgelerine uymak i\u00e7in bize g\u00fcvenebilirsiniz.<\/li>\n<li>M\u00fc\u015fteri Memnuniyetine Ba\u011fl\u0131l\u0131k: FMP'de m\u00fc\u015fteri memnuniyeti en b\u00fcy\u00fck \u00f6nceli\u011fimizdir. \u00dcr\u00fcn se\u00e7iminden sat\u0131\u015f sonras\u0131 deste\u011fe kadar her ad\u0131mda m\u00fckemmel hizmet sunmay\u0131 hedefliyoruz. Sizin ba\u015far\u0131n\u0131z bizim ba\u015far\u0131m\u0131zd\u0131r.<\/li>\n<\/ol>\n<p><img decoding=\"async\" src=\"https:\/\/fmp-components.com\/wp-content\/uploads\/2024\/12\/Adjustable-Clevis-Type-Cylinders-6.webp\" alt=\"Ayarlanabilir \u00c7atal Tipi Silindir\" width=\"852\" title=\"\"><\/p>\n<p>Yazar:CX<\/p>","protected":false},"excerpt":{"rendered":"<p>Fabrika \u00dcretimi Damperli Kamyon Treyler Hidrolik Silindiri Tan\u0131t\u0131m\u0131: Fabrika \u00dcretimi Damperli Kamyon Treyler Hidrolik Silindiri, damperli kamyonlar i\u00e7in \u00f6zel olarak tasarlanm\u0131\u015f y\u00fcksek kaliteli ve verimli bir hidrolik bile\u015fendir. Geli\u015fmi\u015f \u00f6zellikleri ve sa\u011flam yap\u0131s\u0131yla bu hidrolik silindir, damperli kamyonlar\u0131n bo\u015faltma s\u0131ras\u0131nda sorunsuz \u00e7al\u0131\u015fmas\u0131nda hayati bir rol oynar [\u2026]<\/p>","protected":false},"featured_media":1702,"comment_status":"closed","ping_status":"closed","template":"","meta":{"_et_pb_use_builder":"","_et_pb_old_content":"","_et_gb_content_width":""},"product_brand":[],"product_cat":[45],"product_tag":[34,48],"class_list":{"0":"post-1701","1":"product","2":"type-product","3":"status-publish","4":"has-post-thumbnail","6":"product_cat-inverted-telescopic-cylinder","7":"product_tag-hydraulic-cylinder","8":"product_tag-inverted-telescopic-cylinder","10":"first","11":"instock","12":"product-type-simple"},"_links":{"self":[{"href":"https:\/\/fmp-components.com\/tr\/wp-json\/wp\/v2\/product\/1701","targetHints":{"allow":["GET"]}}],"collection":[{"href":"https:\/\/fmp-components.com\/tr\/wp-json\/wp\/v2\/product"}],"about":[{"href":"https:\/\/fmp-components.com\/tr\/wp-json\/wp\/v2\/types\/product"}],"replies":[{"embeddable":true,"href":"https:\/\/fmp-components.com\/tr\/wp-json\/wp\/v2\/comments?post=1701"}],"wp:featuredmedia":[{"embeddable":true,"href":"https:\/\/fmp-components.com\/tr\/wp-json\/wp\/v2\/media\/1702"}],"wp:attachment":[{"href":"https:\/\/fmp-components.com\/tr\/wp-json\/wp\/v2\/media?parent=1701"}],"wp:term":[{"taxonomy":"product_brand","embeddable":true,"href":"https:\/\/fmp-components.com\/tr\/wp-json\/wp\/v2\/product_brand?post=1701"},{"taxonomy":"product_cat","embeddable":true,"href":"https:\/\/fmp-components.com\/tr\/wp-json\/wp\/v2\/product_cat?post=1701"},{"taxonomy":"product_tag","embeddable":true,"href":"https:\/\/fmp-components.com\/tr\/wp-json\/wp\/v2\/product_tag?post=1701"}],"curies":[{"name":"wp","href":"https:\/\/api.w.org\/{rel}","templated":true}]}}