{"id":1697,"date":"2024-12-23T07:01:59","date_gmt":"2024-12-23T07:01:59","guid":{"rendered":"https:\/\/fmp-components.com\/product\/cost-effective-small-double-acting-hydraulic-cylinder-telescopic-hydraulic-cylinder\/"},"modified":"2025-03-11T05:47:18","modified_gmt":"2025-03-11T05:47:18","slug":"cost-effective-small-double-acting-hydraulic-cylinder-telescopic-hydraulic-cylinder","status":"publish","type":"product","link":"https:\/\/fmp-components.com\/tr\/product\/cost-effective-small-double-acting-hydraulic-cylinder-telescopic-hydraulic-cylinder\/","title":{"rendered":"Maliyet Etkin K\u00fc\u00e7\u00fck \u00c7ift Etkili Hidrolik Silindir Teleskopik Hidrolik Silindir"},"content":{"rendered":"<h2>Maliyet Etkin K\u00fc\u00e7\u00fck \u00c7ift Etkili Hidrolik Silindir Teleskopik Hidrolik Silindir'i Tan\u0131t\u0131yoruz:<\/h2>\n<p>Maliyet Etkin K\u00fc\u00e7\u00fck \u00c7ift Etkili Hidrolik Silindir Teleskopik Hidrolik Silindir, \u00e7e\u015fitli end\u00fcstrilerin ihtiya\u00e7lar\u0131n\u0131 kar\u015f\u0131lamak \u00fczere tasarlanm\u0131\u015f \u00e7ok y\u00f6nl\u00fc ve g\u00fcvenilir bir hidrolik silindirdir.<\/p>\n<p>Kompakt boyutuyla bu hidrolik silindir, alan\u0131n k\u0131s\u0131tl\u0131 oldu\u011fu uygulamalar i\u00e7in uygundur. Hem itme hem de \u00e7ekme kabiliyetine sahip oldu\u011fundan verimli ve etkili bir \u00e7al\u0131\u015fma sa\u011flar.<\/p>\n<p>Teleskopik tasar\u0131m\u0131 sayesinde bu hidrolik silindir, daha geni\u015f bir hareket aral\u0131\u011f\u0131 gerektiren uygulamalar i\u00e7in ideal hale gelerek geni\u015fletilmi\u015f eri\u015fim ve art\u0131r\u0131lm\u0131\u015f strok uzunlu\u011fu sunar.<\/p>\n<p>Maliyet Etkin K\u00fc\u00e7\u00fck \u00c7ift Etkili Hidrolik Silindir Teleskopik Hidrolik Silindir, y\u00fcksek bas\u0131n\u00e7lara ve a\u011f\u0131r y\u00fcklere dayanacak \u015fekilde \u00fcretilmi\u015ftir, dayan\u0131kl\u0131l\u0131k ve uzun \u00f6m\u00fcr sa\u011flar.<\/p>\n<p>Geli\u015fmi\u015f s\u0131zd\u0131rmazl\u0131k teknolojisi ile donat\u0131lan bu hidrolik silindir, s\u0131k\u0131 ve g\u00fcvenilir bir s\u0131zd\u0131rmazl\u0131k sa\u011flayarak s\u0131z\u0131nt\u0131 riskini en aza indirir ve optimum performans sa\u011flar.<\/p>\n<p>Ayr\u0131ca bu hidrolik silindir, uygun bir fiyat noktas\u0131nda y\u00fcksek d\u00fczeyde i\u015flevsellik sa\u011flayarak maliyet etkinli\u011fi i\u00e7in tasarlanm\u0131\u015ft\u0131r.<\/p>\n<table style=\"width: 100%;\" border=\"1\" width=\"100%\" cellspacing=\"0\" cellpadding=\"0\">\n<tbody>\n<tr>\n<th>\u00dcr\u00fcn Ad\u0131<\/th>\n<td>Maliyet Etkin K\u00fc\u00e7\u00fck \u00c7ift Etkili Teleskopik Hidrolik Silindir<\/td>\n<\/tr>\n<tr>\n<th>Durum<\/th>\n<td>\u00a0Yeni<\/td>\n<\/tr>\n<tr>\n<th>Garanti<\/th>\n<td>1 Y\u0131l<\/td>\n<\/tr>\n<tr>\n<th>Maksimum \u0130tki<\/th>\n<td>3000<\/td>\n<\/tr>\n<tr>\n<th>Tip<\/th>\n<td>\u00c7ift Etkili Teleskopik<\/td>\n<\/tr>\n<tr>\n<th>G\u00fc\u00e7 Kayna\u011f\u0131<\/th>\n<td>Hidrolik<\/td>\n<\/tr>\n<tr>\n<th>Malzeme<\/th>\n<td>\u00c7elik<\/td>\n<\/tr>\n<tr>\n<th>\u00c7ekirdek Bile\u015fenler<\/th>\n<td>Rulman, Piston Silindiri<\/td>\n<\/tr>\n<tr>\n<th>Uygulanabilir End\u00fcstriler<\/th>\n<td>\u0130n\u015faat, Tar\u0131m, \u00dcretim Tesisleri, Makine Tamir At\u00f6lyeleri, \u00c7iftlikler, Enerji ve Madencilik, Makine \u00dcretimi, Makine Fabrikalar\u0131<\/td>\n<\/tr>\n<tr>\n<th>Tasar\u0131m<\/th>\n<td>Standart Ters Teleskopik Silindir<\/td>\n<\/tr>\n<tr>\n<th>Performans<\/th>\n<td>G\u00fcvenilir ve Verimli<\/td>\n<\/tr>\n<\/tbody>\n<\/table>\n<h2>\u00c7ift Etkili Hidrolik Silindirin \u00d6zellikleri Teleskopik Hidrolik Silindir<\/h2>\n<p><img decoding=\"async\" src=\"https:\/\/hzpt.com\/wp-content\/uploads\/2023\/11\/Inverted-Telescopic-Cylinder-24.webp\" alt=\"\" title=\"\"><\/p>\n<p>Bu \u00fcr\u00fcn, onu hidrolik silindir pazar\u0131nda farkl\u0131 k\u0131lan bir\u00e7ok \u00f6nemli \u00f6zelli\u011fe sahiptir.<\/p>\n<ul>\n<li>Son Teknoloji \u00c7ekirdek Bile\u015fenleri: Yatak ve piston silindiri ile dayan\u0131kl\u0131l\u0131k ve performans garantilidir.<\/li>\n<li>Hidrolik G\u00fc\u00e7: Hidrolik g\u00fc\u00e7, d\u00fczg\u00fcn ve verimli bir \u00e7al\u0131\u015fma sa\u011flar.<\/li>\n<li>\u00c7elik G\u00f6vde Malzemesi: Sa\u011flam \u00e7elik g\u00f6vde, uzun \u00f6m\u00fcrl\u00fcl\u00fc\u011f\u00fc ve a\u015f\u0131nmaya ve y\u0131pranmaya kar\u015f\u0131 direnci garanti eder.<\/li>\n<li>Y\u00fcksek Maksimum \u0130tki: 3000'lik maksimum itki ile bu silindir g\u00fc\u00e7l\u00fc bir performans sa\u011flar.<\/li>\n<li>Standart Ters Teleskopik Silindir: Standart ters tasar\u0131m, \u00e7e\u015fitli uygulamalarda esneklik ve \u00e7ok y\u00f6nl\u00fcl\u00fck sa\u011flar.<\/li>\n<\/ul>\n<h2>\u00c7ift Etkili Hidrolik Silindirin Uygulamalar\u0131 Teleskopik Hidrolik Silindir<\/h2>\n<p>Bu hidrolik silindir \u00e7ok say\u0131da end\u00fcstri ve uygulamada kullan\u0131lmaktad\u0131r.<\/p>\n<ul>\n<li style=\"list-style-type: none;\">\n<ul>\n<li>\u00dcretim Tesisleri: Bu silindir \u00e7e\u015fitli \u00fcretim s\u00fcre\u00e7lerinde kullan\u0131ma uygundur.<\/li>\n<li>Makine Tamir At\u00f6lyeleri: Makine tamir at\u00f6lyelerinde \u00e7e\u015fitli tipteki makinelerin tamiri i\u00e7in kullan\u0131labilir.<\/li>\n<li>\u00c7iftlikler: Bu hidrolik silindir \u00e7e\u015fitli tar\u0131m s\u00fcre\u00e7lerinde tar\u0131m ekipmanlar\u0131nda kullan\u0131labilir.<\/li>\n<li>Enerji ve Madencilik: Enerji ve madencilik sekt\u00f6rlerinde \u00e7e\u015fitli a\u011f\u0131r hizmet uygulamalar\u0131nda kullan\u0131labilir.<\/li>\n<\/ul>\n<\/li>\n<\/ul>\n<ul>\n<li>Makine \u0130malat\u0131: Bu hidrolik silindir \u00e7e\u015fitli tipteki makinelerin imalat\u0131nda kullan\u0131labilir.<\/li>\n<\/ul>\n<p><img decoding=\"async\" src=\"https:\/\/hzpt.com\/wp-content\/uploads\/2023\/11\/Inverted-Telescopic-Cylinder-Applications.webp\" alt=\"Ters Teleskopik Silindir Uygulamalar\u0131\" title=\"\"><\/p>\n<h2>\u00c7ift Etkili Hidrolik Silindirin \u00c7al\u0131\u015fma Prensibi ve Bak\u0131m\u0131 Teleskopik Hidrolik Silindir<\/h2>\n<p>Bu hidrolik silindirin \u00e7al\u0131\u015fma prensibi, konfig\u00fcrasyon, hidrolik s\u0131v\u0131 giri\u015fi ve \u00e7\u0131k\u0131\u015f kuvvetini i\u00e7erir. D\u00fczenli bak\u0131m y\u00f6ntemleri aras\u0131nda muayene, temizlik, ya\u011flama, d\u00fczenli kontrol ve onar\u0131mlar, conta de\u011fi\u015fimi ve kullan\u0131m k\u0131lavuzuna uyulmas\u0131 yer al\u0131r.<\/p>\n<ul>\n<li>Yap\u0131land\u0131rma: Hidrolik silindir, bir silindir g\u00f6vdesi, piston ve piston \u00e7ubu\u011fundan olu\u015fur. Silindir g\u00f6vdesi hidrolik s\u0131v\u0131y\u0131 tutar.<\/li>\n<li>Hidrolik S\u0131v\u0131 Giri\u015fi: Hidrolik s\u0131v\u0131, pistonu iten ve piston kolunda bir kuvvet olu\u015fturan silindir g\u00f6vdesine pompalan\u0131r.<\/li>\n<li>\u00c7\u0131k\u0131\u015f Kuvveti: Bu kuvvet, i\u015fi yapan makine bile\u015fenine aktar\u0131l\u0131r.<\/li>\n<li>Muayene: Silindirin d\u00fczg\u00fcn \u00e7al\u0131\u015ft\u0131\u011f\u0131ndan emin olmak i\u00e7in d\u00fczenli muayeneler yap\u0131lmal\u0131d\u0131r.<\/li>\n<li>Temizlik: Hidrolik silindir, kir ve kal\u0131nt\u0131lar\u0131n birikmesini \u00f6nlemek i\u00e7in d\u00fczenli olarak temizlenmelidir.<\/li>\n<li>Ya\u011flama: Sorunsuz \u00e7al\u0131\u015fmay\u0131 sa\u011flamak ve a\u015f\u0131nma ve y\u0131pranmay\u0131 \u00f6nlemek i\u00e7in d\u00fczenli ya\u011flama gereklidir.<\/li>\n<li>Conta De\u011fi\u015fimi: Hidrolik s\u0131v\u0131 s\u0131z\u0131nt\u0131s\u0131n\u0131 \u00f6nlemek i\u00e7in contalar\u0131n d\u00fczenli olarak de\u011fi\u015ftirilmesi gerekir.<\/li>\n<li>Kullan\u0131m K\u0131lavuzunu Takip Edin: Bak\u0131m prosed\u00fcrleri ve g\u00fcvenlik talimatlar\u0131 i\u00e7in her zaman kullan\u0131m k\u0131lavuzunu izleyin.<img decoding=\"async\" src=\"https:\/\/hzpt.com\/wp-content\/uploads\/2023\/11\/Inverted-Telescopic-Cylinder-12.webp\" alt=\"\" title=\"\"><\/li>\n<\/ul>\n<h2>Ters Teleskopik Silindir<\/h2>\n<p>Hidrolik sistemlerin son derece uygun maliyetli ve verimli bir bile\u015feni olan Ters Teleskopik Silindir, ayn\u0131 zamanda K\u00fc\u00e7\u00fck \u00c7ift Etkili Hidrolik Silindir veya Teleskopik Hidrolik Silindir olarak da bilinir ve \u00e7e\u015fitli end\u00fcstrilerde \u00f6nemli bir rol oynar. Bu makale, bu cihaz\u0131n inceliklerini inceleyerek benzersiz \u00f6zelliklerini ve avantajlar\u0131n\u0131 vurgulamay\u0131 ama\u00e7lamaktad\u0131r.<\/p>\n<h3>1. Tan\u0131m ve \u0130\u015flev<\/h3>\n<p>Ters Teleskopik Silindir, her iki y\u00f6nde de \u00e7al\u0131\u015fan ve itme ve \u00e7ekme hareketlerini ger\u00e7ekle\u015ftirebilen bir hidrolik akt\u00fcat\u00f6rd\u00fcr. Temel i\u015flevi, ak\u0131\u015fkan g\u00fcc\u00fcn\u00fc do\u011frusal mekanik kuvvete d\u00f6n\u00fc\u015ft\u00fcrmek ve bu kuvvetle makine, ekipman ve a\u011f\u0131r y\u00fckleri hareket ettirmek veya kontrol etmek i\u00e7in kullan\u0131l\u0131r. Bu \u00e7ok y\u00f6nl\u00fc silindir, geni\u015f bir strok uzunlu\u011fu aral\u0131\u011f\u0131 sa\u011flayan, uzay\u0131p k\u0131salabilen \u00e7ok say\u0131da kademe veya b\u00f6lmeyle tasarlanm\u0131\u015ft\u0131r.<\/p>\n<h3>2. Yap\u0131 ve Tasar\u0131m<\/h3>\n<p>Ters Teleskopik Silindir, her biri giderek k\u00fc\u00e7\u00fclen bir dizi i\u00e7 i\u00e7e ge\u00e7mi\u015f silindirik borudan olu\u015fur. Kademe olarak bilinen bu borular, piston \u00e7ubuklar\u0131 ve contalar arac\u0131l\u0131\u011f\u0131yla birbirine ba\u011flanarak teleskopik bir d\u00fczenek olu\u015fturur. En d\u0131\u015ftaki kademe makineye veya y\u00fcke ba\u011fl\u0131yken, en i\u00e7teki kademe pistonu bar\u0131nd\u0131r\u0131r ve hidrolik sisteme ba\u011fl\u0131d\u0131r.<\/p>\n<p>Bu silindirin benzersiz ters tasar\u0131m\u0131, daha b\u00fcy\u00fck \u00e7ap\u0131 altta konumland\u0131rarak burkulma kuvvetlerine kar\u015f\u0131 denge ve diren\u00e7 sa\u011flar. Daha k\u00fc\u00e7\u00fck kademeler, daha b\u00fcy\u00fck kademelerin i\u00e7ine s\u0131\u011farak kompakt ve yerden tasarruf sa\u011flayan bir yap\u0131 sunar. Ayr\u0131ca, kademeler aras\u0131ndaki contalar s\u0131z\u0131nt\u0131y\u0131 \u00f6nler ve optimum performans sa\u011flar.<\/p>\n<h3>3. Faydalar\u0131 ve Uygulamalar\u0131<\/h3>\n<p>Ters Teleskopik Silindir, \u00e7e\u015fitli uygulamalar i\u00e7in uygun hale getiren bir\u00e7ok avantaj sunar:<\/p>\n<ul>\n<li>1. <strong>Maliyet Etkinli\u011fi:<\/strong> Verimli tasar\u0131m\u0131 sayesinde bu silindir, di\u011fer hidrolik akt\u00fcat\u00f6rlere k\u0131yasla daha az malzeme ve \u00fcretim maliyeti gerektirir. Y\u00fcksek kuvvet-boyut oran\u0131 sunarak, s\u0131n\u0131rl\u0131 alan ve b\u00fct\u00e7e k\u0131s\u0131tlamalar\u0131 olan uygulamalar i\u00e7in ekonomik bir se\u00e7enektir.<\/li>\n<li>2. <strong>K\u00fc\u00e7\u00fck \u00c7ift Etkili:<\/strong> Bu silindir \u00e7ift etkili olup, her iki y\u00f6nde de kuvvet \u00fcretebilir. Sahnelerin a\u00e7\u0131l\u0131p kapanmas\u0131 i\u00e7in e\u015fit g\u00fc\u00e7 sa\u011flayarak dengeli hareket ve hassas kontrol sa\u011flar. Silindirin k\u00fc\u00e7\u00fck boyutu, daha b\u00fcy\u00fck akt\u00fcat\u00f6rlerin kullan\u0131lamayaca\u011f\u0131 dar alanlara s\u0131\u011fmas\u0131n\u0131 sa\u011flar.<\/li>\n<li>3. <strong>Teleskopik \u0130\u015flevsellik:<\/strong> Teleskopik tasar\u0131m\u0131 sayesinde bu silindir, kompakt geri \u00e7ekilme uzunlu\u011funu korurken daha uzun strok uzunluklar\u0131na ula\u015fabilir. Bu \u00f6zellik, vin\u00e7ler, forkliftler ve damperli kamyon kasalar\u0131 gibi uzun eri\u015fim veya de\u011fi\u015fken konumland\u0131rma gerektiren uygulamalarda \u00f6zellikle faydal\u0131d\u0131r.<\/li>\n<\/ul>\n<p>Ters Teleskopik Silindir, in\u015faat, malzeme ta\u015f\u0131ma, tar\u0131m ve ula\u015f\u0131m gibi sekt\u00f6rlerde yayg\u0131n olarak kullan\u0131lmaktad\u0131r. Genellikle hava platformlar\u0131, teleskopik bomlar, makasl\u0131 platformlar, damperli r\u00f6morklar ve g\u00fcvenilir ve verimli do\u011frusal hareket kontrol\u00fc gerektiren di\u011fer bir\u00e7ok uygulaman\u0131n hidrolik sistemlerinde kullan\u0131l\u0131r.<\/p>\n<p>Sonu\u00e7 olarak, K\u00fc\u00e7\u00fck \u00c7ift Etkili Hidrolik Silindir veya Teleskopik Hidrolik Silindir olarak da bilinen Ters Teleskopik Silindir, \u00e7e\u015fitli end\u00fcstrilerde kullan\u0131lan uygun maliyetli ve \u00e7ok y\u00f6nl\u00fc bir bile\u015fendir. Benzersiz ters tasar\u0131m\u0131, k\u00fc\u00e7\u00fck boyutu ve teleskopik i\u015flevselli\u011fi, onu alan, b\u00fct\u00e7e ve hassas kontrol\u00fcn \u00e7ok \u00f6nemli oldu\u011fu uygulamalar i\u00e7in ideal bir se\u00e7im haline getirir. Hidrolik s\u0131v\u0131n\u0131n g\u00fcc\u00fcnden yararlanan bu silindir, a\u011f\u0131r makine ve ekipmanlar\u0131n sorunsuz ve verimli \u00e7al\u0131\u015fmas\u0131n\u0131 kolayla\u015ft\u0131r\u0131r.<\/p>\n<h3>FMP Hakk\u0131nda<\/h3>\n<p>FMP, Hidrolik Silindir \u00fcretimi ve sat\u0131\u015f\u0131nda uzmanla\u015fm\u0131\u015f sayg\u0131n bir \u015firkettir. M\u00fc\u015fterilerimize in\u015faat makineleri i\u00e7in y\u00fcksek kaliteli ve g\u00fcvenilir hidrolik silindirler sunmaya kendimizi adad\u0131k. Uzun y\u0131llara dayanan sekt\u00f6r deneyimi ve profesyonel ekibiyle FMP, t\u00fcm hidrolik silindir ihtiya\u00e7lar\u0131n\u0131z i\u00e7in g\u00fcvenilir orta\u011f\u0131n\u0131zd\u0131r.<\/p>\n<p><img decoding=\"async\" src=\"https:\/\/fmp-components.com\/wp-content\/uploads\/2024\/12\/Adjustable-Clevis-Type-Cylinders-6.webp\" alt=\"Ayarlanabilir \u00c7atal Tipi Silindir\" width=\"850\" title=\"\"><\/p>\n<p>Hidrolik silindir ihtiya\u00e7lar\u0131n\u0131z i\u00e7in FMP'yi se\u00e7meniz i\u00e7in 5 neden:<\/p>\n<p>1. Geni\u015f \u00dcr\u00fcn Yelpazesi: FMP, \u00e7e\u015fitli in\u015faat makinelerinin ihtiya\u00e7lar\u0131n\u0131 kar\u015f\u0131layan geni\u015f bir hidrolik silindir yelpazesi sunar. Standart silindirlerden \u00f6zel \u00fcretim \u00e7\u00f6z\u00fcmlere kadar, \u00f6zel ihtiya\u00e7lar\u0131n\u0131z\u0131 kar\u015f\u0131layacak do\u011fru \u00fcr\u00fcne sahibiz.<\/p>\n<p>2. \u00dcst\u00fcn Kalite: Yapt\u0131\u011f\u0131m\u0131z her i\u015fte kaliteye \u00f6ncelik veriyoruz. T\u00fcm hidrolik silindirlerimiz birinci s\u0131n\u0131f malzemeler kullan\u0131larak \u00fcretiliyor ve s\u0131k\u0131 kalite standartlar\u0131na uyuyor. Bu, \u00fcr\u00fcnlerimizin dayan\u0131kl\u0131, g\u00fcvenilir olmas\u0131n\u0131 ve zorlu ko\u015fullarda optimum performans g\u00f6stermesini sa\u011fl\u0131yor.<\/p>\n<p>3. Uzmanl\u0131k ve Deneyim: Kapsaml\u0131 sekt\u00f6r bilgimiz ve deneyimimizle, in\u015faat makineleri sekt\u00f6r\u00fcn\u00fcn benzersiz zorluklar\u0131n\u0131 ve taleplerini anl\u0131yoruz. Uzman ekibimiz, \u00f6zel ihtiya\u00e7lar\u0131n\u0131z\u0131 kar\u015f\u0131lamak i\u00e7in profesyonel rehberlik ve \u00f6zel \u00e7\u00f6z\u00fcmler sunmak \u00fczere donan\u0131ml\u0131d\u0131r.<\/p>\n<p>4. G\u00fc\u00e7l\u00fc Tedarik\u00e7i \u0130li\u015fkileri: FMP, hem yurt i\u00e7inde hem de yurt d\u0131\u015f\u0131nda sayg\u0131n tedarik\u00e7ilerle uzun vadeli ve istikrarl\u0131 ortakl\u0131klar kurmu\u015ftur. Bu sayede, y\u00fcksek kaliteli bile\u015fenler ve malzemeler tedarik ederek hidrolik silindirlerimizin g\u00fcvenilirli\u011fini ve performans\u0131n\u0131 garanti alt\u0131na alabilmekteyiz.<\/p>\n<p>5. Verimli Lojistik ve Zaman\u0131nda Teslimat: Projelerinizin sorunsuz ilerlemesi i\u00e7in zaman\u0131nda teslimat\u0131n \u00f6neminin fark\u0131nday\u0131z. FMP, ihtiya\u00e7 duydu\u011funuz hidrolik silindirleri zaman\u0131nda ve do\u011fru bir \u015fekilde teslim alman\u0131z\u0131, aksama s\u00fcrelerini en aza indirmenizi ve \u00fcretkenli\u011fi en \u00fcst d\u00fczeye \u00e7\u0131karman\u0131z\u0131 sa\u011flayan verimli bir lojistik da\u011f\u0131t\u0131m sistemine sahiptir.<\/p>\n<p>Hidrolik silindir ihtiya\u00e7lar\u0131n\u0131z i\u00e7in FMP'yi se\u00e7in ve kalite, g\u00fcvenilirlik ve m\u00fc\u015fteri memnuniyetindeki fark\u0131 deneyimleyin. Kusursuz bir in\u015faat makinesi deneyimi i\u00e7in bug\u00fcn bizimle i\u015f ortakl\u0131\u011f\u0131 yap\u0131n.<\/p>\n<p>Yazar:CX<\/p>","protected":false},"excerpt":{"rendered":"<p>Introducing Cost Effective Small Double Acting Hydraulic Cylinder Telescopic Hydraulic Cylinder: The Cost Effective Small Double Acting Hydraulic Cylinder Telescopic Hydraulic Cylinder is a versatile and reliable hydraulic cylinder designed to meet the needs of various industries. This hydraulic cylinder features a compact size, making it suitable for applications where space is limited. It is [&hellip;]<\/p>","protected":false},"featured_media":1698,"comment_status":"closed","ping_status":"closed","template":"","meta":{"_et_pb_use_builder":"","_et_pb_old_content":"","_et_gb_content_width":""},"product_brand":[],"product_cat":[45],"product_tag":[34,48],"class_list":{"0":"post-1697","1":"product","2":"type-product","3":"status-publish","4":"has-post-thumbnail","6":"product_cat-inverted-telescopic-cylinder","7":"product_tag-hydraulic-cylinder","8":"product_tag-inverted-telescopic-cylinder","10":"first","11":"instock","12":"product-type-simple"},"_links":{"self":[{"href":"https:\/\/fmp-components.com\/tr\/wp-json\/wp\/v2\/product\/1697","targetHints":{"allow":["GET"]}}],"collection":[{"href":"https:\/\/fmp-components.com\/tr\/wp-json\/wp\/v2\/product"}],"about":[{"href":"https:\/\/fmp-components.com\/tr\/wp-json\/wp\/v2\/types\/product"}],"replies":[{"embeddable":true,"href":"https:\/\/fmp-components.com\/tr\/wp-json\/wp\/v2\/comments?post=1697"}],"wp:featuredmedia":[{"embeddable":true,"href":"https:\/\/fmp-components.com\/tr\/wp-json\/wp\/v2\/media\/1698"}],"wp:attachment":[{"href":"https:\/\/fmp-components.com\/tr\/wp-json\/wp\/v2\/media?parent=1697"}],"wp:term":[{"taxonomy":"product_brand","embeddable":true,"href":"https:\/\/fmp-components.com\/tr\/wp-json\/wp\/v2\/product_brand?post=1697"},{"taxonomy":"product_cat","embeddable":true,"href":"https:\/\/fmp-components.com\/tr\/wp-json\/wp\/v2\/product_cat?post=1697"},{"taxonomy":"product_tag","embeddable":true,"href":"https:\/\/fmp-components.com\/tr\/wp-json\/wp\/v2\/product_tag?post=1697"}],"curies":[{"name":"wp","href":"https:\/\/api.w.org\/{rel}","templated":true}]}}