{"id":1693,"date":"2024-12-23T07:01:59","date_gmt":"2024-12-23T07:01:59","guid":{"rendered":"https:\/\/fmp-components.com\/product\/premium-quality-stainless-steel-long-stroke-hydraulic-cylinder-for-dump-truck\/"},"modified":"2025-03-11T06:06:18","modified_gmt":"2025-03-11T06:06:18","slug":"premium-quality-stainless-steel-long-stroke-hydraulic-cylinder-for-dump-truck","status":"publish","type":"product","link":"https:\/\/fmp-components.com\/tr\/product\/premium-quality-stainless-steel-long-stroke-hydraulic-cylinder-for-dump-truck\/","title":{"rendered":"Damperli Kamyonlar \u0130\u00e7in Premium Kalite Paslanmaz \u00c7elik Uzun Stroklu Hidrolik Silindir"},"content":{"rendered":"<h2>Damperli Kamyonlar i\u00e7in Premium Kalite Paslanmaz \u00c7elik Uzun Stroklu Hidrolik Silindiri Tan\u0131t\u0131yoruz:<\/h2>\n<p>Bu hidrolik silindir, damperli kamyonlar i\u00e7in \u00f6zel olarak tasarlanm\u0131\u015f olup ola\u011fan\u00fcst\u00fc performans ve dayan\u0131kl\u0131l\u0131k sunar. Y\u00fcksek kaliteli paslanmaz \u00e7elikten \u00fcretilmi\u015f olmas\u0131, zorlu \u00e7al\u0131\u015fma ko\u015fullar\u0131nda bile korozyon ve a\u015f\u0131nmaya kar\u015f\u0131 dayan\u0131kl\u0131l\u0131\u011f\u0131n\u0131 garanti eder. Bu silindirin uzun stroklu tasar\u0131m\u0131, daha geni\u015f bir hareket aral\u0131\u011f\u0131 sa\u011flayarak a\u011f\u0131r y\u00fcklerin verimli bir \u015fekilde kald\u0131r\u0131lmas\u0131n\u0131 ve bo\u015falt\u0131lmas\u0131n\u0131 sa\u011flar.<\/p>\n<p>\u00dcst\u00fcn kaliteli yap\u0131s\u0131yla bu hidrolik silindir, \u00fcst\u00fcn mukavemet ve stabilite sunar. A\u011f\u0131r hizmet uygulamalar\u0131n\u0131n taleplerine dayanacak \u015fekilde \u00fcretilmi\u015ftir ve g\u00fcvenilir ve tutarl\u0131 bir performans sunar. Paslanmaz \u00e7elik malzeme, uzun \u00f6m\u00fcrl\u00fc olmas\u0131n\u0131 sa\u011flayarak s\u0131k bak\u0131m ve de\u011fi\u015ftirme ihtiyac\u0131n\u0131 azalt\u0131r.<\/p>\n<p>Geli\u015fmi\u015f hidrolik teknolojisiyle donat\u0131lan bu silindir, sorunsuz ve hassas bir \u00e7al\u0131\u015fma sa\u011flar. G\u00fc\u00e7l\u00fc bir piston ve silindir sistemine sahip olan bu sistem, verimli g\u00fc\u00e7 aktar\u0131m\u0131 ve verimli y\u00fck y\u00f6netimi sa\u011flar. Y\u00fcksek bas\u0131n\u00e7l\u0131 contalar s\u0131z\u0131nt\u0131lar\u0131 \u00f6nleyerek optimum performans sa\u011flar ve ar\u0131za s\u00fcresini en aza indirir.<\/p>\n<p><img decoding=\"async\" src=\"https:\/\/hzpt.com\/wp-content\/uploads\/2023\/11\/Inverted-Telescopic-Cylinder-23.webp\" alt=\"\" title=\"\"><\/p>\n<p>\u00dcstelik bu hidrolik silindir, \u00e7e\u015fitli marka ve modellerdeki damperli kamyonlarla kolay montaj ve uyumluluk sa\u011flayacak \u015fekilde tasarlanm\u0131\u015ft\u0131r. Damperli kamyon uygulamalar\u0131n\u0131n \u00f6zel gereksinimlerini kar\u015f\u0131lamak \u00fczere hassasiyetle tasarlanm\u0131\u015f olup, kusursuz bir entegrasyon ve optimum performans garanti eder.<\/p>\n<p>\u00d6zetle, Premium Kalite Paslanmaz \u00c7elik Uzun Stroklu Damperli Kamyon Hidrolik Silindiri, damperli kamyonlar\u0131n verimlili\u011fini ve \u00fcretkenli\u011fini art\u0131ran g\u00fcvenilir ve y\u00fcksek performansl\u0131 bir bile\u015fendir. Dayan\u0131kl\u0131 yap\u0131s\u0131, geli\u015fmi\u015f hidrolik teknolojisi ve kolay montaj\u0131, onu her t\u00fcrl\u00fc damperli kamyon operasyonu i\u00e7in de\u011ferli bir varl\u0131k haline getirir. Damperli kamyonlar i\u00e7in paslanmaz \u00e7elik uzun stroklu hidrolik silindirimizle hassasiyetin g\u00fcc\u00fcn\u00fc deneyimleyin. Bu, en zorlu ko\u015fullarda y\u00fcksek performans sunmak \u00fczere \u00f6zel olarak tasarlanm\u0131\u015f birinci s\u0131n\u0131f bir \u00fcr\u00fcnd\u00fcr. Premium kalite paslanmaz \u00e7elik kullan\u0131larak \u00fcretilen bu silindir, sa\u011flam, dayan\u0131kl\u0131 ve uzun s\u00fcreli kullan\u0131m i\u00e7in \u00fcretilmi\u015ftir. Yeni durum etiketi ve bir y\u0131ll\u0131k garantiyle bu hidrolik silindir, g\u00fcvenilirlik ve m\u00fckemmel hizmet g\u00fcvencesini ta\u015f\u0131r. Damperli kamyonunuza kusursuz bir \u015fekilde uyacak ve ola\u011fan\u00fcst\u00fc performans sunacak \u015fekilde tasarlanm\u0131\u015f standart bir \u00fcr\u00fcnd\u00fcr.<\/p>\n<h2>Paslanmaz \u00c7elik Uzun Stroklu Hidrolik Silindirin \u00d6zellikleri<\/h2>\n<ul>\n<li><strong>\u00dcst\u00fcn Kalite:<\/strong> Y\u00fcksek kaliteli paslanmaz \u00e7elikten \u00fcretilen hidrolik silindir, dayan\u0131kl\u0131l\u0131k ve g\u00fc\u00e7l\u00fc performans sa\u011flar.<\/li>\n<li><strong>Uzun Strok Tasar\u0131m\u0131:<\/strong> Uzat\u0131lm\u0131\u015f strok uzunlu\u011fu, maksimum g\u00fc\u00e7 \u00e7\u0131k\u0131\u015f\u0131 sa\u011flayarak damperli kamyonunuzun \u00e7al\u0131\u015fma verimlili\u011fini art\u0131r\u0131r.<\/li>\n<li><strong>Bir Y\u0131ll\u0131k Garanti:<\/strong> Yatak ve piston silindiri de dahil olmak \u00fczere temel bile\u015fenlerde bir y\u0131ll\u0131k garanti sunuyoruz, bu sayede i\u00e7iniz rahat olsun.<\/li>\n<li><strong>ISO Sertifikal\u0131:<\/strong> Bu \u00fcr\u00fcn ISO9001:2000 sertifikas\u0131na sahiptir ve uluslararas\u0131 kalite standartlar\u0131n\u0131 kar\u015f\u0131lad\u0131\u011f\u0131n\u0131 garanti eder.<\/li>\n<li><strong>G\u00fc\u00e7l\u00fc Performans:<\/strong> 3000 tonluk maksimum itme ve 20 tonluk maksimum \u00e7ekme g\u00fcc\u00fcne sahip bu hidrolik silindir g\u00fc\u00e7l\u00fc bir performans sunar.<\/li>\n<\/ul>\n<h2>Paslanmaz \u00c7elik Uzun Stroklu Hidrolik Silindirin Uygulamalar\u0131<\/h2>\n<ul>\n<li><strong>Damperli Kamyonlar:<\/strong> Bu hidrolik silindir, damperli kamyonlar i\u00e7in \u00f6zel olarak tasarlanm\u0131\u015ft\u0131r ve y\u00fckleme ve bo\u015faltma verimlili\u011fini art\u0131r\u0131r.<\/li>\n<li><strong>\u00dcretim Tesisleri:<\/strong> \u00c7e\u015fitli imalat tesislerinde a\u011f\u0131r i\u015f makinelerinin \u00e7al\u0131\u015ft\u0131r\u0131lmas\u0131nda kullan\u0131labilir.<\/li>\n<li><strong>Makine Tamir At\u00f6lyeleri:<\/strong> Bu \u00fcr\u00fcn ayn\u0131 zamanda makine tamir at\u00f6lyelerinde eskimi\u015f veya y\u0131pranm\u0131\u015f hidrolik silindirlerin de\u011fi\u015ftirilmesinde de kullan\u0131lmaktad\u0131r.<\/li>\n<li><strong>Madencilik End\u00fcstrisi:<\/strong> Madencilik sekt\u00f6r\u00fcnde \u00e7e\u015fitli a\u011f\u0131r makine operasyonlar\u0131nda uygulama alan\u0131 bulmaktad\u0131r.<\/li>\n<li><strong>Tar\u0131m Makinalar\u0131:<\/strong> Hidrolik silindir ayn\u0131 zamanda tar\u0131m makinelerinde \u00e7e\u015fitli g\u00f6revlerde de kullan\u0131labilir.<\/li>\n<\/ul>\n<p><img decoding=\"async\" src=\"https:\/\/hzpt.com\/wp-content\/uploads\/2023\/11\/Inverted-Telescopic-Cylinder-Applications.webp\" alt=\"Ters Teleskopik Silindir Uygulamalar\u0131\" title=\"\"><\/p>\n<h2>Hidrolik Silindirin \u00c7al\u0131\u015fma Prensibi ve Bak\u0131m\u0131<\/h2>\n<p>Hidrolik silindir, hidrolik s\u0131v\u0131 giri\u015f ve \u00e7\u0131k\u0131\u015f kuvveti prensibine g\u00f6re \u00e7al\u0131\u015f\u0131r. Bir piston ve hidrolik s\u0131v\u0131n\u0131n girdi\u011fi bir silindirden olu\u015fur. S\u0131v\u0131 bas\u0131n\u00e7land\u0131r\u0131ld\u0131\u011f\u0131nda, pistonu hareket ettiren bir \u00e7\u0131k\u0131\u015f kuvveti olu\u015fturur. Pistonun bu hareketi daha sonra mekanik i\u015f yapmak i\u00e7in kullan\u0131l\u0131r.<\/p>\n<p>Hidrolik silindirin bak\u0131m\u0131 \u015funlar\u0131 i\u00e7erir:<\/p>\n<ul>\n<li style=\"list-style-type: none;\">\n<ul>\n<li><strong>D\u00fczenli Muayene:<\/strong> Silindiri d\u00fczenli olarak a\u015f\u0131nma ve y\u0131pranma belirtileri a\u00e7\u0131s\u0131ndan inceleyin ve iyi \u00e7al\u0131\u015fma ko\u015fullar\u0131nda oldu\u011fundan emin olun.<\/li>\n<li><strong>Temizlik:<\/strong> Silindirin i\u00e7ine herhangi bir kir veya tozun girmesini ve hasara yol a\u00e7mas\u0131n\u0131 \u00f6nlemek i\u00e7in silindiri temiz tutun.<\/li>\n<li><strong>Ya\u011flama:<\/strong> Silindirin hareketli par\u00e7alar\u0131n\u0131 d\u00fczenli olarak ya\u011flayarak d\u00fczg\u00fcn \u00e7al\u0131\u015fmas\u0131n\u0131 sa\u011flay\u0131n.<\/li>\n<li><strong>Conta De\u011fi\u015fimi:<\/strong> Hidrolik s\u0131v\u0131s\u0131n\u0131n s\u0131zmas\u0131n\u0131 \u00f6nlemek i\u00e7in silindir contalar\u0131n\u0131n periyodik olarak de\u011fi\u015ftirilmesi gerekir.<\/li>\n<li><strong>A\u015fa\u011f\u0131daki Operat\u00f6r K\u0131lavuzu:<\/strong> Hidrolik silindirin do\u011fru \u00e7al\u0131\u015fmas\u0131 ve bak\u0131m\u0131 i\u00e7in daima kullan\u0131m k\u0131lavuzunu takip edin.<img decoding=\"async\" src=\"https:\/\/hzpt.com\/wp-content\/uploads\/2023\/11\/Inverted-Telescopic-Cylinder-21.webp\" alt=\"\" title=\"\"><\/li>\n<\/ul>\n<\/li>\n<\/ul>\n<h2>Ters Teleskopik Silindir<\/h2>\n<p>Damperli Kamyonlar i\u00e7in Premium Kalite Paslanmaz \u00c7elik Uzun Stroklu Hidrolik Silindir olan ters teleskopik silindir, piston \u00e7ubu\u011fu sabit bir tabana tak\u0131l\u0131yken silindirin kendisi \u00e7ubuk boyunca hareket eden benzersiz bir hidrolik silindir t\u00fcr\u00fcd\u00fcr. Bu tasar\u0131m, daha uzun bir strok uzunlu\u011fu ve daha k\u00fc\u00e7\u00fck bir geri \u00e7ekilme uzunlu\u011fu sa\u011flayarak, damperli kamyonlar ve di\u011fer a\u011f\u0131r hizmet uygulamalar\u0131 i\u00e7in idealdir.<\/p>\n<h3>Ters Teleskopik Silindirin \u00d6zellikleri<\/h3>\n<ul>\n<li><strong>Y\u00fcksek Bas\u0131n\u00e7 Contalar\u0131:<\/strong> Ters teleskopik silindir, y\u00fcksek bas\u0131n\u00e7lara dayan\u0131kl\u0131, y\u00fcksek kaliteli contalarla donat\u0131lm\u0131\u015ft\u0131r. Bu sayede silindirin sorunsuz ve s\u0131z\u0131nt\u0131s\u0131z \u00e7al\u0131\u015fmas\u0131 sa\u011flan\u0131r.<\/li>\n<li><strong>Uzun Vuru\u015f Uzunlu\u011fu:<\/strong> Ters teleskopik silindirin tasar\u0131m\u0131, geleneksel hidrolik silindirlere g\u00f6re daha uzun bir strok uzunlu\u011funa izin verir ve bu da onu damperli kamyonlar ve di\u011fer a\u011f\u0131r hizmet uygulamalar\u0131 i\u00e7in ideal hale getirir.<\/li>\n<li><strong>K\u00fc\u00e7\u00fck Geri \u00c7ekilmi\u015f Uzunluk:<\/strong> Ters teleskopik silindirin geri \u00e7ekilmi\u015f uzunlu\u011funun daha k\u00fc\u00e7\u00fck olmas\u0131, damperli kamyonun \u015fasisinde daha fazla alan sa\u011flayarak kurulumunu ve \u00e7al\u0131\u015ft\u0131rmas\u0131n\u0131 kolayla\u015ft\u0131r\u0131r.<\/li>\n<li><strong>Sorunsuz \u00c7al\u0131\u015fma:<\/strong> Ters teleskopik silindir, d\u00fczg\u00fcn ve hassas bir \u015fekilde \u00e7al\u0131\u015farak a\u011f\u0131r y\u00fcklerin do\u011fru ve etkili bir \u015fekilde kald\u0131r\u0131lmas\u0131n\u0131 ve bo\u015falt\u0131lmas\u0131n\u0131 sa\u011flar.<\/li>\n<li><strong>Kolay Bak\u0131m:<\/strong> Ters teleskopik silindirin tasar\u0131m\u0131, bak\u0131m ve onar\u0131m\u0131 kolayla\u015ft\u0131r\u0131r, ar\u0131za s\u00fcresini azalt\u0131r ve verimlili\u011fi art\u0131r\u0131r.<\/li>\n<\/ul>\n<h3>Ters Teleskopik Silindirin Bile\u015fenleri<\/h3>\n<p>Ters teleskopik silindir, sorunsuz ve verimli bir \u00e7al\u0131\u015fma sa\u011flamak i\u00e7in birlikte \u00e7al\u0131\u015fan \u00e7e\u015fitli bile\u015fenlerden olu\u015fur. Bu bile\u015fenler \u015funlard\u0131r:<\/p>\n<ul>\n<li><strong>Piston:<\/strong> Piston, \u00e7ubuk boyunca hareket ederek a\u011f\u0131r y\u00fckleri kald\u0131rmak ve bo\u015faltmak i\u00e7in gerekli kuvveti \u00fcreten silindirin bile\u015fenidir.<\/li>\n<li><strong>Silindir:<\/strong> Silindir, piston kolu boyunca hareket eden silindirin d\u0131\u015f kabu\u011fudur.<\/li>\n<li><strong>Foklar:<\/strong> Contalar, silindirin s\u0131z\u0131nt\u0131y\u0131 \u00f6nleyen ve silindirin d\u00fczg\u00fcn \u00e7al\u0131\u015fmas\u0131n\u0131 sa\u011flayan elemanlard\u0131r.<\/li>\n<li><strong>Temel:<\/strong> Taban, piston kolunun ba\u011fl\u0131 oldu\u011fu silindirin sabit bile\u015fenidir.<\/li>\n<li><strong>\u00c7ubuk:<\/strong> \u00c7ubuk, pistonu tabana ba\u011flayan ve kuvvetin aktar\u0131lmas\u0131n\u0131 sa\u011flayan par\u00e7ad\u0131r.<\/li>\n<\/ul>\n<h3>Ters Teleskopik Silindirin Uygulamalar\u0131<\/h3>\n<p>Ters teleskopik silindir, \u00e7e\u015fitli a\u011f\u0131r hizmet tipi kald\u0131rma ve bo\u015faltma uygulamalar\u0131nda kullan\u0131labilen \u00e7ok y\u00f6nl\u00fc bir hidrolik silindirdir. Ters teleskopik silindirin yayg\u0131n kullan\u0131m alanlar\u0131ndan baz\u0131lar\u0131 \u015funlard\u0131r:<\/p>\n<ul>\n<li><strong>Damperli Kamyonlar:<\/strong> Ters teleskopik silindir, uzun strok uzunlu\u011fu ve k\u00fc\u00e7\u00fck geri \u00e7ekilmi\u015f uzunlu\u011fu nedeniyle damperli kamyonlar i\u00e7in idealdir.<\/li>\n<li><strong>A\u011f\u0131r Makineler:<\/strong> Ters teleskopik silindir ayn\u0131 zamanda vin\u00e7 ve ekskavat\u00f6r gibi a\u011f\u0131r i\u015f makinelerinde de kullan\u0131labilir.<\/li>\n<li><strong>Tar\u0131m:<\/strong> Ters teleskopik silindir, ekin ve di\u011fer malzemelerin kald\u0131r\u0131lmas\u0131 ve bo\u015falt\u0131lmas\u0131 gibi tar\u0131msal uygulamalarda kullan\u0131labilir.<\/li>\n<li><strong>Madencilik:<\/strong> Ters teleskopik silindir, madencilik faaliyetlerinde a\u011f\u0131r y\u00fcklerin kald\u0131r\u0131lmas\u0131 ve bo\u015falt\u0131lmas\u0131nda kullan\u0131l\u0131r.<\/li>\n<\/ul>\n<p>Sonu\u00e7 olarak, ters teleskopik silindir, geleneksel silindirlere g\u00f6re bir\u00e7ok avantaj sunan benzersiz bir hidrolik silindir t\u00fcr\u00fcd\u00fcr. Y\u00fcksek bas\u0131n\u00e7 contalar\u0131, uzun strok uzunlu\u011fu, k\u0131sa geri \u00e7ekilme uzunlu\u011fu, sorunsuz \u00e7al\u0131\u015fmas\u0131 ve kolay bak\u0131m\u0131yla a\u011f\u0131r hizmet tipi kald\u0131rma ve bo\u015faltma uygulamalar\u0131 i\u00e7in ideal bir se\u00e7imdir. \u00c7ok y\u00f6nl\u00fcl\u00fc\u011f\u00fc, damperli kamyonlardan a\u011f\u0131r makinelere, tar\u0131mdan madencili\u011fe kadar \u00e7ok \u00e7e\u015fitli sekt\u00f6rler i\u00e7in uygun olmas\u0131n\u0131 sa\u011flar.<\/p>\n<h3>FMP \u2013 Hidrolik Silindir Hakk\u0131nda<\/h3>\n<p>G\u00fcvenilir ve y\u00fcksek kaliteli hidrolik silindirler ar\u0131yorsan\u0131z, do\u011fru yerdesiniz. FMP, in\u015faat makinesi par\u00e7alar\u0131 ve komple makinelerin sat\u0131\u015f ve servisinde uzmanla\u015fm\u0131\u015f sayg\u0131n bir \u015firkettir. Sekt\u00f6rdeki uzun y\u0131llara dayanan deneyimimiz ve profesyonel ekibimizle, m\u00fc\u015fterilerimize \u00f6zel ihtiya\u00e7lar\u0131n\u0131 kar\u015f\u0131layacak \u015fekilde tasarlanm\u0131\u015f \u00fcst d\u00fczey hidrolik silindirler sunuyoruz.<\/p>\n<p>Hidrolik silindir ihtiya\u00e7lar\u0131n\u0131z i\u00e7in FMP'yi se\u00e7meniz i\u00e7in be\u015f neden:<\/p>\n<p>1. Geni\u015f \u00dcr\u00fcn Yelpazesi: FMP olarak, ayarlanabilir \u00e7atal tipi silindirler, kaynakl\u0131 \u00e7atal tipi silindirler ve daha fazlas\u0131 dahil olmak \u00fczere geni\u015f bir hidrolik silindir yelpazesi sunuyoruz. \u00dcr\u00fcnlerimiz, tar\u0131m makineleri, end\u00fcstriyel makineler ve daha fazlas\u0131 dahil olmak \u00fczere \u00e7e\u015fitli in\u015faat makineleri i\u00e7in uygundur.<\/p>\n<p>2. En Kaliteli Malzemeler: \u00dcr\u00fcnlerimizde yaln\u0131zca en kaliteli malzemeleri kullan\u0131yor ve s\u0131k\u0131 kalite standartlar\u0131n\u0131 kar\u015f\u0131lad\u0131klar\u0131ndan emin oluyoruz. Hidrolik silindirlerimiz, dayan\u0131kl\u0131l\u0131k ve uzun \u00f6m\u00fcrl\u00fc performans sa\u011flayan y\u00fcksek kaliteli \u00e7elikten \u00fcretilmi\u015ftir.<\/p>\n<p>3. Profesyonel Dan\u0131\u015fmanl\u0131k: Deneyimli sat\u0131\u015f ekibimiz, profesyonel dan\u0131\u015fmanl\u0131k ve tavsiyelerde bulunmak i\u00e7in her zaman haz\u0131rd\u0131r. \u0130n\u015faat makineleri sekt\u00f6r\u00fcndeki geli\u015fme trendlerini ve m\u00fc\u015fteri ihtiya\u00e7lar\u0131n\u0131 anl\u0131yor ve ihtiya\u00e7lar\u0131n\u0131za uygun do\u011fru hidrolik silindiri se\u00e7menize yard\u0131mc\u0131 olabiliriz.<\/p>\n<p>4. Verimli Lojistik Da\u011f\u0131t\u0131m Sistemi: M\u00fc\u015fterilerimizin ihtiya\u00e7 duyduklar\u0131 par\u00e7alar\u0131 zaman\u0131nda ve do\u011fru bir \u015fekilde almas\u0131n\u0131 sa\u011flayan verimli bir lojistik da\u011f\u0131t\u0131m sistemimiz var. Bu, hidrolik silindirinizi ihtiya\u00e7 duydu\u011funuz anda teslim edece\u011fimize g\u00fcvenebilece\u011finiz anlam\u0131na gelir.<\/p>\n<p>5. Rekabet\u00e7i Fiyatlar: FMP olarak, \u00fcr\u00fcnlerimizi kaliteden \u00f6d\u00fcn vermeden rekabet\u00e7i fiyatlarla sunuyoruz. Herkesin uygun fiyata en kaliteli hidrolik silindirlere eri\u015febilmesi gerekti\u011fine inan\u0131yoruz.<\/p>\n<p>G\u00fcvenilir ve profesyonel bir hidrolik silindir tedarik\u00e7isi ar\u0131yorsan\u0131z, FMP'den ba\u015fkas\u0131na bakmay\u0131n. \u00dcr\u00fcn ve hizmetlerimiz hakk\u0131nda daha fazla bilgi edinmek i\u00e7in bug\u00fcn bizimle ileti\u015fime ge\u00e7in.<\/p>\n<p><img decoding=\"async\" src=\"https:\/\/fmp-components.com\/wp-content\/uploads\/2024\/12\/Adjustable-Clevis-Type-Cylinders-6.webp\" alt=\"Ayarlanabilir \u00c7atal Tipi Silindir\" width=\"848\" title=\"\"><br \/>\nYazar:CX<\/p>","protected":false},"excerpt":{"rendered":"<p>Introducing the Premium Quality Stainless Steel Long Stroke Hydraulic Cylinder for Dump Truck: This hydraulic cylinder is specifically designed for dump trucks, providing exceptional performance and durability. It is made from high-grade stainless steel, ensuring its resistance to corrosion and wear, even in harsh working conditions. The long stroke design of this cylinder allows for [&hellip;]<\/p>","protected":false},"featured_media":1694,"comment_status":"closed","ping_status":"closed","template":"","meta":{"_et_pb_use_builder":"","_et_pb_old_content":"","_et_gb_content_width":""},"product_brand":[],"product_cat":[45],"product_tag":[34,48],"class_list":{"0":"post-1693","1":"product","2":"type-product","3":"status-publish","4":"has-post-thumbnail","6":"product_cat-inverted-telescopic-cylinder","7":"product_tag-hydraulic-cylinder","8":"product_tag-inverted-telescopic-cylinder","10":"first","11":"instock","12":"product-type-simple"},"_links":{"self":[{"href":"https:\/\/fmp-components.com\/tr\/wp-json\/wp\/v2\/product\/1693","targetHints":{"allow":["GET"]}}],"collection":[{"href":"https:\/\/fmp-components.com\/tr\/wp-json\/wp\/v2\/product"}],"about":[{"href":"https:\/\/fmp-components.com\/tr\/wp-json\/wp\/v2\/types\/product"}],"replies":[{"embeddable":true,"href":"https:\/\/fmp-components.com\/tr\/wp-json\/wp\/v2\/comments?post=1693"}],"wp:featuredmedia":[{"embeddable":true,"href":"https:\/\/fmp-components.com\/tr\/wp-json\/wp\/v2\/media\/1694"}],"wp:attachment":[{"href":"https:\/\/fmp-components.com\/tr\/wp-json\/wp\/v2\/media?parent=1693"}],"wp:term":[{"taxonomy":"product_brand","embeddable":true,"href":"https:\/\/fmp-components.com\/tr\/wp-json\/wp\/v2\/product_brand?post=1693"},{"taxonomy":"product_cat","embeddable":true,"href":"https:\/\/fmp-components.com\/tr\/wp-json\/wp\/v2\/product_cat?post=1693"},{"taxonomy":"product_tag","embeddable":true,"href":"https:\/\/fmp-components.com\/tr\/wp-json\/wp\/v2\/product_tag?post=1693"}],"curies":[{"name":"wp","href":"https:\/\/api.w.org\/{rel}","templated":true}]}}