{"id":1691,"date":"2024-12-23T07:01:59","date_gmt":"2024-12-23T07:01:59","guid":{"rendered":"https:\/\/fmp-components.com\/product\/chinese-factory-dump-truck-4-stage-long-stroke-hydraulic-cylinder\/"},"modified":"2025-03-18T02:15:29","modified_gmt":"2025-03-18T02:15:29","slug":"italy-factory-dump-truck-4-stage-long-stroke-hydraulic-cylinder","status":"publish","type":"product","link":"https:\/\/fmp-components.com\/tr\/product\/italy-factory-dump-truck-4-stage-long-stroke-hydraulic-cylinder\/","title":{"rendered":"\u0130talya Fabrika Damperli Kamyon 4 Kademeli Uzun Stroklu Hidrolik Silindir"},"content":{"rendered":"<h2>\u0130talyan Fabrika Damperli Kamyonu 4 Kademeli Uzun Stroklu Hidrolik Silindirini Tan\u0131t\u0131yoruz:<\/h2>\n<p>\u0130talyan Fabrikas\u0131 Damperli Kamyon 4 Kademeli Uzun Strok Hidrolik Silindiri, \u00f6zellikle damperli kamyonlar i\u00e7in tasarlanm\u0131\u015f, son derece \u00e7ok y\u00f6nl\u00fc ve dayan\u0131kl\u0131 bir hidrolik silindirdir. Geli\u015fmi\u015f teknolojisi ve hassas m\u00fchendisli\u011fi ile bu hidrolik silindir, \u00e7e\u015fitli uygulamalar i\u00e7in ola\u011fan\u00fcst\u00fc performans ve g\u00fcvenilirlik sunar.<\/p>\n<p>4 kademeli uzun stroklu tasar\u0131m\u0131yla bu hidrolik silindir, geni\u015fletilmi\u015f eri\u015fim ve kald\u0131rma kapasitesi sa\u011flayarak a\u011f\u0131r hizmet tipi damperli kamyonlar i\u00e7in idealdir. Sa\u011flam yap\u0131s\u0131, \u00fcst\u00fcn mukavemet ve a\u015f\u0131nmaya kar\u015f\u0131 diren\u00e7 sa\u011flayarak zorlu \u00e7al\u0131\u015fma ko\u015fullar\u0131nda bile verimli ve g\u00fcvenli \u00e7al\u0131\u015fma imkan\u0131 sunar.<\/p>\n<p>En son teknoloji \u00fcr\u00fcn\u00fc hidrolik bile\u015fenlerle donat\u0131lm\u0131\u015f bu silindir, d\u00fczg\u00fcn ve hassas hareketler sa\u011flayarak bo\u015faltma i\u015flemi \u00fczerinde hassas kontrol imkan\u0131 sunar. Y\u00fcksek bas\u0131n\u00e7 kapasitesi, malzemelerin h\u0131zl\u0131 ve verimli bir \u015fekilde kald\u0131r\u0131l\u0131p bo\u015falt\u0131lmas\u0131n\u0131 sa\u011flayarak verimlili\u011fi art\u0131r\u0131r ve ar\u0131za s\u00fcrelerini azalt\u0131r.<\/p>\n<p>\u0130talyan Fabrikas\u0131 Damperli Kamyon 4 Kademeli Uzun Strok Hidrolik Silindiri, y\u00fcksek kaliteli malzemeler ve titiz kalite kontrol \u00f6nlemleri kullan\u0131larak \u00fcretilmi\u015ftir ve m\u00fckemmel performans ve uzun \u00f6m\u00fcrl\u00fcl\u00fck garantisi sunar. End\u00fcstri standartlar\u0131n\u0131 kar\u015f\u0131lad\u0131\u011f\u0131ndan ve a\u015ft\u0131\u011f\u0131ndan emin olmak i\u00e7in titiz testlerden ge\u00e7irilmi\u015ftir, bu da onu damperli kamyon operat\u00f6rleri i\u00e7in g\u00fcvenilir bir se\u00e7im haline getirir.<\/p>\n<p>Sonu\u00e7 olarak, \u0130talyan Fabrika Damperli Kamyon 4 Kademeli Uzun Strok Hidrolik Silindiri, dayan\u0131kl\u0131l\u0131k, verimlilik ve hassasiyeti bir araya getiren birinci s\u0131n\u0131f bir hidrolik silindirdir. Ola\u011fan\u00fcst\u00fc performans\u0131 ve g\u00fcvenilirli\u011fi ile damperli kamyonlar i\u00e7in vazge\u00e7ilmez bir bile\u015fen olup, \u00e7e\u015fitli sekt\u00f6rlerde sorunsuz ve verimli bo\u015faltma i\u015flemlerini m\u00fcmk\u00fcn k\u0131lar.<\/p>\n<h2>Damperli Kamyonlar \u0130\u00e7in D\u00f6rt A\u015famal\u0131 Uzun Stroklu Hidrolik Silindirin Tan\u0131t\u0131m\u0131<\/h2>\n<p>\u0130talyan fabrikas\u0131, imalat tesisleri, makine tamir at\u00f6lyeleri, \u00e7iftlikler, enerji ve madencilik, makine imalat\u0131 ve makine fabrikalar\u0131 dahil olmak \u00fczere \u00e7e\u015fitli sekt\u00f6rlere uygun yepyeni bir hidrolik silindir piyasaya s\u00fcrd\u00fc. Bu hidrolik silindir, kalitesini garanti eden bir y\u0131ll\u0131k garanti ve makine test raporu ile birlikte gelir. Rulman ve piston silindiri de dahil olmak \u00fczere temel bile\u015fenler standartt\u0131r ve \u00e7elikten yap\u0131lm\u0131\u015ft\u0131r, bu da onu sa\u011flam ve dayan\u0131kl\u0131 k\u0131lar. Hidrolik silindir 43 kg a\u011f\u0131rl\u0131\u011f\u0131ndad\u0131r ve video \u00e7\u0131k\u0131\u015f muayenesi \u00f6zelli\u011fine sahiptir.<\/p>\n<h2>4 A\u015famal\u0131 Uzun Stroklu Hidrolik Silindirin \u00d6zellikleri<\/h2>\n<p>Bu hidrolik silindirin, a\u015fa\u011f\u0131dakiler de dahil olmak \u00fczere bir\u00e7ok \u00fcst\u00fcn \u00f6zelli\u011fi bulunmaktad\u0131r:<\/p>\n<ol>\n<li>G\u00f6vde malzemesi \u00e7eliktir, bu da sa\u011flaml\u0131k ve dayan\u0131kl\u0131l\u0131k sa\u011flar.<\/li>\n<li>Bu, g\u00fcvenilir i\u015flevsellik sunan, hidrolik g\u00fc\u00e7le \u00e7al\u0131\u015fan standart bir piston silindiridir.<\/li>\n<li>Hidrolik silindirin maksimum itme g\u00fcc\u00fc 3000'dir ve 20 tona kadar y\u00fck \u00e7ekebilir.<\/li>\n<li>Silindir, ters \u00e7evrilmi\u015f teleskopik silindirlere sahip olup, bu da kompakt tasar\u0131m\u0131na ve y\u00fcksek verimlili\u011fine katk\u0131da bulunur.<\/li>\n<li>Silindir siyah renktedir ve kalitesini kan\u0131tlayan ISO9001:2000 sertifikas\u0131na sahiptir.<\/li>\n<\/ol>\n<p><img decoding=\"async\" src=\"https:\/\/hzpt.com\/wp-content\/uploads\/2023\/11\/Inverted-Telescopic-Cylinder-5.webp\" alt=\"\" title=\"\"><\/p>\n<h2>4 A\u015famal\u0131 Uzun Stroklu Hidrolik Silindirin Uygulamalar\u0131<\/h2>\n<p>Bu hidrolik silindir, a\u015fa\u011f\u0131dakiler de dahil olmak \u00fczere \u00e7e\u015fitli uygulamalarda kullan\u0131lmaktad\u0131r:<\/p>\n<ol>\n<li>\u00dcretim tesisleri: \u00c7e\u015fitli makine ve ekipmanlarda kullan\u0131l\u0131r.<\/li>\n<li>Makine tamir at\u00f6lyeleri: Makinelerin bak\u0131m\u0131 ve onar\u0131m\u0131 i\u00e7in olmazsa olmazd\u0131r.<\/li>\n<li>\u00c7iftliklerde: A\u011f\u0131r tar\u0131m makinelerinde ve ekipmanlar\u0131nda kullan\u0131l\u0131r.<\/li>\n<li>Enerji ve Madencilik: A\u011f\u0131r hizmet tipi madencilik ekipmanlar\u0131nda ve enerji \u00fcretim makinelerinde kullan\u0131l\u0131r.<\/li>\n<li>Makine fabrikalar\u0131: Makinelerin \u00fcretimi ve i\u015fletimi i\u00e7in vazge\u00e7ilmezdir.<\/li>\n<\/ol>\n<p><img decoding=\"async\" src=\"https:\/\/hzpt.com\/wp-content\/uploads\/2023\/11\/Inverted-Telescopic-Cylinder-Applications.webp\" alt=\"Ters Teleskopik Silindir Uygulamalar\u0131\" title=\"\"><\/p>\n<h2>4 A\u015famal\u0131 Uzun Stroklu Hidrolik Silindirin \u00c7al\u0131\u015fma Prensibi ve Bak\u0131m\u0131<\/h2>\n<p>Bu hidrolik silindir, hidrolik g\u00fc\u00e7 prensiplerine g\u00f6re \u00e7al\u0131\u015f\u0131r; bir piston ve hidrolik s\u0131v\u0131yla dolu bir silindir i\u00e7erir ve s\u0131v\u0131 silindire pompaland\u0131\u011f\u0131nda bir \u00e7\u0131k\u0131\u015f kuvveti olu\u015fturur. D\u00fczenli bak\u0131m, inceleme, temizlik, ya\u011flama, d\u00fczenli kontroller ve onar\u0131mlar, conta de\u011fi\u015fimi ve kullan\u0131m k\u0131lavuzuna uyulmas\u0131n\u0131 i\u00e7erir.<br \/>\n<img decoding=\"async\" src=\"https:\/\/hzpt.com\/wp-content\/uploads\/2023\/11\/Inverted-Telescopic-Cylinder-17.webp\" alt=\"\" title=\"\"><\/p>\n<h2>Ters Teleskopik Silindir<\/h2>\n<h3>girii\u015f<\/h3>\n<p>Ters teleskopik silindir, \"tek etkili teleskopik silindir\" veya \"ters etkili teleskopik silindir\" olarak da bilinir ve genellikle damperli kamyon uygulamalar\u0131nda kullan\u0131l\u0131r. Hidrolik s\u0131v\u0131 kullanarak do\u011frusal hareket ve kuvvet sa\u011flayan bir hidrolik akt\u00fcat\u00f6rd\u00fcr. Silindir, maksimum strok uzunlu\u011fu sa\u011flamak i\u00e7in birbirinin d\u0131\u015f\u0131na uzanan bir dizi i\u00e7 i\u00e7e ge\u00e7mi\u015f borudan olu\u015fan benzersiz tasar\u0131m\u0131yla karakterize edilir.<\/p>\n<h3>Tasar\u0131m ve \u0130n\u015faat<\/h3>\n<p>Ters teleskopik silindir, a\u011f\u0131r y\u00fckleri ve zorlu \u00e7al\u0131\u015fma ko\u015fullar\u0131n\u0131 kar\u015f\u0131layacak \u015fekilde tasarlanm\u0131\u015ft\u0131r. Tipik olarak, kamyon \u015fasisine monte edilen bir taban borusundan ve bu taban borusunun i\u00e7ine yerle\u015ftirilmi\u015f birka\u00e7 ek borudan olu\u015fur. Borular, birbirlerinin i\u00e7inde teleskopik olarak uzayabilmeleri ve b\u00f6ylece m\u00fcmk\u00fcn olan en uzun strok uzunlu\u011funu sa\u011flayabilmeleri i\u00e7in farkl\u0131 \u00e7aplarda tasarlanm\u0131\u015ft\u0131r.<\/p>\n<p>Silindir, hidrolik hat \u00fczerinden taban borusuna pompalanan hidrolik s\u0131v\u0131 ile \u00e7al\u0131\u015ft\u0131r\u0131l\u0131r. S\u0131v\u0131n\u0131n bas\u0131nc\u0131, borular\u0131n birbirinden d\u0131\u015far\u0131 do\u011fru uzamas\u0131na neden olarak, a\u011f\u0131r y\u00fckleri kald\u0131rmak ve bo\u015faltmak i\u00e7in gereken do\u011frusal hareketi ve kuvveti sa\u011flar. Silindir, s\u0131z\u0131nt\u0131lar\u0131 \u00f6nlemek i\u00e7in genellikle O-ringler veya dudak contalar\u0131 ile kapat\u0131l\u0131r.<\/p>\n<h3>Avantajlar\u0131<\/h3>\n<p>Ters teleskopik silindir, di\u011fer hidrolik silindir t\u00fcrlerine g\u00f6re \u00e7e\u015fitli avantajlara sahiptir. Birincisi, benzer boyuttaki di\u011fer silindirlere g\u00f6re daha uzun bir strok uzunlu\u011fu sa\u011flar. Bu da onu maksimum kald\u0131rma y\u00fcksekli\u011finin gerekli oldu\u011fu uygulamalar i\u00e7in ideal k\u0131lar. \u0130kincisi, silindir a\u011f\u0131r y\u00fcklere ve zorlu \u00e7al\u0131\u015fma ko\u015fullar\u0131na dayanacak \u015fekilde tasarlanm\u0131\u015ft\u0131r, bu da onu dayan\u0131kl\u0131 ve g\u00fcvenilir k\u0131lar. \u00dc\u00e7\u00fcnc\u00fcs\u00fc, silindirin benzersiz i\u00e7 i\u00e7e ge\u00e7mi\u015f boru tasar\u0131m\u0131, di\u011fer silindir t\u00fcrlerine g\u00f6re daha kompakt olmas\u0131n\u0131 sa\u011flar; bu da alan\u0131n s\u0131n\u0131rl\u0131 oldu\u011fu uygulamalar i\u00e7in \u00f6nemlidir.<\/p>\n<h3>Uygulamalar<\/h3>\n<p>Ters teleskopik silindir, genellikle a\u011f\u0131r malzeme y\u00fcklerini kald\u0131rmak ve bo\u015faltmak i\u00e7in kullan\u0131lan damperli kamyon uygulamalar\u0131nda kullan\u0131l\u0131r. Ayr\u0131ca, a\u011f\u0131r y\u00fckleri hareket ettirmek i\u00e7in gereken do\u011frusal hareketi ve kuvveti sa\u011flamak amac\u0131yla in\u015faat ekipmanlar\u0131 gibi di\u011fer a\u011f\u0131r hizmet uygulamalar\u0131nda da kullan\u0131l\u0131r.<\/p>\n<p>Ters teleskopik silindir, damperli kamyonlarda ve di\u011fer a\u011f\u0131r hizmet uygulamalar\u0131nda maksimum strok uzunlu\u011fu ve kald\u0131rma kuvveti sa\u011flayan son derece \u00f6zel bir hidrolik akt\u00fcat\u00f6rd\u00fcr. Benzersiz tasar\u0131m\u0131 ve yap\u0131s\u0131 onu dayan\u0131kl\u0131, g\u00fcvenilir ve verimli k\u0131lar. Hidrolik silindirler konusunda uzmanla\u015fm\u0131\u015f bir \u0130talyan fabrikas\u0131 olarak, damperli kamyonlar da dahil olmak \u00fczere \u00e7e\u015fitli a\u011f\u0131r hizmet uygulamalar\u0131 i\u00e7in y\u00fcksek kaliteli 4 kademeli uzun stroklu hidrolik silindirler sunuyoruz. A\u011f\u0131r hizmet uygulamalar\u0131n\u0131z i\u00e7in g\u00fcvenilir ve verimli bir hidrolik silindir ar\u0131yorsan\u0131z, bug\u00fcn bizimle ileti\u015fime ge\u00e7in.<\/p>\n<h3>FMP Hakk\u0131nda<\/h3>\n<p>FMP, Hidrolik Silindir \u00fcretimi ve sat\u0131\u015f\u0131 konusunda uzmanla\u015fm\u0131\u015f bir \u015firkettir. G\u00fcvenilir ve deneyimli bir in\u015faat makinesi par\u00e7alar\u0131 ve komple makine \u00e7\u00f6z\u00fcmleri sa\u011flay\u0131c\u0131s\u0131 olarak, m\u00fc\u015fterilerimize y\u00fcksek kaliteli \u00fcr\u00fcnler ve m\u00fckemmel hizmet sunmaya kendimizi adad\u0131k.<\/p>\n<p><img decoding=\"async\" src=\"https:\/\/fmp-components.com\/wp-content\/uploads\/2024\/12\/Adjustable-Clevis-Type-Cylinders-6.webp\" alt=\"Ayarlanabilir \u00c7atal Tipi Silindir\" width=\"847\" title=\"\"><\/p>\n<h4>1. Geni\u015f \u00dcr\u00fcn Yelpazesi<\/h4>\n<p>FMP olarak, in\u015faat makineleri sekt\u00f6r\u00fcndeki \u00e7e\u015fitli uygulamalara uygun kapsaml\u0131 bir hidrolik silindir yelpazesi sunuyoruz. \u00dcr\u00fcn yelpazemizde ayarlanabilir \u00e7atal tipi silindirler, teleskopik silindirler, kaynakl\u0131 silindirler ve daha fazlas\u0131 bulunmaktad\u0131r. \u00d6zel ihtiya\u00e7lar\u0131n\u0131z ne olursa olsun, bunlar\u0131 kar\u015f\u0131layacak do\u011fru hidrolik silindire sahibiz.<\/p>\n<h4>2. \u00dcst\u00fcn Kalite<\/h4>\n<p>G\u00fcvenilir ve dayan\u0131kl\u0131 in\u015faat makinesi par\u00e7alar\u0131n\u0131n \u00f6neminin fark\u0131nday\u0131z. Bu nedenle t\u00fcm hidrolik silindirlerimiz y\u00fcksek kaliteli malzemeler kullan\u0131larak \u00fcretilmekte ve s\u0131k\u0131 kalite kontrol s\u00fcre\u00e7lerinden ge\u00e7mektedir. Bu sayede \u00fcr\u00fcnlerimiz \u015fantiyelerin zorlu ko\u015fullar\u0131na dayanabilir ve uzun \u00f6m\u00fcrl\u00fc performans sa\u011flayabilir.<\/p>\n<h4>3. \u00d6zelle\u015ftirme Se\u00e7enekleri<\/h4>\n<p>Farkl\u0131 projelerin hidrolik silindirler i\u00e7in benzersiz \u00f6zellikler gerektirebilece\u011finin fark\u0131nday\u0131z. Bu nedenle, \u00fcr\u00fcnlerimizi \u00f6zel ihtiya\u00e7lar\u0131n\u0131za g\u00f6re \u00f6zelle\u015ftirmek i\u00e7in \u00f6zelle\u015ftirme se\u00e7enekleri sunuyoruz. Deneyimli ekibimiz, ihtiya\u00e7lar\u0131n\u0131z\u0131 m\u00fckemmel \u015fekilde kar\u015f\u0131layan hidrolik silindirler tasarlamak ve \u00fcretmek i\u00e7in sizinle yak\u0131n bir \u015fekilde \u00e7al\u0131\u015facakt\u0131r.<\/p>\n<h4>4. Bilgili Sat\u0131\u015f Ekibi<\/h4>\n<p>Sat\u0131\u015f ekibimiz, in\u015faat makineleri sekt\u00f6r\u00fcnde deneyimli profesyonellerden olu\u015fmaktad\u0131r. Piyasadaki en son trendleri ve m\u00fc\u015fteri ihtiya\u00e7lar\u0131n\u0131 derinlemesine anlayan ekibimiz, FMP'yi tercih etti\u011finizde, bilin\u00e7li kararlar alman\u0131za yard\u0131mc\u0131 olacak uzman \u00fcr\u00fcn dan\u0131\u015fmanl\u0131\u011f\u0131 ve ak\u0131ll\u0131 sat\u0131n alma \u00f6nerileriyle kar\u015f\u0131la\u015facaks\u0131n\u0131z.<\/p>\n<h4>5. Verimli Lojistik Da\u011f\u0131t\u0131m<\/h4>\n<p>\u0130n\u015faat makineleri sekt\u00f6r\u00fcnde zaman\u0131nda teslimat \u00e7ok \u00f6nemlidir ve verimli lojistik da\u011f\u0131t\u0131m\u0131na \u00f6ncelik veriyoruz. K\u00f6kl\u00fc sistemimizle, ihtiya\u00e7 duydu\u011funuz hidrolik silindirlerin size zaman\u0131nda ve do\u011fru bir \u015fekilde teslim edilmesini sa\u011fl\u0131yoruz. Bu sayede, ar\u0131za s\u00fcrelerini en aza indirebilir ve projelerinizin sorunsuz ilerlemesini sa\u011flayabilirsiniz.<\/p>\n<p>Yazar:CX<\/p>","protected":false},"excerpt":{"rendered":"<p>Introducing the Italian Factory Dump Truck 4 Stage Long Stroke Hydraulic Cylinder: The Italian Factory Dump Truck 4 Stage Long Stroke Hydraulic Cylinder is a highly versatile and durable hydraulic cylinder designed specifically for dump trucks. With its advanced technology and precision engineering, this hydraulic cylinder offers exceptional performance and reliability for various applications. Featuring [&hellip;]<\/p>","protected":false},"featured_media":1692,"comment_status":"closed","ping_status":"closed","template":"","meta":{"_et_pb_use_builder":"","_et_pb_old_content":"","_et_gb_content_width":""},"product_brand":[],"product_cat":[45],"product_tag":[34,48],"class_list":{"0":"post-1691","1":"product","2":"type-product","3":"status-publish","4":"has-post-thumbnail","6":"product_cat-inverted-telescopic-cylinder","7":"product_tag-hydraulic-cylinder","8":"product_tag-inverted-telescopic-cylinder","10":"first","11":"instock","12":"product-type-simple"},"_links":{"self":[{"href":"https:\/\/fmp-components.com\/tr\/wp-json\/wp\/v2\/product\/1691","targetHints":{"allow":["GET"]}}],"collection":[{"href":"https:\/\/fmp-components.com\/tr\/wp-json\/wp\/v2\/product"}],"about":[{"href":"https:\/\/fmp-components.com\/tr\/wp-json\/wp\/v2\/types\/product"}],"replies":[{"embeddable":true,"href":"https:\/\/fmp-components.com\/tr\/wp-json\/wp\/v2\/comments?post=1691"}],"wp:featuredmedia":[{"embeddable":true,"href":"https:\/\/fmp-components.com\/tr\/wp-json\/wp\/v2\/media\/1692"}],"wp:attachment":[{"href":"https:\/\/fmp-components.com\/tr\/wp-json\/wp\/v2\/media?parent=1691"}],"wp:term":[{"taxonomy":"product_brand","embeddable":true,"href":"https:\/\/fmp-components.com\/tr\/wp-json\/wp\/v2\/product_brand?post=1691"},{"taxonomy":"product_cat","embeddable":true,"href":"https:\/\/fmp-components.com\/tr\/wp-json\/wp\/v2\/product_cat?post=1691"},{"taxonomy":"product_tag","embeddable":true,"href":"https:\/\/fmp-components.com\/tr\/wp-json\/wp\/v2\/product_tag?post=1691"}],"curies":[{"name":"wp","href":"https:\/\/api.w.org\/{rel}","templated":true}]}}