{"id":1685,"date":"2024-12-23T07:01:59","date_gmt":"2024-12-23T07:01:59","guid":{"rendered":"https:\/\/fmp-components.com\/product\/hot-sale-dump-truck-hydraulic-cylinder-customized-hydraulic-cylinder\/"},"modified":"2025-03-11T06:05:38","modified_gmt":"2025-03-11T06:05:38","slug":"hot-sale-dump-truck-hydraulic-cylinder-customized-hydraulic-cylinder","status":"publish","type":"product","link":"https:\/\/fmp-components.com\/tr\/product\/hot-sale-dump-truck-hydraulic-cylinder-customized-hydraulic-cylinder\/","title":{"rendered":"S\u0131cak Sat\u0131\u015f Damperli Kamyon Hidrolik Silindiri \u00d6zelle\u015ftirilmi\u015f Hidrolik Silindir"},"content":{"rendered":"<h2>S\u0131cak Sat\u0131\u015f Damperli Kamyon Hidrolik Silindiri \u00d6zelle\u015ftirilmi\u015f Hidrolik Silindiri Tan\u0131t\u0131yoruz:<\/h2>\n<p>S\u0131cak Sat\u0131\u015f Damperli Kamyon Hidrolik Silindiri, damperli kamyonlar i\u00e7in \u00f6zel olarak tasarlanm\u0131\u015f, son derece g\u00fcvenilir ve verimli bir hidrolik silindirdir. \u00d6zelle\u015ftirilmi\u015f \u00f6zellikleri ve ola\u011fan\u00fcst\u00fc performans\u0131yla, t\u00fcm hidrolik ihtiya\u00e7lar\u0131n\u0131z i\u00e7in m\u00fckemmel bir \u00e7\u00f6z\u00fcmd\u00fcr.<\/p>\n<p>Bu hidrolik silindir, dayan\u0131kl\u0131l\u0131k ve uzun \u00f6m\u00fcr sa\u011flayan en kaliteli malzemeler ve ileri teknoloji kullan\u0131larak titizlikle \u00fcretilmi\u015ftir. A\u011f\u0131r y\u00fcklere ve zorlu \u00e7al\u0131\u015fma ko\u015fullar\u0131na dayanacak \u015fekilde tasarlanm\u0131\u015f olmas\u0131, onu in\u015faat, madencilik ve ta\u015f\u0131mac\u0131l\u0131k sekt\u00f6rlerinde kullan\u0131lan damperli kamyonlar i\u00e7in ideal bir se\u00e7im haline getirir.<\/p>\n<p>Hot Sale Damperli Kamyon Hidrolik Silindiri, ola\u011fan\u00fcst\u00fc kald\u0131rma kapasitesi sunarak malzemelerin zahmetsizce bo\u015falt\u0131lmas\u0131n\u0131 sa\u011flar. Hassas kontrol sistemi, yumu\u015fak ve hassas hareketler sa\u011flayarak damperli kamyonunuzun genel \u00e7al\u0131\u015fma verimlili\u011fini art\u0131r\u0131r.<\/p>\n<p><img decoding=\"async\" src=\"https:\/\/hzpt.com\/wp-content\/uploads\/2023\/11\/Inverted-Telescopic-Cylinder-2.webp\" alt=\"\" title=\"\"><\/p>\n<p>Bu hidrolik silindirin \u00f6ne \u00e7\u0131kan \u00f6zelliklerinden biri de \u00f6zelle\u015ftirme se\u00e7enekleridir. Damperli kamyonunuzun \u00f6zel ihtiya\u00e7lar\u0131n\u0131 kar\u015f\u0131layacak \u015fekilde \u00f6zelle\u015ftirilebilir, b\u00f6ylece m\u00fckemmel bir uyum ve optimum performans sa\u011flan\u0131r. Belirli bir strok uzunlu\u011funa, montaj stiline veya bas\u0131n\u00e7 de\u011ferine ihtiyac\u0131n\u0131z olsun, bu hidrolik silindir buna g\u00f6re \u00f6zelle\u015ftirilebilir.<\/p>\n<p>Ayr\u0131ca, Hot Sale Damperli Kamyon Hidrolik Silindiri'nin montaj\u0131 ve bak\u0131m\u0131 kolayd\u0131r. Kullan\u0131c\u0131 dostu talimatlarla birlikte gelir ve bak\u0131m i\u00e7in minimum kesinti s\u00fcresi gerektirir, bu da \u00fcretkenli\u011fin artmas\u0131na ve i\u015fletme maliyetlerinin d\u00fc\u015fmesine katk\u0131da bulunur.<\/p>\n<table style=\"width: 100%;\" border=\"1\" width=\"100%\" cellspacing=\"0\" cellpadding=\"0\">\n<tbody>\n<tr>\n<th>\u00dcr\u00fcn Ad\u0131<\/th>\n<td>S\u0131cak Sat\u0131\u015f Damperli Kamyon Hidrolik Silindiri<\/td>\n<\/tr>\n<tr>\n<th>Durum<\/th>\n<td>Yeni<\/td>\n<\/tr>\n<tr>\n<th>Garanti<\/th>\n<td>1 Y\u0131l<\/td>\n<\/tr>\n<tr>\n<th>A\u011f\u0131rl\u0131k (KG)<\/th>\n<td>48<\/td>\n<\/tr>\n<tr>\n<th>Maksimum \u0130tki<\/th>\n<td>3000<\/td>\n<\/tr>\n<tr>\n<th>Maksimum \u00c7ekme<\/th>\n<td>20 ton<\/td>\n<\/tr>\n<tr>\n<th>Delik Boyutu<\/th>\n<td>2 \u2013 6 in\u00e7<\/td>\n<\/tr>\n<tr>\n<th>\u00c7ubuk Boyutu<\/th>\n<td>1,125 \u2013 4 in\u00e7<\/td>\n<\/tr>\n<tr>\n<th>Vuru\u015f Boyutu<\/th>\n<td>6 \u2013 48 in\u00e7<\/td>\n<\/tr>\n<tr>\n<th>Pin Boyutu<\/th>\n<td>0,5 \u2013 2 in\u00e7<\/td>\n<\/tr>\n<tr>\n<th>Malzeme<\/th>\n<td>\u00c7elik<\/td>\n<\/tr>\n<tr>\n<th>Tasar\u0131m<\/th>\n<td>Standart Yap\u0131<\/td>\n<\/tr>\n<tr>\n<th>Sertifikasyon<\/th>\n<td>ISO 9001:2000<\/td>\n<\/tr>\n<tr>\n<th>Renk<\/th>\n<td>\u015e\u0131k Siyah<\/td>\n<\/tr>\n<tr>\n<th>Uygulanabilir End\u00fcstriler<\/th>\n<td>\u00dcretim Tesisleri, Makine Tamir At\u00f6lyeleri, \u00c7iftlikler, Enerji ve Madencilik, Makine \u00dcretimi, Makine Fabrikas\u0131<\/td>\n<\/tr>\n<\/tbody>\n<\/table>\n<h2>Hidrolik Silindirin \u00d6zellikleri<\/h2>\n<p>Bu hidrolik silindirin bir\u00e7ok \u00f6zelli\u011fi bulunmaktad\u0131r:<\/p>\n<ol>\n<li>Standart Piston Silindir Yap\u0131s\u0131: Sabit, g\u00fcvenilir hidrolik g\u00fc\u00e7 sa\u011flar.<\/li>\n<li>\u00c7elik G\u00f6vde Malzemesi: Dayan\u0131kl\u0131l\u0131k ve sa\u011flaml\u0131k sa\u011flar.<\/li>\n<li>Ters Teleskopik Silindirler: Daha fazla \u00e7ok y\u00f6nl\u00fcl\u00fck ve verimlilik sunar.<\/li>\n<li>ISO9001:2000 Belgesi: Kalite ve g\u00fcvenilirli\u011fi garanti eder.<\/li>\n<li>\u00d6zelle\u015ftirilebilir Protlar: \u00d6zelle\u015ftirme i\u00e7in G\/SAE\/NPT\/M portlar\u0131 mevcuttur.<\/li>\n<\/ol>\n<h2>Hidrolik Silindirin Uygulamalar\u0131<\/h2>\n<p>Bu hidrolik silindirin bir\u00e7ok uygulama alan\u0131 vard\u0131r:<\/p>\n<ol>\n<li>\u00dcretim Tesisleri: Makinelerin verimli \u00e7al\u0131\u015fmas\u0131n\u0131 kolayla\u015ft\u0131r\u0131r.<\/li>\n<li>Makine Tamir At\u00f6lyeleri: A\u011f\u0131r makinelerin onar\u0131m\u0131nda yard\u0131mc\u0131 olur.<\/li>\n<li>\u00c7iftlikler: \u00c7e\u015fitli i\u015flemlerde kullan\u0131lan tar\u0131m makinelerinde kullan\u0131l\u0131r.<\/li>\n<li>Enerji ve Madencilik: A\u011f\u0131r hizmet tipi madencilik ekipmanlar\u0131 i\u00e7in olmazsa olmazd\u0131r.<\/li>\n<li>Makine Fabrikalar\u0131: Makine \u00fcretiminde operasyonel verimlili\u011fi destekler.<\/li>\n<\/ol>\n<p><img decoding=\"async\" src=\"https:\/\/hzpt.com\/wp-content\/uploads\/2023\/11\/Inverted-Telescopic-Cylinder-Applications.webp\" alt=\"Ters Teleskopik Silindir Uygulamalar\u0131\" title=\"\"><\/p>\n<h2>Hidrolik Silindirin \u00c7al\u0131\u015fma Prensibi ve Bak\u0131m\u0131<\/h2>\n<p>Hidrolik silindir, hidrolik s\u0131v\u0131 giri\u015finin \u00e7\u0131k\u0131\u015f kuvveti olu\u015fturdu\u011fu basit bir prensiple \u00e7al\u0131\u015f\u0131r. D\u00fczenli bak\u0131m, contalar\u0131n kontrol edilmesini, temizlenmesini, ya\u011flanmas\u0131n\u0131 ve de\u011fi\u015ftirilmesini i\u00e7erir. D\u00fczenli kontroller ve onar\u0131mlar, kullan\u0131m k\u0131lavuzuna g\u00f6re yap\u0131lmal\u0131d\u0131r.<\/p>\n<p><img decoding=\"async\" src=\"https:\/\/hzpt.com\/wp-content\/uploads\/2023\/11\/Inverted-Telescopic-Cylinder-8.webp\" alt=\"\" title=\"\"><\/p>\n<h2>Ters Teleskopik Silindir<\/h2>\n<p>Ters teleskopik silindir, damperli kamyonlarda ve di\u011fer a\u011f\u0131r hizmet makinelerinde yayg\u0131n olarak kullan\u0131lan bir hidrolik silindir t\u00fcr\u00fcd\u00fcr. Y\u00fcksek kald\u0131rma g\u00fcc\u00fc ve denge sa\u011flamak \u00fczere tasarlanm\u0131\u015ft\u0131r ve bu da onu \u00e7e\u015fitli uygulamalarda a\u011f\u0131r y\u00fckleri ta\u015f\u0131mak i\u00e7in ideal hale getirir. Bu tip silindir, gerekli kald\u0131rma kuvvetini sa\u011flamak i\u00e7in uzay\u0131p k\u0131salan birden fazla kademeden olu\u015fur.<\/p>\n<p>Ters teleskopik silindirin baz\u0131 temel \u00f6zellikleri ve faydalar\u0131 \u015funlard\u0131r:<\/p>\n<ol>\n<li>Y\u00fcksek Kald\u0131rma Kapasitesi: Ters teleskopik silindir, ola\u011fan\u00fcst\u00fc kald\u0131rma kapasitesiyle bilinir. Performans veya dengeden \u00f6d\u00fcn vermeden a\u011f\u0131r y\u00fckleri kald\u0131racak \u015fekilde tasarlanm\u0131\u015ft\u0131r.<\/li>\n<li>Kompakt Tasar\u0131m: Y\u00fcksek kald\u0131rma kapasitesine ra\u011fmen, ters teleskopik silindir, farkl\u0131 tipteki makinelere kolay kurulum ve entegrasyon sa\u011flayan kompakt bir tasar\u0131ma sahiptir.<\/li>\n<li>Sorunsuz \u00c7al\u0131\u015fma: Bu tip silindirler, y\u00fcklerin verimli bir \u015fekilde kald\u0131r\u0131l\u0131p indirilmesini sa\u011flayarak sorunsuz ve hassas bir \u00e7al\u0131\u015fma sunar. Titre\u015fimleri ve sars\u0131nt\u0131l\u0131 hareketleri en aza indirecek \u015fekilde tasarlanm\u0131\u015f olup, geli\u015fmi\u015f kontrol ve g\u00fcvenlik sa\u011flar.<\/li>\n<li>Dayan\u0131kl\u0131 Yap\u0131: Ters teleskopik silindirler, zorlu \u00e7al\u0131\u015fma ko\u015fullar\u0131na dayanacak \u015fekilde \u00fcretilmi\u015ftir. Genellikle sertle\u015ftirilmi\u015f \u00e7elik gibi y\u00fcksek kaliteli malzemelerden \u00fcretilirler; bu da dayan\u0131kl\u0131l\u0131k ve uzun \u00f6m\u00fcrl\u00fc performans sa\u011flar.<\/li>\n<li>\u00d6zelle\u015ftirilebilirlik: Ters teleskopik silindir, \u00f6zel gereksinimleri kar\u015f\u0131layacak \u015fekilde \u00f6zelle\u015ftirilebilir. Strok uzunlu\u011fu, montaj se\u00e7enekleri ve di\u011fer parametreler a\u00e7\u0131s\u0131ndan farkl\u0131 uygulamalara uyacak \u015fekilde uyarlanabilir.<\/li>\n<li>S\u0131cak Sat\u0131\u015f Damperli Kamyon Hidrolik Silindiri: Firmam\u0131z, ters teleskopik silindirler de dahil olmak \u00fczere y\u00fcksek kaliteli damperli kamyon hidrolik silindirlerinin \u00fcretimi ve tedarikinde uzmanla\u015fm\u0131\u015ft\u0131r. Silindirlerimiz, g\u00fcvenilirli\u011fi, performans\u0131 ve rekabet\u00e7i fiyatlar\u0131yla bilinir. \u00c7e\u015fitli m\u00fc\u015fteri ihtiya\u00e7lar\u0131n\u0131 kar\u015f\u0131lamak i\u00e7in \u00e7e\u015fitli se\u00e7enekler sunuyoruz.<\/li>\n<li>\u00d6zelle\u015ftirilmi\u015f Hidrolik Silindir: Farkl\u0131 uygulamalar\u0131n benzersiz hidrolik silindir \u00e7\u00f6z\u00fcmleri gerektirebilece\u011finin fark\u0131nday\u0131z. Bu nedenle, \u00f6zel gereksinimleri kar\u015f\u0131lamak i\u00e7in \u00f6zelle\u015ftirilmi\u015f hidrolik silindirler sunuyoruz. Uzman ekibimiz, m\u00fc\u015fterilerimizle yak\u0131n bir \u015fekilde \u00e7al\u0131\u015farak ihtiya\u00e7lar\u0131na tam olarak uyan silindirler tasarlay\u0131p \u00fcretebilir.<\/li>\n<\/ol>\n<p>Sonu\u00e7 olarak, ters teleskopik silindir, ola\u011fan\u00fcst\u00fc kald\u0131rma kapasitesi, sorunsuz \u00e7al\u0131\u015fma ve dayan\u0131kl\u0131l\u0131k sunan \u00e7ok y\u00f6nl\u00fc ve g\u00fcvenilir bir hidrolik silindirdir. \u0130ster standart bir damperli kamyon hidrolik silindirine ister \u00f6zel bir \u00e7\u00f6z\u00fcme ihtiyac\u0131n\u0131z olsun, ihtiya\u00e7lar\u0131n\u0131z\u0131 kar\u015f\u0131layacak uzmanl\u0131\u011fa ve kaynaklara sahibiz. \u00dcr\u00fcn ve hizmetlerimiz hakk\u0131nda daha fazla bilgi edinmek i\u00e7in bug\u00fcn bizimle ileti\u015fime ge\u00e7in.<\/p>\n<h3>FMP Hakk\u0131nda \u2013 Profesyonel Hidrolik Silindir Tedarik\u00e7iniz<\/h3>\n<p>FMP olarak, in\u015faat makinesi par\u00e7alar\u0131 ve komple makinelerin sat\u0131\u015f ve servisinde uzmanla\u015f\u0131yoruz ve y\u00fcksek kaliteli ve g\u00fcvenilir hidrolik silindirlerin lider tedarik\u00e7isi olmaktan gurur duyuyoruz. Hidrolik silindirlerimizin piyasadaki en iyiler oldu\u011funa inanmam\u0131z\u0131n birka\u00e7 nedeni \u015funlard\u0131r:<\/p>\n<p>1. Hassas M\u00fchendislik \u2013 Hidrolik silindirlerimiz hassas m\u00fchendislikle tasarlanarak en zorlu ko\u015fullarda bile dayan\u0131kl\u0131 ve g\u00fcvenilir olmalar\u0131 sa\u011flanm\u0131\u015ft\u0131r.<\/p>\n<p>2. Geni\u015f Uygulama Yelpazesi \u2013 Hidrolik silindirlerimiz tar\u0131m makineleri, end\u00fcstriyel ekipmanlar ve in\u015faat makineleri dahil olmak \u00fczere \u00e7ok \u00e7e\u015fitli uygulamalarda kullan\u0131labilir.<\/p>\n<p>3. \u00d6zel Tasar\u0131m \u2013 Hidrolik silindirlerimizin tasar\u0131m\u0131n\u0131 m\u00fc\u015fterilerimizin \u00f6zel ihtiya\u00e7lar\u0131n\u0131 kar\u015f\u0131layacak \u015fekilde \u00f6zelle\u015ftirebilir, b\u00f6ylece \u00fcr\u00fcnlerimizden m\u00fcmk\u00fcn olan en iyi performans\u0131 almalar\u0131n\u0131 sa\u011flayabiliriz.<\/p>\n<p>4. Y\u00fcksek Kaliteli Malzemeler \u2013 Hidrolik silindirlerimizin \u00fcretiminde yaln\u0131zca en y\u00fcksek kaliteli malzemeleri kullan\u0131yoruz, b\u00f6ylece zamanla a\u015f\u0131nma ve y\u0131pranmaya dayan\u0131kl\u0131 olmalar\u0131n\u0131 sa\u011fl\u0131yoruz.<\/p>\n<p>5. M\u00fckemmel M\u00fc\u015fteri Deste\u011fi \u2013 FMP olarak, t\u00fcm m\u00fc\u015fterilerimize m\u00fckemmel m\u00fc\u015fteri deste\u011fi sunmaktan gurur duyuyoruz. \u00dcr\u00fcn dan\u0131\u015fmanl\u0131\u011f\u0131ndan ak\u0131ll\u0131 sat\u0131n alma \u00f6nerilerine kadar, deneyimli sat\u0131\u015f ekibimiz her zaman yard\u0131ma haz\u0131r.<\/p>\n<p>G\u00fcvenilir ve dayan\u0131kl\u0131 bir hidrolik silindir tedarik\u00e7isi ar\u0131yorsan\u0131z, FMP'den ba\u015fkas\u0131na bakmay\u0131n. \u00dcr\u00fcn ve hizmetlerimiz hakk\u0131nda daha fazla bilgi edinmek ve in\u015faat makineleri ihtiya\u00e7lar\u0131n\u0131z\u0131 kar\u015f\u0131laman\u0131za nas\u0131l yard\u0131mc\u0131 olabilece\u011fimizi \u00f6\u011frenmek i\u00e7in bug\u00fcn bizimle ileti\u015fime ge\u00e7in!<\/p>\n<p><img decoding=\"async\" src=\"https:\/\/fmp-components.com\/wp-content\/uploads\/2024\/12\/Adjustable-Clevis-Type-Cylinders-6.webp\" alt=\"Ayarlanabilir \u00c7atal Tipi Silindir\" width=\"844\" title=\"\"><br \/>\nYazar:CX<\/p>","protected":false},"excerpt":{"rendered":"<p>Introducing Hot Sale Dump Truck Hydraulic Cylinder Customized Hydraulic Cylinder: Hot Sale Dump Truck Hydraulic Cylinder is a highly reliable and efficient hydraulic cylinder designed specifically for dump trucks. With its customized features and exceptional performance, it is the perfect solution for all your hydraulic needs. This hydraulic cylinder is meticulously crafted using top-quality materials [&hellip;]<\/p>","protected":false},"featured_media":1686,"comment_status":"closed","ping_status":"closed","template":"","meta":{"_et_pb_use_builder":"","_et_pb_old_content":"","_et_gb_content_width":""},"product_brand":[],"product_cat":[45],"product_tag":[34,48],"class_list":{"0":"post-1685","1":"product","2":"type-product","3":"status-publish","4":"has-post-thumbnail","6":"product_cat-inverted-telescopic-cylinder","7":"product_tag-hydraulic-cylinder","8":"product_tag-inverted-telescopic-cylinder","10":"first","11":"instock","12":"product-type-simple"},"_links":{"self":[{"href":"https:\/\/fmp-components.com\/tr\/wp-json\/wp\/v2\/product\/1685","targetHints":{"allow":["GET"]}}],"collection":[{"href":"https:\/\/fmp-components.com\/tr\/wp-json\/wp\/v2\/product"}],"about":[{"href":"https:\/\/fmp-components.com\/tr\/wp-json\/wp\/v2\/types\/product"}],"replies":[{"embeddable":true,"href":"https:\/\/fmp-components.com\/tr\/wp-json\/wp\/v2\/comments?post=1685"}],"wp:featuredmedia":[{"embeddable":true,"href":"https:\/\/fmp-components.com\/tr\/wp-json\/wp\/v2\/media\/1686"}],"wp:attachment":[{"href":"https:\/\/fmp-components.com\/tr\/wp-json\/wp\/v2\/media?parent=1685"}],"wp:term":[{"taxonomy":"product_brand","embeddable":true,"href":"https:\/\/fmp-components.com\/tr\/wp-json\/wp\/v2\/product_brand?post=1685"},{"taxonomy":"product_cat","embeddable":true,"href":"https:\/\/fmp-components.com\/tr\/wp-json\/wp\/v2\/product_cat?post=1685"},{"taxonomy":"product_tag","embeddable":true,"href":"https:\/\/fmp-components.com\/tr\/wp-json\/wp\/v2\/product_tag?post=1685"}],"curies":[{"name":"wp","href":"https:\/\/api.w.org\/{rel}","templated":true}]}}