{"id":1683,"date":"2024-12-23T07:01:59","date_gmt":"2024-12-23T07:01:59","guid":{"rendered":"https:\/\/fmp-components.com\/product\/factory-direct-sale-10-ton-hydraulic-cylinder-telescopic-hydraulic-cylinder-for-dump-truck\/"},"modified":"2025-03-11T06:03:41","modified_gmt":"2025-03-11T06:03:41","slug":"factory-direct-sale-10-ton-hydraulic-cylinder-telescopic-hydraulic-cylinder-for-dump-truck","status":"publish","type":"product","link":"https:\/\/fmp-components.com\/tr\/product\/factory-direct-sale-10-ton-hydraulic-cylinder-telescopic-hydraulic-cylinder-for-dump-truck\/","title":{"rendered":"Fabrika Do\u011frudan Sat\u0131\u015f 10 Tonluk Hidrolik Silindir Teleskopik Hidrolik Silindir Damperli Kamyon \u0130\u00e7in"},"content":{"rendered":"<h2>Fabrika Do\u011frudan Sat\u0131\u015f 10 Tonluk Hidrolik Silindir Teleskopik Hidrolik Silindir Damperli Kamyon \u0130\u00e7in<\/h2>\n<p>Fabrika Do\u011frudan Sat\u0131\u015f 10 Tonluk Hidrolik Silindir Teleskopik Hidrolik Silindir, a\u011f\u0131r y\u00fcklere ve zorlu \u00e7al\u0131\u015fma ko\u015fullar\u0131na dayanacak \u015fekilde tasarlanm\u0131\u015f y\u00fcksek kaliteli bir hidrolik silindirdir. \u00d6zellikle damperli kamyonlar ve di\u011fer a\u011f\u0131r hizmet uygulamalar\u0131 i\u00e7in tasarlanm\u0131\u015ft\u0131r.<\/p>\n<p>Bu hidrolik silindir, p\u00fcr\u00fczs\u00fcz ve kontroll\u00fc bir \u015fekilde uzay\u0131p k\u0131salmas\u0131n\u0131 sa\u011flayan teleskopik bir tasar\u0131ma sahiptir ve m\u00fckemmel kald\u0131rma ve tutma g\u00fcc\u00fc sa\u011flar. Dayan\u0131kl\u0131 malzemeleri ve y\u00fcksek kaliteli yap\u0131s\u0131yla uzun \u00f6m\u00fcrl\u00fc olacak \u015fekilde \u00fcretilmi\u015ftir ve en zorlu i\u015flerin bile \u00fcstesinden gelmesini sa\u011flar.<\/p>\n<p><img decoding=\"async\" src=\"https:\/\/hzpt.com\/wp-content\/uploads\/2023\/11\/Inverted-Telescopic-Cylinder-22.webp\" alt=\"\" title=\"\"><\/p>\n<p>Mevcut damperli kamyonunuzu y\u00fckseltmek veya yeni bir yap\u0131 i\u00e7in g\u00fcvenilir bir hidrolik silindire ihtiya\u00e7 duymak istiyorsan\u0131z, Fabrika Do\u011frudan Sat\u0131\u015f 10 Tonluk Hidrolik Silindir Teleskopik Hidrolik Silindir Damperli Kamyon m\u00fckemmel bir se\u00e7imdir. Ola\u011fan\u00fcst\u00fc performans\u0131, g\u00fcc\u00fc ve dayan\u0131kl\u0131l\u0131\u011f\u0131yla bu hidrolik silindir, en zorlu uygulamalarda bile y\u0131llarca g\u00fcvenilir hizmet sunacakt\u0131r.<\/p>\n<div>\n<p>En iyi hidrolik makineyi mi ar\u0131yorsunuz? Fabrikadan Do\u011frudan Sat\u0131\u015f 10 Tonluk Hidrolik Silindirlerimizden ba\u015fkas\u0131na bakmay\u0131n!<\/p>\n<table style=\"width: 100%;\" border=\"1\" width=\"100%\" cellspacing=\"0\" cellpadding=\"0\">\n<tbody>\n<tr>\n<th>\u00dcr\u00fcn Ad\u0131<\/th>\n<td>Damperli Kamyonlar \u0130\u00e7in Son Teknoloji Hidrolik Silindir<\/td>\n<\/tr>\n<tr>\n<th>Durum<\/th>\n<td>Yeni<\/td>\n<\/tr>\n<tr>\n<th>Garanti<\/th>\n<td>1 Y\u0131l<\/td>\n<\/tr>\n<tr>\n<th>A\u011f\u0131rl\u0131k (KG)<\/th>\n<td>48<\/td>\n<\/tr>\n<tr>\n<th>Tasar\u0131m<\/th>\n<td>Damperli Kamyonlar \u0130\u00e7in \u00d6zel Olarak Tasarlanm\u0131\u015f<\/td>\n<\/tr>\n<tr>\n<th>Kalite G\u00fcvencesi<\/th>\n<td>Video \u00c7\u0131k\u0131\u015f Muayene ve Makine Test Raporu<\/td>\n<\/tr>\n<tr>\n<th>Uygulanabilir End\u00fcstriler<\/th>\n<td>\u00dcretim Tesisleri, Makine Tamir At\u00f6lyeleri, \u00c7iftlikler, Enerji ve Madencilik ve Daha Fazlas\u0131<\/td>\n<\/tr>\n<tr>\n<th>Performans<\/th>\n<td>Hafif ve Kullan\u0131m\u0131 Kolay<\/td>\n<\/tr>\n<\/tbody>\n<\/table>\n<h2>Hidrolik Silindirin \u00d6zellikleri<\/h2>\n<p>Hidrolik Silindirimiz a\u015fa\u011f\u0131dakiler de dahil olmak \u00fczere bir\u00e7ok etkileyici \u00f6zelli\u011fe sahiptir:<\/p>\n<ul>\n<li>Dayan\u0131kl\u0131l\u0131k ve uzun \u00f6m\u00fcrl\u00fc performans i\u00e7in \u00e7elik g\u00f6vde malzemesi.<\/li>\n<li>3000 tonluk maksimum itme g\u00fcc\u00fc ve 20 tonluk maksimum \u00e7ekme g\u00fcc\u00fc ile g\u00fc\u00e7l\u00fc bir \u00e7al\u0131\u015fma sa\u011flar.<\/li>\n<li>\u00c7e\u015fitli uygulamalara uygun Ters Teleskopik Silindir tipi.<\/li>\n<li>\u00c7ok y\u00f6nl\u00fc ba\u011flant\u0131 i\u00e7in \u00e7oklu portlar (G\/SAE\/NPT\/M).<\/li>\n<li>Y\u00fcksek kalite standartlar\u0131n\u0131 garanti alt\u0131na alan ISO9001:2000 sertifikal\u0131.<\/li>\n<\/ul>\n<h2>Hidrolik Silindirin Uygulamalar\u0131<\/h2>\n<p>Bu Hidrolik Silindir a\u015fa\u011f\u0131dakiler de dahil olmak \u00fczere \u00e7ok say\u0131da alanda uygulanabilir:<\/p>\n<ul>\n<li>A\u011f\u0131r i\u015f makinelerinin \u00e7al\u0131\u015ft\u0131r\u0131lmas\u0131na y\u00f6nelik \u00fcretim tesisleri.<\/li>\n<li>Ekipman bak\u0131m ve onar\u0131m\u0131 i\u00e7in makine tamir at\u00f6lyeleri.<\/li>\n<li>A\u011f\u0131r tar\u0131m makinelerinin y\u00f6netimi i\u00e7in \u00e7iftlikler.<\/li>\n<li>Enerji ve madencilik end\u00fcstrilerinde y\u00fcksek bas\u0131n\u00e7l\u0131 operasyonlar\u0131n y\u00f6netimi i\u00e7in.<\/li>\n<li>Genel makine imalat\u0131 ve \u00e7e\u015fitli uygulamalara y\u00f6nelik fabrikalar.<\/li>\n<\/ul>\n<p><img decoding=\"async\" src=\"https:\/\/hzpt.com\/wp-content\/uploads\/2023\/11\/Inverted-Telescopic-Cylinder-Applications.webp\" alt=\"Ters Teleskopik Silindir Uygulamalar\u0131\" title=\"\"><\/p>\n<h2>Hidrolik Silindirin \u00c7al\u0131\u015fma Prensibi ve Bak\u0131m\u0131<\/h2>\n<p>Hidrolik Silindir, hidrolik s\u0131v\u0131 giri\u015f ve \u00e7\u0131k\u0131\u015f kuvvetiyle \u00e7al\u0131\u015f\u0131r. D\u00fczenli kontrol, temizlik, ya\u011flama ve conta de\u011fi\u015fimi, kullan\u0131m k\u0131lavuzuna uyulmas\u0131n\u0131n yan\u0131 s\u0131ra temel bak\u0131m y\u00f6ntemleridir. D\u00fczenli kontroller ve onar\u0131mlar, silindirin optimum durumda kalmas\u0131n\u0131 sa\u011flamaya yard\u0131mc\u0131 olur.<\/p>\n<p><img decoding=\"async\" src=\"https:\/\/hzpt.com\/wp-content\/uploads\/2023\/11\/Inverted-Telescopic-Cylinder-6.webp\" alt=\"\" title=\"\"><\/p>\n<\/div>\n<h2>Ters Teleskopik Silindir<\/h2>\n<ul>\n<li style=\"list-style-type: none;\">\n<ul>\n<li>girii\u015f<\/li>\n<\/ul>\n<\/li>\n<\/ul>\n<p>Ters teleskopik silindir, damperli kamyonlarda ve di\u011fer a\u011f\u0131r hizmet makinelerinde yayg\u0131n olarak kullan\u0131lan bir hidrolik silindir t\u00fcr\u00fcd\u00fcr. Benzersiz tasar\u0131m\u0131, kompakt ve verimli bir \u00e7al\u0131\u015fma sa\u011flayarak \u00e7e\u015fitli sekt\u00f6rlerde pop\u00fcler bir tercih haline getirir. Fabrikadan Do\u011frudan Sat\u0131\u015f 10 Tonluk Hidrolik Silindir (Damperli Kamyon \u0130\u00e7in Teleskopik Hidrolik Silindir), g\u00fcn\u00fcm\u00fcz pazar\u0131ndaki en pop\u00fcler se\u00e7eneklerden biridir.<\/p>\n<ul>\n<li style=\"list-style-type: none;\">\n<ul>\n<li>Yap\u0131 ve Tasar\u0131m<\/li>\n<\/ul>\n<\/li>\n<\/ul>\n<p>Ters teleskopik silindirin yap\u0131s\u0131, en b\u00fcy\u00fck boru altta, en k\u00fc\u00e7\u00fck boru ise \u00fcstte olmak \u00fczere bir dizi i\u00e7 i\u00e7e ge\u00e7mi\u015f borudan olu\u015fur. Silindir, bu borular\u0131 teleskopik bir \u015fekilde uzat\u0131p geri \u00e7ekerek \u00e7al\u0131\u015f\u0131r. D\u0131\u015f boru kamyon \u015fasisine, i\u00e7 boru ise damperli kasaya ba\u011fl\u0131d\u0131r ve bu sayede kasa gerekti\u011finde kald\u0131r\u0131l\u0131p indirilebilir.<\/p>\n<p>Ters teleskopik silindirin benzersiz \u00f6zelliklerinden biri, kendi i\u00e7ine \u00e7ekilebilme \u00f6zelli\u011fidir; bu da onu di\u011fer hidrolik silindir t\u00fcrlerinden \u00e7ok daha kompakt ve verimli k\u0131lar. Bu tasar\u0131m ayr\u0131ca, y\u00fck\u00fcn a\u011f\u0131rl\u0131\u011f\u0131 silindirin uzunlu\u011fu boyunca e\u015fit olarak da\u011f\u0131t\u0131ld\u0131\u011f\u0131 i\u00e7in daha y\u00fcksek bir kald\u0131rma kapasitesi sa\u011flar.<\/p>\n<ul>\n<li style=\"list-style-type: none;\">\n<ul>\n<li>\u00c7al\u0131\u015fma Prensibi<\/li>\n<\/ul>\n<\/li>\n<\/ul>\n<p>Ters teleskopik silindirin \u00e7al\u0131\u015fma prensibi, Pascal'\u0131n bas\u0131n\u00e7 iletim yasas\u0131na dayan\u0131r. Hidrolik s\u0131v\u0131 silindire pompaland\u0131\u011f\u0131nda, borular\u0131n uzamas\u0131na ve damperli kamyonu kald\u0131rmas\u0131na neden olan bir bas\u0131n\u00e7 olu\u015fturur. S\u0131v\u0131 serbest b\u0131rak\u0131ld\u0131\u011f\u0131nda ise bas\u0131n\u00e7 azal\u0131r ve borular geri \u00e7ekilerek damperli kamyonu orijinal konumuna indirir.<\/p>\n<ul>\n<li style=\"list-style-type: none;\">\n<ul>\n<li>Avantajlar\u0131<\/li>\n<\/ul>\n<\/li>\n<\/ul>\n<p>Ters teleskopik silindirin temel avantajlar\u0131ndan biri, kolay kurulum ve yerden tasarruf sa\u011flayan kompakt tasar\u0131m\u0131d\u0131r. Ayr\u0131ca, silindirin uzunlu\u011fu boyunca e\u015fit a\u011f\u0131rl\u0131k da\u011f\u0131l\u0131m\u0131, daha y\u00fcksek kald\u0131rma kapasitesi ve daha verimli \u00e7al\u0131\u015fma sa\u011flar. Fabrikadan Do\u011frudan Sat\u0131\u015f 10 Tonluk Hidrolik Silindir Teleskopik Hidrolik Silindir, Damperli Kamyon i\u00e7in g\u00fcvenilir ve verimli bir hidrolik silindir arayanlar i\u00e7in harika bir se\u00e7enektir.<\/p>\n<ul>\n<li style=\"list-style-type: none;\">\n<ul>\n<li>Uygulamalar<\/li>\n<\/ul>\n<\/li>\n<\/ul>\n<p>Ters teleskopik silindir, kompakt ve verimli bir kald\u0131rma mekanizmas\u0131na ihtiya\u00e7 duyulan damperli kamyonlarda ve di\u011fer a\u011f\u0131r hizmet makinelerinde yayg\u0131n olarak kullan\u0131l\u0131r. Ayr\u0131ca tar\u0131m makineleri, in\u015faat ekipmanlar\u0131 ve madencilik makineleri gibi \u00e7e\u015fitli uygulamalarda da kullan\u0131l\u0131r.<\/p>\n<h3>FMP Hakk\u0131nda<\/h3>\n<p>FMP, Hidrolik Silindir \u00fcretimi ve sat\u0131\u015f\u0131 konusunda uzmanla\u015fm\u0131\u015f bir \u015firkettir. Uzun y\u0131llara dayanan sekt\u00f6r deneyimimiz ve profesyonel ekibimizle, m\u00fc\u015fterilerimize in\u015faat makineleri i\u00e7in y\u00fcksek kaliteli ve g\u00fcvenilir hidrolik silindirler sa\u011fl\u0131yoruz.<\/p>\n<p><img decoding=\"async\" src=\"https:\/\/fmp-components.com\/wp-content\/uploads\/2024\/12\/Adjustable-Clevis-Type-Cylinders-6.webp\" alt=\"Ayarlanabilir \u00c7atal Tipi Silindir\" width=\"843\" title=\"\"><\/p>\n<p>Hidrolik silindirlerimizi se\u00e7meniz i\u00e7in be\u015f neden:<\/p>\n<ol>\n<li><strong>\u00c7e\u015fitli \u00fcr\u00fcn yelpazesi:<\/strong> \u0130n\u015faat makineleri sekt\u00f6r\u00fcn\u00fcn farkl\u0131 ihtiya\u00e7lar\u0131n\u0131 kar\u015f\u0131layan geni\u015f bir hidrolik silindir yelpazesi sunuyoruz. \u00dcr\u00fcn yelpazemizde ayarlanabilir \u00e7atal tipi silindirler, kaynakl\u0131 silindirler, ba\u011flant\u0131 \u00e7ubu\u011fu silindirleri ve daha fazlas\u0131 bulunmaktad\u0131r.<\/li>\n<li><strong>\u00dcst\u00fcn kalite:<\/strong> T\u00fcm hidrolik silindirlerimizin s\u0131k\u0131 kalite standartlar\u0131n\u0131 kar\u015f\u0131lad\u0131\u011f\u0131ndan emin oluyoruz. Her silindir, m\u00fckemmel performans ve dayan\u0131kl\u0131l\u0131k garanti eden hassasiyet ve ayr\u0131nt\u0131lara dikkat edilerek \u00fcretilmektedir.<\/li>\n<li><strong>G\u00fcvenilir performans:<\/strong> Hidrolik silindirlerimiz, zorlu \u00e7al\u0131\u015fma ko\u015fullar\u0131nda bile tutarl\u0131 ve g\u00fcvenilir performans sa\u011flayacak \u015fekilde tasarlanm\u0131\u015ft\u0131r. A\u011f\u0131r y\u00fcklere dayanacak ve sorunsuz \u00e7al\u0131\u015fma sa\u011flayacak \u015fekilde \u00fcretilmi\u015ftir.<\/li>\n<li><strong>Uzman sat\u0131\u015f ekibi:<\/strong> Deneyimli sat\u0131\u015f ekibimiz, in\u015faat makineleri sekt\u00f6r\u00fcnde uzmand\u0131r ve m\u00fc\u015fteri ihtiya\u00e7lar\u0131n\u0131 anlar. Profesyonel \u00fcr\u00fcn dan\u0131\u015fmanl\u0131\u011f\u0131 sa\u011flayabilir, sorular\u0131n\u0131z\u0131 yan\u0131tlayabilir ve ak\u0131ll\u0131 sat\u0131n alma \u00f6nerileri sunabilirler.<\/li>\n<li><strong>Verimli lojistik:<\/strong> \u0130htiya\u00e7 duydu\u011funuz hidrolik silindirleri zaman\u0131nda ve do\u011fru bir \u015fekilde teslim alman\u0131z\u0131 sa\u011flamak i\u00e7in verimli bir lojistik da\u011f\u0131t\u0131m sistemimiz mevcuttur. Ar\u0131za s\u00fcrelerini en aza indirmenin \u00f6nemini anl\u0131yor ve h\u0131zl\u0131 teslimat sa\u011flamak i\u00e7in \u00e7al\u0131\u015f\u0131yoruz.<\/li>\n<\/ol>\n<p>\u0130n\u015faat makinelerinizin ihtiya\u00e7lar\u0131n\u0131 kar\u015f\u0131layacak en kaliteli hidrolik silindirler i\u00e7in FMP'yi tercih edin. \u0130htiya\u00e7lar\u0131n\u0131z\u0131 g\u00f6r\u00fc\u015fmek ve ekibimizin m\u00fckemmel hidrolik silindir \u00e7\u00f6z\u00fcm\u00fcn\u00fc bulman\u0131za yard\u0131mc\u0131 olmas\u0131 i\u00e7in bug\u00fcn bizimle ileti\u015fime ge\u00e7in.<\/p>\n<p>Yazar:CX<\/p>","protected":false},"excerpt":{"rendered":"<p>Factory Direct Sale 10 Ton Hydraulic Cylinder Telescopic Hydraulic Cylinder For Dump Truck The Factory Direct Sale 10 Ton Hydraulic Cylinder Telescopic Hydraulic Cylinder For Dump Truck is a high-quality hydraulic cylinder designed to withstand heavy loads and harsh operating conditions. It is specifically engineered for dump trucks and other heavy-duty applications. This hydraulic cylinder [&hellip;]<\/p>","protected":false},"featured_media":1684,"comment_status":"closed","ping_status":"closed","template":"","meta":{"_et_pb_use_builder":"","_et_pb_old_content":"","_et_gb_content_width":""},"product_brand":[],"product_cat":[45],"product_tag":[34,48],"class_list":{"0":"post-1683","1":"product","2":"type-product","3":"status-publish","4":"has-post-thumbnail","6":"product_cat-inverted-telescopic-cylinder","7":"product_tag-hydraulic-cylinder","8":"product_tag-inverted-telescopic-cylinder","10":"first","11":"instock","12":"product-type-simple"},"_links":{"self":[{"href":"https:\/\/fmp-components.com\/tr\/wp-json\/wp\/v2\/product\/1683","targetHints":{"allow":["GET"]}}],"collection":[{"href":"https:\/\/fmp-components.com\/tr\/wp-json\/wp\/v2\/product"}],"about":[{"href":"https:\/\/fmp-components.com\/tr\/wp-json\/wp\/v2\/types\/product"}],"replies":[{"embeddable":true,"href":"https:\/\/fmp-components.com\/tr\/wp-json\/wp\/v2\/comments?post=1683"}],"wp:featuredmedia":[{"embeddable":true,"href":"https:\/\/fmp-components.com\/tr\/wp-json\/wp\/v2\/media\/1684"}],"wp:attachment":[{"href":"https:\/\/fmp-components.com\/tr\/wp-json\/wp\/v2\/media?parent=1683"}],"wp:term":[{"taxonomy":"product_brand","embeddable":true,"href":"https:\/\/fmp-components.com\/tr\/wp-json\/wp\/v2\/product_brand?post=1683"},{"taxonomy":"product_cat","embeddable":true,"href":"https:\/\/fmp-components.com\/tr\/wp-json\/wp\/v2\/product_cat?post=1683"},{"taxonomy":"product_tag","embeddable":true,"href":"https:\/\/fmp-components.com\/tr\/wp-json\/wp\/v2\/product_tag?post=1683"}],"curies":[{"name":"wp","href":"https:\/\/api.w.org\/{rel}","templated":true}]}}