{"id":1681,"date":"2024-12-23T07:01:59","date_gmt":"2024-12-23T07:01:59","guid":{"rendered":"https:\/\/fmp-components.com\/product\/high-quality-dump-trailer-long-stroke-hydraulic-cylinder-telescopic-hydraulic-cylinder\/"},"modified":"2025-03-11T06:03:24","modified_gmt":"2025-03-11T06:03:24","slug":"high-quality-dump-trailer-long-stroke-hydraulic-cylinder-telescopic-hydraulic-cylinder","status":"publish","type":"product","link":"https:\/\/fmp-components.com\/tr\/product\/high-quality-dump-trailer-long-stroke-hydraulic-cylinder-telescopic-hydraulic-cylinder\/","title":{"rendered":"Y\u00fcksek Kaliteli Damperli R\u00f6mork Uzun Stroklu Hidrolik Silindir Teleskopik Hidrolik Silindir"},"content":{"rendered":"<h2>Y\u00fcksek Kaliteli Damperli R\u00f6mork Uzun Stroklu Hidrolik Silindir Teleskopik Hidrolik Silindiri Tan\u0131t\u0131yoruz:<\/h2>\n<p>Y\u00fcksek Kaliteli Damperli R\u00f6mork Uzun Stroklu Hidrolik Silindir Teleskopik Hidrolik Silindir, optimum performans ve dayan\u0131kl\u0131l\u0131k i\u00e7in tasarlanm\u0131\u015f birinci s\u0131n\u0131f bir \u00fcr\u00fcnd\u00fcr. Geli\u015fmi\u015f \u00f6zellikleri ve \u00fcst\u00fcn m\u00fchendisli\u011fiyle bu hidrolik silindir, damperli r\u00f6morklar ve di\u011fer a\u011f\u0131r hizmet uygulamalar\u0131 i\u00e7in m\u00fckemmeldir.<\/p>\n<p>Bu hidrolik silindir, ola\u011fan\u00fcst\u00fc g\u00fc\u00e7 ve stabilite sunarak sorunsuz ve verimli bir \u00e7al\u0131\u015fma sa\u011flar. Uzun stroklu tasar\u0131m\u0131, daha geni\u015f bir hareket aral\u0131\u011f\u0131 sa\u011flayarak \u00e7e\u015fitli kald\u0131rma ve bo\u015faltma g\u00f6revleri i\u00e7in uygundur. \u0130ster malzeme bo\u015faltman\u0131z ister a\u011f\u0131r y\u00fck ta\u015f\u0131man\u0131z gereksin, bu silindir her zaman g\u00fcvenilir performans sa\u011flar.<\/p>\n<p><img decoding=\"async\" src=\"https:\/\/hzpt.com\/wp-content\/uploads\/2023\/11\/Inverted-Telescopic-Cylinder-24.webp\" alt=\"\" title=\"\"><\/p>\n<p>Y\u00fcksek kaliteli malzemelerden \u00fcretilen bu hidrolik silindir, zorlu ko\u015fullara ve yo\u011fun kullan\u0131ma dayanacak \u015fekilde \u00fcretilmi\u015ftir. Teleskopik tasar\u0131m\u0131, kolay kurulum ve bak\u0131m sa\u011flayarak ar\u0131za s\u00fcresini azalt\u0131r ve \u00fcretkenli\u011fi art\u0131r\u0131r. Hassas m\u00fchendislik, minimum a\u015f\u0131nma ve y\u0131pranma sa\u011flayarak silindirin \u00f6mr\u00fcn\u00fc uzat\u0131r.<\/p>\n<p>Bu hidrolik silindirde g\u00fcvenlik en \u00f6nemli \u00f6nceliktir. Kazalar\u0131 \u00f6nlemek ve operat\u00f6r g\u00fcvenli\u011fini sa\u011flamak i\u00e7in g\u00fc\u00e7l\u00fc g\u00fcvenlik \u00f6zellikleriyle donat\u0131lm\u0131\u015ft\u0131r. Silindirin geli\u015fmi\u015f hidrolik sistemi, sorunsuz ve hassas bir kontrol sa\u011flayarak g\u00fcvenli ve verimli bir \u00e7al\u0131\u015fma sa\u011flar.<\/p>\n<p>Ola\u011fan\u00fcst\u00fc performans\u0131n\u0131n yan\u0131 s\u0131ra, bu hidrolik silindir sayg\u0131n bir \u00fcretici taraf\u0131ndan desteklenmektedir. G\u00fcvenilir ve y\u00fcksek kaliteli \u00fcr\u00fcnler \u00fcretme konusunda g\u00fc\u00e7l\u00fc bir ge\u00e7mi\u015fe sahip olan bu hidrolik silindirin dayan\u0131kl\u0131l\u0131\u011f\u0131na ve uzun \u00f6m\u00fcrl\u00fcl\u00fc\u011f\u00fcne g\u00fcvenebilirsiniz.<\/p>\n<p>Sonu\u00e7 olarak, Y\u00fcksek Kaliteli Damperli R\u00f6mork Uzun Stroklu Hidrolik Silindir Teleskopik Hidrolik Silindir, a\u011f\u0131r hizmet tipi kald\u0131rma ve bo\u015faltma ihtiya\u00e7lar\u0131n\u0131z i\u00e7in ideal \u00e7\u00f6z\u00fcmd\u00fcr. \u00dcst\u00fcn performans\u0131, dayan\u0131kl\u0131l\u0131\u011f\u0131 ve g\u00fcvenlik \u00f6zellikleriyle bu hidrolik silindir, beklentilerinizi a\u015facak ve uzun y\u0131llar boyunca g\u00fcvenilir bir \u00e7al\u0131\u015fma sa\u011flayacakt\u0131r.<\/p>\n<table style=\"width: 100%;\" border=\"1\" width=\"100%\" cellspacing=\"0\" cellpadding=\"0\">\n<tbody>\n<tr>\n<th>\u00dcr\u00fcn Ad\u0131<\/th>\n<td>Y\u00fcksek Kaliteli Damperli R\u00f6mork Uzun Stroklu Hidrolik Silindir<\/td>\n<\/tr>\n<tr>\n<th>Durum<\/th>\n<td>Yeni (2023)<\/td>\n<\/tr>\n<tr>\n<th>Garanti<\/th>\n<td>1 Y\u0131l<\/td>\n<\/tr>\n<tr>\n<th>Tip<\/th>\n<td>Standart Piston Silindiri<\/td>\n<\/tr>\n<tr>\n<th>G\u00fc\u00e7 Kayna\u011f\u0131<\/th>\n<td>Hidrolik<\/td>\n<\/tr>\n<tr>\n<th>G\u00f6vde Malzemesi<\/th>\n<td>\u00c7elik<\/td>\n<\/tr>\n<tr>\n<th>Maksimum \u0130tki<\/th>\n<td>3000<\/td>\n<\/tr>\n<tr>\n<th>Maksimum \u00c7ekme<\/th>\n<td>20 ton<\/td>\n<\/tr>\n<tr>\n<th>Delik Boyutu<\/th>\n<td>2 \u2013 6 in\u00e7<\/td>\n<\/tr>\n<tr>\n<th>\u00c7ubuk Boyutu<\/th>\n<td>1,125 \u2013 4 in\u00e7<\/td>\n<\/tr>\n<tr>\n<th>Vuru\u015f Boyutu<\/th>\n<td>6 \u2013 48 in\u00e7<\/td>\n<\/tr>\n<tr>\n<th>Pin Boyutu<\/th>\n<td>0,5 \u2013 2 in\u00e7<\/td>\n<\/tr>\n<tr>\n<th>Sertifikasyon<\/th>\n<td>ISO 9001:2000<\/td>\n<\/tr>\n<tr>\n<th>Renk<\/th>\n<td>Siyah<\/td>\n<\/tr>\n<tr>\n<th>Limanlar<\/th>\n<td>G\/SAE\/NPT\/M<\/td>\n<\/tr>\n<tr>\n<th>Uygulanabilir End\u00fcstriler<\/th>\n<td>\u00dcretim Tesisleri, Makine Tamir At\u00f6lyeleri, \u00c7iftlikler, Enerji ve Madencilik, Makine \u00dcretimi, Makine Fabrikalar\u0131<\/td>\n<\/tr>\n<\/tbody>\n<\/table>\n<h2>Teleskopik Hidrolik Silindirin \u00d6zellikleri<\/h2>\n<ol>\n<li>2023'\u00fcn yeni \u00fcr\u00fcn\u00fc olup, son teknolojik geli\u015fmelere ayak uydurmaktad\u0131r.<\/li>\n<li>\u00dcr\u00fcn\u00fcm\u00fcz 1 y\u0131l garantili olup, kalitesinin ve g\u00fcvenilirli\u011finin g\u00fcvencesini vermektedir.<\/li>\n<li>Uluslararas\u0131 kalite ve g\u00fcvenlik standartlar\u0131na uygun oldu\u011funu g\u00f6steren ISO9001:2000 sertifikas\u0131na sahiptir.<\/li>\n<li>Maksimum 3000 itme g\u00fcc\u00fc ve maksimum 20 ton \u00e7ekme g\u00fcc\u00fc ile g\u00fc\u00e7l\u00fc bir performans sunuyor.<\/li>\n<li>\u00dcretim tesisleri, makine tamir at\u00f6lyeleri, \u00e7iftlikler, enerji ve madencilik, makine imalat\u0131 ve makine fabrikalar\u0131 dahil olmak \u00fczere geni\u015f bir uygulama yelpazesine sahiptir.<\/li>\n<\/ol>\n<h2>Teleskopik Hidrolik Silindirin Uygulamalar\u0131<\/h2>\n<ol>\n<li>\n<ol>\n<li>\u00dcretim Tesisleri: A\u011f\u0131r makinelerin \u00fcretim faaliyetlerinde kullan\u0131ld\u0131\u011f\u0131 yerler.<\/li>\n<li>Makine Tamir At\u00f6lyeleri: A\u011f\u0131r ekipmanlar\u0131n onar\u0131m\u0131 ve bak\u0131m\u0131 i\u00e7in olmazsa olmazd\u0131r.<\/li>\n<li>\u00c7iftlikler: \u00c7e\u015fitli tar\u0131m faaliyetlerini kolayla\u015ft\u0131rmak i\u00e7in a\u011f\u0131r tar\u0131m makinelerinde kullan\u0131l\u0131r.<\/li>\n<li>Enerji ve Madencilik: A\u011f\u0131r i\u015f makinalar\u0131nda \u00e7\u0131karma ve \u00fcretim s\u00fcre\u00e7lerinde kullan\u0131l\u0131r.<\/li>\n<li>Makine \u0130malat\u0131: \u00c7e\u015fitli tipteki makinelerin \u00fcretiminde temel bile\u015fendir.<\/li>\n<\/ol>\n<\/li>\n<\/ol>\n<p><img decoding=\"async\" src=\"https:\/\/hzpt.com\/wp-content\/uploads\/2023\/11\/Inverted-Telescopic-Cylinder-Applications.webp\" alt=\"Ters Teleskopik Silindir Uygulamalar\u0131\" title=\"\"><\/p>\n<h2>Hidrolik Silindirin \u00c7al\u0131\u015fma Prensibi ve Bak\u0131m\u0131<\/h2>\n<p>Y\u00fcksek Kaliteli Damperli Treyler Uzun Stroklu Hidrolik Silindir Teleskopik Hidrolik Silindir, hidrolik s\u0131v\u0131 bas\u0131nc\u0131n\u0131 g\u00fcce d\u00f6n\u00fc\u015ft\u00fcrerek \u00e7al\u0131\u015f\u0131r. Hidrolik s\u0131v\u0131, silindire ba\u011flant\u0131 noktalar\u0131ndan girer ve y\u00fcke kuvvet uygulayan pistona bas\u0131n\u00e7 uygular. Bak\u0131m i\u00e7in silindirin d\u00fczenli olarak kontrol edilmesi ve temizlenmesi \u015fartt\u0131r. Ya\u011flama, sorunsuz \u00e7al\u0131\u015fmay\u0131 sa\u011flarken, d\u00fczenli kontroller ve onar\u0131mlar sorunlar\u0131n erken tespit edilip giderilmesine yard\u0131mc\u0131 olur. A\u015f\u0131nm\u0131\u015f contalar s\u0131z\u0131nt\u0131lara yol a\u00e7abilece\u011finden, conta de\u011fi\u015fimi de \u00e7ok \u00f6nemlidir. Son olarak, bak\u0131m ve kullan\u0131m talimatlar\u0131 i\u00e7in daima kullan\u0131m k\u0131lavuzunu takip edin.<img decoding=\"async\" src=\"https:\/\/hzpt.com\/wp-content\/uploads\/2023\/11\/Inverted-Telescopic-Cylinder-19.webp\" alt=\"\" title=\"\"><\/p>\n<h2>Ters Teleskopik Silindir<\/h2>\n<p>Ters teleskopik silindir, benzersiz bir tasar\u0131ma sahip ve di\u011fer silindir t\u00fcrlerine g\u00f6re bir\u00e7ok avantaj sa\u011flayan bir hidrolik silindir t\u00fcr\u00fcd\u00fcr. Genellikle damperli r\u00f6morklar, vin\u00e7ler ve ekskavat\u00f6rler gibi a\u011f\u0131r ekipmanlarda kullan\u0131l\u0131r. Bu yaz\u0131da, ters teleskopik silindirin \u00f6zelliklerini ve avantajlar\u0131n\u0131 ayr\u0131nt\u0131l\u0131 olarak ele alaca\u011f\u0131z.<\/p>\n<h3>Ters Teleskopik Silindirin \u00d6zellikleri<\/h3>\n<ul>\n<li><strong>Y\u00fcksek Kalite:<\/strong> Ters teleskopik silindir, a\u015f\u0131nma ve y\u0131pranmaya kar\u015f\u0131 dayan\u0131kl\u0131 ve y\u00fcksek kaliteli malzemelerden \u00fcretilmi\u015ftir. Bu sayede a\u011f\u0131r y\u00fcklere ve zorlu \u00e7al\u0131\u015fma ortamlar\u0131na dayan\u0131kl\u0131d\u0131r.<\/li>\n<li><strong>Uzun Vuru\u015f:<\/strong> Silindirin uzun stro\u011fu, daha b\u00fcy\u00fck bir mesafeye uzay\u0131p k\u0131salabilmesi anlam\u0131na gelir ve bu da onu \u00e7ok fazla g\u00fc\u00e7 ve kald\u0131rma kapasitesi gerektiren a\u011f\u0131r ekipmanlarda kullan\u0131ma uygun hale getirir.<\/li>\n<li><strong>Teleskopik Tasar\u0131m:<\/strong> Silindirin teleskopik tasar\u0131m\u0131, b\u00f6l\u00fcmler halinde uzat\u0131labilmesi veya daralt\u0131labilmesi anlam\u0131na gelir; bu da a\u011f\u0131r y\u00fckleri kald\u0131r\u0131rken veya di\u011fer g\u00f6revleri ger\u00e7ekle\u015ftirirken daha fazla esneklik ve hassasiyet sa\u011flar.<\/li>\n<\/ul>\n<h3>Ters Teleskopik Silindirin Avantajlar\u0131<\/h3>\n<p>Ters teleskopik silindir, di\u011fer hidrolik silindir t\u00fcrlerine g\u00f6re bir\u00e7ok avantaj sa\u011flar. Bu avantajlardan baz\u0131lar\u0131 \u015funlard\u0131r:<\/p>\n<ul>\n<li><strong>Daha B\u00fcy\u00fck Kald\u0131rma Kapasitesi:<\/strong> Silindirin uzun stro\u011fu ve teleskopik tasar\u0131m\u0131, daha fazla kald\u0131rma kapasitesi sa\u011flayabilece\u011fi anlam\u0131na gelir ve bu da onu \u00e7ok fazla g\u00fc\u00e7 ve kald\u0131rma kapasitesi gerektiren a\u011f\u0131r ekipmanlarda kullan\u0131ma uygun hale getirir.<\/li>\n<li><strong>Hassas Kontrol:<\/strong> Silindirin teleskopik tasar\u0131m\u0131, a\u011f\u0131r y\u00fckleri kald\u0131r\u0131rken veya di\u011fer g\u00f6revleri ger\u00e7ekle\u015ftirirken daha fazla hassasiyet kontrol\u00fc sa\u011flar; bu da g\u00fcvenli\u011fin en \u00f6nemli \u00f6ncelik oldu\u011fu in\u015faat ve madencilik gibi sekt\u00f6rlerde \u00f6nemlidir.<\/li>\n<li><strong>Daha Az Bak\u0131m:<\/strong> Ters teleskopik silindirin yap\u0131m\u0131nda kullan\u0131lan y\u00fcksek kaliteli malzemeler, a\u015f\u0131nma ve y\u0131pranmaya kar\u015f\u0131 dayan\u0131kl\u0131 olmas\u0131n\u0131 sa\u011flar; bu da di\u011fer silindir t\u00fcrlerine k\u0131yasla daha az bak\u0131m gerektirmesi anlam\u0131na gelir.<\/li>\n<li><strong>Geli\u015ftirilmi\u015f Verimlilik:<\/strong> Ters teleskopik silindirin tasar\u0131m\u0131, a\u011f\u0131r y\u00fckleri kald\u0131r\u0131rken veya di\u011fer g\u00f6revleri ger\u00e7ekle\u015ftirirken verimlili\u011fin artmas\u0131n\u0131 sa\u011flayarak daha d\u00fc\u015f\u00fck enerji maliyetleri ve daha y\u00fcksek genel verimlilikle sonu\u00e7lanabilir.<\/li>\n<\/ul>\n<p>Ters teleskopik silindir, di\u011fer silindir t\u00fcrlerine g\u00f6re bir\u00e7ok avantaj sa\u011flayan benzersiz bir hidrolik silindir t\u00fcr\u00fcd\u00fcr. Y\u00fcksek kaliteli yap\u0131s\u0131, uzun stro\u011fu ve teleskopik tasar\u0131m\u0131, damperli r\u00f6morklar, vin\u00e7ler ve ekskavat\u00f6rler gibi a\u011f\u0131r ekipmanlarda kullan\u0131ma uygun olmas\u0131n\u0131 sa\u011flar. Silindirin hassas kontrol\u00fc, daha y\u00fcksek kald\u0131rma kapasitesi ve geli\u015ftirilmi\u015f verimlili\u011fi, onu a\u011f\u0131r kald\u0131rma gerektiren \u00e7e\u015fitli end\u00fcstrilerde vazge\u00e7ilmez bir bile\u015fen haline getirir. A\u011f\u0131r ekipman\u0131n\u0131z i\u00e7in g\u00fcvenilir ve dayan\u0131kl\u0131 bir hidrolik silindir ar\u0131yorsan\u0131z, ters teleskopik silindiri tercih edin.<\/p>\n<h3>FMP Hakk\u0131nda<\/h3>\n<p>FMP, Hidrolik Silindir \u00fcretimi ve sat\u0131\u015f\u0131 konusunda uzmanla\u015fm\u0131\u015f bir \u015firkettir. Merkezimiz \u0130talya'da olup, in\u015faat makineleri sekt\u00f6r\u00fcnde kapsaml\u0131 deneyime ve \u00f6zverili bir profesyonel ekibe sahibiz. Y\u00fcksek kaliteli ve g\u00fcvenilir Hidrolik Silindirlerin yan\u0131 s\u0131ra \u00e7ok \u00e7e\u015fitli in\u015faat makinesi par\u00e7alar\u0131 ve \u00e7\u00f6z\u00fcmleri sunuyoruz.<\/p>\n<p><strong>1. Geni\u015f \u00dcr\u00fcn Yelpazesi:<\/strong> \u00dcr\u00fcn yelpazemizde in\u015faat makinalar\u0131 sekt\u00f6r\u00fcn\u00fcn farkl\u0131 ihtiya\u00e7lar\u0131na cevap veren \u00e7e\u015fitli tipte Hidrolik Silindirler yer almaktad\u0131r.<\/p>\n<p><strong>2. \u00dcst\u00fcn Kalite:<\/strong> Yurt i\u00e7i ve yurt d\u0131\u015f\u0131 pazarlardan y\u00fcksek kaliteli tedarik\u00e7ilerle uzun vadeli ve istikrarl\u0131 ortakl\u0131klar kurduk. Bu sayede t\u00fcm Hidrolik Silindirlerimiz s\u0131k\u0131 kalite standartlar\u0131n\u0131 kar\u015f\u0131layarak m\u00fc\u015fterilerimize g\u00fcvenilir ve dayan\u0131kl\u0131 \u00fcr\u00fcnler sunuyoruz.<\/p>\n<p><strong>3. Profesyonel Sat\u0131\u015f Ekibi:<\/strong> Deneyimli sat\u0131\u015f ekibimiz, in\u015faat makineleri sekt\u00f6r\u00fcndeki en son trendler ve m\u00fc\u015fteri gereksinimleri konusunda bilgilidir. Profesyonel \u00fcr\u00fcn dan\u0131\u015fmanl\u0131\u011f\u0131 sa\u011flayabilir ve ak\u0131ll\u0131 sat\u0131n alma \u00f6nerileri sunarak, m\u00fc\u015fterilerimize \u00f6zel ihtiya\u00e7lar\u0131na en uygun Hidrolik Silindiri se\u00e7meleri konusunda rehberlik edebilirler.<\/p>\n<p><strong>4. Verimli Lojistik Da\u011f\u0131t\u0131m:<\/strong> FMP olarak, zaman\u0131nda ve do\u011fru teslimat\u0131n \u00f6neminin fark\u0131nday\u0131z. Verimli lojistik da\u011f\u0131t\u0131m sistemimiz, m\u00fc\u015fterilerimizin ihtiya\u00e7 duyduklar\u0131 par\u00e7alar\u0131 zaman\u0131nda teslim almas\u0131n\u0131 sa\u011flayarak, aksama s\u00fcrelerini en aza indirir ve \u00fcretkenli\u011fi en \u00fcst d\u00fczeye \u00e7\u0131kar\u0131r.<\/p>\n<p><strong>5. M\u00fc\u015fteri Memnuniyetine Ba\u011fl\u0131l\u0131k:<\/strong> M\u00fc\u015fteri memnuniyetini \u00f6n planda tutuyor ve ola\u011fan\u00fcst\u00fc hizmet sunmay\u0131 hedefliyoruz. Ekibimiz, t\u00fcm soru ve endi\u015felerinizi an\u0131nda yan\u0131tlayarak de\u011ferli m\u00fc\u015fterilerimize sorunsuz ve keyifli bir deneyim sunmaya kendini adam\u0131\u015ft\u0131r.<\/p>\n<p><img decoding=\"async\" src=\"https:\/\/fmp-components.com\/wp-content\/uploads\/2024\/12\/Adjustable-Clevis-Type-Cylinders-6.webp\" alt=\"Ayarlanabilir \u00c7atal Tipi Silindir\" width=\"842\" title=\"\"><br \/>\nYazar:CX<\/p>","protected":false},"excerpt":{"rendered":"<p>Introducing High Quality Dump Trailer Long Stroke Hydraulic Cylinder Telescopic Hydraulic Cylinder: The High Quality Dump Trailer Long Stroke Hydraulic Cylinder Telescopic Hydraulic Cylinder is a top-notch product designed for optimum performance and durability. With its advanced features and superior engineering, this hydraulic cylinder is perfect for dump trailers and other heavy-duty applications. This hydraulic [&hellip;]<\/p>","protected":false},"featured_media":1682,"comment_status":"closed","ping_status":"closed","template":"","meta":{"_et_pb_use_builder":"","_et_pb_old_content":"","_et_gb_content_width":""},"product_brand":[],"product_cat":[45],"product_tag":[34,48],"class_list":{"0":"post-1681","1":"product","2":"type-product","3":"status-publish","4":"has-post-thumbnail","6":"product_cat-inverted-telescopic-cylinder","7":"product_tag-hydraulic-cylinder","8":"product_tag-inverted-telescopic-cylinder","10":"first","11":"instock","12":"product-type-simple"},"_links":{"self":[{"href":"https:\/\/fmp-components.com\/tr\/wp-json\/wp\/v2\/product\/1681","targetHints":{"allow":["GET"]}}],"collection":[{"href":"https:\/\/fmp-components.com\/tr\/wp-json\/wp\/v2\/product"}],"about":[{"href":"https:\/\/fmp-components.com\/tr\/wp-json\/wp\/v2\/types\/product"}],"replies":[{"embeddable":true,"href":"https:\/\/fmp-components.com\/tr\/wp-json\/wp\/v2\/comments?post=1681"}],"wp:featuredmedia":[{"embeddable":true,"href":"https:\/\/fmp-components.com\/tr\/wp-json\/wp\/v2\/media\/1682"}],"wp:attachment":[{"href":"https:\/\/fmp-components.com\/tr\/wp-json\/wp\/v2\/media?parent=1681"}],"wp:term":[{"taxonomy":"product_brand","embeddable":true,"href":"https:\/\/fmp-components.com\/tr\/wp-json\/wp\/v2\/product_brand?post=1681"},{"taxonomy":"product_cat","embeddable":true,"href":"https:\/\/fmp-components.com\/tr\/wp-json\/wp\/v2\/product_cat?post=1681"},{"taxonomy":"product_tag","embeddable":true,"href":"https:\/\/fmp-components.com\/tr\/wp-json\/wp\/v2\/product_tag?post=1681"}],"curies":[{"name":"wp","href":"https:\/\/api.w.org\/{rel}","templated":true}]}}