{"id":1679,"date":"2024-12-23T07:01:59","date_gmt":"2024-12-23T07:01:59","guid":{"rendered":"https:\/\/fmp-components.com\/product\/the-latest-design-long-stroke-10-ton-hydraulic-cylinder-hydraulic-ram-cylinder-for-dump-truck\/"},"modified":"2025-03-11T06:03:13","modified_gmt":"2025-03-11T06:03:13","slug":"the-latest-design-long-stroke-10-ton-hydraulic-cylinder-hydraulic-ram-cylinder-for-dump-truck","status":"publish","type":"product","link":"https:\/\/fmp-components.com\/tr\/product\/the-latest-design-long-stroke-10-ton-hydraulic-cylinder-hydraulic-ram-cylinder-for-dump-truck\/","title":{"rendered":"Damperli Kamyon \u0130\u00e7in En Son Tasar\u0131m Uzun Stroklu 10 Tonluk Hidrolik Silindir Hidrolik Ram Silindiri"},"content":{"rendered":"<h2>Damperli Kamyonlar \u0130\u00e7in En Yeni Tasar\u0131m Uzun Strok 10 Tonluk Hidrolik Silindir Hidrolik Ram Silindirini Tan\u0131t\u0131yoruz<\/h2>\n<p>Son Tasar\u0131m Uzun Strok 10 Tonluk Hidrolik Silindir, Damperli Kamyonlar \u0130\u00e7in Hidrolik Ram Silindiri, damperli kamyonlar i\u00e7in \u00f6zel olarak tasarlanm\u0131\u015f y\u00fcksek kaliteli ve verimli bir hidrolik silindirdir. Geli\u015fmi\u015f \u00f6zellikleri ve \u00fcst\u00fcn performans\u0131 ile bu \u00fcr\u00fcn, in\u015faat ve madencilik sekt\u00f6rlerindeki \u00e7e\u015fitli uygulamalar i\u00e7in g\u00fcvenilir bir \u00e7\u00f6z\u00fcmd\u00fcr.<\/p>\n<p><img decoding=\"async\" src=\"https:\/\/hzpt.com\/wp-content\/uploads\/2023\/11\/Inverted-Telescopic-Cylinder-7.webp\" alt=\"\" title=\"\"><\/p>\n<p>Temel \u00d6zellikler:<br \/>\n1. Y\u00fcksek Y\u00fck Kapasitesi: Hidrolik silindir, maksimum 10 ton y\u00fck ta\u015f\u0131ma kapasitesine sahip olup, a\u011f\u0131r i\u015flerde kullan\u0131ma uygundur.<br \/>\n2. Uzun Strok Tasar\u0131m\u0131: Uzun strok tasar\u0131m\u0131 sayesinde bu silindir, kald\u0131rma ve bo\u015faltma i\u015flemlerinde geli\u015fmi\u015f esneklik ve verimlilik sunar.<br \/>\n3. Dayan\u0131kl\u0131 Yap\u0131: Birinci s\u0131n\u0131f malzemelerden \u00fcretilen bu hidrolik silindir, zorlu ko\u015fullara dayanacak \u015fekilde tasarlanm\u0131\u015ft\u0131r ve uzun \u00f6m\u00fcrl\u00fc performans sa\u011flar.<br \/>\n4. Hidrolik G\u00fc\u00e7: Silindir, d\u00fczg\u00fcn ve hassas hareketler sa\u011flamak i\u00e7in hidrolik g\u00fc\u00e7 kullan\u0131r ve bu da optimum verimlilik ve kontrol sa\u011flar.<br \/>\n5. Kolay Kurulum: Kullan\u0131c\u0131 dostu tasar\u0131m\u0131 sayesinde bu hidrolik silindir, damperli kamyonlara kolayca monte edilebilir, b\u00f6ylece ar\u0131za s\u00fcresi en aza indirilir ve verimlilik en \u00fcst d\u00fczeye \u00e7\u0131kar\u0131l\u0131r.<\/p>\n<p>Faydalar:<br \/>\n1. Artan Verimlilik: En yeni tasar\u0131ma sahip uzun stroklu 10 tonluk hidrolik silindir, malzemelerin daha h\u0131zl\u0131 ve verimli bir \u015fekilde bo\u015falt\u0131lmas\u0131n\u0131 sa\u011flayarak \u015fantiyelerde verimlili\u011fi art\u0131r\u0131r.<br \/>\n2. Geli\u015ftirilmi\u015f G\u00fcvenlik: G\u00fcvenilir hidrolik sistemi sayesinde bu silindir, g\u00fcvenli ve kontroll\u00fc kald\u0131rma ve bo\u015faltma i\u015flemleri sa\u011flayarak kaza riskini azalt\u0131r.<br \/>\n3. Maliyet Etkin \u00c7\u00f6z\u00fcm: Bu hidrolik silindir, bo\u015faltma i\u015flemini optimize ederek zaman tasarrufu sa\u011flar ve yak\u0131t t\u00fcketimini azalt\u0131r, bu da operat\u00f6rler i\u00e7in maliyet tasarrufu anlam\u0131na gelir.<br \/>\n4. \u00c7ok Y\u00f6nl\u00fc Uygulama: Hidrolik silindir, \u00e7e\u015fitli damperli kamyon modellerinde kullan\u0131labilmesi sayesinde farkl\u0131 projeler i\u00e7in \u00e7ok y\u00f6nl\u00fc bir \u00e7\u00f6z\u00fcmd\u00fcr.<\/p>\n<p>Sonu\u00e7 olarak, damperli kamyon operat\u00f6rleri i\u00e7in g\u00fcvenilir ve verimli bir hidrolik silindir arayanlar i\u00e7in en yeni tasar\u0131ml\u0131 uzun stroklu 10 tonluk hidrolik silindir m\u00fckemmel bir se\u00e7imdir. Geli\u015fmi\u015f \u00f6zellikleri, dayan\u0131kl\u0131l\u0131\u011f\u0131 ve \u00e7ok y\u00f6nl\u00fcl\u00fc\u011f\u00fc ile bu \u00fcr\u00fcn, damperli kamyon operasyonlar\u0131nda art\u0131r\u0131lm\u0131\u015f verimlilik, g\u00fcvenlik ve maliyet etkinli\u011fi sunmaktad\u0131r.<\/p>\n<div>\n<h2>Hidrolik Silindirin \u00d6zellikleri<\/h2>\n<ul>\n<li>2 ila 6 in\u00e7 aras\u0131nda de\u011fi\u015fen delik boyutu<\/li>\n<li>Olta kam\u0131\u015f\u0131 boyutlar\u0131 1,125 ila 4 in\u00e7 aras\u0131ndad\u0131r.<\/li>\n<li>\u00c7izgi kal\u0131nl\u0131\u011f\u0131 6 ila 48 in\u00e7 aras\u0131nda de\u011fi\u015fmektedir.<\/li>\n<li>\u0130\u011fne boyutu 0,5 ila 2 in\u00e7 aras\u0131ndad\u0131r.<\/li>\n<li>\u00c7e\u015fitli port se\u00e7enekleri: G\/SAE\/NPT\/M<\/li>\n<\/ul>\n<h2>Hidrolik Silindirin Uygulamalar\u0131<\/h2>\n<p>Hidrolik silindir, a\u015fa\u011f\u0131dakiler de dahil olmak \u00fczere \u00e7ok \u00e7e\u015fitli end\u00fcstriyel uygulamalarda temel bir bile\u015fendir:<\/p>\n<ul>\n<li>A\u011f\u0131r hizmet tipi damperli kamyonlar<\/li>\n<li>\u00dcretim tesislerindeki makineler<\/li>\n<li>Tar\u0131m makineleri<\/li>\n<li>Madencilik ekipmanlar\u0131<\/li>\n<li>\u0130n\u015faat makineleri<\/li>\n<\/ul>\n<p><img decoding=\"async\" src=\"https:\/\/hzpt.com\/wp-content\/uploads\/2023\/11\/Inverted-Telescopic-Cylinder-Applications.webp\" alt=\"Hidrolik Silindir Uygulamalar\u0131\" title=\"\"><\/p>\n<h2>Hidrolik Silindirin \u00c7al\u0131\u015fma Prensibi ve Bak\u0131m\u0131<\/h2>\n<p>Hidrolik silindir, hidrolik s\u0131v\u0131 giri\u015f ve \u00e7\u0131k\u0131\u015f kuvveti prensibiyle \u00e7al\u0131\u015f\u0131r. Silindir g\u00f6vdesi, piston ve piston kolundan olu\u015fur. Piston, silindirin i\u00e7ini iki b\u00f6lmeye ay\u0131r\u0131r. Hidrolik s\u0131v\u0131 bir b\u00f6lmeye pompaland\u0131\u011f\u0131nda, pistonu hareket ettiren bir kuvvet olu\u015fturur; bu kuvvet piston koluna etki ederek y\u00fck\u00fc hareket ettirir. Hidrolik silindirin optimum performans ve uzun \u00f6m\u00fcrl\u00fcl\u00fc\u011f\u00fc i\u00e7in d\u00fczenli bak\u0131m \u015fartt\u0131r. Bu, d\u00fczenli kontrolleri, temizli\u011fi, ya\u011flamay\u0131, conta de\u011fi\u015fimini ve kullan\u0131m k\u0131lavuzuna uyulmas\u0131n\u0131 i\u00e7erir.<\/p>\n<p><img decoding=\"async\" src=\"https:\/\/hzpt.com\/wp-content\/uploads\/2023\/11\/Inverted-Telescopic-Cylinder-16.webp\" alt=\"\" title=\"\"><\/p>\n<\/div>\n<h2>Ters Teleskopik Silindir<\/h2>\n<p>Ters teleskopik silindir, \u00e7e\u015fitli uygulamalarda ola\u011fan\u00fcst\u00fc performans ve \u00e7ok y\u00f6nl\u00fcl\u00fck sunan benzersiz bir hidrolik silindir tasar\u0131m\u0131d\u0131r. En yeni tasar\u0131m\u0131 olan uzun stroklu 10 tonluk damperli kamyon hidrolik silindiri, geli\u015fmi\u015f \u00f6zellikler ve iyile\u015ftirilmi\u015f verimlilik sa\u011flayarak sekt\u00f6r\u00fc devrimle\u015ftirmi\u015ftir.<\/p>\n<p>1. Geli\u015ftirilmi\u015f Y\u00fck Ta\u015f\u0131ma Kapasitesi ve Stabilite:<\/p>\n<p>En yeni tasar\u0131ma sahip, uzun stroklu 10 tonluk hidrolik silindir, damperli kamyonlar i\u00e7in \u00f6zel olarak tasarlanm\u0131\u015f ve a\u011f\u0131r y\u00fckleri kald\u0131rarak g\u00fcvenilir denge sa\u011flayan bir hidrolik piston silindiridir. Geli\u015fmi\u015f yap\u0131s\u0131 ve malzemeleriyle en zorlu g\u00f6revlerin \u00fcstesinden kolayl\u0131kla gelebilir. Silindirin tasar\u0131m\u0131, maksimum y\u00fck ta\u015f\u0131ma kapasitesini garanti ederek damperli kamyonlar gibi a\u011f\u0131r hizmet uygulamalar\u0131 i\u00e7in idealdir.<\/p>\n<p>2. Uzat\u0131lm\u0131\u015f Vuru\u015f Uzunlu\u011fu:<\/p>\n<p>Ters teleskopik silindirin en \u00f6nemli \u00f6zelliklerinden biri uzun strok uzunlu\u011fudur. En yeni tasar\u0131ma sahip uzun stroklu 10 tonluk damperli kamyon hidrolik silindiri, \u00e7e\u015fitli i\u015flemlerde daha iyi kontrol ve hassasiyet sa\u011flayan uzat\u0131lm\u0131\u015f bir strok uzunlu\u011fu sunar. Bu art\u0131r\u0131lm\u0131\u015f strok uzunlu\u011fu, malzemelerin verimli bir \u015fekilde bo\u015falt\u0131lmas\u0131n\u0131 sa\u011flayarak her d\u00f6ng\u00fc i\u00e7in gereken zaman\u0131 ve \u00e7abay\u0131 en aza indirir.<\/p>\n<p>3. Geli\u015fmi\u015f S\u0131zd\u0131rmazl\u0131k Teknolojisi:<\/p>\n<p>Ters teleskopik silindir, optimum performans ve dayan\u0131kl\u0131l\u0131k sa\u011flamak i\u00e7in en yeni s\u0131zd\u0131rmazl\u0131k teknolojisini b\u00fcnyesinde bar\u0131nd\u0131r\u0131r. En yeni tasar\u0131ma sahip uzun stroklu 10 tonluk hidrolik silindir, damperli kamyonlar i\u00e7in geli\u015ftirilmi\u015f geli\u015fmi\u015f s\u0131zd\u0131rmazl\u0131k malzemeleri ve teknikleri kullanarak s\u0131z\u0131nt\u0131y\u0131 \u00f6nler ve tutarl\u0131 hidrolik bas\u0131nc\u0131 korur. Bu geli\u015fmi\u015f s\u0131zd\u0131rmazl\u0131k teknolojisi, bak\u0131m gereksinimlerini en aza indirir ve silindirin kullan\u0131m \u00f6mr\u00fcn\u00fc uzatarak son kullan\u0131c\u0131 i\u00e7in maliyet tasarrufu sa\u011flar.<\/p>\n<p>4. Hassas M\u00fchendislik ve \u0130malat:<\/p>\n<p>En yeni tasar\u0131ma sahip, uzun stroklu 10 tonluk hidrolik silindir, damperli kamyonlar i\u00e7in en y\u00fcksek standartlarda titizlikle tasarlanm\u0131\u015f ve \u00fcretilmi\u015ftir. Silindir, \u00fcst\u00fcn performans ve g\u00fcvenilirlik sa\u011flamak i\u00e7in s\u0131k\u0131 kalite kontrol s\u00fcre\u00e7lerinden ge\u00e7mektedir. Her bir bile\u015fen, en ince ayr\u0131nt\u0131s\u0131na kadar hassas bir \u015fekilde i\u015flenmi\u015f ve monte edilmi\u015ftir; bu da sorunsuz \u00e7al\u0131\u015fma ve uzun \u00f6m\u00fcrl\u00fc performans garantisi vermektedir.<\/p>\n<p>5. \u00c7ok Y\u00f6nl\u00fc Uygulamalar:<\/p>\n<p>Ters teleskopik silindir, \u00e7ok \u00e7e\u015fitli end\u00fcstrilerde ve makinelerde uygulama alan\u0131 bulmaktad\u0131r. Uyarlanabilirli\u011fi ve performans\u0131, onu damperli kamyonlar, vin\u00e7ler, tar\u0131m ekipmanlar\u0131 ve \u00e7e\u015fitli di\u011fer a\u011f\u0131r makineler i\u00e7in uygun hale getirir. En yeni tasar\u0131ma sahip uzun stroklu 10 tonluk hidrolik silindir, damperli kamyonlar i\u00e7in benzersiz bir \u00e7ok y\u00f6nl\u00fcl\u00fck sunarak farkl\u0131 uygulamalar\u0131n zorlu gereksinimlerini kar\u015f\u0131lamas\u0131na olanak tan\u0131r.<\/p>\n<p>Genel olarak, \u00f6zellikle damperli kamyonlar i\u00e7in tasarlanm\u0131\u015f en yeni tasar\u0131ml\u0131 uzun stroklu 10 tonluk hidrolik silindir olan ters teleskopik silindir, hidrolik silindir teknolojisindeki ilerlemelerin bir kan\u0131t\u0131 niteli\u011findedir. Yenilik\u00e7i \u00f6zellikleri, art\u0131r\u0131lm\u0131\u015f y\u00fck ta\u015f\u0131ma kapasitesi, uzat\u0131lm\u0131\u015f strok uzunlu\u011fu, geli\u015fmi\u015f s\u0131zd\u0131rmazl\u0131k teknolojisi, hassas m\u00fchendisli\u011fi ve \u00e7ok y\u00f6nl\u00fc uygulamalar\u0131, y\u00fcksek performansl\u0131 hidrolik \u00e7\u00f6z\u00fcmler arayan sekt\u00f6rler i\u00e7in ideal bir se\u00e7im haline getirmektedir.<\/p>\n<h3>FMP Hakk\u0131nda<\/h3>\n<p>FMP, Hidrolik Silindir \u00fcretimi ve sat\u0131\u015f\u0131 konusunda uzmanla\u015fm\u0131\u015f bir \u015firkettir. \u0130talya'da bulunan firmam\u0131z, uzun y\u0131llara dayanan sekt\u00f6r deneyimine ve m\u00fc\u015fterilerimize y\u00fcksek kaliteli ve g\u00fcvenilir hidrolik silindirler sa\u011flamaya kendini adam\u0131\u015f profesyonel bir ekibe sahiptir.<\/p>\n<p><img decoding=\"async\" src=\"https:\/\/fmp-components.com\/wp-content\/uploads\/2024\/12\/Adjustable-Clevis-Type-Cylinders-6.webp\" alt=\"Ayarlanabilir \u00c7atal Tipi Silindir\" width=\"841\" title=\"\"><\/p>\n<p>Hidrolik silindirlerimizi se\u00e7meniz i\u00e7in be\u015f neden:<\/p>\n<ol>\n<li>Geni\u015f Se\u00e7enek Yelpazesi: \u00c7e\u015fitli uygulamalarda esneklik sa\u011flayan ayarlanabilir \u00e7atal tipi silindirler de dahil olmak \u00fczere geni\u015f bir hidrolik silindir yelpazesi sunuyoruz.<\/li>\n<li>Ola\u011fan\u00fcst\u00fc Kalite: T\u00fcm hidrolik silindirlerimiz, dayan\u0131kl\u0131l\u0131k ve performanslar\u0131n\u0131 garanti alt\u0131na alan s\u0131k\u0131 kalite standartlar\u0131na g\u00f6re \u00fcretilmektedir.<\/li>\n<li>Uzman Dan\u0131\u015fmanl\u0131\u011f\u0131: \u0130n\u015faat makineleri sekt\u00f6r\u00fc hakk\u0131nda bilgi sahibi olan deneyimli sat\u0131\u015f ekibimiz, \u00f6zel ihtiya\u00e7lar\u0131n\u0131z\u0131 kar\u015f\u0131lamak i\u00e7in profesyonel \u00fcr\u00fcn dan\u0131\u015fmanl\u0131\u011f\u0131 sa\u011flayabilir.<\/li>\n<li>Ak\u0131ll\u0131 Sat\u0131n Alma \u00d6nerileri: M\u00fc\u015fteri ihtiya\u00e7lar\u0131n\u0131 anl\u0131yor ve bilin\u00e7li kararlar alman\u0131za yard\u0131mc\u0131 olmak i\u00e7in ak\u0131ll\u0131 sat\u0131n alma \u00f6nerileri sunuyoruz.<\/li>\n<li>Verimli Lojistik: Verimli lojistik da\u011f\u0131t\u0131m sistemimizle, ihtiya\u00e7 duydu\u011funuz hidrolik silindirlerin zaman\u0131nda ve do\u011fru bir \u015fekilde taraf\u0131n\u0131za ula\u015fmas\u0131n\u0131 sa\u011fl\u0131yoruz.<\/li>\n<\/ol>\n<p>FMP olarak, en kaliteli hidrolik silindirlerimiz ve ola\u011fan\u00fcst\u00fc hizmetimizle m\u00fc\u015fteri beklentilerini a\u015fmay\u0131 hedefliyoruz. T\u00fcm hidrolik silindir ihtiya\u00e7lar\u0131n\u0131z i\u00e7in bug\u00fcn bizimle ileti\u015fime ge\u00e7in!<\/p>\n<p>Yazar:CX<\/p>","protected":false},"excerpt":{"rendered":"<p>Introducing the Latest Design Long Stroke 10 Ton Hydraulic Cylinder Hydraulic Ram Cylinder For Dump Truck The Latest Design Long Stroke 10 Ton Hydraulic Cylinder Hydraulic Ram Cylinder For Dump Truck is a high-quality and efficient hydraulic cylinder specifically designed for dump trucks. With its advanced features and superior performance, this product is a reliable [&hellip;]<\/p>","protected":false},"featured_media":1680,"comment_status":"closed","ping_status":"closed","template":"","meta":{"_et_pb_use_builder":"","_et_pb_old_content":"","_et_gb_content_width":""},"product_brand":[],"product_cat":[45],"product_tag":[34,48],"class_list":{"0":"post-1679","1":"product","2":"type-product","3":"status-publish","4":"has-post-thumbnail","6":"product_cat-inverted-telescopic-cylinder","7":"product_tag-hydraulic-cylinder","8":"product_tag-inverted-telescopic-cylinder","10":"first","11":"instock","12":"product-type-simple"},"_links":{"self":[{"href":"https:\/\/fmp-components.com\/tr\/wp-json\/wp\/v2\/product\/1679","targetHints":{"allow":["GET"]}}],"collection":[{"href":"https:\/\/fmp-components.com\/tr\/wp-json\/wp\/v2\/product"}],"about":[{"href":"https:\/\/fmp-components.com\/tr\/wp-json\/wp\/v2\/types\/product"}],"replies":[{"embeddable":true,"href":"https:\/\/fmp-components.com\/tr\/wp-json\/wp\/v2\/comments?post=1679"}],"wp:featuredmedia":[{"embeddable":true,"href":"https:\/\/fmp-components.com\/tr\/wp-json\/wp\/v2\/media\/1680"}],"wp:attachment":[{"href":"https:\/\/fmp-components.com\/tr\/wp-json\/wp\/v2\/media?parent=1679"}],"wp:term":[{"taxonomy":"product_brand","embeddable":true,"href":"https:\/\/fmp-components.com\/tr\/wp-json\/wp\/v2\/product_brand?post=1679"},{"taxonomy":"product_cat","embeddable":true,"href":"https:\/\/fmp-components.com\/tr\/wp-json\/wp\/v2\/product_cat?post=1679"},{"taxonomy":"product_tag","embeddable":true,"href":"https:\/\/fmp-components.com\/tr\/wp-json\/wp\/v2\/product_tag?post=1679"}],"curies":[{"name":"wp","href":"https:\/\/api.w.org\/{rel}","templated":true}]}}