{"id":1677,"date":"2024-12-23T07:01:59","date_gmt":"2024-12-23T07:01:59","guid":{"rendered":"https:\/\/fmp-components.com\/product\/factory-serving-long-stroke-dump-trailer-hydraulic-cylinder-for-dump-truck\/"},"modified":"2025-03-11T05:50:33","modified_gmt":"2025-03-11T05:50:33","slug":"factory-serving-long-stroke-dump-trailer-hydraulic-cylinder-for-dump-truck","status":"publish","type":"product","link":"https:\/\/fmp-components.com\/tr\/product\/factory-serving-long-stroke-dump-trailer-hydraulic-cylinder-for-dump-truck\/","title":{"rendered":"Fabrikada Damperli Kamyon \u0130\u00e7in Uzun Stroklu Damperli R\u00f6mork Hidrolik Silindiri"},"content":{"rendered":"<p>Fabrika \u00fcretimi uzun stroklu damperli r\u00f6mork hidrolik silindiri, modern damperli kamyon sekt\u00f6r\u00fcn\u00fcn ihtiya\u00e7lar\u0131n\u0131 kar\u015f\u0131lamak \u00fczere tasarlanm\u0131\u015f yenilik\u00e7i ve y\u00fcksek kaliteli bir \u00fcr\u00fcnd\u00fcr. Dayan\u0131kl\u0131 yap\u0131s\u0131 ve \u00e7ok y\u00f6nl\u00fc tasar\u0131m\u0131yla bu hidrolik silindir, en iyisini talep eden damperli kamyon operat\u00f6rleri i\u00e7in ideal \u00e7\u00f6z\u00fcmd\u00fcr.<\/p>\n<p>Uzun stroklu tasar\u0131m\u0131 sayesinde bu hidrolik silindir, en zorlu uygulamalarda bile ola\u011fan\u00fcst\u00fc performans ve verimlilik sunabilmektedir. Silindir, y\u00fcksek kaliteli malzemelerden \u00fcretilmi\u015f olup, a\u011f\u0131r kullan\u0131m ve zorlu \u00e7al\u0131\u015fma ko\u015fullar\u0131na dayanacak kadar sa\u011flamd\u0131r.<\/p>\n<p>Bu hidrolik silindirin en \u00f6nemli avantajlar\u0131ndan biri, kurulum kolayl\u0131\u011f\u0131d\u0131r. Silindir, gerekli t\u00fcm montaj donan\u0131m\u0131 ve ba\u011flant\u0131 par\u00e7alar\u0131yla birlikte gelir, bu da kurulumu h\u0131zl\u0131 ve sorunsuz hale getirir. Kurulduktan sonra, basit kontrolleri ve sezgisel kullan\u0131m\u0131yla inan\u0131lmaz derecede kolay \u00e7al\u0131\u015ft\u0131r\u0131labilir.<\/p>\n<p><img decoding=\"async\" src=\"https:\/\/hzpt.com\/wp-content\/uploads\/2023\/11\/Inverted-Telescopic-Cylinder-11.webp\" alt=\"\" title=\"\"><\/p>\n<p>Performans a\u00e7\u0131s\u0131ndan, Fabrika Servisli Uzun Stroklu Damperli Treyler Hidrolik Silindiri ola\u011fan\u00fcst\u00fc sonu\u00e7lar sunar. Hassas m\u00fchendisli\u011fi, minimum s\u00fcrt\u00fcnme ve maksimum g\u00fc\u00e7le sorunsuz ve verimli \u00e7al\u0131\u015fmas\u0131n\u0131 sa\u011flar. Bu sayede a\u011f\u0131r y\u00fckleri kolayl\u0131kla ta\u015f\u0131yabilir ve uzun s\u00fcre boyunca tutarl\u0131 ve g\u00fcvenilir performans sunabilir.<\/p>\n<p>Genel olarak, uzun stroklu damperli r\u00f6mork hidrolik silindiri, modern m\u00fchendisli\u011fin en iyisini temsil eden ola\u011fan\u00fcst\u00fc bir \u00fcr\u00fcnd\u00fcr. Ola\u011fan\u00fcst\u00fc performans ve g\u00fcvenilirlik sunan y\u00fcksek kaliteli bir hidrolik silindir ar\u0131yorsan\u0131z, bu \u00fcr\u00fcn tam size g\u00f6re.<\/p>\n<table style=\"width: 100%;\" border=\"1\" width=\"100%\" cellspacing=\"0\" cellpadding=\"0\">\n<tbody>\n<tr>\n<th>\u00dcr\u00fcn Ad\u0131<\/th>\n<td>Uzun Stroklu Damperli Treyler Hidrolik Silindiri<\/td>\n<\/tr>\n<tr>\n<th>Durum<\/th>\n<td>Yeni<\/td>\n<\/tr>\n<tr>\n<th>Garanti<\/th>\n<td>1 Y\u0131l<\/td>\n<\/tr>\n<tr>\n<th>A\u011f\u0131rl\u0131k (KG)<\/th>\n<td>48<\/td>\n<\/tr>\n<tr>\n<th>Maksimum \u0130tki<\/th>\n<td>3000<\/td>\n<\/tr>\n<tr>\n<th>Maksimum \u00c7ekme<\/th>\n<td>20 ton<\/td>\n<\/tr>\n<tr>\n<th>Uygulanabilir End\u00fcstriler<\/th>\n<td>\u00dcretim Tesisleri, Makine Tamir At\u00f6lyeleri, \u00c7iftlikler, Enerji ve Madencilik, Makine \u00dcretimi, Makine Fabrikalar\u0131<\/td>\n<\/tr>\n<tr>\n<th>Tasar\u0131m<\/th>\n<td>Son teknoloji, \u00f6zellikle damperli kamyonlar i\u00e7in.<\/td>\n<\/tr>\n<tr>\n<th>Performans<\/th>\n<td>Sa\u011flam ve G\u00fcvenilir<\/td>\n<\/tr>\n<\/tbody>\n<\/table>\n<h2>Uzun Stroklu Damperli Treyler Hidrolik Silindirinin \u00d6zellikleri<\/h2>\n<p>Bu hidrolik silindir, damperli kamyonunuz i\u00e7in ola\u011fan\u00fcst\u00fc bir se\u00e7im olmas\u0131n\u0131 sa\u011flayan \u00f6zelliklerle doludur. Bunlar \u015funlard\u0131r:<\/p>\n<ul>\n<li>Standart piston silindir yap\u0131s\u0131 \u2013 g\u00fcvenilir \u00e7al\u0131\u015fma ve uyumluluk sunar.<\/li>\n<li>Hidrolik g\u00fc\u00e7 \u2013 a\u011f\u0131r i\u015fler i\u00e7in verimli ve g\u00fc\u00e7l\u00fc \u00e7al\u0131\u015fma sa\u011flar.<\/li>\n<li>\u00c7elik g\u00f6vde malzemesi \u2013 dayan\u0131kl\u0131l\u0131k ve uzun s\u00fcreli kullan\u0131m sa\u011flar.<\/li>\n<li>Ters teleskopik silindir tipi \u2013 daha uzun eri\u015fim ve art\u0131r\u0131lm\u0131\u015f esneklik sunar.<\/li>\n<li>ISO9001:2000 Sertifikas\u0131 \u2013 kalite ve performans standartlar\u0131n\u0131n g\u00fcvencesi.<\/li>\n<\/ul>\n<h2>Uzun Stroklu Damperli Treyler Hidrolik Silindirinin Uygulamalar\u0131<\/h2>\n<p>Bu hidrolik silindirin \u00e7ok y\u00f6nl\u00fcl\u00fc\u011f\u00fc, onu \u00e7ok \u00e7e\u015fitli uygulamalar i\u00e7in uygun hale getiriyor. Bunlar aras\u0131nda \u015funlar yer al\u0131yor:<\/p>\n<ul>\n<li>\u00dcretim Tesisleri \u2013 a\u011f\u0131r makinelerin \u00e7al\u0131\u015ft\u0131r\u0131lmas\u0131 i\u00e7in.<\/li>\n<li>Makine Tamir At\u00f6lyeleri \u2013 yedek par\u00e7a olarak veya tamir i\u00e7in.<\/li>\n<li>\u00c7iftlikler \u2013 tar\u0131msal makine ve ekipmanlar\u0131n y\u00f6netimi i\u00e7in.<\/li>\n<li>Enerji ve Madencilik \u2013 sondaj kuleleri ve di\u011fer a\u011f\u0131r makinelerin i\u015fletilmesi i\u00e7in.<\/li>\n<li>Makine imalat\u0131 ve makine fabrikalar\u0131 \u2013 \u00e7ok \u00e7e\u015fitli makinelerin bir bile\u015feni olarak.<\/li>\n<\/ul>\n<p><img decoding=\"async\" src=\"https:\/\/hzpt.com\/wp-content\/uploads\/2023\/11\/Inverted-Telescopic-Cylinder-Applications.webp\" alt=\"Ters Teleskopik Silindir Uygulamalar\u0131\" title=\"\"><\/p>\n<h2>Uzun Stroklu Damperli Treyler Hidrolik Silindirinin \u00c7al\u0131\u015fma Prensibi ve Bak\u0131m\u0131<\/h2>\n<p>Bu hidrolik silindir, basit ama etkili bir prensiple \u00e7al\u0131\u015f\u0131r. Bir i\u00e7 \u00e7ap ve bir \u00e7ubuktan olu\u015fur ve hidrolik s\u0131v\u0131 y\u00fcksek bas\u0131n\u00e7ta silindire pompalan\u0131r. Bu, \u00e7ubu\u011fu hareket ettiren do\u011frusal bir kuvvet olu\u015fturarak, uygulaman\u0131z i\u00e7in gerekli itme veya \u00e7ekme kuvvetini yarat\u0131r. Bu hidrolik silindirin bak\u0131m\u0131, d\u00fczenli inceleme, temizleme, ya\u011flama ve conta de\u011fi\u015fiminin yan\u0131 s\u0131ra, optimum performans ve uzun \u00f6m\u00fcr sa\u011flamak i\u00e7in kullan\u0131m k\u0131lavuzuna uyulmas\u0131n\u0131 i\u00e7erir.<\/p>\n<p><img decoding=\"async\" src=\"https:\/\/hzpt.com\/wp-content\/uploads\/2023\/11\/Inverted-Telescopic-Cylinder-12.webp\" alt=\"\" title=\"\"><\/p>\n<h2>Ters Teleskopik Silindir<\/h2>\n<ul>\n<li><strong>Girii\u015f:<\/strong> Ters teleskopik silindir, \u00f6zellikle damperli kamyonlar ve r\u00f6morklarda olmak \u00fczere \u00e7e\u015fitli end\u00fcstriyel uygulamalarda yayg\u0131n olarak kullan\u0131lan bir hidrolik silindir t\u00fcr\u00fcd\u00fcr. Bu silindir t\u00fcr\u00fc, kompakt ve dayan\u0131kl\u0131 yap\u0131s\u0131yla uzun bir strok sa\u011flamak \u00fczere tasarlanm\u0131\u015ft\u0131r ve bu da onu a\u011f\u0131r hizmet operasyonlar\u0131 i\u00e7in ideal hale getirir.<\/li>\n<li><strong>\u00d6zellikler:<\/strong> Fabrikam\u0131zda \u00fcretilen uzun stroklu damperli r\u00f6mork hidrolik silindiri, b\u00fcy\u00fck piston \u00e7ap\u0131 ve strok uzunlu\u011fu sayesinde y\u00fcksek kuvvet ve tork \u00e7\u0131k\u0131\u015f\u0131 sa\u011flama yetene\u011fi gibi \u00fcst\u00fcn \u00f6zellikleriyle bilinir. Ayr\u0131ca, kolay kurulum ve bak\u0131m sa\u011flayan kompakt bir tasar\u0131ma sahiptir. Ek olarak, bu tip silindir, m\u00fckemmel dayan\u0131kl\u0131l\u0131k ve a\u015f\u0131nmaya kar\u015f\u0131 diren\u00e7 sa\u011flamak i\u00e7in \u00e7elik ve al\u00fcminyum gibi y\u00fcksek kaliteli malzemelerden \u00fcretilmi\u015ftir.<\/li>\n<li><strong>Tasar\u0131m:<\/strong> Ters teleskopik silindir, piston kolunun silindir g\u00f6vdesinden a\u015fa\u011f\u0131 do\u011fru uzand\u0131\u011f\u0131 dikey bir konumda \u00e7al\u0131\u015facak \u015fekilde tasarlanm\u0131\u015ft\u0131r. Silindir, uzun bir strok olu\u015fturmak i\u00e7in birbirinin i\u00e7ine girip \u00e7\u0131kan bir dizi i\u00e7 i\u00e7e ge\u00e7mi\u015f borudan olu\u015fur. Piston en b\u00fcy\u00fck boruya ba\u011fl\u0131d\u0131r ve hidrolik s\u0131v\u0131 silindire pompaland\u0131k\u00e7a, borular y\u00fck\u00fc y\u00fckseltmek ve al\u00e7altmak i\u00e7in uzar ve geri \u00e7ekilir.<\/li>\n<li><strong>Uygulamalar:<\/strong> Ters teleskopik silindir, damperli kamyonlar ve r\u00f6morklar, tar\u0131m ekipmanlar\u0131 ve in\u015faat makineleri de dahil olmak \u00fczere \u00e7e\u015fitli uygulamalarda yayg\u0131n olarak kullan\u0131lmaktad\u0131r. Damperli kamyonlarda, bu tip silindir genellikle malzeme bo\u015faltmak i\u00e7in kasay\u0131 y\u00fckseltmek ve al\u00e7altmak i\u00e7in kullan\u0131l\u0131r. Tar\u0131m ekipmanlar\u0131nda, saman balyalar\u0131 gibi a\u011f\u0131r y\u00fckleri kald\u0131rmak ve ta\u015f\u0131mak i\u00e7in kullan\u0131labilir. \u0130n\u015faat makinelerinde ise genellikle kaz\u0131 ve hafriyat i\u015flerinde kullan\u0131l\u0131r.<\/li>\n<li><strong>Bak\u0131m:<\/strong> Optimum performans ve uzun \u00f6m\u00fcr sa\u011flamak i\u00e7in, ters teleskopik silindir d\u00fczenli bak\u0131m gerektirir. Bu, silindirin s\u0131z\u0131nt\u0131 ve hasar a\u00e7\u0131s\u0131ndan incelenmesini, a\u015f\u0131nm\u0131\u015f veya hasar g\u00f6rm\u00fc\u015f contalar\u0131n de\u011fi\u015ftirilmesini ve hareketli par\u00e7alar\u0131n ya\u011flanmas\u0131n\u0131 i\u00e7erir. Do\u011fru bak\u0131m, maliyetli onar\u0131mlar\u0131 ve ar\u0131za s\u00fcrelerini \u00f6nlemeye ve silindirin \u00f6mr\u00fcn\u00fc uzatmaya yard\u0131mc\u0131 olabilir.<\/li>\n<li><strong>\u00c7\u00f6z\u00fcm:<\/strong> Ters teleskopik silindir, \u00e7e\u015fitli end\u00fcstriyel uygulamalarda yayg\u0131n olarak kullan\u0131lan, son derece \u00e7ok y\u00f6nl\u00fc ve g\u00fcvenilir bir hidrolik silindirdir. Kompakt tasar\u0131m\u0131, uzun stroku ve y\u00fcksek kuvvet \u00e7\u0131k\u0131\u015f\u0131, damperli kamyonlar ve r\u00f6morklar gibi a\u011f\u0131r hizmet operasyonlar\u0131 i\u00e7in idealdir. Uygun bak\u0131m ile bu tip silindir, uzun y\u0131llar boyunca m\u00fckemmel performans ve uzun \u00f6m\u00fcr sa\u011flayabilir.<\/li>\n<\/ul>\n<h3>FMP Hakk\u0131nda<\/h3>\n<p>FMP, Hidrolik Silindir \u00fcretimi ve sat\u0131\u015f\u0131 konusunda uzmanla\u015fm\u0131\u015f bir \u015firkettir. Sekt\u00f6rdeki engin deneyimimiz ve profesyonel ekibimizle, m\u00fc\u015fterilerimize y\u00fcksek kaliteli ve g\u00fcvenilir hidrolik silindirler sunmaya kendimizi adad\u0131k.<\/p>\n<p><img decoding=\"async\" src=\"https:\/\/fmp-components.com\/wp-content\/uploads\/2024\/12\/Adjustable-Clevis-Type-Cylinders-6.webp\" alt=\"Ayarlanabilir \u00c7atal Tipi Silindir\" width=\"840\" title=\"\"><\/p>\n<p>1. Y\u00fcksek Kaliteli \u00dcr\u00fcnler: FMP olarak, uzun \u00f6m\u00fcrl\u00fc, birinci s\u0131n\u0131f hidrolik silindirler sunmaktan gurur duyuyoruz. \u00dcr\u00fcnlerimiz, dayan\u0131kl\u0131l\u0131k ve performanslar\u0131n\u0131 garanti alt\u0131na almak i\u00e7in s\u0131k\u0131 kalite kontrol s\u00fcre\u00e7lerinden ge\u00e7mektedir.<\/p>\n<p>2. Geni\u015f Se\u00e7enek Yelpazesi: M\u00fc\u015fterilerimizin \u00f6zel ihtiya\u00e7lar\u0131n\u0131 kar\u015f\u0131lamak i\u00e7in \u00e7e\u015fitli hidrolik silindirler sunuyoruz. \u0130ster ayarlanabilir \u00e7atal tipi silindirlere, ister ba\u011flant\u0131 \u00e7ubu\u011fu silindirlerine veya kaynakl\u0131 silindirlere ihtiyac\u0131n\u0131z olsun, ihtiyac\u0131n\u0131z olan her \u015fey bizde.<\/p>\n<p>3. S\u0131k\u0131 Kalite Standartlar\u0131: T\u00fcm hidrolik silindirlerimizin s\u0131k\u0131 kalite standartlar\u0131n\u0131 kar\u015f\u0131lamas\u0131n\u0131 garanti alt\u0131na almak i\u00e7in sayg\u0131n tedarik\u00e7ilerle uzun vadeli ve istikrarl\u0131 ortakl\u0131klar s\u00fcrd\u00fcr\u00fcyoruz. Her \u00fcr\u00fcn, m\u00fc\u015fterilerimize teslim edilmeden \u00f6nce kapsaml\u0131 bir denetimden ge\u00e7mektedir.<\/p>\n<p>4. Uzman Sat\u0131\u015f Ekibi: Deneyimli ve bilgili sat\u0131\u015f ekibimiz, sekt\u00f6rdeki en son trendler ve m\u00fc\u015fteri ihtiya\u00e7lar\u0131 konusunda uzmand\u0131r. M\u00fc\u015fteri memnuniyetini sa\u011flamak i\u00e7in profesyonel \u00fcr\u00fcn dan\u0131\u015fmanl\u0131\u011f\u0131 sunmaya ve ak\u0131ll\u0131 sat\u0131n alma \u00f6nerileri sunmaya her zaman haz\u0131rd\u0131rlar.<\/p>\n<p>5. Verimli Lojistik Sistemi: Zaman\u0131nda teslimat\u0131n \u00f6neminin fark\u0131nday\u0131z. Verimli lojistik da\u011f\u0131t\u0131m sistemimizle, m\u00fc\u015fterilerimizin ihtiya\u00e7 duyduklar\u0131 hidrolik silindirleri h\u0131zl\u0131 ve do\u011fru bir \u015fekilde teslim almalar\u0131n\u0131 sa\u011fl\u0131yoruz.<\/p>\n<p>Hidrolik silindir ihtiya\u00e7lar\u0131n\u0131z i\u00e7in FMP'yi se\u00e7in ve bizi rakiplerimizden ay\u0131ran kalite ve g\u00fcvenilirli\u011fi deneyimleyin. Verimli bir ortakl\u0131k ba\u015flatmak i\u00e7in bug\u00fcn bizimle ileti\u015fime ge\u00e7in.<\/p>\n<p>Yazar:CX<\/p>","protected":false},"excerpt":{"rendered":"<p>The Factory Serving Long Stroke Dump Trailer Hydraulic Cylinder for Dump Truck is an innovative, high-quality product designed to meet the needs of the modern dump truck industry. With its durable construction and versatile design, this hydraulic cylinder is the ideal solution for dump truck operators who demand the very best. Featuring a long stroke [&hellip;]<\/p>","protected":false},"featured_media":1678,"comment_status":"closed","ping_status":"closed","template":"","meta":{"_et_pb_use_builder":"","_et_pb_old_content":"","_et_gb_content_width":""},"product_brand":[],"product_cat":[45],"product_tag":[34,48],"class_list":{"0":"post-1677","1":"product","2":"type-product","3":"status-publish","4":"has-post-thumbnail","6":"product_cat-inverted-telescopic-cylinder","7":"product_tag-hydraulic-cylinder","8":"product_tag-inverted-telescopic-cylinder","10":"first","11":"instock","12":"product-type-simple"},"_links":{"self":[{"href":"https:\/\/fmp-components.com\/tr\/wp-json\/wp\/v2\/product\/1677","targetHints":{"allow":["GET"]}}],"collection":[{"href":"https:\/\/fmp-components.com\/tr\/wp-json\/wp\/v2\/product"}],"about":[{"href":"https:\/\/fmp-components.com\/tr\/wp-json\/wp\/v2\/types\/product"}],"replies":[{"embeddable":true,"href":"https:\/\/fmp-components.com\/tr\/wp-json\/wp\/v2\/comments?post=1677"}],"wp:featuredmedia":[{"embeddable":true,"href":"https:\/\/fmp-components.com\/tr\/wp-json\/wp\/v2\/media\/1678"}],"wp:attachment":[{"href":"https:\/\/fmp-components.com\/tr\/wp-json\/wp\/v2\/media?parent=1677"}],"wp:term":[{"taxonomy":"product_brand","embeddable":true,"href":"https:\/\/fmp-components.com\/tr\/wp-json\/wp\/v2\/product_brand?post=1677"},{"taxonomy":"product_cat","embeddable":true,"href":"https:\/\/fmp-components.com\/tr\/wp-json\/wp\/v2\/product_cat?post=1677"},{"taxonomy":"product_tag","embeddable":true,"href":"https:\/\/fmp-components.com\/tr\/wp-json\/wp\/v2\/product_tag?post=1677"}],"curies":[{"name":"wp","href":"https:\/\/api.w.org\/{rel}","templated":true}]}}