{"id":1671,"date":"2024-12-23T07:00:44","date_gmt":"2024-12-23T07:00:44","guid":{"rendered":"https:\/\/fmp-components.com\/product\/cost-effective-double-acting-hydraulic-cylinder-dump-truck-telescopic-hydraulic-cylinder\/"},"modified":"2025-03-11T05:47:09","modified_gmt":"2025-03-11T05:47:09","slug":"cost-effective-double-acting-hydraulic-cylinder-dump-truck-telescopic-hydraulic-cylinder","status":"publish","type":"product","link":"https:\/\/fmp-components.com\/tr\/product\/cost-effective-double-acting-hydraulic-cylinder-dump-truck-telescopic-hydraulic-cylinder\/","title":{"rendered":"Maliyet Etkin \u00c7ift Etkili Hidrolik Silindir Damperli Kamyon Teleskopik Hidrolik Silindir"},"content":{"rendered":"<h2>Damperli Kamyonlar \u0130\u00e7in Uygun Maliyetli \u00c7ift Etkili Hidrolik Silindiri Tan\u0131t\u0131yoruz<\/h2>\n<p>Uygun Maliyetli \u00c7ift Etkili Hidrolik Silindir, \u00f6zellikle damperli kamyonlar i\u00e7in tasarlanm\u0131\u015f y\u00fcksek kaliteli ve g\u00fcvenilir bir hidrolik bile\u015fendir. Bu yenilik\u00e7i \u00fcr\u00fcn, ola\u011fan\u00fcst\u00fc performans ve verimlilik sunarak \u00e7e\u015fitli end\u00fcstriyel uygulamalar i\u00e7in ideal bir se\u00e7im haline gelir.<\/p>\n<p>Geli\u015fmi\u015f teknolojisi ve sa\u011flam yap\u0131s\u0131yla, maliyet etkin \u00e7ift etkili hidrolik silindir, sorunsuz ve hassas \u00e7al\u0131\u015fma sa\u011flar. A\u011f\u0131r y\u00fcklere ve zorlu ko\u015fullara dayanacak \u015fekilde \u00fcretilmi\u015ftir, uzun \u00f6m\u00fcrl\u00fc dayan\u0131kl\u0131l\u0131k ve g\u00fcvenilirlik sunar.<\/p>\n<p>Bu hidrolik silindirin en \u00f6nemli \u00f6zelliklerinden biri \u00e7ift etkili tasar\u0131m\u0131d\u0131r. Bu, her iki y\u00f6nde de kuvvet \u00fcretebilece\u011fi ve verimli ve h\u0131zl\u0131 \u00e7al\u0131\u015fma sa\u011flayabilece\u011fi anlam\u0131na gelir. Uzatma veya geri \u00e7ekme olsun, bu hidrolik silindir tutarl\u0131 g\u00fc\u00e7 ve performans sunar.<\/p>\n<p>Maliyet Etkin \u00c7ift Etkili Hidrolik Silindir, ayarlanabilir strok uzunluklar\u0131 sa\u011flayan teleskopik bir tasar\u0131ma da sahiptir. Bu \u00f6zellik, damperli kamyon operat\u00f6rlerinin silindirin performans\u0131n\u0131 kendi \u00f6zel ihtiya\u00e7lar\u0131na g\u00f6re optimize etmelerini sa\u011flar. Bu da bo\u015faltma i\u015flemi \u00fczerinde daha iyi kontrol sa\u011flayarak verimlili\u011fi ve etkinli\u011fi art\u0131r\u0131r.<\/p>\n<p>Bu hidrolik silindirin bir di\u011fer avantaj\u0131 da maliyet etkinli\u011fidir. Kaliteden \u00f6d\u00fcn vermeden ola\u011fan\u00fcst\u00fc fiyat-performans oran\u0131 sunar. Dayan\u0131kl\u0131 malzemeler ve hassas m\u00fchendislik, minimum bak\u0131m gereksinimi sa\u011flayarak ar\u0131za s\u00fcrelerini ve genel i\u015fletme maliyetlerini azalt\u0131r.<\/p>\n<table style=\"width: 100%;\" border=\"1\" width=\"100%\" cellspacing=\"0\" cellpadding=\"0\">\n<tbody>\n<tr>\n<th>\u00dcr\u00fcn Ad\u0131<\/th>\n<td>Uygun Maliyetli \u00c7ift Etkili Hidrolik Silindir<\/td>\n<\/tr>\n<tr>\n<th>Durum<\/th>\n<td>Yeni<\/td>\n<\/tr>\n<tr>\n<th>Tasar\u0131m<\/th>\n<td>\u00c7ift Etkili ve Teleskopik \u00d6zelliklere Sahip<\/td>\n<\/tr>\n<tr>\n<th>Ba\u015fvuru<\/th>\n<td>Damperli Kamyonlar<\/td>\n<\/tr>\n<tr>\n<th>Performans<\/th>\n<td>G\u00fcvenilir ve Verimli<\/td>\n<\/tr>\n<tr>\n<th>\u00c7ok y\u00f6nl\u00fcl\u00fck<\/th>\n<td>\u00c7e\u015fitli uygulamalar i\u00e7in uygundur.<\/td>\n<\/tr>\n<tr>\n<th>Yat\u0131r\u0131m De\u011feri<\/th>\n<td>Damperli Kamyon Sahipleri \u0130\u00e7in Uygun Maliyetli<\/td>\n<\/tr>\n<tr>\n<th>\u00d6zellikler<\/th>\n<td>Geli\u015fmi\u015f Teknoloji ve Y\u00fcksek Performans<\/td>\n<\/tr>\n<\/tbody>\n<\/table>\n<h2>Hidrolik Silindirin \u00d6zellikleri<\/h2>\n<p>Bir\u00e7ok etkileyici \u00f6zelli\u011fe sahip olan bu hidrolik silindir, piyasada \u00f6ne \u00e7\u0131k\u0131yor. \u0130\u015fte ba\u015fl\u0131ca \u00f6zellikleri:<\/p>\n<ol>\n<li>Ana Bile\u015fenler: Rulman, Piston Silindiri; stabilite ve dayan\u0131kl\u0131l\u0131k sa\u011flar.<\/li>\n<li>3000'lik maksimum itme g\u00fcc\u00fc, y\u00fcksek kapasite ve verimlilik sa\u011flar.<\/li>\n<li>Sa\u011flaml\u0131k ve uzun \u00f6m\u00fcrl\u00fcl\u00fck sa\u011flayan a\u011f\u0131r hizmet tipi \u00e7elikten \u00fcretilmi\u015ftir.<\/li>\n<li>ISO9001:2000 sertifikas\u0131na uygundur ve kalite ile g\u00fcvenli\u011fi garanti eder.<\/li>\n<li>1 y\u0131ll\u0131k garantiyle birlikte gelir ve m\u00fc\u015fterilere g\u00f6n\u00fcl rahatl\u0131\u011f\u0131 sunar.<\/li>\n<\/ol>\n<p><img decoding=\"async\" src=\"https:\/\/hzpt.com\/wp-content\/uploads\/2023\/11\/Inverted-Telescopic-Cylinder-7.webp\" alt=\"\" title=\"\"><\/p>\n<h2>Hidrolik Silindirin Uygulamalar\u0131<\/h2>\n<p>Hidrolik silindir, bir\u00e7ok sekt\u00f6rde vazge\u00e7ilmez bir ekipmand\u0131r. \u0130\u015fte ba\u015fl\u0131ca kullan\u0131m alanlar\u0131ndan baz\u0131lar\u0131:<\/p>\n<ol>\n<li>\u00dcretim Tesisleri: A\u011f\u0131r hizmet tipi makinelerin \u00e7al\u0131\u015ft\u0131r\u0131lmas\u0131 ve \u00fcretim s\u00fcre\u00e7leri i\u00e7in.<\/li>\n<li>Makine Tamir At\u00f6lyeleri: Tamir ve bak\u0131m i\u015fleri i\u00e7in kullan\u0131\u015fl\u0131d\u0131r.<\/li>\n<li>\u00c7iftliklerde: Verimli tar\u0131m faaliyetleri i\u00e7in \u00e7e\u015fitli tar\u0131m ekipmanlar\u0131nda kullan\u0131l\u0131r.<\/li>\n<li>Enerji ve Madencilik: A\u011f\u0131r kald\u0131rma ve di\u011fer madencilik s\u00fcre\u00e7leri i\u00e7in vazge\u00e7ilmezdir.<\/li>\n<li>Makine Fabrikas\u0131: Makine par\u00e7alar\u0131n\u0131n \u00fcretimi ve montaj\u0131 i\u00e7in vazge\u00e7ilmezdir.<\/li>\n<\/ol>\n<p><img decoding=\"async\" src=\"https:\/\/hzpt.com\/wp-content\/uploads\/2023\/11\/Inverted-Telescopic-Cylinder-Applications.webp\" alt=\"Hidrolik Silindir Uygulamalar\u0131\" title=\"\"><\/p>\n<h2>Hidrolik Silindirin \u00c7al\u0131\u015fma Prensibi ve Bak\u0131m\u0131<\/h2>\n<p>Hidrolik silindir, basit ama etkili bir mekanizmaya dayanarak \u00e7al\u0131\u015f\u0131r. \u0130\u015fte \u00e7al\u0131\u015fma prensibi ve bak\u0131m\u0131:<\/p>\n<ol>\n<li style=\"list-style-type: none;\">\n<ol>\n<li>Yap\u0131land\u0131rma: Silindir, sorunsuz \u00e7al\u0131\u015fma i\u00e7in bir piston ve bir yatak i\u00e7erir.<\/li>\n<li>Hidrolik S\u0131v\u0131 Giri\u015fi: S\u0131v\u0131 silindire pompalan\u0131r ve bu da silindirin uzamas\u0131na veya daralmas\u0131na neden olur.<\/li>\n<li>\u00c7\u0131k\u0131\u015f Kuvveti: S\u0131v\u0131dan gelen bas\u0131n\u00e7, silindirin a\u011f\u0131r y\u00fckleri kald\u0131rmas\u0131n\u0131 sa\u011flayan bir kuvvet \u00fcretir.<\/li>\n<li>D\u00fczenli Kontrol: D\u00fczenli kontroller, bile\u015fenlerin do\u011fru \u015fekilde \u00e7al\u0131\u015ft\u0131\u011f\u0131ndan emin olunmas\u0131n\u0131 sa\u011flar.<\/li>\n<li>Temizlik ve Ya\u011flama: D\u00fczenli temizlik ve ya\u011flama, a\u015f\u0131nmay\u0131 ve y\u0131pranmay\u0131 \u00f6nleyerek silindirin \u00f6mr\u00fcn\u00fc uzat\u0131r.<\/li>\n<\/ol>\n<\/li>\n<\/ol>\n<p><img decoding=\"async\" src=\"https:\/\/hzpt.com\/wp-content\/uploads\/2023\/11\/Inverted-Telescopic-Cylinder-4.webp\" alt=\"\" title=\"\"><\/p>\n<h2>Ters Teleskopik Silindir<\/h2>\n<p>Uygun maliyetli \u00e7ift etkili hidrolik silindir, damperli kamyonun hidrolik sisteminin \u00f6nemli bir bile\u015fenidir. Ters teleskopik silindir olarak bilinen bu silindir t\u00fcr\u00fc, damperli kamyonun verimli \u00e7al\u0131\u015fmas\u0131 i\u00e7in gerekli kuvveti ve stabiliteyi sa\u011flamak \u00fczere \u00f6zel olarak tasarlanm\u0131\u015ft\u0131r. Bu makalede, ters teleskopik silindirin \u00f6zelliklerini ve faydalar\u0131n\u0131 ayr\u0131nt\u0131l\u0131 olarak inceleyerek, maliyet etkinli\u011fini ve \u00fcst\u00fcn performans\u0131n\u0131 vurgulayaca\u011f\u0131z.<\/p>\n<h3>1. Maliyet Etkinli\u011fi<\/h3>\n<p>Ters teleskopik silindir, damperli kamyon \u00fcreticileri ve operat\u00f6rleri i\u00e7in uygun maliyetli bir \u00e7\u00f6z\u00fcm sunmaktad\u0131r. Teleskopik tasar\u0131m\u0131 sayesinde, bu silindir geleneksel tek kademeli silindirlere k\u0131yasla daha k\u00fc\u00e7\u00fck bir alan kaplar. Bu, yaln\u0131zca \u00fcretim maliyetlerini d\u00fc\u015f\u00fcrmekle kalmaz, ayn\u0131 zamanda damperli kamyon \u015fasisinde yer ve a\u011f\u0131rl\u0131k a\u00e7\u0131s\u0131ndan da tasarruf sa\u011flar. Ek olarak, y\u00fcksek kaliteli malzemelerin kullan\u0131m\u0131 ve hassas m\u00fchendislik, bak\u0131m ve de\u011fi\u015ftirme giderlerini en aza indirerek dayan\u0131kl\u0131l\u0131k ve uzun vadeli maliyet tasarrufu sa\u011flar.<\/p>\n<h3>2. \u00c7ift Etkili \u0130\u015flevsellik<\/h3>\n<p>Ters teleskopik silindirin \u00e7ift etkili \u00e7al\u0131\u015fma \u00f6zelli\u011fi bir di\u011fer \u00f6nemli avantajd\u0131r. Sadece tek y\u00f6nde kuvvet uygulayan tek etkili silindirlerin aksine, \u00e7ift etkili silindirler hem uzatma hem de geri \u00e7ekme hareketlerinde kuvvet uygulayabilir. Bu, damperli kamyonun hidrolik sisteminin \u00e7al\u0131\u015fmas\u0131nda daha fazla kontrol ve verimlilik sa\u011flar. Bo\u015faltma ve geri \u00e7ekme hareketleri \u00fczerinde hassas kontrol sa\u011flayarak, \u00e7ift etkili ters teleskopik silindir, malzemelerin sorunsuz ve verimli bir \u015fekilde bo\u015falt\u0131lmas\u0131n\u0131 sa\u011flar, verimlili\u011fi art\u0131r\u0131r ve \u00e7evrim s\u00fcrelerini k\u0131salt\u0131r.<\/p>\n<h3>3. \u00dcst\u00fcn Hidrolik Performans<\/h3>\n<p>Ters teleskopik silindir, \u00fcst\u00fcn hidrolik performans sunmak ve a\u011f\u0131r y\u00fckleri kolayl\u0131kla kald\u0131rmak i\u00e7in gerekli g\u00fcc\u00fc sa\u011flamak \u00fczere tasarlanm\u0131\u015ft\u0131r. Geli\u015fmi\u015f tasar\u0131m\u0131, her kademenin bir \u00f6ncekinin i\u00e7ine yerle\u015ftirildi\u011fi \u00e7oklu kademeler i\u00e7erir. Bu d\u00fczenleme, kompakt bir boyutu korurken daha uzun bir strok uzunlu\u011fu sa\u011flar. Sonu\u00e7 olarak, silindir daha fazla g\u00fc\u00e7 \u00fcretebilir ve daha a\u011f\u0131r y\u00fckleri kald\u0131rabilir, bu da onu a\u011f\u0131r hizmet uygulamalar\u0131nda kullan\u0131lan damperli kamyonlar i\u00e7in ideal hale getirir.<\/p>\n<h3>4. Damperli Kamyon Uygulamas\u0131<\/h3>\n<p>Ters teleskopik silindir, \u00f6zellikle damperli kamyon uygulamalar\u0131 i\u00e7in tasarlanm\u0131\u015ft\u0131r ve hidrolik sistemin d\u00fczg\u00fcn \u00e7al\u0131\u015fmas\u0131nda hayati bir rol oynar. Ba\u015fl\u0131ca g\u00f6revi, damperli kasan\u0131n y\u00fckseltilip al\u00e7alt\u0131lmas\u0131n\u0131 sa\u011flayarak malzemelerin verimli bir \u015fekilde bo\u015falt\u0131lmas\u0131na olanak tan\u0131makt\u0131r. Silindirin sa\u011flam yap\u0131s\u0131 ve y\u00fcksek bas\u0131n\u00e7 kapasitesi, in\u015faat, madencilik ve at\u0131k y\u00f6netimi sekt\u00f6rlerinde kar\u015f\u0131la\u015f\u0131lan zorlu ko\u015fullara dayanmas\u0131n\u0131 sa\u011flar.<\/p>\n<h3>5. Teleskopik Hidrolik Silindir<\/h3>\n<p>Teleskopik hidrolik silindir, teleskop gibi katlan\u0131p uzayan \u00e7ok kademeli veya b\u00f6l\u00fcml\u00fc bir hidrolik silindiri ifade eder. Ters teleskopik silindir de bu kategoriye girer ve daha \u00f6nce bahsedilen avantajlar\u0131 sunar. Bu tip silindir, alan s\u0131n\u0131rlamalar\u0131ndan \u00f6d\u00fcn vermeden uzun strok uzunlu\u011funun gerekli oldu\u011fu \u00e7e\u015fitli uygulamalarda yayg\u0131n olarak kullan\u0131l\u0131r. Teleskopik tasar\u0131m\u0131, kompakt boyutunu korurken daha uzun bir eri\u015fim sa\u011flar, bu da onu son derece \u00e7ok y\u00f6nl\u00fc ve verimli k\u0131lar.<\/p>\n<p>Sonu\u00e7 olarak, Ters Teleskopik Silindir, damperli kamyon uygulamalar\u0131 i\u00e7in \u00fcst\u00fcn performans sunan, uygun maliyetli, \u00e7ift etkili bir hidrolik silindirdir. Kompakt boyutu, hassas kontrol\u00fc ve a\u011f\u0131r y\u00fckleri ta\u015f\u0131ma yetene\u011fi, onu \u00e7e\u015fitli sekt\u00f6rlerdeki damperli kamyonlar\u0131n verimli \u00e7al\u0131\u015fmas\u0131nda de\u011ferli bir bile\u015fen haline getirmektedir. Bu yenilik\u00e7i silindir tasar\u0131m\u0131n\u0131 se\u00e7erek, damperli kamyon \u00fcreticileri ve operat\u00f6rleri artan verimlilikten, azalan maliyetlerden ve genel performans\u0131n artmas\u0131ndan faydalanabilirler.<\/p>\n<h3>FMP Hakk\u0131nda<\/h3>\n<p>FMP, Hidrolik Silindir \u00fcretimi ve sat\u0131\u015f\u0131nda uzmanla\u015fm\u0131\u015f lider bir firmad\u0131r. Sekt\u00f6rdeki uzun y\u0131llara dayanan deneyimimiz ve profesyonel ekibimizle, m\u00fc\u015fterilerimize y\u00fcksek kaliteli ve g\u00fcvenilir hidrolik silindirler ve eksiksiz makine \u00e7\u00f6z\u00fcmleri sunmaya kendimizi adad\u0131k.<\/p>\n<p><img decoding=\"async\" src=\"https:\/\/fmp-components.com\/wp-content\/uploads\/2024\/12\/Adjustable-Clevis-Type-Cylinders-6.webp\" alt=\"Ayarlanabilir \u00c7atal Tipi Silindir\" width=\"837\" title=\"\"><\/p>\n<p>\u00dcr\u00fcnlerimizin ve \u015firketimizin be\u015f temel avantaj\u0131 \u015funlard\u0131r:<\/p>\n<ol>\n<li>Geni\u015f Se\u00e7enek Yelpazesi: \u0130n\u015faat makineleri sekt\u00f6r\u00fcndeki \u00e7e\u015fitli uygulamalara uygun kapsaml\u0131 bir hidrolik silindir yelpazesi sunuyoruz. Ayarlanabilir \u00e7atal tipi silindirlerden di\u011fer \u00f6zel tiplere kadar, \u00f6zel ihtiya\u00e7lar\u0131n\u0131z\u0131 kar\u015f\u0131layacak m\u00fckemmel \u00e7\u00f6z\u00fcmlere sahibiz.<\/li>\n<li>\u00dcst\u00fcn Kalite: FMP olarak kaliteye \u00f6ncelik veriyor ve t\u00fcm hidrolik silindirlerimizin s\u0131k\u0131 kalite standartlar\u0131n\u0131 kar\u015f\u0131lamas\u0131n\u0131 sa\u011fl\u0131yoruz. \u00dcr\u00fcnlerimiz birinci s\u0131n\u0131f malzemeler kullan\u0131larak \u00fcretilmekte ve dayan\u0131kl\u0131l\u0131k ve performanslar\u0131n\u0131 garanti alt\u0131na almak i\u00e7in titiz testlerden ge\u00e7mektedir.<\/li>\n<li>Uzman Sat\u0131\u015f Ekibi: Deneyimli sat\u0131\u015f ekibimiz, in\u015faat makineleri sekt\u00f6r\u00fcnde derinlemesine bilgi sahibi olup, en son trendleri takip etmekte ve m\u00fc\u015fteri ihtiya\u00e7lar\u0131n\u0131 anlamaktad\u0131r. Profesyonel \u00fcr\u00fcn dan\u0131\u015fmanl\u0131\u011f\u0131 sunmaya ve bilin\u00e7li kararlar alman\u0131za yard\u0131mc\u0131 olacak ak\u0131ll\u0131 sat\u0131n alma \u00f6nerileri sunmaya haz\u0131rd\u0131rlar.<\/li>\n<li>Verimli Lojistik: Zaman\u0131nda teslimat\u0131n \u00f6neminin fark\u0131nday\u0131z ve bu nedenle verimli bir lojistik da\u011f\u0131t\u0131m sistemi olu\u015fturduk. Bu sistem, m\u00fc\u015fterilerin ihtiya\u00e7 duyduklar\u0131 hidrolik silindirleri h\u0131zl\u0131 ve do\u011fru bir \u015fekilde teslim almas\u0131n\u0131 sa\u011flayarak olas\u0131 gecikmeleri veya aksakl\u0131klar\u0131 en aza indiriyor.<\/li>\n<li>G\u00fc\u00e7l\u00fc Tedarik\u00e7i \u0130li\u015fkileri: Yurt i\u00e7i ve yurt d\u0131\u015f\u0131nda, y\u00fcksek kaliteli tedarik\u00e7ilerle kurdu\u011fumuz uzun vadeli ve istikrarl\u0131 i\u015f birli\u011fi ili\u015fkileri sayesinde, hidrolik silindirlerimiz i\u00e7in en iyi bile\u015fenleri ve malzemeleri tedarik edebiliyoruz. Bu sayede, \u00fcr\u00fcn yelpazemiz genelinde tutarl\u0131 kalite ve performans sa\u011flayabiliyoruz.<\/li>\n<\/ol>\n<p>Hidrolik silindir ihtiya\u00e7lar\u0131n\u0131z i\u00e7in FMP'yi se\u00e7in ve sundu\u011fumuz g\u00fcvenilirlik ve m\u00fckemmelli\u011fi deneyimleyin. \u0130htiya\u00e7lar\u0131n\u0131z\u0131 g\u00f6r\u00fc\u015fmek ve ba\u015far\u0131l\u0131 bir ortakl\u0131k ba\u015flatmak i\u00e7in bug\u00fcn bizimle ileti\u015fime ge\u00e7in.<\/p>\n<p>Yazar:CX<\/p>","protected":false},"excerpt":{"rendered":"<p>Damperli Kamyonlar \u0130\u00e7in Uygun Maliyetli \u00c7ift Etkili Hidrolik Silindir Tan\u0131t\u0131m\u0131 Uygun Maliyetli \u00c7ift Etkili Hidrolik Silindir, damperli kamyonlar i\u00e7in \u00f6zel olarak tasarlanm\u0131\u015f y\u00fcksek kaliteli ve g\u00fcvenilir bir hidrolik bile\u015fendir. Bu yenilik\u00e7i \u00fcr\u00fcn, ola\u011fan\u00fcst\u00fc performans ve verimlilik sunarak \u00e7e\u015fitli end\u00fcstriyel uygulamalar i\u00e7in ideal bir se\u00e7im haline gelir. Geli\u015fmi\u015f teknolojisi ve sa\u011flam yap\u0131s\u0131yla [\u2026]<\/p>","protected":false},"featured_media":1672,"comment_status":"closed","ping_status":"closed","template":"","meta":{"_et_pb_use_builder":"","_et_pb_old_content":"","_et_gb_content_width":""},"product_brand":[],"product_cat":[45],"product_tag":[34,48],"class_list":{"0":"post-1671","1":"product","2":"type-product","3":"status-publish","4":"has-post-thumbnail","6":"product_cat-inverted-telescopic-cylinder","7":"product_tag-hydraulic-cylinder","8":"product_tag-inverted-telescopic-cylinder","10":"first","11":"instock","12":"product-type-simple"},"_links":{"self":[{"href":"https:\/\/fmp-components.com\/tr\/wp-json\/wp\/v2\/product\/1671","targetHints":{"allow":["GET"]}}],"collection":[{"href":"https:\/\/fmp-components.com\/tr\/wp-json\/wp\/v2\/product"}],"about":[{"href":"https:\/\/fmp-components.com\/tr\/wp-json\/wp\/v2\/types\/product"}],"replies":[{"embeddable":true,"href":"https:\/\/fmp-components.com\/tr\/wp-json\/wp\/v2\/comments?post=1671"}],"wp:featuredmedia":[{"embeddable":true,"href":"https:\/\/fmp-components.com\/tr\/wp-json\/wp\/v2\/media\/1672"}],"wp:attachment":[{"href":"https:\/\/fmp-components.com\/tr\/wp-json\/wp\/v2\/media?parent=1671"}],"wp:term":[{"taxonomy":"product_brand","embeddable":true,"href":"https:\/\/fmp-components.com\/tr\/wp-json\/wp\/v2\/product_brand?post=1671"},{"taxonomy":"product_cat","embeddable":true,"href":"https:\/\/fmp-components.com\/tr\/wp-json\/wp\/v2\/product_cat?post=1671"},{"taxonomy":"product_tag","embeddable":true,"href":"https:\/\/fmp-components.com\/tr\/wp-json\/wp\/v2\/product_tag?post=1671"}],"curies":[{"name":"wp","href":"https:\/\/api.w.org\/{rel}","templated":true}]}}