{"id":1665,"date":"2024-12-23T07:00:44","date_gmt":"2024-12-23T07:00:44","guid":{"rendered":"https:\/\/fmp-components.com\/product\/excellent-quality-10-ton-hydraulic-cylinder-telescopic-hydraulic-cylinder-for-dump-truck\/"},"modified":"2025-03-11T05:48:02","modified_gmt":"2025-03-11T05:48:02","slug":"excellent-quality-10-ton-hydraulic-cylinder-telescopic-hydraulic-cylinder-for-dump-truck","status":"publish","type":"product","link":"https:\/\/fmp-components.com\/tr\/product\/excellent-quality-10-ton-hydraulic-cylinder-telescopic-hydraulic-cylinder-for-dump-truck\/","title":{"rendered":"Damperli Kamyon i\u00e7in M\u00fckemmel Kalite 10 Tonluk Hidrolik Silindir Teleskopik Hidrolik Silindir"},"content":{"rendered":"<h2>Damperli Kamyonlar i\u00e7in M\u00fckemmel Kalitede 10 Tonluk Teleskopik Hidrolik Silindiri Tan\u0131t\u0131yoruz<\/h2>\n<p>Damperli Kamyonlar i\u00e7in M\u00fckemmel Kalitede 10 Tonluk Teleskopik Hidrolik Silindir, \u00f6zellikle damperli kamyonlar i\u00e7in tasarlanm\u0131\u015f, y\u00fcksek performansl\u0131 ve dayan\u0131kl\u0131 bir hidrolik silindirdir. Geli\u015fmi\u015f teleskopik tasar\u0131m\u0131yla bu hidrolik silindir, a\u011f\u0131r y\u00fcklerin sorunsuz ve verimli bir \u015fekilde kald\u0131r\u0131lmas\u0131n\u0131 ve bo\u015falt\u0131lmas\u0131n\u0131 sa\u011flar.<\/p>\n<p>Bu hidrolik silindir, m\u00fckemmel kalite ve g\u00fcvenilirlik sa\u011flayan hassasiyet ve ayr\u0131nt\u0131lara dikkat edilerek \u00fcretilmi\u015ftir. A\u011f\u0131r y\u00fcklere ve zorlu \u00e7al\u0131\u015fma ko\u015fullar\u0131na dayan\u0131kl\u0131 y\u00fcksek kaliteli malzemeler kullan\u0131larak \u00fcretilmi\u015ftir ve bu da onu \u00e7e\u015fitli damperli kamyon uygulamalar\u0131nda kullan\u0131m i\u00e7in ideal hale getirir.<\/p>\n<p>Bu hidrolik silindirin teleskopik tasar\u0131m\u0131, daha geni\u015f eri\u015fim ve art\u0131r\u0131lm\u0131\u015f kald\u0131rma kapasitesi avantaj\u0131 sa\u011flar. Uzat\u0131labilen veya geri \u00e7ekilebilen birden fazla a\u015famadan olu\u015fur ve bu da farkl\u0131 y\u00fckleme ve bo\u015faltma senaryolar\u0131nda daha fazla esneklik ve uyum sa\u011flar.<\/p>\n<p>Geli\u015fmi\u015f hidrolik teknolojisiyle donat\u0131lan bu silindir, \u00e7al\u0131\u015fma s\u0131ras\u0131nda m\u00fckemmel kontrol ve denge sa\u011flar. Hassas ve tutarl\u0131 performans sa\u011flayan g\u00fcvenilir bir hidrolik sisteme sahip olan bu silindir, damperli kamyonun verimli ve g\u00fcvenli bir \u015fekilde \u00e7al\u0131\u015fmas\u0131n\u0131 sa\u011flar.<\/p>\n<p>Damperli Kamyonlar i\u00e7in M\u00fckemmel Kalite 10 Tonluk Teleskopik Hidrolik Silindir, yaln\u0131zca ola\u011fan\u00fcst\u00fc performans i\u00e7in de\u011fil, ayn\u0131 zamanda kolay kurulum ve bak\u0131m i\u00e7in de tasarlanm\u0131\u015ft\u0131r. Kurulum s\u00fcrecini basitle\u015ftiren, zamandan ve emekten tasarruf sa\u011flayan kullan\u0131c\u0131 dostu \u00f6zelliklerle tasarlanm\u0131\u015ft\u0131r. Ayr\u0131ca, bu hidrolik silindir minimum bak\u0131m gerektirir, bu da ar\u0131za s\u00fcresini azalt\u0131r ve \u00fcretkenli\u011fi en \u00fcst d\u00fczeye \u00e7\u0131kar\u0131r.<\/p>\n<table style=\"width: 100%;\" border=\"1\" width=\"100%\" cellspacing=\"0\" cellpadding=\"0\">\n<tbody>\n<tr>\n<th>\u00dcr\u00fcn Ad\u0131<\/th>\n<td>Damperli Kamyon i\u00e7in M\u00fckemmel Kalite 10 Tonluk Hidrolik Silindir Teleskopik Hidrolik Silindir<\/td>\n<\/tr>\n<tr>\n<th>Durum<\/th>\n<td>Yeni<\/td>\n<\/tr>\n<tr>\n<th>Garanti<\/th>\n<td>1 Y\u0131l<\/td>\n<\/tr>\n<tr>\n<th>A\u011f\u0131rl\u0131k (KG)<\/th>\n<td>48<\/td>\n<\/tr>\n<tr>\n<th>Maksimum \u0130tki<\/th>\n<td>3000<\/td>\n<\/tr>\n<tr>\n<th>G\u00f6vde Malzemesi<\/th>\n<td>Sa\u011flam \u00c7elik<\/td>\n<\/tr>\n<tr>\n<th>Tasar\u0131m<\/th>\n<td>Piston Silindir Yap\u0131l\u0131 Teleskopik<\/td>\n<\/tr>\n<tr>\n<th>G\u00fc\u00e7 Kayna\u011f\u0131<\/th>\n<td>Hidrolik<\/td>\n<\/tr>\n<tr>\n<th>Sertifikasyon<\/th>\n<td>ISO9001:2000<\/td>\n<\/tr>\n<tr>\n<th>Performans<\/th>\n<td>\u00dcst\u00fcn Performans ve G\u00fcvenilirlik<\/td>\n<\/tr>\n<tr>\n<th>Uygulanabilir End\u00fcstriler<\/th>\n<td>\u00dcretim Tesisleri, Makine Tamir At\u00f6lyeleri, \u00c7iftlikler, Enerji ve Madencilik, Makine \u00dcretimi<\/td>\n<\/tr>\n<\/tbody>\n<\/table>\n<h2>10 Tonluk Hidrolik Silindir Teleskopik Hidrolik Silindirin \u00d6zellikleri<\/h2>\n<p><img decoding=\"async\" src=\"https:\/\/hzpt.com\/wp-content\/uploads\/2023\/11\/Inverted-Telescopic-Cylinder-8.webp\" alt=\"\" title=\"\"><\/p>\n<p>Hidrolik silindir, onu kendi kategorisinde \u00f6ne \u00e7\u0131karan \u00f6zelliklerle doludur. \u0130\u015fte dikkat \u00e7eken birka\u00e7 \u00f6zellik:<\/p>\n<ol>\n<li>Standart Piston Silindir Yap\u0131s\u0131: Verimli \u00e7al\u0131\u015fma ve dayan\u0131kl\u0131l\u0131k sa\u011flar.<\/li>\n<li>Hidrolik G\u00fc\u00e7 Kayna\u011f\u0131: A\u011f\u0131r y\u00fcklerin kald\u0131r\u0131lmas\u0131nda g\u00fc\u00e7l\u00fc bir kuvvet sa\u011flar.<\/li>\n<li>\u00c7elik G\u00f6vde Malzemesi: Uzun \u00f6m\u00fcrl\u00fcl\u00fc\u011f\u00fc ve a\u015f\u0131nmaya kar\u015f\u0131 direnci garanti eder.<\/li>\n<li>3000 Maksimum \u0130tki: A\u011f\u0131r hizmet uygulamalar\u0131nda optimum performans sa\u011flar.<\/li>\n<li>Bir Y\u0131l Garanti: Her sat\u0131n al\u0131mda g\u00f6n\u00fcl rahatl\u0131\u011f\u0131 sa\u011flar.<\/li>\n<\/ol>\n<h2>10 Tonluk Hidrolik Silindir Teleskopik Hidrolik Silindirin Uygulamalar\u0131<\/h2>\n<p>Bu hidrolik silindirin \u00e7ok y\u00f6nl\u00fcl\u00fc\u011f\u00fc, \u00e7e\u015fitli uygulamalarda kullan\u0131lmas\u0131n\u0131 sa\u011flar. \u0130\u015fte bunlardan baz\u0131lar\u0131:<\/p>\n<ol>\n<li>Damperli Kamyonlar: A\u011f\u0131r y\u00fckleri kald\u0131rmak i\u00e7in idealdir.<\/li>\n<li>\u00dcretim Tesisi: A\u011f\u0131r makine ve ekipmanlar i\u00e7in kullan\u0131\u015fl\u0131d\u0131r.<\/li>\n<li>Makine Tamir At\u00f6lyeleri: A\u011f\u0131r onar\u0131m ve bak\u0131m i\u00e7in m\u00fckemmeldir.<\/li>\n<li>\u00c7iftlikler: A\u011f\u0131r tar\u0131m ekipmanlar\u0131n\u0131n ve makinelerinin kald\u0131r\u0131lmas\u0131na yard\u0131mc\u0131 olur.<\/li>\n<li>Enerji ve Madencilik: Zorlu madencilik faaliyetlerine uygundur.<\/li>\n<\/ol>\n<p><img decoding=\"async\" src=\"https:\/\/hzpt.com\/wp-content\/uploads\/2023\/11\/Inverted-Telescopic-Cylinder-Applications.webp\" alt=\"Ters Teleskopik Silindir Uygulamalar\u0131\" title=\"\"><\/p>\n<h2>10 Tonluk Hidrolik Silindir Teleskopik Hidrolik Silindirin \u00c7al\u0131\u015fma Prensibi ve Bak\u0131m\u0131<\/h2>\n<p>Hidrolik silindir basit bir prensiple \u00e7al\u0131\u015f\u0131r: Hidrolik s\u0131v\u0131, pistonu iten ve y\u00fck\u00fc hareket ettiren bir kuvvet \u00fcreten silindire pompalan\u0131r. Bu \u00fcr\u00fcn\u00fcn bak\u0131m\u0131, kullan\u0131m k\u0131lavuzuna g\u00f6re d\u00fczenli kontroller, temizlik, ya\u011flama ve conta de\u011fi\u015fimini i\u00e7erir. D\u00fczenli kontroller ve onar\u0131mlar, silindirin uzun \u00f6m\u00fcrl\u00fc olmas\u0131n\u0131 ve optimum performans g\u00f6stermesini sa\u011flar.<\/p>\n<p><img decoding=\"async\" src=\"https:\/\/hzpt.com\/wp-content\/uploads\/2023\/11\/Inverted-Telescopic-Cylinder-2.webp\" alt=\"\" title=\"\"><\/p>\n<h2>Ters Teleskopik Silindir<\/h2>\n<p>Ters teleskopik silindir olarak da bilinen ters teleskopik silindir, damperli kamyonlarda ve di\u011fer a\u011f\u0131r hizmet tipi ekipmanlarda yayg\u0131n olarak kullan\u0131lan bir hidrolik silindir t\u00fcr\u00fcd\u00fcr. \u00d6zellikle y\u00fcksek kald\u0131rma kapasitesi ve dayan\u0131kl\u0131l\u0131k gerektiren uygulamalarda m\u00fckemmel kalite ve g\u00fcvenilir performans sa\u011flamak \u00fczere tasarlanm\u0131\u015ft\u0131r.<\/p>\n<p>\u0130\u015fte Damperli Kamyon i\u00e7in M\u00fckemmel Kalite 10 Tonluk Hidrolik Silindir Teleskopik Hidrolik Silindirinin baz\u0131 temel \u00f6zellikleri ve avantajlar\u0131:<\/p>\n<ol>\n<li><strong>Teleskopik Tasar\u0131m:<\/strong> Ters teleskopik silindir, daha geni\u015f bir hareket aral\u0131\u011f\u0131 ve esneklik sa\u011flayan, a\u00e7\u0131l\u0131p kapanabilen birden fazla kademe veya b\u00f6l\u00fcmden olu\u015fur. Bu tasar\u0131m, silindirin kompakt boyutunu korurken daha uzun bir strok elde etmesini sa\u011flar.<\/li>\n<li><strong>Y\u00fcksek Kald\u0131rma Kapasitesi:<\/strong> Sa\u011flam yap\u0131s\u0131 ve geli\u015fmi\u015f m\u00fchendisli\u011fiyle bu hidrolik silindir, 10 ton kald\u0131rma kapasitesine sahiptir ve bu \u00f6zelli\u011fiyle damperli kamyonlarda a\u011f\u0131r y\u00fckleri ta\u015f\u0131mak i\u00e7in idealdir. G\u00fcvenilir ve verimli kald\u0131rma performans\u0131 sunarak, malzemelerin sorunsuz ve kontroll\u00fc bir \u015fekilde bo\u015falt\u0131lmas\u0131n\u0131 sa\u011flar.<\/li>\n<li><strong>Geli\u015fmi\u015f Stabilite:<\/strong> Ters teleskopik silindir, kald\u0131rma ve bo\u015faltma i\u015flemleri s\u0131ras\u0131nda m\u00fckemmel denge sa\u011flamak \u00fczere tasarlanm\u0131\u015ft\u0131r. Sa\u011flam bir piston kolu ve silindir g\u00f6vdesinin yan\u0131 s\u0131ra, s\u0131z\u0131nt\u0131y\u0131 \u00f6nlemek ve silindir boyunca sabit bas\u0131n\u00e7 sa\u011flamak i\u00e7in y\u00fcksek kaliteli contalara sahiptir.<\/li>\n<li><strong>Uzun Hizmet \u00d6mr\u00fc:<\/strong> Dayan\u0131kl\u0131 malzemeler ve hassas \u00fcretim teknikleriyle \u00fcretilen bu hidrolik silindir, ola\u011fan\u00fcst\u00fc uzun \u00f6m\u00fcr ve g\u00fcvenilirlik sunar. A\u011f\u0131r y\u00fckler, y\u00fcksek bas\u0131n\u00e7lar ve s\u0131k kullan\u0131m gibi zorlu \u00e7al\u0131\u015fma ko\u015fullar\u0131na, performans\u0131ndan veya yap\u0131sal b\u00fct\u00fcnl\u00fc\u011f\u00fcnden \u00f6d\u00fcn vermeden dayanabilir.<\/li>\n<li><strong>Kolay Bak\u0131m:<\/strong> Damperli Kamyonlar i\u00e7in M\u00fckemmel Kalite 10 Tonluk Teleskopik Hidrolik Silindir, bak\u0131m\u0131 kolay olacak \u015fekilde tasarlanm\u0131\u015ft\u0131r. Eri\u015filebilir bile\u015fenleri ve basit servis prosed\u00fcrleri sayesinde, gerekti\u011finde h\u0131zl\u0131 inceleme, onar\u0131m ve de\u011fi\u015ftirme olana\u011f\u0131 sunar.<\/li>\n<\/ol>\n<p>Sonu\u00e7 olarak, ters teleskopik silindir, damperli kamyonlarda g\u00fcvenilir kald\u0131rma ve bo\u015faltma kabiliyetleri sa\u011flayan \u00f6nemli bir bile\u015fendir. Teleskopik tasar\u0131m\u0131, y\u00fcksek kald\u0131rma kapasitesi, stabilitesi, dayan\u0131kl\u0131l\u0131\u011f\u0131 ve bak\u0131m kolayl\u0131\u011f\u0131yla \u00e7e\u015fitli a\u011f\u0131r hizmet uygulamalar\u0131 i\u00e7in m\u00fckemmel kalite ve performans sunar. Ekipmanlar\u0131n\u0131z\u0131n verimli ve g\u00fcvenilir \u00e7al\u0131\u015fmas\u0131n\u0131 sa\u011flamak i\u00e7in Damperli Kamyon i\u00e7in M\u00fckemmel Kalite 10 Tonluk Teleskopik Hidrolik Silindir'e yat\u0131r\u0131m yap\u0131n.<\/p>\n<h3>FMP Hakk\u0131nda<\/h3>\n<p>FMP, in\u015faat makineleri par\u00e7alar\u0131 ve komple makinelerin sat\u0131\u015f ve servisinde uzmanla\u015fm\u0131\u015f, \u0130talya'n\u0131n lider bir \u015firketidir. Sekt\u00f6rdeki uzun y\u0131llara dayanan deneyimimiz ve profesyonel ekibimizle m\u00fc\u015fterilerimize y\u00fcksek kaliteli ve g\u00fcvenilir \u00e7\u00f6z\u00fcmler sunuyoruz.<\/p>\n<h3>Hidrolik Silindir<\/h3>\n<p>Ba\u015fl\u0131ca \u00fcr\u00fcnlerimizden biri Hidrolik Silindir'dir. Silindirlerimiz y\u00fcksek kaliteli malzemelerden \u00fcretilmi\u015f olup, a\u015f\u0131r\u0131 bas\u0131n\u00e7 ve a\u011f\u0131r y\u00fcklere dayanacak \u015fekilde tasarlanm\u0131\u015ft\u0131r. FMP Hidrolik Silindir'i se\u00e7meniz i\u00e7in be\u015f neden:<\/p>\n<ol>\n<li><strong>Y\u00fcksek Kaliteli Malzemeler:<\/strong> Hidrolik silindirlerimiz, dayan\u0131kl\u0131l\u0131k ve uzun s\u00fcreli performans sa\u011flayan y\u00fcksek kaliteli malzemelerden \u00fcretilmi\u015ftir. Silindirlerimizin en zorlu ko\u015fullara dayanabilmesini sa\u011flamak i\u00e7in yaln\u0131zca en iyi malzemeleri kullan\u0131yoruz.<\/li>\n<li><strong>\u00d6zelle\u015ftirilebilir:<\/strong> \u00d6zel ihtiya\u00e7lar\u0131n\u0131z\u0131 kar\u015f\u0131layacak \u015fekilde \u00f6zelle\u015ftirilebilen geni\u015f bir hidrolik silindir yelpazesi sunuyoruz. Silindirlerimiz farkl\u0131 boyut, \u015fekil ve tasar\u0131mlarda mevcuttur ve uygulaman\u0131z i\u00e7in m\u00fckemmel olan\u0131 se\u00e7menize yard\u0131mc\u0131 olabiliriz.<\/li>\n<li><strong>G\u00fcvenilirlik:<\/strong> Hidrolik silindirlerimiz, en zorlu ko\u015fullarda bile g\u00fcvenilir performans sa\u011flayacak \u015fekilde tasarlanm\u0131\u015ft\u0131r. G\u00fcvenilirli\u011fin \u00f6neminin fark\u0131nday\u0131z ve silindirlerimizin bu g\u00f6reve uygun olmas\u0131n\u0131 sa\u011flamak i\u00e7in gerekli t\u00fcm \u00f6nlemleri al\u0131yoruz.<\/li>\n<li><strong>Uzman Dan\u0131\u015fmanl\u0131\u011f\u0131:<\/strong> Sat\u0131\u015f ekibimiz, in\u015faat makineleri sekt\u00f6r\u00fcnde uzman ki\u015filerden olu\u015fmaktad\u0131r. En son trendleri yak\u0131ndan takip ederek, sizin i\u00e7in hangi hidrolik silindirin do\u011fru oldu\u011funa dair profesyonel tavsiyelerde bulunabilirler.<\/li>\n<li><strong>Verimli Lojistik:<\/strong> Hidrolik silindirinizi zaman\u0131nda ve do\u011fru bir \u015fekilde teslim alman\u0131z\u0131 sa\u011flayan verimli bir lojistik da\u011f\u0131t\u0131m sistemimiz var. Zaman\u0131nda teslimat\u0131n \u00f6neminin fark\u0131nday\u0131z ve sipari\u015finizin zaman\u0131nda teslim edilmesini sa\u011flamak i\u00e7in gerekli t\u00fcm \u00f6nlemleri al\u0131yoruz.<\/li>\n<\/ol>\n<p>G\u00fcvenilir ve y\u00fcksek kaliteli bir hidrolik silindir ar\u0131yorsan\u0131z, FMP'den ba\u015fkas\u0131na bakmay\u0131n. \u0130htiya\u00e7lar\u0131n\u0131za m\u00fckemmel \u00e7\u00f6z\u00fcm\u00fc sunacak deneyim ve uzmanl\u0131\u011fa sahibiz.<\/p>\n<p><img decoding=\"async\" src=\"https:\/\/fmp-components.com\/wp-content\/uploads\/2024\/12\/Adjustable-Clevis-Type-Cylinders-6.webp\" alt=\"Ayarlanabilir \u00c7atal Tipi Silindir\" width=\"834\" title=\"\"><br \/>\nYazar:CX<\/p>","protected":false},"excerpt":{"rendered":"<p>Introducing the Excellent Quality 10 Ton Hydraulic Cylinder Telescopic Hydraulic Cylinder for Dump Truck The Excellent Quality 10 Ton Hydraulic Cylinder Telescopic Hydraulic Cylinder for Dump Truck is a high-performance and durable hydraulic cylinder designed specifically for dump trucks. With its advanced telescopic design, this hydraulic cylinder allows for smooth and efficient lifting and dumping [&hellip;]<\/p>","protected":false},"featured_media":1666,"comment_status":"closed","ping_status":"closed","template":"","meta":{"_et_pb_use_builder":"","_et_pb_old_content":"","_et_gb_content_width":""},"product_brand":[],"product_cat":[45],"product_tag":[34,48],"class_list":{"0":"post-1665","1":"product","2":"type-product","3":"status-publish","4":"has-post-thumbnail","6":"product_cat-inverted-telescopic-cylinder","7":"product_tag-hydraulic-cylinder","8":"product_tag-inverted-telescopic-cylinder","10":"first","11":"instock","12":"product-type-simple"},"_links":{"self":[{"href":"https:\/\/fmp-components.com\/tr\/wp-json\/wp\/v2\/product\/1665","targetHints":{"allow":["GET"]}}],"collection":[{"href":"https:\/\/fmp-components.com\/tr\/wp-json\/wp\/v2\/product"}],"about":[{"href":"https:\/\/fmp-components.com\/tr\/wp-json\/wp\/v2\/types\/product"}],"replies":[{"embeddable":true,"href":"https:\/\/fmp-components.com\/tr\/wp-json\/wp\/v2\/comments?post=1665"}],"wp:featuredmedia":[{"embeddable":true,"href":"https:\/\/fmp-components.com\/tr\/wp-json\/wp\/v2\/media\/1666"}],"wp:attachment":[{"href":"https:\/\/fmp-components.com\/tr\/wp-json\/wp\/v2\/media?parent=1665"}],"wp:term":[{"taxonomy":"product_brand","embeddable":true,"href":"https:\/\/fmp-components.com\/tr\/wp-json\/wp\/v2\/product_brand?post=1665"},{"taxonomy":"product_cat","embeddable":true,"href":"https:\/\/fmp-components.com\/tr\/wp-json\/wp\/v2\/product_cat?post=1665"},{"taxonomy":"product_tag","embeddable":true,"href":"https:\/\/fmp-components.com\/tr\/wp-json\/wp\/v2\/product_tag?post=1665"}],"curies":[{"name":"wp","href":"https:\/\/api.w.org\/{rel}","templated":true}]}}