{"id":1663,"date":"2024-12-23T07:00:44","date_gmt":"2024-12-23T07:00:44","guid":{"rendered":"https:\/\/fmp-components.com\/product\/hot-sale-hydraulic-telescopic-cylinder-dump-trailer-hydraulic-cylinder\/"},"modified":"2025-03-11T06:07:26","modified_gmt":"2025-03-11T06:07:26","slug":"hot-sale-hydraulic-telescopic-cylinder-dump-trailer-hydraulic-cylinder","status":"publish","type":"product","link":"https:\/\/fmp-components.com\/tr\/product\/hot-sale-hydraulic-telescopic-cylinder-dump-trailer-hydraulic-cylinder\/","title":{"rendered":"S\u0131cak Sat\u0131\u015f Hidrolik Teleskopik Silindir Damperli R\u00f6mork Hidrolik Silindir"},"content":{"rendered":"<p>S\u0131cak Sat\u0131\u015f Hidrolik Teleskopik Silindir Damperli R\u00f6mork Hidrolik Silindiri, damperli r\u00f6morklar i\u00e7in tasarlanm\u0131\u015f y\u00fcksek kaliteli bir hidrolik silindirdir. Y\u00fcksek mukavemetli malzemelerden \u00fcretilmi\u015ftir ve a\u011f\u0131r y\u00fcklere ve zorlu \u00e7al\u0131\u015fma ko\u015fullar\u0131na dayan\u0131kl\u0131d\u0131r. Bu hidrolik silindir, g\u00fcvenilir performans ve uzun hizmet \u00f6mr\u00fc sa\u011flayan ileri teknoloji ile tasarlanm\u0131\u015ft\u0131r.<\/p>\n<p>S\u0131cak Sat\u0131\u015f Hidrolik Teleskopik Silindir Damperli R\u00f6mork Hidrolik Silindiri, daha uzun strok ve daha k\u0131sa geri \u00e7ekilme uzunlu\u011fu sa\u011flayan teleskopik bir tasar\u0131ma sahiptir ve bu da onu s\u0131n\u0131rl\u0131 alana sahip damperli r\u00f6morklar i\u00e7in ideal bir se\u00e7im haline getirir. Ayr\u0131ca, ya\u011f s\u0131z\u0131nt\u0131lar\u0131n\u0131 \u00f6nleyen ve sorunsuz \u00e7al\u0131\u015fma sa\u011flayan y\u00fcksek bas\u0131n\u00e7 contas\u0131yla donat\u0131lm\u0131\u015ft\u0131r.<\/p>\n<p>Bu hidrolik silindirin montaj\u0131 ve bak\u0131m\u0131 kolayd\u0131r ve bu da onu ekipmanlar\u0131n\u0131n performans\u0131n\u0131 art\u0131rmak isteyen damperli r\u00f6mork sahipleri i\u00e7in uygun maliyetli bir \u00e7\u00f6z\u00fcm haline getirir. Farkl\u0131 ihtiya\u00e7lar\u0131 kar\u015f\u0131lamak i\u00e7in \u00e7e\u015fitli boyutlarda mevcuttur ve \u00f6zel ihtiya\u00e7lara uyacak \u015fekilde \u00f6zelle\u015ftirilebilir.<\/p>\n<p>Genel olarak, S\u0131cak Sat\u0131\u015f Hidrolik Teleskopik Silindirli Damperli R\u00f6mork Hidrolik Silindiri, damperli r\u00f6morklar\u0131n performans\u0131n\u0131 art\u0131rmaya yard\u0131mc\u0131 olabilecek g\u00fcvenilir ve verimli bir hidrolik silindirdir. Damperli r\u00f6mork operasyonlar\u0131n\u0131n i\u015flevselli\u011fini ve verimlili\u011fini art\u0131rmak isteyen herkes i\u00e7in harika bir yat\u0131r\u0131md\u0131r.<\/p>\n<div>\n<h2>En \u00dcst D\u00fczey Hidrolik Teleskopik Silindir Damperli R\u00f6mork Hidrolik Silindiri<\/h2>\n<table style=\"width: 100%;\" border=\"1\" width=\"100%\" cellspacing=\"0\" cellpadding=\"0\">\n<tbody>\n<tr>\n<th>\u00dcr\u00fcn Ad\u0131<\/th>\n<td>Hidrolik Teleskopik Silindir Damperli R\u00f6mork Hidrolik Silindir<\/td>\n<\/tr>\n<tr>\n<th>Durum<\/th>\n<td>Yeni<\/td>\n<\/tr>\n<tr>\n<th>Malzeme<\/th>\n<td>Sa\u011flam \u00c7elik<\/td>\n<\/tr>\n<tr>\n<th>Maksimum \u0130tki<\/th>\n<td>3000<\/td>\n<\/tr>\n<tr>\n<th>Maksimum \u00c7ekme<\/th>\n<td>20 ton<\/td>\n<\/tr>\n<tr>\n<th>Sertifikasyon<\/th>\n<td>ISO9001:2000<\/td>\n<\/tr>\n<tr>\n<th>Delik Boyutu<\/th>\n<td>2-6 in\u00e7<\/td>\n<\/tr>\n<tr>\n<th>\u00c7ubuk Boyutu<\/th>\n<td>1,125-4 in\u00e7<\/td>\n<\/tr>\n<tr>\n<th>Vuru\u015f Boyutu<\/th>\n<td>6-48 in\u00e7<\/td>\n<\/tr>\n<tr>\n<th>Pin Boyutu<\/th>\n<td>0,5-2 in\u00e7<\/td>\n<\/tr>\n<tr>\n<th>Renk<\/th>\n<td>\u015e\u0131k Siyah<\/td>\n<\/tr>\n<tr>\n<th>Uygulanabilir End\u00fcstriler<\/th>\n<td>\u00dcretim Tesisleri, Makine Tamir At\u00f6lyeleri, \u00c7iftlikler, Enerji ve Madencilik, Makine Fabrikalar\u0131<\/td>\n<\/tr>\n<\/tbody>\n<\/table>\n<h2>Hidrolik Teleskopik Silindirimizin Temel \u00d6zellikleri<\/h2>\n<ul>\n<li>\u00c7ok say\u0131da end\u00fcstride uygulama olana\u011f\u0131 ile son derece \u00e7ok y\u00f6nl\u00fc<\/li>\n<li>3000 tonluk maksimum itme ve 20 tonluk maksimum \u00e7ekme ile ola\u011fan\u00fcst\u00fc y\u00fck ta\u015f\u0131ma kapasitesi<\/li>\n<li>Optimum performans i\u00e7in standart yap\u0131 ve hidrolik g\u00fc\u00e7<\/li>\n<li>Dayan\u0131kl\u0131l\u0131k ve uzun \u00f6m\u00fcr i\u00e7in sa\u011flam \u00e7elikten \u00fcretilmi\u015ftir<\/li>\n<li>ISO9001:2000 sertifikal\u0131, uluslararas\u0131 standartlara uygun kalite ve uyumlulu\u011fu garanti alt\u0131na alan<\/li>\n<\/ul>\n<p><img decoding=\"async\" src=\"https:\/\/hzpt.com\/wp-content\/uploads\/2023\/11\/Inverted-Telescopic-Cylinder-15.webp\" alt=\"\" title=\"\"><\/p>\n<h2>Hidrolik Teleskopik Silindir Damperli Treyler Hidrolik Silindirinin Uygulamalar\u0131<\/h2>\n<ul>\n<li>Makine \u00fcretimi ve montaj\u0131 i\u00e7in \u00fcretim tesisleri<\/li>\n<li>Ekipman bak\u0131m\u0131 ve revizyonu i\u00e7in makine tamir at\u00f6lyeleri<\/li>\n<li>A\u011f\u0131r hizmet tipi tar\u0131m makineleri i\u00e7in \u00e7iftlikler<\/li>\n<li>Enerji ve Madencilik end\u00fcstrilerinde kaz\u0131 ve sondaj ekipmanlar\u0131<\/li>\n<li>Y\u00fcksek kaliteli end\u00fcstriyel ekipmanlar\u0131n \u00fcretimi i\u00e7in makine fabrikalar\u0131<\/li>\n<\/ul>\n<p><img decoding=\"async\" src=\"https:\/\/hzpt.com\/wp-content\/uploads\/2023\/11\/Inverted-Telescopic-Cylinder-Applications.webp\" alt=\"Ters Teleskopik Silindir Uygulamalar\u0131\" title=\"\"><\/p>\n<h2>\u00c7al\u0131\u015fma Prensibi ve Bak\u0131m<\/h2>\n<p>Hidrolik Teleskopik Silindir, basit bir s\u0131v\u0131 s\u0131k\u0131\u015ft\u0131rma prensibine dayanarak \u00e7al\u0131\u015f\u0131r. Hidrolik s\u0131v\u0131 bir port arac\u0131l\u0131\u011f\u0131yla silindire girdi\u011finde, piston \u00e7ubu\u011funu uzatan ve \u00e7\u0131k\u0131\u015f kuvveti \u00fcreten bir bas\u0131n\u00e7 olu\u015fur. Bu g\u00fc\u00e7l\u00fc kuvvet, a\u011f\u0131r y\u00fckleri kald\u0131rmaktan karma\u015f\u0131k makineleri \u00e7al\u0131\u015ft\u0131rmaya kadar \u00e7e\u015fitli uygulamalar i\u00e7in kullan\u0131labilir.<\/p>\n<p>Optimum performans ve uzun \u00f6m\u00fcr i\u00e7in d\u00fczenli bak\u0131m \u00e7ok \u00f6nemlidir. Bu, a\u015f\u0131nma veya hasar belirtilerini tespit etmek i\u00e7in d\u00fczenli kontrolleri, toz ve kal\u0131nt\u0131lar\u0131 gidermek i\u00e7in temizli\u011fi, s\u00fcrt\u00fcnmeyi azaltmak ve a\u015f\u0131nmay\u0131 \u00f6nlemek i\u00e7in ya\u011flamay\u0131 ve d\u00fczenli conta de\u011fi\u015fimini i\u00e7erir. \u00d6zel bak\u0131m talimatlar\u0131 i\u00e7in daima kullan\u0131m k\u0131lavuzuna bak\u0131n.<\/p>\n<p><img decoding=\"async\" src=\"https:\/\/hzpt.com\/wp-content\/uploads\/2023\/11\/Inverted-Telescopic-Cylinder-3.webp\" alt=\"\" title=\"\"><\/p>\n<\/div>\n<h2>Ters Teleskopik Silindir<\/h2>\n<p>Ters teleskopik silindir, ayn\u0131 zamanda hidrolik teleskopik silindir olarak da bilinir ve \u00e7e\u015fitli end\u00fcstrilerde yayg\u0131n olarak kullan\u0131lan bir hidrolik akt\u00fcat\u00f6r t\u00fcr\u00fcd\u00fcr. Do\u011frusal hareket sa\u011flamak i\u00e7in uzay\u0131p k\u0131salan bir dizi i\u00e7 i\u00e7e ge\u00e7mi\u015f silindirik b\u00f6l\u00fcmden olu\u015fur. Bu silindirler, kompakt ve verimli bir hidrolik sisteme ihtiya\u00e7 duyulan uygulamalarda yayg\u0131n olarak kullan\u0131l\u0131r.<\/p>\n<p>Ters teleskopik silindirlerin kullan\u0131m\u0131n\u0131n birka\u00e7 temel \u00f6zelli\u011fi ve avantaj\u0131 vard\u0131r:<\/p>\n<ol>\n<li style=\"list-style-type: none;\">\n<ol>\n<li>Verimli Tasar\u0131m: \u0130\u00e7 i\u00e7e ge\u00e7mi\u015f silindir tasar\u0131m\u0131, di\u011fer hidrolik silindir t\u00fcrlerine k\u0131yasla daha k\u00fc\u00e7\u00fck bir katlanm\u0131\u015f uzunluk sa\u011flar. Bu kompakt tasar\u0131m, \u00f6zellikle alan k\u0131s\u0131tlamas\u0131 olan uygulamalarda faydal\u0131d\u0131r.<\/li>\n<\/ol>\n<\/li>\n<\/ol>\n<p>S\u0131cak Sat\u0131\u015f Hidrolik Teleskopik Silindir<\/p>\n<ol>\n<li style=\"list-style-type: none;\">\n<ol>\n<li>\u00dcst\u00fcn Dayan\u0131kl\u0131l\u0131k: Ters teleskopik silindirler, a\u011f\u0131r y\u00fcklere ve y\u00fcksek bas\u0131n\u00e7lara dayanacak \u015fekilde tasarlanm\u0131\u015ft\u0131r. Y\u00fcksek kaliteli malzemelerin ve hassas \u00fcretim tekniklerinin kullan\u0131m\u0131, dayan\u0131kl\u0131l\u0131klar\u0131n\u0131 ve g\u00fcvenilirliklerini garanti eder.<\/li>\n<li>Geli\u015fmi\u015f Stabilite: Silindirin i\u00e7 i\u00e7e ge\u00e7mi\u015f b\u00f6l\u00fcmleri, \u00e7al\u0131\u015fma s\u0131ras\u0131nda daha fazla stabilite sa\u011flar. Bu \u00f6zellik, hassas ve kontroll\u00fc hareketler gerektiren uygulamalar i\u00e7in \u00e7ok \u00f6nemlidir.<\/li>\n<li>Sorunsuz \u00c7al\u0131\u015fma: Ters teleskopik silindirler, uzama ve geri \u00e7ekilme i\u00e7in hidrolik s\u0131v\u0131 kullan\u0131r ve bu da sorunsuz ve tutarl\u0131 bir hareket sa\u011flar. Bu, hassas konumland\u0131rma sa\u011flar ve sistemdeki a\u015f\u0131nma ve y\u0131pranmay\u0131 azalt\u0131r.<\/li>\n<li>De\u011fi\u015fken Strok Uzunlu\u011fu: Bu silindirler, strok uzunlu\u011funu belirli uygulama gereksinimlerine g\u00f6re ayarlama esnekli\u011fi sunar. Bu ayarlanabilirlik, \u00f6zelle\u015ftirilmi\u015f \u00e7\u00f6z\u00fcmler ve geli\u015fmi\u015f verimlilik sa\u011flar.<\/li>\n<li>\u00c7e\u015fitli Uygulamalar: Ters teleskopik silindirler, in\u015faat, tar\u0131m, malzeme ta\u015f\u0131ma ve ta\u015f\u0131mac\u0131l\u0131k gibi \u00e7e\u015fitli sekt\u00f6rlerde uygulama alan\u0131 bulur. Genellikle damperli r\u00f6morklarda, hidrolik preslerde ve kald\u0131rma ekipmanlar\u0131nda kullan\u0131l\u0131rlar.<\/li>\n<\/ol>\n<\/li>\n<\/ol>\n<p>Damperli R\u00f6mork Hidrolik Silindiri<\/p>\n<ol>\n<li>Kolay Bak\u0131m: Ters teleskopik silindirlerin tasar\u0131m\u0131, bak\u0131m prosed\u00fcrlerini basitle\u015ftirir. \u0130\u00e7 i\u00e7e ge\u00e7mi\u015f b\u00f6l\u00fcmler, bile\u015fenlerin incelenmesi, onar\u0131m\u0131 veya de\u011fi\u015ftirilmesi i\u00e7in kolayca s\u00f6k\u00fclebilir ve bu da ar\u0131za s\u00fcresini azalt\u0131r.<\/li>\n<\/ol>\n<p>Genel olarak, ters teleskopik silindir, \u00e7e\u015fitli uygulamalarda say\u0131s\u0131z avantaj sunan \u00e7ok y\u00f6nl\u00fc ve verimli bir hidrolik akt\u00fcat\u00f6rd\u00fcr. Kompakt tasar\u0131m\u0131, \u00fcst\u00fcn mukavemeti ve sorunsuz \u00e7al\u0131\u015fmas\u0131, hassas do\u011frusal hareketin gerekli oldu\u011fu end\u00fcstrilerde pop\u00fcler bir tercih olmas\u0131n\u0131 sa\u011flar. \u0130ster damperli r\u00f6mork hidrolik silindiri ister ba\u015fka bir uygulama olsun, bu silindirler g\u00fcvenilir performans sa\u011flar ve hidrolik sistemlerin genel verimlili\u011fine katk\u0131da bulunur.<\/p>\n<h3>FMP Hakk\u0131nda \u2013 Hidrolik Silindirlerin Profesyonel \u00dcreticisi ve Sat\u0131c\u0131s\u0131<\/h3>\n<p>\u0130n\u015faat makineleriniz i\u00e7in g\u00fcvenilir ve y\u00fcksek kaliteli bir hidrolik silindir mi ar\u0131yorsunuz? FMP'den ba\u015fkas\u0131na bakmay\u0131n! Profesyonel bir in\u015faat makinesi par\u00e7alar\u0131 ve komple makine \u00fcreticisi ve sat\u0131c\u0131s\u0131 olarak, \u00e7e\u015fitli uygulamalar\u0131n ihtiya\u00e7lar\u0131n\u0131 kar\u015f\u0131lamak \u00fczere tasarlanm\u0131\u015f geni\u015f bir hidrolik silindir yelpazesi sunuyoruz.<\/p>\n<p>FMP'nin hidrolik silindirlerini tercih etmeniz i\u00e7in baz\u0131 nedenler \u015funlard\u0131r:<\/p>\n<p>1. Y\u00fcksek Kaliteli Malzemeler \u2013 Hidrolik silindirlerimiz, dayan\u0131kl\u0131l\u0131k, g\u00fcvenilirlik ve uzun hizmet \u00f6mr\u00fc sa\u011flamak i\u00e7in en kaliteli malzemelerden \u00fcretilmi\u015ftir. Malzemelerimizi yurt i\u00e7i ve yurt d\u0131\u015f\u0131ndaki y\u00fcksek kaliteli tedarik\u00e7ilerden temin ediyor ve s\u0131k\u0131 kalite kontrol standartlar\u0131na tabi tutuyoruz.<\/p>\n<p>2. \u00d6zelle\u015ftirilebilir Tasar\u0131mlar \u2013 Geni\u015f bir hidrolik silindir tasar\u0131m\u0131 yelpazesi sunuyor ve tasar\u0131mlar\u0131 m\u00fc\u015fteri ihtiya\u00e7 ve \u00f6zelliklerine g\u00f6re \u00f6zelle\u015ftirebiliyoruz. \u0130ster standart bir silindire ister \u00f6zel bir \u00e7\u00f6z\u00fcme ihtiyac\u0131n\u0131z olsun, do\u011fru \u00fcr\u00fcn\u00fc bulman\u0131za yard\u0131mc\u0131 olabiliriz.<\/p>\n<p>3. Geni\u015f Uygulama Yelpazesi \u2013 Hidrolik silindirlerimiz, tar\u0131m makineleri, end\u00fcstriyel ekipmanlar ve daha fazlas\u0131 dahil olmak \u00fczere \u00e7e\u015fitli in\u015faat makineleri i\u00e7in uygundur. Ekim silindirlerinden ekskavat\u00f6r silindirlerine kadar ihtiya\u00e7lar\u0131n\u0131za uygun do\u011fru \u00fcr\u00fcne sahibiz.<\/p>\n<p>4. Profesyonel Dan\u0131\u015fmanl\u0131k \u2013 Deneyimli sat\u0131\u015f ekibimiz, profesyonel \u00fcr\u00fcn dan\u0131\u015fmanl\u0131\u011f\u0131 ve ak\u0131ll\u0131 sat\u0131n alma \u00f6nerileri sunmak i\u00e7in her zaman hizmetinizdedir. M\u00fc\u015fterilerimize en iyi hizmeti sunabilmek i\u00e7in in\u015faat makineleri sekt\u00f6r\u00fcndeki en son trendleri ve m\u00fc\u015fteri ihtiya\u00e7lar\u0131n\u0131 yak\u0131ndan takip ediyoruz.<\/p>\n<p>5. Verimli Lojistik \u2013 M\u00fc\u015fterilerimizin ihtiya\u00e7 duyduklar\u0131 par\u00e7alar\u0131 zaman\u0131nda ve do\u011fru bir \u015fekilde almas\u0131n\u0131 sa\u011flamak i\u00e7in verimli bir lojistik da\u011f\u0131t\u0131m sistemimiz var. Ar\u0131za s\u00fcresini en aza indirmenin ve makinelerinizin sorunsuz \u00e7al\u0131\u015fmas\u0131n\u0131 sa\u011flaman\u0131n \u00f6nemini anl\u0131yoruz.<\/p>\n<p>FMP hidrolik silindirleriyle, in\u015faat makinelerinizin kalitesine ve g\u00fcvenilirli\u011fine g\u00fcvenebilirsiniz. \u00dcr\u00fcnlerimiz hakk\u0131nda daha fazla bilgi edinmek ve ihtiya\u00e7lar\u0131n\u0131za uygun \u00e7\u00f6z\u00fcm\u00fc bulman\u0131za nas\u0131l yard\u0131mc\u0131 olabilece\u011fimizi \u00f6\u011frenmek i\u00e7in bug\u00fcn bizimle ileti\u015fime ge\u00e7in.<\/p>\n<p><img decoding=\"async\" src=\"https:\/\/fmp-components.com\/wp-content\/uploads\/2024\/12\/Adjustable-Clevis-Type-Cylinders-6.webp\" alt=\"Ayarlanabilir \u00c7atal Tipi Silindir\" width=\"833\" title=\"\"><br \/>\nYazar:CX<\/p>","protected":false},"excerpt":{"rendered":"<p>Hot Sale Hydraulic Telescopic Cylinder Dump Trailer Hydraulic Cylinder is a high-quality hydraulic cylinder designed for dump trailers. It is made of high-strength materials and is capable of withstanding heavy loads and harsh working conditions. This hydraulic cylinder is engineered with advanced technology, ensuring a reliable performance and long service life. The Hot Sale Hydraulic [&hellip;]<\/p>","protected":false},"featured_media":1664,"comment_status":"closed","ping_status":"closed","template":"","meta":{"_et_pb_use_builder":"","_et_pb_old_content":"","_et_gb_content_width":""},"product_brand":[],"product_cat":[45],"product_tag":[34,48],"class_list":{"0":"post-1663","1":"product","2":"type-product","3":"status-publish","4":"has-post-thumbnail","6":"product_cat-inverted-telescopic-cylinder","7":"product_tag-hydraulic-cylinder","8":"product_tag-inverted-telescopic-cylinder","10":"first","11":"instock","12":"product-type-simple"},"_links":{"self":[{"href":"https:\/\/fmp-components.com\/tr\/wp-json\/wp\/v2\/product\/1663","targetHints":{"allow":["GET"]}}],"collection":[{"href":"https:\/\/fmp-components.com\/tr\/wp-json\/wp\/v2\/product"}],"about":[{"href":"https:\/\/fmp-components.com\/tr\/wp-json\/wp\/v2\/types\/product"}],"replies":[{"embeddable":true,"href":"https:\/\/fmp-components.com\/tr\/wp-json\/wp\/v2\/comments?post=1663"}],"wp:featuredmedia":[{"embeddable":true,"href":"https:\/\/fmp-components.com\/tr\/wp-json\/wp\/v2\/media\/1664"}],"wp:attachment":[{"href":"https:\/\/fmp-components.com\/tr\/wp-json\/wp\/v2\/media?parent=1663"}],"wp:term":[{"taxonomy":"product_brand","embeddable":true,"href":"https:\/\/fmp-components.com\/tr\/wp-json\/wp\/v2\/product_brand?post=1663"},{"taxonomy":"product_cat","embeddable":true,"href":"https:\/\/fmp-components.com\/tr\/wp-json\/wp\/v2\/product_cat?post=1663"},{"taxonomy":"product_tag","embeddable":true,"href":"https:\/\/fmp-components.com\/tr\/wp-json\/wp\/v2\/product_tag?post=1663"}],"curies":[{"name":"wp","href":"https:\/\/api.w.org\/{rel}","templated":true}]}}