{"id":1661,"date":"2024-12-23T07:00:44","date_gmt":"2024-12-23T07:00:44","guid":{"rendered":"https:\/\/fmp-components.com\/product\/factory-customized-5-ton-dump-truck-4-stage-hydraulic-ram-cylinder\/"},"modified":"2025-03-11T05:49:55","modified_gmt":"2025-03-11T05:49:55","slug":"factory-customized-5-ton-dump-truck-4-stage-hydraulic-ram-cylinder","status":"publish","type":"product","link":"https:\/\/fmp-components.com\/tr\/product\/factory-customized-5-ton-dump-truck-4-stage-hydraulic-ram-cylinder\/","title":{"rendered":"Fabrika \u00d6zelle\u015ftirilmi\u015f 5 Tonluk Damperli Kamyon 4 Kademeli Hidrolik Ram Silindiri"},"content":{"rendered":"<p>Fabrika \u00d6zel \u00dcretim 5 Tonluk Damperli Kamyon 4 Kademeli Hidrolik Silindir, damperli kamyon uygulamalar\u0131 i\u00e7in tasarlanm\u0131\u015f y\u00fcksek kaliteli bir hidrolik silindirdir. A\u011f\u0131r y\u00fcklere ve zorlu \u00e7al\u0131\u015fma ko\u015fullar\u0131na dayanabilen \u00e7ok y\u00f6nl\u00fc ve g\u00fcvenilir bir \u00fcr\u00fcnd\u00fcr.<\/p>\n<p>Bu hidrolik silindir, ola\u011fan\u00fcst\u00fc performans ve dayan\u0131kl\u0131l\u0131k sa\u011flayacak \u015fekilde tasarlanm\u0131\u015ft\u0131r. 4 kademeli tasar\u0131m\u0131yla, m\u00fckemmel hassasiyet ve kontrolle y\u00fcksek seviyede kald\u0131rma kuvveti sa\u011flayabilir. Ayr\u0131ca, korozyon ve a\u015f\u0131nmaya kar\u015f\u0131 koruyan sa\u011flam d\u0131\u015f kaplamas\u0131yla, a\u011f\u0131r hizmet tipi \u00e7al\u0131\u015fmalar\u0131n zorlu ko\u015fullar\u0131na dayanacak \u015fekilde \u00fcretilmi\u015ftir.<\/p>\n<p>Bu hidrolik silindir, damperli kamyonlar\u0131n \u00f6zel ihtiya\u00e7lar\u0131n\u0131 kar\u015f\u0131layacak \u015fekilde \u00f6zelle\u015ftirilmi\u015ftir ve bu da onu in\u015faat, madencilik veya ula\u015ft\u0131rma sekt\u00f6rlerindeki herkes i\u00e7in m\u00fckemmel bir se\u00e7im haline getirir. Kurulumu ve bak\u0131m\u0131 kolayd\u0131r ve uzun \u00f6m\u00fcrl\u00fc performans sa\u011flayacak \u015fekilde tasarlanm\u0131\u015ft\u0131r.<\/p>\n<table style=\"width: 100%;\" border=\"1\" width=\"100%\" cellspacing=\"0\" cellpadding=\"0\">\n<tbody>\n<tr>\n<th>\u00dcr\u00fcn Ad\u0131<\/th>\n<td>Fabrika \u00d6zelle\u015ftirilmi\u015f 5 Tonluk Damperli Kamyon 4 Kademeli Hidrolik Ram Silindiri<\/td>\n<\/tr>\n<tr>\n<th>Durum<\/th>\n<td>Yeni<\/td>\n<\/tr>\n<tr>\n<th>Garanti<\/th>\n<td>1 Y\u0131l<\/td>\n<\/tr>\n<tr>\n<th>A\u011f\u0131rl\u0131k (KG)<\/th>\n<td>56<\/td>\n<\/tr>\n<tr>\n<th>Tasar\u0131m<\/th>\n<td>4 Kademeli Hidrolik Ko\u00e7 Silindiri<\/td>\n<\/tr>\n<tr>\n<th>Performans<\/th>\n<td>A\u011f\u0131r Y\u00fckleri ve Zorlu \u00c7al\u0131\u015fma Ko\u015fullar\u0131n\u0131 Kar\u015f\u0131lar<\/td>\n<\/tr>\n<tr>\n<th>Denetleme<\/th>\n<td>Kapsaml\u0131 \u00c7\u0131k\u0131\u015f Muayene ve Makine Test Raporu<\/td>\n<\/tr>\n<tr>\n<th>Uygulanabilir End\u00fcstriler<\/th>\n<td>\u00dcretim Tesisleri, Makine Tamir At\u00f6lyeleri, \u00c7iftlikler, Enerji ve Madencilik, Makine \u00dcretimi, Makine Fabrikalar\u0131<\/td>\n<\/tr>\n<\/tbody>\n<\/table>\n<p><img decoding=\"async\" src=\"https:\/\/hzpt.com\/wp-content\/uploads\/2023\/11\/Inverted-Telescopic-Cylinder-2.webp\" alt=\"\" title=\"\"><\/p>\n<h2>Hidrolik Ko\u00e7 Silindirinin Temel \u00d6zellikleri<\/h2>\n<ol>\n<li><strong>Standart ve Sa\u011flam Yap\u0131:<\/strong> Hidrolik ko\u00e7 silindiri, standart ve sa\u011flam bir piston silindir yap\u0131s\u0131na sahiptir ve bu da onu son derece verimli ve dayan\u0131kl\u0131 k\u0131lar.<\/li>\n<li><strong>Y\u00fcksek G\u00fc\u00e7 ve Kapasite:<\/strong> Hidrolik g\u00fc\u00e7le \u00e7al\u0131\u015fan, maksimum 3000 itme ve 20 ton \u00e7ekme kapasitesine sahip olan bu makine, a\u011f\u0131r i\u015fler i\u00e7in idealdir.<\/li>\n<li><strong>Kaliteli Malzemeler:<\/strong> Hidrolik ko\u00e7 silindirinin g\u00f6vdesi \u00e7elikten imal edilmi\u015f olup, sa\u011flaml\u0131\u011f\u0131 ve uzun \u00f6m\u00fcrl\u00fcl\u00fc\u011f\u00fc garanti alt\u0131na al\u0131nm\u0131\u015ft\u0131r.<\/li>\n<li><strong>Temel Bile\u015fenler:<\/strong> Yataklar ve piston silindirleri gibi y\u00fcksek kaliteli \u00e7ekirdek bile\u015fenlerle donat\u0131lm\u0131\u015ft\u0131r.<\/li>\n<li><strong>Sertifikasyon:<\/strong> Bu hidrolik ko\u00e7 silindiri, \u00fcst\u00fcn kalitesini ve uluslararas\u0131 standartlara uygunlu\u011funu g\u00f6steren ISO9001:2000 sertifikal\u0131d\u0131r.<\/li>\n<\/ol>\n<h2>Hidrolik Ko\u00e7 Silindirinin Uygulamalar\u0131<\/h2>\n<ol>\n<li style=\"list-style-type: none;\">\n<ol>\n<li><strong>\u00dcretim Tesisleri:<\/strong> Hidrolik ko\u00e7 silindiri, imalat tesislerinde \u00e7e\u015fitli a\u011f\u0131r hizmet uygulamalar\u0131 i\u00e7in kullan\u0131labilir.<\/li>\n<li><strong>Makine Tamir At\u00f6lyeleri:<\/strong> Ayr\u0131ca makine tamir at\u00f6lyelerinde a\u011f\u0131r makinelerin tamir ve bak\u0131m\u0131 i\u00e7in de kullan\u0131labilir.<\/li>\n<li><strong>\u00c7iftlikler:<\/strong> Hidrolik ko\u00e7 silindiri, \u00e7e\u015fitli tar\u0131msal i\u015flerde yard\u0131mc\u0131 olabilece\u011fi \u00e7iftliklerde kullan\u0131m i\u00e7in idealdir.<\/li>\n<li><strong>Enerji ve Madencilik:<\/strong> Sa\u011flam yap\u0131s\u0131 ve y\u00fcksek g\u00fcc\u00fc sayesinde enerji ve madencilik sekt\u00f6r\u00fcnde kullan\u0131ma uygundur.<\/li>\n<li><strong>Makine \u0130malat\u0131:<\/strong> Hidrolik ko\u00e7 silindiri, makine imalat\u0131nda \u00e7e\u015fitli a\u011f\u0131r hizmet tipi makinelerin \u00fcretiminde kullan\u0131labilir.<\/li>\n<\/ol>\n<\/li>\n<\/ol>\n<p><img decoding=\"async\" src=\"https:\/\/hzpt.com\/wp-content\/uploads\/2023\/11\/Inverted-Telescopic-Cylinder-Applications.webp\" alt=\"Hidrolik Ko\u00e7 Silindiri Uygulamalar\u0131\" title=\"\"><\/p>\n<h2>Hidrolik Ram Silindirinin \u00c7al\u0131\u015fma Prensibi ve Bak\u0131m Y\u00f6ntemleri<\/h2>\n<p>Hidrolik ko\u00e7 silindiri, ak\u0131\u015fkanlar mekani\u011fi prensibine g\u00f6re \u00e7al\u0131\u015f\u0131r. Hidrolik s\u0131v\u0131, \u00e7\u0131k\u0131\u015f kuvvetini \u00fcreten silindire girer. Silindirin konfig\u00fcrasyonu, hidrolik s\u0131v\u0131 giri\u015fi ve \u00e7\u0131k\u0131\u015f kuvveti, \u00e7al\u0131\u015fmas\u0131n\u0131n \u00f6nemli bile\u015fenleridir.<\/p>\n<p>Hidrolik ram silindirinin bak\u0131m\u0131, d\u00fczenli kontrol, temizlik ve ya\u011flama i\u015flemlerini i\u00e7erir. Silindirin d\u00fczg\u00fcn \u00e7al\u0131\u015fmas\u0131n\u0131 sa\u011flamak i\u00e7in d\u00fczenli kontroller ve onar\u0131mlar gereklidir. Conta de\u011fi\u015fimi, bak\u0131m s\u00fcrecinin \u00f6nemli bir par\u00e7as\u0131d\u0131r. Son olarak, silindirin uzun \u00f6m\u00fcrl\u00fc ve optimum performans g\u00f6stermesini sa\u011flamak i\u00e7in kullan\u0131m k\u0131lavuzuna uyulmas\u0131 \u00e7ok \u00f6nemlidir.<\/p>\n<p><img decoding=\"async\" src=\"https:\/\/hzpt.com\/wp-content\/uploads\/2023\/11\/Inverted-Telescopic-Cylinder-22.webp\" alt=\"\" title=\"\"><\/p>\n<h2>Ters Teleskopik Silindir<\/h2>\n<p>Ters teleskopik silindir, teleskopik ko\u00e7 silindiri olarak da bilinir ve \u00e7e\u015fitli end\u00fcstrilerde yayg\u0131n olarak kullan\u0131lan bir hidrolik silindir t\u00fcr\u00fcd\u00fcr. Farkl\u0131 kuvvet ve strok uzunluklar\u0131 sa\u011flamak i\u00e7in a\u00e7\u0131l\u0131p kapanan birden fazla kademe veya b\u00f6l\u00fcmden olu\u015fur. Bu tasar\u0131m, kompakt ve verimli bir \u00e7al\u0131\u015fma sa\u011flayarak alan\u0131n s\u0131n\u0131rl\u0131 oldu\u011fu uygulamalar i\u00e7in idealdir.<\/p>\n<p>Ters teleskopik silindirin temel avantajlar\u0131ndan biri, nispeten k\u00fc\u00e7\u00fck bir ayak iziyle y\u00fcksek bir kuvvet \u00e7\u0131k\u0131\u015f\u0131 sa\u011flayabilmesidir. Her biri kendi piston ve kol tertibat\u0131na sahip birden fazla kademenin kullan\u0131lmas\u0131 sayesinde silindir, kompakt boyutunu korurken b\u00fcy\u00fck miktarda kuvvet elde edebilir. Bu, onu \u00f6zellikle damperli kamyonlar gibi s\u0131n\u0131rl\u0131 bir alanda y\u00fcksek kald\u0131rma kapasitesinin gerekli oldu\u011fu uygulamalarda kullan\u0131\u015fl\u0131 hale getirir.<\/p>\n<p>Fabrika \u00d6zel \u00dcretim 5 Tonluk Damperli Kamyon 4 Kademeli Hidrolik Ram Silindiri, damperli kamyonlarda kullan\u0131m i\u00e7in \u00f6zel olarak tasarlanm\u0131\u015f, ters teleskopik silindirin \u00f6zel bir t\u00fcr\u00fcd\u00fcr. A\u011f\u0131r y\u00fckleri ta\u015f\u0131mak ve bo\u015faltma i\u015flemi \u00fczerinde hassas kontrol sa\u011flamak \u00fczere tasarlanm\u0131\u015ft\u0131r. D\u00f6rt kademeli bu hidrolik ram silindiri, kamyonun kasas\u0131n\u0131 kald\u0131rmak ve e\u011fmek i\u00e7in gerekli kuvveti sa\u011flayarak malzemelerin verimli bir \u015fekilde bo\u015falt\u0131lmas\u0131n\u0131 sa\u011flar.<\/p>\n<p>Fabrikada \u00d6zelle\u015ftirilmi\u015f 5 Tonluk Damperli Kamyon 4 Kademeli Hidrolik Ram Silindirinin \u00fcretimi, y\u00fcksek kaliteli malzemeler ve hassas m\u00fchendislik gerektirir. Silindirin her kademesi, \u00e7al\u0131\u015fma s\u0131ras\u0131nda uygulanan kuvvetlere dayanacak ve uzun bir hizmet \u00f6mr\u00fc sa\u011flayacak \u015fekilde \u00f6zenle tasarlanm\u0131\u015ft\u0131r. Ayr\u0131ca, silindir, damperli kamyon uygulamalar\u0131n\u0131n \u00f6zel gereksinimlerini kar\u015f\u0131lamak \u00fczere fabrikada \u00f6zelle\u015ftirilmi\u015f olup, optimum performans ve g\u00fcvenilirlik sa\u011flar.<\/p>\n<p>Ters teleskopik silindirlerin \u00e7al\u0131\u015fmas\u0131nda hidrolik s\u0131v\u0131 \u00f6nemli bir rol oynar. Hidrolik bir sistem arac\u0131l\u0131\u011f\u0131yla silindire pompalan\u0131r ve her bir kademeyi uzatan veya geri \u00e7eken bir bas\u0131n\u00e7 olu\u015fturur. Bu s\u0131v\u0131 ak\u0131\u015f\u0131n\u0131n kontrol\u00fc, silindirin hassas bir \u015fekilde konumland\u0131r\u0131lmas\u0131n\u0131 ve hareket ettirilmesini sa\u011flayarak \u00e7e\u015fitli end\u00fcstriyel uygulamalarda olduk\u00e7a \u00e7ok y\u00f6nl\u00fc olmas\u0131n\u0131 sa\u011flar.<\/p>\n<p>Sonu\u00e7 olarak, Fabrika \u00d6zel \u00dcretim 5 Tonluk Damperli Kamyon 4 Kademeli Hidrolik Ram Silindiri, damperli kamyon uygulamalar\u0131nda m\u00fckemmel performans g\u00f6steren \u00f6zel bir ters teleskopik silindir t\u00fcr\u00fcd\u00fcr. Kompakt tasar\u0131m\u0131, y\u00fcksek kald\u0131rma kapasitesi ve hassas kontrol\u00fcyle verimli ve g\u00fcvenilir bir \u00e7al\u0131\u015fma sunar. \u0130ster in\u015faat, ister madencilik veya at\u0131k y\u00f6netimi sekt\u00f6r\u00fcnde olsun, bu hidrolik ram silindiri \u00fcretkenli\u011fi ve performans\u0131 art\u0131rmak i\u00e7in de\u011ferli bir varl\u0131k oldu\u011funu kan\u0131tlamaktad\u0131r.<\/p>\n<h3>FMP Hakk\u0131nda<\/h3>\n<p>FMP, Hidrolik Silindir \u00fcretimi ve sat\u0131\u015f\u0131 konusunda uzmanla\u015fm\u0131\u015f lider bir firmad\u0131r. Kapsaml\u0131 sekt\u00f6r deneyimimiz ve profesyonel ekibimizle, m\u00fc\u015fterilerimize y\u00fcksek kaliteli ve g\u00fcvenilir hidrolik silindir \u00e7\u00f6z\u00fcmleri sunmaya kararl\u0131y\u0131z.<\/p>\n<p>\u00dcr\u00fcnlerimizin ve \u015firketimizin 5 temel avantaj\u0131 \u015funlard\u0131r:<\/p>\n<p>1. Geni\u015f \u00dcr\u00fcn Yelpazesi: A\u015fa\u011f\u0131da g\u00f6sterildi\u011fi gibi ayarlanabilir \u00e7atal tipi silindirler de dahil olmak \u00fczere \u00e7e\u015fitli hidrolik silindirler sunuyoruz:<\/p>\n<p><img decoding=\"async\" src=\"https:\/\/fmp-components.com\/wp-content\/uploads\/2024\/12\/Adjustable-Clevis-Type-Cylinders-6.webp\" alt=\"Ayarlanabilir \u00c7atal Tipi Silindir\" width=\"832\" title=\"\"><\/p>\n<p>2. \u00dcst\u00fcn Kalite: Y\u00fcksek kaliteli tedarik\u00e7ilerle uzun vadeli ve istikrarl\u0131 i\u015f birli\u011fi ili\u015fkileri kurarak, t\u00fcm hidrolik silindirlerimizin s\u0131k\u0131 kalite standartlar\u0131n\u0131 kar\u015f\u0131lamas\u0131n\u0131 sa\u011fl\u0131yoruz. Kaliteye olan ba\u011fl\u0131l\u0131\u011f\u0131m\u0131z bizi rakiplerimizden ay\u0131r\u0131yor.<\/p>\n<p>3. Profesyonel Sat\u0131\u015f Ekibi: Deneyimli ve yetenekli sat\u0131\u015f ekibimiz, hidrolik silindir sekt\u00f6r\u00fcndeki geli\u015fme trendleri ve m\u00fc\u015fteri ihtiya\u00e7lar\u0131 konusunda bilgilidir. Profesyonel \u00fcr\u00fcn dan\u0131\u015fmanl\u0131\u011f\u0131 ve ak\u0131ll\u0131 sat\u0131n alma \u00f6nerileri sunmaya adanm\u0131\u015ft\u0131r.<\/p>\n<p>4. Verimli Lojistik Da\u011f\u0131t\u0131m: Zaman\u0131nda ve do\u011fru teslimatlar\u0131n \u00f6neminin fark\u0131nday\u0131z. Verimli lojistik da\u011f\u0131t\u0131m sistemimizle, m\u00fc\u015fterilerimizin ihtiya\u00e7 duyduklar\u0131 hidrolik silindirleri zaman\u0131nda teslim almalar\u0131n\u0131 sa\u011fl\u0131yoruz.<\/p>\n<p>5. Kapsaml\u0131 \u00c7\u00f6z\u00fcmler: Hidrolik silindirlerin yan\u0131 s\u0131ra, geni\u015f bir in\u015faat makinesi par\u00e7alar\u0131 ve komple makine \u00e7\u00f6z\u00fcmleri yelpazesi sunuyoruz. Bu sayede m\u00fc\u015fterilerimiz, gerekli t\u00fcm bile\u015fen ve aksesuarlar\u0131 tek bir yerde bularak zamandan ve emekten tasarruf sa\u011fl\u0131yor.<\/p>\n<p>FMP Hidrolik Silindirlerin m\u00fckemmelli\u011fini deneyimlemek i\u00e7in bizimle i\u015f ortakl\u0131\u011f\u0131 yapmaya davetlisiniz. \u00d6zel ihtiya\u00e7lar\u0131n\u0131z\u0131 g\u00f6r\u00fc\u015fmek ve ekibimizin ihtiya\u00e7lar\u0131n\u0131za en uygun hidrolik silindir \u00e7\u00f6z\u00fcm\u00fcn\u00fc bulman\u0131za yard\u0131mc\u0131 olmas\u0131 i\u00e7in bug\u00fcn bizimle ileti\u015fime ge\u00e7in.<\/p>\n<p>Yazar:CX<\/p>","protected":false},"excerpt":{"rendered":"<p>Factory Customized 5 Ton Dump Truck 4 Stage Hydraulic Ram Cylinder is a high-quality hydraulic cylinder designed for dump truck applications. It is a versatile and reliable product that can withstand heavy loads and tough working conditions. This hydraulic cylinder is designed to provide exceptional performance and durability. With its 4 stage design, it is [&hellip;]<\/p>","protected":false},"featured_media":1662,"comment_status":"closed","ping_status":"closed","template":"","meta":{"_et_pb_use_builder":"","_et_pb_old_content":"","_et_gb_content_width":""},"product_brand":[],"product_cat":[45],"product_tag":[34,48],"class_list":{"0":"post-1661","1":"product","2":"type-product","3":"status-publish","4":"has-post-thumbnail","6":"product_cat-inverted-telescopic-cylinder","7":"product_tag-hydraulic-cylinder","8":"product_tag-inverted-telescopic-cylinder","10":"first","11":"instock","12":"product-type-simple"},"_links":{"self":[{"href":"https:\/\/fmp-components.com\/tr\/wp-json\/wp\/v2\/product\/1661","targetHints":{"allow":["GET"]}}],"collection":[{"href":"https:\/\/fmp-components.com\/tr\/wp-json\/wp\/v2\/product"}],"about":[{"href":"https:\/\/fmp-components.com\/tr\/wp-json\/wp\/v2\/types\/product"}],"replies":[{"embeddable":true,"href":"https:\/\/fmp-components.com\/tr\/wp-json\/wp\/v2\/comments?post=1661"}],"wp:featuredmedia":[{"embeddable":true,"href":"https:\/\/fmp-components.com\/tr\/wp-json\/wp\/v2\/media\/1662"}],"wp:attachment":[{"href":"https:\/\/fmp-components.com\/tr\/wp-json\/wp\/v2\/media?parent=1661"}],"wp:term":[{"taxonomy":"product_brand","embeddable":true,"href":"https:\/\/fmp-components.com\/tr\/wp-json\/wp\/v2\/product_brand?post=1661"},{"taxonomy":"product_cat","embeddable":true,"href":"https:\/\/fmp-components.com\/tr\/wp-json\/wp\/v2\/product_cat?post=1661"},{"taxonomy":"product_tag","embeddable":true,"href":"https:\/\/fmp-components.com\/tr\/wp-json\/wp\/v2\/product_tag?post=1661"}],"curies":[{"name":"wp","href":"https:\/\/api.w.org\/{rel}","templated":true}]}}