{"id":1657,"date":"2024-12-23T07:00:44","date_gmt":"2024-12-23T07:00:44","guid":{"rendered":"https:\/\/fmp-components.com\/product\/premium-quality-customized-hydraulic-cylinder-for-dump-truck\/"},"modified":"2025-03-11T06:07:02","modified_gmt":"2025-03-11T06:07:02","slug":"premium-quality-customized-hydraulic-cylinder-for-dump-truck","status":"publish","type":"product","link":"https:\/\/fmp-components.com\/tr\/product\/premium-quality-customized-hydraulic-cylinder-for-dump-truck\/","title":{"rendered":"Damperli Kamyon \u0130\u00e7in Birinci S\u0131n\u0131f Kalitede \u00d6zelle\u015ftirilmi\u015f Hidrolik Silindir"},"content":{"rendered":"<h2>Damperli Kamyonlar \u0130\u00e7in \u00dcst\u00fcn Kalitede \u00d6zel Tasar\u0131m Hidrolik Silindir Tan\u0131t\u0131m\u0131<\/h2>\n<p>E\u011fer damperli kamyonunuz i\u00e7in g\u00fcvenilir ve y\u00fcksek kaliteli bir hidrolik silindir ar\u0131yorsan\u0131z, Premium Kalite \u00d6zel \u00dcretim Hidrolik Silindirimizden ba\u015fka bir yere bakman\u0131za gerek yok.<\/p>\n<p>Hidrolik silindirimiz, damperli kamyon operasyonlar\u0131n\u0131n zorlu ko\u015fullar\u0131na dayanacak \u015fekilde \u00f6zel olarak tasarlanm\u0131\u015ft\u0131r. Y\u00fcksek mukavemetli malzemelerden \u00fcretilmi\u015f olup, maksimum dayan\u0131kl\u0131l\u0131k ve uzun \u00f6m\u00fcr sa\u011flamak \u00fczere tasarlanm\u0131\u015ft\u0131r.<\/p>\n<p>Silindir, \u00f6zel ihtiya\u00e7lar\u0131n\u0131za ve gereksinimlerinize uyacak \u015fekilde tamamen \u00f6zelle\u015ftirilebilir. Geni\u015f bir yelpazede sunulan i\u00e7 \u00e7ap ve strok uzunluklar\u0131 sayesinde, damperli kamyonunuz i\u00e7in do\u011fru silindiri kolayca bulabilirsiniz.<\/p>\n<p>Ayr\u0131ca, hidrolik silindirimiz kurulumu ve bak\u0131m\u0131 kolayd\u0131r. \u00c7e\u015fitli montaj se\u00e7enekleriyle birlikte gelir ve bak\u0131m kesintilerini en aza indirgemek \u00fczere tasarlanm\u0131\u015ft\u0131r, b\u00f6ylece zamandan ve paradan tasarruf edersiniz.<\/p>\n<p>\u015eirketimizde, en \u00fcst d\u00fczey \u00fcr\u00fcnler ve m\u00fckemmel m\u00fc\u015fteri hizmeti sunmaktan gurur duyuyoruz. Herhangi bir sorunuz veya endi\u015feniz varsa, uzman ekibimiz size yard\u0131mc\u0131 olmak i\u00e7in her zaman haz\u0131rd\u0131r.<\/p>\n<p>Bug\u00fcn damperli kamyonunuz i\u00e7in birinci s\u0131n\u0131f kalitede, \u00f6zel tasar\u0131m hidrolik silindire yat\u0131r\u0131m yap\u0131n ve y\u00fcksek kaliteli, g\u00fcvenilir ekipman\u0131n fark\u0131n\u0131 deneyimleyin. Damperli kamyonlar i\u00e7in en \u00fcst d\u00fczey, birinci s\u0131n\u0131f kalitede, \u00f6zel tasar\u0131m hidrolik silindirimizi sunuyoruz.<\/p>\n<p>Bu yepyeni \u00fcr\u00fcn bir y\u0131l garantilidir ve imalat tesisleri, makine tamir at\u00f6lyeleri, \u00e7iftlikler, enerji ve madencilik gibi \u00e7e\u015fitli sekt\u00f6rlerde kullan\u0131labilir.<\/p>\n<p>78 kg a\u011f\u0131rl\u0131\u011f\u0131ndaki bu hidrolik silindir, sa\u011flam \u00e7elikten yap\u0131lm\u0131\u015f g\u00f6vdeye sahip standart bir pistonlu silindirdir. 3000'lik etkileyici bir maksimum itme g\u00fcc\u00fcne sahip olup, ters \u00e7evrilmi\u015f teleskopik bir silindirdir.<\/p>\n<p>20 tonluk azami \u00e7ekme kapasitesine sahip bu hidrolik silindir, zorlu ortamlarda y\u00fcksek performans sa\u011flamak \u00fczere tasarlanm\u0131\u015ft\u0131r.<\/p>\n<h2>Hidrolik Silindirin Temel \u00d6zellikleri<\/h2>\n<ol>\n<li>\n<ol>\n<li><strong>Kaliteli \u0130n\u015faat:<\/strong> Silindirin temel bile\u015fenleri, s\u00fcrekli performans i\u00e7in tasarlanm\u0131\u015f rulmanlar ve bir piston silindiridir.<\/li>\n<li><strong>Y\u00fcksek Performans:<\/strong> 3000 tonluk azami itme g\u00fcc\u00fc ve 20 tonluk azami \u00e7ekme kuvvetiyle ola\u011fan\u00fcst\u00fc performans garanti eder.<\/li>\n<li><strong>Standartlara Uygun:<\/strong> \u00dcr\u00fcn\u00fcm\u00fcz ISO9001:2000 sertifikal\u0131d\u0131r, bu da kalitesini ve g\u00fcvenilirli\u011fini garanti alt\u0131na al\u0131r.<\/li>\n<\/ol>\n<\/li>\n<\/ol>\n<p><img decoding=\"async\" src=\"https:\/\/hzpt.com\/wp-content\/uploads\/2023\/11\/Inverted-Telescopic-Cylinder-20.webp\" alt=\"Hidrolik Silindir G\u00f6r\u00fcnt\u00fcs\u00fc\" title=\"\"><\/p>\n<ol>\n<li><strong>\u00d6zelle\u015ftirilebilir:<\/strong> Silindir \u00e7ap\u0131, piston kolu \u00e7ap\u0131, strok ve pim boyutlar\u0131, \u00f6zel gereksinimlere uyacak \u015fekilde \u00f6zelle\u015ftirilebilir.<\/li>\n<li><strong>Geni\u015f Uygulama Alan\u0131:<\/strong> \u0130malat, makine onar\u0131m\u0131, tar\u0131m, enerji ve madencilik dahil olmak \u00fczere \u00e7e\u015fitli sekt\u00f6rlerde kullan\u0131labilir.<\/li>\n<\/ol>\n<h2>Hidrolik Silindirin Uygulamalar\u0131<\/h2>\n<ol>\n<li><strong>\u00dcretim Tesisleri:<\/strong> \u00c7e\u015fitli imalat makinelerinde kullan\u0131l\u0131r.<\/li>\n<li><strong>Makine Tamir At\u00f6lyeleri:<\/strong> A\u011f\u0131r makinelerin bak\u0131m ve onar\u0131m\u0131 i\u00e7in olmazsa olmazd\u0131r.<\/li>\n<li><strong>\u00c7iftlikler:<\/strong> Tar\u0131m makineleri ve ekipmanlar\u0131n\u0131n \u00e7al\u0131\u015ft\u0131r\u0131lmas\u0131 i\u00e7in hayati \u00f6neme sahiptir.<\/li>\n<li><strong>Enerji ve Madencilik:<\/strong> Bu sekt\u00f6rlerde kullan\u0131lan a\u011f\u0131r makineler i\u00e7in gereklidir.<\/li>\n<li><strong>Makine \u0130malat\u0131:<\/strong> \u00c7e\u015fitli makinelerin \u00fcretiminde vazge\u00e7ilmez bir unsur.<\/li>\n<\/ol>\n<p><img decoding=\"async\" src=\"https:\/\/hzpt.com\/wp-content\/uploads\/2023\/11\/Inverted-Telescopic-Cylinder-Applications.webp\" alt=\"Hidrolik Silindir Uygulamalar\u0131\" title=\"\"><\/p>\n<h2>Hidrolik Silindirin \u00c7al\u0131\u015fma Prensibi ve Bak\u0131m\u0131<\/h2>\n<ol>\n<li><strong>Yap\u0131land\u0131rma:<\/strong> Hidrolik silindir, pistonlu bir silindirdir; yani kuvvet \u00fcretmek i\u00e7in bas\u0131n\u00e7l\u0131 hidrolik s\u0131v\u0131n\u0131n g\u00fcc\u00fcn\u00fc kullan\u0131r.<\/li>\n<li><strong>Hidrolik S\u0131v\u0131 Giri\u015fi:<\/strong> Hidrolik s\u0131v\u0131 silindire verilir, bu da pistonun hareket etmesine ve kuvvet \u00fcretmesine neden olur.<\/li>\n<li><strong>\u00c7\u0131k\u0131\u015f G\u00fcc\u00fc:<\/strong> \u00dcretilen kuvvet, hidrolik s\u0131v\u0131n\u0131n bas\u0131nc\u0131 ve pistonun alan\u0131yla orant\u0131l\u0131d\u0131r.<\/li>\n<li><strong>D\u00fczenli Denetim:<\/strong> Hidrolik silindirin d\u00fczenli olarak kontrol edilmesi, olas\u0131 sorunlar\u0131n daha da k\u00f6t\u00fcle\u015fmesini \u00f6nleyebilir.<\/li>\n<li><strong>Conta De\u011fi\u015fimi:<\/strong> Zamanla silindirdeki contalar a\u015f\u0131nabilir ve optimum performans\u0131 korumak i\u00e7in de\u011fi\u015ftirilmeleri gerekebilir.<img decoding=\"async\" src=\"https:\/\/hzpt.com\/wp-content\/uploads\/2023\/11\/Inverted-Telescopic-Cylinder-9.webp\" alt=\"HZPT Hidrolik Makineleri\" title=\"\"><\/li>\n<\/ol>\n<h2>Ters Teleskopik Silindir<\/h2>\n<p>Ters teleskopik silindir, \u00f6zellikle damperli kamyonlar i\u00e7in tasarlanm\u0131\u015f, y\u00fcksek kaliteli, \u00f6zel \u00fcretim bir hidrolik silindirdir. Ola\u011fan\u00fcst\u00fc performans\u0131 ve g\u00fcvenilirli\u011fi nedeniyle in\u015faat ve madencilik sekt\u00f6rlerinde yayg\u0131n olarak kullan\u0131lmaktad\u0131r. Bu makalede, ters teleskopik silindirin \u00e7e\u015fitli y\u00f6nlerini inceleyecek ve benzersiz \u00f6zelliklerini ve faydalar\u0131n\u0131 ele alaca\u011f\u0131z.<\/p>\n<h3>Tasar\u0131m ve \u0130n\u015faat<\/h3>\n<p>Ters teleskopik silindir, \u00fcst\u00fcn performans sa\u011flamak i\u00e7in geli\u015fmi\u015f teknolojiler ve malzemeler kullan\u0131larak, detaylara titizlikle dikkat edilerek tasarlanm\u0131\u015ft\u0131r. Tasar\u0131m\u0131, her bir kademenin bir \u00f6ncekinin i\u00e7ine oturdu\u011fu \u00e7oklu i\u00e7 i\u00e7e ge\u00e7mi\u015f kademelerden olu\u015fmaktad\u0131r. Bu teleskopik d\u00fczenleme, tamamen uzat\u0131ld\u0131\u011f\u0131nda uzun bir strok uzunlu\u011fu sa\u011flarken, kompakt bir geri \u00e7ekilmi\u015f uzunluk sunar.<\/p>\n<p>Silindir, zorlu \u00e7al\u0131\u015fma ko\u015fullar\u0131nda bile ola\u011fan\u00fcst\u00fc dayan\u0131kl\u0131l\u0131k ve uzun \u00f6m\u00fcr sa\u011flayan y\u00fcksek mukavemetli \u00e7elikten \u00fcretilmi\u015ftir. Silindir bile\u015fenlerinin hassas i\u015flenmesi, s\u0131k\u0131 toleranslar ve sorunsuz \u00e7al\u0131\u015fma sa\u011flar. Silindir ayr\u0131ca s\u0131z\u0131nt\u0131y\u0131 ve kirlenmeyi \u00f6nlemek i\u00e7in y\u00fcksek kaliteli contalar ve sileceklerle donat\u0131lm\u0131\u015ft\u0131r, bu da g\u00fcvenilirli\u011fini daha da art\u0131r\u0131r.<\/p>\n<h3>\u00c7al\u0131\u015fma Prensibi<\/h3>\n<p>Ters teleskopik silindir, hidrolik bas\u0131n\u00e7 prensibiyle \u00e7al\u0131\u015f\u0131r. Silindire bas\u0131n\u00e7l\u0131 s\u0131v\u0131 verildi\u011finde, piston \u00fczerinde bir kuvvet uygulayarak uzamas\u0131na neden olur. Piston uzad\u0131k\u00e7a, silindirin i\u00e7 i\u00e7e ge\u00e7mi\u015f kademeleri de uzar ve bu da silindirin toplam uzunlu\u011funda kademeli bir art\u0131\u015fa yol a\u00e7ar. Bu uzama, damperli kamyonun kasas\u0131n\u0131n kald\u0131r\u0131lmas\u0131na ve e\u011filmesine olanak tan\u0131yarak malzemelerin verimli bir \u015fekilde bo\u015falt\u0131lmas\u0131n\u0131 sa\u011flar.<\/p>\n<p>Silindiri geri \u00e7ekmek i\u00e7in hidrolik s\u0131v\u0131 serbest b\u0131rak\u0131l\u0131r ve damperli kamyonun kasas\u0131n\u0131n a\u011f\u0131rl\u0131\u011f\u0131 pistonu silindirin i\u00e7ine do\u011fru iter. Piston geri \u00e7ekilirken, i\u00e7 i\u00e7e ge\u00e7mi\u015f kademeler birbirinin i\u00e7ine \u00e7\u00f6ker ve silindirin toplam uzunlu\u011fu azal\u0131r. Bu geri \u00e7ekme, kasan\u0131n al\u00e7alt\u0131lmas\u0131n\u0131 ve d\u00fczle\u015ftirilmesini sa\u011flayarak bir sonraki y\u00fckleme d\u00f6ng\u00fcs\u00fcne haz\u0131rlanmas\u0131n\u0131 m\u00fcmk\u00fcn k\u0131lar.<\/p>\n<h3>Avantajlar ve Uygulamalar<\/h3>\n<p>Ters teleskopik silindir, geleneksel hidrolik silindirlere g\u00f6re bir\u00e7ok avantaj sunar. Kompakt tasar\u0131m\u0131 ve uzat\u0131lm\u0131\u015f strok uzunlu\u011fu, s\u0131n\u0131rl\u0131 montaj alan\u0131na sahip damperli kamyonlar i\u00e7in idealdir. \u0130\u00e7 i\u00e7e ge\u00e7mi\u015f kademeler, m\u00fckemmel denge ve yan y\u00fcklere kar\u015f\u0131 diren\u00e7 sa\u011flayarak sorunsuz ve hassas \u00e7al\u0131\u015fma sa\u011flar. Ek olarak, silindirin ters yerle\u015fimi, i\u00e7 bile\u015fenlerini d\u0131\u015f d\u00f6k\u00fcnt\u00fclerden ve kirleticilerden koruyarak hasar ve sistem ar\u0131zas\u0131 riskini en aza indirir.<\/p>\n<p>Ters teleskopik silindirin ba\u015fl\u0131ca kullan\u0131m alan\u0131, \u00e7ak\u0131l, kum ve in\u015faat molozu gibi d\u00f6kme malzemelerin ta\u015f\u0131nmas\u0131nda kullan\u0131lan damperli kamyonlard\u0131r. Kamyonun kasas\u0131n\u0131 kald\u0131rma ve e\u011fme \u00f6zelli\u011fi, verimli bo\u015faltmay\u0131 sa\u011flayarak in\u015faat sahalar\u0131nda ve madencilik operasyonlar\u0131nda verimlili\u011fi art\u0131r\u0131r. Ayr\u0131ca, silindirin sa\u011flam yap\u0131s\u0131, g\u00fcvenilir ve uzun \u00f6m\u00fcrl\u00fc performans gerektiren a\u011f\u0131r hizmet uygulamalar\u0131 i\u00e7in uygun hale getirir.<\/p>\n<p>\u00d6zetle, ters teleskopik silindir, \u00f6zellikle damperli kamyonlar i\u00e7in tasarlanm\u0131\u015f, y\u00fcksek kaliteli bir hidrolik silindirdir. Benzersiz tasar\u0131m\u0131 ve yap\u0131s\u0131, ola\u011fan\u00fcst\u00fc performans\u0131 ve g\u00fcvenilirli\u011fiyle birle\u015ferek, in\u015faat ve madencilik sekt\u00f6rlerindeki \u00e7e\u015fitli uygulamalar i\u00e7in ideal bir se\u00e7im haline gelmektedir. Ters teleskopik silindir gibi y\u00fcksek kaliteli, \u00f6zel olarak \u00fcretilmi\u015f bir hidrolik silindire yat\u0131r\u0131m yapmak, damperli kamyon operasyonlar\u0131nda optimum verimlilik, \u00fcretkenlik ve uzun \u00f6m\u00fcrl\u00fcl\u00fck sa\u011flar.<\/p>\n<h3>FMP Hidrolik Silindir Hakk\u0131nda<\/h3>\n<p>FMP, y\u00fcksek kaliteli in\u015faat makinesi par\u00e7alar\u0131 ve komple makineler sa\u011flama konusunda uzmanla\u015fm\u0131\u015f bir \u015firkettir. M\u00fc\u015fterilerimizin ihtiya\u00e7lar\u0131n\u0131 kar\u015f\u0131lamak \u00fczere tasarlanm\u0131\u015f Hidrolik Silindirler de dahil olmak \u00fczere geni\u015f bir \u00fcr\u00fcn yelpazesi sunmaktan gurur duyuyoruz. Uzun y\u0131llara dayanan sekt\u00f6r deneyimimiz ve profesyonel ekibimizle, size en iyi \u00fcr\u00fcn ve hizmetleri sunabilece\u011fimizden eminiz.<\/p>\n<p>FMP Hidrolik Silindiri se\u00e7meniz i\u00e7in baz\u0131 nedenler:<\/p>\n<ol>\n<li><strong>Y\u00fcksek Kaliteli Malzemeler:<\/strong> Hidrolik Silindirlerimizi \u00fcretmek i\u00e7in y\u00fcksek kaliteli malzemeler kullan\u0131yoruz, bu sayede dayan\u0131kl\u0131 ve uzun \u00f6m\u00fcrl\u00fc olmalar\u0131n\u0131 sa\u011fl\u0131yoruz.<\/li>\n<li><strong>\u00d6zelle\u015ftirilebilir \u00c7\u00f6z\u00fcmler:<\/strong> M\u00fc\u015fterilerimizin benzersiz ihtiya\u00e7lar\u0131n\u0131 kar\u015f\u0131lamak i\u00e7in \u00f6zelle\u015ftirilebilir \u00e7\u00f6z\u00fcmler sunuyoruz. Hidrolik Silindirlerimiz \u00e7e\u015fitli boyut ve konfig\u00fcrasyonlarda mevcuttur.<\/li>\n<li><strong>Uzman Dan\u0131\u015fmanl\u0131\u011f\u0131:<\/strong> Deneyimli sat\u0131\u015f ekibimiz, profesyonel dan\u0131\u015fmanl\u0131k ve ak\u0131ll\u0131 sat\u0131n alma \u00f6nerileri sunmak i\u00e7in her zaman haz\u0131rd\u0131r. \u0130n\u015faat makineleri sekt\u00f6r\u00fcndeki geli\u015fme trendlerini ve m\u00fc\u015fteri ihtiya\u00e7lar\u0131n\u0131 anl\u0131yor ve bilin\u00e7li kararlar alman\u0131za yard\u0131mc\u0131 oluyoruz.<\/li>\n<li><strong>Verimli Lojistik:<\/strong> \u0130htiya\u00e7 duydu\u011funuz par\u00e7alar\u0131n zaman\u0131nda ve do\u011fru bir \u015fekilde size ula\u015fmas\u0131n\u0131 sa\u011flayan etkin bir lojistik da\u011f\u0131t\u0131m sistemine sahibiz.<\/li>\n<li><strong>Geni\u015f \u00dcr\u00fcn Yelpazesi:<\/strong> Hidrolik Silindirlerin yan\u0131 s\u0131ra tar\u0131m makineleri red\u00fckt\u00f6rleri, planet red\u00fckt\u00f6rleri ve end\u00fcstriyel red\u00fckt\u00f6rler gibi \u00e7e\u015fitli in\u015faat makinesi par\u00e7alar\u0131 ve bunlara uygun \u00fcst d\u00fczey aksesuarlar da sunuyoruz.<\/li>\n<\/ol>\n<p>FMP olarak, m\u00fc\u015fterilerimize en iyi \u00fcr\u00fcn ve hizmetleri sunmaya kararl\u0131y\u0131z. Hidrolik Silindirlerimiz en y\u00fcksek kalite standartlar\u0131n\u0131 kar\u015f\u0131layacak \u015fekilde tasarlanm\u0131\u015ft\u0131r ve tedarik etti\u011fimiz t\u00fcm par\u00e7alar\u0131n s\u0131k\u0131 kalite standartlar\u0131n\u0131 kar\u015f\u0131lamas\u0131n\u0131 sa\u011flamaktan gurur duyuyoruz. Uzmanl\u0131\u011f\u0131m\u0131z ve kaliteye olan ba\u011fl\u0131l\u0131\u011f\u0131m\u0131z\u0131n, bizi in\u015faat makineleri ihtiya\u00e7lar\u0131n\u0131z i\u00e7in ideal bir ortak haline getirdi\u011fine inan\u0131yoruz.<\/p>\n<p><img decoding=\"async\" src=\"https:\/\/fmp-components.com\/wp-content\/uploads\/2024\/12\/Adjustable-Clevis-Type-Cylinders-6.webp\" alt=\"Ayarlanabilir \u00c7atal Tipi Silindir\" width=\"830\" title=\"\"><br \/>\nYazar:CX<\/p>","protected":false},"excerpt":{"rendered":"<p>Introducing the Premium Quality Customized Hydraulic Cylinder for Dump Trucks If you&#8217;re looking for a reliable and high-quality hydraulic cylinder for your dump truck, look no further than our Premium Quality Customized Hydraulic Cylinder. Our hydraulic cylinder is specially designed to withstand the tough conditions of dump truck operations. It is made of high-strength materials [&hellip;]<\/p>","protected":false},"featured_media":1658,"comment_status":"closed","ping_status":"closed","template":"","meta":{"_et_pb_use_builder":"","_et_pb_old_content":"","_et_gb_content_width":""},"product_brand":[],"product_cat":[45],"product_tag":[34,48],"class_list":{"0":"post-1657","1":"product","2":"type-product","3":"status-publish","4":"has-post-thumbnail","6":"product_cat-inverted-telescopic-cylinder","7":"product_tag-hydraulic-cylinder","8":"product_tag-inverted-telescopic-cylinder","10":"first","11":"instock","12":"product-type-simple"},"_links":{"self":[{"href":"https:\/\/fmp-components.com\/tr\/wp-json\/wp\/v2\/product\/1657","targetHints":{"allow":["GET"]}}],"collection":[{"href":"https:\/\/fmp-components.com\/tr\/wp-json\/wp\/v2\/product"}],"about":[{"href":"https:\/\/fmp-components.com\/tr\/wp-json\/wp\/v2\/types\/product"}],"replies":[{"embeddable":true,"href":"https:\/\/fmp-components.com\/tr\/wp-json\/wp\/v2\/comments?post=1657"}],"wp:featuredmedia":[{"embeddable":true,"href":"https:\/\/fmp-components.com\/tr\/wp-json\/wp\/v2\/media\/1658"}],"wp:attachment":[{"href":"https:\/\/fmp-components.com\/tr\/wp-json\/wp\/v2\/media?parent=1657"}],"wp:term":[{"taxonomy":"product_brand","embeddable":true,"href":"https:\/\/fmp-components.com\/tr\/wp-json\/wp\/v2\/product_brand?post=1657"},{"taxonomy":"product_cat","embeddable":true,"href":"https:\/\/fmp-components.com\/tr\/wp-json\/wp\/v2\/product_cat?post=1657"},{"taxonomy":"product_tag","embeddable":true,"href":"https:\/\/fmp-components.com\/tr\/wp-json\/wp\/v2\/product_tag?post=1657"}],"curies":[{"name":"wp","href":"https:\/\/api.w.org\/{rel}","templated":true}]}}