{"id":1651,"date":"2024-12-23T07:00:44","date_gmt":"2024-12-23T07:00:44","guid":{"rendered":"https:\/\/fmp-components.com\/product\/low-price-10-ton-4-stage-hydraulic-telescopic-ram-cylinder\/"},"modified":"2025-03-11T06:10:58","modified_gmt":"2025-03-11T06:10:58","slug":"low-price-10-ton-4-stage-hydraulic-telescopic-ram-cylinder","status":"publish","type":"product","link":"https:\/\/fmp-components.com\/tr\/product\/low-price-10-ton-4-stage-hydraulic-telescopic-ram-cylinder\/","title":{"rendered":"D\u00fc\u015f\u00fck Fiyatl\u0131 10 Ton 4 Kademeli Hidrolik Teleskopik Ram Silindiri"},"content":{"rendered":"<h2>Uygun Fiyatl\u0131 10 Tonluk 4 Kademeli Hidrolik Teleskopik Piston Silindirini Tan\u0131t\u0131yoruz:<\/h2>\n<p>D\u00fc\u015f\u00fck fiyatl\u0131 10 tonluk 4 kademeli hidrolik teleskopik piston silindiri, \u00e7e\u015fitli sekt\u00f6rlerin zorlu ihtiya\u00e7lar\u0131n\u0131 kar\u015f\u0131lamak \u00fczere tasarlanm\u0131\u015f, son derece \u00e7ok y\u00f6nl\u00fc ve dayan\u0131kl\u0131 bir \u00fcr\u00fcnd\u00fcr. Geli\u015fmi\u015f hidrolik teknolojisiyle bu silindir, ola\u011fan\u00fcst\u00fc performans ve verimlilik sunar.<\/p>\n<p>10 ton kapasiteli bu hidrolik silindir, a\u011f\u0131r y\u00fckleri kolayl\u0131kla kald\u0131rabilir. 4 kademeli teleskopik tasar\u0131m, toplam strok uzunlu\u011funu art\u0131rarak daha fazla esneklik ve eri\u015fim sa\u011flar. Bu, dar alanlarda bile hassas ve kontroll\u00fc hareketler ger\u00e7ekle\u015ftirebilece\u011finiz anlam\u0131na gelir.<\/p>\n<p>Bu hidrolik silindirin en \u00f6nemli avantajlar\u0131ndan biri d\u00fc\u015f\u00fck fiyat\u0131d\u0131r. Y\u00fcksek kaliteli yap\u0131s\u0131 ve g\u00fcvenilir performans\u0131na ra\u011fmen, rekabet\u00e7i bir fiyat noktas\u0131nda sunulmas\u0131, b\u00fct\u00e7esine dikkat eden m\u00fc\u015fteriler i\u00e7in m\u00fckemmel bir se\u00e7im olmas\u0131n\u0131 sa\u011flar.<\/p>\n<p>D\u00fc\u015f\u00fck fiyatl\u0131 10 tonluk 4 kademeli hidrolik teleskopik piston silindiri, zorlu kullan\u0131m ve sert \u00e7al\u0131\u015fma ko\u015fullar\u0131na dayanacak \u015fekilde \u00fcretilmi\u015ftir. Uzun \u00f6m\u00fcr ve dayan\u0131kl\u0131l\u0131k sa\u011flayan sa\u011flam malzemelerden yap\u0131lm\u0131\u015ft\u0131r. Bu, bu silindire y\u0131llarca g\u00fcvenebilece\u011finiz ve s\u0131k s\u0131k de\u011fi\u015ftirme ve bak\u0131m ihtiyac\u0131n\u0131 azaltabilece\u011finiz anlam\u0131na gelir.<\/p>\n<p>Ayr\u0131ca, bu hidrolik silindirin kurulumu ve kullan\u0131m\u0131 kolayd\u0131r. A\u00e7\u0131k ve anla\u015f\u0131l\u0131r talimatlarla birlikte gelir ve mevcut sistemlere sorunsuz bir \u015fekilde entegre edilebilir. Kullan\u0131c\u0131 dostu tasar\u0131m\u0131, bak\u0131m ve sorun gidermeyi kolayla\u015ft\u0131rarak ar\u0131za s\u00fcrelerini en aza indirir ve verimlili\u011fi en \u00fcst d\u00fczeye \u00e7\u0131kar\u0131r.<\/p>\n<table style=\"width: 100%;\" border=\"1\" width=\"100%\" cellspacing=\"0\" cellpadding=\"0\">\n<tbody>\n<tr>\n<th>\u00dcr\u00fcn Ad\u0131<\/th>\n<td>D\u00fc\u015f\u00fck Fiyatl\u0131 10 Ton 4 Kademeli Hidrolik Teleskopik Ram Silindiri<\/td>\n<\/tr>\n<tr>\n<th>Durum<\/th>\n<td>Yeni<\/td>\n<\/tr>\n<tr>\n<th>A\u011f\u0131rl\u0131k (KG)<\/th>\n<td>50<\/td>\n<\/tr>\n<tr>\n<th>Maksimum \u0130tki<\/th>\n<td>3000<\/td>\n<\/tr>\n<tr>\n<th>Maksimum \u00c7ekme<\/th>\n<td>20 ton<\/td>\n<\/tr>\n<tr>\n<th>G\u00f6vde Malzemesi<\/th>\n<td>Sa\u011flam \u00c7elik<\/td>\n<\/tr>\n<tr>\n<th>G\u00fc\u00e7 Kayna\u011f\u0131<\/th>\n<td>Hidrolik<\/td>\n<\/tr>\n<tr>\n<th>Tasar\u0131m<\/th>\n<td>Standart Piston Silindirli 4 A\u015famal\u0131 Teleskopik<\/td>\n<\/tr>\n<tr>\n<th>Sertifikasyon<\/th>\n<td>ISO9001:2000<\/td>\n<\/tr>\n<tr>\n<th>Uygulanabilir End\u00fcstriler<\/th>\n<td>\u00dcretim Tesisleri, Makine Tamir At\u00f6lyeleri, \u00c7iftlikler, Enerji ve Madencilik vb.<\/td>\n<\/tr>\n<tr>\n<th>Performans<\/th>\n<td>Hassas Hidrolik Sistemler i\u00e7in Uygun Maliyetli ve G\u00fcvenilir<\/td>\n<\/tr>\n<\/tbody>\n<\/table>\n<h2>Hidrolik Teleskopik Ram Silindirinin \u00d6zellikleri<\/h2>\n<p>Hidrolik Teleskopik Piston Silindiri, bir\u00e7ok dikkat \u00e7ekici \u00f6zelli\u011fe sahiptir:<\/p>\n<p><img decoding=\"async\" src=\"https:\/\/hzpt.com\/wp-content\/uploads\/2023\/11\/Inverted-Telescopic-Cylinder-8.webp\" alt=\"\" title=\"\"><\/p>\n<ol>\n<li>Silindir standart boyutlardad\u0131r ve bu da \u00e7ok \u00e7e\u015fitli makinelerle uyumlulu\u011fu sa\u011flar.<\/li>\n<li>Verimli ve g\u00fcvenilir performans i\u00e7in piston silindir yap\u0131s\u0131n\u0131 b\u00fcnyesinde bar\u0131nd\u0131r\u0131r.<\/li>\n<li>Hidrolik g\u00fc\u00e7 kayna\u011f\u0131, sa\u011flam ve istikrarl\u0131 bir \u00e7al\u0131\u015fma sa\u011flar.<\/li>\n<li>\u00c7elik g\u00f6vde malzemesi dayan\u0131kl\u0131l\u0131k ve sa\u011flaml\u0131k sa\u011flar.<\/li>\n<li>Silindir, 3000 tonluk maksimum itme kuvveti ve 20 tonluk maksimum \u00e7ekme kuvveti sunarak a\u011f\u0131r i\u015f operasyonlar\u0131 i\u00e7in uygun hale gelir.<\/li>\n<\/ol>\n<h2>Hidrolik Teleskopik Ram Silindirinin Uygulamalar\u0131<\/h2>\n<p>Bu \u00e7ok y\u00f6nl\u00fc hidrolik teleskopik piston silindiri \u00e7e\u015fitli sekt\u00f6rlerde kullan\u0131labilir:<\/p>\n<ol>\n<li>\u00dcretim Tesisleri: A\u011f\u0131r makinelerin montaj\u0131 ve i\u015fletimi i\u00e7in.<\/li>\n<li>Makine Tamir At\u00f6lyeleri: A\u011f\u0131r kald\u0131rma gerektiren bak\u0131m ve onar\u0131m i\u015fleri i\u00e7in.<\/li>\n<li>\u00c7iftlikler: Tar\u0131m makine ve ekipmanlar\u0131n\u0131n i\u015fletilmesi i\u00e7in.<\/li>\n<li>Enerji ve Madencilik: A\u011f\u0131r hizmet tipi madencilik ekipmanlar\u0131nda ve enerji \u00fcretim makinelerinde kullan\u0131l\u0131r.<\/li>\n<li>Makine \u0130malat\u0131: \u00c7e\u015fitli makinelerin \u00fcretiminde ayr\u0131lmaz bir rol oynar.<\/li>\n<\/ol>\n<p><img decoding=\"async\" src=\"https:\/\/hzpt.com\/wp-content\/uploads\/2023\/11\/Inverted-Telescopic-Cylinder-Applications.webp\" alt=\"Hidrolik Teleskopik Piston Silindirinin Uygulamalar\u0131\" title=\"\"><\/p>\n<h2>Hidrolik Teleskopik Ram Silindirinin \u00c7al\u0131\u015fma Prensibi ve Bak\u0131m\u0131<\/h2>\n<p>Hidrolik teleskopik piston silindiri, hidrolik s\u0131v\u0131 giri\u015fiyle \u00e7al\u0131\u015f\u0131r ve bu da \u00e7\u0131k\u0131\u015f kuvveti olu\u015fturur. Silindirin yap\u0131s\u0131 ve ak\u0131\u015fkan dinami\u011fi, gerekli mekanik hareketi \u00fcretir. D\u00fczenli bak\u0131m, inceleme, temizleme, ya\u011flama ve conta de\u011fi\u015fimini i\u00e7erir. Par\u00e7an\u0131n uzun \u00f6m\u00fcrl\u00fc olmas\u0131 i\u00e7in kullan\u0131m k\u0131lavuzuna uyulmas\u0131 gereklidir.<\/p>\n<p><img decoding=\"async\" src=\"https:\/\/hzpt.com\/wp-content\/uploads\/2023\/11\/Inverted-Telescopic-Cylinder-21.webp\" alt=\"\" title=\"\"><\/p>\n<h2>Ters Teleskopik Silindir<\/h2>\n<p>Ters teleskopik silindir veya tek etkili teleskopik silindir olarak da bilinen bu hidrolik silindir, farkl\u0131 \u00e7aplarda i\u00e7 i\u00e7e ge\u00e7mi\u015f birka\u00e7 kademeden olu\u015fur. Silindir, bas\u0131n\u00e7l\u0131 hidrolik s\u0131v\u0131n\u0131n kuvveti alt\u0131nda uzay\u0131p k\u0131salacak \u015fekilde tasarlanm\u0131\u015ft\u0131r. Ters teleskopik silindir, in\u015faat ekipmanlar\u0131, madencilik makineleri ve end\u00fcstriyel makineler gibi a\u011f\u0131r hizmet uygulamalar\u0131nda yayg\u0131n olarak kullan\u0131l\u0131r.<\/p>\n<h3>Ba\u015fl\u0131ca \u00d6zellikler<\/h3>\n<ul>\n<li><b>Tek Ki\u015filik Oyun:<\/b> Ters teleskopik silindir, tek etkili bir silindirdir; yani sadece tek y\u00f6nde (uzatma veya geri \u00e7ekme) kuvvet uygulayabilir ve orijinal konumuna d\u00f6nmek i\u00e7in d\u0131\u015f kuvvetlere ba\u011fl\u0131d\u0131r.<\/li>\n<li><b>\u00c7oklu A\u015famalar:<\/b> Silindir, farkl\u0131 \u00e7aplarda i\u00e7 i\u00e7e ge\u00e7mi\u015f birka\u00e7 kademeden olu\u015fur; bu da kompakt bir tasar\u0131m\u0131 korurken uzun bir hareket mesafesi sa\u011flar.<\/li>\n<li><b>Ters Tasar\u0131m:<\/b> Piston kolu silindirin en b\u00fcy\u00fck kademesine ba\u011fl\u0131d\u0131r ve daha k\u00fc\u00e7\u00fck kademeler onun i\u00e7ine yerle\u015ftirilmi\u015ftir. Bu ters tasar\u0131m, alan\u0131n daha verimli kullan\u0131lmas\u0131n\u0131 ve daha stabil bir silindir elde edilmesini sa\u011flar.<\/li>\n<li><b>Hidrolik Kontrol:<\/b> Silindir, taban\u0131ndaki a\u00e7\u0131kl\u0131ktan giren ve silindiri istenen y\u00f6nde hareket ettirmek i\u00e7in bas\u0131n\u00e7 olu\u015fturan bas\u0131n\u00e7l\u0131 hidrolik s\u0131v\u0131 taraf\u0131ndan kontrol edilir.<\/li>\n<\/ul>\n<h3>Uygulamalar<\/h3>\n<p>Ters teleskopik silindir, kompakt bir tasar\u0131mda uzun strok gerektiren a\u011f\u0131r hizmet uygulamalar\u0131nda yayg\u0131n olarak kullan\u0131l\u0131r. Baz\u0131 yayg\u0131n uygulamalar \u015funlard\u0131r:<\/p>\n<ul>\n<li>Ekskavat\u00f6rler ve kaz\u0131c\u0131lar gibi in\u015faat ekipmanlar\u0131<\/li>\n<li>Y\u00fckleyiciler ve nakliye kamyonlar\u0131 gibi madencilik makineleri<\/li>\n<li>Hidrolik presler ve enjeksiyon kal\u0131plama makineleri gibi end\u00fcstriyel makineler.<\/li>\n<\/ul>\n<p>Ters teleskopik silindire bir \u00f6rnek olarak, d\u00fc\u015f\u00fck fiyatl\u0131 10 tonluk 4 kademeli hidrolik teleskopik piston silindiri verilebilir. Bu silindir, \u00e7e\u015fitli a\u011f\u0131r hizmet uygulamalar\u0131nda kullan\u0131lmak \u00fczere tasarlanm\u0131\u015ft\u0131r ve uzun strok uzunlu\u011funa sahip kompakt bir tasar\u0131ma sahiptir. Y\u00fcksek kaliteli malzemelerden \u00fcretilmi\u015ftir ve a\u011f\u0131r kullan\u0131m\u0131n zorluklar\u0131na dayanacak \u015fekilde tasarlanm\u0131\u015ft\u0131r.<\/p>\n<p>Ters teleskopik silindir, bir\u00e7ok a\u011f\u0131r hizmet uygulamas\u0131nda \u00f6nemli bir bile\u015fendir. Benzersiz tasar\u0131m\u0131, kompakt boyutunu korurken uzun bir strok uzunlu\u011funa olanak tan\u0131r ve bu da onu alan k\u0131s\u0131tlamal\u0131 uygulamalar i\u00e7in ideal bir se\u00e7im haline getirir. \u0130n\u015faat, madencilik veya end\u00fcstriyel makinelerde \u00e7al\u0131\u015f\u0131yor olun, ters teleskopik silindir hidrolik silindir ihtiya\u00e7lar\u0131n\u0131z i\u00e7in g\u00fcvenilir ve verimli bir se\u00e7imdir.<\/p>\n<h3>FMP Hakk\u0131nda<\/h3>\n<p>FMP, Hidrolik Silindir \u00fcretimi ve sat\u0131\u015f\u0131 konusunda uzmanla\u015fm\u0131\u015f bir \u015firkettir. \u0130talya'da bulunan firmam\u0131z, uzun y\u0131llara dayanan sekt\u00f6r deneyimine ve m\u00fc\u015fterilerimize y\u00fcksek kaliteli ve g\u00fcvenilir hidrolik silindir \u00e7\u00f6z\u00fcmleri sunmaya kendini adam\u0131\u015f profesyonel bir ekibe sahiptir.<\/p>\n<p><img decoding=\"async\" src=\"https:\/\/fmp-components.com\/wp-content\/uploads\/2024\/12\/Adjustable-Clevis-Type-Cylinders-6.webp\" alt=\"Ayarlanabilir \u00c7atal Tipi Silindir\" width=\"827\" title=\"\"><\/p>\n<h4>\u00dcr\u00fcnlerimiz ve \u015eirketimizin Avantajlar\u0131:<\/h4>\n<ol>\n<li>Geni\u015f Hidrolik Silindir Yelpazesi: Ayarlanabilir \u00e7atal tipi silindirler, teleskopik silindirler, rot kolu silindirleri ve daha fazlas\u0131 dahil olmak \u00fczere \u00e7ok \u00e7e\u015fitli hidrolik silindirler sunuyoruz. Geni\u015f \u00fcr\u00fcn yelpazemiz, \u00e7e\u015fitli uygulamalar i\u00e7in do\u011fru silindire sahip olmam\u0131z\u0131 sa\u011flar.<\/li>\n<li>Y\u00fcksek Kaliteli Yap\u0131: Hidrolik silindirlerimiz, en kaliteli malzemeler ve geli\u015fmi\u015f \u00fcretim teknikleri kullan\u0131larak \u00fcretilmektedir. Bu sayede, zorlu \u00e7al\u0131\u015fma ko\u015fullar\u0131nda bile dayan\u0131kl\u0131l\u0131k, g\u00fcvenilirlik ve uzun \u00f6m\u00fcr garanti alt\u0131na al\u0131nm\u0131\u015ft\u0131r.<\/li>\n<li>S\u0131k\u0131 Kalite Kontrol\u00fc: FMP olarak, y\u00fcksek kaliteli tedarik\u00e7ilerle uzun vadeli ve istikrarl\u0131 ili\u015fkiler kurduk. Tedarik etti\u011fimiz t\u00fcm par\u00e7alar\u0131 titizlikle inceleyip test ederek s\u0131k\u0131 kalite standartlar\u0131m\u0131z\u0131 kar\u015f\u0131lad\u0131klar\u0131ndan emin oluyoruz. Bu sayede, hidrolik silindirlerimiz s\u00fcrekli olarak ola\u011fan\u00fcst\u00fc performans sergiliyor.<\/li>\n<li>Uzman Sat\u0131\u015f Ekibi: Deneyimli ve yetenekli sat\u0131\u015f ekibimiz, in\u015faat makineleri sekt\u00f6r\u00fcndeki geli\u015fme trendleri ve m\u00fc\u015fteri ihtiya\u00e7lar\u0131 konusunda uzmand\u0131r. Profesyonel \u00fcr\u00fcn dan\u0131\u015fmanl\u0131\u011f\u0131 ve ak\u0131ll\u0131 sat\u0131n alma \u00f6nerileri sunarak m\u00fc\u015fterilerimizin bilin\u00e7li kararlar almas\u0131n\u0131 sa\u011flarlar.<\/li>\n<li>Verimli Lojistik Da\u011f\u0131t\u0131m: Hidrolik silindirlerimizin zaman\u0131nda ve do\u011fru teslimat\u0131n\u0131 sa\u011flamak i\u00e7in verimli bir lojistik da\u011f\u0131t\u0131m sistemimiz mevcuttur. M\u00fc\u015fterilerimiz, ar\u0131za s\u00fcrelerini en aza indirip \u00fcretkenli\u011fi en \u00fcst d\u00fczeye \u00e7\u0131karmalar\u0131na olanak tan\u0131yan h\u0131zl\u0131 ve sorunsuz hizmet sunaca\u011f\u0131m\u0131za g\u00fcvenebilirler.<\/li>\n<\/ol>\n<p>T\u00fcm hidrolik silindir ihtiya\u00e7lar\u0131n\u0131z i\u00e7in g\u00fcvenilir orta\u011f\u0131n\u0131z olarak FMP'yi se\u00e7in. Geni\u015f kaliteli \u00fcr\u00fcn yelpazemiz, s\u0131k\u0131 kalite kontrol\u00fcm\u00fcz, bilgili sat\u0131\u015f ekibimiz ve verimli lojistik \u00e7\u00f6z\u00fcmlerimiz sayesinde, in\u015faat makineleri projelerinizde ba\u015far\u0131ya ula\u015fman\u0131za yard\u0131mc\u0131 olmaya kararl\u0131y\u0131z.<\/p>\n<p>Yazar:CX<\/p>","protected":false},"excerpt":{"rendered":"<p>Introducing the Low Price 10 Ton 4 Stage Hydraulic Telescopic Ram Cylinder: The Low Price 10 Ton 4 Stage Hydraulic Telescopic Ram Cylinder is a highly versatile and durable product designed to meet the demanding needs of various industries. With its advanced hydraulic technology, this cylinder offers exceptional performance and efficiency. Featuring a 10-ton capacity, [&hellip;]<\/p>","protected":false},"featured_media":1652,"comment_status":"closed","ping_status":"closed","template":"","meta":{"_et_pb_use_builder":"","_et_pb_old_content":"","_et_gb_content_width":""},"product_brand":[],"product_cat":[45],"product_tag":[34,48],"class_list":{"0":"post-1651","1":"product","2":"type-product","3":"status-publish","4":"has-post-thumbnail","6":"product_cat-inverted-telescopic-cylinder","7":"product_tag-hydraulic-cylinder","8":"product_tag-inverted-telescopic-cylinder","10":"first","11":"instock","12":"product-type-simple"},"_links":{"self":[{"href":"https:\/\/fmp-components.com\/tr\/wp-json\/wp\/v2\/product\/1651","targetHints":{"allow":["GET"]}}],"collection":[{"href":"https:\/\/fmp-components.com\/tr\/wp-json\/wp\/v2\/product"}],"about":[{"href":"https:\/\/fmp-components.com\/tr\/wp-json\/wp\/v2\/types\/product"}],"replies":[{"embeddable":true,"href":"https:\/\/fmp-components.com\/tr\/wp-json\/wp\/v2\/comments?post=1651"}],"wp:featuredmedia":[{"embeddable":true,"href":"https:\/\/fmp-components.com\/tr\/wp-json\/wp\/v2\/media\/1652"}],"wp:attachment":[{"href":"https:\/\/fmp-components.com\/tr\/wp-json\/wp\/v2\/media?parent=1651"}],"wp:term":[{"taxonomy":"product_brand","embeddable":true,"href":"https:\/\/fmp-components.com\/tr\/wp-json\/wp\/v2\/product_brand?post=1651"},{"taxonomy":"product_cat","embeddable":true,"href":"https:\/\/fmp-components.com\/tr\/wp-json\/wp\/v2\/product_cat?post=1651"},{"taxonomy":"product_tag","embeddable":true,"href":"https:\/\/fmp-components.com\/tr\/wp-json\/wp\/v2\/product_tag?post=1651"}],"curies":[{"name":"wp","href":"https:\/\/api.w.org\/{rel}","templated":true}]}}