{"id":1645,"date":"2024-12-23T07:00:44","date_gmt":"2024-12-23T07:00:44","guid":{"rendered":"https:\/\/fmp-components.com\/product\/factory-price-long-stroke-hydraulic-cylinder-for-truck\/"},"modified":"2025-03-11T05:50:23","modified_gmt":"2025-03-11T05:50:23","slug":"factory-price-long-stroke-hydraulic-cylinder-for-truck","status":"publish","type":"product","link":"https:\/\/fmp-components.com\/tr\/product\/factory-price-long-stroke-hydraulic-cylinder-for-truck\/","title":{"rendered":"Kamyon i\u00e7in Fabrika Fiyat\u0131 Uzun Stroklu Hidrolik Silindir"},"content":{"rendered":"<p>Kamyonlar i\u00e7in Fabrika Fiyat\u0131 Uzun Stroklu Hidrolik Silindir, \u00f6zellikle kamyonlarda kullan\u0131lmak \u00fczere tasarlanm\u0131\u015f, son derece g\u00fcvenilir ve verimli bir hidrolik silindirdir. \u00dcst\u00fcn kaliteli malzemeler kullan\u0131larak \u00fcretilen bu hidrolik silindir, en zorlu ko\u015fullarda bile uzun hizmet \u00f6mr\u00fc ve y\u00fcksek performans sa\u011flayacak \u015fekilde tasarlanm\u0131\u015ft\u0131r.<\/p>\n<p>Uzun stroklu tasar\u0131m\u0131yla donat\u0131lan bu hidrolik silindir, t\u00fcm strok uzunlu\u011fu boyunca g\u00fc\u00e7l\u00fc ve tutarl\u0131 bir kuvvet sa\u011flama kapasitesine sahiptir ve bu da onu kamyon y\u00fckleme ve bo\u015faltma gibi a\u011f\u0131r hizmet uygulamalar\u0131nda kullan\u0131m i\u00e7in ideal hale getirir.<\/p>\n<p>Bu hidrolik silindir, ola\u011fan\u00fcst\u00fc performans\u0131n\u0131n yan\u0131 s\u0131ra olduk\u00e7a uygun maliyetlidir ve bu da onu, b\u00fct\u00e7eyi zorlamadan y\u00fcksek kaliteli bir hidrolik silindir arayan i\u015fletmeler ve bireyler i\u00e7in m\u00fckemmel bir se\u00e7im haline getirir.<\/p>\n<table style=\"width: 100%;\" border=\"1\" width=\"100%\" cellspacing=\"0\" cellpadding=\"0\">\n<tbody>\n<tr>\n<th>\u00dcr\u00fcn Ad\u0131<\/th>\n<td>Kamyon i\u00e7in Fabrika Fiyat\u0131 Uzun Stroklu Hidrolik Silindir<\/td>\n<\/tr>\n<tr>\n<th>Durum<\/th>\n<td>Yeni<\/td>\n<\/tr>\n<tr>\n<th>Garanti<\/th>\n<td>1 Y\u0131l<\/td>\n<\/tr>\n<tr>\n<th>Maksimum \u0130tki<\/th>\n<td>3000<\/td>\n<\/tr>\n<tr>\n<th>\u00c7ekme Kapasitesi<\/th>\n<td>20 Ton<\/td>\n<\/tr>\n<tr>\n<th>Tasar\u0131m<\/th>\n<td>Ters Teleskopik Silindir<\/td>\n<\/tr>\n<tr>\n<th>Malzeme<\/th>\n<td>Dayan\u0131kl\u0131 \u00c7elik<\/td>\n<\/tr>\n<tr>\n<th>G\u00fc\u00e7 Kayna\u011f\u0131<\/th>\n<td>Hidrolik<\/td>\n<\/tr>\n<tr>\n<th>Sertifikasyon<\/th>\n<td>ISO9001:2000<\/td>\n<\/tr>\n<tr>\n<th>Performans<\/th>\n<td>Zorlu Uygulamalar \u0130\u00e7in G\u00fcvenilir ve Verimli<\/td>\n<\/tr>\n<tr>\n<th>Uygulanabilir End\u00fcstriler<\/th>\n<td>\u00dcretim Tesisleri, Makine Tamir At\u00f6lyeleri, \u00c7iftlikler, Enerji ve Madencilik, Makine \u00dcretimi, Makine Fabrikalar\u0131<\/td>\n<\/tr>\n<\/tbody>\n<\/table>\n<h2>Uzun Stroklu Hidrolik Silindirimizin Temel \u00d6zellikleri<\/h2>\n<p>Kamyonlar i\u00e7in Hidrolik Silindirimiz bir\u00e7ok benzersiz \u00f6zelli\u011fe sahiptir:<\/p>\n<ol>\n<li style=\"list-style-type: none;\">\n<ol>\n<li>Standart Piston Silindir yap\u0131s\u0131, verimli \u00e7al\u0131\u015fmay\u0131 garanti eder.<\/li>\n<\/ol>\n<\/li>\n<\/ol>\n<p><img decoding=\"async\" src=\"https:\/\/hzpt.com\/wp-content\/uploads\/2023\/11\/Inverted-Telescopic-Cylinder-16.webp\" alt=\"\" title=\"\"><\/p>\n<ol>\n<li>Kusursuz performans sa\u011flayan hidrolik g\u00fc\u00e7 kayna\u011f\u0131.<\/li>\n<li>\u00c7elik g\u00f6vde ile dayan\u0131kl\u0131l\u0131k.<\/li>\n<li>3000'e kadar y\u00fcksek itme kapasitesi.<\/li>\n<li>20 tona kadar y\u00fcksek \u00e7ekme kuvvetine dayanabilme kabiliyeti.<\/li>\n<\/ol>\n<h2>Uzun Stroklu Hidrolik Silindirin Uygulamalar\u0131<\/h2>\n<p>\u00c7ok y\u00f6nl\u00fc Hidrolik Silindir, \u00e7e\u015fitli end\u00fcstrilerde uygulama alan\u0131 bulmaktad\u0131r. Bunlardan baz\u0131lar\u0131 \u015funlard\u0131r:<\/p>\n<ol>\n<li>\u00dcretim Tesisleri<\/li>\n<li>Makine Tamir At\u00f6lyeleri<\/li>\n<li>\u00c7iftlikler<\/li>\n<li>Enerji ve Madencilik End\u00fcstrileri<\/li>\n<li>Makine Fabrikalar\u0131<\/li>\n<\/ol>\n<p><img decoding=\"async\" src=\"https:\/\/hzpt.com\/wp-content\/uploads\/2023\/11\/Inverted-Telescopic-Cylinder-Applications.webp\" alt=\"Ters Teleskopik Silindir Uygulamalar\u0131\" title=\"\"><\/p>\n<h2>Hidrolik Silindirin \u00c7al\u0131\u015fma Prensibi ve Bak\u0131m\u0131<\/h2>\n<p>Hidrolik Silindir, bas\u0131n\u00e7 fark\u0131 prensibiyle \u00e7al\u0131\u015f\u0131r. Hidrolik s\u0131v\u0131 silindire itilerek bir bas\u0131n\u00e7 fark\u0131 olu\u015fturulur ve pistonun do\u011frusal hareketi sa\u011flan\u0131r. \u00c7\u0131k\u0131\u015f kuvveti, bas\u0131n\u00e7 fark\u0131yla do\u011fru orant\u0131l\u0131d\u0131r.<\/p>\n<p>Hidrolik Silindirin bak\u0131m\u0131 i\u00e7in:<\/p>\n<ol>\n<li>D\u00fczenli kontrol \u00e7ok \u00f6nemlidir. Herhangi bir s\u0131z\u0131nt\u0131 veya hasar olup olmad\u0131\u011f\u0131n\u0131 kontrol edin.<\/li>\n<li>Kir ve kal\u0131nt\u0131lar\u0131n birikmesini \u00f6nlemek i\u00e7in silindiri d\u00fczenli olarak temizleyin.<\/li>\n<li>Hareketli par\u00e7alar\u0131 kullan\u0131m k\u0131lavuzunda belirtildi\u011fi \u015fekilde ya\u011flay\u0131n.<\/li>\n<li>Hidrolik sistemin d\u00fczenli olarak kontrol edilmesi ve onar\u0131lmas\u0131 b\u00fcy\u00fck ar\u0131zalar\u0131n \u00f6n\u00fcne ge\u00e7ebilir.<\/li>\n<li>Optimum performans\u0131 garantilemek i\u00e7in contalar\u0131 periyodik olarak de\u011fi\u015ftirin.<\/li>\n<\/ol>\n<p><img decoding=\"async\" src=\"https:\/\/hzpt.com\/wp-content\/uploads\/2023\/11\/Inverted-Telescopic-Cylinder-7.webp\" alt=\"\" title=\"\"><\/p>\n<h2>Ters Teleskopik Silindir<\/h2>\n<p>Kamyon i\u00e7in Fabrika Fiyat\u0131 Uzun Stroklu Hidrolik Silindir<\/p>\n<ol>\n<li style=\"list-style-type: none;\">\n<ol>\n<li><strong>Ters Teleskopik Silindir Nedir?<\/strong><\/li>\n<\/ol>\n<\/li>\n<\/ol>\n<p>Ters teleskopik silindir, damperli kamyonlar, vin\u00e7ler ve madencilik ekipmanlar\u0131 gibi \u00e7e\u015fitli uygulamalarda kullan\u0131lan bir hidrolik silindir t\u00fcr\u00fcd\u00fcr. Ad\u0131ndan da anla\u015f\u0131laca\u011f\u0131 gibi, bu silindir terstir; yani piston kolu altta, namlu ise \u00fcstte bulunur. Bu tasar\u0131m, daha uzun bir strok uzunlu\u011fu sa\u011flayarak, \u00f6nemli miktarda kuvvet gerektiren a\u011f\u0131r hizmet uygulamalar\u0131 i\u00e7in idealdir.<\/p>\n<ol>\n<li style=\"list-style-type: none;\">\n<ol>\n<li><strong>Ters Teleskopik Silindir nas\u0131l \u00e7al\u0131\u015f\u0131r?<\/strong><\/li>\n<\/ol>\n<\/li>\n<\/ol>\n<p>Silindir, piston kolu uzad\u0131k\u00e7a ve geri \u00e7ekildik\u00e7e birbirinin i\u00e7ine girip \u00e7\u0131kan bir dizi i\u00e7 i\u00e7e ge\u00e7mi\u015f borudan olu\u015fur. D\u0131\u015f boru genellikle montaj y\u00fczeyine sabitlenirken, en i\u00e7teki boru piston koluna ba\u011fl\u0131d\u0131r. Silindire hidrolik bas\u0131n\u00e7 uyguland\u0131\u011f\u0131nda, piston kolu uzar ve borular\u0131n d\u0131\u015far\u0131 do\u011fru teleskopik hareket etmesine neden olur. Tersine, bas\u0131n\u00e7 b\u0131rak\u0131ld\u0131\u011f\u0131nda ise piston kolu geri \u00e7ekilir ve borular\u0131n namluya geri \u00e7\u00f6kmesine neden olur.<\/p>\n<ol>\n<li style=\"list-style-type: none;\">\n<ol>\n<li><strong>Ters Teleskopik Silindir kullanman\u0131n avantajlar\u0131 nelerdir?<\/strong><\/li>\n<\/ol>\n<\/li>\n<\/ol>\n<p>Ters teleskopik silindir kullanman\u0131n temel avantajlar\u0131ndan biri, nispeten k\u0131sa bir geri \u00e7ekilme mesafesini korurken uzun bir strok uzunlu\u011fu sa\u011flayabilmesidir. Bu, onu alan\u0131n s\u0131n\u0131rl\u0131 oldu\u011fu uygulamalar i\u00e7in ideal hale getirir. Ayr\u0131ca, bu silindirler geleneksel teleskopik silindirlere g\u00f6re yan y\u00fcklemeye daha dayan\u0131kl\u0131d\u0131r, bu da silindirin ve bile\u015fenlerinin hasar g\u00f6rmesini \u00f6nlemeye yard\u0131mc\u0131 olur. Ters teleskopik silindirler ayr\u0131ca di\u011fer silindir t\u00fcrlerinden daha verimlidir, bu da \u00e7al\u0131\u015fmak i\u00e7in daha az enerji gerektirdikleri ve zaman i\u00e7inde i\u015fletme maliyetlerini azaltabilecekleri anlam\u0131na gelir.<\/p>\n<ol>\n<li style=\"list-style-type: none;\">\n<ol>\n<li><strong>Ters Teleskopik Silindirlerin Uygulamalar\u0131 Nelerdir?<\/strong><\/li>\n<\/ol>\n<\/li>\n<\/ol>\n<p>Ters teleskopik silindirler, damperli kamyonlar, vin\u00e7ler ve madencilik ekipmanlar\u0131 gibi \u00f6nemli miktarda kuvvet gerektiren a\u011f\u0131r hizmet uygulamalar\u0131nda yayg\u0131n olarak kullan\u0131l\u0131r. Ayr\u0131ca k\u00f6pr\u00fc in\u015faat\u0131, malzeme ta\u015f\u0131ma ve tar\u0131m ekipmanlar\u0131 gibi di\u011fer uygulamalarda da kullan\u0131labilirler. Ters teleskopik silindirler, uzun strok uzunlu\u011funa ihtiya\u00e7 duyulan ancak alan\u0131n s\u0131n\u0131rl\u0131 oldu\u011fu uygulamalar i\u00e7in idealdir.<\/p>\n<ol>\n<li style=\"list-style-type: none;\">\n<ol>\n<li><strong>Uygulaman\u0131z i\u00e7in do\u011fru Ters Teleskopik Silindiri nas\u0131l se\u00e7ersiniz?<\/strong><\/li>\n<\/ol>\n<\/li>\n<\/ol>\n<p>Ters teleskopik silindir se\u00e7erken, maksimum y\u00fck kapasitesi, strok uzunlu\u011fu ve montaj se\u00e7enekleri gibi dikkate al\u0131nmas\u0131 gereken \u00e7e\u015fitli fakt\u00f6rler vard\u0131r. Silindirin kullan\u0131laca\u011f\u0131 ortam\u0131 da g\u00f6z \u00f6n\u00fcnde bulundurmak \u00f6nemlidir, \u00e7\u00fcnk\u00fc bu, malzeme se\u00e7imini ve s\u0131zd\u0131rmazl\u0131k se\u00e7eneklerini etkileyebilir. Bir hidrolik silindir uzman\u0131na dan\u0131\u015fmak, \u00f6zel uygulaman\u0131z i\u00e7in do\u011fru silindiri se\u00e7menize yard\u0131mc\u0131 olabilir.<\/p>\n<h3>FMP Hakk\u0131nda \u2013 Profesyonel Hidrolik Silindir \u00dcreticisi ve Tedarik\u00e7isi<\/h3>\n<p>FMP, y\u00fcksek kaliteli ve g\u00fcvenilir in\u015faat makinesi par\u00e7alar\u0131 ve komple makinelerin \u00fcretimi ve sat\u0131\u015f\u0131 konusunda uzmanla\u015fm\u0131\u015f bir \u015firkettir. Sekt\u00f6rde uzun y\u0131llara dayanan deneyime ve m\u00fc\u015fterilerimizin en iyi \u00fcr\u00fcn ve hizmetleri almas\u0131n\u0131 sa\u011flayan profesyonel bir ekibe sahibiz.<\/p>\n<p>Hidrolik Silindirimiz en pop\u00fcler \u00fcr\u00fcnlerimizden biri ve bunun hakl\u0131 bir nedeni var. Hidrolik silindir tedarik\u00e7iniz olarak FMP'yi se\u00e7meniz i\u00e7in birka\u00e7 neden:<\/p>\n<p>1. Y\u00fcksek Kaliteli Malzemeler \u2013 Hidrolik silindirlerimizi \u00fcretmek i\u00e7in yaln\u0131zca en y\u00fcksek kaliteli malzemeleri kullan\u0131yoruz. Bu, dayan\u0131kl\u0131, g\u00fcvenilir ve uzun \u00f6m\u00fcrl\u00fc olmalar\u0131n\u0131 sa\u011flar.<\/p>\n<p>2. \u00c7e\u015fitli Se\u00e7enekler \u2013 Ayarlanabilir \u00c7atal Tipi Silindirler, \u00c7ift Etkili Hidrolik Silindirler ve Kaynakl\u0131 Hidrolik Silindirler dahil olmak \u00fczere geni\u015f bir hidrolik silindir yelpazesi sunuyoruz. Bu sayede m\u00fc\u015fterilerimiz ihtiya\u00e7lar\u0131na en uygun silindiri se\u00e7ebilirler.<\/p>\n<p>3. \u00d6zelle\u015ftirme \u2013 Her m\u00fc\u015fterinin benzersiz gereksinimleri oldu\u011funu biliyoruz, bu nedenle \u00f6zel ihtiya\u00e7lar\u0131 kar\u015f\u0131lamak i\u00e7in \u00f6zelle\u015ftirilmi\u015f hidrolik silindirler sunuyoruz.<\/p>\n<p>4. Profesyonel Sat\u0131\u015f Ekibi \u2013 Deneyimli ve yetenekli sat\u0131\u015f ekibimiz, m\u00fc\u015fterilerimize profesyonel \u00fcr\u00fcn dan\u0131\u015fmanl\u0131\u011f\u0131 sa\u011flamak ve ak\u0131ll\u0131 sat\u0131n alma \u00f6nerileri sunmak i\u00e7in her zaman haz\u0131rd\u0131r.<\/p>\n<p>5. Verimli Lojistik Da\u011f\u0131t\u0131m Sistemi \u2013 M\u00fc\u015fterilerimizin ihtiya\u00e7 duyduklar\u0131 hidrolik silindirleri zaman\u0131nda ve do\u011fru bir \u015fekilde almas\u0131n\u0131 sa\u011flayan verimli bir lojistik da\u011f\u0131t\u0131m sistemimiz bulunmaktad\u0131r.<\/p>\n<p><img decoding=\"async\" src=\"https:\/\/fmp-components.com\/wp-content\/uploads\/2024\/12\/Adjustable-Clevis-Type-Cylinders-6.webp\" alt=\"Ayarlanabilir \u00c7atal Tipi Silindir\" width=\"824\" title=\"\"><\/p>\n<p>Bu avantajlar\u0131n yan\u0131 s\u0131ra, FMP, tedarik edilen t\u00fcm par\u00e7alar\u0131n s\u0131k\u0131 kalite standartlar\u0131n\u0131 kar\u015f\u0131lamas\u0131n\u0131 sa\u011flamak i\u00e7in yurt i\u00e7i ve yurt d\u0131\u015f\u0131ndaki y\u00fcksek kaliteli tedarik\u00e7ilerle uzun vadeli ve istikrarl\u0131 i\u015f birli\u011fi ili\u015fkileri kurmaya kendini adam\u0131\u015ft\u0131r. Bu nedenle, hidrolik silindirlerimizin en y\u00fcksek kalitede oldu\u011funu ve ihtiya\u00e7lar\u0131n\u0131z\u0131 kar\u015f\u0131layaca\u011f\u0131n\u0131 garanti ediyoruz.<\/p>\n<p>Hidrolik silindir \u00fcreticiniz ve tedarik\u00e7iniz olarak FMP'yi se\u00e7in. \u00dcr\u00fcn ve hizmetlerimiz hakk\u0131nda daha fazla bilgi edinmek i\u00e7in bug\u00fcn bizimle ileti\u015fime ge\u00e7in.<br \/>\nYazar:CX<\/p>","protected":false},"excerpt":{"rendered":"<p>Factory Price Long Stroke Hydraulic Cylinder for Truck is a highly reliable and efficient hydraulic cylinder designed specifically for use in trucks. Manufactured using superior quality materials, this hydraulic cylinder is designed to provide a long service life and high performance even under the most demanding conditions. Equipped with a long stroke design, this hydraulic [&hellip;]<\/p>","protected":false},"featured_media":1646,"comment_status":"closed","ping_status":"closed","template":"","meta":{"_et_pb_use_builder":"","_et_pb_old_content":"","_et_gb_content_width":""},"product_brand":[],"product_cat":[45],"product_tag":[34,48],"class_list":{"0":"post-1645","1":"product","2":"type-product","3":"status-publish","4":"has-post-thumbnail","6":"product_cat-inverted-telescopic-cylinder","7":"product_tag-hydraulic-cylinder","8":"product_tag-inverted-telescopic-cylinder","10":"first","11":"instock","12":"product-type-simple"},"_links":{"self":[{"href":"https:\/\/fmp-components.com\/tr\/wp-json\/wp\/v2\/product\/1645","targetHints":{"allow":["GET"]}}],"collection":[{"href":"https:\/\/fmp-components.com\/tr\/wp-json\/wp\/v2\/product"}],"about":[{"href":"https:\/\/fmp-components.com\/tr\/wp-json\/wp\/v2\/types\/product"}],"replies":[{"embeddable":true,"href":"https:\/\/fmp-components.com\/tr\/wp-json\/wp\/v2\/comments?post=1645"}],"wp:featuredmedia":[{"embeddable":true,"href":"https:\/\/fmp-components.com\/tr\/wp-json\/wp\/v2\/media\/1646"}],"wp:attachment":[{"href":"https:\/\/fmp-components.com\/tr\/wp-json\/wp\/v2\/media?parent=1645"}],"wp:term":[{"taxonomy":"product_brand","embeddable":true,"href":"https:\/\/fmp-components.com\/tr\/wp-json\/wp\/v2\/product_brand?post=1645"},{"taxonomy":"product_cat","embeddable":true,"href":"https:\/\/fmp-components.com\/tr\/wp-json\/wp\/v2\/product_cat?post=1645"},{"taxonomy":"product_tag","embeddable":true,"href":"https:\/\/fmp-components.com\/tr\/wp-json\/wp\/v2\/product_tag?post=1645"}],"curies":[{"name":"wp","href":"https:\/\/api.w.org\/{rel}","templated":true}]}}