{"id":1643,"date":"2024-12-23T07:00:44","date_gmt":"2024-12-23T07:00:44","guid":{"rendered":"https:\/\/fmp-components.com\/product\/factory-direct-supply-long-stroke-trailer-hydraulic-ram-cylinder\/"},"modified":"2025-03-11T06:10:14","modified_gmt":"2025-03-11T06:10:14","slug":"factory-direct-supply-long-stroke-trailer-hydraulic-ram-cylinder","status":"publish","type":"product","link":"https:\/\/fmp-components.com\/tr\/product\/factory-direct-supply-long-stroke-trailer-hydraulic-ram-cylinder\/","title":{"rendered":"Fabrika Do\u011frudan Tedarik Uzun Stroklu R\u00f6mork Hidrolik Ram Silindiri"},"content":{"rendered":"<p>Fabrika Do\u011frudan Tedarik Uzun Stroklu R\u00f6mork Hidrolik Silindiri, r\u00f6morklarda kullan\u0131lmak \u00fczere tasarlanm\u0131\u015f y\u00fcksek kaliteli bir hidrolik silindirdir. Uzun stro\u011fu sayesinde a\u011f\u0131r y\u00fckleri kolayca ve verimli bir \u015fekilde kald\u0131rabilir. Silindir, birinci s\u0131n\u0131f malzemelerden \u00fcretilmi\u015ftir, bu da dayan\u0131kl\u0131l\u0131\u011f\u0131n\u0131 ve a\u015f\u0131nma ve y\u0131pranmaya dayan\u0131kl\u0131l\u0131\u011f\u0131n\u0131 sa\u011flar.<\/p>\n<p>Bu hidrolik ko\u00e7 silindirinin temel \u00f6zelliklerinden biri hassas m\u00fchendisli\u011fidir. Sorunsuz ve g\u00fcvenilir bir \u00e7al\u0131\u015fma sa\u011flayacak \u015fekilde tasarlanm\u0131\u015ft\u0131r ve her seferinde optimum performans sa\u011flar. Sa\u011flam yap\u0131s\u0131, y\u00fcksek bas\u0131n\u00e7l\u0131 uygulamalar\u0131 b\u00fck\u00fclmeden veya ar\u0131zalanmadan idare edebilmesini sa\u011flar.<\/p>\n<p>Bu hidrolik silindirin montaj\u0131 ve bak\u0131m\u0131 kolayd\u0131r, bu da onu g\u00fcvenilir ve verimli bir ekipmana ihtiya\u00e7 duyan yo\u011fun profesyoneller i\u00e7in ideal bir se\u00e7im haline getirir. Ayr\u0131ca son derece uyarlanabilir olmas\u0131, onu \u00e7e\u015fitli sekt\u00f6rlerde ve ortamlarda kullan\u0131ma uygun hale getirir.<\/p>\n<table style=\"width: 100%;\" border=\"1\" width=\"100%\" cellspacing=\"0\" cellpadding=\"0\">\n<tbody>\n<tr>\n<th>\u00dcr\u00fcn Ad\u0131<\/th>\n<td>Fabrika Do\u011frudan Tedarik Uzun Stroklu R\u00f6mork Hidrolik Ram Silindiri<\/td>\n<\/tr>\n<tr>\n<th>Durum<\/th>\n<td>Yeni<\/td>\n<\/tr>\n<tr>\n<th>Garanti<\/th>\n<td>1 Y\u0131l<\/td>\n<\/tr>\n<tr>\n<th>A\u011f\u0131rl\u0131k (KG)<\/th>\n<td>63<\/td>\n<\/tr>\n<tr>\n<th>Maksimum \u0130tki<\/th>\n<td>3000<\/td>\n<\/tr>\n<tr>\n<th>Maksimum \u00c7ekme<\/th>\n<td>20 ton<\/td>\n<\/tr>\n<tr>\n<th>G\u00f6vde Malzemesi<\/th>\n<td>Dayan\u0131kl\u0131 \u00c7elik<\/td>\n<\/tr>\n<tr>\n<th>G\u00fc\u00e7 Kayna\u011f\u0131<\/th>\n<td>Hidrolik<\/td>\n<\/tr>\n<tr>\n<th>\u00c7ekirdek Bile\u015fenler<\/th>\n<td>Rulman, Piston Silindiri<\/td>\n<\/tr>\n<tr>\n<th>Yap\u0131<\/th>\n<td>Standart Piston Silindiri<\/td>\n<\/tr>\n<tr>\n<th>Sertifikasyon<\/th>\n<td>ISO9001:2000<\/td>\n<\/tr>\n<tr>\n<th>Uygulanabilir End\u00fcstriler<\/th>\n<td>\u00dcretim Tesisleri, Makine Tamir At\u00f6lyeleri, \u00c7iftlikler, Enerji, Madencilik, Makine \u0130malat\u0131<\/td>\n<\/tr>\n<tr>\n<th>Kalite G\u00fcvencesi<\/th>\n<td>Giden Muayene ve Makine Test Raporu<\/td>\n<\/tr>\n<tr>\n<th>Performans<\/th>\n<td>Hassas M\u00fchendislik, Dayan\u0131kl\u0131l\u0131k ve Kullan\u0131m Kolayl\u0131\u011f\u0131<\/td>\n<\/tr>\n<\/tbody>\n<\/table>\n<p><img decoding=\"async\" src=\"https:\/\/hzpt.com\/wp-content\/uploads\/2023\/11\/Inverted-Telescopic-Cylinder-6.webp\" alt=\"\" title=\"\"><\/p>\n<h2>Uzun Stroklu R\u00f6mork Hidrolik Ram Silindirinin \u00d6zellikleri<\/h2>\n<p>Uzun Stroklu R\u00f6mork Hidrolik Ko\u00e7 Silindiri bir dizi \u00f6zelli\u011fe sahiptir:<\/p>\n<ul>\n<li><strong>Standart Yap\u0131:<\/strong> Silindir, hidrolik enerjiyle \u00e7al\u0131\u015fan bir piston yap\u0131s\u0131na sahiptir.<\/li>\n<li><strong>Dayan\u0131kl\u0131 Malzeme:<\/strong> G\u00f6vdesi a\u011f\u0131r kullan\u0131ma dayan\u0131kl\u0131 sa\u011flam \u00e7elikten yap\u0131lm\u0131\u015ft\u0131r.<\/li>\n<li><strong>Y\u00fcksek G\u00fc\u00e7:<\/strong> Maksimum itme g\u00fcc\u00fc 3000 olup, 20 tona kadar \u00e7ekme kapasitesine sahiptir.<\/li>\n<li><strong>Sertifikal\u0131:<\/strong> Bu \u00fcr\u00fcn ISO9001:2000 sertifikas\u0131na sahiptir ve bu da kalitesini ve g\u00fcvenilirli\u011fini garanti alt\u0131na al\u0131r.<\/li>\n<li><strong>\u00c7ok y\u00f6nl\u00fc:<\/strong> \u00dcretimden tar\u0131ma kadar pek \u00e7ok sekt\u00f6re uygundur.<\/li>\n<\/ul>\n<h2>Uzun Stroklu R\u00f6mork Hidrolik Ram Silindirinin Uygulamalar\u0131<\/h2>\n<p>Uzun Stroklu R\u00f6mork Hidrolik Ram Silindiri \u00e7e\u015fitli sekt\u00f6rlerde kullan\u0131m alan\u0131 bulmaktad\u0131r:<\/p>\n<ul>\n<li><strong>\u00dcretim Tesisleri:<\/strong> \u00dcretim s\u00fcre\u00e7lerinde kullan\u0131lan a\u011f\u0131r makinelerde kritik bir bile\u015fendir.<\/li>\n<li><strong>Makine Tamir At\u00f6lyeleri:<\/strong> Silindir, \u00e7e\u015fitli tipteki makinelerin tamir ve bak\u0131m\u0131nda olmazsa olmaz bir par\u00e7ad\u0131r.<\/li>\n<li><strong>\u00c7iftlikler:<\/strong> Tar\u0131m makinelerinin \u00e7al\u0131\u015ft\u0131r\u0131lmas\u0131na yard\u0131mc\u0131 olur.<\/li>\n<li><strong>Enerji ve Madencilik:<\/strong> Silindir enerji \u00fcretimi ve madencilik ekipmanlar\u0131nda kullan\u0131l\u0131r.<\/li>\n<li><strong>Makine \u0130malat\u0131:<\/strong> End\u00fcstriyel makinelerin \u00fcretiminde \u00f6nemli bir bile\u015fendir.<\/li>\n<\/ul>\n<p><img decoding=\"async\" src=\"https:\/\/hzpt.com\/wp-content\/uploads\/2023\/11\/Inverted-Telescopic-Cylinder-Applications.webp\" alt=\"Ters Teleskopik Silindir Uygulamalar\u0131\" title=\"\"><\/p>\n<h2>Uzun Stroklu R\u00f6mork Hidrolik Ram Silindirinin \u00c7al\u0131\u015fma Prensibi ve Bak\u0131m\u0131<\/h2>\n<p>Uzun Stroklu R\u00f6mork Hidrolik Ram Silindiri, hidrolik s\u0131v\u0131 giri\u015f\/\u00e7\u0131k\u0131\u015f kuvveti prensibiyle \u00e7al\u0131\u015f\u0131r. G\u00fcc\u00fcn\u00fc hidrolik enerjiden al\u0131r ve d\u00fc\u015f\u00fck giri\u015f kuvvetine ra\u011fmen y\u00fcksek \u00e7\u0131k\u0131\u015f kuvveti uygulayarak \u00e7al\u0131\u015f\u0131r. Bu y\u00fcksek g\u00fc\u00e7-kuvvet oran\u0131, onu bir\u00e7ok a\u011f\u0131r hizmet uygulamas\u0131n\u0131n ayr\u0131lmaz bir par\u00e7as\u0131 haline getirir.<\/p>\n<p>Silindirin uzun \u00f6m\u00fcrl\u00fc ve optimum performans g\u00f6stermesi i\u00e7in d\u00fczenli bak\u0131ma ihtiyac\u0131 vard\u0131r. Bak\u0131m y\u00f6ntemleri \u015funlard\u0131r:<\/p>\n<ul>\n<li style=\"list-style-type: none;\">\n<ul>\n<li><strong>D\u00fczenli Denetim:<\/strong> D\u00fczenli denetimler olas\u0131 sorunlar\u0131n erken a\u015famada tespit edilip d\u00fczeltilmesine yard\u0131mc\u0131 olur.<\/li>\n<li><strong>Temizlik:<\/strong> Silindirin temiz tutulmas\u0131, i\u015flevini bozabilecek toz ve kal\u0131nt\u0131lar\u0131n birikmesini \u00f6nler.<\/li>\n<li><strong>Ya\u011flama:<\/strong> D\u00fczenli ya\u011flama, sorunsuz \u00e7al\u0131\u015fmay\u0131 sa\u011flar ve a\u015f\u0131nmay\u0131 azalt\u0131r.<\/li>\n<li><strong>Conta De\u011fi\u015fimi:<\/strong> S\u0131z\u0131nt\u0131lar\u0131 \u00f6nlemek ve bas\u0131nc\u0131 korumak i\u00e7in hasarl\u0131 contalar derhal de\u011fi\u015ftirilmelidir.<\/li>\n<\/ul>\n<\/li>\n<\/ul>\n<ul>\n<li><strong>Operat\u00f6r K\u0131lavuzunu takip ederek:<\/strong> Kullan\u0131m k\u0131lavuzunda yer alan talimat ve y\u00f6nergelere uyulmas\u0131, silindirin g\u00fcvenli ve etkili bir \u015fekilde kullan\u0131lmas\u0131n\u0131 sa\u011flar.<\/li>\n<\/ul>\n<p><img decoding=\"async\" src=\"https:\/\/hzpt.com\/wp-content\/uploads\/2023\/11\/Inverted-Telescopic-Cylinder-20.webp\" alt=\"\" title=\"\"><\/p>\n<h2>Ters Teleskopik Silindir<\/h2>\n<p>Teleskopik silindir, kompakt boyutunu korurken daha uzun strok sa\u011flayan, i\u00e7 i\u00e7e ge\u00e7mi\u015f birden fazla a\u015famadan olu\u015fan bir hidrolik silindir t\u00fcr\u00fcd\u00fcr. \u00c7e\u015fitli teleskopik silindir t\u00fcrleri aras\u0131nda, ters teleskopik silindir benzersiz tasar\u0131m\u0131 ve i\u015flevselli\u011fiyle \u00f6ne \u00e7\u0131kar. Bu yaz\u0131da, ters teleskopik silindirin \u00f6zelliklerini ve uygulamalar\u0131n\u0131 inceleyerek \u00e7e\u015fitli sekt\u00f6rlerdeki avantajlar\u0131n\u0131 vurgulayaca\u011f\u0131z.<\/p>\n<h3>Temel \u00d6zellikler:<\/h3>\n<p>1. Fabrikadan Do\u011frudan Tedarik: Ters teleskopik silindir, do\u011frudan fabrikadan \u00fcretilip tedarik edilerek y\u00fcksek kaliteli \u00fcr\u00fcnler ve rekabet\u00e7i fiyatlar sa\u011flar. Bu do\u011frudan tedarik zinciri, gereksiz arac\u0131lar\u0131 ortadan kald\u0131rarak m\u00fc\u015fteriler i\u00e7in maliyet tasarrufu sa\u011flar.<\/p>\n<p>2. Uzun Strok: Ters teleskopik silindir, geleneksel silindirlere k\u0131yasla daha uzun bir strok sa\u011flamak \u00fczere \u00f6zel olarak tasarlanm\u0131\u015ft\u0131r. \u0130\u00e7 i\u00e7e ge\u00e7mi\u015f kademeleri sayesinde, \u00f6nemli \u00f6l\u00e7\u00fcde uzat\u0131lm\u0131\u015f bir strok uzunlu\u011fu elde edebilir ve farkl\u0131 end\u00fcstrilerde daha \u00e7ok y\u00f6nl\u00fc uygulamalara olanak tan\u0131r.<\/p>\n<p>3. Treyler Hidrolik Ram Silindiri: Ters teleskopik silindirin temel uygulamalar\u0131ndan biri treyler hidrolik sistemleridir. Genellikle treylerlerde ram silindiri olarak kullan\u0131l\u0131r ve sorunsuz ve verimli kald\u0131rma ve devirme i\u015flemlerine olanak tan\u0131r. Uzun strok kabiliyeti, daha y\u00fcksek bir bo\u015faltma a\u00e7\u0131s\u0131 ve art\u0131r\u0131lm\u0131\u015f y\u00fckleme kapasitesi sa\u011flad\u0131\u011f\u0131 i\u00e7in bu ba\u011flamda \u00f6zellikle avantajl\u0131d\u0131r.<\/p>\n<h3>Uygulamalar:<\/h3>\n<p>1. Damperli Kamyonlar: \u0130n\u015faat ve madencilik sekt\u00f6rlerinde damperli kamyonlar, malzeme ta\u015f\u0131ma ve bo\u015faltma i\u00e7in olmazsa olmazd\u0131r. Ters teleskopik silindir, bu kamyonlar\u0131n kald\u0131rma ve devirme mekanizmas\u0131nda \u00f6nemli bir rol oynayarak verimli ve g\u00fcvenilir bir \u00e7al\u0131\u015fma sa\u011flar. Uzun strok kapasitesi, daha y\u00fcksek bir kald\u0131rma a\u00e7\u0131s\u0131 sa\u011flayarak, eksiksiz ve kontroll\u00fc malzeme bo\u015falt\u0131m\u0131na olanak tan\u0131r.<\/p>\n<p>2. Tar\u0131m Ekipmanlar\u0131: Ters teleskopik silindir, tah\u0131l r\u00f6morklar\u0131 ve g\u00fcbre serpme makineleri gibi \u00e7e\u015fitli tar\u0131m makinelerinde uygulama alan\u0131 bulur. Malzemelerin kontroll\u00fc bir \u015fekilde bo\u015falt\u0131lmas\u0131n\u0131 kolayla\u015ft\u0131rarak hassas da\u011f\u0131t\u0131m sa\u011flar ve at\u0131klar\u0131 en aza indirir. Silindirin uzun strok kapasitesi, bu i\u015flemlerin verimlili\u011fini art\u0131rarak tek bir \u00e7evrimde daha b\u00fcy\u00fck miktarlarda malzeme ta\u015f\u0131nmas\u0131n\u0131 sa\u011flar.<\/p>\n<p>3. At\u0131k Y\u00f6netim Sistemleri: At\u0131k y\u00f6netimi uygulamalar\u0131nda, ters teleskopik silindir, \u00e7\u00f6p kamyonlar\u0131nda verimli \u00e7\u00f6p toplama ve bertaraf\u0131 i\u00e7in kullan\u0131l\u0131r. Uzat\u0131lm\u0131\u015f strok, daha y\u00fcksek s\u0131k\u0131\u015ft\u0131rma oranlar\u0131 sa\u011flayarak bertaraf sahalar\u0131na gidi\u015f s\u0131kl\u0131\u011f\u0131n\u0131 azalt\u0131r ve at\u0131k y\u00f6netimi s\u00fcre\u00e7lerini optimize eder.<\/p>\n<p>4. End\u00fcstriyel Makineler: Ters teleskopik silindir, in\u015faat ekipmanlar\u0131 ve malzeme ta\u015f\u0131ma sistemleri de dahil olmak \u00fczere end\u00fcstriyel makinelerde de kullan\u0131l\u0131r. Uzun stroku ve kompakt tasar\u0131m\u0131, \u00e7e\u015fitli kald\u0131rma ve itme g\u00f6revleri i\u00e7in uygun olmas\u0131n\u0131 sa\u011flayarak, bu makinelerin genel performans\u0131n\u0131 ve verimlili\u011fini art\u0131r\u0131r.<\/p>\n<p>\u00d6zetle, ters teleskopik silindir, uzun strok kabiliyeti ve kompakt tasar\u0131m\u0131yla benzersiz avantajlar sunan \u00f6zel bir hidrolik silindirdir. Fabrikadan do\u011frudan tedarik edilmesiyle, rekabet\u00e7i fiyatlarla y\u00fcksek kaliteli \u00fcr\u00fcnler sunar. Treyler hidrolik sistemleri, damperli kamyonlar, tar\u0131m ekipmanlar\u0131, at\u0131k y\u00f6netimi ve end\u00fcstriyel makinelerdeki uygulamalar\u0131, \u00e7e\u015fitli sekt\u00f6rlerdeki \u00e7ok y\u00f6nl\u00fcl\u00fc\u011f\u00fcn\u00fc ve verimlili\u011fini ortaya koyar. \u0130ster kald\u0131rma, ister devirme veya itme i\u015flemleri olsun, ters teleskopik silindir bir\u00e7ok hidrolik sistemde g\u00fcvenilir ve vazge\u00e7ilmez bir bile\u015fen oldu\u011funu kan\u0131tlam\u0131\u015ft\u0131r.<\/p>\n<h3>FMP Hidrolik Silindir Hakk\u0131nda<\/h3>\n<p>FMP, in\u015faat makinesi par\u00e7alar\u0131 ve komple makinelerin sat\u0131\u015f ve servisinde uzmanla\u015fm\u0131\u015f, \u0130talya'n\u0131n lider bir \u015firketidir. Hidrolik Silindirimiz en \u00e7ok satan \u00fcr\u00fcnlerimizden biridir ve \u00fcst\u00fcn kalitesi ve i\u015flevselli\u011fiyle gurur duyuyoruz. FMP Hidrolik Silindiri'ni se\u00e7meniz i\u00e7in be\u015f neden:<\/p>\n<ol>\n<li><strong>Premium Kalite:<\/strong> FMP Hidrolik Silindir, dayan\u0131kl\u0131l\u0131k ve g\u00fcvenilirli\u011fi garanti eden y\u00fcksek kaliteli malzemelerden \u00fcretilmi\u015ftir. Malzemelerimizi, s\u0131k\u0131 kalite standartlar\u0131m\u0131z\u0131 kar\u015f\u0131layan g\u00fcvenilir tedarik\u00e7ilerden temin ederek, \u00fcr\u00fcnlerimizin en y\u00fcksek kalitede olmas\u0131n\u0131 sa\u011fl\u0131yoruz.<\/li>\n<li><strong>\u00c7e\u015fitli \u00d6zellikler:<\/strong> Hidrolik Silindirlerimiz, \u00f6zel ihtiya\u00e7lar\u0131n\u0131za uyacak \u015fekilde farkl\u0131 boyut ve \u00f6zelliklerde mevcuttur. Ayarlanabilir \u00c7atal Tipi Silindir, Rot Kolu ve Kaynakl\u0131 Hidrolik Silindir dahil olmak \u00fczere geni\u015f bir \u00fcr\u00fcn yelpazesi sunuyoruz.<\/li>\n<li><strong>Profesyonel Dan\u0131\u015fmanl\u0131k:<\/strong> Deneyimli sat\u0131\u015f ekibimiz, in\u015faat makineleri sekt\u00f6r\u00fcnde bilgi sahibidir ve size profesyonel \u00fcr\u00fcn dan\u0131\u015fmanl\u0131\u011f\u0131 sa\u011flayabilir. Projeniz i\u00e7in hangi Hidrolik Silindirin uygun oldu\u011funu belirlemenize yard\u0131mc\u0131 olarak bilin\u00e7li bir karar vermenizi sa\u011flayabiliriz.<\/li>\n<li><strong>Verimli Lojistik:<\/strong> Zaman\u0131n ne kadar \u00f6nemli oldu\u011funun fark\u0131nday\u0131z ve bu nedenle verimli bir lojistik da\u011f\u0131t\u0131m sistemimiz mevcut. Hidrolik Silindirinizin size zaman\u0131nda ve do\u011fru bir \u015fekilde teslim edilmesini sa\u011fl\u0131yoruz.<\/li>\n<li><strong>M\u00fckemmel M\u00fc\u015fteri Hizmetleri:<\/strong> FMP olarak m\u00fc\u015fterilerimize de\u011fer veriyor ve m\u00fckemmel m\u00fc\u015fteri hizmeti sunmay\u0131 hedefliyoruz. Beklentilerinizi kar\u015f\u0131lamaya ve a\u015fmaya kararl\u0131y\u0131z ve akl\u0131n\u0131za tak\u0131lan her t\u00fcrl\u00fc soru veya endi\u015fenizde size yard\u0131mc\u0131 olmaya her zaman haz\u0131r\u0131z.<\/li>\n<\/ol>\n<p>FMP olarak, m\u00fc\u015fterilerimize y\u00fcksek kaliteli ve g\u00fcvenilir Hidrolik Silindir \u00e7\u00f6z\u00fcmleri sunmaktan gurur duyuyoruz. \u00dcr\u00fcn ve hizmetlerimiz, y\u0131llar\u0131n sekt\u00f6r deneyimi ve profesyonel ekibimizle desteklenmektedir. Bir sonraki projeniz i\u00e7in FMP Hidrolik Silindir'i se\u00e7in ve fark\u0131 deneyimleyin.<\/p>\n<p><img decoding=\"async\" src=\"https:\/\/fmp-components.com\/wp-content\/uploads\/2024\/12\/Adjustable-Clevis-Type-Cylinders-6.webp\" alt=\"Ayarlanabilir \u00c7atal Tipi Silindir\" width=\"823\" title=\"\"><br \/>\nYazar:CX<\/p>","protected":false},"excerpt":{"rendered":"<p>Factory Direct Supply Long Stroke Trailer Hydraulic Ram Cylinder is a high-quality hydraulic cylinder designed for use in trailers. It has a long stroke, which ensures that it can handle heavy loads with ease and efficiency. The cylinder is made from top-grade materials, making it durable and able to withstand wear and tear. One of [&hellip;]<\/p>","protected":false},"featured_media":1644,"comment_status":"closed","ping_status":"closed","template":"","meta":{"_et_pb_use_builder":"","_et_pb_old_content":"","_et_gb_content_width":""},"product_brand":[],"product_cat":[45],"product_tag":[34,48],"class_list":{"0":"post-1643","1":"product","2":"type-product","3":"status-publish","4":"has-post-thumbnail","6":"product_cat-inverted-telescopic-cylinder","7":"product_tag-hydraulic-cylinder","8":"product_tag-inverted-telescopic-cylinder","10":"first","11":"instock","12":"product-type-simple"},"_links":{"self":[{"href":"https:\/\/fmp-components.com\/tr\/wp-json\/wp\/v2\/product\/1643","targetHints":{"allow":["GET"]}}],"collection":[{"href":"https:\/\/fmp-components.com\/tr\/wp-json\/wp\/v2\/product"}],"about":[{"href":"https:\/\/fmp-components.com\/tr\/wp-json\/wp\/v2\/types\/product"}],"replies":[{"embeddable":true,"href":"https:\/\/fmp-components.com\/tr\/wp-json\/wp\/v2\/comments?post=1643"}],"wp:featuredmedia":[{"embeddable":true,"href":"https:\/\/fmp-components.com\/tr\/wp-json\/wp\/v2\/media\/1644"}],"wp:attachment":[{"href":"https:\/\/fmp-components.com\/tr\/wp-json\/wp\/v2\/media?parent=1643"}],"wp:term":[{"taxonomy":"product_brand","embeddable":true,"href":"https:\/\/fmp-components.com\/tr\/wp-json\/wp\/v2\/product_brand?post=1643"},{"taxonomy":"product_cat","embeddable":true,"href":"https:\/\/fmp-components.com\/tr\/wp-json\/wp\/v2\/product_cat?post=1643"},{"taxonomy":"product_tag","embeddable":true,"href":"https:\/\/fmp-components.com\/tr\/wp-json\/wp\/v2\/product_tag?post=1643"}],"curies":[{"name":"wp","href":"https:\/\/api.w.org\/{rel}","templated":true}]}}