{"id":1639,"date":"2024-12-23T07:00:44","date_gmt":"2024-12-23T07:00:44","guid":{"rendered":"https:\/\/fmp-components.com\/product\/premium-quality-customized-telescopic-hydraulic-cylinder-for-dump-truck\/"},"modified":"2025-03-11T06:10:04","modified_gmt":"2025-03-11T06:10:04","slug":"premium-quality-customized-telescopic-hydraulic-cylinder-for-dump-truck","status":"publish","type":"product","link":"https:\/\/fmp-components.com\/tr\/product\/premium-quality-customized-telescopic-hydraulic-cylinder-for-dump-truck\/","title":{"rendered":"Damperli Kamyonlar \u0130\u00e7in Premium Kalitede \u00d6zelle\u015ftirilmi\u015f Teleskopik Hidrolik Silindir"},"content":{"rendered":"<h2>Damperli Kamyonlar i\u00e7in Premium Kalitede \u00d6zelle\u015ftirilmi\u015f Teleskopik Hidrolik Silindiri Tan\u0131t\u0131yoruz.<\/h2>\n<p>Hidrolik silindir, bir damperli kamyonun verimli \u00e7al\u0131\u015fmas\u0131nda \u00f6nemli bir rol oynar. Premium Kalite \u00d6zel Teleskopik Hidrolik Silindir, damperli kamyonlar\u0131n performans\u0131n\u0131 ve verimlili\u011fini art\u0131rmak i\u00e7in tasarlanm\u0131\u015f son teknoloji bir \u00fcr\u00fcnd\u00fcr.<\/p>\n<p>Geli\u015fmi\u015f teleskopik tasar\u0131m\u0131yla bu hidrolik silindir, ola\u011fan\u00fcst\u00fc g\u00fc\u00e7 ve dayan\u0131kl\u0131l\u0131k sunar. Damperli kamyonlar\u0131n benzersiz gereksinimlerini kar\u015f\u0131lamak \u00fczere \u00f6zel olarak tasarlanm\u0131\u015ft\u0131r ve en zorlu ko\u015fullarda bile kusursuz \u00e7al\u0131\u015fma sa\u011flar.<\/p>\n<p>\u00dcst\u00fcn Kaliteli \u00d6zel Teleskopik Hidrolik Silindir, hassasiyet ve ayr\u0131nt\u0131lara dikkat edilerek tasarlanm\u0131\u015ft\u0131r. Uzun \u00f6m\u00fcr ve g\u00fcvenilirlik sa\u011flayan y\u00fcksek kaliteli malzemeler kullan\u0131larak \u00fcretilmi\u015ftir. Bu sayede, damperli kamyon operat\u00f6rleri i\u00e7in minimum bak\u0131m ve maksimum verimlilik sa\u011flan\u0131r.<\/p>\n<p>Bu hidrolik silindirin teleskopik \u00f6zelli\u011fi, daha geni\u015f bir hareket aral\u0131\u011f\u0131 sa\u011flayarak a\u011f\u0131r y\u00fckleri kald\u0131ran damperli kamyonlar i\u00e7in idealdir. P\u00fcr\u00fczs\u00fcz ve kontroll\u00fc hareket sa\u011flayarak, g\u00fcvenlik veya dengeden \u00f6d\u00fcn vermeden malzemelerin verimli bir \u015fekilde bo\u015falt\u0131lmas\u0131n\u0131 sa\u011flar.<\/p>\n<p>Bu hidrolik silindirin en \u00f6nemli avantajlar\u0131ndan biri, a\u015f\u0131r\u0131 bas\u0131n\u00e7lara ve a\u011f\u0131r y\u00fcklere dayanabilme kabiliyetidir. Yo\u011fun hidrolik kuvvetleri kar\u015f\u0131layacak \u015fekilde tasarlanm\u0131\u015f olup, damperli kamyonlar\u0131n optimum verimlilik ve etkinlikle \u00e7al\u0131\u015fmas\u0131n\u0131 sa\u011flar.<\/p>\n<p>Ayr\u0131ca, Premium Kalite \u00d6zel Teleskopik Hidrolik Silindir, en y\u00fcksek end\u00fcstri standartlar\u0131na uygun olarak \u00fcretilmi\u015ftir. \u00dcst\u00fcn performans ve g\u00fcvenilirlik sa\u011flamak i\u00e7in s\u0131k\u0131 testlerden ve kalite kontrol \u00f6nlemlerinden ge\u00e7er. Bu, damperli kamyon operat\u00f6rlerinin sorunsuz ve sorunsuz bir \u00e7al\u0131\u015fma i\u00e7in bu \u00fcr\u00fcne g\u00fcvenebilmelerini garanti eder.<\/p>\n<p>Sonu\u00e7 olarak, Damperli Kamyonlar i\u00e7in Premium Kalite \u00d6zelle\u015ftirilmi\u015f Teleskopik Hidrolik Silindir, ola\u011fan\u00fcst\u00fc performans ve dayan\u0131kl\u0131l\u0131k sunan son teknoloji bir \u00fcr\u00fcnd\u00fcr. \u00d6zelle\u015ftirilmi\u015f tasar\u0131m\u0131, geli\u015fmi\u015f \u00f6zellikleri ve y\u00fcksek kaliteli yap\u0131s\u0131, \u00fcretkenli\u011fi ve verimlili\u011fi art\u0131rmak isteyen damperli kamyon operat\u00f6rleri i\u00e7in ideal bir se\u00e7imdir.<\/p>\n<h2>Damperli Kamyonlar i\u00e7in tasarlanm\u0131\u015f birinci s\u0131n\u0131f Teleskopik Hidrolik Silindirimizi tan\u0131t\u0131yoruz<\/h2>\n<p>Yeni Teleskopik Hidrolik Silindirimiz, Damperli Kamyonlar i\u00e7in m\u00fckemmel bir \u00e7\u00f6z\u00fcmd\u00fcr. \u00d6zel ihtiya\u00e7lar\u0131n\u0131z\u0131 kar\u015f\u0131layacak \u015fekilde \u00f6zelle\u015ftirilmi\u015ftir ve bir y\u0131l garantilidir. Maksimum 3000 itme g\u00fcc\u00fc ve 78 kg a\u011f\u0131rl\u0131\u011f\u0131yla bu hidrolik silindir, uzun \u00f6m\u00fcrl\u00fc \u00e7elik bir g\u00f6vdeye sahiptir.<\/p>\n<h3>Teleskopik Hidrolik Silindirimizin \u00d6zellikleri<\/h3>\n<p>Silindirimiz a\u015fa\u011f\u0131dakiler de dahil olmak \u00fczere bir dizi temel \u00f6zelli\u011fe sahiptir:<\/p>\n<ul>\n<li>Standart yap\u0131 ve hidrolik g\u00fc\u00e7<\/li>\n<li>Ters Teleskopik Silindir tipi<\/li>\n<li>Maksimum \u00e7ekme kapasitesi 20 ton<\/li>\n<li>ISO9001:2000 Sertifikas\u0131<\/li>\n<li>Profesyonel bir g\u00f6r\u00fcn\u00fcm i\u00e7in \u015f\u0131k siyah renk<\/li>\n<\/ul>\n<h3>Teleskopik Hidrolik Silindirimizin Uygulamalar\u0131<\/h3>\n<p>Hidrolik silindirimiz a\u015fa\u011f\u0131dakiler de dahil olmak \u00fczere \u00e7ok \u00e7e\u015fitli uygulamalar i\u00e7in m\u00fckemmeldir:<\/p>\n<ul>\n<li>\u00dcretim tesisleri<\/li>\n<li>Makine tamir at\u00f6lyeleri<\/li>\n<li>\u00c7iftlikler<\/li>\n<li>Enerji ve madencilik end\u00fcstrileri<\/li>\n<li>Makine fabrikalar\u0131<\/li>\n<\/ul>\n<p><img decoding=\"async\" src=\"https:\/\/hzpt.com\/wp-content\/uploads\/2023\/11\/Inverted-Telescopic-Cylinder-Applications.webp\" alt=\"Ters Teleskopik Silindir Uygulamalar\u0131\" title=\"\"><\/p>\n<h3>Teleskopik Hidrolik Silindirimizin \u00c7al\u0131\u015fma Prensibi ve Bak\u0131m\u0131<\/h3>\n<p>Hidrolik silindirimiz, hidrolik s\u0131v\u0131 giri\u015f ve \u00e7\u0131k\u0131\u015f kuvvetiyle \u00e7al\u0131\u015f\u0131r. D\u00fczenli kontrol, temizlik ve ya\u011flama gerektirir. Silindirin uzun \u00f6m\u00fcrl\u00fc olmas\u0131 ve optimum performans g\u00f6stermesi i\u00e7in d\u00fczenli kontrol ve onar\u0131mlar, conta de\u011fi\u015fimi ve kullan\u0131m k\u0131lavuzuna uyulmas\u0131 \u015fartt\u0131r.<\/p>\n<p><img decoding=\"async\" src=\"https:\/\/hzpt.com\/wp-content\/uploads\/2023\/11\/Inverted-Telescopic-Cylinder-24.webp\" alt=\"Ters Teleskopik Silindir 24\" title=\"\"><\/p>\n<h2>Ters Teleskopik Silindir<\/h2>\n<p>\u00c7ok kademeli veya teleskopik silindir olarak da bilinen teleskopik hidrolik silindir, birbirinin i\u00e7ine ge\u00e7mi\u015f birden fazla kademe veya b\u00f6l\u00fcmden olu\u015fan bir hidrolik silindir t\u00fcr\u00fcd\u00fcr. Bu yaz\u0131da, belirli bir teleskopik silindir t\u00fcr\u00fcne, yani ters teleskopik silindire odaklanaca\u011f\u0131z.<\/p>\n<h3>Genel Bak\u0131\u015f<\/h3>\n<p>Ters teleskopik silindir, damperli kamyonlarda yayg\u0131n olarak kullan\u0131lan \u00f6zel bir teleskopik silindir t\u00fcr\u00fcd\u00fcr. Kamyon kasas\u0131ndan malzeme bo\u015faltmak i\u00e7in gereken kald\u0131rma ve devirme kuvvetini sa\u011flamak \u00fczere tasarlanm\u0131\u015ft\u0131r. Bu tip silindir, daha k\u00fc\u00e7\u00fck kademelerin daha b\u00fcy\u00fck kademelerin i\u00e7ine yerle\u015ftirildi\u011fi benzersiz bir yap\u0131ya sahiptir ve bu da ona \u00f6zg\u00fcn bir g\u00f6r\u00fcn\u00fcm kazand\u0131r\u0131r.<\/p>\n<h3>Yap\u0131<\/h3>\n<p>Ters teleskopik silindirin yap\u0131s\u0131 birka\u00e7 temel bile\u015feni i\u00e7erir:<\/p>\n<ul>\n<li>D\u0131\u015f Silindir: D\u0131\u015f silindir, silindirin en b\u00fcy\u00fck kademesidir ve yap\u0131sal destek sa\u011flar. Genellikle a\u011f\u0131r y\u00fcklere ve zorlu \u00e7al\u0131\u015fma ko\u015fullar\u0131na dayanacak \u015fekilde y\u00fcksek mukavemetli \u00e7elikten yap\u0131l\u0131r.<\/li>\n<li>\u0130\u00e7 Pistonlar: D\u0131\u015f silindirin i\u00e7inde, her biri bir piston i\u00e7eren birden fazla k\u00fc\u00e7\u00fck kademe bulunur. Bu pistonlar, kamyon kasas\u0131na ba\u011fl\u0131d\u0131r ve gerekli kald\u0131rma kuvvetini sa\u011flamak i\u00e7in senkronize bir \u015fekilde hareket eder.<\/li>\n<li>Contalar: Contalar, hidrolik s\u0131v\u0131n\u0131n kademeler aras\u0131nda s\u0131zmas\u0131n\u0131 \u00f6nlemek i\u00e7in kullan\u0131l\u0131r. Silindirin verimlili\u011fini ve g\u00fcvenilirli\u011fini korumak i\u00e7in \u00e7ok \u00f6nemlidirler.<\/li>\n<li>Hidrolik S\u0131v\u0131: Ters teleskopik silindir, silindirin kademelerini uzatmak veya geri \u00e7ekmek i\u00e7in bas\u0131n\u00e7land\u0131r\u0131lan hidrolik s\u0131v\u0131y\u0131 kullanarak \u00e7al\u0131\u015f\u0131r.<\/li>\n<\/ul>\n<h3>\u0130\u015flevsellik<\/h3>\n<p>Ters teleskopik silindir, bir damperli kamyonun \u00e7al\u0131\u015fmas\u0131nda hayati bir rol oynar. Kamyonun y\u00fck\u00fcn\u00fc bo\u015faltmas\u0131 gerekti\u011finde, hidrolik sistem hidrolik s\u0131v\u0131ya bas\u0131n\u00e7 uygular ve bu da silindirin kademelerini uzat\u0131r. Kademeler uzad\u0131k\u00e7a, kamyon kasas\u0131n\u0131 kald\u0131rarak malzemelerin bo\u015falt\u0131lmas\u0131n\u0131 sa\u011flar.<\/p>\n<h3>Damperli Kamyonlar \u0130\u00e7in Premium Kalitede \u00d6zelle\u015ftirilmi\u015f Teleskopik Hidrolik Silindir<\/h3>\n<p>Damperli kamyonunuz i\u00e7in teleskopik hidrolik silindir se\u00e7erken, birinci s\u0131n\u0131f kalitede, \u00f6zel yap\u0131m bir silindir tercih etmek \u00e7ok \u00f6nemlidir. Birinci s\u0131n\u0131f kalitede bir silindir, zorlu uygulamalarda dayan\u0131kl\u0131l\u0131k, g\u00fcvenilirlik ve optimum performans sa\u011flar.<\/p>\n<p>\u015eirketimizde, damperli kamyonlar i\u00e7in \u00f6zel olarak tasarlanm\u0131\u015f, birinci s\u0131n\u0131f kalitede, \u00f6zelle\u015ftirilmi\u015f teleskopik hidrolik silindirler \u00fcretme konusunda uzmanla\u015f\u0131yoruz. Silindirlerimiz, her m\u00fc\u015fterinin benzersiz ihtiya\u00e7lar\u0131n\u0131 kar\u015f\u0131layacak \u015fekilde tasarlanarak m\u00fckemmel uyum ve maksimum verimlilik sa\u011fl\u0131yor.<\/p>\n<p>Son teknoloji \u00fcretim tesislerimiz ve deneyimli m\u00fchendis ekibimizle, sekt\u00f6r standartlar\u0131n\u0131 a\u015fan silindirler \u00fcretebiliyoruz. Y\u00fcksek kaliteli malzemeler, geli\u015fmi\u015f \u00fcretim teknikleri ve titiz kalite kontrol s\u00fcre\u00e7leri kullanma taahh\u00fcd\u00fcm\u00fcz, m\u00fc\u015fterilerimizin uzun \u00f6m\u00fcrl\u00fc teleskopik silindirler almas\u0131n\u0131 sa\u011flar.<\/p>\n<p>Sonu\u00e7 olarak, ters teleskopik silindir, damperli kamyonlarda malzemelerin bo\u015falt\u0131lmas\u0131 i\u00e7in gerekli kald\u0131rma ve devirme kuvvetini sa\u011flayan \u00f6nemli bir bile\u015fendir. Benzersiz yap\u0131s\u0131 ve i\u015flevselli\u011fi, onu hidrolik sistemin vazge\u00e7ilmez bir par\u00e7as\u0131 haline getirir. Damperli kamyonunuz i\u00e7in teleskopik silindir se\u00e7erken, \u00fcst\u00fcn kaliteli, \u00f6zel yap\u0131m bir silindir se\u00e7mek, optimum performans ve uzun \u00f6m\u00fcr sa\u011flar. Damperli kamyonunuz i\u00e7in \u00f6zel ihtiya\u00e7lar\u0131n\u0131z\u0131 kar\u015f\u0131layan en y\u00fcksek kaliteli teleskopik hidrolik silindirleri sunmak i\u00e7in \u015firketimize g\u00fcvenin.<\/p>\n<h3>FMP Hakk\u0131nda<\/h3>\n<p>FMP, in\u015faat makineleri sekt\u00f6r\u00fcnde y\u00fcksek kaliteli Hidrolik Silindirler i\u00e7in g\u00fcvenilir kayna\u011f\u0131n\u0131zd\u0131r. Uzun y\u0131llara dayanan sekt\u00f6r deneyimimiz ve profesyonel ekibimizle, de\u011ferli m\u00fc\u015fterilerimize birinci s\u0131n\u0131f in\u015faat makinesi par\u00e7alar\u0131 ve komple makine \u00e7\u00f6z\u00fcmleri sunmaya kendimizi adad\u0131k.<\/p>\n<p>Hidrolik Silindir ihtiya\u00e7lar\u0131n\u0131z i\u00e7in FMP'yi se\u00e7meniz i\u00e7in be\u015f neden:<\/p>\n<ol>\n<li><strong>Geni\u015f Se\u00e7enek Yelpazesi:<\/strong> \u00dcr\u00fcn yelpazemiz, farkl\u0131 in\u015faat makinelerine uygun \u00e7e\u015fitli Hidrolik Silindirler i\u00e7ermektedir. \u0130ster tek etkili ister \u00e7ift etkili silindirlere, ister teleskopik veya rot kollu silindirlere ihtiyac\u0131n\u0131z olsun, ihtiya\u00e7lar\u0131n\u0131z\u0131 kar\u015f\u0131layacak do\u011fru \u00e7\u00f6z\u00fcme sahibiz.<\/li>\n<li><strong>\u00dcst\u00fcn Kalite:<\/strong> Yurt i\u00e7i ve yurt d\u0131\u015f\u0131nda y\u00fcksek kaliteli tedarik\u00e7ilerle uzun vadeli ve istikrarl\u0131 ili\u015fkiler kurduk. Bu sayede, t\u00fcm Hidrolik Silindirlerimiz s\u0131k\u0131 kalite standartlar\u0131n\u0131 kar\u015f\u0131layarak, projelerinizin taleplerine dayanacak g\u00fcvenilir ve dayan\u0131kl\u0131 bile\u015fenler sunuyoruz.<\/li>\n<li><strong>Uzman Sat\u0131\u015f Ekibi:<\/strong> Deneyimli ve bilgili sat\u0131\u015f ekibimiz, in\u015faat makineleri sekt\u00f6r\u00fcndeki en son trendler ve m\u00fc\u015fteri ihtiya\u00e7lar\u0131 konusunda uzmand\u0131r. Size profesyonel \u00fcr\u00fcn dan\u0131\u015fmanl\u0131\u011f\u0131 ve ak\u0131ll\u0131 sat\u0131n alma \u00f6nerileri sunarak bilin\u00e7li kararlar alman\u0131za yard\u0131mc\u0131 olmaya haz\u0131rd\u0131r.<\/li>\n<li><strong>Verimli Lojistik:<\/strong> Zaman\u0131nda teslimat\u0131n \u00f6neminin fark\u0131nday\u0131z. Verimli lojistik da\u011f\u0131t\u0131m sistemimizle, ihtiya\u00e7 duydu\u011funuz Hidrolik Silindirleri zaman\u0131nda ve do\u011fru bir \u015fekilde teslim alman\u0131z\u0131 sa\u011fl\u0131yoruz. Projelerinizin zaman\u0131nda tamamlanmas\u0131 i\u00e7in bize g\u00fcvenebilirsiniz.<\/li>\n<li><strong>Ola\u011fan\u00fcst\u00fc M\u00fc\u015fteri Hizmetleri:<\/strong> FMP olarak m\u00fc\u015fterilerimize de\u011fer veriyor ve ola\u011fan\u00fcst\u00fc hizmet sunmay\u0131 hedefliyoruz. \u00d6zverili ekibimiz, sorular\u0131n\u0131z\u0131 ve endi\u015felerinizi derhal yan\u0131tlayarak, bizimle i\u015f birli\u011finiz boyunca sorunsuz ve tatmin edici bir deneyim ya\u015faman\u0131z\u0131 sa\u011flamaya kendini adam\u0131\u015ft\u0131r.<\/li>\n<\/ol>\n<p>Ayarlanabilir \u00c7atal Tipi Silindirimize daha yak\u0131ndan bak\u0131n:<\/p>\n<p><img decoding=\"async\" src=\"https:\/\/fmp-components.com\/wp-content\/uploads\/2024\/12\/Adjustable-Clevis-Type-Cylinders-6.webp\" alt=\"Ayarlanabilir \u00c7atal Tipi Silindir\" width=\"821\" title=\"\"><br \/>\nYazar:CX<\/p>","protected":false},"excerpt":{"rendered":"<p>Introducing the Premium Quality Customized Telescopic Hydraulic Cylinder for Dump Truck. A hydraulic cylinder plays a crucial role in the efficient functioning of a dump truck. The Premium Quality Customized Telescopic Hydraulic Cylinder is a state-of-the-art product designed to enhance the performance and productivity of dump trucks. With its advanced telescopic design, this hydraulic cylinder [&hellip;]<\/p>","protected":false},"featured_media":1640,"comment_status":"closed","ping_status":"closed","template":"","meta":{"_et_pb_use_builder":"","_et_pb_old_content":"","_et_gb_content_width":""},"product_brand":[],"product_cat":[45],"product_tag":[34,48],"class_list":{"0":"post-1639","1":"product","2":"type-product","3":"status-publish","4":"has-post-thumbnail","6":"product_cat-inverted-telescopic-cylinder","7":"product_tag-hydraulic-cylinder","8":"product_tag-inverted-telescopic-cylinder","10":"first","11":"instock","12":"product-type-simple"},"_links":{"self":[{"href":"https:\/\/fmp-components.com\/tr\/wp-json\/wp\/v2\/product\/1639","targetHints":{"allow":["GET"]}}],"collection":[{"href":"https:\/\/fmp-components.com\/tr\/wp-json\/wp\/v2\/product"}],"about":[{"href":"https:\/\/fmp-components.com\/tr\/wp-json\/wp\/v2\/types\/product"}],"replies":[{"embeddable":true,"href":"https:\/\/fmp-components.com\/tr\/wp-json\/wp\/v2\/comments?post=1639"}],"wp:featuredmedia":[{"embeddable":true,"href":"https:\/\/fmp-components.com\/tr\/wp-json\/wp\/v2\/media\/1640"}],"wp:attachment":[{"href":"https:\/\/fmp-components.com\/tr\/wp-json\/wp\/v2\/media?parent=1639"}],"wp:term":[{"taxonomy":"product_brand","embeddable":true,"href":"https:\/\/fmp-components.com\/tr\/wp-json\/wp\/v2\/product_brand?post=1639"},{"taxonomy":"product_cat","embeddable":true,"href":"https:\/\/fmp-components.com\/tr\/wp-json\/wp\/v2\/product_cat?post=1639"},{"taxonomy":"product_tag","embeddable":true,"href":"https:\/\/fmp-components.com\/tr\/wp-json\/wp\/v2\/product_tag?post=1639"}],"curies":[{"name":"wp","href":"https:\/\/api.w.org\/{rel}","templated":true}]}}