{"id":1635,"date":"2024-12-23T06:59:20","date_gmt":"2024-12-23T06:59:20","guid":{"rendered":"https:\/\/fmp-components.com\/product\/professional-double-acting-dump-trailer-telescopic-hydraulic-cylinder\/"},"modified":"2024-12-23T08:40:15","modified_gmt":"2024-12-23T08:40:15","slug":"professional-double-acting-dump-trailer-telescopic-hydraulic-cylinder","status":"publish","type":"product","link":"https:\/\/fmp-components.com\/tr\/product\/professional-double-acting-dump-trailer-telescopic-hydraulic-cylinder\/","title":{"rendered":"Profesyonel \u00c7ift Etkili Damperli R\u00f6mork Teleskopik Hidrolik Silindir"},"content":{"rendered":"<p>Profesyonel \u00c7ift Etkili Damperli Treyler Teleskopik Hidrolik Silindiri, damperli treylerler i\u00e7in \u00f6zel olarak tasarlanm\u0131\u015f y\u00fcksek kaliteli bir hidrolik silindirdir. Geli\u015fmi\u015f m\u00fchendisli\u011fi ve dayan\u0131kl\u0131 yap\u0131s\u0131yla bu hidrolik silindir, \u00e7e\u015fitli hidrolik sistemler i\u00e7in g\u00fcvenilir ve verimli bir \u00e7al\u0131\u015fma sa\u011flar.<\/p>\n<p>Bu \u00fcr\u00fcn\u00fcn temel \u00f6zelliklerinden biri \u00e7ift etkili tasar\u0131m\u0131d\u0131r. Bu, her iki y\u00f6nde de kuvvet \u00fcretebildi\u011fi ve silindiri uzat\u0131p geri \u00e7ekerken ak\u0131c\u0131 ve kontroll\u00fc bir hareket sa\u011flad\u0131\u011f\u0131 anlam\u0131na gelir. Bu \u00f6zellik, \u00f6zellikle damperli r\u00f6morklar i\u00e7in kullan\u0131\u015fl\u0131d\u0131r, \u00e7\u00fcnk\u00fc a\u011f\u0131r y\u00fckleri kolayca kald\u0131r\u0131p indirmelerini sa\u011flar.<\/p>\n<p>Bu hidrolik silindirin teleskopik tasar\u0131m\u0131, i\u015flevselli\u011fini daha da art\u0131r\u0131r. \u00c7ok say\u0131da kademe veya b\u00f6lmeye sahip silindir, farkl\u0131 uzunluklarda uzay\u0131p k\u0131salarak \u00e7ok y\u00f6nl\u00fc kald\u0131rma kabiliyeti sa\u011flar. Bu sayede, \u00e7e\u015fitli boyut ve kapasitelerdeki damperli r\u00f6morklar da dahil olmak \u00fczere \u00e7ok \u00e7e\u015fitli uygulamalar i\u00e7in uygundur.<\/p>\n<p>Profesyonel \u00c7ift Etkili Damperli Treyler Teleskopik Hidrolik Silindir, zorlu ko\u015fullara dayanacak \u015fekilde \u00fcretilmi\u015ftir. Y\u00fcksek kaliteli malzemelerden \u00fcretilen bu \u00fcr\u00fcn, korozyona, a\u015f\u0131nmaya ve darbelere kar\u015f\u0131 m\u00fckemmel diren\u00e7 sunar. Bu sayede zorlu ortamlarda bile uzun \u00f6m\u00fcrl\u00fc ve g\u00fcvenilir performans sa\u011flar.<\/p>\n<p>Bu hidrolik silindirin montaj\u0131 ve bak\u0131m\u0131 da zahmetsizdir. Kolay anla\u015f\u0131l\u0131r talimatlar\u0131 sayesinde h\u0131zl\u0131 ve verimli bir kurulum sa\u011flar. Ya\u011flama ve muayene gibi d\u00fczenli bak\u0131m, optimum performans sa\u011flaman\u0131za ve kullan\u0131m \u00f6mr\u00fcn\u00fc uzatman\u0131za yard\u0131mc\u0131 olur.<\/p>\n<p>\u00d6zetle, Profesyonel \u00c7ift Etkili Damperli Treyler Teleskopik Hidrolik Silindiri, damperli treylerler i\u00e7in g\u00fcvenilir ve verimli bir \u00e7\u00f6z\u00fcmd\u00fcr. \u00c7ift etkili tasar\u0131m\u0131, teleskopik i\u015flevselli\u011fi ve dayan\u0131kl\u0131 yap\u0131s\u0131yla sorunsuz ve kontroll\u00fc kald\u0131rma ve indirme i\u015flemleri sa\u011flar. \u0130ster ticari ister ki\u015fisel kullan\u0131m i\u00e7in olsun, bu hidrolik silindir \u00e7e\u015fitli hidrolik sistemler i\u00e7in gereken performans\u0131 ve dayan\u0131kl\u0131l\u0131\u011f\u0131 sunar.<\/p>\n<h2>En \u00fcst d\u00fczey Profesyonel \u00c7ift Etkili Damperli Treyler Teleskopik Hidrolik Silindirimizi tan\u0131t\u0131yoruz<\/h2>\n<p>Bu yepyeni \u00fcr\u00fcn, hassasiyetle \u00fcretilmi\u015f ve \u00e7ok \u00e7e\u015fitli end\u00fcstriler i\u00e7in tasarlanm\u0131\u015ft\u0131r. 78 kg a\u011f\u0131rl\u0131\u011f\u0131 ve Rulman ve Piston Silindiri gibi temel bile\u015fenleriyle ola\u011fan\u00fcst\u00fc performans sa\u011flar. Bu hidrolik silindir, \u00e7elik g\u00f6vdeli ve g\u00fc\u00e7l\u00fc bir hidrolik sisteme sahip standart bir ters teleskopik silindirdir. 3000 ton maksimum itme g\u00fcc\u00fc ve 20 ton maksimum \u00e7ekme g\u00fcc\u00fc sunarak a\u011f\u0131r hizmet uygulamalar\u0131 i\u00e7in g\u00fcvenilir bir se\u00e7imdir.<\/p>\n<h2>Teleskopik Hidrolik Silindirin \u00d6zellikleri<\/h2>\n<ul>\n<li>Temel Bile\u015fenlerde 1 Y\u0131l Garanti<\/li>\n<li>ISO9001:2000 Sertifikas\u0131<\/li>\n<li>Sa\u011flaml\u0131k i\u00e7in \u00c7elik G\u00f6vde Malzemesi<\/li>\n<li>3000 Ton Maksimum \u0130tme ve 20 Ton Maksimum \u00c7ekme<\/li>\n<li>2-6 in\u00e7 Aras\u0131 Delik \u00c7ap\u0131 ve 1,125-4 in\u00e7 Aras\u0131 \u00c7ubuk Boyutu<\/li>\n<\/ul>\n<p><img decoding=\"async\" src=\"https:\/\/hzpt.com\/wp-content\/uploads\/2023\/11\/Inverted-Telescopic-Cylinder-7.webp\" alt=\"\" title=\"\"><\/p>\n<h2>Teleskopik Hidrolik Silindirin Uygulamalar\u0131<\/h2>\n<ul>\n<li>\u00dcretim Tesisleri<\/li>\n<li>Makine Tamir At\u00f6lyeleri<\/li>\n<li>\u00c7iftlikler<\/li>\n<li>Enerji ve Madencilik \u015eirketleri<\/li>\n<li>Makine \u0130malat\u0131 ve Makine Fabrikalar\u0131<\/li>\n<\/ul>\n<p><img decoding=\"async\" src=\"https:\/\/hzpt.com\/wp-content\/uploads\/2023\/11\/Inverted-Telescopic-Cylinder-Applications.webp\" alt=\"Ters Teleskopik Silindirin Uygulamalar\u0131\" title=\"\"><\/p>\n<h2>Hidrolik Silindirin \u00c7al\u0131\u015fma Prensibi ve Bak\u0131m\u0131<\/h2>\n<p>Hidrolik Silindir, hidrolik s\u0131v\u0131 bas\u0131nc\u0131yla kuvvet \u00e7arp\u0131m\u0131 prensibine g\u00f6re \u00e7al\u0131\u015f\u0131r. Hidrolik s\u0131v\u0131 giri\u015fi, \u00e7\u0131k\u0131\u015f kuvvetini olu\u015fturur. Bak\u0131m i\u00e7in d\u00fczenli kontrol, temizlik ve ya\u011flama gereklidir. D\u00fczenli kontrol ve onar\u0131mlar \u00fcr\u00fcn\u00fcn uzun \u00f6m\u00fcrl\u00fc olmas\u0131n\u0131 sa\u011flarken, conta de\u011fi\u015fimi sistemin b\u00fct\u00fcnl\u00fc\u011f\u00fcn\u00fc sa\u011flar. \u00dcr\u00fcn\u00fcn performans\u0131n\u0131 ve uzun \u00f6m\u00fcrl\u00fcl\u00fc\u011f\u00fcn\u00fc korumak i\u00e7in kullan\u0131m k\u0131lavuzuna uyulmas\u0131 \u00e7ok \u00f6nemlidir.<\/p>\n<p><img decoding=\"async\" src=\"https:\/\/hzpt.com\/wp-content\/uploads\/2023\/11\/Inverted-Telescopic-Cylinder-24.webp\" alt=\"\" title=\"\"><\/p>\n<h2>Ters Teleskopik Silindir<\/h2>\n<p>Hidrolik silindir, hidrolik s\u0131v\u0131 kullan\u0131larak do\u011frusal kuvvet sa\u011flamak i\u00e7in kullan\u0131lan mekanik bir akt\u00fcat\u00f6rd\u00fcr. Hidrolik silindir t\u00fcrlerinden biri, damperli r\u00f6morklar gibi uygulamalarda yayg\u0131n olarak kullan\u0131lan ters teleskopik silindirdir. Bu blog yaz\u0131s\u0131nda, ters teleskopik silindirin \u00f6zelliklerini ve i\u015flevlerini inceleyecek, faydalar\u0131n\u0131 ve uygulamalar\u0131n\u0131 ayr\u0131nt\u0131l\u0131 olarak ele alaca\u011f\u0131z.<\/p>\n<p><strong>\u00d6zellikler:<\/strong><\/p>\n<ul>\n<li>Ters teleskopik silindir, ayn\u0131 zamanda \u00e7ift etkili damperli r\u00f6mork teleskopik hidrolik silindiri olarak da bilinir, birbirinin i\u00e7ine kayan birden fazla a\u015famadan veya b\u00f6l\u00fcmden olu\u015fur.<\/li>\n<li>Silindirin her bir b\u00f6l\u00fcm\u00fcne sahne ad\u0131 verilir ve genellikle dayan\u0131kl\u0131l\u0131k ve mukavemet sa\u011flamak i\u00e7in y\u00fcksek kaliteli \u00e7elikten yap\u0131l\u0131rlar.<\/li>\n<li>Silindirin kendi i\u00e7ine do\u011fru \u00e7ekilebilmesi, kompakt ve yerden tasarruf sa\u011flayan bir tasar\u0131ma olanak sa\u011fl\u0131yor.<\/li>\n<li>Hem y\u00fckleri itme hem de \u00e7ekme kabiliyetine sahip oldu\u011fundan \u00e7e\u015fitli uygulamalar i\u00e7in \u00e7ok y\u00f6nl\u00fc bir \u00e7\u00f6z\u00fcmd\u00fcr.<\/li>\n<\/ul>\n<p><strong>Fonksiyonlar:<\/strong><\/p>\n<p>Ters teleskopik silindir, hidrolik bas\u0131nc\u0131 kullanarak kademeleri uzat\u0131p geri \u00e7ekerek \u00e7al\u0131\u015f\u0131r. Hidrolik s\u0131v\u0131 silindire pompaland\u0131\u011f\u0131nda, pistona bask\u0131 uygulayan bir bas\u0131n\u00e7 olu\u015fturarak kademelerin uzamas\u0131na neden olur. Tersine, s\u0131v\u0131 serbest b\u0131rak\u0131ld\u0131\u011f\u0131nda veya ters y\u00f6nde pompaland\u0131\u011f\u0131nda ise kademeler silindire geri \u00e7ekilir. Bu ileri geri hareket, silindirin hassas kontrol\u00fcn\u00fc ve sorunsuz \u00e7al\u0131\u015fmas\u0131n\u0131 sa\u011flar.<\/p>\n<p><strong>Faydalar:<\/strong><\/p>\n<ul>\n<li>Ters teleskopik silindir, a\u011f\u0131rl\u0131k-g\u00fc\u00e7 oran\u0131na g\u00f6re y\u00fcksek bir de\u011fer sunarak, a\u011f\u0131rl\u0131\u011f\u0131n ve alan\u0131n s\u0131n\u0131rl\u0131 oldu\u011fu uygulamalar i\u00e7in idealdir.<\/li>\n<li>M\u00fckemmel y\u00fck ta\u015f\u0131ma kabiliyeti sa\u011flayarak a\u011f\u0131r y\u00fcklerin etkin bir \u015fekilde kald\u0131r\u0131l\u0131p indirilmesine olanak sa\u011flar.<\/li>\n<li>Kompakt tasar\u0131m\u0131 sayesinde farkl\u0131 sistem veya ekipmanlara kolayl\u0131kla monte edilebilir ve entegre edilebilir.<\/li>\n<li>Silindirin \u00e7ift etkili \u00f6zelli\u011fi, her iki y\u00f6nde de g\u00f6rev yapabilmesini sa\u011flayarak genel verimlili\u011fini ve \u00fcretkenli\u011fini art\u0131r\u0131r.<\/li>\n<\/ul>\n<p><strong>Uygulamalar:<\/strong><\/p>\n<p>Ters teleskopik silindir, damperli r\u00f6morklarda yayg\u0131n olarak kullan\u0131l\u0131r ve r\u00f6mork kasas\u0131n\u0131 kald\u0131r\u0131p indirerek malzeme bo\u015faltmaktan sorumludur. Y\u00fcksek kuvvet \u00fcretme ve a\u011f\u0131r y\u00fcklere dayanma kabiliyeti, onu bu uygulama i\u00e7in ideal bir se\u00e7im haline getirir. Ayr\u0131ca, in\u015faat, tar\u0131m ve at\u0131k y\u00f6netimi gibi kald\u0131rma ve konumland\u0131rma g\u00f6revlerinin gerekli oldu\u011fu \u00e7e\u015fitli di\u011fer sekt\u00f6rlerde de kullan\u0131l\u0131r.<\/p>\n<p>Sonu\u00e7 olarak, \u00e7ift etkili damperli r\u00f6mork teleskopik hidrolik silindiri olarak da bilinen ters teleskopik silindir, kompakt bir tasar\u0131m, m\u00fckemmel y\u00fck ta\u015f\u0131ma kapasitesi ve \u00e7ok y\u00f6nl\u00fc i\u015flevsellik sunar. Damperli r\u00f6morklarda ve di\u011fer end\u00fcstrilerde kullan\u0131m\u0131, verimlili\u011fini ve g\u00fcvenilirli\u011fini ortaya koyar. \u0130ster a\u011f\u0131r y\u00fckleri kald\u0131rmak ister hassas kontrol sa\u011flamak olsun, bu hidrolik silindir \u00e7e\u015fitli hidrolik sistemlerde \u00f6nemli bir bile\u015fen g\u00f6revi g\u00f6r\u00fcr.<\/p>\n<h3>FMP Hakk\u0131nda<\/h3>\n<p><img decoding=\"async\" src=\"https:\/\/fmp-components.com\/wp-content\/uploads\/2024\/12\/Adjustable-Clevis-Type-Cylinders-6.webp\" alt=\"Ayarlanabilir \u00c7atal Tipi Silindir\" width=\"819\" title=\"\"><\/p>\n<p>FMP, Hidrolik Silindir \u00fcretimi ve sat\u0131\u015f\u0131nda uzmanla\u015fm\u0131\u015f lider bir firmad\u0131r. Kapsaml\u0131 sekt\u00f6r deneyimimiz ve profesyonel ekibimizle, m\u00fc\u015fterilerimize \u00e7e\u015fitli in\u015faat makinesi uygulamalar\u0131 i\u00e7in y\u00fcksek kaliteli ve g\u00fcvenilir hidrolik silindirler sunmaya kendimizi adad\u0131k.<\/p>\n<p>1. Geni\u015f \u00dcr\u00fcn Yelpazesi:<br \/>\n\u00c7e\u015fitli in\u015faat makinelerinin ihtiya\u00e7lar\u0131n\u0131 kar\u015f\u0131layan geni\u015f bir hidrolik silindir yelpazesi sunuyoruz. \u00dcr\u00fcn yelpazemiz, ayarlanabilir \u00e7atal tipi silindirler, kaynakl\u0131 tip silindirler, teleskopik silindirler ve daha fazlas\u0131n\u0131 i\u00e7erir. Bu geni\u015f yelpaze, \u00f6zel ihtiya\u00e7lar\u0131n\u0131z i\u00e7in do\u011fru hidrolik silindire sahip olmam\u0131z\u0131 sa\u011flar.<\/p>\n<p>2. \u00dcst\u00fcn Kalite:<br \/>\nFMP olarak kaliteye \u00f6ncelik veriyor ve t\u00fcm hidrolik silindirlerimizin s\u0131k\u0131 kalite standartlar\u0131n\u0131 kar\u015f\u0131lamas\u0131n\u0131 sa\u011fl\u0131yoruz. Yurt i\u00e7i ve yurt d\u0131\u015f\u0131nda y\u00fcksek kaliteli tedarik\u00e7ilerle uzun vadeli ve istikrarl\u0131 ili\u015fkiler kurduk. Bu sayede en kaliteli malzemeleri ve bile\u015fenleri tedarik edebiliyor, dayan\u0131kl\u0131, verimli ve g\u00fcvenilir hidrolik silindirler \u00fcretebiliyoruz.<\/p>\n<p>3. Profesyonel Sat\u0131\u015f Ekibi:<br \/>\nDeneyimli ve yetenekli sat\u0131\u015f ekibimiz, in\u015faat makineleri sekt\u00f6r\u00fcnde derinlemesine bilgiye sahiptir. Sekt\u00f6rdeki en son trendleri takip eder ve m\u00fc\u015fterilerimizin \u00f6zel ihtiya\u00e7lar\u0131n\u0131 anlarlar. Uzmanl\u0131klar\u0131yla, ihtiya\u00e7lar\u0131n\u0131za en uygun hidrolik silindiri se\u00e7menize yard\u0131mc\u0131 olacak profesyonel \u00fcr\u00fcn dan\u0131\u015fmanl\u0131\u011f\u0131 sunarlar.<\/p>\n<p>4. Ak\u0131ll\u0131 Sat\u0131n Alma \u00d6nerileri:<br \/>\nHer m\u00fc\u015fterinin kendine \u00f6zg\u00fc ihtiya\u00e7lar\u0131 oldu\u011funun bilincinde olan sat\u0131\u015f ekibimiz, ak\u0131ll\u0131 sat\u0131n alma \u00f6nerileri sunmak i\u00e7in elinden gelenin fazlas\u0131n\u0131 yapar. Uygulama gereksinimleri, b\u00fct\u00e7e k\u0131s\u0131tlamalar\u0131 ve proje talepleri gibi fakt\u00f6rleri g\u00f6z \u00f6n\u00fcnde bulundurarak en uygun hidrolik silindiri \u00f6nerir. Bu ki\u015fiselle\u015ftirilmi\u015f yakla\u015f\u0131m, bilin\u00e7li bir karar vermenizi ve do\u011fru hidrolik silindir \u00e7\u00f6z\u00fcm\u00fcn\u00fc bulman\u0131z\u0131 sa\u011flar.<\/p>\n<p>5. Verimli Lojistik Da\u011f\u0131t\u0131m:<br \/>\nM\u00fc\u015fterilerimize hidrolik silindirlerin zaman\u0131nda ve do\u011fru bir \u015fekilde teslim edilmesini sa\u011flayan verimli lojistik da\u011f\u0131t\u0131m sistemimizle gurur duyuyoruz. \u0130yi organize edilmi\u015f tedarik zincirimiz sayesinde, ihtiya\u00e7 duydu\u011funuz hidrolik silindirleri zaman\u0131nda teslim alaca\u011f\u0131n\u0131z\u0131 garanti ediyor ve in\u015faat projelerinizdeki gecikmeleri veya aksakl\u0131klar\u0131 en aza indiriyoruz.<\/p>\n<p>Sekt\u00f6r uzmanl\u0131\u011f\u0131, \u00fcst\u00fcn kalite ve verimli hizmet anlay\u0131\u015f\u0131yla desteklenen en kaliteli hidrolik silindirler i\u00e7in FMP ile i\u015f ortakl\u0131\u011f\u0131 yap\u0131n. \u0130n\u015faat makineleri ihtiya\u00e7lar\u0131n\u0131z\u0131 g\u00f6r\u00fc\u015fmek ve FMP fark\u0131n\u0131 deneyimlemek i\u00e7in bug\u00fcn bizimle ileti\u015fime ge\u00e7in.<\/p>\n<p>Yazar:CX<\/p>","protected":false},"excerpt":{"rendered":"<p>The Professional Double Acting Dump Trailer Telescopic Hydraulic Cylinder is a high-quality hydraulic cylinder designed specifically for dump trailers. With its advanced engineering and durable construction, this hydraulic cylinder provides reliable and efficient operation for various hydraulic systems. One of the key features of this product is its double-acting design. This means that it can [&hellip;]<\/p>","protected":false},"featured_media":1636,"comment_status":"closed","ping_status":"closed","template":"","meta":{"_et_pb_use_builder":"","_et_pb_old_content":"","_et_gb_content_width":""},"product_brand":[],"product_cat":[45],"product_tag":[34,48],"class_list":{"0":"post-1635","1":"product","2":"type-product","3":"status-publish","4":"has-post-thumbnail","6":"product_cat-inverted-telescopic-cylinder","7":"product_tag-hydraulic-cylinder","8":"product_tag-inverted-telescopic-cylinder","10":"first","11":"instock","12":"product-type-simple"},"_links":{"self":[{"href":"https:\/\/fmp-components.com\/tr\/wp-json\/wp\/v2\/product\/1635","targetHints":{"allow":["GET"]}}],"collection":[{"href":"https:\/\/fmp-components.com\/tr\/wp-json\/wp\/v2\/product"}],"about":[{"href":"https:\/\/fmp-components.com\/tr\/wp-json\/wp\/v2\/types\/product"}],"replies":[{"embeddable":true,"href":"https:\/\/fmp-components.com\/tr\/wp-json\/wp\/v2\/comments?post=1635"}],"wp:featuredmedia":[{"embeddable":true,"href":"https:\/\/fmp-components.com\/tr\/wp-json\/wp\/v2\/media\/1636"}],"wp:attachment":[{"href":"https:\/\/fmp-components.com\/tr\/wp-json\/wp\/v2\/media?parent=1635"}],"wp:term":[{"taxonomy":"product_brand","embeddable":true,"href":"https:\/\/fmp-components.com\/tr\/wp-json\/wp\/v2\/product_brand?post=1635"},{"taxonomy":"product_cat","embeddable":true,"href":"https:\/\/fmp-components.com\/tr\/wp-json\/wp\/v2\/product_cat?post=1635"},{"taxonomy":"product_tag","embeddable":true,"href":"https:\/\/fmp-components.com\/tr\/wp-json\/wp\/v2\/product_tag?post=1635"}],"curies":[{"name":"wp","href":"https:\/\/api.w.org\/{rel}","templated":true}]}}