{"id":1629,"date":"2024-12-23T06:59:20","date_gmt":"2024-12-23T06:59:20","guid":{"rendered":"https:\/\/fmp-components.com\/product\/factory-provide-long-stroke-tow-truck-dump-truck-4-stage-hydraulic-cylinder\/"},"modified":"2025-05-10T12:32:36","modified_gmt":"2025-05-10T12:32:36","slug":"factory-provide-long-stroke-tow-truck-dump-truck-4-stage-hydraulic-cylinder","status":"publish","type":"product","link":"https:\/\/fmp-components.com\/tr\/product\/factory-provide-long-stroke-tow-truck-dump-truck-4-stage-hydraulic-cylinder\/","title":{"rendered":"Fabrika Uzun Stroklu \u00c7ekici Kamyon Damperli Kamyon 4 Kademeli Hidrolik Silindir Sa\u011fl\u0131yor"},"content":{"rendered":"<h2>Fabrika Uzun Stroklu \u00c7ekici Kamyon Damperli Kamyon 4 Kademeli Hidrolik Silindir Sa\u011fl\u0131yor<\/h2>\n<p>Fabrika Tedarik Uzun Stroklu \u00c7ekici Damperli Kamyon 4 Kademeli Hidrolik Silindir, \u00fcretim tesisleri, makine tamir at\u00f6lyeleri, \u00e7iftlikler ve enerji ve madencilik sekt\u00f6rleri de dahil olmak \u00fczere \u00e7e\u015fitli end\u00fcstrilerde kullan\u0131lmak \u00fczere tasarlanm\u0131\u015f yeni piyasaya s\u00fcr\u00fclen bir \u00fcr\u00fcnd\u00fcr. Bu ters teleskopik tip silindir, sa\u011flam bir \u00e7elik g\u00f6vdeye sahiptir ve 56 kg a\u011f\u0131rl\u0131\u011f\u0131ndad\u0131r. Maksimum 3000 itme g\u00fcc\u00fcne ve maksimum 20 ton \u00e7ekme kuvvetine sahiptir. \u00c7ekirdek bile\u015fenleri bir yatak ve bir piston silindiridir.<\/p>\n<h2>4 Kademeli Hidrolik Silindirin \u00d6zellikleri<\/h2>\n<p><img decoding=\"async\" src=\"https:\/\/hzpt.com\/wp-content\/uploads\/2023\/11\/Inverted-Telescopic-Cylinder-11.webp\" alt=\"\" title=\"\"><\/p>\n<p>Silindirin \u00f6zellikleri \u015funlard\u0131r:<\/p>\n<ul>\n<li>2 ila 6 in\u00e7 aras\u0131nda de\u011fi\u015fen delik boyutu<\/li>\n<li>\u00c7ubuk boyutu 1.125 ile 4 in\u00e7 aras\u0131ndad\u0131r<\/li>\n<li>6 ila 48 in\u00e7 aras\u0131nda de\u011fi\u015fen vuru\u015f boyutu<\/li>\n<li>0,5 ile 2 in\u00e7 aras\u0131 pin boyutu<\/li>\n<li>Standart siyah renkte mevcuttur<\/li>\n<\/ul>\n<h2>4 Kademeli Hidrolik Silindirin Uygulamalar\u0131<\/h2>\n<p>4 Kademeli Hidrolik Silindirin geni\u015f bir uygulama yelpazesi vard\u0131r, bunlar aras\u0131nda \u015funlar yer al\u0131r:<\/p>\n<ul>\n<li>\u00dcretim Tesisleri: A\u011f\u0131r makine ve aletlerin \u00e7al\u0131\u015ft\u0131r\u0131lmas\u0131 i\u00e7in.<\/li>\n<li>Makine Tamir At\u00f6lyeleri: \u00c7e\u015fitli tipteki makinelerin bak\u0131m ve onar\u0131m\u0131nda kullan\u0131l\u0131r.<\/li>\n<li>\u00c7iftlikler: Verimli tar\u0131msal faaliyetler i\u00e7in a\u011f\u0131r hizmet tipi tar\u0131m ekipmanlar\u0131nda kullan\u0131\u015fl\u0131d\u0131r.<\/li>\n<li>Enerji ve Madencilik: Madencilik ekipmanlar\u0131 ve enerji \u00fcreten makineler i\u00e7in gereklidir.<\/li>\n<li>Makine Fabrikas\u0131: Yeni makinelerin \u00fcretimi ve montaj\u0131nda \u200b\u200bvazge\u00e7ilmezdir.<\/li>\n<\/ul>\n<p><img decoding=\"async\" src=\"https:\/\/hzpt.com\/wp-content\/uploads\/2023\/11\/Inverted-Telescopic-Cylinder-Applications.webp\" alt=\"Hidrolik Silindir Uygulamalar\u0131\" title=\"\"><\/p>\n<h2>4 Kademeli Hidrolik Silindirin \u00c7al\u0131\u015fma Prensibi ve Bak\u0131m\u0131<\/h2>\n<p>4 Kademeli Hidrolik Silindir, hidrolik s\u0131v\u0131n\u0131n kuvvet \u00fcretmek i\u00e7in kullan\u0131ld\u0131\u011f\u0131 hidrolik g\u00fc\u00e7 prensibiyle \u00e7al\u0131\u015f\u0131r. Silindirin verimli \u00e7al\u0131\u015fmas\u0131 i\u00e7in d\u00fczenli bak\u0131m \u00e7ok \u00f6nemlidir. Bu bak\u0131m, a\u015f\u0131nma ve y\u0131pranma belirtilerini tespit etmek i\u00e7in d\u00fczenli kontrolleri, toz veya kal\u0131nt\u0131lar\u0131n \u00e7al\u0131\u015fmas\u0131n\u0131 engellememesini sa\u011flamak i\u00e7in temizli\u011fi, s\u00fcrt\u00fcnmeyi en aza indirmek i\u00e7in ya\u011flamay\u0131 ve gerekti\u011finde conta de\u011fi\u015fimini i\u00e7erir.<\/p>\n<p><img decoding=\"async\" src=\"https:\/\/hzpt.com\/wp-content\/uploads\/2023\/11\/Inverted-Telescopic-Cylinder-24.webp\" alt=\"\" title=\"\"><\/p>\n<h2>Ters Teleskopik Silindir<\/h2>\n<p>Hidrolik silindirler, in\u015faat ekipmanlar\u0131, end\u00fcstriyel makineler ve ticari ara\u00e7lar gibi \u00e7e\u015fitli uygulamalarda temel bile\u015fenlerdir. Son y\u0131llarda pop\u00fclerlik kazanan bir hidrolik silindir t\u00fcr\u00fc de Ters Teleskopik Silindir'dir. Bu silindir t\u00fcr\u00fc genellikle damperli kamyonlarda, \u00e7ekicilerde ve di\u011fer a\u011f\u0131r hizmet ara\u00e7lar\u0131nda kullan\u0131l\u0131r.<\/p>\n<h3>Genel Bak\u0131\u015f<\/h3>\n<p>Ters Teleskopik Silindir, piston kolu silindirin alt k\u0131sm\u0131nda, piston ise \u00fcst k\u0131sm\u0131nda olacak \u015fekilde tasarlanm\u0131\u015ft\u0131r. Bu d\u00fczenleme, daha k\u00fc\u00e7\u00fck bir alanda daha uzun bir strok sa\u011flayarak, alan\u0131n k\u0131s\u0131tl\u0131 oldu\u011fu uygulamalar i\u00e7in idealdir. Silindir, geri \u00e7ekildi\u011finde birbirinin i\u00e7ine katlanan birka\u00e7 kademeden olu\u015fur; en b\u00fcy\u00fck kademe en d\u0131\u015fta, en k\u00fc\u00e7\u00fck kademe ise en i\u00e7tedir.<\/p>\n<h3>Yap\u0131<\/h3>\n<p>Ters Teleskopik Silindir, genellikle a\u011f\u0131r y\u00fcklere ve a\u015f\u0131r\u0131 s\u0131cakl\u0131klara dayan\u0131kl\u0131 y\u00fcksek mukavemetli \u00e7elikten \u00fcretilir. Silindir, her biri kendi piston ve koluna sahip birka\u00e7 a\u015famadan olu\u015fur. A\u015famalar, kolay montaj ve demontaj sa\u011flayan di\u015fli halkalarla birbirine ba\u011flanm\u0131\u015ft\u0131r.<\/p>\n<p>Silindirin taban\u0131nda, silindiri araca ba\u011flayan bir montaj plakas\u0131 bulunur. Piston \u00e7ubu\u011fu, u\u00e7 k\u0131sm\u0131nda y\u00fcke veya araca g\u00fcvenli bir ba\u011flant\u0131 sa\u011flayan bir \u00e7atal veya halkaya ba\u011fl\u0131d\u0131r.<\/p>\n<h3>\u0130\u015flev<\/h3>\n<p>Ters Teleskopik Silindir, hidrolik s\u0131v\u0131 kullanarak bas\u0131n\u00e7 olu\u015fturur ve ard\u0131ndan pistonu yukar\u0131 ve a\u015fa\u011f\u0131 iter. Piston kolu, kademeler birbirine do\u011fru katland\u0131k\u00e7a uzar ve geri \u00e7ekilir. Silindir, geni\u015f bir hareket aral\u0131\u011f\u0131na ihtiya\u00e7 duyulan uygulamalar i\u00e7in gerekli olan uzun bir strok sa\u011flayabilir.<\/p>\n<p>Ters Teleskopik Silindir, genellikle damperli kamyonlarda ve \u00e7ekicilerde kullan\u0131l\u0131r. Damperli kamyonlarda silindir, kasay\u0131 kald\u0131rmak ve y\u00fck\u00fc kamyondan bo\u015faltmak i\u00e7in kullan\u0131l\u0131r. \u00c7ekici kamyonlarda ise silindir, bomu uzatarak \u00e7ekilen arac\u0131 kald\u0131rmak i\u00e7in kullan\u0131l\u0131r.<\/p>\n<h3>Fabrika Uzun Stroklu \u00c7ekici Kamyon Damperli Kamyon 4 Kademeli Hidrolik Silindir Sa\u011fl\u0131yor<\/h3>\n<p>Fabrikan\u0131n Sa\u011flad\u0131\u011f\u0131 Uzun Stroklu \u00c7ekici Damperli Kamyon 4 Kademeli Hidrolik Silindiri, \u00e7ekici ve damperli kamyonlarda kullan\u0131lmak \u00fczere tasarlanm\u0131\u015f \u00f6zel bir Ters Teleskopik Silindir t\u00fcr\u00fcd\u00fcr. Bu silindir d\u00f6rt kademeden olu\u015fur ve uzun strok sa\u011flayarak bu uygulamalar i\u00e7in idealdir.<\/p>\n<p>Silindir, y\u00fcksek mukavemetli \u00e7elikten \u00fcretilmi\u015ftir ve araca kolayca tak\u0131labilmesi i\u00e7in taban\u0131nda bir montaj plakas\u0131 bulunur. Piston kolu, y\u00fcke veya araca g\u00fcvenli bir \u015fekilde tak\u0131labilmesi i\u00e7in bir \u00e7atal veya halkaya ba\u011flanm\u0131\u015ft\u0131r.<\/p>\n<p>Fabrika Tedarik Uzun Stroklu \u00c7ekici Damperli Kamyon 4 Kademeli Hidrolik Silindiri, damperli kamyonlar\u0131n ve \u00e7ekicilerin d\u00fczg\u00fcn \u00e7al\u0131\u015fmas\u0131 i\u00e7in gerekli olan g\u00fcvenilir ve verimli bir bile\u015fendir. Kompakt bir alanda uzun strok sa\u011flama yetene\u011fi, onu bu uygulamalar i\u00e7in ideal bir se\u00e7im haline getirir.<\/p>\n<h3>FMP Hakk\u0131nda<\/h3>\n<p>FMP, Hidrolik Silindir \u00fcretimi ve sat\u0131\u015f\u0131 konusunda uzmanla\u015fm\u0131\u015f bir \u015firkettir. Uzun y\u0131llara dayanan sekt\u00f6r deneyimimiz ve profesyonel ekibimizle, m\u00fc\u015fterilerimize in\u015faat makineleri i\u00e7in y\u00fcksek kaliteli ve g\u00fcvenilir hidrolik silindirler sunuyoruz.<\/p>\n<p><img decoding=\"async\" class=\"aligncenter\" src=\"https:\/\/fmp-components.com\/wp-content\/uploads\/2024\/12\/Adjustable-Clevis-Type-Cylinders-6.webp\" alt=\"Ayarlanabilir \u00c7atal Tipi Silindir\" width=\"816\" title=\"\"><\/p>\n<p>Hidrolik silindirlerimizi se\u00e7meniz i\u00e7in be\u015f neden:<\/p>\n<ol>\n<li>Geni\u015f Se\u00e7enek Yelpazesi: Ayarlanabilir \u00e7atal tipi silindirler, ba\u011flant\u0131 \u00e7ubu\u011fu silindirleri, kaynakl\u0131 silindirler, teleskopik silindirler ve kompakt silindirler dahil olmak \u00fczere kapsaml\u0131 bir hidrolik silindir yelpazesi sunuyoruz. \u0130n\u015faat makinelerinizin ihtiya\u00e7lar\u0131 ne olursa olsun, sizin i\u00e7in m\u00fckemmel silindiri bizde bulabilirsiniz.<\/li>\n<li>\u00dcst\u00fcn Kalite: T\u00fcm hidrolik silindirlerimiz y\u00fcksek kaliteli malzemeler kullan\u0131larak \u00fcretilir ve titiz kalite kontrollerinden ge\u00e7er. Her silindirin s\u0131k\u0131 end\u00fcstri standartlar\u0131n\u0131 kar\u015f\u0131lad\u0131\u011f\u0131ndan emin olarak, size g\u00fcvenilir ve dayan\u0131kl\u0131 bir performans sunar\u0131z.<\/li>\n<li>\u00d6zelle\u015ftirme: Her in\u015faat projesinin kendine \u00f6zg\u00fc gereksinimleri oldu\u011funun fark\u0131nday\u0131z. Bu nedenle hidrolik silindirlerimiz i\u00e7in \u00f6zelle\u015ftirme se\u00e7enekleri sunuyoruz. Boyut, montaj stili veya bas\u0131n\u00e7 derecesi fark etmeksizin, silindiri \u00f6zel ihtiya\u00e7lar\u0131n\u0131za g\u00f6re uyarlayabiliriz.<\/li>\n<li>Uzman Rehberli\u011fi: Bilgili sat\u0131\u015f ekibimiz, in\u015faat makineleri sekt\u00f6r\u00fcnde deneyimlidir. Profesyonel \u00fcr\u00fcn dan\u0131\u015fmanl\u0131\u011f\u0131 sa\u011flayarak ekipman\u0131n\u0131z i\u00e7in do\u011fru hidrolik silindiri se\u00e7menize yard\u0131mc\u0131 olabilirler. M\u00fc\u015fterilerimiz i\u00e7in en iyi \u00e7\u00f6z\u00fcmleri bulmaya kararl\u0131y\u0131z.<\/li>\n<li>Verimli Da\u011f\u0131t\u0131m: Hidrolik silindirlerinizi zaman\u0131nda ve do\u011fru bir \u015fekilde teslim alman\u0131z\u0131 sa\u011flamak i\u00e7in verimli bir lojistik da\u011f\u0131t\u0131m sistemimiz mevcuttur. Makinelerinizin ar\u0131za s\u00fcresini en aza indirerek, ihtiya\u00e7 duydu\u011funuz par\u00e7alar\u0131 ihtiya\u00e7 duydu\u011funuz anda teslim edece\u011fimizden emin olabilirsiniz.<\/li>\n<\/ol>\n<p>Hidrolik silindir ihtiya\u00e7lar\u0131n\u0131z i\u00e7in FMP'yi se\u00e7in ve fark\u0131 deneyimleyin. \u0130n\u015faat makineleri ihtiya\u00e7lar\u0131n\u0131z\u0131 nas\u0131l kar\u015f\u0131layabilece\u011fimizi g\u00f6r\u00fc\u015fmek i\u00e7in bug\u00fcn bizimle ileti\u015fime ge\u00e7in.<\/p>\n<p>Yazar:CX<\/p>","protected":false},"excerpt":{"rendered":"<p>The Factory Provide Long Stroke Tow Truck Dump Truck 4 Stage Hydraulic Cylinder The Factory Provide Long Stroke Tow Truck Dump Truck 4 Stage Hydraulic Cylinder is a newly launched product designed for use in various industries, including manufacturing plants, machinery repair shops, farms, and energy and mining sectors. This inverted telescopic type cylinder has [&hellip;]<\/p>","protected":false},"featured_media":1630,"comment_status":"closed","ping_status":"closed","template":"","meta":{"_et_pb_use_builder":"","_et_pb_old_content":"","_et_gb_content_width":""},"product_brand":[],"product_cat":[45],"product_tag":[34,48],"class_list":{"0":"post-1629","1":"product","2":"type-product","3":"status-publish","4":"has-post-thumbnail","6":"product_cat-inverted-telescopic-cylinder","7":"product_tag-hydraulic-cylinder","8":"product_tag-inverted-telescopic-cylinder","10":"first","11":"instock","12":"product-type-simple"},"_links":{"self":[{"href":"https:\/\/fmp-components.com\/tr\/wp-json\/wp\/v2\/product\/1629","targetHints":{"allow":["GET"]}}],"collection":[{"href":"https:\/\/fmp-components.com\/tr\/wp-json\/wp\/v2\/product"}],"about":[{"href":"https:\/\/fmp-components.com\/tr\/wp-json\/wp\/v2\/types\/product"}],"replies":[{"embeddable":true,"href":"https:\/\/fmp-components.com\/tr\/wp-json\/wp\/v2\/comments?post=1629"}],"wp:featuredmedia":[{"embeddable":true,"href":"https:\/\/fmp-components.com\/tr\/wp-json\/wp\/v2\/media\/1630"}],"wp:attachment":[{"href":"https:\/\/fmp-components.com\/tr\/wp-json\/wp\/v2\/media?parent=1629"}],"wp:term":[{"taxonomy":"product_brand","embeddable":true,"href":"https:\/\/fmp-components.com\/tr\/wp-json\/wp\/v2\/product_brand?post=1629"},{"taxonomy":"product_cat","embeddable":true,"href":"https:\/\/fmp-components.com\/tr\/wp-json\/wp\/v2\/product_cat?post=1629"},{"taxonomy":"product_tag","embeddable":true,"href":"https:\/\/fmp-components.com\/tr\/wp-json\/wp\/v2\/product_tag?post=1629"}],"curies":[{"name":"wp","href":"https:\/\/api.w.org\/{rel}","templated":true}]}}