{"id":1623,"date":"2024-12-23T06:59:20","date_gmt":"2024-12-23T06:59:20","guid":{"rendered":"https:\/\/fmp-components.com\/product\/new-design-5-ton-telescopic-hydraulic-cylinder-dump-truck-hydraulic-cylinder\/"},"modified":"2024-12-23T08:34:10","modified_gmt":"2024-12-23T08:34:10","slug":"new-design-5-ton-telescopic-hydraulic-cylinder-dump-truck-hydraulic-cylinder","status":"publish","type":"product","link":"https:\/\/fmp-components.com\/tr\/product\/new-design-5-ton-telescopic-hydraulic-cylinder-dump-truck-hydraulic-cylinder\/","title":{"rendered":"Yeni Tasar\u0131m 5 Ton Teleskopik Hidrolik Silindir Damperli Kamyon Hidrolik Silindiri"},"content":{"rendered":"<h2>Damperli Kamyon Hidrolik Silindiri i\u00e7in Yeni Tasar\u0131m 5 Ton Teleskopik Hidrolik Silindiri Tan\u0131t\u0131yoruz:<\/h2>\n<p>Yeni Tasar\u0131m 5 Ton Teleskopik Hidrolik Silindir, damperli kamyonlar i\u00e7in \u00f6zel olarak tasarlanm\u0131\u015f, son teknoloji \u00fcr\u00fcn\u00fc bir \u00fcr\u00fcnd\u00fcr. Yenilik\u00e7i \u00f6zellikleri ve geli\u015fmi\u015f teknolojisiyle bu hidrolik silindir, benzersiz performans ve g\u00fcvenilirlik sunar.<\/p>\n<p>Temel \u00d6zellikler:<br \/>\n1. Geli\u015fmi\u015f Kald\u0131rma Kapasitesi: Bu hidrolik silindirin 5 tonluk kald\u0131rma kapasitesi, a\u011f\u0131r y\u00fcklerin verimli ve zahmetsizce bo\u015falt\u0131lmas\u0131n\u0131 sa\u011flayarak \u00e7e\u015fitli end\u00fcstriyel uygulamalar i\u00e7in idealdir.<\/p>\n<p>2. Teleskopik Tasar\u0131m: Teleskopik tasar\u0131m, g\u00fc\u00e7ten \u00f6d\u00fcn vermeden kompakt ve yerden tasarruf sa\u011flayan bir \u00e7\u00f6z\u00fcm sunar. Birden fazla uzatma a\u015famas\u0131 sunarak bo\u015faltma i\u015flemi \u00fczerinde hassas kontrol sa\u011flar.<\/p>\n<p>3. Y\u00fcksek Dayan\u0131kl\u0131l\u0131k: Zorlu \u00e7al\u0131\u015fma ko\u015fullar\u0131na dayanacak \u015fekilde \u00fcretilen bu hidrolik silindir, uzun \u00f6m\u00fcrl\u00fc performans ve minimum bak\u0131m gereksinimi sa\u011flayan y\u00fcksek kaliteli malzemelerle \u00fcretilmi\u015ftir.<\/p>\n<p>4. Sorunsuz \u00c7al\u0131\u015fma: Hassas m\u00fchendislikle tasarlanm\u0131\u015f hidrolik sistemle donat\u0131lan Yeni Tasar\u0131m 5 Ton Teleskopik Hidrolik Silindir, sorunsuz ve kesintisiz \u00e7al\u0131\u015fma sa\u011flayarak kamyonun yap\u0131s\u0131ndaki stresi azalt\u0131r ve kullan\u0131m \u00f6mr\u00fcn\u00fc uzat\u0131r.<\/p>\n<p>5. G\u00fcvenlik \u00d6zellikleri: Hidrolik silindir, a\u015f\u0131r\u0131 y\u00fck korumas\u0131 ve bas\u0131n\u00e7 tahliye valfleri gibi g\u00fcvenlik mekanizmalar\u0131yla donat\u0131lm\u0131\u015f olup, zorlu ko\u015fullarda bile g\u00fcvenli ve g\u00fcvenilir bir \u00e7al\u0131\u015fma sa\u011flar.<\/p>\n<p>6. Kolay Kurulum: Sorunsuz kurulum i\u00e7in tasarlanan bu hidrolik silindir, t\u00fcm gerekli montaj aksesuarlar\u0131 ve a\u00e7\u0131k talimatlarla birlikte gelir ve bu da onu kamyon \u00fcreticileri ve hidrolik sistem montajc\u0131lar\u0131 i\u00e7in kullan\u0131\u015fl\u0131 hale getirir.<\/p>\n<p>Uygulamalar:<br \/>\nYeni Tasar\u0131m 5 Ton Teleskopik Hidrolik Silindir, in\u015faat, madencilik, tar\u0131m ve at\u0131k y\u00f6netimi gibi \u00e7e\u015fitli sekt\u00f6rlerdeki damperli kamyonlarda yayg\u0131n olarak kullan\u0131lmaktad\u0131r. \u00c7ok y\u00f6nl\u00fcl\u00fc\u011f\u00fc ve sa\u011flaml\u0131\u011f\u0131, onu a\u011f\u0131r hizmet tipi kald\u0131rma ve bo\u015faltma i\u015flemleri i\u00e7in m\u00fckemmel bir se\u00e7im haline getirir.<\/p>\n<p>Sonu\u00e7 olarak, Yeni Tasar\u0131m 5 Ton Teleskopik Hidrolik Silindir, damperli kamyon hidrolik sistemlerinde \u00e7\u0131\u011f\u0131r a\u00e7acak bir \u00fcr\u00fcnd\u00fcr. Geli\u015fmi\u015f \u00f6zellikleri, dayan\u0131kl\u0131l\u0131\u011f\u0131 ve kolay montaj\u0131, onu verimli ve g\u00fcvenilir bo\u015faltma kapasitesine g\u00fcvenen end\u00fcstriler i\u00e7in m\u00fckemmel bir se\u00e7im haline getirir. Damperli kamyonunuzu bu hidrolik silindirle y\u00fckseltin ve daha \u00f6nce hi\u00e7 olmad\u0131\u011f\u0131 kadar geli\u015fmi\u015f performans deneyimi ya\u015fay\u0131n.<\/p>\n<div>\n<h2>5 Tonluk Teleskopik Hidrolik Silindirli Damperli Kamyon Hidrolik Silindirimizi Tan\u0131t\u0131yoruz<\/h2>\n<table style=\"width: 100%;\" border=\"1\" width=\"100%\" cellspacing=\"0\" cellpadding=\"0\">\n<tbody>\n<tr>\n<th>\u00dcr\u00fcn Ad\u0131<\/th>\n<td>5 Ton Teleskopik Hidrolik Silindir Damperli Kamyon Hidrolik Silindiri<\/td>\n<\/tr>\n<tr>\n<th>Durum<\/th>\n<td>Yeni<\/td>\n<\/tr>\n<tr>\n<th>Garanti<\/th>\n<td>1 Y\u0131l<\/td>\n<\/tr>\n<tr>\n<th>Maksimum Y\u00fck<\/th>\n<td>5 Ton<\/td>\n<\/tr>\n<tr>\n<th>\u00c7ekirdek Bile\u015fenler<\/th>\n<td>Rulmanlar ve Piston Silindirleri<\/td>\n<\/tr>\n<tr>\n<th>Malzeme<\/th>\n<td>Sa\u011flam \u00c7elik<\/td>\n<\/tr>\n<tr>\n<th>Test<\/th>\n<td>Makine Test Raporu Dahil<\/td>\n<\/tr>\n<tr>\n<th>Performans<\/th>\n<td>Son Teknoloji<\/td>\n<\/tr>\n<tr>\n<th>Uygulanabilir End\u00fcstriler<\/th>\n<td>\u00dcretim Tesisleri, Makine Tamir At\u00f6lyeleri, \u00c7iftlikler, Enerji ve Madencilik<\/td>\n<\/tr>\n<tr>\n<th>Lansman Y\u0131l\u0131<\/th>\n<td>2024<\/td>\n<\/tr>\n<\/tbody>\n<\/table>\n<p><img decoding=\"async\" class=\"aligncenter\" src=\"https:\/\/hzpt.com\/wp-content\/uploads\/2023\/11\/Inverted-Telescopic-Cylinder-18.webp\" alt=\"\" title=\"\"><\/p>\n<h2>5 Ton Teleskopik Hidrolik Silindir Damperli Kamyon Hidrolik Silindirinin \u00d6zellikleri<\/h2>\n<ul>\n<li>Piston silindir yap\u0131s\u0131na sahip standart tasar\u0131m.<\/li>\n<li>Hidrolik g\u00fc\u00e7 ve maksimum 3000 itme g\u00fcc\u00fc.<\/li>\n<li>G\/SAE\/NPT\/M portlu Ters Teleskopik Silindir tipi.<\/li>\n<li>Maksimum \u00e7ekme kapasitesi 20 ton ve ISO9001:2000 sertifikas\u0131na sahip.<\/li>\n<li>2-6 in\u00e7 delik \u00e7ap\u0131, 1.125-4 in\u00e7 \u00e7ubuk \u00e7ap\u0131, 6-48 in\u00e7 strok \u00e7ap\u0131 ve 0.5-2 in\u00e7 pim \u00e7ap\u0131.<\/li>\n<\/ul>\n<h2>5 Ton Teleskopik Hidrolik Silindir Damperli Kamyon Hidrolik Silindirinin Uygulamalar\u0131<\/h2>\n<p>Bu \u00e7ok y\u00f6nl\u00fc hidrolik silindir \u00e7ok say\u0131da uygulamada kullan\u0131labilir:<\/p>\n<ul>\n<li>\u00c7e\u015fitli makinelerin \u00fcretimi i\u00e7in imalat tesisleri.<\/li>\n<li>\u00c7e\u015fitli ekipmanlar\u0131n bak\u0131m ve onar\u0131m\u0131n\u0131n yap\u0131ld\u0131\u011f\u0131 makine tamir at\u00f6lyeleri.<\/li>\n<li>A\u011f\u0131r tar\u0131msal i\u015fler i\u00e7in \u00e7iftlikler.<\/li>\n<li>Enerji ve madencilik end\u00fcstrilerinde \u00e7\u0131karma ve i\u015fleme g\u00f6revleri i\u00e7in.<\/li>\n<li>\u00c7e\u015fitli makine ve ekipmanlar\u0131n olu\u015fturulmas\u0131 i\u00e7in makine imalat\u0131.<\/li>\n<\/ul>\n<p><img decoding=\"async\" src=\"https:\/\/hzpt.com\/wp-content\/uploads\/2023\/11\/Inverted-Telescopic-Cylinder-Applications.webp\" alt=\"\" title=\"\"><\/p>\n<h2>\u00c7al\u0131\u015fma Prensibi ve Bak\u0131m Y\u00f6ntemleri<\/h2>\n<p>5 Tonluk Teleskopik Hidrolik Silindir, hidrolik s\u0131v\u0131 giri\u015fini \u00e7\u0131k\u0131\u015f kuvvetine d\u00f6n\u00fc\u015ft\u00fcrerek \u00e7al\u0131\u015f\u0131r. Rulmanlar ve piston silindirleri gibi temel bile\u015fenlerden olu\u015fur. Bu \u00fcr\u00fcn\u00fcn uzun \u00f6m\u00fcrl\u00fc olmas\u0131 i\u00e7in d\u00fczenli kontrol, temizlik ve ya\u011flama \u015fartt\u0131r. Conta de\u011fi\u015fimleri ve kullan\u0131m k\u0131lavuzuna uyulmas\u0131 da bak\u0131m i\u00e7in hayati \u00f6nem ta\u015f\u0131r. Ayr\u0131ca, optimum performans sa\u011flamak i\u00e7in d\u00fczenli kontrol ve onar\u0131mlar yap\u0131lmal\u0131d\u0131r.<\/p>\n<p><img decoding=\"async\" src=\"https:\/\/hzpt.com\/wp-content\/uploads\/2023\/11\/Inverted-Telescopic-Cylinder-21.webp\" alt=\"\" title=\"\"><\/p>\n<\/div>\n<h2>Ters Teleskopik Silindir<\/h2>\n<p>Ters teleskopik silindir olarak da bilinen ters teleskopik silindir, silindirin \u00fcst\u00fcnden de\u011fil, alt\u0131ndan uzanan bir piston \u00e7ubu\u011funa sahip bir hidrolik silindirdir. Bu benzersiz tasar\u0131m, geleneksel teleskopik silindirlere g\u00f6re bir\u00e7ok avantaj sunarak onu \u00e7e\u015fitli hidrolik uygulamalar i\u00e7in ideal bir se\u00e7im haline getirir.<\/p>\n<h3>Yeni Tasar\u0131m 5 Ton Teleskopik Hidrolik Silindir Damperli Kamyon Hidrolik Silindiri<\/h3>\n<p>Yeni tasar\u0131m 5 tonluk teleskopik hidrolik silindirli damperli kamyon hidrolik silindiri, ters teleskopik silindirin hidrolik sistemlerin verimlili\u011fini ve performans\u0131n\u0131 nas\u0131l art\u0131rabilece\u011finin harika bir \u00f6rne\u011fidir. Bu yenilik\u00e7i tasar\u0131m\u0131n baz\u0131 temel avantajlar\u0131 \u015funlard\u0131r:<\/p>\n<ul>\n<li><strong>Art\u0131r\u0131lm\u0131\u015f Kald\u0131rma Kapasitesi:<\/strong> Silindirin ters tasar\u0131m\u0131, daha b\u00fcy\u00fck bir piston \u00e7ap\u0131na olanak tan\u0131r ve bu da kald\u0131rma kapasitesini art\u0131r\u0131r. Bu, damperli kamyonun daha fazla a\u011f\u0131rl\u0131k ta\u015f\u0131yabilece\u011fi anlam\u0131na gelir ve bu da onu daha verimli ve uygun maliyetli hale getirir.<\/li>\n<li><strong>Daha \u0130yi Kararl\u0131l\u0131k:<\/strong> Piston kolu silindirin alt k\u0131sm\u0131nda bulundu\u011fundan, damperli kamyonun a\u011f\u0131rl\u0131k merkezi daha al\u00e7aktad\u0131r. Bu, onu daha dengeli hale getirir ve \u00f6zellikle a\u011f\u0131r y\u00fck ta\u015f\u0131rken devrilme olas\u0131l\u0131\u011f\u0131n\u0131 azalt\u0131r.<\/li>\n<li><strong>Geli\u015fmi\u015f Dayan\u0131kl\u0131l\u0131k:<\/strong> Ters teleskopik silindirler, kir, d\u00f6k\u00fcnt\u00fc ve su gibi d\u0131\u015f etkenlerden kaynaklanan hasara daha az maruz kal\u0131r. Bu sayede, zaman i\u00e7inde daha dayan\u0131kl\u0131 ve g\u00fcvenilir hale gelerek bak\u0131m maliyetlerini ve ar\u0131za s\u00fcrelerini azalt\u0131r.<\/li>\n<li><strong>Artan Verimlilik:<\/strong> Silindirin ters tasar\u0131m\u0131, hidrolik s\u0131v\u0131n\u0131n daha do\u011frudan akmas\u0131n\u0131 sa\u011flayarak s\u00fcrt\u00fcnmeyi azalt\u0131r ve genel verimlili\u011fi art\u0131r\u0131r. Bu, damperli kamyonun daha sorunsuz ve daha az enerjiyle \u00e7al\u0131\u015fabilece\u011fi, yak\u0131t t\u00fcketimini ve i\u015fletme maliyetlerini d\u00fc\u015f\u00fcrece\u011fi anlam\u0131na gelir.<\/li>\n<\/ul>\n<p>Genel olarak, ters teleskopik silindir, geleneksel tasar\u0131mlara k\u0131yasla say\u0131s\u0131z avantaj sunan \u00e7ok y\u00f6nl\u00fc ve verimli bir hidrolik bile\u015fendir. \u0130ster bir damperli kamyon hidrolik sistemi ister ba\u015fka bir hidrolik ekipman tasarl\u0131yor olun, ters teleskopik silindir kesinlikle dikkate de\u011ferdir.<\/p>\n<h3>FMP Hakk\u0131nda<\/h3>\n<p>FMP, Hidrolik Silindir \u00fcretimi ve sat\u0131\u015f\u0131 konusunda uzmanla\u015fm\u0131\u015f bir \u015firkettir. Uzun y\u0131llara dayanan sekt\u00f6r deneyimimiz ve profesyonel ekibimizle, m\u00fc\u015fterilerimize in\u015faat makineleri i\u00e7in y\u00fcksek kaliteli ve g\u00fcvenilir hidrolik silindirler sunmaya kendimizi adad\u0131k.<\/p>\n<p><img decoding=\"async\" src=\"https:\/\/fmp-components.com\/wp-content\/uploads\/2024\/12\/Adjustable-Clevis-Type-Cylinders-6.webp\" alt=\"Ayarlanabilir \u00c7atal Tipi Silindir\" width=\"813\" title=\"\"><\/p>\n<p>\u00dcr\u00fcnlerimizin ve \u015firketimizin be\u015f temel avantaj\u0131 \u015funlard\u0131r:<\/p>\n<ol>\n<li>Geni\u015f \u00dcr\u00fcn Yelpazesi: Tar\u0131m makineleri di\u015fli kutular\u0131, planet di\u015fli kutular\u0131, end\u00fcstriyel di\u015fli kutular\u0131 ve tar\u0131m makinesi par\u00e7alar\u0131 dahil olmak \u00fczere \u00e7e\u015fitli in\u015faat makineleri i\u00e7in geni\u015f bir hidrolik silindir yelpazesi sunuyoruz. Bu sayede m\u00fc\u015fterilerimiz, \u00f6zel ihtiya\u00e7lar\u0131na uygun m\u00fckemmel hidrolik silindiri bulabilirler.<\/li>\n<li>S\u0131k\u0131 Kalite Standartlar\u0131: Yurt i\u00e7i ve yurt d\u0131\u015f\u0131nda y\u00fcksek kaliteli tedarik\u00e7ilerle uzun vadeli ve istikrarl\u0131 ortakl\u0131klar kurarak, tedarik etti\u011fimiz t\u00fcm hidrolik silindirlerin s\u0131k\u0131 kalite standartlar\u0131n\u0131 kar\u015f\u0131lamas\u0131n\u0131 sa\u011fl\u0131yoruz. Bu, \u00fcr\u00fcnlerimizin dayan\u0131kl\u0131l\u0131\u011f\u0131n\u0131, performans\u0131n\u0131 ve g\u00fcvenilirli\u011fini garanti alt\u0131na al\u0131yor.<\/li>\n<li>Deneyimli Sat\u0131\u015f Ekibi: Deneyimli sat\u0131\u015f ekibimiz, in\u015faat makineleri sekt\u00f6r\u00fcndeki geli\u015fme trendleri ve m\u00fc\u015fteri ihtiya\u00e7lar\u0131 konusunda uzmand\u0131r. Profesyonel \u00fcr\u00fcn dan\u0131\u015fmanl\u0131\u011f\u0131 sa\u011flar ve her m\u00fc\u015fterinin gereksinimlerine g\u00f6re uyarlanm\u0131\u015f ak\u0131ll\u0131 sat\u0131n alma \u00f6nerileri sunarlar.<\/li>\n<li>Verimli Lojistik Da\u011f\u0131t\u0131m: M\u00fc\u015fterilerimizin ihtiya\u00e7 duyduklar\u0131 hidrolik silindirleri zaman\u0131nda ve do\u011fru bir \u015fekilde teslim almalar\u0131n\u0131 sa\u011flamak i\u00e7in verimli bir lojistik da\u011f\u0131t\u0131m sistemi uygulad\u0131k. Bu sayede in\u015faat projelerinde ya\u015fanabilecek gecikme veya aksakl\u0131klar en aza indiriliyor.<\/li>\n<li>M\u00fc\u015fteri Memnuniyeti: FMP olarak m\u00fc\u015fteri memnuniyetini \u00f6n planda tutuyoruz. M\u00fc\u015fterilerimizin her t\u00fcrl\u00fc soru ve endi\u015fesine g\u00fcvenilir \u00fcr\u00fcnler, h\u0131zl\u0131 destek ve etkili \u00e7\u00f6z\u00fcmler sunarak m\u00fckemmel m\u00fc\u015fteri hizmeti sunmay\u0131 hedefliyoruz.<\/li>\n<\/ol>\n<p>FMP ile ortakl\u0131k kurmak, en y\u00fcksek kalitede hidrolik silindirlere ve in\u015faat makineleri sekt\u00f6r\u00fcnde g\u00fcvenilir bir orta\u011fa eri\u015fim sa\u011flamak anlam\u0131na gelir. Hidrolik silindir ihtiya\u00e7lar\u0131n\u0131z\u0131 g\u00f6r\u00fc\u015fmek ve FMP ile \u00e7al\u0131\u015fman\u0131n avantajlar\u0131n\u0131 deneyimlemek i\u00e7in bug\u00fcn bizimle ileti\u015fime ge\u00e7in.<\/p>\n<p>Yazar:CX<\/p>","protected":false},"excerpt":{"rendered":"<p>Introducing the New Design 5 Ton Telescopic Hydraulic Cylinder for Dump Truck Hydraulic Cylinder: The New Design 5 Ton Telescopic Hydraulic Cylinder is a cutting-edge product specifically designed for dump trucks. With its innovative features and advanced technology, this hydraulic cylinder offers unparalleled performance and reliability. Key Features: 1. Enhanced Lifting Capacity: The 5-ton lifting [&hellip;]<\/p>","protected":false},"featured_media":1624,"comment_status":"closed","ping_status":"closed","template":"","meta":{"_et_pb_use_builder":"","_et_pb_old_content":"","_et_gb_content_width":""},"product_brand":[],"product_cat":[45],"product_tag":[34,48],"class_list":{"0":"post-1623","1":"product","2":"type-product","3":"status-publish","4":"has-post-thumbnail","6":"product_cat-inverted-telescopic-cylinder","7":"product_tag-hydraulic-cylinder","8":"product_tag-inverted-telescopic-cylinder","10":"first","11":"instock","12":"product-type-simple"},"_links":{"self":[{"href":"https:\/\/fmp-components.com\/tr\/wp-json\/wp\/v2\/product\/1623","targetHints":{"allow":["GET"]}}],"collection":[{"href":"https:\/\/fmp-components.com\/tr\/wp-json\/wp\/v2\/product"}],"about":[{"href":"https:\/\/fmp-components.com\/tr\/wp-json\/wp\/v2\/types\/product"}],"replies":[{"embeddable":true,"href":"https:\/\/fmp-components.com\/tr\/wp-json\/wp\/v2\/comments?post=1623"}],"wp:featuredmedia":[{"embeddable":true,"href":"https:\/\/fmp-components.com\/tr\/wp-json\/wp\/v2\/media\/1624"}],"wp:attachment":[{"href":"https:\/\/fmp-components.com\/tr\/wp-json\/wp\/v2\/media?parent=1623"}],"wp:term":[{"taxonomy":"product_brand","embeddable":true,"href":"https:\/\/fmp-components.com\/tr\/wp-json\/wp\/v2\/product_brand?post=1623"},{"taxonomy":"product_cat","embeddable":true,"href":"https:\/\/fmp-components.com\/tr\/wp-json\/wp\/v2\/product_cat?post=1623"},{"taxonomy":"product_tag","embeddable":true,"href":"https:\/\/fmp-components.com\/tr\/wp-json\/wp\/v2\/product_tag?post=1623"}],"curies":[{"name":"wp","href":"https:\/\/api.w.org\/{rel}","templated":true}]}}