{"id":1621,"date":"2024-12-23T06:59:20","date_gmt":"2024-12-23T06:59:20","guid":{"rendered":"https:\/\/fmp-components.com\/product\/quality-assurance-double-acting-2-stage-hydraulic-cylinder-for-sale\/"},"modified":"2025-05-10T12:31:43","modified_gmt":"2025-05-10T12:31:43","slug":"quality-assurance-double-acting-2-stage-hydraulic-cylinder-for-sale","status":"publish","type":"product","link":"https:\/\/fmp-components.com\/tr\/product\/quality-assurance-double-acting-2-stage-hydraulic-cylinder-for-sale\/","title":{"rendered":"Sat\u0131l\u0131k Kalite G\u00fcvenceli \u00c7ift Etkili 2 Kademeli Hidrolik Silindir"},"content":{"rendered":"<p>Bu son teknoloji \u00fcr\u00fcn\u00fc bir y\u0131ll\u0131k garantiyle birlikte gelir. \u00dcretim tesisleri, makine tamir at\u00f6lyeleri, \u00e7iftlikler, enerji ve madencilik ile makine imalat\u0131 dahil olmak \u00fczere bir\u00e7ok sekt\u00f6rde kullan\u0131labilir. 48 kg a\u011f\u0131rl\u0131\u011f\u0131ndaki \u00fcr\u00fcn, video \u00e7\u0131k\u0131\u015f muayene ve makine test raporuyla birlikte sunulmaktad\u0131r. Bu \u00fcr\u00fcn\u00fcn temel bile\u015fenleri yatak ve piston silindiridir. Standart yap\u0131s\u0131 hidrolik g\u00fcce sahip bir piston silindiridir. G\u00f6vde malzemesi, maksimum 3000 itme g\u00fcc\u00fcne sahip \u00e7eliktir ve bu da onu end\u00fcstriyel ihtiya\u00e7lar\u0131n\u0131z i\u00e7in g\u00fcvenilir bir se\u00e7im haline getirir.<\/p>\n<h2>2 Kademeli Hidrolik Silindirin \u00d6zellikleri<\/h2>\n<p>Hidrolik silindir sadece standart bir \u00fcr\u00fcn de\u011fildir. Onu piyasada \u00f6ne \u00e7\u0131karan bir\u00e7ok benzersiz \u00f6zellikle donat\u0131lm\u0131\u015ft\u0131r. Bu \u00f6zellikler \u015funlard\u0131r:<\/p>\n<ul>\n<li>Hidrolik tahrikli bir piston silindirinin standart yap\u0131s\u0131.<\/li>\n<li>Sa\u011flaml\u0131k ve uzun \u00f6m\u00fcr sa\u011flayan \u00e7elik g\u00f6vde malzemesi.<\/li>\n<li>3000'lik maksimum itme g\u00fcc\u00fcyle y\u00fcksek performans.<\/li>\n<\/ul>\n<p><img decoding=\"async\" src=\"https:\/\/hzpt.com\/wp-content\/uploads\/2023\/11\/Inverted-Telescopic-Cylinder-1.webp\" alt=\"\" title=\"\"><\/p>\n<ul>\n<li>Ters teleskopik silindir tipi, uygulamada \u00e7ok y\u00f6nl\u00fcl\u00fck sa\u011flar.<\/li>\n<li>ISO9001:2000 sertifikas\u0131, kalite ve g\u00fcvenilirli\u011fi garanti alt\u0131na al\u0131yor.<\/li>\n<\/ul>\n<h2>2 Kademeli Hidrolik Silindirin Uygulamalar\u0131<\/h2>\n<p>2 kademeli hidrolik silindir, a\u015fa\u011f\u0131dakiler gibi \u00e7e\u015fitli end\u00fcstrilerde ve uygulamalarda yayg\u0131n olarak kullan\u0131lmaktad\u0131r:<\/p>\n<ul>\n<li>Verimli makine i\u015fletimi i\u00e7in \u00fcretim tesisleri.<\/li>\n<li>\u00c7e\u015fitli tipteki makinelerin bak\u0131m ve onar\u0131m\u0131n\u0131n yap\u0131ld\u0131\u011f\u0131 makine tamir at\u00f6lyeleri.<\/li>\n<li>A\u011f\u0131r makinelerin s\u0131kl\u0131kla kullan\u0131ld\u0131\u011f\u0131 \u00e7iftlikler.<\/li>\n<li>A\u011f\u0131r kald\u0131rma ve malzeme ta\u015f\u0131man\u0131n gerekli oldu\u011fu enerji ve madencilik end\u00fcstrileri.<\/li>\n<li>Makine imalat\u0131, \u00f6zellikle a\u011f\u0131r sanayi ekipmanlar\u0131n\u0131n \u00fcretiminde.<\/li>\n<\/ul>\n<p><img decoding=\"async\" src=\"https:\/\/hzpt.com\/wp-content\/uploads\/2023\/11\/Inverted-Telescopic-Cylinder-Applications.webp\" alt=\"Ters Teleskopik Silindir Uygulamalar\u0131\" title=\"\"><\/p>\n<h2>2 Kademeli Hidrolik Silindirin \u00c7al\u0131\u015fma Prensibi ve Bak\u0131m\u0131<\/h2>\n<p>2 kademeli hidrolik silindir, ak\u0131\u015fkan bas\u0131nc\u0131n\u0131n mekanik bir kuvvet olu\u015fturmak i\u00e7in kullan\u0131ld\u0131\u011f\u0131 hidrolik g\u00fc\u00e7 prensibiyle \u00e7al\u0131\u015f\u0131r. Bu hidrolik silindirin bak\u0131m\u0131 \u015funlar\u0131 i\u00e7erir:<\/p>\n<ul>\n<li>Olas\u0131 sorunlar\u0131 erkenden tespit etmek i\u00e7in d\u00fczenli denetimler.<\/li>\n<li>Silindirin verimli \u00e7al\u0131\u015fmas\u0131n\u0131 sa\u011flamak ve kir veya pislik birikmesini \u00f6nlemek i\u00e7in yap\u0131lan temizlik.<\/li>\n<li>Hareketli par\u00e7alar\u0131n s\u00fcrt\u00fcnmesini ve a\u015f\u0131nmas\u0131n\u0131 azaltmak i\u00e7in ya\u011flama.<\/li>\n<li>Optimum performans\u0131n sa\u011flanmas\u0131 i\u00e7in kalifiye teknisyenler taraf\u0131ndan d\u00fczenli kontroller ve onar\u0131mlar yap\u0131l\u0131r.<\/li>\n<li>S\u0131z\u0131nt\u0131lar\u0131 \u00f6nlemek ve silindirin verimli \u00e7al\u0131\u015fmas\u0131n\u0131 sa\u011flamak amac\u0131yla rutin bak\u0131m\u0131n bir par\u00e7as\u0131 olarak conta de\u011fi\u015fimi.<\/li>\n<\/ul>\n<p><img decoding=\"async\" src=\"https:\/\/hzpt.com\/wp-content\/uploads\/2023\/11\/Inverted-Telescopic-Cylinder-6.webp\" alt=\"\" title=\"\"><\/p>\n<h2>Ters Teleskopik Silindir<\/h2>\n<p>Hidrolik silindir, tek y\u00f6nl\u00fc bir strok arac\u0131l\u0131\u011f\u0131yla tek y\u00f6nl\u00fc bir kuvvet olu\u015fturmak i\u00e7in kullan\u0131lan mekanik bir akt\u00fcat\u00f6rd\u00fcr. Ters teleskopik silindir, \u00e7e\u015fitli end\u00fcstriyel uygulamalarda ak\u0131c\u0131, hassas ve g\u00fc\u00e7l\u00fc bir do\u011frusal hareket sa\u011flamak i\u00e7in kullan\u0131lan bir hidrolik silindir t\u00fcr\u00fcd\u00fcr. Ters teleskopik silindir hakk\u0131nda dikkate al\u0131nmas\u0131 gereken baz\u0131 \u00f6nemli noktalar \u015funlard\u0131r:<\/p>\n<ul>\n<li><strong>Tasar\u0131m:<\/strong> Ters teleskopik silindir, silindirin alt\u0131ndan uzanan bir piston \u00e7ubu\u011fu ve \u00e7ubuk ucundan a\u015fa\u011f\u0131ya do\u011fru teleskopik \u015fekilde uzanan bir dizi i\u00e7 i\u00e7e ge\u00e7mi\u015f borudan olu\u015facak \u015fekilde tasarlanm\u0131\u015ft\u0131r. Bu benzersiz tasar\u0131m, silindirin toplam uzunlu\u011funa k\u0131yasla daha uzun bir strok uzunlu\u011funa sahip olmas\u0131n\u0131 sa\u011flayarak, s\u0131n\u0131rl\u0131 alana sahip uygulamalar i\u00e7in idealdir. Silindir, s\u0131k\u0131 kalite g\u00fcvence standartlar\u0131n\u0131 kar\u015f\u0131layacak \u015fekilde \u00fcretilmi\u015f ve sat\u0131\u015fa sunulmadan \u00f6nce kapsaml\u0131 testlerden ge\u00e7irilmi\u015ftir.<\/li>\n<li><strong>\u0130\u015flevsellik:<\/strong> Ters teleskopik silindir, \u00e7ift etkili bir silindirin gerekli oldu\u011fu uygulamalarda yayg\u0131n olarak kullan\u0131l\u0131r. Silindir, piston \u00e7ubu\u011funu a\u015fa\u011f\u0131 do\u011fru uzatmak i\u00e7in hidrolik bas\u0131n\u00e7 kullanarak \u00e7al\u0131\u015f\u0131r ve bu da teleskopik borular\u0131n da a\u015fa\u011f\u0131 do\u011fru uzamas\u0131na neden olur. Bu, bir y\u00fck\u00fc kald\u0131rmak, itmek veya \u00e7ekmek i\u00e7in kullan\u0131labilen tek y\u00f6nl\u00fc bir kuvvet olu\u015fturur. Silindir, hassas ve g\u00fc\u00e7l\u00fc bir hareket sa\u011flama kapasitesine sahip oldu\u011fundan, a\u011f\u0131r hizmet uygulamalar\u0131 i\u00e7in idealdir.<\/li>\n<li><strong>Uygulamalar:<\/strong> Ters teleskopik silindirler, a\u011f\u0131r makine, in\u015faat ekipman\u0131 ve tar\u0131m makinelerinin imalat\u0131 ve montaj\u0131 gibi \u00e7ok \u00e7e\u015fitli end\u00fcstriyel uygulamalarda yayg\u0131n olarak kullan\u0131lmaktad\u0131r. Ayr\u0131ca, zorlu ko\u015fullarda a\u011f\u0131r y\u00fckleri kald\u0131rmak ve ta\u015f\u0131mak i\u00e7in madencilik ve sondaj uygulamalar\u0131nda da yayg\u0131n olarak kullan\u0131l\u0131rlar. Sat\u0131l\u0131k Kalite G\u00fcvenceli \u00c7ift Etkili 2 Kademeli Hidrolik Silindir, g\u00fcvenilirli\u011fi ve dayan\u0131kl\u0131l\u0131\u011f\u0131 nedeniyle bir\u00e7ok sekt\u00f6rde pop\u00fcler bir tercihtir.<\/li>\n<li><strong>Bak\u0131m:<\/strong> Ters teleskopik silindirlerin, en y\u00fcksek performansta \u00e7al\u0131\u015fmaya devam edebilmeleri i\u00e7in d\u00fczenli bak\u0131ma ihtiya\u00e7lar\u0131 vard\u0131r. Piston kolu ve teleskopik borular, a\u015f\u0131nma ve y\u0131pranma belirtileri a\u00e7\u0131s\u0131ndan d\u00fczenli olarak kontrol edilmeli ve hasarl\u0131 bile\u015fenler derhal de\u011fi\u015ftirilmelidir. Silindir ayr\u0131ca, performans\u0131n\u0131 etkileyebilecek kal\u0131nt\u0131 veya kirleticileri gidermek i\u00e7in d\u00fczenli olarak temizlenmelidir.<\/li>\n<li><strong>Faydalar:<\/strong> Ters teleskopik silindir, hassas ve g\u00fc\u00e7l\u00fc do\u011frusal hareket sa\u011flama yetene\u011fi, kompakt tasar\u0131m\u0131 ve a\u011f\u0131r y\u00fckleri ta\u015f\u0131ma kabiliyeti gibi bir\u00e7ok avantaj sunar. Ayr\u0131ca son derece g\u00fcvenilir ve dayan\u0131kl\u0131d\u0131r, bu da onu her t\u00fcrl\u00fc end\u00fcstriyel uygulama i\u00e7in m\u00fckemmel bir yat\u0131r\u0131m haline getirir. Sat\u0131l\u0131k Kalite G\u00fcvenceli \u00c7ift Etkili 2 Kademeli Hidrolik Silindir, y\u00fcksek kaliteli ve uzun \u00f6m\u00fcrl\u00fc bir silindir arayanlar i\u00e7in m\u00fckemmel bir se\u00e7imdir.<\/li>\n<\/ul>\n<p>Genel olarak, ters teleskopik silindir, \u00e7ok \u00e7e\u015fitli end\u00fcstriyel uygulamalarda kullan\u0131labilen, son derece \u00e7ok y\u00f6nl\u00fc ve g\u00fcvenilir bir hidrolik silindirdir. \u0130ster a\u011f\u0131r hizmet tipi kald\u0131rma ister hassas i\u015fleme i\u00e7in bir silindir ar\u0131yor olun, Sat\u0131l\u0131k Kalite G\u00fcvenceli \u00c7ift Etkili 2 Kademeli Hidrolik Silindir, ihtiyac\u0131n\u0131z olan performans\u0131 ve dayan\u0131kl\u0131l\u0131\u011f\u0131 sa\u011flayacak m\u00fckemmel bir se\u00e7imdir.<\/p>\n<h3>FMP Hakk\u0131nda<\/h3>\n<p>FMP, Hidrolik Silindir \u00fcretimi ve sat\u0131\u015f\u0131 konusunda uzmanla\u015fm\u0131\u015f bir \u015firkettir. Kapsaml\u0131 sekt\u00f6r deneyimimiz ve profesyonel ekibimizle, m\u00fc\u015fterilerimize in\u015faat makineleri i\u00e7in y\u00fcksek kaliteli ve g\u00fcvenilir hidrolik silindirler sunuyoruz.<\/p>\n<p>1. Geni\u015f \u00dcr\u00fcn Yelpazesi:<\/p>\n<p>\u00dcr\u00fcn yelpazemiz, in\u015faat makineleri i\u00e7in \u00e7e\u015fitli hidrolik silindirler i\u00e7ermektedir. \u0130ster tek etkili ister \u00e7ift etkili silindirlere, ister teleskopik silindirlere veya \u00f6zel tasar\u0131m silindirlere ihtiyac\u0131n\u0131z olsun, \u00f6zel ihtiya\u00e7lar\u0131n\u0131z\u0131 kar\u015f\u0131layacak m\u00fckemmel \u00e7\u00f6z\u00fcme sahibiz.<\/p>\n<p>2. En Kaliteli Bile\u015fenler:<\/p>\n<p>T\u00fcm hidrolik silindirlerimiz en kaliteli bile\u015fenler kullan\u0131larak \u00fcretilmektedir. \u00dcr\u00fcnlerimizin uzun \u00f6m\u00fcrl\u00fc ve performansl\u0131 olmas\u0131n\u0131 sa\u011flamak i\u00e7in \u00fcretim s\u00fcrecimizde kaliteye \u00f6ncelik veriyoruz.<\/p>\n<p>3. Uzmanl\u0131k ve Dan\u0131\u015fmanl\u0131k:<\/p>\n<p>Deneyimli sat\u0131\u015f ekibimiz, in\u015faat makineleri sekt\u00f6r\u00fcn\u00fcn geli\u015fim trendleri ve m\u00fc\u015fteri ihtiya\u00e7lar\u0131 konusunda uzmand\u0131r. Profesyonel \u00fcr\u00fcn dan\u0131\u015fmanl\u0131\u011f\u0131 sa\u011flayarak, makineleriniz i\u00e7in do\u011fru hidrolik silindiri se\u00e7menize yard\u0131mc\u0131 olabilirler.<\/p>\n<p>4. G\u00fcvenilir Tedarik Zinciri:<\/p>\n<p>Y\u00fcksek kaliteli tedarik\u00e7ilerle uzun vadeli ve istikrarl\u0131 i\u015f birli\u011fi ili\u015fkileri kurarak, tedarik etti\u011fimiz t\u00fcm par\u00e7alar\u0131n s\u0131k\u0131 kalite standartlar\u0131n\u0131 kar\u015f\u0131lamas\u0131n\u0131 garanti ediyoruz. Bu, hidrolik silindirlerimizin g\u00fcvenilirli\u011fini ve dayan\u0131kl\u0131l\u0131\u011f\u0131n\u0131 garanti ediyor.<\/p>\n<p>5. Verimli Lojistik ve Zaman\u0131nda Teslimat:<\/p>\n<p>M\u00fc\u015fterilerimizin ihtiya\u00e7 duyduklar\u0131 hidrolik silindirleri zaman\u0131nda ve do\u011fru bir \u015fekilde teslim almalar\u0131n\u0131 sa\u011flamak i\u00e7in verimli bir lojistik da\u011f\u0131t\u0131m sistemimiz bulunmaktad\u0131r. Ar\u0131za s\u00fcrelerini en aza indirmenin \u00f6nemini anl\u0131yor ve h\u0131zl\u0131 teslimat sa\u011flamay\u0131 hedefliyoruz.<\/p>\n<p><img loading=\"lazy\" decoding=\"async\" class=\"aligncenter\" src=\"https:\/\/fmp-components.com\/wp-content\/uploads\/2024\/12\/Adjustable-Clevis-Type-Cylinders-6.webp\" alt=\"Ayarlanabilir \u00c7atal Tipi Silindir\" width=\"1035\" height=\"878\" title=\"\"><\/p>\n<p>Yazar:CX<\/p>","protected":false},"excerpt":{"rendered":"<p>This state-of-the-art product comes with a one-year warranty. It is applicable across numerous industries including manufacturing plants, machinery repair shops, farms, energy and mining, and machinery manufacturing. With a weight of 48 KG, video outgoing-inspection and machinery test report are provided. The core components of this product are its bearing and plunger cylinder. The standard [&hellip;]<\/p>","protected":false},"featured_media":1622,"comment_status":"closed","ping_status":"closed","template":"","meta":{"_et_pb_use_builder":"","_et_pb_old_content":"","_et_gb_content_width":""},"product_brand":[],"product_cat":[45],"product_tag":[34,48],"class_list":{"0":"post-1621","1":"product","2":"type-product","3":"status-publish","4":"has-post-thumbnail","6":"product_cat-inverted-telescopic-cylinder","7":"product_tag-hydraulic-cylinder","8":"product_tag-inverted-telescopic-cylinder","10":"first","11":"instock","12":"product-type-simple"},"_links":{"self":[{"href":"https:\/\/fmp-components.com\/tr\/wp-json\/wp\/v2\/product\/1621","targetHints":{"allow":["GET"]}}],"collection":[{"href":"https:\/\/fmp-components.com\/tr\/wp-json\/wp\/v2\/product"}],"about":[{"href":"https:\/\/fmp-components.com\/tr\/wp-json\/wp\/v2\/types\/product"}],"replies":[{"embeddable":true,"href":"https:\/\/fmp-components.com\/tr\/wp-json\/wp\/v2\/comments?post=1621"}],"wp:featuredmedia":[{"embeddable":true,"href":"https:\/\/fmp-components.com\/tr\/wp-json\/wp\/v2\/media\/1622"}],"wp:attachment":[{"href":"https:\/\/fmp-components.com\/tr\/wp-json\/wp\/v2\/media?parent=1621"}],"wp:term":[{"taxonomy":"product_brand","embeddable":true,"href":"https:\/\/fmp-components.com\/tr\/wp-json\/wp\/v2\/product_brand?post=1621"},{"taxonomy":"product_cat","embeddable":true,"href":"https:\/\/fmp-components.com\/tr\/wp-json\/wp\/v2\/product_cat?post=1621"},{"taxonomy":"product_tag","embeddable":true,"href":"https:\/\/fmp-components.com\/tr\/wp-json\/wp\/v2\/product_tag?post=1621"}],"curies":[{"name":"wp","href":"https:\/\/api.w.org\/{rel}","templated":true}]}}