{"id":1619,"date":"2024-12-23T06:59:20","date_gmt":"2024-12-23T06:59:20","guid":{"rendered":"https:\/\/fmp-components.com\/product\/factory-serving-hydraulic-cylinder-double-acting-small-dump-truck-hydraulic-cylinder\/"},"modified":"2024-12-23T08:37:33","modified_gmt":"2024-12-23T08:37:33","slug":"factory-serving-hydraulic-cylinder-double-acting-small-dump-truck-hydraulic-cylinder","status":"publish","type":"product","link":"https:\/\/fmp-components.com\/tr\/product\/factory-serving-hydraulic-cylinder-double-acting-small-dump-truck-hydraulic-cylinder\/","title":{"rendered":"Fabrika Servis Hidrolik Silindiri \u00c7ift Etkili K\u00fc\u00e7\u00fck Damperli Kamyon Hidrolik Silindiri"},"content":{"rendered":"<p>Fabrika \u00dcretimi \u00c7ift Etkili K\u00fc\u00e7\u00fck Damperli Kamyon Hidrolik Silindiri, damperli kamyonlarda kullan\u0131lmak \u00fczere tasarlanm\u0131\u015f y\u00fcksek kaliteli bir \u00fcr\u00fcnd\u00fcr. \u00c7ift etkili \u00f6zelli\u011fi sayesinde verimli ve g\u00fc\u00e7l\u00fc bir performans sunar. G\u00fcvenilirli\u011fi ve dayan\u0131kl\u0131l\u0131\u011f\u0131 garanti eden, hidrolik silindir \u00fcretiminde uzmanla\u015fm\u0131\u015f sayg\u0131n bir fabrika taraf\u0131ndan \u00fcretilmi\u015ftir.<\/p>\n<p>Bu hidrolik silindir, \u00f6zellikle damperli kamyonlar i\u00e7in tasarlanm\u0131\u015ft\u0131r ve bu da onu in\u015faat ve lojistik sekt\u00f6rlerindeki \u00e7e\u015fitli uygulamalar i\u00e7in ideal hale getirir. Kompakt boyutu, damperli kamyon sistemlerine kolay kurulum ve entegrasyon sa\u011flar.<\/p>\n<p>Fabrika \u00fcretimi \u00e7ift etkili k\u00fc\u00e7\u00fck damperli kamyon hidrolik silindiri, a\u011f\u0131r y\u00fcklere ve zorlu \u00e7al\u0131\u015fma ko\u015fullar\u0131na dayanacak \u015fekilde \u00fcretilmi\u015ftir. Sa\u011flam yap\u0131s\u0131 ve y\u00fcksek kaliteli malzemeleri, uzun \u00f6m\u00fcrl\u00fc performans ve minimum bak\u0131m gereksinimi sa\u011flar.<\/p>\n<p>\u00c7ift etkili \u00f6zelli\u011fe sahip bu hidrolik silindir, hem uzatma hem de geri \u00e7ekme imkan\u0131 sa\u011flayarak damperli kamyonun kald\u0131rma ve bo\u015faltma i\u015flemlerinde sorunsuz ve hassas kontrol sa\u011flar. Bu \u00f6zellik, verimlili\u011fi ve etkinli\u011fi art\u0131rarak daha h\u0131zl\u0131 \u00e7evrim s\u00fcreleri ve art\u0131r\u0131lm\u0131\u015f operasyonel kapasiteye olanak tan\u0131r.<\/p>\n<p>Bu hidrolik silindirde g\u00fcvenlik en \u00f6ncelikli konudur. S\u0131z\u0131nt\u0131lar\u0131 \u00f6nlemek ve d\u00fczg\u00fcn \u00e7al\u0131\u015fmay\u0131 sa\u011flamak i\u00e7in g\u00fcvenilir contalar ve mekanizmalarla donat\u0131lm\u0131\u015ft\u0131r. Bu, hem operat\u00f6r\u00fcn hem de \u00e7evrenin g\u00fcvenli\u011fini sa\u011flar.<\/p>\n<p>Sonu\u00e7 olarak, Fabrika Servis Hidrolik Silindiri \u00c7ift Etkili K\u00fc\u00e7\u00fck Damperli Kamyon Hidrolik Silindiri, damperli kamyonlar i\u00e7in tasarlanm\u0131\u015f g\u00fcvenilir ve verimli bir \u00fcr\u00fcnd\u00fcr. \u00c7ift etkili \u00f6zelli\u011fi, kompakt boyutu ve dayan\u0131kl\u0131l\u0131\u011f\u0131, in\u015faat ve lojistik sekt\u00f6rlerindeki \u00e7e\u015fitli uygulamalar i\u00e7in m\u00fckemmel bir se\u00e7im olmas\u0131n\u0131 sa\u011flar. Y\u00fcksek kaliteli yap\u0131s\u0131 ve g\u00fcvenlik \u00f6zellikleriyle bu hidrolik silindir, herhangi bir damperli kamyon sistemine de\u011ferli bir katk\u0131 sa\u011flar.<\/p>\n<h2>\u00c7ift Etkili K\u00fc\u00e7\u00fck Damperli Kamyon Hidrolik Silindiri Tan\u0131t\u0131m\u0131<\/h2>\n<p>Hidrolik teknolojisindeki en son yenilikleri mi ar\u0131yorsunuz? 2023 y\u0131l\u0131 i\u00e7in en yeni \u00fcr\u00fcn\u00fcm\u00fczden ba\u015fka yere bakman\u0131za gerek yok! \u00c7ift Etkili K\u00fc\u00e7\u00fck Damperli Kamyon Hidrolik Silindiri, fabrikam\u0131zda tasarlan\u0131p \u00fcretilen son teknoloji \u00fcr\u00fcn\u00fc bir hidrolik bile\u015fendir. \u00c7e\u015fitli \u00f6zelliklere sahip bu hidrolik silindir, imalat tesisleri, makine tamir at\u00f6lyeleri, \u00e7iftlikler, enerji ve madencilik ve makine imalat\u0131 gibi sekt\u00f6rler i\u00e7in m\u00fckemmel bir \u00e7\u00f6z\u00fcmd\u00fcr.<\/p>\n<h3>Hidrolik Silindirimizin Ba\u015fl\u0131ca \u00d6zellikleri<\/h3>\n<ul>\n<li>Yeni Tasar\u0131m: Bu, 2023 y\u0131l\u0131nda piyasaya s\u00fcr\u00fclen yepyeni bir \u00fcr\u00fcnd\u00fcr ve en son teknolojiyi elde etmenizi sa\u011flar.<\/li>\n<li>Kalite G\u00fcvencesi: Hidrolik silindir 1 y\u0131l garantilidir ve kalite g\u00fcvencesi i\u00e7in \u00e7\u0131k\u0131\u015f muayene videosu sa\u011flanmaktad\u0131r.<\/li>\n<li>Dayan\u0131kl\u0131 Temel Bile\u015fenler: Rulman ve piston silindiri gibi dayan\u0131kl\u0131 temel bile\u015fenlerle donat\u0131lm\u0131\u015ft\u0131r.<\/li>\n<li>A\u011f\u0131r Hizmet Tipi: 3000 tonluk maksimum itme g\u00fcc\u00fc ve 20 tonluk maksimum \u00e7ekme g\u00fcc\u00fcyle, a\u011f\u0131r hizmet operasyonlar\u0131 i\u00e7in tasarlanm\u0131\u015ft\u0131r.<\/li>\n<li>Standart \u00d6zellikler: Silindir standart olup, pistonlu silindir yap\u0131s\u0131na, \u00e7elik g\u00f6vdeye ve hidrolik g\u00fcce sahiptir.<\/li>\n<\/ul>\n<p><img decoding=\"async\" src=\"https:\/\/hzpt.com\/wp-content\/uploads\/2023\/11\/Inverted-Telescopic-Cylinder-22.webp\" alt=\"\" title=\"\"><\/p>\n<h3>Hidrolik Silindirin Uygulamalar\u0131<\/h3>\n<p>Hidrolik silindirimiz \u00e7ok y\u00f6nl\u00fcd\u00fcr ve a\u015fa\u011f\u0131dakiler de dahil olmak \u00fczere \u00e7e\u015fitli sekt\u00f6rlerde ve uygulamalarda kullan\u0131labilir:<\/p>\n<ul>\n<li>\u00dcretim Tesisleri: A\u011f\u0131r makinelerde ve ekipmanlarda kullan\u0131m i\u00e7indir.<\/li>\n<li>Makine Tamir At\u00f6lyeleri: A\u011f\u0131r makinelerin tamiri ve bak\u0131m\u0131 i\u00e7in idealdir.<\/li>\n<li>\u00c7iftlikler: \u00c7e\u015fitli i\u015flemler i\u00e7in tar\u0131m ekipmanlar\u0131nda kullan\u0131labilir.<\/li>\n<li>Enerji ve Madencilik: A\u011f\u0131r hizmet tipi madencilik ekipmanlar\u0131nda kullan\u0131m i\u00e7in m\u00fckemmeldir.<\/li>\n<li>Makine \u0130malat\u0131: \u00c7e\u015fitli makine par\u00e7alar\u0131n\u0131n imalat\u0131 i\u00e7in idealdir.<\/li>\n<\/ul>\n<p><img decoding=\"async\" src=\"https:\/\/hzpt.com\/wp-content\/uploads\/2023\/11\/Inverted-Telescopic-Cylinder-Applications.webp\" alt=\"Hidrolik Silindir Uygulamalar\u0131\" title=\"\"><\/p>\n<h3>Hidrolik Silindirin \u00c7al\u0131\u015fma Prensibi ve Bak\u0131m\u0131<\/h3>\n<p>Hidrolik silindir, hidrolik s\u0131v\u0131 bas\u0131nc\u0131ndan do\u011frusal hareket ve kuvvet \u00fcretme prensibiyle \u00e7al\u0131\u015f\u0131r. Hidrolik silindirin do\u011fru bak\u0131m\u0131 \u00e7ok \u00f6nemlidir ve \u015funlar\u0131 i\u00e7erir:<\/p>\n<ul>\n<li>D\u00fczenli Kontrol: Silindirin a\u015f\u0131nma ve y\u0131pranma belirtileri a\u00e7\u0131s\u0131ndan d\u00fczenli olarak kontrol edilmesi.<\/li>\n<li>Temizlik: Toz ve kir birikmesini \u00f6nlemek i\u00e7in silindiri d\u00fczenli olarak temizleyin.<\/li>\n<li>Ya\u011flama: Silindirin hareketli par\u00e7alar\u0131n\u0131n iyi ya\u011flanmas\u0131n\u0131 sa\u011flamak.<\/li>\n<li>D\u00fczenli Kontroller ve Onar\u0131mlar: Silindirin kusursuz \u00e7al\u0131\u015fma ko\u015fullar\u0131nda oldu\u011fundan emin olmak i\u00e7in d\u00fczenli olarak kontrol edilmesi ve gerekli onar\u0131mlar\u0131n yap\u0131lmas\u0131.<\/li>\n<li>S\u0131z\u0131nt\u0131y\u0131 \u00f6nlemek i\u00e7in contalar\u0131n d\u00fczenli olarak kontrol edilmesi ve de\u011fi\u015ftirilmesi.<\/li>\n<\/ul>\n<p><img decoding=\"async\" src=\"https:\/\/hzpt.com\/wp-content\/uploads\/2023\/11\/Inverted-Telescopic-Cylinder-4.webp\" alt=\"\" title=\"\"><\/p>\n<h2>Ters Teleskopik Silindir<\/h2>\n<p>Fabrika Servisli Hidrolik Silindir:<\/p>\n<p>Hidrolik silindirler, a\u011f\u0131r makineleri ve ekipmanlar\u0131 hareket ettirmek i\u00e7in gereken g\u00fcc\u00fc ve kuvveti sa\u011flayan \u00e7e\u015fitli end\u00fcstriyel uygulamalar\u0131n temel bile\u015fenleridir. Tasar\u0131m ve i\u015flevsellik a\u00e7\u0131s\u0131ndan \u00f6ne \u00e7\u0131kan bir hidrolik silindir t\u00fcr\u00fc de Ters Teleskopik Silindirdir.<\/p>\n<p>Fabrikam\u0131zda tasarlan\u0131p \u00fcretilen bu hidrolik silindir tipi, \u00fcst\u00fcn performans ve g\u00fcvenilirlik sunarak k\u00fc\u00e7\u00fck damperli kamyonlar da dahil olmak \u00fczere \u00e7e\u015fitli uygulamalar i\u00e7in ideal bir se\u00e7imdir.<\/p>\n<p>\u00c7ift Etkili:<\/p>\n<p>Ters teleskopik silindir, \u00e7ift etkili bir silindirdir; yani her iki y\u00f6nde de kuvvet \u00fcretebilir. Bu \u00f6zellik, hidrolik sistemin daha hassas kontrol\u00fcn\u00fc ve verimli \u00e7al\u0131\u015fmas\u0131n\u0131 sa\u011flar. Uzatma veya geri \u00e7ekme olsun, silindir istenen g\u00f6revi ger\u00e7ekle\u015ftirmek i\u00e7in tutarl\u0131 ve g\u00fc\u00e7l\u00fc bir kuvvet sa\u011flayabilir.<\/p>\n<p>K\u00fc\u00e7\u00fck Damperli Kamyon Hidrolik Silindiri:<\/p>\n<p>\u00d6zellikle k\u00fc\u00e7\u00fck damperli kamyonlar i\u00e7in tasarlanan Ters Teleskopik Silindir, di\u011fer hidrolik silindir t\u00fcrlerine g\u00f6re \u00e7e\u015fitli avantajlar sunmaktad\u0131r. Kompakt boyutu ve hafif tasar\u0131m\u0131, alan\u0131n s\u0131n\u0131rl\u0131 oldu\u011fu ve a\u011f\u0131rl\u0131\u011f\u0131n en aza indirilmesi gereken uygulamalar i\u00e7in m\u00fckemmel bir se\u00e7im olmas\u0131n\u0131 sa\u011flar.<\/p>\n<p>K\u00fc\u00e7\u00fck damperli kamyon hidrolik silindiri, a\u011f\u0131r y\u00fckleri kald\u0131rabilirken bo\u015faltma i\u015flemi s\u0131ras\u0131nda d\u00fczg\u00fcn ve kontroll\u00fc hareket sa\u011flar. Hassas konumland\u0131rmas\u0131 ve y\u00fcksek kald\u0131rma kapasitesiyle verimli \u00e7al\u0131\u015fma ve artan \u00fcretkenlik sa\u011flar.<\/p>\n<p>Temel \u00d6zellikler:<\/p>\n<ul>\n<li>Y\u00fcksek kaliteli malzemeler: Silindir, zorlu \u00e7al\u0131\u015fma ko\u015fullar\u0131nda bile dayan\u0131kl\u0131l\u0131k ve uzun \u00f6m\u00fcr sa\u011flayan y\u00fcksek kaliteli malzemeler kullan\u0131larak \u00fcretilmi\u015ftir.<\/li>\n<li>Sorunsuz \u00e7al\u0131\u015fma: Silindirin tasar\u0131m\u0131 ve m\u00fchendisli\u011fi, enerji kayb\u0131n\u0131 en aza indirerek ve performans\u0131 en \u00fcst d\u00fczeye \u00e7\u0131kararak sorunsuz ve verimli bir \u00e7al\u0131\u015fma sa\u011flar.<\/li>\n<li>S\u0131zd\u0131rmazl\u0131k elemanlar\u0131 ve bur\u00e7lar: Silindir, a\u015f\u0131nmaya ve y\u0131pranmaya kar\u015f\u0131 m\u00fckemmel diren\u00e7 sunan ve silindirin kullan\u0131m \u00f6mr\u00fcn\u00fc uzatan y\u00fcksek performansl\u0131 s\u0131zd\u0131rmazl\u0131k elemanlar\u0131 ve bur\u00e7larla donat\u0131lm\u0131\u015ft\u0131r.<\/li>\n<li>Kolay bak\u0131m: Silindirin tasar\u0131m\u0131, i\u00e7 bile\u015fenlere kolay eri\u015fim sa\u011flayarak bak\u0131m\u0131 basitle\u015ftirir ve ar\u0131za s\u00fcresini azalt\u0131r.<\/li>\n<\/ul>\n<p>Fabrikam\u0131zda \u00fcretilen ters teleskopik silindir, ola\u011fan\u00fcst\u00fc performans\u0131, g\u00fcvenilirli\u011fi ve dayan\u0131kl\u0131l\u0131\u011f\u0131yla k\u00fc\u00e7\u00fck damperli kamyonlar ve y\u00fcksek kaliteli hidrolik silindir gerektiren \u00e7e\u015fitli di\u011fer uygulamalar i\u00e7in ideal bir se\u00e7imdir. \u00d6zel ihtiya\u00e7lar\u0131n\u0131z i\u00e7in en iyi hidrolik \u00e7\u00f6z\u00fcmleri sunmak \u00fczere uzmanl\u0131\u011f\u0131m\u0131za ve deneyimimize g\u00fcvenin.<\/p>\n<h3>FMP Hakk\u0131nda<\/h3>\n<p>FMP, hidrolik silindir \u00fcretimi ve sat\u0131\u015f\u0131nda uzmanla\u015fm\u0131\u015f bir \u015firkettir. M\u00fc\u015fterilerimize \u00e7e\u015fitli in\u015faat makineleri i\u00e7in y\u00fcksek kaliteli ve g\u00fcvenilir hidrolik silindirler sa\u011flamaya adanm\u0131\u015f durumday\u0131z. Y\u0131llar s\u00fcren sekt\u00f6r deneyimimiz ve profesyonel ekibimizle, m\u00fc\u015fterilerimizin ihtiya\u00e7lar\u0131n\u0131 kar\u015f\u0131lamak i\u00e7in ola\u011fan\u00fcst\u00fc \u00fcr\u00fcnler ve hizmetler sunuyoruz.<\/p>\n<p><strong>1. Geni\u015f Yelpazede Hidrolik Silindirler:<\/strong> \u00dcr\u00fcn yelpazemizde ayarlanabilir mafsall\u0131 silindirler, teleskopik silindirler ve \u00e7ift etkili silindirler gibi \u00e7e\u015fitli hidrolik silindirler bulunmaktad\u0131r. Farkl\u0131 in\u015faat makineleri t\u00fcrleri i\u00e7in \u00e7\u00f6z\u00fcmler sunarak, \u00e7e\u015fitli uygulamalarda uyumluluk ve verimlilik sa\u011fl\u0131yoruz.<\/p>\n<p><strong>2. \u00dcst\u00fcn Kalite:<\/strong> FMP olarak, \u00fcr\u00fcnlerimizin kalitesine \u00f6ncelik veriyoruz. Tedarik etti\u011fimiz t\u00fcm hidrolik silindirlerin s\u0131k\u0131 kalite standartlar\u0131n\u0131 kar\u015f\u0131lamas\u0131n\u0131 sa\u011flamak i\u00e7in y\u00fcksek kaliteli tedarik\u00e7ilerle uzun vadeli ve istikrarl\u0131 i\u015f birli\u011fi ili\u015fkileri kuruyoruz. Kaliteye olan ba\u011fl\u0131l\u0131\u011f\u0131m\u0131z, dayan\u0131kl\u0131l\u0131k, g\u00fcvenilirlik ve optimum performans\u0131 garanti eder.<\/p>\n<p><strong>3. Profesyonel Sat\u0131\u015f Ekibi:<\/strong> \u0130n\u015faat makineleri sekt\u00f6r\u00fcndeki geli\u015fim trendleri ve m\u00fc\u015fteri ihtiya\u00e7lar\u0131 konusunda uzmanla\u015fm\u0131\u015f, deneyimli ve yetenekli bir sat\u0131\u015f ekibimiz var. M\u00fc\u015fterilerimize profesyonel \u00fcr\u00fcn dan\u0131\u015fmanl\u0131\u011f\u0131 ve ak\u0131ll\u0131 sat\u0131n alma \u00f6nerileri sunarak, bilin\u00e7li kararlar vermelerine yard\u0131mc\u0131 olabiliyorlar.<\/p>\n<p><strong>4. Verimli Lojistik Da\u011f\u0131t\u0131m:<\/strong> Zaman\u0131nda teslimat\u0131n \u00f6nemini anl\u0131yoruz. FMP, m\u00fc\u015fterilerimizin ihtiya\u00e7 duyduklar\u0131 hidrolik silindirleri zaman\u0131nda ve do\u011fru bir \u015fekilde almalar\u0131n\u0131 sa\u011flamak i\u00e7in verimli bir lojistik da\u011f\u0131t\u0131m sistemine sahiptir. M\u00fc\u015fteri memnuniyetine \u00f6ncelik veriyor ve teslimat beklentilerini kar\u015f\u0131lamak i\u00e7in \u00e7aba g\u00f6steriyoruz.<\/p>\n<p><strong>5. M\u00fc\u015fteri Ba\u015far\u0131s\u0131na Ba\u011fl\u0131l\u0131k:<\/strong> FMP olarak, m\u00fc\u015fterilerimizle uzun vadeli ortakl\u0131klar kurmaya inan\u0131yoruz. Onlar\u0131n ba\u015far\u0131s\u0131na ve memnuniyetine kendimizi adad\u0131k. Ekibimiz, ola\u011fan\u00fcst\u00fc m\u00fc\u015fteri hizmeti sunmaya, her t\u00fcrl\u00fc endi\u015fe veya soruyu derhal yan\u0131tlamaya ve sat\u0131n alma s\u00fcrecinin tamam\u0131 boyunca sorunsuz ve keyifli bir deneyim sa\u011flamaya kendini adam\u0131\u015ft\u0131r.<\/p>\n<p><img decoding=\"async\" src=\"https:\/\/fmp-components.com\/wp-content\/uploads\/2024\/12\/Adjustable-Clevis-Type-Cylinders-6.webp\" alt=\"Ayarlanabilir \u00c7atal Tipi Silindir\" width=\"811\" title=\"\"><br \/>\nYazar:CX<\/p>","protected":false},"excerpt":{"rendered":"<p>Factory Serving Hydraulic Cylinder Double Acting Small Dump Truck Hydraulic Cylinder is a high-quality product designed for use in dump trucks. With its double-acting feature, this hydraulic cylinder offers efficient and powerful performance. It is manufactured by a reputable factory that specializes in producing hydraulic cylinders, ensuring reliability and durability. This hydraulic cylinder is specifically [&hellip;]<\/p>","protected":false},"featured_media":1620,"comment_status":"closed","ping_status":"closed","template":"","meta":{"_et_pb_use_builder":"","_et_pb_old_content":"","_et_gb_content_width":""},"product_brand":[],"product_cat":[45],"product_tag":[34,48],"class_list":{"0":"post-1619","1":"product","2":"type-product","3":"status-publish","4":"has-post-thumbnail","6":"product_cat-inverted-telescopic-cylinder","7":"product_tag-hydraulic-cylinder","8":"product_tag-inverted-telescopic-cylinder","10":"first","11":"instock","12":"product-type-simple"},"_links":{"self":[{"href":"https:\/\/fmp-components.com\/tr\/wp-json\/wp\/v2\/product\/1619","targetHints":{"allow":["GET"]}}],"collection":[{"href":"https:\/\/fmp-components.com\/tr\/wp-json\/wp\/v2\/product"}],"about":[{"href":"https:\/\/fmp-components.com\/tr\/wp-json\/wp\/v2\/types\/product"}],"replies":[{"embeddable":true,"href":"https:\/\/fmp-components.com\/tr\/wp-json\/wp\/v2\/comments?post=1619"}],"wp:featuredmedia":[{"embeddable":true,"href":"https:\/\/fmp-components.com\/tr\/wp-json\/wp\/v2\/media\/1620"}],"wp:attachment":[{"href":"https:\/\/fmp-components.com\/tr\/wp-json\/wp\/v2\/media?parent=1619"}],"wp:term":[{"taxonomy":"product_brand","embeddable":true,"href":"https:\/\/fmp-components.com\/tr\/wp-json\/wp\/v2\/product_brand?post=1619"},{"taxonomy":"product_cat","embeddable":true,"href":"https:\/\/fmp-components.com\/tr\/wp-json\/wp\/v2\/product_cat?post=1619"},{"taxonomy":"product_tag","embeddable":true,"href":"https:\/\/fmp-components.com\/tr\/wp-json\/wp\/v2\/product_tag?post=1619"}],"curies":[{"name":"wp","href":"https:\/\/api.w.org\/{rel}","templated":true}]}}