{"id":1617,"date":"2024-12-23T06:59:20","date_gmt":"2024-12-23T06:59:20","guid":{"rendered":"https:\/\/fmp-components.com\/product\/guaranteed-quality-small-hydraulic-cylinder-telescopic-hydraulic-cylinder-for-dump-trailer\/"},"modified":"2024-12-23T08:35:54","modified_gmt":"2024-12-23T08:35:54","slug":"guaranteed-quality-small-hydraulic-cylinder-telescopic-hydraulic-cylinder-for-dump-trailer","status":"publish","type":"product","link":"https:\/\/fmp-components.com\/tr\/product\/guaranteed-quality-small-hydraulic-cylinder-telescopic-hydraulic-cylinder-for-dump-trailer\/","title":{"rendered":"Damperli R\u00f6mork \u0130\u00e7in Garantili Kalite K\u00fc\u00e7\u00fck Hidrolik Silindir Teleskopik Hidrolik Silindir"},"content":{"rendered":"<p>Garantili Kalite K\u00fc\u00e7\u00fck Hidrolik Silindir Teleskopik Hidrolik Silindir, damperli r\u00f6morklar i\u00e7in e\u015fsiz performans ve dayan\u0131kl\u0131l\u0131k sunan birinci s\u0131n\u0131f bir \u00fcr\u00fcnd\u00fcr. En zorlu \u00e7al\u0131\u015fma ko\u015fullar\u0131na bile dayanacak \u015fekilde tasarlanan bu hidrolik silindir, damperli r\u00f6morklar ve di\u011fer a\u011f\u0131r hizmet uygulamalar\u0131 i\u00e7in m\u00fckemmeldir.<\/p>\n<p>Bu \u00fcr\u00fcn\u00fcn en \u00f6nemli \u00f6zelliklerinden biri, daha geni\u015f hareket aral\u0131\u011f\u0131 ve geli\u015ftirilmi\u015f kald\u0131rma kapasitesi sa\u011flayan teleskopik tasar\u0131m\u0131d\u0131r. Bu, kullan\u0131c\u0131lar\u0131n herhangi bir mekanik ar\u0131za veya bozulma endi\u015fesi duymadan a\u011f\u0131r y\u00fckleri kolayca kald\u0131r\u0131p bo\u015faltabilece\u011fi anlam\u0131na gelir.<\/p>\n<p>Ayr\u0131ca, damperli r\u00f6morklar i\u00e7in garantili kaliteye sahip k\u00fc\u00e7\u00fck hidrolik silindir teleskopik hidrolik silindir, uzun \u00f6m\u00fcrl\u00fc olmas\u0131 i\u00e7in y\u00fcksek kaliteli malzemelerden \u00fcretilmi\u015ftir. Silindir, dayan\u0131kl\u0131 \u00e7elikten yap\u0131lm\u0131\u015ft\u0131r ve en zorlu uygulamalarda bile a\u015f\u0131nmaya ve y\u0131pranmaya kar\u015f\u0131 dayanacak \u015fekilde tasarlanm\u0131\u015ft\u0131r.<\/p>\n<table style=\"width: 100%;\" border=\"1\" width=\"100%\" cellspacing=\"0\" cellpadding=\"0\">\n<tbody>\n<tr>\n<th>\u00dcr\u00fcn Ad\u0131<\/th>\n<td>Damperli Treylerler i\u00e7in K\u00fc\u00e7\u00fck Hidrolik Silindir ve Teleskopik Hidrolik Silindir<\/td>\n<\/tr>\n<tr>\n<th>Durum<\/th>\n<td>Yeni<\/td>\n<\/tr>\n<tr>\n<th>Garanti<\/th>\n<td>1 Y\u0131l<\/td>\n<\/tr>\n<tr>\n<th>A\u011f\u0131rl\u0131k (KG)<\/th>\n<td>48<\/td>\n<\/tr>\n<tr>\n<th>\u00d6zellikler<\/th>\n<td>\u00dcst\u00fcn Kalite Yap\u0131 ve Geli\u015fmi\u015f \u00d6zellikler<\/td>\n<\/tr>\n<tr>\n<th>Test<\/th>\n<td>\u00c7\u0131k\u0131\u015f Muayene Videosu ve Makine Test Raporu Dahildir<\/td>\n<\/tr>\n<tr>\n<th>Performans<\/th>\n<td>G\u00fcvenilir ve Y\u00fcksek Kaliteli<\/td>\n<\/tr>\n<tr>\n<th>Uygulanabilir End\u00fcstriler<\/th>\n<td>\u00dcretim Tesisleri, Makine Tamir At\u00f6lyeleri, \u00c7iftlikler, Enerji ve Madencilik, Makine \u00dcretimi, Makine Fabrikalar\u0131<\/td>\n<\/tr>\n<\/tbody>\n<\/table>\n<h2>Teleskopik Hidrolik Silindirin \u00d6zellikleri<\/h2>\n<p>Teleskopik Hidrolik Silindirimiz, bir\u00e7ok \u00f6ne \u00e7\u0131kan \u00f6zelli\u011fiyle ustal\u0131kla \u00fcretilmi\u015ftir. Bunlar \u015funlard\u0131r:<\/p>\n<p><img decoding=\"async\" src=\"https:\/\/hzpt.com\/wp-content\/uploads\/2023\/11\/Inverted-Telescopic-Cylinder-24.webp\" alt=\"\" title=\"\"><\/p>\n<ul>\n<li>Ana bile\u015fenler i\u00e7in 1 y\u0131l garanti.<\/li>\n<li>Ana bile\u015fenler: Rulman, Piston Silindiri.<\/li>\n<li>Standart yap\u0131: Piston Silindir.<\/li>\n<li>\u00c7elik g\u00f6vde malzemesine sahip hidrolik g\u00fc\u00e7.<\/li>\n<li>Azami itme g\u00fcc\u00fc 3000.<\/li>\n<\/ul>\n<h2>Teleskopik Hidrolik Silindirin Uygulamalar\u0131<\/h2>\n<p>Bu \u00e7ok y\u00f6nl\u00fc hidrolik silindir, a\u015fa\u011f\u0131dakiler gibi bir\u00e7ok alanda kullan\u0131labilir:<\/p>\n<ul>\n<li>\u00dcretim Tesisleri: A\u011f\u0131r makine ve ekipman \u00fcretimi i\u00e7in.<\/li>\n<li>Makine Tamir At\u00f6lyeleri: \u00c7e\u015fitli makinelerin onar\u0131m ve bak\u0131m\u0131nda yard\u0131mc\u0131 olmak.<\/li>\n<li>\u00c7iftlikler: A\u011f\u0131r hizmet tipi tar\u0131m ekipmanlar\u0131n\u0131n kullan\u0131m\u0131 i\u00e7in.<\/li>\n<li>Enerji ve Madencilik: Kaz\u0131 ve enerji \u00fcretim s\u00fcre\u00e7lerine yard\u0131mc\u0131 olmak.<\/li>\n<li>Makine \u0130malat\u0131: \u00c7e\u015fitli makine t\u00fcrlerinin \u00fcretimi i\u00e7in.<\/li>\n<\/ul>\n<p><img decoding=\"async\" src=\"https:\/\/hzpt.com\/wp-content\/uploads\/2023\/11\/Inverted-Telescopic-Cylinder-Applications.webp\" alt=\"Teleskopik Silindir Uygulamalar\u0131\" title=\"\"><\/p>\n<h2>\u00c7al\u0131\u015fma Prensibi ve Bak\u0131m Y\u00f6ntemleri<\/h2>\n<p>Ters teleskopik silindir hidrolik g\u00fc\u00e7le \u00e7al\u0131\u015f\u0131r. Optimum \u00e7al\u0131\u015fmas\u0131 i\u00e7in d\u00fczenli bak\u0131m \u00e7ok \u00f6nemlidir ve \u015funlar\u0131 i\u00e7erir:<\/p>\n<ul>\n<li>D\u00fczenli Kontrol: Silindirin iyi \u00e7al\u0131\u015fma durumunda oldu\u011fundan emin olmak i\u00e7in.<\/li>\n<li>Temizleme: \u00c7al\u0131\u015fmas\u0131n\u0131 engelleyebilecek kir veya kal\u0131nt\u0131lar\u0131 gidermek.<\/li>\n<li>Ya\u011flama: S\u00fcrt\u00fcnmeyi azaltmak ve sorunsuz \u00e7al\u0131\u015fmay\u0131 sa\u011flamak i\u00e7in.<\/li>\n<li>D\u00fczenli Kontroller ve Onar\u0131mlar: Herhangi bir sorunu erken tespit edip gidermek i\u00e7in.<\/li>\n<li>S\u0131z\u0131nt\u0131lar\u0131 \u00f6nlemek ve bas\u0131nc\u0131 korumak i\u00e7in conta de\u011fi\u015fimi.<\/li>\n<li>Kullan\u0131m K\u0131lavuzunu Takip Edin: Do\u011fru kullan\u0131m ve bak\u0131m talimatlar\u0131n\u0131 anlamak i\u00e7in.<\/li>\n<\/ul>\n<p><img decoding=\"async\" src=\"https:\/\/hzpt.com\/wp-content\/uploads\/2023\/11\/Inverted-Telescopic-Cylinder-9.webp\" alt=\"\" title=\"\"><\/p>\n<h2>Ters Teleskopik Silindir<\/h2>\n<p>Teleskopik silindir, piston kolunun man\u015fon olarak bilinen bir veya daha fazla t\u00fcp\u00fcn i\u00e7ine monte edildi\u011fi bir hidrolik silindirdir. Man\u015fonlar, daha k\u0131sa bir geri \u00e7ekilmi\u015f uzunluk ve daha uzun bir strok uzunlu\u011fu sa\u011flamak i\u00e7in birbirlerinin i\u00e7ine geri \u00e7ekilir. Ters teleskopik silindirler, silindirin taban\u0131n\u0131n sabit bir noktaya ba\u011fl\u0131 oldu\u011fu ve piston kolunun ucunun hareketli par\u00e7a oldu\u011fu \u00f6zel bir teleskopik silindir t\u00fcr\u00fcd\u00fcr.<\/p>\n<h3>Yap\u0131<\/h3>\n<p>Ters teleskopik silindirler, silindirin r\u00f6mork \u015fasisine, piston kolunun ise r\u00f6morkun yata\u011f\u0131na monte edildi\u011fi damperli r\u00f6morklarda yayg\u0131n olarak kullan\u0131l\u0131r. Silindir genellikle \u00e7elik borulardan yap\u0131l\u0131r; en b\u00fcy\u00fck boru tabanda, en k\u00fc\u00e7\u00fck boru ise piston kolu ucundad\u0131r. Borular, di\u015fli c\u0131vatalar veya kaynakl\u0131 ba\u011flant\u0131lar kullan\u0131larak birle\u015ftirilir. Piston kolu, silindirin piston kolu ucuna ba\u011flan\u0131r ve borular\u0131n i\u00e7inden ge\u00e7er.<\/p>\n<h3>\u00c7al\u0131\u015fma Prensibi<\/h3>\n<p>Ters teleskopik silindirin \u00e7al\u0131\u015fma prensibi, bir s\u0131v\u0131ya uygulanan bas\u0131nc\u0131n her y\u00f6ne e\u015fit olarak iletildi\u011fini belirten Pascal Yasas\u0131'na dayanmaktad\u0131r. Hidrolik s\u0131v\u0131 silindire pompaland\u0131\u011f\u0131nda, piston \u00fczerinde bas\u0131n\u00e7 olu\u015fturarak hareket etmesine neden olur. Piston hareket ettik\u00e7e, s\u0131v\u0131 bir sonraki daha k\u00fc\u00e7\u00fck t\u00fcpe do\u011fru itilir ve bu t\u00fcp de hareket eder. Bu i\u015flem, piston en k\u00fc\u00e7\u00fck t\u00fcp\u00fcn sonuna ula\u015fana ve strok uzunlu\u011fu tamamlanana kadar devam eder.<\/p>\n<h3>Avantajlar\u0131<\/h3>\n<p>Ters teleskopik silindirlerin en \u00f6nemli avantajlar\u0131ndan biri kompakt boyutlar\u0131d\u0131r. Birden fazla boru kullan\u0131larak, silindir geri \u00e7ekilmi\u015f uzunlu\u011fu art\u0131rmadan daha uzun bir strok uzunlu\u011fu sa\u011flayabilir. Bu, \u00f6zellikle alan\u0131n s\u0131n\u0131rl\u0131 oldu\u011fu uygulamalarda kullan\u0131\u015fl\u0131d\u0131r. Ayr\u0131ca, hidrolik s\u0131v\u0131n\u0131n kullan\u0131m\u0131, silindirin hareketinin hassas bir \u015fekilde kontrol edilmesini sa\u011flar.<\/p>\n<p>Ters teleskopik silindirlerin bir di\u011fer avantaj\u0131 da dayan\u0131kl\u0131l\u0131klar\u0131d\u0131r. Genellikle y\u00fcksek bas\u0131nca ve a\u011f\u0131r y\u00fcklere dayanabilen \u00e7elik gibi y\u00fcksek kaliteli malzemeler kullan\u0131larak \u00fcretilirler. Bu da onlar\u0131 damperli r\u00f6morklar gibi a\u011f\u0131r hizmet uygulamalar\u0131nda kullan\u0131m i\u00e7in ideal hale getirir.<\/p>\n<h3>Uygulamalar<\/h3>\n<p>Daha \u00f6nce de belirtildi\u011fi gibi, ters teleskopik silindirler genellikle damperli r\u00f6morklarda kullan\u0131l\u0131r. Damperli r\u00f6morklar, kum, \u00e7ak\u0131l ve in\u015faat molozu gibi gev\u015fek malzemelerin ta\u015f\u0131nmas\u0131nda kullan\u0131l\u0131r. Hidrolik silindir, r\u00f6morkun taban\u0131n\u0131n y\u00fckseltilmesini ve e\u011filmesini sa\u011flayarak malzemelerin h\u0131zl\u0131 ve verimli bir \u015fekilde bo\u015falt\u0131lmas\u0131na olanak tan\u0131r.<\/p>\n<p>Ters teleskopik silindirler, damperli r\u00f6morklar\u0131n yan\u0131 s\u0131ra in\u015faat ekipmanlar\u0131, tar\u0131m makineleri ve madencilik ekipmanlar\u0131 gibi di\u011fer uygulamalarda da kullan\u0131lmaktad\u0131r. Hareket \u00fczerinde hassas kontrol\u00fcn gerekli oldu\u011fu ve alan\u0131n s\u0131n\u0131rl\u0131 oldu\u011fu her yerde kullan\u0131l\u0131rlar.<\/p>\n<h3>Garantili Kalitede K\u00fc\u00e7\u00fck Hidrolik Silindir<\/h3>\n<p>K\u00fc\u00e7\u00fck hidrolik silindir, alan\u0131n s\u0131n\u0131rl\u0131 oldu\u011fu uygulamalarda kullan\u0131lmak \u00fczere tasarlanm\u0131\u015f bir silindir t\u00fcr\u00fcd\u00fcr. Bu silindirler genellikle \u00e7elik gibi y\u00fcksek kaliteli malzemeler kullan\u0131larak \u00fcretilir ve y\u00fcksek bas\u0131nca ve a\u011f\u0131r y\u00fcklere dayanacak \u015fekilde tasarlanm\u0131\u015ft\u0131r. Genellikle tak\u0131m tezgahlar\u0131, otomasyon ekipmanlar\u0131 ve t\u0131bbi ekipmanlar gibi uygulamalarda kullan\u0131l\u0131rlar.<\/p>\n<h3>Damperli Treyler \u0130\u00e7in Teleskopik Hidrolik Silindir<\/h3>\n<p>Damperli r\u00f6morklar i\u00e7in teleskopik hidrolik silindir, damperli r\u00f6morklarda kullan\u0131lmak \u00fczere tasarlanm\u0131\u015f \u00f6zel bir silindir t\u00fcr\u00fcd\u00fcr. Bu silindirler, daha \u00f6nce a\u00e7\u0131kland\u0131\u011f\u0131 gibi, geri \u00e7ekilmi\u015f uzunlu\u011fu art\u0131rmadan daha uzun bir strok uzunlu\u011fu sa\u011flamak i\u00e7in genellikle birden fazla boru kullan\u0131larak \u00fcretilir. Y\u00fcksek bas\u0131nca ve a\u011f\u0131r y\u00fcklere dayanacak \u015fekilde tasarlanm\u0131\u015flard\u0131r ve damperli r\u00f6morklar gibi a\u011f\u0131r hizmet uygulamalar\u0131nda kullan\u0131m i\u00e7in idealdirler.<\/p>\n<h3>FMP Hakk\u0131nda \u2013 \u0130n\u015faat Makineleri i\u00e7in Y\u00fcksek Kaliteli Hidrolik Silindirler<\/h3>\n<p>\u0130n\u015faat makineleriniz i\u00e7in y\u00fcksek kaliteli hidrolik silindirler mi ar\u0131yorsunuz? \u0130n\u015faat makineleri par\u00e7alar\u0131 ve komple makinelerin sat\u0131\u015f ve servisinde uzmanla\u015fm\u0131\u015f, \u0130talya merkezli lider bir \u015firket olan FMP'den ba\u015fkas\u0131na bakmay\u0131n.<\/p>\n<p>FMP olarak, m\u00fc\u015fterilerimize in\u015faat makineleri ihtiya\u00e7lar\u0131 i\u00e7in g\u00fcvenilir ve verimli \u00e7\u00f6z\u00fcmler sunmaya kararl\u0131y\u0131z. \u00dcr\u00fcn yelpazemizde \u00e7ok \u00e7e\u015fitli in\u015faat makineleri, tar\u0131m makineleri red\u00fckt\u00f6rleri, planet di\u015fli kutular\u0131, end\u00fcstriyel red\u00fckt\u00f6rler ve bunlara uygun \u00fcst d\u00fczey aksesuarlar bulunmaktad\u0131r.<\/p>\n<p>Hidrolik silindir ihtiya\u00e7lar\u0131n\u0131z i\u00e7in FMP'yi se\u00e7menin baz\u0131 avantajlar\u0131 \u015funlard\u0131r:<\/p>\n<p>1. Y\u00fcksek Kaliteli \u00dcr\u00fcnler: T\u00fcm \u00fcr\u00fcnlerimiz y\u00fcksek kaliteli tedarik\u00e7ilerden temin edilmektedir, bu sayede m\u00fc\u015fterilerimizin yaln\u0131zca s\u0131k\u0131 kalite standartlar\u0131n\u0131 kar\u015f\u0131layan en iyi kalitede \u00fcr\u00fcnleri almas\u0131n\u0131 sa\u011fl\u0131yoruz.<\/p>\n<p>2. Profesyonel Ekip: \u0130n\u015faat makineleri sekt\u00f6r\u00fcn\u00fcn geli\u015fme trendlerini ve m\u00fc\u015fteri ihtiya\u00e7lar\u0131n\u0131 yak\u0131ndan takip eden deneyimli ve profesyonel sat\u0131\u015f ekibimiz, kapsaml\u0131 \u00fcr\u00fcn dan\u0131\u015fmanl\u0131\u011f\u0131 ve ak\u0131ll\u0131 sat\u0131n alma \u00f6nerileri sunabilmektedir.<\/p>\n<p>3. Verimli Lojistik Da\u011f\u0131t\u0131m Sistemi: M\u00fc\u015fterilerimize \u00fcr\u00fcnlerin zaman\u0131nda ve do\u011fru bir \u015fekilde ula\u015ft\u0131r\u0131lmas\u0131n\u0131 sa\u011flayan verimli bir lojistik da\u011f\u0131t\u0131m sistemine sahibiz.<\/p>\n<p>4. Rekabet\u00e7i Fiyatlar: Kalitemizden \u00f6d\u00fcn vermeden \u00fcr\u00fcnlerimiz i\u00e7in rekabet\u00e7i fiyatlar sunuyoruz.<\/p>\n<p>5. \u00d6zelle\u015ftirme: M\u00fc\u015fterilerimizin \u00f6zel ihtiya\u00e7lar\u0131n\u0131 kar\u015f\u0131lamak i\u00e7in hidrolik silindirlerimiz i\u00e7in \u00f6zelle\u015ftirme se\u00e7enekleri sunuyoruz.<\/p>\n<p>Ayarlanabilir \u00c7atal Tipi Silindir (a\u015fa\u011f\u0131da resmedilmi\u015ftir) gibi hidrolik silindirlerimiz, \u00e7ok \u00e7e\u015fitli in\u015faat makinesi uygulamalar\u0131 i\u00e7in m\u00fckemmeldir. Kalite ve m\u00fc\u015fteri memnuniyetine olan ba\u011fl\u0131l\u0131\u011f\u0131m\u0131zla, t\u00fcm hidrolik silindir ihtiya\u00e7lar\u0131n\u0131z i\u00e7in FMP'ye g\u00fcvenebilirsiniz.<\/p>\n<p><img decoding=\"async\" src=\"https:\/\/fmp-components.com\/wp-content\/uploads\/2024\/12\/Adjustable-Clevis-Type-Cylinders-6.webp\" alt=\"Ayarlanabilir \u00c7atal Tipi Silindir\" width=\"810\" title=\"\"><br \/>\nYazar:CX<\/p>","protected":false},"excerpt":{"rendered":"<p>The Guaranteed Quality Small Hydraulic Cylinder Telescopic Hydraulic Cylinder For Dump Trailer is a top-of-the-line product that offers unmatched performance and durability. Designed to withstand even the toughest working conditions, this hydraulic cylinder is perfect for dump trailers and other heavy-duty applications. One of the key features of this product is its telescopic design, which [&hellip;]<\/p>","protected":false},"featured_media":1618,"comment_status":"closed","ping_status":"closed","template":"","meta":{"_et_pb_use_builder":"","_et_pb_old_content":"","_et_gb_content_width":""},"product_brand":[],"product_cat":[45],"product_tag":[34,48],"class_list":{"0":"post-1617","1":"product","2":"type-product","3":"status-publish","4":"has-post-thumbnail","6":"product_cat-inverted-telescopic-cylinder","7":"product_tag-hydraulic-cylinder","8":"product_tag-inverted-telescopic-cylinder","10":"first","11":"instock","12":"product-type-simple"},"_links":{"self":[{"href":"https:\/\/fmp-components.com\/tr\/wp-json\/wp\/v2\/product\/1617","targetHints":{"allow":["GET"]}}],"collection":[{"href":"https:\/\/fmp-components.com\/tr\/wp-json\/wp\/v2\/product"}],"about":[{"href":"https:\/\/fmp-components.com\/tr\/wp-json\/wp\/v2\/types\/product"}],"replies":[{"embeddable":true,"href":"https:\/\/fmp-components.com\/tr\/wp-json\/wp\/v2\/comments?post=1617"}],"wp:featuredmedia":[{"embeddable":true,"href":"https:\/\/fmp-components.com\/tr\/wp-json\/wp\/v2\/media\/1618"}],"wp:attachment":[{"href":"https:\/\/fmp-components.com\/tr\/wp-json\/wp\/v2\/media?parent=1617"}],"wp:term":[{"taxonomy":"product_brand","embeddable":true,"href":"https:\/\/fmp-components.com\/tr\/wp-json\/wp\/v2\/product_brand?post=1617"},{"taxonomy":"product_cat","embeddable":true,"href":"https:\/\/fmp-components.com\/tr\/wp-json\/wp\/v2\/product_cat?post=1617"},{"taxonomy":"product_tag","embeddable":true,"href":"https:\/\/fmp-components.com\/tr\/wp-json\/wp\/v2\/product_tag?post=1617"}],"curies":[{"name":"wp","href":"https:\/\/api.w.org\/{rel}","templated":true}]}}