{"id":1615,"date":"2024-12-23T06:59:20","date_gmt":"2024-12-23T06:59:20","guid":{"rendered":"https:\/\/fmp-components.com\/product\/factory-customized-hydraulic-cylinder-double-acting-telescopic-hydraulic-cylinder-for-sale\/"},"modified":"2024-12-23T08:41:39","modified_gmt":"2024-12-23T08:41:39","slug":"factory-customized-hydraulic-cylinder-double-acting-telescopic-hydraulic-cylinder-for-sale","status":"publish","type":"product","link":"https:\/\/fmp-components.com\/tr\/product\/factory-customized-hydraulic-cylinder-double-acting-telescopic-hydraulic-cylinder-for-sale\/","title":{"rendered":"Sat\u0131l\u0131k Fabrika \u00d6zelle\u015ftirilmi\u015f \u00c7ift Etkili Teleskopik Hidrolik Silindir"},"content":{"rendered":"<h2>Sat\u0131l\u0131k Fabrika \u00d6zelle\u015ftirilmi\u015f \u00c7ift Etkili Teleskopik Hidrolik Silindir<\/h2>\n<p>Fabrika \u00d6zel Hidrolik Silindir, \u00e7e\u015fitli end\u00fcstrilerin \u00f6zel ihtiya\u00e7lar\u0131n\u0131 kar\u015f\u0131lamak \u00fczere tasarlanm\u0131\u015f y\u00fcksek kaliteli bir \u00fcr\u00fcnd\u00fcr. Ola\u011fan\u00fcst\u00fc performans ve g\u00fcvenilirlik sunan \u00e7ift etkili teleskopik bir hidrolik silindirdir.<\/p>\n<p>Geli\u015fmi\u015f tasar\u0131m\u0131 ve yap\u0131s\u0131yla bu hidrolik silindir, hem uzatma hem de geri \u00e7ekme a\u015famalar\u0131nda p\u00fcr\u00fczs\u00fcz ve hassas hareket sa\u011flar. A\u011f\u0131r y\u00fcklere ve zorlu \u00e7al\u0131\u015fma ko\u015fullar\u0131na dayanacak \u015fekilde \u00fcretildi\u011finden, \u00e7ok \u00e7e\u015fitli uygulamalar i\u00e7in uygundur.<\/p>\n<p>Fabrika \u00d6zel Hidrolik Silindir, dayan\u0131kl\u0131l\u0131k ve uzun \u00f6m\u00fcr sa\u011flayan en kaliteli malzemeler kullan\u0131larak \u00fcretilmi\u015ftir. Uluslararas\u0131 standartlar\u0131 kar\u015f\u0131lamak i\u00e7in s\u0131k\u0131 testlerden ve kalite kontrol \u00f6nlemlerinden ge\u00e7er ve ola\u011fan\u00fcst\u00fc performans ve g\u00fcvenli\u011fini garanti eder.<\/p>\n<p>Bu hidrolik silindir, m\u00fc\u015fterilerin kendi \u00f6zel ihtiya\u00e7lar\u0131na g\u00f6re uyarlayabilmelerine olanak tan\u0131yan son derece \u00f6zelle\u015ftirilebilir bir tasar\u0131ma sahiptir. Strok uzunlu\u011fu, delik \u00e7ap\u0131, montaj \u015fekli veya di\u011fer \u00f6zellikler olsun, Fabrikada \u00d6zelle\u015ftirilmi\u015f Hidrolik Silindir her t\u00fcrl\u00fc uygulamaya m\u00fckemmel uyum sa\u011flayacak \u015fekilde \u00f6zelle\u015ftirilebilir.<\/p>\n<p>Bu hidrolik silindir, ola\u011fan\u00fcst\u00fc performans\u0131n\u0131n yan\u0131 s\u0131ra kolay kurulum ve bak\u0131m\u0131yla da bilinir. Sorunsuz \u00e7al\u0131\u015fma, duru\u015f s\u00fcresini en aza indirme ve \u00fcretkenli\u011fi en \u00fcst d\u00fczeye \u00e7\u0131karma i\u00e7in tasarlanm\u0131\u015ft\u0131r.<\/p>\n<p>G\u00fcvenilirlik, performans ve \u00f6zelle\u015ftirme se\u00e7enekleri s\u00f6z konusu oldu\u011funda, Fabrika \u00d6zel Hidrolik Silindir ideal bir se\u00e7imdir. Ola\u011fan\u00fcst\u00fc \u00f6zellikleri ve avantajlar\u0131yla, verimli ve hassas hidrolik g\u00fcce ihtiya\u00e7 duyan end\u00fcstriler i\u00e7in de\u011ferli bir varl\u0131kt\u0131r.<\/p>\n<p>Sat\u0131l\u0131k Fabrika \u00d6zel Hidrolik Silindir \u00c7ift Etkili Teleskopik Hidrolik Silindir hakk\u0131nda daha fazla bilgi veya sorular\u0131n\u0131z i\u00e7in l\u00fctfen bizimle ileti\u015fime ge\u00e7in. Uzman ekibimiz, hidrolik g\u00fc\u00e7 ihtiya\u00e7lar\u0131n\u0131z i\u00e7in size yard\u0131mc\u0131 olmaya ve en iyi \u00e7\u00f6z\u00fcm\u00fc sunmaya haz\u0131r.<\/p>\n<table style=\"width: 100%;\" border=\"1\" width=\"100%\" cellspacing=\"0\" cellpadding=\"0\">\n<tbody>\n<tr>\n<th>\u00dcr\u00fcn Ad\u0131<\/th>\n<td>Fabrika \u00d6zel \u00dcretim \u00c7ift Etkili Teleskopik Hidrolik Silindir<\/td>\n<\/tr>\n<tr>\n<th>Durum<\/th>\n<td>Yeni<\/td>\n<\/tr>\n<tr>\n<th>Garanti<\/th>\n<td>1 Y\u0131l<\/td>\n<\/tr>\n<tr>\n<th>A\u011f\u0131rl\u0131k (KG)<\/th>\n<td>48<\/td>\n<\/tr>\n<tr>\n<th>G\u00fc\u00e7 Kayna\u011f\u0131<\/th>\n<td>Hidrolik<\/td>\n<\/tr>\n<tr>\n<th>Malzeme<\/th>\n<td>\u00c7elik<\/td>\n<\/tr>\n<tr>\n<th>Maksimum \u0130tki<\/th>\n<td>3000<\/td>\n<\/tr>\n<tr>\n<th>Maksimum \u00c7ekme<\/th>\n<td>20 Ton<\/td>\n<\/tr>\n<tr>\n<th>Silindir Tipi<\/th>\n<td>Ters Teleskopik Silindir<\/td>\n<\/tr>\n<tr>\n<th>Limanlar<\/th>\n<td>G\/SAE\/NPT\/M<\/td>\n<\/tr>\n<tr>\n<th>Delik Boyutu<\/th>\n<td>2-6 in\u00e7<\/td>\n<\/tr>\n<tr>\n<th>\u00c7ubuk Boyutu<\/th>\n<td>1,125-4 \u0130n\u00e7<\/td>\n<\/tr>\n<tr>\n<th>Vuru\u015f Boyutu<\/th>\n<td>6-48 in\u00e7<\/td>\n<\/tr>\n<tr>\n<th>Pin Boyutu<\/th>\n<td>0,5-2 in\u00e7<\/td>\n<\/tr>\n<tr>\n<th>Renk<\/th>\n<td>Siyah<\/td>\n<\/tr>\n<tr>\n<th>Sertifikasyon<\/th>\n<td>ISO9001:2000<\/td>\n<\/tr>\n<tr>\n<th>Test<\/th>\n<td>Video \u00c7\u0131k\u0131\u015f-Muayene ve Makine Test Raporu Dahil<\/td>\n<\/tr>\n<tr>\n<th>Uygulanabilir End\u00fcstriler<\/th>\n<td>\u00dcretim Tesisleri, Makine Tamir At\u00f6lyeleri, \u00c7iftlikler, Enerji ve Madencilik, Makine \u00dcretimi<\/td>\n<\/tr>\n<\/tbody>\n<\/table>\n<h2>Fabrika \u00d6zel Hidrolik Silindirlerimizi Tan\u0131t\u0131yoruz<\/h2>\n<p>&nbsp;<\/p>\n<p><img decoding=\"async\" src=\"https:\/\/hzpt.com\/wp-content\/uploads\/2023\/11\/Inverted-Telescopic-Cylinder-19.webp\" alt=\"\" title=\"\"><\/p>\n<h2>Teleskopik Hidrolik Silindirin \u00d6zellikleri<\/h2>\n<ul>\n<li>\u00c7ift Etkili: Her iki y\u00f6nde kuvvet uygulama kabiliyetine sahip olmas\u0131 \u00e7ok y\u00f6nl\u00fcl\u00fc\u011f\u00fcn\u00fc artt\u0131r\u0131r.<\/li>\n<li>Teleskopik: Silindir, farkl\u0131 uzunluklarda uzay\u0131p k\u0131salabildi\u011finden uygulamalarda daha fazla esneklik sa\u011flar.<\/li>\n<li>Y\u00fcksek \u0130tme ve \u00c7ekme Kapasitesi: 3000 tonluk maksimum itme ve 20 tonluk maksimum \u00e7ekme kapasitesiyle a\u011f\u0131r i\u015fleri verimli bir \u015fekilde halledebilir.<\/li>\n<li>ISO9001:2000 Sertifikal\u0131: \u00dcr\u00fcn uluslararas\u0131 standartlara uygundur, kalitesini ve g\u00fcvenli\u011fini garanti eder.<\/li>\n<li>Dayan\u0131kl\u0131 Malzeme: Silindirin g\u00f6vdesi \u00e7elikten yap\u0131lm\u0131\u015ft\u0131r, bu da dayan\u0131kl\u0131l\u0131\u011f\u0131n\u0131 ve uzun \u00f6m\u00fcrl\u00fcl\u00fc\u011f\u00fcn\u00fc garanti eder.<\/li>\n<\/ul>\n<h2>Teleskopik Hidrolik Silindirin Uygulamalar\u0131<\/h2>\n<p><img decoding=\"async\" src=\"https:\/\/hzpt.com\/wp-content\/uploads\/2023\/11\/Inverted-Telescopic-Cylinder-Applications.webp\" alt=\"Ters Teleskopik Silindir Uygulamalar\u0131\" title=\"\"><\/p>\n<h2>\u00c7al\u0131\u015fma Prensibi ve Bak\u0131m Y\u00f6ntemleri<\/h2>\n<p>Teleskopik hidrolik silindir, hidrolik bas\u0131n\u00e7 prensibiyle \u00e7al\u0131\u015f\u0131r. Silindirin i\u00e7indeki bas\u0131n\u00e7l\u0131 s\u0131v\u0131, pistonu hareket ettiren bir kuvvet olu\u015fturur ve bu da silindirin uzunlu\u011funu de\u011fi\u015ftirir. Silindirin uzun \u00f6m\u00fcrl\u00fc olmas\u0131n\u0131 sa\u011flamak i\u00e7in a\u015fa\u011f\u0131daki bak\u0131m y\u00f6ntemlerini izleyin:<\/p>\n<ul>\n<li>D\u00fczenli Kontrol: Silindiri herhangi bir hasar veya a\u015f\u0131nma belirtisi a\u00e7\u0131s\u0131ndan d\u00fczenli olarak kontrol edin.<\/li>\n<li>Temizlik: Silindirin \u00e7al\u0131\u015fmas\u0131n\u0131 herhangi bir kal\u0131nt\u0131n\u0131n engellemesini \u00f6nlemek i\u00e7in silindiri temiz tutun.<\/li>\n<li>Ya\u011flama: Silindirin d\u00fczg\u00fcn \u00e7al\u0131\u015fmas\u0131n\u0131 sa\u011flamak i\u00e7in d\u00fczenli olarak ya\u011flay\u0131n.<\/li>\n<li>D\u00fczenli Kontroller ve Onar\u0131mlar: Silindirin en iyi \u00e7al\u0131\u015fma ko\u015fullar\u0131nda kalmas\u0131n\u0131 sa\u011flamak i\u00e7in d\u00fczenli kontroller ve acil onar\u0131mlar planlay\u0131n.<\/li>\n<li>Conta De\u011fi\u015fimi: S\u0131z\u0131nt\u0131lar\u0131 \u00f6nlemek ve verimli \u00e7al\u0131\u015fmay\u0131 s\u00fcrd\u00fcrmek i\u00e7in contalar\u0131 operat\u00f6r k\u0131lavuzuna g\u00f6re de\u011fi\u015ftirin.<\/li>\n<\/ul>\n<p><img decoding=\"async\" src=\"https:\/\/hzpt.com\/wp-content\/uploads\/2023\/11\/Inverted-Telescopic-Cylinder-16.webp\" alt=\"\" title=\"\"><\/p>\n<h2>Ters Teleskopik Silindir<\/h2>\n<p>Sat\u0131l\u0131k Fabrika \u00d6zel Hidrolik Silindir \u00c7ift Etkili Teleskopik Hidrolik Silindir: Ters teleskopik silindir, \u00e7e\u015fitli end\u00fcstriyel uygulamalarda kullan\u0131lan bir hidrolik silindir t\u00fcr\u00fcd\u00fcr. Geleneksel teleskopik silindirlerde oldu\u011fu gibi yukar\u0131 do\u011fru de\u011fil, a\u015fa\u011f\u0131 do\u011fru uzanan bir piston \u00e7ubu\u011funa sahip bir silindir t\u00fcr\u00fcd\u00fcr. Bu benzersiz tasar\u0131m, kullan\u0131mda daha fazla esneklik sa\u011flar ve silindirin \u00e7e\u015fitli uygulamalarda kullan\u0131lmas\u0131n\u0131 m\u00fcmk\u00fcn k\u0131lar.<\/p>\n<h3>Tasar\u0131m<\/h3>\n<p>Ters teleskopik silindir, birbirinin i\u00e7ine ge\u00e7mi\u015f bir dizi borudan olu\u015fur. En i\u00e7teki boru piston \u00e7ubu\u011funa ba\u011fl\u0131d\u0131r ve \u00e7al\u0131\u015fma s\u0131ras\u0131nda yukar\u0131 ve a\u015fa\u011f\u0131 hareket eder. D\u0131\u015f borular sabittir ve i\u00e7 boruya destek sa\u011flar. Her boru, kendisini \u00e7evreleyen borudan biraz daha b\u00fcy\u00fckt\u00fcr ve bu da \u00e7al\u0131\u015fma s\u0131ras\u0131nda birbirlerinin i\u00e7inde kaymalar\u0131n\u0131 sa\u011flar.<\/p>\n<p>Silindir, \u00e7ift etkili olacak \u015fekilde tasarlanm\u0131\u015ft\u0131r; yani piston \u00e7ubu\u011funu her iki y\u00f6nde de itmek i\u00e7in hidrolik s\u0131v\u0131 kullan\u0131l\u0131r. Bu sayede silindir, a\u011f\u0131r y\u00fckleri kald\u0131rmak, nesneleri itmek ve \u00e7ekmek gibi \u00e7e\u015fitli uygulamalarda kullan\u0131labilir.<\/p>\n<h3>Uygulamalar<\/h3>\n<p>Ters teleskopik silindir, in\u015faat, tar\u0131m ve imalat dahil olmak \u00fczere \u00e7ok \u00e7e\u015fitli end\u00fcstriyel uygulamalarda kullan\u0131l\u0131r. Yayg\u0131n kullan\u0131m alanlar\u0131ndan baz\u0131lar\u0131 \u015funlard\u0131r:<\/p>\n<ul>\n<li>A\u011f\u0131r y\u00fcklerin kald\u0131r\u0131lmas\u0131 ve indirilmesi<\/li>\n<li>B\u00fcy\u00fck nesneleri ta\u015f\u0131ma<\/li>\n<li>\u0130tme ve \u00e7ekme ekipman\u0131<\/li>\n<li>Makinelerin hareketinin kontrol\u00fc<\/li>\n<\/ul>\n<p>Benzersiz tasar\u0131mlar\u0131 ve \u00e7ok y\u00f6nl\u00fcl\u00fckleri nedeniyle, ters teleskopik silindirler genellikle her uygulaman\u0131n \u00f6zel ihtiya\u00e7lar\u0131n\u0131 kar\u015f\u0131layacak \u015fekilde \u00f6zelle\u015ftirilir. Bu \u00f6zelle\u015ftirme, her durumda optimum performans sa\u011flamak i\u00e7in boyut, strok uzunlu\u011fu ve di\u011fer \u00f6nemli parametrelerde ayarlamalar i\u00e7erebilir.<\/p>\n<h3>Avantajlar\u0131<\/h3>\n<p>Ters teleskopik silindirin temel avantajlar\u0131ndan biri kompakt tasar\u0131m\u0131d\u0131r. Silindir kendi i\u00e7ine katlanabildi\u011fi i\u00e7in geleneksel silindirlere g\u00f6re daha az yer kaplar. Bu da onu dar alanlarda veya alan\u0131n k\u0131s\u0131tl\u0131 oldu\u011fu uygulamalarda kullan\u0131m i\u00e7in ideal k\u0131lar.<\/p>\n<p>Ters teleskopik silindir, a\u015f\u0131nma ve y\u0131pranmaya kar\u015f\u0131 olduk\u00e7a dayan\u0131kl\u0131 ve diren\u00e7lidir. Bu, y\u00fck\u00fcn silindir boyunca e\u015fit da\u011f\u0131lmas\u0131n\u0131 sa\u011flayan benzersiz tasar\u0131m\u0131ndan kaynaklanmaktad\u0131r. Bu sayede, a\u011f\u0131r hizmet tipi uygulamalarda bile silindirin zamanla ar\u0131zalanma veya hasar g\u00f6rme olas\u0131l\u0131\u011f\u0131 daha d\u00fc\u015f\u00fckt\u00fcr.<\/p>\n<h3>\u00c7\u00f6z\u00fcm<\/h3>\n<p>Ters teleskopik silindir, \u00e7ok \u00e7e\u015fitli end\u00fcstriyel uygulamalarda kullan\u0131lan \u00e7ok y\u00f6nl\u00fc ve son derece etkili bir hidrolik silindirdir. Benzersiz tasar\u0131m\u0131 ve \u00f6zel ihtiya\u00e7lar\u0131 kar\u015f\u0131layacak \u015fekilde \u00f6zelle\u015ftirilebilme \u00f6zelli\u011fiyle, g\u00fcvenilir, dayan\u0131kl\u0131 ve uygun maliyetli bir hidrolik silindir \u00e7\u00f6z\u00fcm\u00fc arayanlar i\u00e7in ideal bir se\u00e7imdir.<\/p>\n<h3>FMP Hakk\u0131nda \u2013 \u0130n\u015faat Makine Par\u00e7alar\u0131 ve Komple Makinelerin Profesyonel Sat\u0131\u015f ve Servisi<\/h3>\n<p>FMP, in\u015faat makinesi par\u00e7alar\u0131 ve komple makinelerin sat\u0131\u015f ve servisinde uzmanla\u015fm\u0131\u015f, \u0130talya merkezli lider bir \u015firkettir. Uzun y\u0131llara dayanan sekt\u00f6r deneyimimiz ve profesyonel ekibimizle m\u00fc\u015fterilerimize y\u00fcksek kaliteli ve g\u00fcvenilir \u00e7\u00f6z\u00fcmler sunuyoruz.<\/p>\n<h3>Hidrolik Silindir \u2013 En Kaliteli \u00dcr\u00fcn\u00fcm\u00fcz<\/h3>\n<p>En kaliteli \u00fcr\u00fcnlerimizden biri Hidrolik Silindir'dir. Hidrolik silindir ihtiya\u00e7lar\u0131n\u0131z i\u00e7in FMP'yi se\u00e7meniz i\u00e7in baz\u0131 nedenler \u015funlard\u0131r:<\/p>\n<ol>\n<li><strong>Y\u00fcksek Kaliteli Malzemeler<\/strong>: Hidrolik silindirlerimiz dayan\u0131kl\u0131l\u0131k ve g\u00fcvenilirli\u011fi garanti alt\u0131na almak i\u00e7in en kaliteli malzemelerden \u00fcretilmi\u015ftir.<\/li>\n<li><strong>\u00d6zelle\u015ftirilebilir Se\u00e7enekler<\/strong>:A\u015fa\u011f\u0131daki gibi ayarlanabilir \u00e7atal tipi silindirler de dahil olmak \u00fczere, \u00f6zel ihtiya\u00e7lar\u0131n\u0131z\u0131 kar\u015f\u0131lamak i\u00e7in \u00e7e\u015fitli \u00f6zelle\u015ftirilebilir se\u00e7enekler sunuyoruz.<\/li>\n<li><strong>Uzman Dan\u0131\u015fmanl\u0131\u011f\u0131<\/strong>Deneyimli sat\u0131\u015f ekibimiz, in\u015faat makineleri sekt\u00f6r\u00fcn\u00fcn geli\u015fme trendlerini ve m\u00fc\u015fteri ihtiya\u00e7lar\u0131n\u0131 yak\u0131ndan takip ederek profesyonel \u00fcr\u00fcn dan\u0131\u015fmanl\u0131\u011f\u0131 ve ak\u0131ll\u0131 sat\u0131n alma \u00f6nerileri sunabilir.<\/li>\n<li><strong>Verimli Lojistik Da\u011f\u0131t\u0131m Sistemi<\/strong>:M\u00fc\u015fterilerin ihtiya\u00e7 duyduklar\u0131 par\u00e7alar\u0131 zaman\u0131nda ve do\u011fru bir \u015fekilde alabilmelerini sa\u011flamak i\u00e7in etkin bir lojistik da\u011f\u0131t\u0131m sistemine sahibiz.<\/li>\n<li><strong>S\u0131k\u0131 Kalite Standartlar\u0131<\/strong>Yurt i\u00e7inde ve yurt d\u0131\u015f\u0131nda bir\u00e7ok kaliteli tedarik\u00e7i ile uzun vadeli ve istikrarl\u0131 i\u015fbirli\u011fi ili\u015fkileri kurarak, tedarik edilen t\u00fcm par\u00e7alar\u0131n s\u0131k\u0131 kalite standartlar\u0131n\u0131 kar\u015f\u0131lamas\u0131n\u0131 sa\u011fl\u0131yoruz.<\/li>\n<\/ol>\n<p>Hidrolik silindir ihtiya\u00e7lar\u0131n\u0131z i\u00e7in FMP'yi tercih edin, kalite ve hizmet fark\u0131n\u0131 ya\u015fay\u0131n.<\/p>\n<p><img decoding=\"async\" src=\"https:\/\/fmp-components.com\/wp-content\/uploads\/2024\/12\/Adjustable-Clevis-Type-Cylinders-6.webp\" alt=\"Ayarlanabilir \u00c7atal Tipi Silindir\" width=\"809\" title=\"\"><br \/>\nYazar:CX<\/p>","protected":false},"excerpt":{"rendered":"<p>Factory Customized Hydraulic Cylinder Double Acting Telescopic Hydraulic Cylinder For Sale The Factory Customized Hydraulic Cylinder is a high-quality product designed to meet the specific needs of various industries. It is a double-acting telescopic hydraulic cylinder that offers exceptional performance and reliability. With its advanced design and construction, this hydraulic cylinder provides smooth and precise [&hellip;]<\/p>","protected":false},"featured_media":1616,"comment_status":"closed","ping_status":"closed","template":"","meta":{"_et_pb_use_builder":"","_et_pb_old_content":"","_et_gb_content_width":""},"product_brand":[],"product_cat":[45],"product_tag":[34,48],"class_list":{"0":"post-1615","1":"product","2":"type-product","3":"status-publish","4":"has-post-thumbnail","6":"product_cat-inverted-telescopic-cylinder","7":"product_tag-hydraulic-cylinder","8":"product_tag-inverted-telescopic-cylinder","10":"first","11":"instock","12":"product-type-simple"},"_links":{"self":[{"href":"https:\/\/fmp-components.com\/tr\/wp-json\/wp\/v2\/product\/1615","targetHints":{"allow":["GET"]}}],"collection":[{"href":"https:\/\/fmp-components.com\/tr\/wp-json\/wp\/v2\/product"}],"about":[{"href":"https:\/\/fmp-components.com\/tr\/wp-json\/wp\/v2\/types\/product"}],"replies":[{"embeddable":true,"href":"https:\/\/fmp-components.com\/tr\/wp-json\/wp\/v2\/comments?post=1615"}],"wp:featuredmedia":[{"embeddable":true,"href":"https:\/\/fmp-components.com\/tr\/wp-json\/wp\/v2\/media\/1616"}],"wp:attachment":[{"href":"https:\/\/fmp-components.com\/tr\/wp-json\/wp\/v2\/media?parent=1615"}],"wp:term":[{"taxonomy":"product_brand","embeddable":true,"href":"https:\/\/fmp-components.com\/tr\/wp-json\/wp\/v2\/product_brand?post=1615"},{"taxonomy":"product_cat","embeddable":true,"href":"https:\/\/fmp-components.com\/tr\/wp-json\/wp\/v2\/product_cat?post=1615"},{"taxonomy":"product_tag","embeddable":true,"href":"https:\/\/fmp-components.com\/tr\/wp-json\/wp\/v2\/product_tag?post=1615"}],"curies":[{"name":"wp","href":"https:\/\/api.w.org\/{rel}","templated":true}]}}