{"id":1613,"date":"2024-12-23T06:59:20","date_gmt":"2024-12-23T06:59:20","guid":{"rendered":"https:\/\/fmp-components.com\/product\/factory-serving-small-dump-truck-double-acting-hydraulic-cylinder\/"},"modified":"2024-12-23T08:23:17","modified_gmt":"2024-12-23T08:23:17","slug":"factory-serving-small-dump-truck-double-acting-hydraulic-cylinder","status":"publish","type":"product","link":"https:\/\/fmp-components.com\/tr\/product\/factory-serving-small-dump-truck-double-acting-hydraulic-cylinder\/","title":{"rendered":"Fabrika Servis K\u00fc\u00e7\u00fck Damperli Kamyon \u00c7ift Etkili Hidrolik Silindir"},"content":{"rendered":"<h2>Fabrika \u00dcretimi K\u00fc\u00e7\u00fck Damperli Kamyonlar \u0130\u00e7in \u00c7ift Etkili Hidrolik Silindir Tan\u0131t\u0131m\u0131<\/h2>\n<p>Fabrika \u00fcretimi k\u00fc\u00e7\u00fck damperli kamyonlar i\u00e7in \u00e7ift etkili hidrolik silindir, k\u00fc\u00e7\u00fck damperli kamyonlar i\u00e7in \u00f6zel olarak tasarlanm\u0131\u015f y\u00fcksek kaliteli ve \u00e7ok y\u00f6nl\u00fc bir bile\u015fendir. Geli\u015fmi\u015f \u00f6zellikleri ve g\u00fcvenilir performans\u0131 ile bu hidrolik silindir, herhangi bir damperli kamyon sisteminin vazge\u00e7ilmez bir par\u00e7as\u0131d\u0131r.<\/p>\n<p>Bu hidrolik silindirin en \u00f6nemli \u00f6zelliklerinden biri \u00e7ift etkili \u00e7al\u0131\u015fma fonksiyonudur. Bu, her iki y\u00f6nde de kuvvet \u00fcretebilece\u011fi ve damperli kamyonun hareketinin verimli ve hassas bir \u015fekilde kontrol edilmesini sa\u011flayaca\u011f\u0131 anlam\u0131na gelir. Kamyon kasas\u0131n\u0131n y\u00fckseltilmesi veya al\u00e7alt\u0131lmas\u0131 fark etmeksizin, bu silindir sorunsuz ve g\u00fcvenilir bir \u00e7al\u0131\u015fma sa\u011flar.<\/p>\n<p>Zorlu ko\u015fullara dayanacak \u015fekilde tasarlanan bu hidrolik silindir, dayan\u0131kl\u0131 malzemelerden \u00fcretilmi\u015ftir ve sa\u011flaml\u0131\u011f\u0131 ve uzun \u00f6m\u00fcrl\u00fcl\u00fc\u011f\u00fc i\u00e7in titiz testlerden ge\u00e7irilmi\u015ftir. A\u011f\u0131r y\u00fckleri kald\u0131rabilir ve zorlu ortamlarda bile kusursuz \u00e7al\u0131\u015fabilir.<\/p>\n<p>Fabrika tipi k\u00fc\u00e7\u00fck damperli kamyonlar i\u00e7in tasarlanm\u0131\u015f \u00e7ift etkili hidrolik silindir, g\u00fcvenlik \u00f6n planda tutularak \u00fcretilmi\u015ftir. S\u0131z\u0131nt\u0131lar\u0131 \u00f6nlemek ve optimum performans\u0131 korumak i\u00e7in bas\u0131n\u00e7 tahliye vanalar\u0131 ve contalar gibi geli\u015fmi\u015f \u00f6zellikler i\u00e7erir. Sa\u011flam yap\u0131s\u0131 ve g\u00fcvenilir s\u0131zd\u0131rmazl\u0131k mekanizmalar\u0131, minimum bak\u0131m ve ar\u0131za s\u00fcresi sa\u011flayarak verimlili\u011fi en \u00fcst d\u00fczeye \u00e7\u0131kar\u0131r.<\/p>\n<p>Kompakt boyutuyla bu hidrolik silindir, \u00f6zellikle k\u00fc\u00e7\u00fck damperli kamyonlar i\u00e7in tasarlanm\u0131\u015ft\u0131r. M\u00fckemmel g\u00fc\u00e7-boyut oran\u0131, kamyonun hidrolik sisteminde verimli alan kullan\u0131m\u0131na olanak tan\u0131r. Bu, yaln\u0131zca damperli kamyonun genel performans\u0131n\u0131 art\u0131rmakla kalmaz, ayn\u0131 zamanda yak\u0131t verimlili\u011fine de katk\u0131da bulunur.<\/p>\n<p>Sonu\u00e7 olarak, Fabrika Tipi K\u00fc\u00e7\u00fck Damperli Kamyon \u00c7ift Etkili Hidrolik Silindir, k\u00fc\u00e7\u00fck damperli kamyonlar i\u00e7in ola\u011fan\u00fcst\u00fc performans sa\u011flayan birinci s\u0131n\u0131f bir bile\u015fendir. \u00c7ift etkili i\u015flevi, dayan\u0131kl\u0131l\u0131\u011f\u0131 ve g\u00fcvenlik \u00f6zellikleri, damperli kamyon operasyonlar\u0131n\u0131n verimlili\u011fini ve \u00fcretkenli\u011fini art\u0131rmak i\u00e7in ideal bir se\u00e7im olmas\u0131n\u0131 sa\u011flar.<\/p>\n<h2>\u00c7ift Etkili Hidrolik Silindirin \u00d6zellikleri<\/h2>\n<ul>\n<li>Optimum performans i\u00e7in standart hidrolik tahrikli piston silindiri<\/li>\n<li>Geli\u015fmi\u015f dayan\u0131kl\u0131l\u0131k i\u00e7in \u00e7elik g\u00f6vde malzemesi<\/li>\n<li>A\u011f\u0131r hizmet operasyonlar\u0131 i\u00e7in maksimum 3000 ton itme g\u00fcc\u00fc ve maksimum 20 ton \u00e7ekme g\u00fcc\u00fc.<\/li>\n<li>Farkl\u0131 gereksinimlere uygun olarak \u00e7e\u015fitli \u00e7ap, piston kolu, strok ve pim boyutlar\u0131 mevcuttur.<\/li>\n<li>ISO9001:2000 sertifikas\u0131na sahip olup, kalite ve g\u00fcvenilirli\u011fi garanti eder.<\/li>\n<\/ul>\n<p><img decoding=\"async\" src=\"https:\/\/hzpt.com\/wp-content\/uploads\/2023\/11\/Inverted-Telescopic-Cylinder-15.webp\" alt=\"\" title=\"\"><\/p>\n<h2>\u00c7ift Etkili Hidrolik Silindirin Uygulamalar\u0131<\/h2>\n<p>\u00c7ift etkili hidrolik silindirler, kontroll\u00fc do\u011frusal hareket ve kuvvetin gerekli oldu\u011fu \u00e7e\u015fitli uygulamalarda yayg\u0131n olarak kullan\u0131lan \u00e7ok y\u00f6nl\u00fc cihazlard\u0131r. Bir pistonu silindir i\u00e7inde ileri geri hareket ettirmek i\u00e7in hidrolik bas\u0131n\u00e7 kullanarak \u00e7al\u0131\u015f\u0131rlar ve her iki y\u00f6nde de kuvvet sa\u011flarlar. \u0130\u015fte \u00e7ift etkili hidrolik silindirlerin s\u0131kl\u0131kla kullan\u0131ld\u0131\u011f\u0131 baz\u0131 uygulamalar:<\/p>\n<h3>\u0130n\u015faat Ekipmanlar\u0131<\/h3>\n<p>\u00c7ift etkili hidrolik silindirler, ekskavat\u00f6rler, y\u00fckleyiciler, buldozerler ve vin\u00e7ler gibi in\u015faat makinelerinde yayg\u0131n olarak kullan\u0131lmaktad\u0131r. Kald\u0131rma, itme, kazma ve a\u011f\u0131r y\u00fckleri ta\u015f\u0131ma gibi i\u015flerde gerekli g\u00fcc\u00fc sa\u011flayarak bu i\u015flemleri ger\u00e7ekle\u015ftirmeye yard\u0131mc\u0131 olurlar.<\/p>\n<h3>End\u00fcstriyel Makineler<\/h3>\n<p>Hidrolik silindirler, \u00e7ok \u00e7e\u015fitli end\u00fcstriyel makinelerde uygulama alan\u0131 bulmaktad\u0131r. Preslerde, metal i\u015fleme ekipmanlar\u0131nda, malzeme ta\u015f\u0131ma sistemlerinde ve tak\u0131m tezgahlar\u0131nda b\u00fckme, kesme, delme, \u015fekillendirme ve di\u011fer imalat s\u00fcre\u00e7leri i\u00e7in kontroll\u00fc kuvvet sa\u011flamak amac\u0131yla kullan\u0131l\u0131rlar.<\/p>\n<h3>Tar\u0131m Makinalar\u0131<\/h3>\n<p>Hidrolik silindirler, trakt\u00f6rler, bi\u00e7erd\u00f6verler ve ila\u00e7lama makineleri gibi tar\u0131m ekipmanlar\u0131nda hayati bir rol oynar. Bu silindirler, kollar\u0131 ve ata\u015fmanlar\u0131 \u00e7al\u0131\u015ft\u0131rmak, aletleri kontrol etmek, ekipman\u0131n y\u00fcksekli\u011fini ve a\u00e7\u0131s\u0131n\u0131 ayarlamak ve direksiyon mekanizmalar\u0131n\u0131 kolayla\u015ft\u0131rmak da dahil olmak \u00fczere \u00e7e\u015fitli i\u015flevlerde kullan\u0131l\u0131r.<\/p>\n<p><img decoding=\"async\" src=\"https:\/\/hzpt.com\/wp-content\/uploads\/2023\/11\/Inverted-Telescopic-Cylinder-Applications.webp\" alt=\"Ters Teleskopik Silindir Uygulamalar\u0131\" title=\"\"><\/p>\n<h2>\u00c7al\u0131\u015fma Prensibi ve Bak\u0131m Y\u00f6ntemleri<\/h2>\n<ul>\n<li>D\u00fczenli kontroller: D\u00fczenli kontroller, silindirin d\u00fczg\u00fcn \u00e7al\u0131\u015ft\u0131\u011f\u0131ndan emin olunmas\u0131n\u0131 sa\u011flar ve olas\u0131 sorunlar\u0131n erken tespitine yard\u0131mc\u0131 olur.<\/li>\n<li>Temizlik: D\u00fczenli temizlik, silindirin performans\u0131n\u0131 etkileyebilecek toz ve kir birikimini \u00f6nler.<\/li>\n<li>Ya\u011flama: Uygun ya\u011flama, sorunsuz \u00e7al\u0131\u015fmaya yard\u0131mc\u0131 olur ve a\u015f\u0131nmay\u0131 azalt\u0131r.<\/li>\n<li>D\u00fczenli kontroller ve onar\u0131mlar: D\u00fczenli bak\u0131m, silindirin \u00f6mr\u00fcn\u00fc uzatmaya yard\u0131mc\u0131 olur.<\/li>\n<li>Conta de\u011fi\u015fimi: Contalar\u0131n zaman\u0131nda de\u011fi\u015ftirilmesi s\u0131z\u0131nt\u0131lar\u0131 \u00f6nlemeye ve silindirin verimlili\u011fini korumaya yard\u0131mc\u0131 olur.<\/li>\n<\/ul>\n<p><img decoding=\"async\" src=\"https:\/\/hzpt.com\/wp-content\/uploads\/2023\/11\/Inverted-Telescopic-Cylinder-14.webp\" alt=\"\" title=\"\"><\/p>\n<h2>Ters Teleskopik Silindir<\/h2>\n<h3>girii\u015f<\/h3>\n<p>Ters teleskopik silindir, \u00e7e\u015fitli end\u00fcstriyel uygulamalarda kullan\u0131lan bir hidrolik silindir t\u00fcr\u00fcd\u00fcr. Alan\u0131n s\u0131n\u0131rl\u0131 oldu\u011fu uygulamalarda kullan\u0131lmak \u00fczere tasarlanm\u0131\u015f \u00e7ift etkili bir hidrolik silindirdir. Silindir, birbirinin i\u00e7ine yerle\u015ftirilmi\u015f bir dizi e\u015f merkezli borudan olu\u015fur. D\u0131\u015f boru sabittir, i\u00e7 boru ise d\u0131\u015f borunun i\u00e7ine ve d\u0131\u015f\u0131na do\u011fru hareket eder. Silindir genellikle k\u00fc\u00e7\u00fck damperli kamyonlarda, fabrika ekipmanlar\u0131nda ve di\u011fer makinelerde kullan\u0131l\u0131r.<\/p>\n<h3>Ters Teleskopik Silindirin \u00d6zellikleri<\/h3>\n<p>Ters teleskopik silindir, \u00e7e\u015fitli end\u00fcstriyel uygulamalarda kullan\u0131m i\u00e7in ideal k\u0131lan bir\u00e7ok \u00f6zellik ile tasarlanm\u0131\u015ft\u0131r. Bu \u00f6zelliklerden baz\u0131lar\u0131 \u015funlard\u0131r:<\/p>\n<ul>\n<li>Dar alanlara kolayca monte edilebilen kompakt tasar\u0131m.<\/li>\n<li>\u00c7ift etkili silindir, her iki y\u00f6nde de d\u00fczg\u00fcn ve kontroll\u00fc hareket sa\u011flar.<\/li>\n<li>Son derece dayan\u0131kl\u0131 ve a\u015f\u0131nmaya kar\u015f\u0131 diren\u00e7li.<\/li>\n<li>Hidrolik s\u0131v\u0131n\u0131n verimli kullan\u0131m\u0131, i\u015fletme maliyetlerinin d\u00fc\u015f\u00fcr\u00fclmesine yard\u0131mc\u0131 olur.<\/li>\n<li>Bak\u0131m\u0131 ve onar\u0131m\u0131 kolayd\u0131r, bu da ar\u0131za s\u00fcrelerini ve onar\u0131m maliyetlerini azaltmaya yard\u0131mc\u0131 olur.<\/li>\n<\/ul>\n<h3>Ters Teleskopik Silindirin Uygulamalar\u0131<\/h3>\n<p>Ters teleskopik silindir, \u00e7e\u015fitli end\u00fcstriyel uygulamalarda yayg\u0131n olarak kullan\u0131lmaktad\u0131r. En yayg\u0131n uygulamalardan baz\u0131lar\u0131 \u015funlard\u0131r:<\/p>\n<ol>\n<li>K\u00fc\u00e7\u00fck Damperli Kamyonlar \u2013 Silindir, k\u00fc\u00e7\u00fck damperli kamyonlar\u0131n damper kasas\u0131n\u0131 kald\u0131rmak ve indirmek i\u00e7in kullan\u0131l\u0131r. Silindirin kompakt tasar\u0131m\u0131, bu t\u00fcr ara\u00e7larda kullan\u0131m i\u00e7in idealdir.<\/li>\n<li>Fabrika Ekipmanlar\u0131 \u2013 Silindir, konvey\u00f6r sistemleri, kald\u0131rma platformlar\u0131 ve paketleme makineleri gibi \u00e7e\u015fitli fabrika ekipmanlar\u0131nda kullan\u0131l\u0131r. Silindirin d\u00fczg\u00fcn ve kontroll\u00fc hareketi, bu uygulamalarda kullan\u0131m i\u00e7in ideal olmas\u0131n\u0131 sa\u011flar.<\/li>\n<li>\u0130n\u015faat Ekipmanlar\u0131 \u2013 Silindir, ekskavat\u00f6rler, kaz\u0131c\u0131lar ve vin\u00e7ler gibi \u00e7e\u015fitli in\u015faat ekipmanlar\u0131nda kullan\u0131l\u0131r. Silindirin dayan\u0131kl\u0131l\u0131\u011f\u0131 ve a\u015f\u0131nmaya kar\u015f\u0131 direnci, onu bu uygulamalarda kullan\u0131m i\u00e7in ideal hale getirir.<\/li>\n<li>Malzeme Ta\u015f\u0131ma Ekipmanlar\u0131 \u2013 Silindir, forkliftler, palet krikolar\u0131 ve makasl\u0131 platformlar gibi \u00e7e\u015fitli malzeme ta\u015f\u0131ma ekipmanlar\u0131nda kullan\u0131l\u0131r. Silindirin hidrolik s\u0131v\u0131y\u0131 verimli kullanmas\u0131, onu bu uygulamalarda kullan\u0131m i\u00e7in ideal hale getirir.<\/li>\n<\/ol>\n<p>Ters teleskopik silindir, \u00e7e\u015fitli end\u00fcstriyel uygulamalarda kullan\u0131lan son derece \u00e7ok y\u00f6nl\u00fc ve verimli bir hidrolik silindirdir. Kompakt tasar\u0131m\u0131, \u00e7ift etkili silindiri, dayan\u0131kl\u0131l\u0131\u011f\u0131 ve hidrolik s\u0131v\u0131n\u0131n verimli kullan\u0131m\u0131, onu k\u00fc\u00e7\u00fck damperli kamyonlarda, fabrika ekipmanlar\u0131nda, in\u015faat ekipmanlar\u0131nda ve malzeme ta\u015f\u0131ma ekipmanlar\u0131nda kullan\u0131m i\u00e7in ideal hale getirir. End\u00fcstriyel uygulaman\u0131z i\u00e7in g\u00fcvenilir ve verimli bir hidrolik silindir ar\u0131yorsan\u0131z, ters teleskopik silindir m\u00fckemmel bir se\u00e7imdir. Geli\u015fmi\u015f \u00f6zellikleri ve y\u00fcksek performans\u0131 ile \u00f6zel ihtiya\u00e7lar\u0131n\u0131z\u0131 ve gereksinimlerinizi kar\u015f\u0131layaca\u011f\u0131ndan emin olabilirsiniz.<\/p>\n<h3>FMP Hakk\u0131nda<\/h3>\n<p><img decoding=\"async\" src=\"https:\/\/fmp-components.com\/wp-content\/uploads\/2024\/12\/Adjustable-Clevis-Type-Cylinders-6.webp\" alt=\"Ayarlanabilir \u00c7atal Tipi Silindir\" width=\"808\" title=\"\"><\/p>\n<p>FMP, Hidrolik Silindir \u00fcretimi ve sat\u0131\u015f\u0131 konusunda uzmanla\u015fm\u0131\u015f lider bir firmad\u0131r. Uzun y\u0131llara dayanan sekt\u00f6r deneyimimiz ve profesyonel ekibimizle, m\u00fc\u015fterilerimize in\u015faat makineleri sekt\u00f6r\u00fcndeki \u00e7e\u015fitli uygulamalar i\u00e7in y\u00fcksek kaliteli ve g\u00fcvenilir hidrolik silindirler sunmaya kararl\u0131y\u0131z.<\/p>\n<p>1. Geni\u015f \u00dcr\u00fcn Yelpazesi: Ayarlanabilir \u00c7atal Tipi Silindirler, Teleskopik Silindirler, Kaynakl\u0131 Silindirler, Rot Kolu Silindirleri ve daha fazlas\u0131 dahil olmak \u00fczere \u00e7ok \u00e7e\u015fitli hidrolik silindirler sunuyoruz. \u00d6zel ihtiya\u00e7lar\u0131n\u0131z ne olursa olsun, sizin i\u00e7in do\u011fru hidrolik silindir \u00e7\u00f6z\u00fcm\u00fcne sahibiz.<\/p>\n<p>2. \u00dcst\u00fcn Kalite: FMP olarak kaliteye \u00f6ncelik veriyor ve t\u00fcm hidrolik silindirlerimizin s\u0131k\u0131 kalite standartlar\u0131n\u0131 kar\u015f\u0131lamas\u0131n\u0131 sa\u011fl\u0131yoruz. \u00dcr\u00fcnlerimizin dayan\u0131kl\u0131l\u0131\u011f\u0131n\u0131 ve performans\u0131n\u0131 garanti alt\u0131na almak i\u00e7in hem yurt i\u00e7inde hem de yurt d\u0131\u015f\u0131nda y\u00fcksek kaliteli tedarik\u00e7ilerle uzun vadeli ve istikrarl\u0131 ili\u015fkiler kurduk.<\/p>\n<p>3. Uzman Sat\u0131\u015f Ekibi: Deneyimli ve yetenekli sat\u0131\u015f ekibimiz, sekt\u00f6rdeki en son trendler ve m\u00fc\u015fteri ihtiya\u00e7lar\u0131 konusunda bilgilidir. Profesyonel \u00fcr\u00fcn dan\u0131\u015fmanl\u0131\u011f\u0131 sunmaya ve ak\u0131ll\u0131 sat\u0131n alma \u00f6nerileri sunarak, in\u015faat makineleri ihtiya\u00e7lar\u0131n\u0131z i\u00e7in en iyi se\u00e7imi yapman\u0131z\u0131 sa\u011flamaya haz\u0131rd\u0131rlar.<\/p>\n<p>4. Verimli Lojistik Da\u011f\u0131t\u0131m: Zaman\u0131nda teslimat\u0131n \u00f6neminin fark\u0131nday\u0131z. Verimli lojistik da\u011f\u0131t\u0131m sistemimizle, m\u00fc\u015fterilerimizin ihtiya\u00e7 duyduklar\u0131 hidrolik silindirleri zaman\u0131nda ve do\u011fru bir \u015fekilde teslim almalar\u0131n\u0131 sa\u011fl\u0131yoruz. H\u0131zl\u0131 ve g\u00fcvenilir hizmet i\u00e7in bize g\u00fcvenebilirsiniz.<\/p>\n<p>5. \u00d6zelle\u015ftirilebilir \u00c7\u00f6z\u00fcmler: Her in\u015faat makinesi projesinin benzersiz oldu\u011funun fark\u0131nday\u0131z. Bu nedenle, \u00f6zel ihtiya\u00e7lar\u0131n\u0131z\u0131 kar\u015f\u0131lamak i\u00e7in \u00f6zelle\u015ftirilebilir hidrolik silindir \u00e7\u00f6z\u00fcmleri sunuyoruz. Belirli bir strok uzunlu\u011funa, montaj stiline veya ba\u015fka bir \u00f6zelle\u015ftirmeye sahip bir silindire ihtiyac\u0131n\u0131z olsun, size \u00f6zel \u00e7\u00f6z\u00fcmler sunabiliriz.<\/p>\n<p>FMP ile ortakl\u0131k kurmak, y\u00fcksek kaliteli hidrolik silindirlere, bilgili bir sat\u0131\u015f ekibine, verimli lojisti\u011fe ve \u00f6zelle\u015ftirilebilir \u00e7\u00f6z\u00fcmlere eri\u015fim anlam\u0131na gelir. \u0130n\u015faat makineleri projeleriniz i\u00e7in ihtiya\u00e7 duydu\u011funuz g\u00fcvenilir ve dayan\u0131kl\u0131 hidrolik silindirleri bize g\u00fcvenin.<br \/>\nYazar:CX<\/p>","protected":false},"excerpt":{"rendered":"<p>Introducing the Factory Serving Small Dump Truck Double Acting Hydraulic Cylinder The Factory Serving Small Dump Truck Double Acting Hydraulic Cylinder is a high-quality and versatile component designed specifically for small dump trucks. With its advanced features and reliable performance, this hydraulic cylinder is an essential part of any dump truck system. One of the [&hellip;]<\/p>","protected":false},"featured_media":1614,"comment_status":"closed","ping_status":"closed","template":"","meta":{"_et_pb_use_builder":"","_et_pb_old_content":"","_et_gb_content_width":""},"product_brand":[],"product_cat":[45],"product_tag":[34,48],"class_list":{"0":"post-1613","1":"product","2":"type-product","3":"status-publish","4":"has-post-thumbnail","6":"product_cat-inverted-telescopic-cylinder","7":"product_tag-hydraulic-cylinder","8":"product_tag-inverted-telescopic-cylinder","10":"first","11":"instock","12":"product-type-simple"},"_links":{"self":[{"href":"https:\/\/fmp-components.com\/tr\/wp-json\/wp\/v2\/product\/1613","targetHints":{"allow":["GET"]}}],"collection":[{"href":"https:\/\/fmp-components.com\/tr\/wp-json\/wp\/v2\/product"}],"about":[{"href":"https:\/\/fmp-components.com\/tr\/wp-json\/wp\/v2\/types\/product"}],"replies":[{"embeddable":true,"href":"https:\/\/fmp-components.com\/tr\/wp-json\/wp\/v2\/comments?post=1613"}],"wp:featuredmedia":[{"embeddable":true,"href":"https:\/\/fmp-components.com\/tr\/wp-json\/wp\/v2\/media\/1614"}],"wp:attachment":[{"href":"https:\/\/fmp-components.com\/tr\/wp-json\/wp\/v2\/media?parent=1613"}],"wp:term":[{"taxonomy":"product_brand","embeddable":true,"href":"https:\/\/fmp-components.com\/tr\/wp-json\/wp\/v2\/product_brand?post=1613"},{"taxonomy":"product_cat","embeddable":true,"href":"https:\/\/fmp-components.com\/tr\/wp-json\/wp\/v2\/product_cat?post=1613"},{"taxonomy":"product_tag","embeddable":true,"href":"https:\/\/fmp-components.com\/tr\/wp-json\/wp\/v2\/product_tag?post=1613"}],"curies":[{"name":"wp","href":"https:\/\/api.w.org\/{rel}","templated":true}]}}