{"id":1607,"date":"2024-12-23T06:59:20","date_gmt":"2024-12-23T06:59:20","guid":{"rendered":"https:\/\/fmp-components.com\/product\/guaranteed-quality-hydraulic-cylinder-double-acting-small-dump-truck-hydraulic-cylinder\/"},"modified":"2024-12-23T08:37:08","modified_gmt":"2024-12-23T08:37:08","slug":"guaranteed-quality-hydraulic-cylinder-double-acting-small-dump-truck-hydraulic-cylinder","status":"publish","type":"product","link":"https:\/\/fmp-components.com\/tr\/product\/guaranteed-quality-hydraulic-cylinder-double-acting-small-dump-truck-hydraulic-cylinder\/","title":{"rendered":"Garantili Kalite Hidrolik Silindir \u00c7ift Etkili K\u00fc\u00e7\u00fck Damperli Kamyon Hidrolik Silindiri"},"content":{"rendered":"<h2>Garantili Kalitede \u00c7ift Etkili K\u00fc\u00e7\u00fck Damperli Kamyon Hidrolik Silindiri ile Tan\u0131\u015f\u0131n:<\/h2>\n<p>Garantili Kalite \u00c7ift Etkili K\u00fc\u00e7\u00fck Damperli Kamyon Hidrolik Silindiri, \u00f6zellikle damperli kamyonlar i\u00e7in tasarlanm\u0131\u015f y\u00fcksek kaliteli bir \u00fcr\u00fcnd\u00fcr. \u00c7ift etkili \u00f6zelli\u011fi sayesinde bu hidrolik silindir m\u00fckemmel performans ve g\u00fcvenilirlik sunar.<\/p>\n<p>Bu hidrolik silindir, dayan\u0131kl\u0131l\u0131\u011f\u0131n\u0131 ve uzun \u00f6mr\u00fcn\u00fc garanti eden birinci s\u0131n\u0131f malzemeler kullan\u0131larak \u00fcretilmi\u015ftir. A\u011f\u0131r y\u00fcklere ve zorlu \u00e7al\u0131\u015fma ko\u015fullar\u0131na dayanacak \u015fekilde tasarlanm\u0131\u015ft\u0131r, bu da onu k\u00fc\u00e7\u00fck damperli kamyonlarda kullan\u0131m i\u00e7in ideal hale getirir.<\/p>\n<p>Garantili Kalite \u00c7ift Etkili K\u00fc\u00e7\u00fck Damperli Kamyon Hidrolik Silindiri, optimum performans sa\u011flamak \u00fczere tasarlanm\u0131\u015ft\u0131r. P\u00fcr\u00fczs\u00fcz ve verimli hareketler sa\u011flayarak, bo\u015faltma i\u015flemi s\u0131ras\u0131nda hassas kontrol imkan\u0131 sunar. Bu silindir, g\u00fcvenilir ve tutarl\u0131 \u00e7al\u0131\u015fma sa\u011flayarak, ar\u0131za riskini azalt\u0131r ve verimlili\u011fi art\u0131r\u0131r.<\/p>\n<p>Garantili kalitesiyle bu hidrolik silindir, kullan\u0131c\u0131lara g\u00f6n\u00fcl rahatl\u0131\u011f\u0131 sunar. En y\u00fcksek end\u00fcstri standartlar\u0131n\u0131 kar\u015f\u0131lad\u0131\u011f\u0131ndan emin olmak i\u00e7in titiz testlerden ve kalite kontrol \u00f6nlemlerinden ge\u00e7er. Tasar\u0131m\u0131 ve yap\u0131m\u0131, s\u0131k\u0131 kalite y\u00f6nergelerine uygun olarak ger\u00e7ekle\u015ftirilir, bu da onu g\u00fcvenilir ve uzun \u00f6m\u00fcrl\u00fc bir \u00fcr\u00fcn haline getirir.<\/p>\n<p>Sonu\u00e7 olarak, Garantili Kalite Hidrolik Silindir \u00c7ift Etkili K\u00fc\u00e7\u00fck Damperli Kamyon Hidrolik Silindiri, damperli kamyonlar i\u00e7in birinci s\u0131n\u0131f bir \u00fcr\u00fcnd\u00fcr. Dayan\u0131kl\u0131 yap\u0131s\u0131, verimli performans\u0131 ve garantili kalitesi, g\u00fcvenilir bir hidrolik silindire ihtiya\u00e7 duyanlar i\u00e7in m\u00fckemmel bir se\u00e7im olmas\u0131n\u0131 sa\u011flar.<\/p>\n<table style=\"width: 100%;\" border=\"1\" width=\"100%\" cellspacing=\"0\" cellpadding=\"0\">\n<tbody>\n<tr>\n<th>\u00dcr\u00fcn Ad\u0131<\/th>\n<td>Garantili Kalite Hidrolik Silindir \u00c7ift Etkili K\u00fc\u00e7\u00fck Damperli Kamyon Hidrolik Silindiri<\/td>\n<\/tr>\n<tr>\n<th>Durum<\/th>\n<td>Yeni<\/td>\n<\/tr>\n<tr>\n<th>Garanti<\/th>\n<td>1 Y\u0131l<\/td>\n<\/tr>\n<tr>\n<th>A\u011f\u0131rl\u0131k (KG)<\/th>\n<td>48<\/td>\n<\/tr>\n<tr>\n<th>\u00c7ekirdek Bile\u015fenler<\/th>\n<td>Rulmanlar ve Piston Silindiri<\/td>\n<\/tr>\n<tr>\n<th>Yap\u0131<\/th>\n<td>Standart Piston Yap\u0131s\u0131<\/td>\n<\/tr>\n<tr>\n<th>G\u00fc\u00e7 Kayna\u011f\u0131<\/th>\n<td>Hidrolik G\u00fc\u00e7<\/td>\n<\/tr>\n<tr>\n<th>Test<\/th>\n<td>Video \u00c7\u0131k\u0131\u015f-Muayene ve Makine Test Raporu Dahil<\/td>\n<\/tr>\n<tr>\n<th>Performans<\/th>\n<td>G\u00fc\u00e7l\u00fc ve G\u00fcvenilir<\/td>\n<\/tr>\n<tr>\n<th>Uygulanabilir End\u00fcstriler<\/th>\n<td>\u00dcretim Tesisleri, Makine Tamir At\u00f6lyeleri, \u00c7iftlikler, Enerji ve Madencilik, Makine Fabrikalar\u0131<\/td>\n<\/tr>\n<tr>\n<th>Lansman Y\u0131l\u0131<\/th>\n<td>2024<\/td>\n<\/tr>\n<\/tbody>\n<\/table>\n<div><img decoding=\"async\" src=\"https:\/\/hzpt.com\/wp-content\/uploads\/2023\/11\/Inverted-Telescopic-Cylinder-21.webp\" alt=\"\" title=\"\"><\/div>\n<h2>K\u00fc\u00e7\u00fck Damperli Kamyon Hidrolik Silindirinin Ba\u015fl\u0131ca \u00d6zellikleri<\/h2>\n<p>Hidrolik silindir, verimlili\u011fini ve dayan\u0131kl\u0131l\u0131\u011f\u0131n\u0131 sa\u011flayan \u00f6zelliklerle donat\u0131lm\u0131\u015ft\u0131r:<\/p>\n<ul>\n<li>\n<ul>\n<li>G\u00f6vde Malzemesi: Y\u00fcksek kaliteli \u00e7elikten \u00fcretilen silindir, uzun s\u00fcreli dayan\u0131kl\u0131l\u0131k ve sa\u011flam performans vaat eder.<\/li>\n<li>Maksimum \u0130tme G\u00fcc\u00fc: 3000'lik maksimum itme g\u00fcc\u00fcyle, silindir a\u011f\u0131r i\u015flerin \u00fcstesinden kolayl\u0131kla gelebilir.<\/li>\n<li>T\u00fcr\u00fc: Bu, kompakt tasar\u0131m\u0131 ve y\u00fcksek verimlili\u011fiyle bilinen ters teleskopik bir silindirdir.<\/li>\n<\/ul>\n<\/li>\n<\/ul>\n<ul>\n<li>Maksimum \u00c7ekme Kapasitesi: Silindirin maksimum \u00e7ekme kapasitesi 20 tondur ve bu da onu a\u011f\u0131r i\u015f operasyonlar\u0131 i\u00e7in uygun hale getirir.<\/li>\n<li>Standart Boyut: Silindirin i\u00e7 \u00e7ap\u0131 2-6 in\u00e7, piston kolu \u00e7ap\u0131 1,125-4 in\u00e7, piston stro\u011fu 6-48 in\u00e7 ve pim \u00e7ap\u0131 0,5-2 in\u00e7tir.<\/li>\n<\/ul>\n<h2>K\u00fc\u00e7\u00fck Damperli Kamyon Hidrolik Silindirinin Uygulamalar\u0131<\/h2>\n<div><img decoding=\"async\" src=\"https:\/\/hzpt.com\/wp-content\/uploads\/2023\/11\/Inverted-Telescopic-Cylinder-Applications.webp\" alt=\"Hidrolik Silindir Uygulamalar\u0131\" title=\"\"><\/div>\n<div>Hidrolik silindir, imalat, makine onar\u0131m\u0131, tar\u0131m, enerji ve madencilik ile makine fabrikalar\u0131 gibi \u00e7e\u015fitli sekt\u00f6rlerdeki \u00e7ok \u00e7e\u015fitli uygulamalar i\u00e7in idealdir. Y\u00fcksek g\u00fc\u00e7 ve hassasiyet gerektiren i\u015fler i\u00e7in m\u00fckemmeldir.<\/div>\n<h2>\u00c7al\u0131\u015fma Prensibi ve Bak\u0131m Y\u00f6ntemleri<\/h2>\n<div>Hidrolik silindir, hidrolik bas\u0131nc\u0131 mekanik kuvvete d\u00f6n\u00fc\u015ft\u00fcrme prensibiyle \u00e7al\u0131\u015f\u0131r. Bu sayede minimum \u00e7abayla a\u011f\u0131r y\u00fckleri kald\u0131rabilir. Optimum performans i\u00e7in silindirin a\u015fa\u011f\u0131daki \u00f6zelliklere sahip olmas\u0131 gerekir:<\/div>\n<ol>\n<li>D\u00fczenli Kontrol: Silindiri d\u00fczenli olarak a\u015f\u0131nma veya hasar belirtileri a\u00e7\u0131s\u0131ndan kontrol edin.<\/li>\n<li>Temizlik: Olas\u0131 t\u0131kanmalar\u0131 veya ar\u0131zalar\u0131 \u00f6nlemek i\u00e7in silindiri temiz tutun.<\/li>\n<li>Ya\u011flama: D\u00fczenli ya\u011flama, sorunsuz \u00e7al\u0131\u015fmay\u0131 sa\u011flar ve a\u015f\u0131nmay\u0131 azalt\u0131r.<\/li>\n<li>D\u00fczenli Kontroller ve Onar\u0131mlar: Silindiri d\u00fczenli olarak kontrol edin ve gerekli onar\u0131mlar\u0131 ger\u00e7ekle\u015ftirin.<\/li>\n<li>Conta De\u011fi\u015fimi: Silindirin verimlili\u011fini korumak i\u00e7in contalar\u0131 d\u00fczenli aral\u0131klarla de\u011fi\u015ftirin.<\/li>\n<\/ol>\n<div><img decoding=\"async\" src=\"https:\/\/hzpt.com\/wp-content\/uploads\/2023\/11\/Inverted-Telescopic-Cylinder-24.webp\" alt=\"\" title=\"\"><\/div>\n<h2>Ters Teleskopik Silindir<\/h2>\n<p>Ters teleskopik silindir veya pistonlu silindir olarak da bilinen bu hidrolik silindir t\u00fcr\u00fc, \u00e7e\u015fitli end\u00fcstriyel ve ticari uygulamalarda yayg\u0131n olarak kullan\u0131lmaktad\u0131r. Hidrolik enerjiyi mekanik kuvvete d\u00f6n\u00fc\u015ft\u00fcrerek hassas ve g\u00fc\u00e7l\u00fc do\u011frusal hareket sa\u011flamak \u00fczere tasarlanm\u0131\u015ft\u0131r.<\/p>\n<h3>Garantili Kalitede Hidrolik Silindir<\/h3>\n<p>Hidrolik silindirler s\u00f6z konusu oldu\u011funda, garantili kalite son derece \u00f6nemlidir. Ters teleskopik silindir gibi garantili kalitede bir hidrolik silindir, en y\u00fcksek end\u00fcstri standartlar\u0131n\u0131 kar\u015f\u0131lamak i\u00e7in titiz test ve denetim s\u00fcre\u00e7lerinden ge\u00e7er. Bu, g\u00fcvenilirli\u011fini, dayan\u0131kl\u0131l\u0131\u011f\u0131n\u0131 ve genel performans\u0131n\u0131 sa\u011flar. Y\u00fcksek kaliteli malzemelerin kullan\u0131m\u0131, geli\u015fmi\u015f \u00fcretim teknikleri ve s\u0131k\u0131 kalite kontrol \u00f6nlemleri, \u00fcst\u00fcn performans\u0131na ve uzun \u00f6mr\u00fcne katk\u0131da bulunur.<\/p>\n<h3>\u00c7ift Etkili<\/h3>\n<p>Ters teleskopik silindirin \u00e7ift etkili \u00f6zelli\u011fi, onu di\u011fer hidrolik silindir t\u00fcrlerinden ay\u0131r\u0131r. Bu, her iki y\u00f6nde de kuvvet uygulayabilece\u011fi anlam\u0131na gelir ve geli\u015fmi\u015f \u00e7ok y\u00f6nl\u00fcl\u00fck ve verimlilik sunar. Uzatma veya geri \u00e7ekme olsun, \u00e7ift etkili silindir tutarl\u0131 g\u00fc\u00e7 ve kontrol sa\u011flar. Bu da onu kald\u0131rma, itme, \u00e7ekme ve e\u011fme gibi hassas ve tersine \u00e7evrilebilir do\u011frusal hareket gerektiren uygulamalar i\u00e7in ideal hale getirir.<\/p>\n<h3>K\u00fc\u00e7\u00fck Damperli Kamyon Hidrolik Silindiri<\/h3>\n<p>Ters teleskopik silindirlerin \u00fcst\u00fcn performans g\u00f6sterdi\u011fi \u00f6zel bir uygulama alan\u0131, k\u00fc\u00e7\u00fck damperli kamyonlard\u0131r. Bu silindirler, malzemelerin verimli bir \u015fekilde y\u00fcklenmesi ve bo\u015falt\u0131lmas\u0131 i\u00e7in kamyon kasas\u0131n\u0131n y\u00fckseltilmesi ve al\u00e7alt\u0131lmas\u0131 i\u00e7in gerekli kuvveti sa\u011flamak \u00fczere tasarlanm\u0131\u015ft\u0131r. Kompakt boyutlar\u0131 ve y\u00fcksek kald\u0131rma kapasiteleriyle, k\u00fc\u00e7\u00fck damperli kamyon hidrolik silindirleri, s\u0131n\u0131rl\u0131 alanlarda optimum performans sunar. Yenilik\u00e7i s\u0131zd\u0131rmazl\u0131k teknolojisi ve korozyona dayan\u0131kl\u0131 malzemelerin kullan\u0131m\u0131, zorlu \u00e7al\u0131\u015fma ortamlar\u0131nda bile dayan\u0131kl\u0131l\u0131klar\u0131n\u0131 ve uzun \u00f6m\u00fcrl\u00fcl\u00fcklerini garanti eder.<\/p>\n<h3>Faydalar ve \u00d6zellikler<\/h3>\n<p>Ters teleskopik silindir, \u00e7e\u015fitli sekt\u00f6rlerde tercih edilmesini sa\u011flayan bir\u00e7ok \u00f6nemli avantaj ve \u00f6zellik sunmaktad\u0131r. Bunlar \u015funlard\u0131r:<\/p>\n<ol>\n<li>Y\u00fcksek hassasiyet ve kontrol: Silindirin tasar\u0131m\u0131, do\u011frusal hareket \u00fczerinde hassas kontrol sa\u011flayarak do\u011fru konumland\u0131rma ve sorunsuz \u00e7al\u0131\u015fma imkan\u0131 sunar.<\/li>\n<li>Ola\u011fan\u00fcst\u00fc sa\u011flaml\u0131k ve dayan\u0131kl\u0131l\u0131k: Y\u00fcksek mukavemetli malzemelerin ve geli\u015fmi\u015f m\u00fchendislik tekniklerinin kullan\u0131m\u0131, a\u011f\u0131r y\u00fckleri ve a\u015f\u0131r\u0131 \u00e7al\u0131\u015fma ko\u015fullar\u0131n\u0131 kald\u0131rabilen bir silindir ortaya \u00e7\u0131kar\u0131r.<\/li>\n<li>Alan kullan\u0131m\u0131nda verimlilik: Silindirin kompakt tasar\u0131m\u0131, optimum alan kullan\u0131m\u0131na olanak tan\u0131yarak, s\u0131n\u0131rl\u0131 kurulum alan\u0131na sahip uygulamalar i\u00e7in uygun hale getirir.<\/li>\n<li>Kolay kurulum ve bak\u0131m: Silindirin tasar\u0131m\u0131 ve yap\u0131s\u0131, kurulum s\u00fcrecini basitle\u015ftirir ve s\u0131k bak\u0131m ihtiyac\u0131n\u0131 en aza indirerek ar\u0131za s\u00fcrelerini azalt\u0131r ve verimlili\u011fi en \u00fcst d\u00fczeye \u00e7\u0131kar\u0131r.<\/li>\n<\/ol>\n<p>Sonu\u00e7 olarak, ters teleskopik silindir, k\u00fc\u00e7\u00fck damperli kamyonlar gibi uygulamalarda garantili kalite, \u00e7ift etkili i\u015flevsellik ve m\u00fckemmel performans sunan g\u00fcvenilir ve \u00e7ok y\u00f6nl\u00fc bir hidrolik silindirdir. Benzersiz \u00f6zellikleri ve avantajlar\u0131, onu \u00e7e\u015fitli end\u00fcstriyel ve ticari ortamlarda de\u011ferli bir bile\u015fen haline getirerek, geni\u015f bir uygulama yelpazesi i\u00e7in hassas ve g\u00fc\u00e7l\u00fc do\u011frusal hareket sa\u011flar.<\/p>\n<h3>FMP Hakk\u0131nda<\/h3>\n<p>FMP, Hidrolik Silindir \u00fcretimi ve sat\u0131\u015f\u0131 konusunda uzmanla\u015fm\u0131\u015f bir \u015firkettir. Uzun y\u0131llara dayanan sekt\u00f6r deneyimimiz ve profesyonel ekibimizle, m\u00fc\u015fterilerimize y\u00fcksek kaliteli ve g\u00fcvenilir hidrolik silindirler sunmaya kendimizi adad\u0131k.<\/p>\n<p>Hidrolik silindirlerimiz, en y\u00fcksek end\u00fcstri standartlar\u0131n\u0131 kar\u015f\u0131layacak \u015fekilde tasarlan\u0131p \u00fcretilmektedir. \u00dcr\u00fcnlerimizin ve \u015firketimizin be\u015f temel avantaj\u0131 \u015funlard\u0131r:<\/p>\n<p><strong>1. Geni\u015f Se\u00e7enek Yelpazesi:<\/strong> \u00c7e\u015fitli ihtiya\u00e7lar\u0131n\u0131z\u0131 kar\u015f\u0131lamak i\u00e7in geni\u015f bir hidrolik silindir yelpazesi sunuyoruz. \u0130ster standart silindirlere ister \u00f6zel \u00e7\u00f6z\u00fcmlere ihtiyac\u0131n\u0131z olsun, uygulaman\u0131za m\u00fckemmel uyumu sa\u011flayacak uzmanl\u0131\u011fa sahibiz.<\/p>\n<p><strong>2. Ola\u011fan\u00fcst\u00fc Kalite:<\/strong> FMP olarak, \u00fcretim s\u00fcrecimizin her a\u015famas\u0131nda kaliteye \u00f6ncelik veriyoruz. Hidrolik silindirlerimiz birinci s\u0131n\u0131f malzemelerden \u00fcretilmekte ve dayan\u0131kl\u0131l\u0131k ve g\u00fcvenilirli\u011fi garanti alt\u0131na almak i\u00e7in titiz testlerden ge\u00e7mektedir.<\/p>\n<p><strong>3. \u0130leri Teknoloji:<\/strong> \u00dcretim s\u00fcre\u00e7lerimizde en son teknolojik geli\u015fmelerden yararlan\u0131yoruz. Bu sayede, geli\u015fmi\u015f performans ve verimlilikle inovasyonun \u00f6n saflar\u0131nda yer alan hidrolik silindirler sunabiliyoruz.<\/p>\n<p><strong>4. Uzman Dan\u0131\u015fmanl\u0131\u011f\u0131:<\/strong> Deneyimli sat\u0131\u015f ekibimiz, in\u015faat makineleri sekt\u00f6r\u00fcnde uzmand\u0131r. Profesyonel \u00fcr\u00fcn dan\u0131\u015fmanl\u0131\u011f\u0131 sa\u011flayarak, \u00f6zel ihtiya\u00e7lar\u0131n\u0131z i\u00e7in do\u011fru hidrolik silindiri se\u00e7menize yard\u0131mc\u0131 olabilirler.<\/p>\n<p><strong>5. Verimli Lojistik:<\/strong> Zaman\u0131nda teslimat\u0131n \u00f6neminin fark\u0131nday\u0131z. Verimli lojistik da\u011f\u0131t\u0131m sistemimiz, ihtiya\u00e7 duydu\u011funuz hidrolik silindirleri zaman\u0131nda ve do\u011fru bir \u015fekilde teslim alman\u0131z\u0131 sa\u011flayarak ar\u0131za s\u00fcrelerini en aza indirir ve \u00fcretkenli\u011fi en \u00fcst d\u00fczeye \u00e7\u0131kar\u0131r.<\/p>\n<p><img decoding=\"async\" src=\"https:\/\/fmp-components.com\/wp-content\/uploads\/2024\/12\/Adjustable-Clevis-Type-Cylinders-6.webp\" alt=\"Ayarlanabilir \u00c7atal Tipi Silindir\" width=\"805\" title=\"\"><\/p>\n<p>Yazar:CX<\/p>","protected":false},"excerpt":{"rendered":"<p>Introducing the Guaranteed Quality Hydraulic Cylinder Double Acting Small Dump Truck Hydraulic Cylinder: The Guaranteed Quality Hydraulic Cylinder Double Acting Small Dump Truck Hydraulic Cylinder is a high-quality product that is specifically designed for dump trucks. With its double-acting functionality, this hydraulic cylinder offers excellent performance and reliability. This hydraulic cylinder is manufactured using top-grade [&hellip;]<\/p>","protected":false},"featured_media":1608,"comment_status":"closed","ping_status":"closed","template":"","meta":{"_et_pb_use_builder":"","_et_pb_old_content":"","_et_gb_content_width":""},"product_brand":[],"product_cat":[45],"product_tag":[34,48],"class_list":{"0":"post-1607","1":"product","2":"type-product","3":"status-publish","4":"has-post-thumbnail","6":"product_cat-inverted-telescopic-cylinder","7":"product_tag-hydraulic-cylinder","8":"product_tag-inverted-telescopic-cylinder","10":"first","11":"instock","12":"product-type-simple"},"_links":{"self":[{"href":"https:\/\/fmp-components.com\/tr\/wp-json\/wp\/v2\/product\/1607","targetHints":{"allow":["GET"]}}],"collection":[{"href":"https:\/\/fmp-components.com\/tr\/wp-json\/wp\/v2\/product"}],"about":[{"href":"https:\/\/fmp-components.com\/tr\/wp-json\/wp\/v2\/types\/product"}],"replies":[{"embeddable":true,"href":"https:\/\/fmp-components.com\/tr\/wp-json\/wp\/v2\/comments?post=1607"}],"wp:featuredmedia":[{"embeddable":true,"href":"https:\/\/fmp-components.com\/tr\/wp-json\/wp\/v2\/media\/1608"}],"wp:attachment":[{"href":"https:\/\/fmp-components.com\/tr\/wp-json\/wp\/v2\/media?parent=1607"}],"wp:term":[{"taxonomy":"product_brand","embeddable":true,"href":"https:\/\/fmp-components.com\/tr\/wp-json\/wp\/v2\/product_brand?post=1607"},{"taxonomy":"product_cat","embeddable":true,"href":"https:\/\/fmp-components.com\/tr\/wp-json\/wp\/v2\/product_cat?post=1607"},{"taxonomy":"product_tag","embeddable":true,"href":"https:\/\/fmp-components.com\/tr\/wp-json\/wp\/v2\/product_tag?post=1607"}],"curies":[{"name":"wp","href":"https:\/\/api.w.org\/{rel}","templated":true}]}}