{"id":1603,"date":"2024-12-23T06:59:20","date_gmt":"2024-12-23T06:59:20","guid":{"rendered":"https:\/\/fmp-components.com\/product\/professional-craftsmanship-telescopic-hydraulic-cylinders-double-acting-hydraulic-cylinder-for-dump-trailer\/"},"modified":"2025-05-10T12:33:09","modified_gmt":"2025-05-10T12:33:09","slug":"professional-craftsmanship-telescopic-hydraulic-cylinders-double-acting-hydraulic-cylinder-for-dump-trailer","status":"publish","type":"product","link":"https:\/\/fmp-components.com\/tr\/product\/professional-craftsmanship-telescopic-hydraulic-cylinders-double-acting-hydraulic-cylinder-for-dump-trailer\/","title":{"rendered":"Profesyonel \u0130\u015f\u00e7ilik Teleskopik Hidrolik Silindirler Damperli R\u00f6mork \u0130\u00e7in \u00c7ift Etkili Hidrolik Silindir"},"content":{"rendered":"<h2><span style=\"color: #333333; font-size: 30px;\">FMP'nin Ters Teleskopik Silindirlerini Tan\u0131t\u0131yoruz<\/span><\/h2>\n<div>\n<p>Y\u00fcksek kaliteli Ters Teleskopik Silindirlerimiz, damperli r\u00f6morklarda optimum performans i\u00e7in uzmanca tasarlanm\u0131\u015ft\u0131r. Bu silindirler yepyeni olup, s\u0131k\u0131 ISO9001:2000 sertifikas\u0131yla \u00fcretilmi\u015f olup bir y\u0131l garantilidir. \u00dcretim tesisleri, makine tamir at\u00f6lyeleri, \u00e7iftlikler, enerji ve madencilik gibi \u00e7e\u015fitli sekt\u00f6rlere uygun olan bu silindirler, profesyonel i\u015f\u00e7ilik ve sars\u0131lmaz g\u00fcvenilirlik sunar.<\/p>\n<p><img decoding=\"async\" class=\"aligncenter\" src=\"https:\/\/hzpt.com\/wp-content\/uploads\/2023\/11\/Inverted-Telescopic-Cylinder-1.webp\" alt=\"\" title=\"\"><\/p>\n<h2>Teleskopik Hidrolik Silindirlerin \u00d6zellikleri<\/h2>\n<p>Ters Teleskopik Silindirimiz, a\u015fa\u011f\u0131dakileri i\u00e7eren se\u00e7kin \u00f6zellikleriyle \u00f6ne \u00e7\u0131k\u0131yor:<\/p>\n<ul>\n<li><strong>\u00c7ift Etkili Fonksiyon:<\/strong> Her iki y\u00f6nde de y\u00fcksek verimle g\u00fc\u00e7 sa\u011flar.<\/li>\n<li><strong>Standart Yap\u0131:<\/strong> \u00dcr\u00fcn, kolay bak\u0131m ve de\u011fi\u015fim i\u00e7in standart piston silindir yap\u0131s\u0131yla tasarlanm\u0131\u015ft\u0131r.<\/li>\n<li><strong>Y\u00fcksek Maksimum \u0130tme ve \u00c7ekme:<\/strong> 3000 tona kadar maksimum itme g\u00fcc\u00fc ve 20 tona kadar \u00e7ekme kuvvetiyle ola\u011fan\u00fcst\u00fc bir dayan\u0131kl\u0131l\u0131k sergiliyor.<\/li>\n<li><strong>Y\u00fcksek Kaliteli Malzeme:<\/strong> Silindirin g\u00f6vdesi zorlu ko\u015fullara dayan\u0131kl\u0131 dayan\u0131kl\u0131 \u00e7elikten yap\u0131lm\u0131\u015ft\u0131r.<\/li>\n<li><strong>\u00c7ok Y\u00f6nl\u00fc Ba\u011flant\u0131 Noktalar\u0131:<\/strong> Silindirimiz kolay ve g\u00fcvenli ba\u011flant\u0131lar sa\u011flamak i\u00e7in \u00e7ok y\u00f6nl\u00fc G\/SAE\/NPT\/M portlar\u0131 sunar.<\/li>\n<\/ul>\n<h2>Ters Teleskopik Silindirin Uygulamalar\u0131<\/h2>\n<p>Bu silindirler, imalat tesisleri, makine tamir at\u00f6lyeleri, \u00e7iftlikler, enerji ve madencilik ve makine imalat\u0131 dahil olmak \u00fczere \u00e7ok \u00e7e\u015fitli end\u00fcstriler i\u00e7in idealdir.<\/p>\n<p><img decoding=\"async\" src=\"https:\/\/hzpt.com\/wp-content\/uploads\/2023\/11\/Inverted-Telescopic-Cylinder-Applications.webp\" alt=\"Ters Teleskopik Silindir Uygulamalar\u0131\" title=\"\"><\/p>\n<h2>\u00c7al\u0131\u015fma Prensibi ve Bak\u0131m Y\u00f6ntemleri<\/h2>\n<p>Ters Teleskopik Silindirimizin \u00e7al\u0131\u015fma prensibi, silindir i\u00e7indeki pistonu hareket ettiren hidrolik g\u00fc\u00e7 etraf\u0131nda d\u00f6ner. Bu hareket, silindirin \u00e7al\u0131\u015fmas\u0131 i\u00e7in gerekli kuvveti \u00fcretir.<\/p>\n<p>Bu silindirlerin bak\u0131m\u0131n\u0131 yapmak i\u00e7in \u015funlar\u0131 yapman\u0131z gerekir:<\/p>\n<ol>\n<li>Ekipman\u0131 a\u015f\u0131nma ve y\u0131pranmaya dair g\u00f6rsel i\u015faretler a\u00e7\u0131s\u0131ndan d\u00fczenli olarak inceleyin<\/li>\n<li>Kir ve pislik birikmesini \u00f6nlemek i\u00e7in silindiri d\u00fczenli olarak temizleyin<\/li>\n<li>D\u00fczg\u00fcn \u00e7al\u0131\u015fmas\u0131n\u0131 sa\u011flamak i\u00e7in hareketli par\u00e7alar\u0131 ya\u011flay\u0131n<\/li>\n<li>Gerekti\u011finde d\u00fczenli denetimler ve onar\u0131mlar ger\u00e7ekle\u015ftirin<\/li>\n<li>Herhangi bir s\u0131z\u0131nt\u0131 g\u00f6zlemlenirse contalar\u0131 de\u011fi\u015ftirin<\/li>\n<li>Bak\u0131m ve \u00e7al\u0131\u015ft\u0131rma konusunda rehberlik i\u00e7in daima operat\u00f6r k\u0131lavuzunu izleyin<\/li>\n<\/ol>\n<p><img decoding=\"async\" class=\"aligncenter\" src=\"https:\/\/hzpt.com\/wp-content\/uploads\/2023\/11\/Inverted-Telescopic-Cylinder-24.webp\" alt=\"\" title=\"\"><\/p>\n<\/div>\n<h2>Ters Teleskopik Silindir<\/h2>\n<p>\u00c7ok kademeli silindir veya teleskopik silindir olarak da bilinen teleskopik silindir, i\u00e7 i\u00e7e ge\u00e7mi\u015f birden fazla kademe veya b\u00f6l\u00fcmden olu\u015fan bir hidrolik silindir t\u00fcr\u00fcd\u00fcr. Bu yaz\u0131da, Ters Teleskopik Silindir ad\u0131 verilen belirli bir teleskopik silindir t\u00fcr\u00fcne odaklanaca\u011f\u0131z.<\/p>\n<p>Ters Teleskopik Silindir, belirli uygulamalarda \u00e7e\u015fitli avantajlar sunan benzersiz bir tasar\u0131ma sahiptir. Kompakt ancak g\u00fc\u00e7l\u00fc bir hidrolik \u00e7\u00f6z\u00fcm\u00fcn gerekli oldu\u011fu damperli r\u00f6morklar ve kald\u0131rma sistemleri gibi a\u011f\u0131r hizmet tipi makinelerde yayg\u0131n olarak kullan\u0131l\u0131r.<\/p>\n<h3>Profesyonel \u0130\u015f\u00e7ilik<\/h3>\n<p>Ters Teleskopik Silindirin \u00fcretimi ve montaj\u0131, optimum performans ve dayan\u0131kl\u0131l\u0131k sa\u011flamak i\u00e7in profesyonel i\u015f\u00e7ilik gerektirir. Uzman teknisyenler, a\u011f\u0131r y\u00fcklere ve zorlu \u00e7al\u0131\u015fma ko\u015fullar\u0131na dayan\u0131kl\u0131 bir silindir olu\u015fturmak i\u00e7in hassas i\u015fleme teknikleri ve y\u00fcksek kaliteli malzemeler kullan\u0131r.<\/p>\n<p>Ters Teleskopik Silindirin her bir bile\u015feni, s\u0131k\u0131 kalite standartlar\u0131n\u0131 kar\u015f\u0131layacak \u015fekilde \u00f6zenle \u00fcretilir ve denetlenir. Silindir g\u00f6vdesinden piston contalar\u0131na kadar, g\u00fcvenilir ve uzun \u00f6m\u00fcrl\u00fc bir \u00fcr\u00fcn sa\u011flamak i\u00e7in detaylara g\u00f6sterilen \u00f6zen son derece \u00f6nemlidir.<\/p>\n<h3>Teleskopik Hidrolik Silindirler<\/h3>\n<p>Teleskopik hidrolik silindirler, kompakt bir geri \u00e7ekilme uzunlu\u011funu korurken uzat\u0131lm\u0131\u015f bir strok uzunlu\u011fu sa\u011flayacak \u015fekilde tasarlanm\u0131\u015ft\u0131r. Bu, onlar\u0131 alan\u0131n s\u0131n\u0131rl\u0131 oldu\u011fu ancak geni\u015f bir hareket aral\u0131\u011f\u0131na ihtiya\u00e7 duyulan uygulamalar i\u00e7in ideal hale getirir.<\/p>\n<p>Ters Teleskopik Silindir, birbirinin i\u00e7inde uzay\u0131p k\u0131salan i\u00e7 i\u00e7e ge\u00e7mi\u015f borular kullanarak bunu ba\u015far\u0131r. Her boru, hidrolik s\u0131v\u0131 s\u0131z\u0131nt\u0131s\u0131n\u0131 \u00f6nlemek ve verimli \u00e7al\u0131\u015fma sa\u011flamak i\u00e7in s\u0131zd\u0131rmazd\u0131r. Birden fazla kademe kullan\u0131larak, silindir geleneksel tek kademeli bir silindire g\u00f6re \u00e7ok daha uzun bir strok elde edebilir.<\/p>\n<h3>Damperli Treyler i\u00e7in \u00c7ift Etkili Hidrolik Silindir<\/h3>\n<p>Ters Teleskopik Silindir, damperli r\u00f6morklarda yayg\u0131n olarak kullan\u0131l\u0131r ve damper mekanizmas\u0131nda \u00f6nemli bir rol oynar. \u00c7ift etkili bir hidrolik silindir, r\u00f6mork kasas\u0131n\u0131 kald\u0131r\u0131p indirmek i\u00e7in gereken hem uzatma hem de geri \u00e7ekme kuvvetlerini sa\u011flamak i\u00e7in kullan\u0131l\u0131r.<\/p>\n<p>Etkinle\u015ftirildi\u011finde, hidrolik s\u0131v\u0131 silindirin bir taraf\u0131na girerek pistonu iter ve i\u00e7 i\u00e7e ge\u00e7mi\u015f borular\u0131 uzat\u0131r. Bu, silindiri uzat\u0131r ve damperli r\u00f6mork kasas\u0131n\u0131 y\u00fckselterek i\u00e7indekilerin bo\u015falt\u0131lmas\u0131n\u0131 sa\u011flar. Silindiri geri \u00e7ekmek ve kasay\u0131 al\u00e7altmak i\u00e7in hidrolik s\u0131v\u0131 silindirin kar\u015f\u0131 taraf\u0131na g\u00f6nderilerek pistonun y\u00f6n\u00fc tersine \u00e7evrilir.<\/p>\n<p>\u00c7ift etkili bir tasar\u0131mdan yararlanan Ters Teleskopik Silindir, bo\u015faltma i\u015flemi \u00fczerinde hassas kontrol sa\u011flayarak, malzemelerin d\u00fczg\u00fcn \u00e7al\u0131\u015fmas\u0131n\u0131 ve verimli bir \u015fekilde y\u00fcklenip bo\u015falt\u0131lmas\u0131n\u0131 sa\u011flar.<\/p>\n<p>Sonu\u00e7 olarak, Ters Teleskopik Silindir, damperli r\u00f6morklarda ve di\u011fer a\u011f\u0131r hizmet uygulamalar\u0131nda yayg\u0131n olarak kullan\u0131lan yenilik\u00e7i bir hidrolik \u00e7\u00f6z\u00fcmd\u00fcr. Profesyonel i\u015f\u00e7ili\u011fi, teleskopik tasar\u0131m\u0131 ve \u00e7ift etkili i\u015flevselli\u011fi, kompakt ancak g\u00fc\u00e7l\u00fc bir hidrolik silindire ihtiya\u00e7 duyanlar i\u00e7in g\u00fcvenilir ve verimli bir se\u00e7im olmas\u0131n\u0131 sa\u011flar.<\/p>\n<h3>FMP \u2013 Hidrolik Silindir Hakk\u0131nda<\/h3>\n<p><img decoding=\"async\" class=\"aligncenter\" src=\"https:\/\/fmp-components.com\/wp-content\/uploads\/2024\/12\/Adjustable-Clevis-Type-Cylinders-6.webp\" alt=\"Ayarlanabilir \u00c7atal Tipi Silindir\" width=\"803\" title=\"\"><\/p>\n<p>FMP olarak, Hidrolik Silindir \u00fcretimi ve sat\u0131\u015f\u0131 konusunda uzmanla\u015f\u0131yoruz. Kapsaml\u0131 sekt\u00f6r deneyimimiz ve profesyonel ekibimizle, m\u00fc\u015fterilerimize y\u00fcksek kaliteli ve g\u00fcvenilir \u00fcr\u00fcnler sunmay\u0131 hedefliyoruz. Hidrolik Silindirlerimizi tercih etmenin be\u015f temel avantaj\u0131 \u015funlard\u0131r:<\/p>\n<p>1. \u00dcst\u00fcn Kalite: Hidrolik Silindirlerimiz, \u00fcst\u00fcn performans ve dayan\u0131kl\u0131l\u0131k sa\u011flayan en \u00fcst d\u00fczey malzemeler ve ileri teknoloji kullan\u0131larak \u00fcretilmektedir. En y\u00fcksek standartlar\u0131 kar\u015f\u0131lamak ve m\u00fc\u015fteri beklentilerini a\u015fmak i\u00e7in kaliteye \u00f6ncelik veriyoruz.<\/p>\n<p>2. Geni\u015f Se\u00e7enek Yelpazesi: \u00c7e\u015fitli ihtiya\u00e7lar\u0131n\u0131z\u0131 kar\u015f\u0131lamak i\u00e7in geni\u015f bir Hidrolik Silindir yelpazesi sunuyoruz. \u0130ster tek etkili ister \u00e7ift etkili silindirler, ister teleskopik silindirler veya \u00f6zel tasar\u0131mlar olsun, \u00f6zel ihtiya\u00e7lar\u0131n\u0131z i\u00e7in m\u00fckemmel bir \u00e7\u00f6z\u00fcm\u00fcm\u00fcz var.<\/p>\n<p>3. Uzman Dan\u0131\u015fmanl\u0131\u011f\u0131: Deneyimli sat\u0131\u015f ekibimiz, in\u015faat makineleri sekt\u00f6r\u00fcnde derinlemesine bilgi sahibidir. En son geli\u015fme trendleri ve m\u00fc\u015fteri ihtiya\u00e7lar\u0131 konusunda uzman olan ekibimiz, profesyonel \u00fcr\u00fcn dan\u0131\u015fmanl\u0131\u011f\u0131 sunabilmelerini sa\u011flar. Bilin\u00e7li kararlar alman\u0131za ve uygulamalar\u0131n\u0131z i\u00e7in do\u011fru Hidrolik Silindiri se\u00e7menize yard\u0131mc\u0131 olmaya kararl\u0131y\u0131z.<\/p>\n<p>4. Verimli Lojistik: Zaman\u0131nda teslimat\u0131n \u00f6neminin fark\u0131nday\u0131z. Verimli lojistik da\u011f\u0131t\u0131m sistemimizle, sipari\u015f etti\u011finiz Hidrolik Silindirlerin size zaman\u0131nda teslim edilmesini sa\u011fl\u0131yoruz. G\u00fcvenilir ve do\u011fru teslimat s\u00fcrecimiz, ihtiya\u00e7 duydu\u011funuz par\u00e7alar\u0131 tam olarak ihtiya\u00e7 duydu\u011funuz anda alman\u0131z\u0131 garanti eder.<\/p>\n<p>5. G\u00fcvenilir Ortakl\u0131klar: FMP, hem yurt i\u00e7inde hem de yurt d\u0131\u015f\u0131nda y\u00fcksek kaliteli tedarik\u00e7ilerle uzun vadeli ve istikrarl\u0131 ili\u015fkiler kurmu\u015ftur. Bu sayede, Hidrolik Silindirlerimiz i\u00e7in yaln\u0131zca en iyi bile\u015fenleri tedarik edebilir ve her par\u00e7an\u0131n s\u0131k\u0131 kalite standartlar\u0131n\u0131 kar\u015f\u0131lamas\u0131n\u0131 sa\u011flayabiliriz. Size en y\u00fcksek d\u00fczeyde memnuniyet sa\u011flamak i\u00e7in ortakl\u0131klar\u0131m\u0131zda g\u00fcvenilirli\u011fe \u00f6ncelik veriyoruz.<\/p>\n<p>Hidrolik Silindir ihtiya\u00e7lar\u0131n\u0131z i\u00e7in FMP'yi se\u00e7in ve sundu\u011fumuz m\u00fckemmelli\u011fi deneyimleyin. \u0130htiya\u00e7lar\u0131n\u0131z\u0131 g\u00f6r\u00fc\u015fmek ve ba\u015far\u0131l\u0131 bir i\u015f birli\u011fi ba\u015flatmak i\u00e7in bug\u00fcn bizimle ileti\u015fime ge\u00e7in.<br \/>\nYazar:CX<\/p>","protected":false},"excerpt":{"rendered":"<p>Introducing FMP&#8217;s Inverted Telescopic Cylinders Our high-quality Inverted Telescopic Cylinders are expertly designed for optimal performance in dump trailers. These cylinders are brand new, manufactured under strict ISO9001:2000 certification, and come with a one-year warranty. Suitable for a variety of industries including manufacturing plants, machinery repair shops, farms, energy and mining, these cylinders promise professional [&hellip;]<\/p>","protected":false},"featured_media":1604,"comment_status":"closed","ping_status":"closed","template":"","meta":{"_et_pb_use_builder":"","_et_pb_old_content":"","_et_gb_content_width":""},"product_brand":[],"product_cat":[45],"product_tag":[34,48],"class_list":{"0":"post-1603","1":"product","2":"type-product","3":"status-publish","4":"has-post-thumbnail","6":"product_cat-inverted-telescopic-cylinder","7":"product_tag-hydraulic-cylinder","8":"product_tag-inverted-telescopic-cylinder","10":"first","11":"instock","12":"product-type-simple"},"_links":{"self":[{"href":"https:\/\/fmp-components.com\/tr\/wp-json\/wp\/v2\/product\/1603","targetHints":{"allow":["GET"]}}],"collection":[{"href":"https:\/\/fmp-components.com\/tr\/wp-json\/wp\/v2\/product"}],"about":[{"href":"https:\/\/fmp-components.com\/tr\/wp-json\/wp\/v2\/types\/product"}],"replies":[{"embeddable":true,"href":"https:\/\/fmp-components.com\/tr\/wp-json\/wp\/v2\/comments?post=1603"}],"wp:featuredmedia":[{"embeddable":true,"href":"https:\/\/fmp-components.com\/tr\/wp-json\/wp\/v2\/media\/1604"}],"wp:attachment":[{"href":"https:\/\/fmp-components.com\/tr\/wp-json\/wp\/v2\/media?parent=1603"}],"wp:term":[{"taxonomy":"product_brand","embeddable":true,"href":"https:\/\/fmp-components.com\/tr\/wp-json\/wp\/v2\/product_brand?post=1603"},{"taxonomy":"product_cat","embeddable":true,"href":"https:\/\/fmp-components.com\/tr\/wp-json\/wp\/v2\/product_cat?post=1603"},{"taxonomy":"product_tag","embeddable":true,"href":"https:\/\/fmp-components.com\/tr\/wp-json\/wp\/v2\/product_tag?post=1603"}],"curies":[{"name":"wp","href":"https:\/\/api.w.org\/{rel}","templated":true}]}}