{"id":1601,"date":"2024-12-23T06:59:20","date_gmt":"2024-12-23T06:59:20","guid":{"rendered":"https:\/\/fmp-components.com\/product\/quality-manufacturing-dump-truck-hydraulic-hoist-cylinder-double-acting-telescopic-hydraulic-cylinder\/"},"modified":"2024-12-23T08:29:13","modified_gmt":"2024-12-23T08:29:13","slug":"quality-manufacturing-dump-truck-hydraulic-hoist-cylinder-double-acting-telescopic-hydraulic-cylinder","status":"publish","type":"product","link":"https:\/\/fmp-components.com\/tr\/product\/quality-manufacturing-dump-truck-hydraulic-hoist-cylinder-double-acting-telescopic-hydraulic-cylinder\/","title":{"rendered":"Kaliteli \u00dcretim Damperli Kamyon Hidrolik Kald\u0131rma Silindiri \u00c7ift Etkili Teleskopik Hidrolik Silindir"},"content":{"rendered":"<h2>Kaliteli \u00dcretim Damperli Kamyon Hidrolik Kald\u0131rma Silindiri \u00c7ift Etkili Teleskopik Hidrolik Silindiri'ni Tan\u0131t\u0131yoruz:<\/h2>\n<p>Quality Manufacturing Damperli Kamyon Hidrolik Kald\u0131rma Silindiri, damperli kamyonlar i\u00e7in \u00f6zel olarak tasarlanm\u0131\u015f \u00e7ift etkili teleskopik bir hidrolik silindirdir. En y\u00fcksek kalite ve performans standartlar\u0131nda \u00fcretilmi\u015ftir.<\/p>\n<p>Bu hidrolik silindir, a\u011f\u0131r y\u00fcklere dayanacak ve zorlu ko\u015fullarda verimli bir \u015fekilde \u00e7al\u0131\u015facak \u015fekilde tasarlanm\u0131\u015ft\u0131r. \u00c7ift etkili tasar\u0131m\u0131, silindirin hem uzat\u0131lmas\u0131na hem de geri \u00e7ekilmesine olanak tan\u0131yarak kald\u0131rma ve bo\u015faltma i\u015flemlerinde hassas kontrol ve esneklik sa\u011flar.<\/p>\n<p>Bu hidrolik silindirin teleskopik tasar\u0131m\u0131, kompakt ancak g\u00fc\u00e7l\u00fc bir \u00e7\u00f6z\u00fcm sunar. Birden fazla kademesi sayesinde, daha k\u0131sa bir geri \u00e7ekilme uzunlu\u011funu korurken daha uzun bir strok elde edebilir ve bu da onu alan\u0131n s\u0131n\u0131rl\u0131 oldu\u011fu uygulamalar i\u00e7in ideal hale getirir.<\/p>\n<p>Quality Manufacturing Damperli Kamyon Hidrolik Kald\u0131rma Silindiri, dayan\u0131kl\u0131l\u0131k ve g\u00fcvenilirlik i\u00e7in tasarlanm\u0131\u015ft\u0131r. Y\u00fcksek kaliteli malzemelerle \u00fcretilmi\u015f olup, a\u015f\u0131nma, korozyon ve s\u0131z\u0131nt\u0131ya kar\u015f\u0131 dayan\u0131kl\u0131l\u0131\u011f\u0131n\u0131 garantilemek i\u00e7in titiz testlerden ge\u00e7irilmi\u015ftir. Bu sayede uzun bir kullan\u0131m \u00f6mr\u00fc sa\u011flan\u0131r ve bak\u0131m gereksinimleri en aza indirilir.<\/p>\n<p>Geli\u015fmi\u015f hidrolik tasar\u0131m\u0131yla bu silindir, sorunsuz ve tutarl\u0131 kald\u0131rma ve bo\u015faltma i\u015flemleri sunar. M\u00fckemmel kald\u0131rma kapasitesi ve kontrol sa\u011flayarak, damperli kamyonlar\u0131n a\u011f\u0131r y\u00fckleri verimli bir \u015fekilde ta\u015f\u0131mas\u0131na ve bo\u015faltmas\u0131na olanak tan\u0131r.<\/p>\n<table style=\"width: 100%;\" border=\"1\" width=\"100%\" cellspacing=\"0\" cellpadding=\"0\">\n<tbody>\n<tr>\n<th>\u00dcr\u00fcn Ad\u0131<\/th>\n<td>Kaliteli \u00dcretim Damperli Kamyon Hidrolik Kald\u0131rma Silindiri \u00c7ift Etkili Teleskopik Hidrolik Silindir<\/td>\n<\/tr>\n<tr>\n<th>Durum<\/th>\n<td>Yeni<\/td>\n<\/tr>\n<tr>\n<th>Garanti<\/th>\n<td>1 Y\u0131l<\/td>\n<\/tr>\n<tr>\n<th>A\u011f\u0131rl\u0131k (KG)<\/th>\n<td>48<\/td>\n<\/tr>\n<tr>\n<th>Tasar\u0131m<\/th>\n<td>\u00c7ift Etkili Teleskopik Hidrolik Silindir<\/td>\n<\/tr>\n<tr>\n<th>\u00c7ekirdek Bile\u015fenler<\/th>\n<td>Rulman ve Piston Silindiri<\/td>\n<\/tr>\n<tr>\n<th>Yap\u0131<\/th>\n<td>Hidrolik G\u00fc\u00e7l\u00fc Standart Piston Silindiri<\/td>\n<\/tr>\n<tr>\n<th>Performans<\/th>\n<td>Sa\u011flam Tasar\u0131m ve Hassas Kontrol<\/td>\n<\/tr>\n<tr>\n<th>Uygulanabilir End\u00fcstriler<\/th>\n<td>\u00dcretim Tesisleri, Makine Tamir At\u00f6lyeleri, \u00c7iftlikler, Enerji ve Madencilik, Makine Fabrikalar\u0131<\/td>\n<\/tr>\n<\/tbody>\n<\/table>\n<p><img decoding=\"async\" src=\"https:\/\/hzpt.com\/wp-content\/uploads\/2023\/11\/Inverted-Telescopic-Cylinder-4.webp\" alt=\"\" title=\"\"><\/p>\n<h2>Hidrolik Kald\u0131rma Silindirinin \u00d6zellikleri<\/h2>\n<p>Hidrolik kald\u0131rma silindiri, kendine \u00f6zg\u00fc \u00f6zellikleriyle \u00f6ne \u00e7\u0131k\u0131yor. \u0130\u015fte be\u015f \u00f6nemli nokta:<\/p>\n<ol>\n<li>Dayan\u0131kl\u0131l\u0131k ve diren\u00e7 sa\u011flayan \u00e7elik g\u00f6vde malzemesi ile donat\u0131lm\u0131\u015ft\u0131r.<\/li>\n<li>Hidrolik silindirin maksimum itme g\u00fcc\u00fc 3000 olup, 20 tona kadar \u00e7ekme kapasitesine sahiptir.<\/li>\n<li>Bu \u00fcr\u00fcn ISO9001:2000 sertifikal\u0131d\u0131r ve kalitesini ve g\u00fcvenilirli\u011fini garanti eder.<\/li>\n<li>Hidrolik kald\u0131rma silindiri standart olarak siyah renkte gelir ve her t\u00fcrl\u00fc end\u00fcstriyel ekipmana kusursuz bir \u015fekilde uyum sa\u011flar.<\/li>\n<li>Farkl\u0131 end\u00fcstriyel ihtiya\u00e7lar\u0131 kar\u015f\u0131lamak i\u00e7in \u00e7e\u015fitli delik, \u00e7ubuk, strok ve pim boyutlar\u0131na sahiptir.<\/li>\n<\/ol>\n<h2>Hidrolik Kald\u0131rma Silindirinin Uygulamalar\u0131<\/h2>\n<p>Sa\u011flam tasar\u0131m\u0131 ve \u00e7ok y\u00f6nl\u00fc \u00f6zellikleriyle hidrolik kald\u0131rma silindiri, bir\u00e7ok sekt\u00f6rde kullan\u0131labilir. \u00d6zellikle \u00fcretim tesisleri, makine tamir at\u00f6lyeleri ve \u00e7iftliklerde olduk\u00e7a faydal\u0131d\u0131r. Ayr\u0131ca, enerji ve madencilik sekt\u00f6r\u00fcnde, makine imalat\u0131nda ve makine fabrikalar\u0131nda da avantajl\u0131d\u0131r.<br \/>\n<img decoding=\"async\" src=\"https:\/\/hzpt.com\/wp-content\/uploads\/2023\/11\/Inverted-Telescopic-Cylinder-Applications.webp\" alt=\"Hidrolik Silindir Uygulamalar\u0131\" title=\"\"><\/p>\n<h2>\u00c7al\u0131\u015fma Prensibi ve Bak\u0131m Y\u00f6ntemleri<\/h2>\n<p>Hidrolik kald\u0131rma silindiri, s\u0131v\u0131n\u0131n silindire girmesini ve pistonu istenen y\u00f6nde hareket ettirmesini sa\u011flayarak \u00e7al\u0131\u015f\u0131r. \u00c7ift etkili tasar\u0131m, s\u0131v\u0131n\u0131n pistonun her iki taraf\u0131ndan da girmesine izin vererek verimli bir \u00e7al\u0131\u015fma sa\u011flar. Bak\u0131m ise \u015funlar\u0131 i\u00e7erir:<\/p>\n<ol>\n<li>Hidrolik silindirin optimum \u015fekilde \u00e7al\u0131\u015ft\u0131\u011f\u0131ndan emin olmak i\u00e7in d\u00fczenli kontroller yap\u0131l\u0131r.<\/li>\n<li>Hidrolik silindirin temizlenmesi, kir ve kal\u0131nt\u0131lar\u0131n birikmesini \u00f6nler.<\/li>\n<li>S\u00fcrt\u00fcnmeyi ve a\u015f\u0131nmay\u0131 azaltmak i\u00e7in ya\u011flama.<\/li>\n<li>S\u0131v\u0131 s\u0131z\u0131nt\u0131s\u0131n\u0131 \u00f6nlemek i\u00e7in gerekti\u011finde contalar\u0131n de\u011fi\u015ftirilmesi.<\/li>\n<li>Do\u011fru kullan\u0131m ve bak\u0131m talimatlar\u0131 i\u00e7in kullan\u0131m k\u0131lavuzunu takip edin.<\/li>\n<\/ol>\n<p><img decoding=\"async\" src=\"https:\/\/hzpt.com\/wp-content\/uploads\/2023\/11\/Inverted-Telescopic-Cylinder-22.webp\" alt=\"\" title=\"\"><\/p>\n<h2>Ters Teleskopik Silindir<\/h2>\n<p>\u00c7ift etkili teleskopik hidrolik silindir olarak da bilinen ters teleskopik silindir, kaliteli damperli kamyon hidrolik kald\u0131rma sistemlerinin vazge\u00e7ilmez bir bile\u015fenidir. Benzersiz tasar\u0131m\u0131 ve i\u015flevselli\u011fi, onu hidrolik sistemin ayr\u0131lmaz bir par\u00e7as\u0131 haline getirerek \u00e7e\u015fitli end\u00fcstriyel uygulamalarda verimlilik ve g\u00fcvenilirlik sunar.<\/p>\n<p>Ters teleskopik silindir, i\u00e7eri ve d\u0131\u015far\u0131 do\u011fru hareket eden \u00e7ok say\u0131da kademe veya b\u00f6l\u00fcmden olu\u015fur ve minimum yer kaplarken maksimum strok uzunlu\u011fu sa\u011flar. Bu tasar\u0131m, kompakt ve verimli bir hidrolik sistem sa\u011flayarak damperli kamyonlar ve di\u011fer a\u011f\u0131r makineler i\u00e7in uygundur.<\/p>\n<p>Ters teleskopik silindirin temel avantajlar\u0131ndan biri, k\u00fc\u00e7\u00fck bir geri \u00e7ekilme uzunlu\u011funu korurken b\u00fcy\u00fck miktarda kuvvet \u00fcretebilmesidir. Bu, silindirin a\u011f\u0131r y\u00fckleri kald\u0131rabilmesinin yan\u0131 s\u0131ra s\u0131n\u0131rl\u0131 alana s\u0131\u011fmas\u0131 gereken damperli kamyon hidrolik kald\u0131rma sistemleri i\u00e7in idealdir.<\/p>\n<p>Kaliteli \u00fcretim damperli kamyon hidrolik kald\u0131rma silindiri, dayan\u0131kl\u0131l\u0131k ve a\u015f\u0131nma-y\u0131pranmaya kar\u015f\u0131 diren\u00e7 sa\u011flayan \u00e7elik gibi y\u00fcksek kaliteli malzemeler kullan\u0131larak \u00fcretilmi\u015ftir. Silindir, y\u00fcksek bas\u0131n\u00e7lara dayanacak ve zorlu ko\u015fullarda bile sorunsuz ve hassas \u00e7al\u0131\u015fma sa\u011flayacak \u015fekilde tasarlanm\u0131\u015ft\u0131r.<\/p>\n<p>\u00c7ift etkili teleskopik hidrolik silindirler, di\u011fer silindir tiplerine g\u00f6re \u00f6nemli avantajlar sunar. \u00c7ift etkili tasar\u0131mda, silindiri uzatmak ve geri \u00e7ekmek i\u00e7in hidrolik s\u0131v\u0131 kullan\u0131l\u0131r ve bu da daha fazla kontrol ve \u00e7al\u0131\u015fma esnekli\u011fi sa\u011flar. Bu, y\u00fck\u00fcn hassas bir \u015fekilde konumland\u0131r\u0131lmas\u0131n\u0131 ve damperli kamyon hidrolik kald\u0131rma sisteminin verimli \u00e7al\u0131\u015fmas\u0131n\u0131 sa\u011flar.<\/p>\n<p>Silindirin teleskopik tasar\u0131m\u0131, geleneksel silindirlere k\u0131yasla daha uzun bir strok uzunlu\u011fu sa\u011flar. Silindirin her kademesi ba\u011f\u0131ms\u0131z olarak uzay\u0131p geri \u00e7ekilerek daha uzun bir strok sa\u011flar. Bu art\u0131r\u0131lm\u0131\u015f strok uzunlu\u011fu, damperli kamyonlar\u0131n y\u00fckleri daha y\u00fckseklere kald\u0131rmas\u0131n\u0131 sa\u011flayarak, \u015fantiyelerde ve di\u011fer end\u00fcstriyel ortamlarda \u00fcretkenliklerini ve \u00e7ok y\u00f6nl\u00fcl\u00fcklerini art\u0131r\u0131r.<\/p>\n<p>Kaliteli \u00fcretim damperli kamyon hidrolik kald\u0131rma silindirleri, g\u00fcvenilir ve tutarl\u0131 performans sa\u011flamak i\u00e7in hassasiyetle tasarlanm\u0131\u015ft\u0131r. End\u00fcstri standartlar\u0131n\u0131 ve m\u00fc\u015fteri gereksinimlerini kar\u015f\u0131lamak i\u00e7in s\u0131k\u0131 testlerden ve kalite kontrol \u00f6nlemlerinden ge\u00e7erler. Bu silindirler, zorlu \u00e7al\u0131\u015fma ko\u015fullar\u0131na dayanacak ve uzun hizmet \u00f6mr\u00fc sa\u011flayacak \u015fekilde tasarlanm\u0131\u015ft\u0131r; bu da ar\u0131za s\u00fcresini ve bak\u0131m maliyetlerini en aza indirir.<\/p>\n<p>Sonu\u00e7 olarak, \u00e7ift etkili teleskopik hidrolik silindir olarak da bilinen ters teleskopik silindir, damperli kamyon hidrolik kald\u0131rma sistemlerinin kaliteli \u00fcretiminde hayati bir bile\u015fendir. Kompakt tasar\u0131m\u0131, y\u00fcksek kuvvet \u00fcretme kabiliyeti ve verimli \u00e7al\u0131\u015fmas\u0131, onu \u00e7e\u015fitli end\u00fcstriyel uygulamalarda vazge\u00e7ilmez bir unsur haline getirir. Teleskopik tasar\u0131m\u0131 ve \u00e7ift etkili i\u015flevselli\u011fiyle, \u00fcst\u00fcn strok uzunlu\u011fu ve kontrol sa\u011flayarak damperli kamyonlar\u0131n performans\u0131n\u0131 ve verimlili\u011fini art\u0131r\u0131r. Kaliteli \u00fcretim ve hassas m\u00fchendislikle \u00fcretilen bu silindirler, damperli kamyon hidrolik kald\u0131rma sistemlerinin sorunsuz \u00e7al\u0131\u015fmas\u0131n\u0131 sa\u011flayarak g\u00fcvenilir ve dayan\u0131kl\u0131 bir \u00e7al\u0131\u015fma sa\u011flar.<\/p>\n<h3>FMP Hidrolik Silindir Hakk\u0131nda<\/h3>\n<p><img decoding=\"async\" src=\"https:\/\/fmp-components.com\/wp-content\/uploads\/2024\/12\/Adjustable-Clevis-Type-Cylinders-6.webp\" alt=\"Ayarlanabilir \u00c7atal Tipi Silindir\" width=\"802\" title=\"\"><\/p>\n<p>FMP olarak, y\u00fcksek kaliteli Hidrolik Silindir \u00fcretimi ve sat\u0131\u015f\u0131 konusunda uzmanla\u015f\u0131yoruz. Kapsaml\u0131 sekt\u00f6r deneyimimiz ve profesyonel ekibimizle, m\u00fc\u015fterilerimize in\u015faat makineleri ihtiya\u00e7lar\u0131 i\u00e7in g\u00fcvenilir ve verimli \u00e7\u00f6z\u00fcmler sunmaya kararl\u0131y\u0131z. \u00dcr\u00fcnlerimizin ve \u015firketimizin be\u015f temel avantaj\u0131 \u015funlard\u0131r:<\/p>\n<p>1. Geni\u015f Hidrolik Silindir Yelpazesi: \u00c7e\u015fitli in\u015faat makinelerinin ihtiya\u00e7lar\u0131n\u0131 kar\u015f\u0131lamak i\u00e7in geni\u015f bir hidrolik silindir yelpazesi sunuyoruz. Standart silindirlerden \u00f6zelle\u015ftirilmi\u015f \u00e7\u00f6z\u00fcmlere kadar, \u00f6zel ihtiya\u00e7lar\u0131n\u0131z\u0131 kar\u015f\u0131layacak uzmanl\u0131\u011fa sahibiz.<\/p>\n<p>2. \u00dcst\u00fcn Kalite: Hidrolik silindirlerimiz, ola\u011fan\u00fcst\u00fc dayan\u0131kl\u0131l\u0131k ve performans sa\u011flayan en \u00fcst d\u00fczey malzemeler ve ileri teknoloji kullan\u0131larak \u00fcretilmektedir. Her silindir, en y\u00fcksek end\u00fcstri standartlar\u0131n\u0131 kar\u015f\u0131lamak i\u00e7in titiz kalite kontrollerinden ge\u00e7mektedir.<\/p>\n<p>3. Uzman Sat\u0131\u015f Ekibi: Deneyimli sat\u0131\u015f ekibimiz, in\u015faat makineleri sekt\u00f6r\u00fcndeki en son trendler ve m\u00fc\u015fteri talepleri konusunda bilgilidir. Bilin\u00e7li kararlar alman\u0131za yard\u0131mc\u0131 olmak i\u00e7in profesyonel \u00fcr\u00fcn dan\u0131\u015fmanl\u0131\u011f\u0131 ve de\u011ferli sat\u0131n alma \u00f6nerileri sunarlar.<\/p>\n<p>4. Verimli Lojistik Da\u011f\u0131t\u0131m: Zaman\u0131nda teslimat\u0131n \u00f6neminin fark\u0131nday\u0131z. Verimli lojistik da\u011f\u0131t\u0131m sistemimiz, ihtiya\u00e7 duydu\u011funuz hidrolik silindirleri zaman\u0131nda ve do\u011fru bir \u015fekilde teslim alman\u0131z\u0131 sa\u011flayarak ar\u0131za s\u00fcrelerini en aza indirir ve verimlili\u011fi en \u00fcst d\u00fczeye \u00e7\u0131kar\u0131r.<\/p>\n<p>5. G\u00fc\u00e7l\u00fc Tedarik\u00e7i Ortakl\u0131klar\u0131: D\u00fcnya \u00e7ap\u0131nda y\u00fcksek kaliteli tedarik\u00e7ilerle uzun vadeli ve istikrarl\u0131 ili\u015fkiler kurduk. Bu sayede, s\u0131k\u0131 kalite standartlar\u0131n\u0131 kar\u015f\u0131layan in\u015faat makinesi par\u00e7alar\u0131n\u0131 tedarik edip tedarik edebiliyor, hidrolik silindirlerimizin g\u00fcvenilirli\u011fini ve uzun \u00f6m\u00fcrl\u00fcl\u00fc\u011f\u00fcn\u00fc garanti alt\u0131na alabiliyoruz.<\/p>\n<p>Ola\u011fan\u00fcst\u00fc kalite, g\u00fcvenilir performans ve m\u00fckemmel m\u00fc\u015fteri hizmeti i\u00e7in FMP Hidrolik Silindir'i tercih edin. Bug\u00fcn bizimle i\u015f ortakl\u0131\u011f\u0131 yap\u0131n ve in\u015faat makineleri operasyonlar\u0131n\u0131zdaki fark\u0131 deneyimleyin.<br \/>\nYazar:CX<\/p>","protected":false},"excerpt":{"rendered":"<p>Introducing the Quality Manufacturing Dump Truck Hydraulic Hoist Cylinder Double Acting Telescopic Hydraulic Cylinder: The Quality Manufacturing Dump Truck Hydraulic Hoist Cylinder is a double-acting telescopic hydraulic cylinder designed specifically for dump trucks. It is manufactured to the highest standards of quality and performance. This hydraulic cylinder is built to withstand heavy loads and operate [&hellip;]<\/p>","protected":false},"featured_media":1602,"comment_status":"closed","ping_status":"closed","template":"","meta":{"_et_pb_use_builder":"","_et_pb_old_content":"","_et_gb_content_width":""},"product_brand":[],"product_cat":[45],"product_tag":[34,48],"class_list":{"0":"post-1601","1":"product","2":"type-product","3":"status-publish","4":"has-post-thumbnail","6":"product_cat-inverted-telescopic-cylinder","7":"product_tag-hydraulic-cylinder","8":"product_tag-inverted-telescopic-cylinder","10":"first","11":"instock","12":"product-type-simple"},"_links":{"self":[{"href":"https:\/\/fmp-components.com\/tr\/wp-json\/wp\/v2\/product\/1601","targetHints":{"allow":["GET"]}}],"collection":[{"href":"https:\/\/fmp-components.com\/tr\/wp-json\/wp\/v2\/product"}],"about":[{"href":"https:\/\/fmp-components.com\/tr\/wp-json\/wp\/v2\/types\/product"}],"replies":[{"embeddable":true,"href":"https:\/\/fmp-components.com\/tr\/wp-json\/wp\/v2\/comments?post=1601"}],"wp:featuredmedia":[{"embeddable":true,"href":"https:\/\/fmp-components.com\/tr\/wp-json\/wp\/v2\/media\/1602"}],"wp:attachment":[{"href":"https:\/\/fmp-components.com\/tr\/wp-json\/wp\/v2\/media?parent=1601"}],"wp:term":[{"taxonomy":"product_brand","embeddable":true,"href":"https:\/\/fmp-components.com\/tr\/wp-json\/wp\/v2\/product_brand?post=1601"},{"taxonomy":"product_cat","embeddable":true,"href":"https:\/\/fmp-components.com\/tr\/wp-json\/wp\/v2\/product_cat?post=1601"},{"taxonomy":"product_tag","embeddable":true,"href":"https:\/\/fmp-components.com\/tr\/wp-json\/wp\/v2\/product_tag?post=1601"}],"curies":[{"name":"wp","href":"https:\/\/api.w.org\/{rel}","templated":true}]}}